{"id":12186,"date":"2025-12-02T15:05:18","date_gmt":"2025-12-02T18:05:18","guid":{"rendered":"https:\/\/www.sigmatools.com.br\/site\/?page_id=12186"},"modified":"2026-01-26T12:09:30","modified_gmt":"2026-01-26T15:09:30","slug":"consulta-tecnica","status":"publish","type":"page","link":"https:\/\/www.sigmatools.com.br\/site\/consulta-tecnica\/","title":{"rendered":"Consulta T\u00e9cnica"},"content":{"rendered":"<div data-elementor-type=\"wp-page\" data-elementor-id=\"12186\" class=\"elementor elementor-12186\" data-elementor-post-type=\"page\">\n\t\t\t\t<div class=\"elementor-element elementor-element-73cd1d9 e-flex e-con-boxed e-con e-parent\" data-id=\"73cd1d9\" data-element_type=\"container\" data-e-type=\"container\">\n\t\t\t\t\t<div class=\"e-con-inner\">\n\t\t\t\t<div class=\"elementor-element elementor-element-bd60c37 elementor-widget elementor-widget-html\" data-id=\"bd60c37\" data-element_type=\"widget\" data-e-type=\"widget\" data-widget_type=\"html.default\">\n\t\t\t\t<div class=\"elementor-widget-container\">\n\t\t\t\t\t<style>\n  .ve-wrapper {\n    display: flex;\n    justify-content: center;\n    align-items: center;\n    padding: 80px 16px;\n    background: #ffffff;\n    font-family: system-ui, -apple-system, \"Segoe UI\", Roboto, Arial, sans-serif;\n  }\n\n  .ve-card {\n    max-width: 520px;\n    width: 100%;\n    background: #e5e7eb;\n    border-radius: 22px;\n    box-shadow: 0 18px 40px rgba(0, 0, 0, 0.12);\n    padding: 32px 32px 24px;\n    text-align: center;\n  }\n\n  .ve-logo { max-width: 210px; margin: 0 auto 18px; }\n\n  .ve-title {\n    font-size: 24px;\n    font-weight: 700;\n    margin: 0 0 6px;\n    color: #0f172a;\n    text-transform: uppercase;\n  }\n\n  .ve-subtitle {\n    font-size: 14px;\n    margin: 0 0 22px;\n    color: #374151;\n  }\n\n  #ve-form label {\n    font-size: 13px;\n    font-weight: 500;\n    color: #1f2937;\n    display: block;\n    text-align: left;\n    margin-bottom: 6px;\n  }\n\n  #ve-code {\n    width: 100%;\n    padding: 11px 14px;\n    border-radius: 999px;\n    border: 1px solid #cbd5e1;\n    background: #f1f5f9;\n    font-size: 14px;\n    color: #111827;\n    box-sizing: border-box;\n    outline: none;\n    transition: border-color .15s, box-shadow .15s, background .15s;\n  }\n\n  #ve-code:focus {\n    background: #ffffff;\n    border-color: #ef4444;\n    box-shadow: 0 0 0 2px rgba(239, 68, 68, .20);\n  }\n\n  #ve-submit-btn {\n    margin-top: 18px;\n    width: 100%;\n    padding: 11px 14px;\n    border: none;\n    border-radius: 999px;\n    background: #e11d22;\n    color: #ffffff;\n    font-weight: 700;\n    font-size: 15px;\n    cursor: pointer;\n    letter-spacing: .03em;\n    text-transform: uppercase;\n    transition: background .15s, transform .05s, box-shadow .15s;\n  }\n\n  #ve-submit-btn:hover {\n    background: #b91c1c;\n    box-shadow: 0 10px 24px rgba(185, 28, 28, .40);\n  }\n\n  #ve-submit-btn:active { transform: translateY(1px); }\n\n  #ve-msg {\n    margin-top: 12px;\n    font-size: 13px;\n    min-height: 18px;\n    color: #475569;\n  }\n\n  #ve-results { margin-top: 22px; text-align: left; }\n\n  .ve-result-card {\n    margin-top: 10px;\n    padding: 14px 16px 16px;\n    border-radius: 16px;\n    border: 1px solid #d1d5db;\n    background: #f8fafc;\n    box-shadow: 0 8px 20px rgba(0, 0, 0, 0.08);\n  }\n\n  .ve-head {\n    display: flex;\n    align-items: center;\n    justify-content: flex-end;\n    gap: 10px;\n    margin-bottom: 10px;\n  }\n\n  .ve-codes {\n    display: flex;\n    gap: 8px;\n    flex-wrap: wrap;\n    justify-content: flex-end;\n  }\n\n  .ve-code-pill {\n    font-size: 12px;\n    font-weight: 700;\n    color: #111827;\n    background: #eef2f7;\n    border: 1px solid #d1d5db;\n    padding: 6px 10px;\n    border-radius: 999px;\n    white-space: nowrap;\n    cursor: pointer;\n    user-select: none;\n    transition: transform .05s, box-shadow .15s, border-color .15s, background .15s;\n  }\n\n  .ve-code-pill:active { transform: translateY(1px); }\n\n  .ve-code-pill small {\n    font-weight: 800;\n    color: #64748b;\n    margin-right: 6px;\n  }\n\n  .ve-code-pill.is-selected {\n    background: #ffffff;\n    border-color: #ef4444;\n    box-shadow: 0 8px 18px rgba(239, 68, 68, .18);\n  }\n\n  \/* Layout com miniatura em cima *\/\n  .ve-thumb-wrap{\n    width:100%;\n    height:140px;\n    border-radius:14px;\n    overflow:hidden;\n    background:#fff;\n    border:1px solid #d1d5db;\n    box-shadow:0 6px 16px rgba(0,0,0,.08);\n    display:flex;\n    align-items:center;\n    justify-content:center;\n    margin-bottom:10px;\n  }\n  .ve-thumb{\n    max-width:100%;\n    max-height:100%;\n    object-fit:contain;\n    display:block;\n    background:#fff;\n  }\n\n  .ve-desc {\n    font-size: 13px;\n    color: #374151;\n    margin: 6px 0 10px;\n    line-height: 1.35;\n  }\n\n  .ve-result-note {\n    font-size: 11px;\n    color: #64748b;\n    margin-bottom: 10px;\n  }\n\n  .ve-result-actions {\n    display: flex;\n    flex-wrap: wrap;\n    gap: 10px;\n    justify-content: flex-start;\n  }\n\n  .ve-btn-produto,\n  .ve-btn-info,\n  .ve-btn-ve {\n    padding: 7px 14px;\n    border-radius: 999px;\n    border: none;\n    font-size: 12px;\n    font-weight: 700;\n    cursor: pointer;\n    transition: background .15s, opacity .15s, transform .05s, box-shadow .15s;\n  }\n\n  .ve-btn-produto { background: #111827; color: #ffffff; }\n  .ve-btn-produto:hover { background: #0f172a; box-shadow: 0 6px 18px rgba(15,23,42,.35); }\n\n  .ve-btn-info { background: #0369a1; color: #ffffff; }\n  .ve-btn-info:hover { background: #075985; box-shadow: 0 6px 18px rgba(7,89,133,.4); }\n\n  .ve-btn-ve { background: #e11d22; color: #ffffff; }\n  .ve-btn-ve:hover { background: #b91c1c; box-shadow: 0 6px 18px rgba(185,28,28,.45); }\n\n  .ve-btn-disabled {\n    opacity: .4 !important;\n    cursor: default !important;\n    box-shadow: none !important;\n    pointer-events: none !important;\n  }\n<\/style>\n\n<div class=\"ve-wrapper\">\n  <div class=\"ve-card\">\n    <img decoding=\"async\" class=\"ve-logo\"\n         src=\"https:\/\/www.sigmatools.com.br\/site\/wp-content\/uploads\/2020\/01\/logo-sgt-home-03.png\"\n         alt=\"Sigma Tools\">\n\n    <h2 class=\"ve-title\">CONSULTA T\u00c9CNICA<\/h2>\n    <p class=\"ve-subtitle\">Digite o c\u00f3digo ou parte da descri\u00e7\u00e3o para visualizar o produto, Informativo ou a Vista Explodida.<\/p>\n\n    <div id=\"ve-form\">\n      <label for=\"ve-code\">C\u00f3digo ou descri\u00e7\u00e3o<\/label>\n      <input id=\"ve-code\" type=\"text\" placeholder=\"Ex.: SGT-2025 ou ALICATE\">\n      <button id=\"ve-submit-btn\" type=\"button\">BUSCAR<\/button>\n    <\/div>\n\n    <p id=\"ve-msg\"><\/p>\n    <div id=\"ve-results\"><\/div>\n  <\/div>\n<\/div>\n\n<script>\n  \/\/ \ud83d\udd27 URLs das suas planilhas publicadas em CSV\n  const SHEET_VE_URL   = 'https:\/\/docs.google.com\/spreadsheets\/d\/e\/2PACX-1vRPyng60QgRoZg5Iz3YnWBNkR9SZ72HgwQIjMHRitAWF7dv-nOVzUbKECxbku9espYpHAhaumWONDs7\/pub?output=csv';\n  const SHEET_INFO_URL = 'https:\/\/docs.google.com\/spreadsheets\/d\/e\/2PACX-1vS9aiY0YP5iec3__p7dDGbLB50Jo9xOXl8aQXktTAGlHD3jLj5Iwn7I953djFjYkAsiFBt17Cw4vdCr\/pub?gid=0&single=true&output=csv';\n\n  const veInput   = document.getElementById('ve-code');\n  const veButton  = document.getElementById('ve-submit-btn');\n  const veMsg     = document.getElementById('ve-msg');\n  const veResults = document.getElementById('ve-results');\n\n  let produtos = [];\n  let carregado = false;\n  let carregando = false;\n\n  function parseCSVLine(line) {\n    const out = [];\n    let cur = '';\n    let inQuotes = false;\n\n    for (let i = 0; i < line.length; i++) {\n      const ch = line[i];\n\n      if (ch === '\"') {\n        if (inQuotes && line[i + 1] === '\"') {\n          cur += '\"';\n          i++;\n        } else {\n          inQuotes = !inQuotes;\n        }\n        continue;\n      }\n\n      if (ch === ',' && !inQuotes) {\n        out.push(cur);\n        cur = '';\n        continue;\n      }\n      cur += ch;\n    }\n    out.push(cur);\n    return out;\n  }\n\n  function normalizarUrl(urlBruta) {\n    if (!urlBruta) return '';\n    let u = String(urlBruta).trim();\n\n    u = u.replace(\/^\"+|\"+$\/g, '');\n    u = u.replace(\/%22\/gi, '');\n    u = u.trim();\n\n    if (!u) return '';\n    if (u.toUpperCase() === 'PDF') return '';\n\n    const ftpRoot  = 'ftp:\/\/sigma%40sigmatools.com.br@ftp.sigmatools.com.br\/';\n    const httpRoot = 'https:\/\/www.sigmatools.com.br\/site\/arquivos\/';\n\n    if (u.toLowerCase().startsWith(ftpRoot)) {\n      u = httpRoot + u.substring(ftpRoot.length);\n    }\n\n    u = u.replace(\/https:\\\/\\\/www\\.sigmatools\\.com\\.br\\\/site\\\/arquivos\\\/ftp\\.sigmatools\\.com\\.br\\\/\/i,\n                  'https:\/\/www.sigmatools.com.br\/site\/arquivos\/');\n\n    return u;\n  }\n\n  function parseCSV(texto, tipo) {\n    const linhas = texto.split(\/\\r?\\n\/).filter(l => l.trim() !== '');\n    if (linhas.length <= 1) return;\n\n    for (let i = 1; i < linhas.length; i++) {\n      const cols = parseCSVLine(linhas[i]);\n\n      let codigo = (cols[0] || '').trim().replace(\/^\"+|\"+$\/g, '');\n      const descricao = (cols[1] || '').trim();\n\n      const urlBruta = (cols[3] || cols[2] || '').trim();\n      const urlFinal = normalizarUrl(urlBruta);\n\n      const paginaBruta = (cols[4] || '').trim().replace(\/^\"+|\"+$\/g, '');\n\n      \/\/ \u2705 IMAGEM na coluna F (\u00edndice 5) da planilha INFO\n      const imagemBruta = (cols[5] || '').trim().replace(\/^\"+|\"+$\/g, '');\n\n      if (!codigo || codigo.length < 3) continue;\n\n      const key = codigo.toLowerCase();\n      let p = produtos.find(x => x.key === key);\n\n      if (!p) {\n        p = { key, codigo, descricao: descricao || '', infoUrl: '', veUrl: '', paginaUrl: '', imagem: '' };\n        produtos.push(p);\n      } else if (descricao && !p.descricao) {\n        p.descricao = descricao;\n      }\n\n      if (tipo === 'info') {\n        if (urlFinal) p.infoUrl = urlFinal;\n        if (paginaBruta && !p.paginaUrl) p.paginaUrl = paginaBruta;\n        if (imagemBruta && !p.imagem) p.imagem = imagemBruta;\n      }\n\n      if (tipo === 've') {\n        if (urlFinal) p.veUrl = urlFinal;\n      }\n    }\n  }\n\n  async function carregarBases() {\n    if (carregado || carregando) return;\n    carregando = true;\n    veMsg.style.color = '#6b7280';\n    veMsg.textContent = 'Carregando base de produtos...';\n\n    try {\n      const [respVe, respInfo] = await Promise.all([\n        fetch(SHEET_VE_URL + '&_=' + Date.now()),\n        fetch(SHEET_INFO_URL + '&_=' + Date.now())\n      ]);\n\n      const [textoVe, textoInfo] = await Promise.all([ respVe.text(), respInfo.text() ]);\n\n      parseCSV(textoVe, 've');\n      parseCSV(textoInfo, 'info');\n\n      carregado = true;\n      veMsg.textContent = '';\n    } catch (err) {\n      console.error(err);\n      veMsg.style.color = '#b91c1c';\n      veMsg.textContent = 'Erro ao carregar as bases. Tente novamente mais tarde.';\n    } finally {\n      carregando = false;\n    }\n  }\n\n  function buscarProdutos(termo) {\n    const t = termo.trim().toLowerCase();\n    if (!t) return [];\n    return produtos.filter(p =>\n      p.codigo.toLowerCase().includes(t) ||\n      (p.descricao || '').toLowerCase().includes(t)\n    );\n  }\n\n  function extrairModelo(descricao) {\n    if (!descricao) return '';\n    const m = descricao.toUpperCase().match(\/\\bSGT-\\d{3,5}[A-Z]?\\b\/);\n    return m ? m[0] : '';\n  }\n\n  function extrairVoltagem(descricao) {\n    if (!descricao) return '';\n    const d = descricao.toLowerCase();\n    if (d.includes('110v') || d.includes('127v')) return '127V';\n    if (d.includes('220v')) return '220V';\n    if (d.includes('bivolt')) return 'BIVOLT';\n    return '';\n  }\n\n  function limparDescricao(descricao) {\n    if (!descricao) return '';\n    let s = String(descricao).trim();\n    s = s.replace(\/^\"+|\"+$\/g, '');\n    s = s.replace(\/^produto\\s*[-\u2013]\\s*\/i, '');\n    s = s.replace(\/\\b(110v|127v|220v|bivolt)\\b\/ig, '');\n    s = s.replace(\/\\s{2,}\/g, ' ').trim();\n    return s;\n  }\n\n  function pickDescricaoMaisCompleta(itens) {\n    const arr = itens.map(x => (x.descricao || '').trim()).filter(Boolean);\n    if (!arr.length) return '';\n    return arr.sort((a,b) => b.length - a.length)[0];\n  }\n\n  function renderCardComSelecoes(selecoes, descricaoUnica) {\n    const card = document.createElement('div');\n    card.className = 've-result-card';\n\n    card.innerHTML = `\n      <div class=\"ve-head\">\n        <div class=\"ve-codes\"><\/div>\n      <\/div>\n\n      <div class=\"ve-thumb-wrap\">\n        <img class=\"ve-thumb\" alt=\"Imagem do produto\" loading=\"lazy\">\n      <\/div>\n\n      <div class=\"ve-desc\">${descricaoUnica}<\/div>\n\n      <div class=\"ve-result-note\">\n        Selecione a op\u00e7\u00e3o acima (se houver) e depois escolha o que deseja abrir.\n      <\/div>\n\n      <div class=\"ve-result-actions\">\n        <button class=\"ve-btn-produto\">Ver Produto<\/button>\n        <button class=\"ve-btn-info\">Abrir Informativo<\/button>\n        <button class=\"ve-btn-ve\">Abrir Vista Explodida<\/button>\n      <\/div>\n    `;\n\n    const codesWrap  = card.querySelector('.ve-codes');\n    const btnProduto = card.querySelector('.ve-btn-produto');\n    const btnInfo    = card.querySelector('.ve-btn-info');\n    const btnVe      = card.querySelector('.ve-btn-ve');\n    const imgEl      = card.querySelector('.ve-thumb');\n    const thumbWrap  = card.querySelector('.ve-thumb-wrap');\n\n    let selectedIndex = 0;\n\n    function atualizarThumb() {\n      const selItem = selecoes[selectedIndex]?.item;\n      const img = (selItem?.imagem || '').trim();\n\n      if (img) {\n        imgEl.src = img;\n        thumbWrap.style.display = 'flex';\n      } else {\n        \/\/ \u2705 produto sem imagem: n\u00e3o mostra o bloco\n        thumbWrap.style.display = 'none';\n      }\n    }\n\n    function aplicarEstadoBotoes() {\n      const selItem = selecoes[selectedIndex]?.item;\n\n      const paginaUrl = selItem?.paginaUrl || '';\n      const infoUrl   = selItem?.infoUrl   || '';\n      const veUrl     = selItem?.veUrl     || '';\n\n      btnProduto.classList.toggle('ve-btn-disabled', !paginaUrl);\n      btnInfo.classList.toggle('ve-btn-disabled', !infoUrl);\n      btnVe.classList.toggle('ve-btn-disabled', !veUrl);\n\n      atualizarThumb();\n\n      btnProduto.onclick = () => {\n        const s = selecoes[selectedIndex]?.item;\n        if (!s?.paginaUrl) {\n          veMsg.style.color = '#b91c1c';\n          veMsg.textContent = 'P\u00e1gina do produto n\u00e3o cadastrada para esta op\u00e7\u00e3o.';\n          return;\n        }\n        window.open(s.paginaUrl, '_blank');\n      };\n\n      btnInfo.onclick = () => {\n        const s = selecoes[selectedIndex]?.item;\n        if (!s?.infoUrl) {\n          veMsg.style.color = '#b91c1c';\n          veMsg.textContent = 'Informativo n\u00e3o cadastrado para esta op\u00e7\u00e3o.';\n          return;\n        }\n        window.open(s.infoUrl, '_blank');\n      };\n\n      btnVe.onclick = () => {\n        const s = selecoes[selectedIndex]?.item;\n        if (!s?.veUrl) {\n          veMsg.style.color = '#b91c1c';\n          veMsg.textContent = 'Vista explodida n\u00e3o cadastrada para esta op\u00e7\u00e3o.';\n          return;\n        }\n        window.open(s.veUrl, '_blank');\n      };\n    }\n\n    selecoes.forEach((s, idx) => {\n      const pill = document.createElement('span');\n      pill.className = 've-code-pill' + (idx === 0 ? ' is-selected' : '');\n      pill.innerHTML = `<small>${s.label}<\/small>${s.codigos.join(', ')}`;\n\n      pill.addEventListener('click', () => {\n        selectedIndex = idx;\n        codesWrap.querySelectorAll('.ve-code-pill').forEach(p => p.classList.remove('is-selected'));\n        pill.classList.add('is-selected');\n        aplicarEstadoBotoes();\n      });\n\n      codesWrap.appendChild(pill);\n    });\n\n    aplicarEstadoBotoes();\n    veResults.appendChild(card);\n  }\n\n  function renderResultados(lista) {\n    veResults.innerHTML = '';\n\n    if (!lista.length) {\n      veMsg.style.color = '#b91c1c';\n      veMsg.textContent = 'Nenhum produto encontrado. Verifique o c\u00f3digo ou descri\u00e7\u00e3o digitados.';\n      return;\n    }\n\n    const gruposSGT = new Map();\n    const avulsos = [];\n\n    lista.forEach(p => {\n      const modelo = extrairModelo(p.descricao);\n      if (modelo) {\n        if (!gruposSGT.has(modelo)) gruposSGT.set(modelo, { modelo, itens: [] });\n        gruposSGT.get(modelo).itens.push(p);\n      } else {\n        avulsos.push(p);\n      }\n    });\n\n    const gruposArr = Array.from(gruposSGT.values());\n    const totalCards = gruposArr.length + avulsos.length;\n\n    veMsg.style.color = '#16a34a';\n    veMsg.textContent = totalCards === 1 ? '1 resultado encontrado.' : totalCards + ' resultados encontrados.';\n\n    gruposArr.forEach(g => {\n      g.itens.sort((a,b) => a.codigo.localeCompare(b.codigo));\n      const desc = limparDescricao(pickDescricaoMaisCompleta(g.itens));\n\n      const itens127 = g.itens.filter(x => extrairVoltagem(x.descricao) === '127V');\n      const itens220 = g.itens.filter(x => extrairVoltagem(x.descricao) === '220V');\n      const itensOut = g.itens.filter(x => !['127V','220V'].includes(extrairVoltagem(x.descricao)));\n\n      const selecoes = [];\n      if (itens127.length) selecoes.push({ label: '127V', item: itens127[0], codigos: itens127.map(x=>x.codigo) });\n      if (itens220.length) selecoes.push({ label: '220V', item: itens220[0], codigos: itens220.map(x=>x.codigo) });\n      itensOut.forEach(x => selecoes.push({ label: (extrairVoltagem(x.descricao) || 'C\u00d3D.'), item: x, codigos: [x.codigo] }));\n\n      if (!selecoes.length) g.itens.forEach(x => selecoes.push({ label: 'C\u00d3D.', item: x, codigos: [x.codigo] }));\n\n      renderCardComSelecoes(selecoes, desc);\n    });\n\n    avulsos.sort((a,b) => a.codigo.localeCompare(b.codigo)).forEach(p => {\n      const desc = limparDescricao(p.descricao || '');\n      const selecoes = [{ label: 'C\u00d3D.', item: p, codigos: [p.codigo] }];\n      renderCardComSelecoes(selecoes, desc);\n    });\n  }\n\n  async function handleBusca() {\n    try {\n      const termo = veInput.value;\n      if (!termo.trim()) {\n        veMsg.style.color = '#b91c1c';\n        veMsg.textContent = 'Digite um c\u00f3digo ou parte da descri\u00e7\u00e3o.';\n        veResults.innerHTML = '';\n        return;\n      }\n\n      await carregarBases();\n      renderResultados(buscarProdutos(termo));\n    } catch (e) {\n      console.error(e);\n      veMsg.style.color = '#b91c1c';\n      veMsg.textContent = 'Ocorreu um erro no script. Verifique o console (F12) para detalhes.';\n    }\n  }\n\n  veButton.addEventListener('click', handleBusca);\n  veInput.addEventListener('keydown', (e) => {\n    if (e.key === 'Enter') { e.preventDefault(); handleBusca(); }\n  });\n\n  carregarBases();\n<\/script>\n\t\t\t\t<\/div>\n\t\t\t\t<\/div>\n\t\t\t\t\t<\/div>\n\t\t\t\t<\/div>\n\t\t\t\t<\/div>","protected":false},"excerpt":{"rendered":"<p>CONSULTA T\u00c9CNICA Digite o c\u00f3digo ou parte da descri\u00e7\u00e3o para visualizar o produto, Informativo ou a Vista Explodida. C\u00f3digo ou descri\u00e7\u00e3o BUSCAR<\/p>","protected":false},"author":63,"featured_media":0,"parent":0,"menu_order":0,"comment_status":"closed","ping_status":"closed","template":"","meta":{"_jet_sm_ready_style":"","_jet_sm_style":"","_jet_sm_controls_values":"","_jet_sm_fonts_collection":"","_jet_sm_fonts_links":"","footnotes":""},"class_list":["post-12186","page","type-page","status-publish","hentry"],"yoast_head":"<!-- This site is optimized with the Yoast SEO plugin v27.1.1 - https:\/\/yoast.com\/product\/yoast-seo-wordpress\/ -->\n<title>Consulta T\u00e9cnica - Sigma Tools<\/title>\n<meta name=\"robots\" content=\"index, follow, max-snippet:-1, max-image-preview:large, max-video-preview:-1\" \/>\n<link rel=\"canonical\" href=\"https:\/\/www.sigmatools.com.br\/site\/consulta-tecnica\/\" \/>\n<meta property=\"og:locale\" content=\"pt_BR\" \/>\n<meta property=\"og:type\" content=\"article\" \/>\n<meta property=\"og:title\" content=\"Consulta T\u00e9cnica - Sigma Tools\" \/>\n<meta property=\"og:description\" content=\"CONSULTA T\u00c9CNICA Digite o c\u00f3digo ou parte da descri\u00e7\u00e3o para visualizar o produto, Informativo ou a Vista Explodida. C\u00f3digo ou descri\u00e7\u00e3o BUSCAR\" \/>\n<meta property=\"og:url\" content=\"https:\/\/www.sigmatools.com.br\/site\/consulta-tecnica\/\" \/>\n<meta property=\"og:site_name\" content=\"Sigma Tools\" \/>\n<meta property=\"article:publisher\" content=\"https:\/\/www.facebook.com\/sigmatools\" \/>\n<meta property=\"article:modified_time\" content=\"2026-01-26T15:09:30+00:00\" \/>\n<meta name=\"twitter:card\" content=\"summary_large_image\" \/>\n<meta name=\"twitter:label1\" content=\"Est. tempo de leitura\" \/>\n\t<meta name=\"twitter:data1\" content=\"1 minuto\" \/>\n<script type=\"application\/ld+json\" class=\"yoast-schema-graph\">{\"@context\":\"https:\/\/schema.org\",\"@graph\":[{\"@type\":\"WebPage\",\"@id\":\"https:\/\/www.sigmatools.com.br\/site\/consulta-tecnica\/\",\"url\":\"https:\/\/www.sigmatools.com.br\/site\/consulta-tecnica\/\",\"name\":\"Consulta T\u00e9cnica - Sigma Tools\",\"isPartOf\":{\"@id\":\"https:\/\/www.sigmatools.com.br\/site\/#website\"},\"datePublished\":\"2025-12-02T18:05:18+00:00\",\"dateModified\":\"2026-01-26T15:09:30+00:00\",\"breadcrumb\":{\"@id\":\"https:\/\/www.sigmatools.com.br\/site\/consulta-tecnica\/#breadcrumb\"},\"inLanguage\":\"pt-BR\",\"potentialAction\":[{\"@type\":\"ReadAction\",\"target\":[\"https:\/\/www.sigmatools.com.br\/site\/consulta-tecnica\/\"]}]},{\"@type\":\"BreadcrumbList\",\"@id\":\"https:\/\/www.sigmatools.com.br\/site\/consulta-tecnica\/#breadcrumb\",\"itemListElement\":[{\"@type\":\"ListItem\",\"position\":1,\"name\":\"In\u00edcio\",\"item\":\"https:\/\/www.sigmatools.com.br\/site\/\"},{\"@type\":\"ListItem\",\"position\":2,\"name\":\"Consulta T\u00e9cnica\"}]},{\"@type\":\"WebSite\",\"@id\":\"https:\/\/www.sigmatools.com.br\/site\/#website\",\"url\":\"https:\/\/www.sigmatools.com.br\/site\/\",\"name\":\"Sigma Tools\",\"description\":\"Equipamentos para Est\u00e9tica Automotiva e Oficina Mec\u00e2nica - Sigma Tools\",\"publisher\":{\"@id\":\"https:\/\/www.sigmatools.com.br\/site\/#organization\"},\"potentialAction\":[{\"@type\":\"SearchAction\",\"target\":{\"@type\":\"EntryPoint\",\"urlTemplate\":\"https:\/\/www.sigmatools.com.br\/site\/?s={search_term_string}\"},\"query-input\":{\"@type\":\"PropertyValueSpecification\",\"valueRequired\":true,\"valueName\":\"search_term_string\"}}],\"inLanguage\":\"pt-BR\"},{\"@type\":\"Organization\",\"@id\":\"https:\/\/www.sigmatools.com.br\/site\/#organization\",\"name\":\"SIGMA TOOLS\",\"url\":\"https:\/\/www.sigmatools.com.br\/site\/\",\"logo\":{\"@type\":\"ImageObject\",\"inLanguage\":\"pt-BR\",\"@id\":\"https:\/\/www.sigmatools.com.br\/site\/#\/schema\/logo\/image\/\",\"url\":\"https:\/\/www.sigmatools.com.br\/site\/wp-content\/uploads\/2020\/01\/logo-sigma.png\",\"contentUrl\":\"https:\/\/www.sigmatools.com.br\/site\/wp-content\/uploads\/2020\/01\/logo-sigma.png\",\"width\":152,\"height\":150,\"caption\":\"SIGMA TOOLS\"},\"image\":{\"@id\":\"https:\/\/www.sigmatools.com.br\/site\/#\/schema\/logo\/image\/\"},\"sameAs\":[\"https:\/\/www.facebook.com\/sigmatools\"]}]}<\/script>\n<!-- \/ Yoast SEO plugin. -->","yoast_head_json":{"title":"Consulta T\u00e9cnica - Sigma Tools","robots":{"index":"index","follow":"follow","max-snippet":"max-snippet:-1","max-image-preview":"max-image-preview:large","max-video-preview":"max-video-preview:-1"},"canonical":"https:\/\/www.sigmatools.com.br\/site\/consulta-tecnica\/","og_locale":"pt_BR","og_type":"article","og_title":"Consulta T\u00e9cnica - Sigma Tools","og_description":"CONSULTA T\u00c9CNICA Digite o c\u00f3digo ou parte da descri\u00e7\u00e3o para visualizar o produto, Informativo ou a Vista Explodida. C\u00f3digo ou descri\u00e7\u00e3o BUSCAR","og_url":"https:\/\/www.sigmatools.com.br\/site\/consulta-tecnica\/","og_site_name":"Sigma Tools","article_publisher":"https:\/\/www.facebook.com\/sigmatools","article_modified_time":"2026-01-26T15:09:30+00:00","twitter_card":"summary_large_image","twitter_misc":{"Est. tempo de leitura":"1 minuto"},"schema":{"@context":"https:\/\/schema.org","@graph":[{"@type":"WebPage","@id":"https:\/\/www.sigmatools.com.br\/site\/consulta-tecnica\/","url":"https:\/\/www.sigmatools.com.br\/site\/consulta-tecnica\/","name":"Consulta T\u00e9cnica - Sigma Tools","isPartOf":{"@id":"https:\/\/www.sigmatools.com.br\/site\/#website"},"datePublished":"2025-12-02T18:05:18+00:00","dateModified":"2026-01-26T15:09:30+00:00","breadcrumb":{"@id":"https:\/\/www.sigmatools.com.br\/site\/consulta-tecnica\/#breadcrumb"},"inLanguage":"pt-BR","potentialAction":[{"@type":"ReadAction","target":["https:\/\/www.sigmatools.com.br\/site\/consulta-tecnica\/"]}]},{"@type":"BreadcrumbList","@id":"https:\/\/www.sigmatools.com.br\/site\/consulta-tecnica\/#breadcrumb","itemListElement":[{"@type":"ListItem","position":1,"name":"In\u00edcio","item":"https:\/\/www.sigmatools.com.br\/site\/"},{"@type":"ListItem","position":2,"name":"Consulta T\u00e9cnica"}]},{"@type":"WebSite","@id":"https:\/\/www.sigmatools.com.br\/site\/#website","url":"https:\/\/www.sigmatools.com.br\/site\/","name":"Sigma Tools","description":"Equipamentos para Est\u00e9tica Automotiva e Oficina Mec\u00e2nica - Sigma Tools","publisher":{"@id":"https:\/\/www.sigmatools.com.br\/site\/#organization"},"potentialAction":[{"@type":"SearchAction","target":{"@type":"EntryPoint","urlTemplate":"https:\/\/www.sigmatools.com.br\/site\/?s={search_term_string}"},"query-input":{"@type":"PropertyValueSpecification","valueRequired":true,"valueName":"search_term_string"}}],"inLanguage":"pt-BR"},{"@type":"Organization","@id":"https:\/\/www.sigmatools.com.br\/site\/#organization","name":"SIGMA TOOLS","url":"https:\/\/www.sigmatools.com.br\/site\/","logo":{"@type":"ImageObject","inLanguage":"pt-BR","@id":"https:\/\/www.sigmatools.com.br\/site\/#\/schema\/logo\/image\/","url":"https:\/\/www.sigmatools.com.br\/site\/wp-content\/uploads\/2020\/01\/logo-sigma.png","contentUrl":"https:\/\/www.sigmatools.com.br\/site\/wp-content\/uploads\/2020\/01\/logo-sigma.png","width":152,"height":150,"caption":"SIGMA TOOLS"},"image":{"@id":"https:\/\/www.sigmatools.com.br\/site\/#\/schema\/logo\/image\/"},"sameAs":["https:\/\/www.facebook.com\/sigmatools"]}]}},"_links":{"self":[{"href":"https:\/\/www.sigmatools.com.br\/site\/wp-json\/wp\/v2\/pages\/12186","targetHints":{"allow":["GET"]}}],"collection":[{"href":"https:\/\/www.sigmatools.com.br\/site\/wp-json\/wp\/v2\/pages"}],"about":[{"href":"https:\/\/www.sigmatools.com.br\/site\/wp-json\/wp\/v2\/types\/page"}],"author":[{"embeddable":true,"href":"https:\/\/www.sigmatools.com.br\/site\/wp-json\/wp\/v2\/users\/63"}],"replies":[{"embeddable":true,"href":"https:\/\/www.sigmatools.com.br\/site\/wp-json\/wp\/v2\/comments?post=12186"}],"version-history":[{"count":0,"href":"https:\/\/www.sigmatools.com.br\/site\/wp-json\/wp\/v2\/pages\/12186\/revisions"}],"wp:attachment":[{"href":"https:\/\/www.sigmatools.com.br\/site\/wp-json\/wp\/v2\/media?parent=12186"}],"curies":[{"name":"wp","href":"https:\/\/api.w.org\/{rel}","templated":true}]}}