{"id":10163,"date":"2025-04-16T17:11:21","date_gmt":"2025-04-16T20:11:21","guid":{"rendered":"https:\/\/www.sigmatools.com.br\/site\/?post_type=product&#038;p=10163"},"modified":"2026-02-26T17:54:27","modified_gmt":"2026-02-26T20:54:27","slug":"sgt-3820-1-3-hvlp-pistola-de-pintura-bico-repartido","status":"publish","type":"product","link":"https:\/\/www.sigmatools.com.br\/site\/produto\/sgt-3820-1-3-hvlp-pistola-de-pintura-bico-repartido\/","title":{"rendered":"SGT-3820 &#8211; 1.3 HVLP &#8211; PISTOLA DE PINTURA &#8211; BICO REPARTIDO"},"content":{"rendered":"<p>[vc_row css_animation=&#8221;&#8221; row_type=&#8221;row&#8221; use_row_as_full_screen_section=&#8221;no&#8221; type=&#8221;full_width&#8221; angled_section=&#8221;no&#8221; text_align=&#8221;left&#8221; background_image_as_pattern=&#8221;without_pattern&#8221;][vc_column][\/vc_column][\/vc_row]<\/p>","protected":false},"excerpt":{"rendered":"<p><strong>C\u00f3digo do produto:<\/strong> 0701382000<\/p>\n<p><strong>C\u00f3digo de barras:<\/strong> 7908276656132<\/p>\n<p>&nbsp;<\/p>\n<iframe title=\"YouTube video player\" src=\"https:\/\/www.youtube.com\/embed\/QqNU8S0vmkw?si=1shJumQLmWboJgfc\" width=\"315\" height=\"560\" frameborder=\"0\" allowfullscreen=\"allowfullscreen\"><span data-mce-type=\"bookmark\" style=\"display: inline-block; width: 0px; overflow: hidden; line-height: 0;\" class=\"mce_SELRES_start\">\ufeff<\/span><\/iframe>\n<p>&nbsp;<\/p>\n<p><strong>Caracter\u00edsticas<\/strong><\/p>\n<p>Estas pistolas utilizam tecnologia HVLP (High Volume Low Pressure, em ingl\u00eas, ou Alto Volume &#8211; Baixa Press\u00e3o), o que proporciona alta efici\u00eancia em termos de qualidade de pintura e economia de tinta. Essas pistolas operam com baixa press\u00e3o, sendo econ\u00f4micas devido ao pouco desperd\u00edcio de tinta, j\u00e1 que a taxa de transfer\u00eancia de tinta \u00e9 mais elevada do que nas pistolas tradicionais. Os trabalhos com essas pistolas resultam em pouca n\u00e9voa, o que\u00a0 representa uma significativa melhoria no ambiente de trabalho.<br \/>\nGra\u00e7as \u00e0 excelente atomiza\u00e7\u00e3o da tinta, elas proporcionam \u00f3tima qualidade de pintura, sendo indicadas para acabamentos exigentes. Por tudo isso, estas pistolas atendem aos mais altos requisitos dos profissionais de pintura.<\/p>\n<p>&nbsp;<\/p>\n<p><strong>Aplica\u00e7\u00f5es<\/strong><\/p>\n<p>Ideal para um alto desempenho, efici\u00eancia e qualidade no acabamento da pintura.<\/p>\n<p>&nbsp;<\/p>\n<p>&nbsp;<\/p>\n[button size=\"small\" icon=\"\" target=\"_blank\" text_align=\"left\" text=\"Informativo\" link=\"https:\/\/www.sigmatools.com.br\/site\/arquivos\/informativos\/SGT-3820%20-%20PISTOLA%20DE%20PINTURA%20-%20INFO.pdf\" color=\"#ffffff\" hover_color=\"#ffffff\" background_color=\"#353535\" hover_background_color=\"#dd3333\" border_color=\"#353535\" hover_border_color=\"#dd3333\"]\n[button size=\"small\" icon=\"\" target=\"_blank\" text_align=\"left\" text=\"Vista Explodida\" link=\"https:\/\/www.sigmatools.com.br\/site\/arquivos\/vista-explodida\/SGT-3820%20-%20PISTOLA%20DE%20PINTURA%20HVLP%20-%20BICO%20REPARTIDO%20-%20VE.pdf\" color=\"#ffffff\" hover_color=\"#ffffff\" background_color=\"#353535\" hover_background_color=\"#dd3333\" border_color=\"#353535\" hover_border_color=\"#dd3333\"]","protected":false},"featured_media":10201,"comment_status":"open","ping_status":"closed","template":"","meta":{"_jet_sm_ready_style":"","_jet_sm_style":"","_jet_sm_controls_values":"","_jet_sm_fonts_collection":"","_jet_sm_fonts_links":""},"product_brand":[],"product_cat":[218,60,15],"product_tag":[],"class_list":{"0":"post-10163","1":"product","2":"type-product","3":"status-publish","4":"has-post-thumbnail","6":"product_cat-destaque","7":"product_cat-catalogo-geral","8":"product_cat-sigma-tools","10":"first","11":"instock","12":"shipping-taxable","13":"product-type-simple"},"yoast_head":"<!-- This site is optimized with the Yoast SEO plugin v27.1.1 - https:\/\/yoast.com\/product\/yoast-seo-wordpress\/ -->\n<title>SGT-3820 - 1.3 HVLP - PISTOLA DE PINTURA - BICO REPARTIDO - Sigma Tools<\/title>\n<meta name=\"robots\" content=\"index, follow, max-snippet:-1, max-image-preview:large, max-video-preview:-1\" \/>\n<link rel=\"canonical\" href=\"https:\/\/www.sigmatools.com.br\/site\/produto\/sgt-3820-1-3-hvlp-pistola-de-pintura-bico-repartido\/\" \/>\n<meta property=\"og:locale\" content=\"pt_BR\" \/>\n<meta property=\"og:type\" content=\"article\" \/>\n<meta property=\"og:title\" content=\"SGT-3820 - 1.3 HVLP - PISTOLA DE PINTURA - BICO REPARTIDO - Sigma Tools\" \/>\n<meta property=\"og:description\" content=\"C\u00f3digo do produto: 0701382000  C\u00f3digo de barras: 7908276656132  &nbsp;  \ufeff  &nbsp;  Caracter\u00edsticas  Estas pistolas utilizam tecnologia HVLP (High Volume Low Pressure, em ingl\u00eas, ou Alto Volume - Baixa Press\u00e3o), o que proporciona alta efici\u00eancia em termos de qualidade de pintura e economia de tinta. Essas pistolas operam com baixa press\u00e3o, sendo econ\u00f4micas devido ao pouco desperd\u00edcio de tinta, j\u00e1 que a taxa de transfer\u00eancia de tinta \u00e9 mais elevada do que nas pistolas tradicionais. Os trabalhos com essas pistolas resultam em pouca n\u00e9voa, o que\u00a0 representa uma significativa melhoria no ambiente de trabalho. Gra\u00e7as \u00e0 excelente atomiza\u00e7\u00e3o da tinta, elas proporcionam \u00f3tima qualidade de pintura, sendo indicadas para acabamentos exigentes. Por tudo isso, estas pistolas atendem aos mais altos requisitos dos profissionais de pintura.  &nbsp;  Aplica\u00e7\u00f5es  Ideal para um alto desempenho, efici\u00eancia e qualidade no acabamento da pintura.  &nbsp;  &nbsp;\" \/>\n<meta property=\"og:url\" content=\"https:\/\/www.sigmatools.com.br\/site\/produto\/sgt-3820-1-3-hvlp-pistola-de-pintura-bico-repartido\/\" \/>\n<meta property=\"og:site_name\" content=\"Sigma Tools\" \/>\n<meta property=\"article:publisher\" content=\"https:\/\/www.facebook.com\/sigmatools\" \/>\n<meta property=\"article:modified_time\" content=\"2026-02-26T20:54:27+00:00\" \/>\n<meta property=\"og:image\" content=\"https:\/\/www.sigmatools.com.br\/site\/wp-content\/uploads\/2025\/04\/1-6.jpg\" \/>\n\t<meta property=\"og:image:width\" content=\"1000\" \/>\n\t<meta property=\"og:image:height\" content=\"1000\" \/>\n\t<meta property=\"og:image:type\" content=\"image\/jpeg\" \/>\n<meta name=\"twitter:card\" content=\"summary_large_image\" \/>\n<meta name=\"twitter:label1\" content=\"Est. tempo de leitura\" \/>\n\t<meta name=\"twitter:data1\" content=\"1 minuto\" \/>\n<script type=\"application\/ld+json\" class=\"yoast-schema-graph\">{\"@context\":\"https:\/\/schema.org\",\"@graph\":[{\"@type\":\"WebPage\",\"@id\":\"https:\/\/www.sigmatools.com.br\/site\/produto\/sgt-3820-1-3-hvlp-pistola-de-pintura-bico-repartido\/\",\"url\":\"https:\/\/www.sigmatools.com.br\/site\/produto\/sgt-3820-1-3-hvlp-pistola-de-pintura-bico-repartido\/\",\"name\":\"SGT-3820 - 1.3 HVLP - PISTOLA DE PINTURA - BICO REPARTIDO - Sigma Tools\",\"isPartOf\":{\"@id\":\"https:\/\/www.sigmatools.com.br\/site\/#website\"},\"primaryImageOfPage\":{\"@id\":\"https:\/\/www.sigmatools.com.br\/site\/produto\/sgt-3820-1-3-hvlp-pistola-de-pintura-bico-repartido\/#primaryimage\"},\"image\":{\"@id\":\"https:\/\/www.sigmatools.com.br\/site\/produto\/sgt-3820-1-3-hvlp-pistola-de-pintura-bico-repartido\/#primaryimage\"},\"thumbnailUrl\":\"https:\/\/www.sigmatools.com.br\/site\/wp-content\/uploads\/2025\/04\/1-6.jpg\",\"datePublished\":\"2025-04-16T20:11:21+00:00\",\"dateModified\":\"2026-02-26T20:54:27+00:00\",\"breadcrumb\":{\"@id\":\"https:\/\/www.sigmatools.com.br\/site\/produto\/sgt-3820-1-3-hvlp-pistola-de-pintura-bico-repartido\/#breadcrumb\"},\"inLanguage\":\"pt-BR\",\"potentialAction\":[{\"@type\":\"ReadAction\",\"target\":[\"https:\/\/www.sigmatools.com.br\/site\/produto\/sgt-3820-1-3-hvlp-pistola-de-pintura-bico-repartido\/\"]}]},{\"@type\":\"ImageObject\",\"inLanguage\":\"pt-BR\",\"@id\":\"https:\/\/www.sigmatools.com.br\/site\/produto\/sgt-3820-1-3-hvlp-pistola-de-pintura-bico-repartido\/#primaryimage\",\"url\":\"https:\/\/www.sigmatools.com.br\/site\/wp-content\/uploads\/2025\/04\/1-6.jpg\",\"contentUrl\":\"https:\/\/www.sigmatools.com.br\/site\/wp-content\/uploads\/2025\/04\/1-6.jpg\",\"width\":1000,\"height\":1000},{\"@type\":\"BreadcrumbList\",\"@id\":\"https:\/\/www.sigmatools.com.br\/site\/produto\/sgt-3820-1-3-hvlp-pistola-de-pintura-bico-repartido\/#breadcrumb\",\"itemListElement\":[{\"@type\":\"ListItem\",\"position\":1,\"name\":\"In\u00edcio\",\"item\":\"https:\/\/www.sigmatools.com.br\/site\/\"},{\"@type\":\"ListItem\",\"position\":2,\"name\":\"SGT-3820 &#8211; 1.3 HVLP &#8211; PISTOLA DE PINTURA &#8211; BICO REPARTIDO\"}]},{\"@type\":\"WebSite\",\"@id\":\"https:\/\/www.sigmatools.com.br\/site\/#website\",\"url\":\"https:\/\/www.sigmatools.com.br\/site\/\",\"name\":\"Sigma Tools\",\"description\":\"Equipamentos para Est\u00e9tica Automotiva e Oficina Mec\u00e2nica - Sigma Tools\",\"publisher\":{\"@id\":\"https:\/\/www.sigmatools.com.br\/site\/#organization\"},\"potentialAction\":[{\"@type\":\"SearchAction\",\"target\":{\"@type\":\"EntryPoint\",\"urlTemplate\":\"https:\/\/www.sigmatools.com.br\/site\/?s={search_term_string}\"},\"query-input\":{\"@type\":\"PropertyValueSpecification\",\"valueRequired\":true,\"valueName\":\"search_term_string\"}}],\"inLanguage\":\"pt-BR\"},{\"@type\":\"Organization\",\"@id\":\"https:\/\/www.sigmatools.com.br\/site\/#organization\",\"name\":\"SIGMA TOOLS\",\"url\":\"https:\/\/www.sigmatools.com.br\/site\/\",\"logo\":{\"@type\":\"ImageObject\",\"inLanguage\":\"pt-BR\",\"@id\":\"https:\/\/www.sigmatools.com.br\/site\/#\/schema\/logo\/image\/\",\"url\":\"https:\/\/www.sigmatools.com.br\/site\/wp-content\/uploads\/2020\/01\/logo-sigma.png\",\"contentUrl\":\"https:\/\/www.sigmatools.com.br\/site\/wp-content\/uploads\/2020\/01\/logo-sigma.png\",\"width\":152,\"height\":150,\"caption\":\"SIGMA TOOLS\"},\"image\":{\"@id\":\"https:\/\/www.sigmatools.com.br\/site\/#\/schema\/logo\/image\/\"},\"sameAs\":[\"https:\/\/www.facebook.com\/sigmatools\"]}]}<\/script>\n<!-- \/ Yoast SEO plugin. -->","yoast_head_json":{"title":"SGT-3820 - 1.3 HVLP - PISTOLA DE PINTURA - BICO REPARTIDO - Sigma Tools","robots":{"index":"index","follow":"follow","max-snippet":"max-snippet:-1","max-image-preview":"max-image-preview:large","max-video-preview":"max-video-preview:-1"},"canonical":"https:\/\/www.sigmatools.com.br\/site\/produto\/sgt-3820-1-3-hvlp-pistola-de-pintura-bico-repartido\/","og_locale":"pt_BR","og_type":"article","og_title":"SGT-3820 - 1.3 HVLP - PISTOLA DE PINTURA - BICO REPARTIDO - Sigma Tools","og_description":"C\u00f3digo do produto: 0701382000  C\u00f3digo de barras: 7908276656132  &nbsp;  \ufeff  &nbsp;  Caracter\u00edsticas  Estas pistolas utilizam tecnologia HVLP (High Volume Low Pressure, em ingl\u00eas, ou Alto Volume - Baixa Press\u00e3o), o que proporciona alta efici\u00eancia em termos de qualidade de pintura e economia de tinta. Essas pistolas operam com baixa press\u00e3o, sendo econ\u00f4micas devido ao pouco desperd\u00edcio de tinta, j\u00e1 que a taxa de transfer\u00eancia de tinta \u00e9 mais elevada do que nas pistolas tradicionais. Os trabalhos com essas pistolas resultam em pouca n\u00e9voa, o que\u00a0 representa uma significativa melhoria no ambiente de trabalho. Gra\u00e7as \u00e0 excelente atomiza\u00e7\u00e3o da tinta, elas proporcionam \u00f3tima qualidade de pintura, sendo indicadas para acabamentos exigentes. Por tudo isso, estas pistolas atendem aos mais altos requisitos dos profissionais de pintura.  &nbsp;  Aplica\u00e7\u00f5es  Ideal para um alto desempenho, efici\u00eancia e qualidade no acabamento da pintura.  &nbsp;  &nbsp;","og_url":"https:\/\/www.sigmatools.com.br\/site\/produto\/sgt-3820-1-3-hvlp-pistola-de-pintura-bico-repartido\/","og_site_name":"Sigma Tools","article_publisher":"https:\/\/www.facebook.com\/sigmatools","article_modified_time":"2026-02-26T20:54:27+00:00","og_image":[{"width":1000,"height":1000,"url":"https:\/\/www.sigmatools.com.br\/site\/wp-content\/uploads\/2025\/04\/1-6.jpg","type":"image\/jpeg"}],"twitter_card":"summary_large_image","twitter_misc":{"Est. tempo de leitura":"1 minuto"},"schema":{"@context":"https:\/\/schema.org","@graph":[{"@type":"WebPage","@id":"https:\/\/www.sigmatools.com.br\/site\/produto\/sgt-3820-1-3-hvlp-pistola-de-pintura-bico-repartido\/","url":"https:\/\/www.sigmatools.com.br\/site\/produto\/sgt-3820-1-3-hvlp-pistola-de-pintura-bico-repartido\/","name":"SGT-3820 - 1.3 HVLP - PISTOLA DE PINTURA - BICO REPARTIDO - Sigma Tools","isPartOf":{"@id":"https:\/\/www.sigmatools.com.br\/site\/#website"},"primaryImageOfPage":{"@id":"https:\/\/www.sigmatools.com.br\/site\/produto\/sgt-3820-1-3-hvlp-pistola-de-pintura-bico-repartido\/#primaryimage"},"image":{"@id":"https:\/\/www.sigmatools.com.br\/site\/produto\/sgt-3820-1-3-hvlp-pistola-de-pintura-bico-repartido\/#primaryimage"},"thumbnailUrl":"https:\/\/www.sigmatools.com.br\/site\/wp-content\/uploads\/2025\/04\/1-6.jpg","datePublished":"2025-04-16T20:11:21+00:00","dateModified":"2026-02-26T20:54:27+00:00","breadcrumb":{"@id":"https:\/\/www.sigmatools.com.br\/site\/produto\/sgt-3820-1-3-hvlp-pistola-de-pintura-bico-repartido\/#breadcrumb"},"inLanguage":"pt-BR","potentialAction":[{"@type":"ReadAction","target":["https:\/\/www.sigmatools.com.br\/site\/produto\/sgt-3820-1-3-hvlp-pistola-de-pintura-bico-repartido\/"]}]},{"@type":"ImageObject","inLanguage":"pt-BR","@id":"https:\/\/www.sigmatools.com.br\/site\/produto\/sgt-3820-1-3-hvlp-pistola-de-pintura-bico-repartido\/#primaryimage","url":"https:\/\/www.sigmatools.com.br\/site\/wp-content\/uploads\/2025\/04\/1-6.jpg","contentUrl":"https:\/\/www.sigmatools.com.br\/site\/wp-content\/uploads\/2025\/04\/1-6.jpg","width":1000,"height":1000},{"@type":"BreadcrumbList","@id":"https:\/\/www.sigmatools.com.br\/site\/produto\/sgt-3820-1-3-hvlp-pistola-de-pintura-bico-repartido\/#breadcrumb","itemListElement":[{"@type":"ListItem","position":1,"name":"In\u00edcio","item":"https:\/\/www.sigmatools.com.br\/site\/"},{"@type":"ListItem","position":2,"name":"SGT-3820 &#8211; 1.3 HVLP &#8211; PISTOLA DE PINTURA &#8211; BICO REPARTIDO"}]},{"@type":"WebSite","@id":"https:\/\/www.sigmatools.com.br\/site\/#website","url":"https:\/\/www.sigmatools.com.br\/site\/","name":"Sigma Tools","description":"Equipamentos para Est\u00e9tica Automotiva e Oficina Mec\u00e2nica - Sigma Tools","publisher":{"@id":"https:\/\/www.sigmatools.com.br\/site\/#organization"},"potentialAction":[{"@type":"SearchAction","target":{"@type":"EntryPoint","urlTemplate":"https:\/\/www.sigmatools.com.br\/site\/?s={search_term_string}"},"query-input":{"@type":"PropertyValueSpecification","valueRequired":true,"valueName":"search_term_string"}}],"inLanguage":"pt-BR"},{"@type":"Organization","@id":"https:\/\/www.sigmatools.com.br\/site\/#organization","name":"SIGMA TOOLS","url":"https:\/\/www.sigmatools.com.br\/site\/","logo":{"@type":"ImageObject","inLanguage":"pt-BR","@id":"https:\/\/www.sigmatools.com.br\/site\/#\/schema\/logo\/image\/","url":"https:\/\/www.sigmatools.com.br\/site\/wp-content\/uploads\/2020\/01\/logo-sigma.png","contentUrl":"https:\/\/www.sigmatools.com.br\/site\/wp-content\/uploads\/2020\/01\/logo-sigma.png","width":152,"height":150,"caption":"SIGMA TOOLS"},"image":{"@id":"https:\/\/www.sigmatools.com.br\/site\/#\/schema\/logo\/image\/"},"sameAs":["https:\/\/www.facebook.com\/sigmatools"]}]}},"_links":{"self":[{"href":"https:\/\/www.sigmatools.com.br\/site\/wp-json\/wp\/v2\/product\/10163","targetHints":{"allow":["GET"]}}],"collection":[{"href":"https:\/\/www.sigmatools.com.br\/site\/wp-json\/wp\/v2\/product"}],"about":[{"href":"https:\/\/www.sigmatools.com.br\/site\/wp-json\/wp\/v2\/types\/product"}],"replies":[{"embeddable":true,"href":"https:\/\/www.sigmatools.com.br\/site\/wp-json\/wp\/v2\/comments?post=10163"}],"wp:featuredmedia":[{"embeddable":true,"href":"https:\/\/www.sigmatools.com.br\/site\/wp-json\/wp\/v2\/media\/10201"}],"wp:attachment":[{"href":"https:\/\/www.sigmatools.com.br\/site\/wp-json\/wp\/v2\/media?parent=10163"}],"wp:term":[{"taxonomy":"product_brand","embeddable":true,"href":"https:\/\/www.sigmatools.com.br\/site\/wp-json\/wp\/v2\/product_brand?post=10163"},{"taxonomy":"product_cat","embeddable":true,"href":"https:\/\/www.sigmatools.com.br\/site\/wp-json\/wp\/v2\/product_cat?post=10163"},{"taxonomy":"product_tag","embeddable":true,"href":"https:\/\/www.sigmatools.com.br\/site\/wp-json\/wp\/v2\/product_tag?post=10163"}],"curies":[{"name":"wp","href":"https:\/\/api.w.org\/{rel}","templated":true}]}}