{"id":10233,"date":"2025-04-24T16:15:20","date_gmt":"2025-04-24T19:15:20","guid":{"rendered":"https:\/\/www.sigmatools.com.br\/site\/?post_type=product&#038;p=10233"},"modified":"2025-04-30T15:09:06","modified_gmt":"2025-04-30T18:09:06","slug":"kit-10-pecas-vde-ferramentas-isoladas-1-000v","status":"publish","type":"product","link":"https:\/\/www.sigmatools.com.br\/site\/produto\/kit-10-pecas-vde-ferramentas-isoladas-1-000v\/","title":{"rendered":"KIT 10 PE\u00c7AS VDE FERRAMENTAS ISOLADAS 1.000V"},"content":{"rendered":"","protected":false},"excerpt":{"rendered":"<p><strong>C\u00f3digo do produto:<\/strong> 06999940002<\/p>\n<p><strong>C\u00f3digo de barras:<\/strong> 7908276661570<\/p>\n<p>&nbsp;<\/p>\n<p><strong>Descri\u00e7\u00e3o<\/strong><br \/>\nKit ferramentas manuais com isolamento el\u00e9trico at\u00e9 1000V. Ampla variedade de ferramentas que podem ser facilmente combinadas para diversas opera\u00e7\u00f5es em ambientes de risco el\u00e9trico.<\/p>\n<p>&nbsp;<\/p>\n<p><strong>Vantagens<\/strong><br \/>\n\u2022 Certifica\u00e7\u00e3o VDE;<br \/>\n\u2022 Ferramenta com Isolamento;<br \/>\n\u2022 Cabo ergon\u00f4mico.<\/p>\n<p>&nbsp;<\/p>\n<p><strong>Dicas de seguran\u00e7a<\/strong><br \/>\n\u2022 Nunca utilizar as ferramentas como martelo, alavanca, talhadeira ou para provocar descargas el\u00e9tricas;<br \/>\n\u2022 N\u00e3o realizar reparos com fita isolante em ferramentas danificadas sob o risco de ocorrer acidentes.<\/p>\n<p>&nbsp;<\/p>\n<p><strong>Itens inclusos<\/strong><br \/>\n2 Chaves de fenda isoladas: SL4x100, SL5,5&#215;125;<br \/>\n2 Chaves phillips isoladas: PH1X80, PH2x100;<br \/>\n1 Caneta de teste de tens\u00e3o isolada: 60-1000V;<br \/>\n1 Facas desencapadoras de fios isoladas: 200mm;<br \/>\n1 Alicate bico longo isolado: 6\u201d;<br \/>\n1 Alicate de corte isolado: 6\u201d;<br \/>\n1 Alicate universal isolado: 7\u201d;<br \/>\n1 Chave ajust\u00e1vel isolada: 8\u201d.<\/p>\n<p>&nbsp;<\/p>\n<p>&nbsp;<\/p>\n[button size=\"small\" icon=\"\" target=\"_blank\" text_align=\"left\" text=\"Informativo\" link=\"http:\/\/www.sigmatools.com.br\/site\/arquivos\/informativos\/KIT%2010%20PE%C3%87AS%20FERRAMENTAS%20ISOLADAS%201000V%20-%20INFO.pdf\" color=\"#ffffff\" hover_color=\"#ffffff\" background_color=\"#353535\" hover_background_color=\"#dd3333\" border_color=\"#353535\" hover_border_color=\"#dd3333\"]","protected":false},"featured_media":10235,"comment_status":"open","ping_status":"closed","template":"","meta":{"_jet_sm_ready_style":"","_jet_sm_style":"","_jet_sm_controls_values":"","_jet_sm_fonts_collection":"","_jet_sm_fonts_links":""},"product_brand":[],"product_cat":[218,110,15],"product_tag":[],"class_list":{"0":"post-10233","1":"product","2":"type-product","3":"status-publish","4":"has-post-thumbnail","6":"product_cat-destaque","7":"product_cat-ferramentas","8":"product_cat-sigma-tools","10":"first","11":"instock","12":"shipping-taxable","13":"product-type-simple"},"yoast_head":"<!-- This site is optimized with the Yoast SEO plugin v27.1.1 - https:\/\/yoast.com\/product\/yoast-seo-wordpress\/ -->\n<title>KIT 10 PE\u00c7AS VDE FERRAMENTAS ISOLADAS 1.000V - Sigma Tools<\/title>\n<meta name=\"robots\" content=\"index, follow, max-snippet:-1, max-image-preview:large, max-video-preview:-1\" \/>\n<link rel=\"canonical\" href=\"https:\/\/www.sigmatools.com.br\/site\/produto\/kit-10-pecas-vde-ferramentas-isoladas-1-000v\/\" \/>\n<meta property=\"og:locale\" content=\"pt_BR\" \/>\n<meta property=\"og:type\" content=\"article\" \/>\n<meta property=\"og:title\" content=\"KIT 10 PE\u00c7AS VDE FERRAMENTAS ISOLADAS 1.000V - Sigma Tools\" \/>\n<meta property=\"og:description\" content=\"C\u00f3digo do produto: 06999940002  C\u00f3digo de barras: 7908276661570  &nbsp;  Descri\u00e7\u00e3o Kit ferramentas manuais com isolamento el\u00e9trico at\u00e9 1000V. Ampla variedade de ferramentas que podem ser facilmente combinadas para diversas opera\u00e7\u00f5es em ambientes de risco el\u00e9trico.  &nbsp;  Vantagens \u2022 Certifica\u00e7\u00e3o VDE; \u2022 Ferramenta com Isolamento; \u2022 Cabo ergon\u00f4mico.  &nbsp;  Dicas de seguran\u00e7a \u2022 Nunca utilizar as ferramentas como martelo, alavanca, talhadeira ou para provocar descargas el\u00e9tricas; \u2022 N\u00e3o realizar reparos com fita isolante em ferramentas danificadas sob o risco de ocorrer acidentes.  &nbsp;  Itens inclusos 2 Chaves de fenda isoladas: SL4x100, SL5,5x125; 2 Chaves phillips isoladas: PH1X80, PH2x100; 1 Caneta de teste de tens\u00e3o isolada: 60-1000V; 1 Facas desencapadoras de fios isoladas: 200mm; 1 Alicate bico longo isolado: 6\u201d; 1 Alicate de corte isolado: 6\u201d; 1 Alicate universal isolado: 7\u201d; 1 Chave ajust\u00e1vel isolada: 8\u201d.  &nbsp;  &nbsp;\" \/>\n<meta property=\"og:url\" content=\"https:\/\/www.sigmatools.com.br\/site\/produto\/kit-10-pecas-vde-ferramentas-isoladas-1-000v\/\" \/>\n<meta property=\"og:site_name\" content=\"Sigma Tools\" \/>\n<meta property=\"article:publisher\" content=\"https:\/\/www.facebook.com\/sigmatools\" \/>\n<meta property=\"article:modified_time\" content=\"2025-04-30T18:09:06+00:00\" \/>\n<meta property=\"og:image\" content=\"https:\/\/www.sigmatools.com.br\/site\/wp-content\/uploads\/2025\/04\/2-7.jpg\" \/>\n\t<meta property=\"og:image:width\" content=\"1000\" \/>\n\t<meta property=\"og:image:height\" content=\"1000\" \/>\n\t<meta property=\"og:image:type\" content=\"image\/jpeg\" \/>\n<meta name=\"twitter:card\" content=\"summary_large_image\" \/>\n<meta name=\"twitter:label1\" content=\"Est. tempo de leitura\" \/>\n\t<meta name=\"twitter:data1\" content=\"1 minuto\" \/>\n<script type=\"application\/ld+json\" class=\"yoast-schema-graph\">{\"@context\":\"https:\/\/schema.org\",\"@graph\":[{\"@type\":\"WebPage\",\"@id\":\"https:\/\/www.sigmatools.com.br\/site\/produto\/kit-10-pecas-vde-ferramentas-isoladas-1-000v\/\",\"url\":\"https:\/\/www.sigmatools.com.br\/site\/produto\/kit-10-pecas-vde-ferramentas-isoladas-1-000v\/\",\"name\":\"KIT 10 PE\u00c7AS VDE FERRAMENTAS ISOLADAS 1.000V - Sigma Tools\",\"isPartOf\":{\"@id\":\"https:\/\/www.sigmatools.com.br\/site\/#website\"},\"primaryImageOfPage\":{\"@id\":\"https:\/\/www.sigmatools.com.br\/site\/produto\/kit-10-pecas-vde-ferramentas-isoladas-1-000v\/#primaryimage\"},\"image\":{\"@id\":\"https:\/\/www.sigmatools.com.br\/site\/produto\/kit-10-pecas-vde-ferramentas-isoladas-1-000v\/#primaryimage\"},\"thumbnailUrl\":\"https:\/\/www.sigmatools.com.br\/site\/wp-content\/uploads\/2025\/04\/2-7.jpg\",\"datePublished\":\"2025-04-24T19:15:20+00:00\",\"dateModified\":\"2025-04-30T18:09:06+00:00\",\"breadcrumb\":{\"@id\":\"https:\/\/www.sigmatools.com.br\/site\/produto\/kit-10-pecas-vde-ferramentas-isoladas-1-000v\/#breadcrumb\"},\"inLanguage\":\"pt-BR\",\"potentialAction\":[{\"@type\":\"ReadAction\",\"target\":[\"https:\/\/www.sigmatools.com.br\/site\/produto\/kit-10-pecas-vde-ferramentas-isoladas-1-000v\/\"]}]},{\"@type\":\"ImageObject\",\"inLanguage\":\"pt-BR\",\"@id\":\"https:\/\/www.sigmatools.com.br\/site\/produto\/kit-10-pecas-vde-ferramentas-isoladas-1-000v\/#primaryimage\",\"url\":\"https:\/\/www.sigmatools.com.br\/site\/wp-content\/uploads\/2025\/04\/2-7.jpg\",\"contentUrl\":\"https:\/\/www.sigmatools.com.br\/site\/wp-content\/uploads\/2025\/04\/2-7.jpg\",\"width\":1000,\"height\":1000},{\"@type\":\"BreadcrumbList\",\"@id\":\"https:\/\/www.sigmatools.com.br\/site\/produto\/kit-10-pecas-vde-ferramentas-isoladas-1-000v\/#breadcrumb\",\"itemListElement\":[{\"@type\":\"ListItem\",\"position\":1,\"name\":\"In\u00edcio\",\"item\":\"https:\/\/www.sigmatools.com.br\/site\/\"},{\"@type\":\"ListItem\",\"position\":2,\"name\":\"KIT 10 PE\u00c7AS VDE FERRAMENTAS ISOLADAS 1.000V\"}]},{\"@type\":\"WebSite\",\"@id\":\"https:\/\/www.sigmatools.com.br\/site\/#website\",\"url\":\"https:\/\/www.sigmatools.com.br\/site\/\",\"name\":\"Sigma Tools\",\"description\":\"Equipamentos para Est\u00e9tica Automotiva e Oficina Mec\u00e2nica - Sigma Tools\",\"publisher\":{\"@id\":\"https:\/\/www.sigmatools.com.br\/site\/#organization\"},\"potentialAction\":[{\"@type\":\"SearchAction\",\"target\":{\"@type\":\"EntryPoint\",\"urlTemplate\":\"https:\/\/www.sigmatools.com.br\/site\/?s={search_term_string}\"},\"query-input\":{\"@type\":\"PropertyValueSpecification\",\"valueRequired\":true,\"valueName\":\"search_term_string\"}}],\"inLanguage\":\"pt-BR\"},{\"@type\":\"Organization\",\"@id\":\"https:\/\/www.sigmatools.com.br\/site\/#organization\",\"name\":\"SIGMA TOOLS\",\"url\":\"https:\/\/www.sigmatools.com.br\/site\/\",\"logo\":{\"@type\":\"ImageObject\",\"inLanguage\":\"pt-BR\",\"@id\":\"https:\/\/www.sigmatools.com.br\/site\/#\/schema\/logo\/image\/\",\"url\":\"https:\/\/www.sigmatools.com.br\/site\/wp-content\/uploads\/2020\/01\/logo-sigma.png\",\"contentUrl\":\"https:\/\/www.sigmatools.com.br\/site\/wp-content\/uploads\/2020\/01\/logo-sigma.png\",\"width\":152,\"height\":150,\"caption\":\"SIGMA TOOLS\"},\"image\":{\"@id\":\"https:\/\/www.sigmatools.com.br\/site\/#\/schema\/logo\/image\/\"},\"sameAs\":[\"https:\/\/www.facebook.com\/sigmatools\"]}]}<\/script>\n<!-- \/ Yoast SEO plugin. -->","yoast_head_json":{"title":"KIT 10 PE\u00c7AS VDE FERRAMENTAS ISOLADAS 1.000V - Sigma Tools","robots":{"index":"index","follow":"follow","max-snippet":"max-snippet:-1","max-image-preview":"max-image-preview:large","max-video-preview":"max-video-preview:-1"},"canonical":"https:\/\/www.sigmatools.com.br\/site\/produto\/kit-10-pecas-vde-ferramentas-isoladas-1-000v\/","og_locale":"pt_BR","og_type":"article","og_title":"KIT 10 PE\u00c7AS VDE FERRAMENTAS ISOLADAS 1.000V - Sigma Tools","og_description":"C\u00f3digo do produto: 06999940002  C\u00f3digo de barras: 7908276661570  &nbsp;  Descri\u00e7\u00e3o Kit ferramentas manuais com isolamento el\u00e9trico at\u00e9 1000V. Ampla variedade de ferramentas que podem ser facilmente combinadas para diversas opera\u00e7\u00f5es em ambientes de risco el\u00e9trico.  &nbsp;  Vantagens \u2022 Certifica\u00e7\u00e3o VDE; \u2022 Ferramenta com Isolamento; \u2022 Cabo ergon\u00f4mico.  &nbsp;  Dicas de seguran\u00e7a \u2022 Nunca utilizar as ferramentas como martelo, alavanca, talhadeira ou para provocar descargas el\u00e9tricas; \u2022 N\u00e3o realizar reparos com fita isolante em ferramentas danificadas sob o risco de ocorrer acidentes.  &nbsp;  Itens inclusos 2 Chaves de fenda isoladas: SL4x100, SL5,5x125; 2 Chaves phillips isoladas: PH1X80, PH2x100; 1 Caneta de teste de tens\u00e3o isolada: 60-1000V; 1 Facas desencapadoras de fios isoladas: 200mm; 1 Alicate bico longo isolado: 6\u201d; 1 Alicate de corte isolado: 6\u201d; 1 Alicate universal isolado: 7\u201d; 1 Chave ajust\u00e1vel isolada: 8\u201d.  &nbsp;  &nbsp;","og_url":"https:\/\/www.sigmatools.com.br\/site\/produto\/kit-10-pecas-vde-ferramentas-isoladas-1-000v\/","og_site_name":"Sigma Tools","article_publisher":"https:\/\/www.facebook.com\/sigmatools","article_modified_time":"2025-04-30T18:09:06+00:00","og_image":[{"width":1000,"height":1000,"url":"https:\/\/www.sigmatools.com.br\/site\/wp-content\/uploads\/2025\/04\/2-7.jpg","type":"image\/jpeg"}],"twitter_card":"summary_large_image","twitter_misc":{"Est. tempo de leitura":"1 minuto"},"schema":{"@context":"https:\/\/schema.org","@graph":[{"@type":"WebPage","@id":"https:\/\/www.sigmatools.com.br\/site\/produto\/kit-10-pecas-vde-ferramentas-isoladas-1-000v\/","url":"https:\/\/www.sigmatools.com.br\/site\/produto\/kit-10-pecas-vde-ferramentas-isoladas-1-000v\/","name":"KIT 10 PE\u00c7AS VDE FERRAMENTAS ISOLADAS 1.000V - Sigma Tools","isPartOf":{"@id":"https:\/\/www.sigmatools.com.br\/site\/#website"},"primaryImageOfPage":{"@id":"https:\/\/www.sigmatools.com.br\/site\/produto\/kit-10-pecas-vde-ferramentas-isoladas-1-000v\/#primaryimage"},"image":{"@id":"https:\/\/www.sigmatools.com.br\/site\/produto\/kit-10-pecas-vde-ferramentas-isoladas-1-000v\/#primaryimage"},"thumbnailUrl":"https:\/\/www.sigmatools.com.br\/site\/wp-content\/uploads\/2025\/04\/2-7.jpg","datePublished":"2025-04-24T19:15:20+00:00","dateModified":"2025-04-30T18:09:06+00:00","breadcrumb":{"@id":"https:\/\/www.sigmatools.com.br\/site\/produto\/kit-10-pecas-vde-ferramentas-isoladas-1-000v\/#breadcrumb"},"inLanguage":"pt-BR","potentialAction":[{"@type":"ReadAction","target":["https:\/\/www.sigmatools.com.br\/site\/produto\/kit-10-pecas-vde-ferramentas-isoladas-1-000v\/"]}]},{"@type":"ImageObject","inLanguage":"pt-BR","@id":"https:\/\/www.sigmatools.com.br\/site\/produto\/kit-10-pecas-vde-ferramentas-isoladas-1-000v\/#primaryimage","url":"https:\/\/www.sigmatools.com.br\/site\/wp-content\/uploads\/2025\/04\/2-7.jpg","contentUrl":"https:\/\/www.sigmatools.com.br\/site\/wp-content\/uploads\/2025\/04\/2-7.jpg","width":1000,"height":1000},{"@type":"BreadcrumbList","@id":"https:\/\/www.sigmatools.com.br\/site\/produto\/kit-10-pecas-vde-ferramentas-isoladas-1-000v\/#breadcrumb","itemListElement":[{"@type":"ListItem","position":1,"name":"In\u00edcio","item":"https:\/\/www.sigmatools.com.br\/site\/"},{"@type":"ListItem","position":2,"name":"KIT 10 PE\u00c7AS VDE FERRAMENTAS ISOLADAS 1.000V"}]},{"@type":"WebSite","@id":"https:\/\/www.sigmatools.com.br\/site\/#website","url":"https:\/\/www.sigmatools.com.br\/site\/","name":"Sigma Tools","description":"Equipamentos para Est\u00e9tica Automotiva e Oficina Mec\u00e2nica - Sigma Tools","publisher":{"@id":"https:\/\/www.sigmatools.com.br\/site\/#organization"},"potentialAction":[{"@type":"SearchAction","target":{"@type":"EntryPoint","urlTemplate":"https:\/\/www.sigmatools.com.br\/site\/?s={search_term_string}"},"query-input":{"@type":"PropertyValueSpecification","valueRequired":true,"valueName":"search_term_string"}}],"inLanguage":"pt-BR"},{"@type":"Organization","@id":"https:\/\/www.sigmatools.com.br\/site\/#organization","name":"SIGMA TOOLS","url":"https:\/\/www.sigmatools.com.br\/site\/","logo":{"@type":"ImageObject","inLanguage":"pt-BR","@id":"https:\/\/www.sigmatools.com.br\/site\/#\/schema\/logo\/image\/","url":"https:\/\/www.sigmatools.com.br\/site\/wp-content\/uploads\/2020\/01\/logo-sigma.png","contentUrl":"https:\/\/www.sigmatools.com.br\/site\/wp-content\/uploads\/2020\/01\/logo-sigma.png","width":152,"height":150,"caption":"SIGMA TOOLS"},"image":{"@id":"https:\/\/www.sigmatools.com.br\/site\/#\/schema\/logo\/image\/"},"sameAs":["https:\/\/www.facebook.com\/sigmatools"]}]}},"_links":{"self":[{"href":"https:\/\/www.sigmatools.com.br\/site\/wp-json\/wp\/v2\/product\/10233","targetHints":{"allow":["GET"]}}],"collection":[{"href":"https:\/\/www.sigmatools.com.br\/site\/wp-json\/wp\/v2\/product"}],"about":[{"href":"https:\/\/www.sigmatools.com.br\/site\/wp-json\/wp\/v2\/types\/product"}],"replies":[{"embeddable":true,"href":"https:\/\/www.sigmatools.com.br\/site\/wp-json\/wp\/v2\/comments?post=10233"}],"wp:featuredmedia":[{"embeddable":true,"href":"https:\/\/www.sigmatools.com.br\/site\/wp-json\/wp\/v2\/media\/10235"}],"wp:attachment":[{"href":"https:\/\/www.sigmatools.com.br\/site\/wp-json\/wp\/v2\/media?parent=10233"}],"wp:term":[{"taxonomy":"product_brand","embeddable":true,"href":"https:\/\/www.sigmatools.com.br\/site\/wp-json\/wp\/v2\/product_brand?post=10233"},{"taxonomy":"product_cat","embeddable":true,"href":"https:\/\/www.sigmatools.com.br\/site\/wp-json\/wp\/v2\/product_cat?post=10233"},{"taxonomy":"product_tag","embeddable":true,"href":"https:\/\/www.sigmatools.com.br\/site\/wp-json\/wp\/v2\/product_tag?post=10233"}],"curies":[{"name":"wp","href":"https:\/\/api.w.org\/{rel}","templated":true}]}}