{"id":10486,"date":"2025-05-14T11:19:04","date_gmt":"2025-05-14T14:19:04","guid":{"rendered":"https:\/\/www.sigmatools.com.br\/site\/?post_type=product&#038;p=10486"},"modified":"2026-04-02T06:18:18","modified_gmt":"2026-04-02T09:18:18","slug":"bancada-de-trabalho-7-em-1","status":"publish","type":"product","link":"https:\/\/www.sigmatools.com.br\/site\/produto\/bancada-de-trabalho-7-em-1\/","title":{"rendered":"BANCADA DE TRABALHO 7 EM 1"},"content":{"rendered":"","protected":false},"excerpt":{"rendered":"<p><strong>C\u00f3digo do produto:<\/strong> 1206020005<\/p>\n<p><strong>C\u00f3digo de barras:<\/strong> 7908276665899<\/p>\n<iframe title=\"YouTube video player\" src=\"https:\/\/www.youtube.com\/embed\/X0sfykhHsDI?si=eQkwflEjwKO_OemP\" width=\"315\" height=\"560\" frameborder=\"0\" allowfullscreen=\"allowfullscreen\"><\/iframe>\n<p>&nbsp;<\/p>\n<p><strong>Caracter\u00edsticas<\/strong><\/p>\n<p>\u2022 Design dobr\u00e1vel com dimens\u00f5es compactas para f\u00e1cil armazenamento;<br \/>\n\u2022 Altura ajust\u00e1vel em dois n\u00edveis: 52 cm e 78 cm;<br \/>\n\u2022 Constru\u00e7\u00e3o robusta em A\u00e7o, Alum\u00ednio, Pl\u00e1stico (PP, ABS, Nylon e TPR) com pintura resistente;<br \/>\n\u2022 Roldanas universais e estrutura vers\u00e1til com 7 fun\u00e7\u00f5es;<br \/>\n\u2022 Suporta at\u00e9 150 kg.<\/p>\n<p>&nbsp;<\/p>\n<p><strong>Vantagens<\/strong><br \/>\n\u2022 F\u00e1cil de transportar e armazenar, ideal para espa\u00e7os limitados;<br \/>\n\u2022 Versatilidade para m\u00faltiplas fun\u00e7\u00f5es em um \u00fanico equipamento;<br \/>\n\u2022 Alta resist\u00eancia a impactos, com durabilidade prolongada;<br \/>\n\u2022 Ajuste de altura ergon\u00f4mico para maior conforto no trabalho;<br \/>\n\u2022 Estrutura est\u00e1vel e confi\u00e1vel mesmo em usos pesados.<\/p>\n<p>&nbsp;<\/p>\n<p><strong>Aplica\u00e7\u00f5es<\/strong><br \/>\nIdeal para profissionais de manuten\u00e7\u00e3o, marcenaria, reformas, oficinas e transporte de cargas leves.<\/p>\n<p>&nbsp;<\/p>\n<p>&nbsp;<\/p>\n[button size=\"small\" icon=\"\" target=\"_blank\" text_align=\"left\" text=\"Informativo\" link=\"http:\/\/www.sigmatools.com.br\/site\/arquivos\/informativos\/BANCADA%20DE%20TRABALHO%207%20EM%201%20-%20INFO.pdf\" color=\"#ffffff\" hover_color=\"#ffffff\" background_color=\"#353535\" hover_background_color=\"#dd3333\" border_color=\"#353535\" hover_border_color=\"#dd3333\"]","protected":false},"featured_media":10493,"comment_status":"open","ping_status":"closed","template":"","meta":{"_jet_sm_ready_style":"","_jet_sm_style":"","_jet_sm_controls_values":"","_jet_sm_fonts_collection":"","_jet_sm_fonts_links":""},"product_brand":[],"product_cat":[218,104,15],"product_tag":[],"class_list":{"0":"post-10486","1":"product","2":"type-product","3":"status-publish","4":"has-post-thumbnail","6":"product_cat-destaque","7":"product_cat-organizadores","8":"product_cat-sigma-tools","10":"first","11":"instock","12":"shipping-taxable","13":"product-type-simple"},"yoast_head":"<!-- This site is optimized with the Yoast SEO plugin v27.1.1 - https:\/\/yoast.com\/product\/yoast-seo-wordpress\/ -->\n<title>BANCADA DE TRABALHO 7 EM 1 - Sigma Tools<\/title>\n<meta name=\"robots\" content=\"index, follow, max-snippet:-1, max-image-preview:large, max-video-preview:-1\" \/>\n<link rel=\"canonical\" href=\"https:\/\/www.sigmatools.com.br\/site\/produto\/bancada-de-trabalho-7-em-1\/\" \/>\n<meta property=\"og:locale\" content=\"pt_BR\" \/>\n<meta property=\"og:type\" content=\"article\" \/>\n<meta property=\"og:title\" content=\"BANCADA DE TRABALHO 7 EM 1 - Sigma Tools\" \/>\n<meta property=\"og:description\" content=\"C\u00f3digo do produto: 1206020005  C\u00f3digo de barras: 7908276665899    &nbsp;  Caracter\u00edsticas  \u2022 Design dobr\u00e1vel com dimens\u00f5es compactas para f\u00e1cil armazenamento; \u2022 Altura ajust\u00e1vel em dois n\u00edveis: 52 cm e 78 cm; \u2022 Constru\u00e7\u00e3o robusta em A\u00e7o, Alum\u00ednio, Pl\u00e1stico (PP, ABS, Nylon e TPR) com pintura resistente; \u2022 Roldanas universais e estrutura vers\u00e1til com 7 fun\u00e7\u00f5es; \u2022 Suporta at\u00e9 150 kg.  &nbsp;  Vantagens \u2022 F\u00e1cil de transportar e armazenar, ideal para espa\u00e7os limitados; \u2022 Versatilidade para m\u00faltiplas fun\u00e7\u00f5es em um \u00fanico equipamento; \u2022 Alta resist\u00eancia a impactos, com durabilidade prolongada; \u2022 Ajuste de altura ergon\u00f4mico para maior conforto no trabalho; \u2022 Estrutura est\u00e1vel e confi\u00e1vel mesmo em usos pesados.  &nbsp;  Aplica\u00e7\u00f5es Ideal para profissionais de manuten\u00e7\u00e3o, marcenaria, reformas, oficinas e transporte de cargas leves.  &nbsp;  &nbsp;\" \/>\n<meta property=\"og:url\" content=\"https:\/\/www.sigmatools.com.br\/site\/produto\/bancada-de-trabalho-7-em-1\/\" \/>\n<meta property=\"og:site_name\" content=\"Sigma Tools\" \/>\n<meta property=\"article:publisher\" content=\"https:\/\/www.facebook.com\/sigmatools\" \/>\n<meta property=\"article:modified_time\" content=\"2026-04-02T09:18:18+00:00\" \/>\n<meta property=\"og:image\" content=\"https:\/\/www.sigmatools.com.br\/site\/wp-content\/uploads\/2025\/05\/8-2.jpg\" \/>\n\t<meta property=\"og:image:width\" content=\"1000\" \/>\n\t<meta property=\"og:image:height\" content=\"1000\" \/>\n\t<meta property=\"og:image:type\" content=\"image\/jpeg\" \/>\n<meta name=\"twitter:card\" content=\"summary_large_image\" \/>\n<meta name=\"twitter:label1\" content=\"Est. tempo de leitura\" \/>\n\t<meta name=\"twitter:data1\" content=\"1 minuto\" \/>\n<script type=\"application\/ld+json\" class=\"yoast-schema-graph\">{\"@context\":\"https:\/\/schema.org\",\"@graph\":[{\"@type\":\"WebPage\",\"@id\":\"https:\/\/www.sigmatools.com.br\/site\/produto\/bancada-de-trabalho-7-em-1\/\",\"url\":\"https:\/\/www.sigmatools.com.br\/site\/produto\/bancada-de-trabalho-7-em-1\/\",\"name\":\"BANCADA DE TRABALHO 7 EM 1 - Sigma Tools\",\"isPartOf\":{\"@id\":\"https:\/\/www.sigmatools.com.br\/site\/#website\"},\"primaryImageOfPage\":{\"@id\":\"https:\/\/www.sigmatools.com.br\/site\/produto\/bancada-de-trabalho-7-em-1\/#primaryimage\"},\"image\":{\"@id\":\"https:\/\/www.sigmatools.com.br\/site\/produto\/bancada-de-trabalho-7-em-1\/#primaryimage\"},\"thumbnailUrl\":\"https:\/\/www.sigmatools.com.br\/site\/wp-content\/uploads\/2025\/05\/8-2.jpg\",\"datePublished\":\"2025-05-14T14:19:04+00:00\",\"dateModified\":\"2026-04-02T09:18:18+00:00\",\"breadcrumb\":{\"@id\":\"https:\/\/www.sigmatools.com.br\/site\/produto\/bancada-de-trabalho-7-em-1\/#breadcrumb\"},\"inLanguage\":\"pt-BR\",\"potentialAction\":[{\"@type\":\"ReadAction\",\"target\":[\"https:\/\/www.sigmatools.com.br\/site\/produto\/bancada-de-trabalho-7-em-1\/\"]}]},{\"@type\":\"ImageObject\",\"inLanguage\":\"pt-BR\",\"@id\":\"https:\/\/www.sigmatools.com.br\/site\/produto\/bancada-de-trabalho-7-em-1\/#primaryimage\",\"url\":\"https:\/\/www.sigmatools.com.br\/site\/wp-content\/uploads\/2025\/05\/8-2.jpg\",\"contentUrl\":\"https:\/\/www.sigmatools.com.br\/site\/wp-content\/uploads\/2025\/05\/8-2.jpg\",\"width\":1000,\"height\":1000},{\"@type\":\"BreadcrumbList\",\"@id\":\"https:\/\/www.sigmatools.com.br\/site\/produto\/bancada-de-trabalho-7-em-1\/#breadcrumb\",\"itemListElement\":[{\"@type\":\"ListItem\",\"position\":1,\"name\":\"In\u00edcio\",\"item\":\"https:\/\/www.sigmatools.com.br\/site\/\"},{\"@type\":\"ListItem\",\"position\":2,\"name\":\"BANCADA DE TRABALHO 7 EM 1\"}]},{\"@type\":\"WebSite\",\"@id\":\"https:\/\/www.sigmatools.com.br\/site\/#website\",\"url\":\"https:\/\/www.sigmatools.com.br\/site\/\",\"name\":\"Sigma Tools\",\"description\":\"Equipamentos para Est\u00e9tica Automotiva e Oficina Mec\u00e2nica - Sigma Tools\",\"publisher\":{\"@id\":\"https:\/\/www.sigmatools.com.br\/site\/#organization\"},\"potentialAction\":[{\"@type\":\"SearchAction\",\"target\":{\"@type\":\"EntryPoint\",\"urlTemplate\":\"https:\/\/www.sigmatools.com.br\/site\/?s={search_term_string}\"},\"query-input\":{\"@type\":\"PropertyValueSpecification\",\"valueRequired\":true,\"valueName\":\"search_term_string\"}}],\"inLanguage\":\"pt-BR\"},{\"@type\":\"Organization\",\"@id\":\"https:\/\/www.sigmatools.com.br\/site\/#organization\",\"name\":\"SIGMA TOOLS\",\"url\":\"https:\/\/www.sigmatools.com.br\/site\/\",\"logo\":{\"@type\":\"ImageObject\",\"inLanguage\":\"pt-BR\",\"@id\":\"https:\/\/www.sigmatools.com.br\/site\/#\/schema\/logo\/image\/\",\"url\":\"https:\/\/www.sigmatools.com.br\/site\/wp-content\/uploads\/2020\/01\/logo-sigma.png\",\"contentUrl\":\"https:\/\/www.sigmatools.com.br\/site\/wp-content\/uploads\/2020\/01\/logo-sigma.png\",\"width\":152,\"height\":150,\"caption\":\"SIGMA TOOLS\"},\"image\":{\"@id\":\"https:\/\/www.sigmatools.com.br\/site\/#\/schema\/logo\/image\/\"},\"sameAs\":[\"https:\/\/www.facebook.com\/sigmatools\"]}]}<\/script>\n<!-- \/ Yoast SEO plugin. -->","yoast_head_json":{"title":"BANCADA DE TRABALHO 7 EM 1 - Sigma Tools","robots":{"index":"index","follow":"follow","max-snippet":"max-snippet:-1","max-image-preview":"max-image-preview:large","max-video-preview":"max-video-preview:-1"},"canonical":"https:\/\/www.sigmatools.com.br\/site\/produto\/bancada-de-trabalho-7-em-1\/","og_locale":"pt_BR","og_type":"article","og_title":"BANCADA DE TRABALHO 7 EM 1 - Sigma Tools","og_description":"C\u00f3digo do produto: 1206020005  C\u00f3digo de barras: 7908276665899    &nbsp;  Caracter\u00edsticas  \u2022 Design dobr\u00e1vel com dimens\u00f5es compactas para f\u00e1cil armazenamento; \u2022 Altura ajust\u00e1vel em dois n\u00edveis: 52 cm e 78 cm; \u2022 Constru\u00e7\u00e3o robusta em A\u00e7o, Alum\u00ednio, Pl\u00e1stico (PP, ABS, Nylon e TPR) com pintura resistente; \u2022 Roldanas universais e estrutura vers\u00e1til com 7 fun\u00e7\u00f5es; \u2022 Suporta at\u00e9 150 kg.  &nbsp;  Vantagens \u2022 F\u00e1cil de transportar e armazenar, ideal para espa\u00e7os limitados; \u2022 Versatilidade para m\u00faltiplas fun\u00e7\u00f5es em um \u00fanico equipamento; \u2022 Alta resist\u00eancia a impactos, com durabilidade prolongada; \u2022 Ajuste de altura ergon\u00f4mico para maior conforto no trabalho; \u2022 Estrutura est\u00e1vel e confi\u00e1vel mesmo em usos pesados.  &nbsp;  Aplica\u00e7\u00f5es Ideal para profissionais de manuten\u00e7\u00e3o, marcenaria, reformas, oficinas e transporte de cargas leves.  &nbsp;  &nbsp;","og_url":"https:\/\/www.sigmatools.com.br\/site\/produto\/bancada-de-trabalho-7-em-1\/","og_site_name":"Sigma Tools","article_publisher":"https:\/\/www.facebook.com\/sigmatools","article_modified_time":"2026-04-02T09:18:18+00:00","og_image":[{"width":1000,"height":1000,"url":"https:\/\/www.sigmatools.com.br\/site\/wp-content\/uploads\/2025\/05\/8-2.jpg","type":"image\/jpeg"}],"twitter_card":"summary_large_image","twitter_misc":{"Est. tempo de leitura":"1 minuto"},"schema":{"@context":"https:\/\/schema.org","@graph":[{"@type":"WebPage","@id":"https:\/\/www.sigmatools.com.br\/site\/produto\/bancada-de-trabalho-7-em-1\/","url":"https:\/\/www.sigmatools.com.br\/site\/produto\/bancada-de-trabalho-7-em-1\/","name":"BANCADA DE TRABALHO 7 EM 1 - Sigma Tools","isPartOf":{"@id":"https:\/\/www.sigmatools.com.br\/site\/#website"},"primaryImageOfPage":{"@id":"https:\/\/www.sigmatools.com.br\/site\/produto\/bancada-de-trabalho-7-em-1\/#primaryimage"},"image":{"@id":"https:\/\/www.sigmatools.com.br\/site\/produto\/bancada-de-trabalho-7-em-1\/#primaryimage"},"thumbnailUrl":"https:\/\/www.sigmatools.com.br\/site\/wp-content\/uploads\/2025\/05\/8-2.jpg","datePublished":"2025-05-14T14:19:04+00:00","dateModified":"2026-04-02T09:18:18+00:00","breadcrumb":{"@id":"https:\/\/www.sigmatools.com.br\/site\/produto\/bancada-de-trabalho-7-em-1\/#breadcrumb"},"inLanguage":"pt-BR","potentialAction":[{"@type":"ReadAction","target":["https:\/\/www.sigmatools.com.br\/site\/produto\/bancada-de-trabalho-7-em-1\/"]}]},{"@type":"ImageObject","inLanguage":"pt-BR","@id":"https:\/\/www.sigmatools.com.br\/site\/produto\/bancada-de-trabalho-7-em-1\/#primaryimage","url":"https:\/\/www.sigmatools.com.br\/site\/wp-content\/uploads\/2025\/05\/8-2.jpg","contentUrl":"https:\/\/www.sigmatools.com.br\/site\/wp-content\/uploads\/2025\/05\/8-2.jpg","width":1000,"height":1000},{"@type":"BreadcrumbList","@id":"https:\/\/www.sigmatools.com.br\/site\/produto\/bancada-de-trabalho-7-em-1\/#breadcrumb","itemListElement":[{"@type":"ListItem","position":1,"name":"In\u00edcio","item":"https:\/\/www.sigmatools.com.br\/site\/"},{"@type":"ListItem","position":2,"name":"BANCADA DE TRABALHO 7 EM 1"}]},{"@type":"WebSite","@id":"https:\/\/www.sigmatools.com.br\/site\/#website","url":"https:\/\/www.sigmatools.com.br\/site\/","name":"Sigma Tools","description":"Equipamentos para Est\u00e9tica Automotiva e Oficina Mec\u00e2nica - Sigma Tools","publisher":{"@id":"https:\/\/www.sigmatools.com.br\/site\/#organization"},"potentialAction":[{"@type":"SearchAction","target":{"@type":"EntryPoint","urlTemplate":"https:\/\/www.sigmatools.com.br\/site\/?s={search_term_string}"},"query-input":{"@type":"PropertyValueSpecification","valueRequired":true,"valueName":"search_term_string"}}],"inLanguage":"pt-BR"},{"@type":"Organization","@id":"https:\/\/www.sigmatools.com.br\/site\/#organization","name":"SIGMA TOOLS","url":"https:\/\/www.sigmatools.com.br\/site\/","logo":{"@type":"ImageObject","inLanguage":"pt-BR","@id":"https:\/\/www.sigmatools.com.br\/site\/#\/schema\/logo\/image\/","url":"https:\/\/www.sigmatools.com.br\/site\/wp-content\/uploads\/2020\/01\/logo-sigma.png","contentUrl":"https:\/\/www.sigmatools.com.br\/site\/wp-content\/uploads\/2020\/01\/logo-sigma.png","width":152,"height":150,"caption":"SIGMA TOOLS"},"image":{"@id":"https:\/\/www.sigmatools.com.br\/site\/#\/schema\/logo\/image\/"},"sameAs":["https:\/\/www.facebook.com\/sigmatools"]}]}},"_links":{"self":[{"href":"https:\/\/www.sigmatools.com.br\/site\/wp-json\/wp\/v2\/product\/10486","targetHints":{"allow":["GET"]}}],"collection":[{"href":"https:\/\/www.sigmatools.com.br\/site\/wp-json\/wp\/v2\/product"}],"about":[{"href":"https:\/\/www.sigmatools.com.br\/site\/wp-json\/wp\/v2\/types\/product"}],"replies":[{"embeddable":true,"href":"https:\/\/www.sigmatools.com.br\/site\/wp-json\/wp\/v2\/comments?post=10486"}],"wp:featuredmedia":[{"embeddable":true,"href":"https:\/\/www.sigmatools.com.br\/site\/wp-json\/wp\/v2\/media\/10493"}],"wp:attachment":[{"href":"https:\/\/www.sigmatools.com.br\/site\/wp-json\/wp\/v2\/media?parent=10486"}],"wp:term":[{"taxonomy":"product_brand","embeddable":true,"href":"https:\/\/www.sigmatools.com.br\/site\/wp-json\/wp\/v2\/product_brand?post=10486"},{"taxonomy":"product_cat","embeddable":true,"href":"https:\/\/www.sigmatools.com.br\/site\/wp-json\/wp\/v2\/product_cat?post=10486"},{"taxonomy":"product_tag","embeddable":true,"href":"https:\/\/www.sigmatools.com.br\/site\/wp-json\/wp\/v2\/product_tag?post=10486"}],"curies":[{"name":"wp","href":"https:\/\/api.w.org\/{rel}","templated":true}]}}