{"id":10526,"date":"2025-05-16T17:03:39","date_gmt":"2025-05-16T20:03:39","guid":{"rendered":"https:\/\/www.sigmatools.com.br\/site\/?post_type=product&#038;p=10526"},"modified":"2025-08-12T10:49:50","modified_gmt":"2025-08-12T13:49:50","slug":"teste-de-fluido-de-freio-por-ebulicao","status":"publish","type":"product","link":"https:\/\/www.sigmatools.com.br\/site\/produto\/teste-de-fluido-de-freio-por-ebulicao\/","title":{"rendered":"TESTE DE FLUIDO DE FREIO POR EBULI\u00c7\u00c3O"},"content":{"rendered":"","protected":false},"excerpt":{"rendered":"<p><strong>C\u00f3digo do produto:<\/strong> 0809000107<\/p>\n<p><strong>C\u00f3digo de barras:\u00a0<\/strong>7908276669316<\/p>\n<p>&nbsp;<\/p>\n<iframe title=\"YouTube video player\" src=\"https:\/\/www.youtube.com\/embed\/QwGGhKcbq7I?si=he5nUbyooNbQa5Zq\" width=\"315\" height=\"560\" frameborder=\"0\" allowfullscreen=\"allowfullscreen\"><span data-mce-type=\"bookmark\" style=\"display: inline-block; width: 0px; overflow: hidden; line-height: 0;\" class=\"mce_SELRES_start\">\ufeff<\/span><\/iframe>\n<p>&nbsp;<\/p>\n<p>&nbsp;<\/p>\n<p><strong>Caracter\u00edsticas<\/strong><\/p>\n<p>\u2022 Display digital exclusivo para leitura direta da umidade no fluido de freio;<br \/>\n\u2022 6 LEDs indicativos do estado do fluido (seco, aceit\u00e1vel ou contaminado).;<br \/>\n\u2022 Seletor de tipo de fluido: compat\u00edvel com DOT 3, DOT 4 e DOT 5.1;<br \/>\n\u2022 Alerta sonoro autom\u00e1tico quando a umidade ultrapassa 3%;<br \/>\n\u2022 Tecnologia eletrol\u00edtica comparativa para detec\u00e7\u00e3o precisa da umidade;<br \/>\n\u2022 Opera\u00e7\u00e3o simples: insira a sonda e pressione o bot\u00e3o para resultado imediato;<br \/>\n\u2022 Design port\u00e1til e de f\u00e1cil manuseio, ideal para uso em oficinas e centros automotivos.<\/p>\n<p>&nbsp;<\/p>\n<p><strong>Vantagens<\/strong><br \/>\n\u2022 Detecta com precis\u00e3o o excesso de umidade que reduz o ponto de ebuli\u00e7\u00e3o do fluido, prevenindo falhas<br \/>\nnos freios;<br \/>\n\u2022 Rapidez no diagn\u00f3stico: Resultado em segundos, otimizando o tempo de inspe\u00e7\u00e3o;<br \/>\n\u2022 Versatilidade: Compat\u00edvel com os principais tipos de fluido de freio do mercado;<br \/>\n\u2022 Visual e sonoro: F\u00e1cil interpreta\u00e7\u00e3o dos resultados por meio de LED e alarme sonoro;<br \/>\n\u2022 Precis\u00e3o e confiabilidade.<\/p>\n<p>&nbsp;<\/p>\n<p><strong>Aplica\u00e7\u00f5es<\/strong><br \/>\nIdeal para oficinas mec\u00e2nicas, centros de manuten\u00e7\u00e3o automotiva, check-ups em concession\u00e1rias, inspe\u00e7\u00f5es<br \/>\nem frotas e uso por t\u00e9cnicos automotivos.<\/p>\n<p>&nbsp;<\/p>\n<p>&nbsp;<\/p>\n[button size=\"small\" icon=\"\" target=\"_blank\" text_align=\"left\" text=\"Informativo\" link=\"http:\/\/www.sigmatools.com.br\/site\/arquivos\/informativos\/TESTE%20DE%20FLUIDO%20DE%20FREIO%20POR%20EBULICAO%20-%20INFO.pdf\" color=\"#ffffff\" hover_color=\"#ffffff\" background_color=\"#353535\" hover_background_color=\"#dd3333\" border_color=\"#353535\" hover_border_color=\"#dd3333\"]","protected":false},"featured_media":10613,"comment_status":"open","ping_status":"closed","template":"","meta":{"_jet_sm_ready_style":"","_jet_sm_style":"","_jet_sm_controls_values":"","_jet_sm_fonts_collection":"","_jet_sm_fonts_links":""},"product_brand":[],"product_cat":[218,232,60,15],"product_tag":[],"class_list":{"0":"post-10526","1":"product","2":"type-product","3":"status-publish","4":"has-post-thumbnail","6":"product_cat-destaque","7":"product_cat-ferramentas-especiais","8":"product_cat-catalogo-geral","9":"product_cat-sigma-tools","11":"first","12":"instock","13":"shipping-taxable","14":"product-type-simple"},"yoast_head":"<!-- This site is optimized with the Yoast SEO plugin v27.1.1 - https:\/\/yoast.com\/product\/yoast-seo-wordpress\/ -->\n<title>TESTE DE FLUIDO DE FREIO POR EBULI\u00c7\u00c3O - Sigma Tools<\/title>\n<meta name=\"robots\" content=\"index, follow, max-snippet:-1, max-image-preview:large, max-video-preview:-1\" \/>\n<link rel=\"canonical\" href=\"https:\/\/www.sigmatools.com.br\/site\/produto\/teste-de-fluido-de-freio-por-ebulicao\/\" \/>\n<meta property=\"og:locale\" content=\"pt_BR\" \/>\n<meta property=\"og:type\" content=\"article\" \/>\n<meta property=\"og:title\" content=\"TESTE DE FLUIDO DE FREIO POR EBULI\u00c7\u00c3O - Sigma Tools\" \/>\n<meta property=\"og:description\" content=\"C\u00f3digo do produto: 0809000107  C\u00f3digo de barras:\u00a07908276669316  &nbsp;  \ufeff  &nbsp;  &nbsp;  Caracter\u00edsticas  \u2022 Display digital exclusivo para leitura direta da umidade no fluido de freio; \u2022 6 LEDs indicativos do estado do fluido (seco, aceit\u00e1vel ou contaminado).; \u2022 Seletor de tipo de fluido: compat\u00edvel com DOT 3, DOT 4 e DOT 5.1; \u2022 Alerta sonoro autom\u00e1tico quando a umidade ultrapassa 3%; \u2022 Tecnologia eletrol\u00edtica comparativa para detec\u00e7\u00e3o precisa da umidade; \u2022 Opera\u00e7\u00e3o simples: insira a sonda e pressione o bot\u00e3o para resultado imediato; \u2022 Design port\u00e1til e de f\u00e1cil manuseio, ideal para uso em oficinas e centros automotivos.  &nbsp;  Vantagens \u2022 Detecta com precis\u00e3o o excesso de umidade que reduz o ponto de ebuli\u00e7\u00e3o do fluido, prevenindo falhas nos freios; \u2022 Rapidez no diagn\u00f3stico: Resultado em segundos, otimizando o tempo de inspe\u00e7\u00e3o; \u2022 Versatilidade: Compat\u00edvel com os principais tipos de fluido de freio do mercado; \u2022 Visual e sonoro: F\u00e1cil interpreta\u00e7\u00e3o dos resultados por meio de LED e alarme sonoro; \u2022 Precis\u00e3o e confiabilidade.  &nbsp;  Aplica\u00e7\u00f5es Ideal para oficinas mec\u00e2nicas, centros de manuten\u00e7\u00e3o automotiva, check-ups em concession\u00e1rias, inspe\u00e7\u00f5es em frotas e uso por t\u00e9cnicos automotivos.  &nbsp;  &nbsp;\" \/>\n<meta property=\"og:url\" content=\"https:\/\/www.sigmatools.com.br\/site\/produto\/teste-de-fluido-de-freio-por-ebulicao\/\" \/>\n<meta property=\"og:site_name\" content=\"Sigma Tools\" \/>\n<meta property=\"article:publisher\" content=\"https:\/\/www.facebook.com\/sigmatools\" \/>\n<meta property=\"article:modified_time\" content=\"2025-08-12T13:49:50+00:00\" \/>\n<meta property=\"og:image\" content=\"https:\/\/www.sigmatools.com.br\/site\/wp-content\/uploads\/2025\/05\/DSC_0112-1000x1000-1.png\" \/>\n\t<meta property=\"og:image:width\" content=\"1000\" \/>\n\t<meta property=\"og:image:height\" content=\"1000\" \/>\n\t<meta property=\"og:image:type\" content=\"image\/png\" \/>\n<meta name=\"twitter:card\" content=\"summary_large_image\" \/>\n<meta name=\"twitter:label1\" content=\"Est. tempo de leitura\" \/>\n\t<meta name=\"twitter:data1\" content=\"1 minuto\" \/>\n<script type=\"application\/ld+json\" class=\"yoast-schema-graph\">{\"@context\":\"https:\/\/schema.org\",\"@graph\":[{\"@type\":\"WebPage\",\"@id\":\"https:\/\/www.sigmatools.com.br\/site\/produto\/teste-de-fluido-de-freio-por-ebulicao\/\",\"url\":\"https:\/\/www.sigmatools.com.br\/site\/produto\/teste-de-fluido-de-freio-por-ebulicao\/\",\"name\":\"TESTE DE FLUIDO DE FREIO POR EBULI\u00c7\u00c3O - Sigma Tools\",\"isPartOf\":{\"@id\":\"https:\/\/www.sigmatools.com.br\/site\/#website\"},\"primaryImageOfPage\":{\"@id\":\"https:\/\/www.sigmatools.com.br\/site\/produto\/teste-de-fluido-de-freio-por-ebulicao\/#primaryimage\"},\"image\":{\"@id\":\"https:\/\/www.sigmatools.com.br\/site\/produto\/teste-de-fluido-de-freio-por-ebulicao\/#primaryimage\"},\"thumbnailUrl\":\"https:\/\/www.sigmatools.com.br\/site\/wp-content\/uploads\/2025\/05\/DSC_0112-1000x1000-1.png\",\"datePublished\":\"2025-05-16T20:03:39+00:00\",\"dateModified\":\"2025-08-12T13:49:50+00:00\",\"breadcrumb\":{\"@id\":\"https:\/\/www.sigmatools.com.br\/site\/produto\/teste-de-fluido-de-freio-por-ebulicao\/#breadcrumb\"},\"inLanguage\":\"pt-BR\",\"potentialAction\":[{\"@type\":\"ReadAction\",\"target\":[\"https:\/\/www.sigmatools.com.br\/site\/produto\/teste-de-fluido-de-freio-por-ebulicao\/\"]}]},{\"@type\":\"ImageObject\",\"inLanguage\":\"pt-BR\",\"@id\":\"https:\/\/www.sigmatools.com.br\/site\/produto\/teste-de-fluido-de-freio-por-ebulicao\/#primaryimage\",\"url\":\"https:\/\/www.sigmatools.com.br\/site\/wp-content\/uploads\/2025\/05\/DSC_0112-1000x1000-1.png\",\"contentUrl\":\"https:\/\/www.sigmatools.com.br\/site\/wp-content\/uploads\/2025\/05\/DSC_0112-1000x1000-1.png\",\"width\":1000,\"height\":1000},{\"@type\":\"BreadcrumbList\",\"@id\":\"https:\/\/www.sigmatools.com.br\/site\/produto\/teste-de-fluido-de-freio-por-ebulicao\/#breadcrumb\",\"itemListElement\":[{\"@type\":\"ListItem\",\"position\":1,\"name\":\"In\u00edcio\",\"item\":\"https:\/\/www.sigmatools.com.br\/site\/\"},{\"@type\":\"ListItem\",\"position\":2,\"name\":\"TESTE DE FLUIDO DE FREIO POR EBULI\u00c7\u00c3O\"}]},{\"@type\":\"WebSite\",\"@id\":\"https:\/\/www.sigmatools.com.br\/site\/#website\",\"url\":\"https:\/\/www.sigmatools.com.br\/site\/\",\"name\":\"Sigma Tools\",\"description\":\"Equipamentos para Est\u00e9tica Automotiva e Oficina Mec\u00e2nica - Sigma Tools\",\"publisher\":{\"@id\":\"https:\/\/www.sigmatools.com.br\/site\/#organization\"},\"potentialAction\":[{\"@type\":\"SearchAction\",\"target\":{\"@type\":\"EntryPoint\",\"urlTemplate\":\"https:\/\/www.sigmatools.com.br\/site\/?s={search_term_string}\"},\"query-input\":{\"@type\":\"PropertyValueSpecification\",\"valueRequired\":true,\"valueName\":\"search_term_string\"}}],\"inLanguage\":\"pt-BR\"},{\"@type\":\"Organization\",\"@id\":\"https:\/\/www.sigmatools.com.br\/site\/#organization\",\"name\":\"SIGMA TOOLS\",\"url\":\"https:\/\/www.sigmatools.com.br\/site\/\",\"logo\":{\"@type\":\"ImageObject\",\"inLanguage\":\"pt-BR\",\"@id\":\"https:\/\/www.sigmatools.com.br\/site\/#\/schema\/logo\/image\/\",\"url\":\"https:\/\/www.sigmatools.com.br\/site\/wp-content\/uploads\/2020\/01\/logo-sigma.png\",\"contentUrl\":\"https:\/\/www.sigmatools.com.br\/site\/wp-content\/uploads\/2020\/01\/logo-sigma.png\",\"width\":152,\"height\":150,\"caption\":\"SIGMA TOOLS\"},\"image\":{\"@id\":\"https:\/\/www.sigmatools.com.br\/site\/#\/schema\/logo\/image\/\"},\"sameAs\":[\"https:\/\/www.facebook.com\/sigmatools\"]}]}<\/script>\n<!-- \/ Yoast SEO plugin. -->","yoast_head_json":{"title":"TESTE DE FLUIDO DE FREIO POR EBULI\u00c7\u00c3O - Sigma Tools","robots":{"index":"index","follow":"follow","max-snippet":"max-snippet:-1","max-image-preview":"max-image-preview:large","max-video-preview":"max-video-preview:-1"},"canonical":"https:\/\/www.sigmatools.com.br\/site\/produto\/teste-de-fluido-de-freio-por-ebulicao\/","og_locale":"pt_BR","og_type":"article","og_title":"TESTE DE FLUIDO DE FREIO POR EBULI\u00c7\u00c3O - Sigma Tools","og_description":"C\u00f3digo do produto: 0809000107  C\u00f3digo de barras:\u00a07908276669316  &nbsp;  \ufeff  &nbsp;  &nbsp;  Caracter\u00edsticas  \u2022 Display digital exclusivo para leitura direta da umidade no fluido de freio; \u2022 6 LEDs indicativos do estado do fluido (seco, aceit\u00e1vel ou contaminado).; \u2022 Seletor de tipo de fluido: compat\u00edvel com DOT 3, DOT 4 e DOT 5.1; \u2022 Alerta sonoro autom\u00e1tico quando a umidade ultrapassa 3%; \u2022 Tecnologia eletrol\u00edtica comparativa para detec\u00e7\u00e3o precisa da umidade; \u2022 Opera\u00e7\u00e3o simples: insira a sonda e pressione o bot\u00e3o para resultado imediato; \u2022 Design port\u00e1til e de f\u00e1cil manuseio, ideal para uso em oficinas e centros automotivos.  &nbsp;  Vantagens \u2022 Detecta com precis\u00e3o o excesso de umidade que reduz o ponto de ebuli\u00e7\u00e3o do fluido, prevenindo falhas nos freios; \u2022 Rapidez no diagn\u00f3stico: Resultado em segundos, otimizando o tempo de inspe\u00e7\u00e3o; \u2022 Versatilidade: Compat\u00edvel com os principais tipos de fluido de freio do mercado; \u2022 Visual e sonoro: F\u00e1cil interpreta\u00e7\u00e3o dos resultados por meio de LED e alarme sonoro; \u2022 Precis\u00e3o e confiabilidade.  &nbsp;  Aplica\u00e7\u00f5es Ideal para oficinas mec\u00e2nicas, centros de manuten\u00e7\u00e3o automotiva, check-ups em concession\u00e1rias, inspe\u00e7\u00f5es em frotas e uso por t\u00e9cnicos automotivos.  &nbsp;  &nbsp;","og_url":"https:\/\/www.sigmatools.com.br\/site\/produto\/teste-de-fluido-de-freio-por-ebulicao\/","og_site_name":"Sigma Tools","article_publisher":"https:\/\/www.facebook.com\/sigmatools","article_modified_time":"2025-08-12T13:49:50+00:00","og_image":[{"width":1000,"height":1000,"url":"https:\/\/www.sigmatools.com.br\/site\/wp-content\/uploads\/2025\/05\/DSC_0112-1000x1000-1.png","type":"image\/png"}],"twitter_card":"summary_large_image","twitter_misc":{"Est. tempo de leitura":"1 minuto"},"schema":{"@context":"https:\/\/schema.org","@graph":[{"@type":"WebPage","@id":"https:\/\/www.sigmatools.com.br\/site\/produto\/teste-de-fluido-de-freio-por-ebulicao\/","url":"https:\/\/www.sigmatools.com.br\/site\/produto\/teste-de-fluido-de-freio-por-ebulicao\/","name":"TESTE DE FLUIDO DE FREIO POR EBULI\u00c7\u00c3O - Sigma Tools","isPartOf":{"@id":"https:\/\/www.sigmatools.com.br\/site\/#website"},"primaryImageOfPage":{"@id":"https:\/\/www.sigmatools.com.br\/site\/produto\/teste-de-fluido-de-freio-por-ebulicao\/#primaryimage"},"image":{"@id":"https:\/\/www.sigmatools.com.br\/site\/produto\/teste-de-fluido-de-freio-por-ebulicao\/#primaryimage"},"thumbnailUrl":"https:\/\/www.sigmatools.com.br\/site\/wp-content\/uploads\/2025\/05\/DSC_0112-1000x1000-1.png","datePublished":"2025-05-16T20:03:39+00:00","dateModified":"2025-08-12T13:49:50+00:00","breadcrumb":{"@id":"https:\/\/www.sigmatools.com.br\/site\/produto\/teste-de-fluido-de-freio-por-ebulicao\/#breadcrumb"},"inLanguage":"pt-BR","potentialAction":[{"@type":"ReadAction","target":["https:\/\/www.sigmatools.com.br\/site\/produto\/teste-de-fluido-de-freio-por-ebulicao\/"]}]},{"@type":"ImageObject","inLanguage":"pt-BR","@id":"https:\/\/www.sigmatools.com.br\/site\/produto\/teste-de-fluido-de-freio-por-ebulicao\/#primaryimage","url":"https:\/\/www.sigmatools.com.br\/site\/wp-content\/uploads\/2025\/05\/DSC_0112-1000x1000-1.png","contentUrl":"https:\/\/www.sigmatools.com.br\/site\/wp-content\/uploads\/2025\/05\/DSC_0112-1000x1000-1.png","width":1000,"height":1000},{"@type":"BreadcrumbList","@id":"https:\/\/www.sigmatools.com.br\/site\/produto\/teste-de-fluido-de-freio-por-ebulicao\/#breadcrumb","itemListElement":[{"@type":"ListItem","position":1,"name":"In\u00edcio","item":"https:\/\/www.sigmatools.com.br\/site\/"},{"@type":"ListItem","position":2,"name":"TESTE DE FLUIDO DE FREIO POR EBULI\u00c7\u00c3O"}]},{"@type":"WebSite","@id":"https:\/\/www.sigmatools.com.br\/site\/#website","url":"https:\/\/www.sigmatools.com.br\/site\/","name":"Sigma Tools","description":"Equipamentos para Est\u00e9tica Automotiva e Oficina Mec\u00e2nica - Sigma Tools","publisher":{"@id":"https:\/\/www.sigmatools.com.br\/site\/#organization"},"potentialAction":[{"@type":"SearchAction","target":{"@type":"EntryPoint","urlTemplate":"https:\/\/www.sigmatools.com.br\/site\/?s={search_term_string}"},"query-input":{"@type":"PropertyValueSpecification","valueRequired":true,"valueName":"search_term_string"}}],"inLanguage":"pt-BR"},{"@type":"Organization","@id":"https:\/\/www.sigmatools.com.br\/site\/#organization","name":"SIGMA TOOLS","url":"https:\/\/www.sigmatools.com.br\/site\/","logo":{"@type":"ImageObject","inLanguage":"pt-BR","@id":"https:\/\/www.sigmatools.com.br\/site\/#\/schema\/logo\/image\/","url":"https:\/\/www.sigmatools.com.br\/site\/wp-content\/uploads\/2020\/01\/logo-sigma.png","contentUrl":"https:\/\/www.sigmatools.com.br\/site\/wp-content\/uploads\/2020\/01\/logo-sigma.png","width":152,"height":150,"caption":"SIGMA TOOLS"},"image":{"@id":"https:\/\/www.sigmatools.com.br\/site\/#\/schema\/logo\/image\/"},"sameAs":["https:\/\/www.facebook.com\/sigmatools"]}]}},"_links":{"self":[{"href":"https:\/\/www.sigmatools.com.br\/site\/wp-json\/wp\/v2\/product\/10526","targetHints":{"allow":["GET"]}}],"collection":[{"href":"https:\/\/www.sigmatools.com.br\/site\/wp-json\/wp\/v2\/product"}],"about":[{"href":"https:\/\/www.sigmatools.com.br\/site\/wp-json\/wp\/v2\/types\/product"}],"replies":[{"embeddable":true,"href":"https:\/\/www.sigmatools.com.br\/site\/wp-json\/wp\/v2\/comments?post=10526"}],"wp:featuredmedia":[{"embeddable":true,"href":"https:\/\/www.sigmatools.com.br\/site\/wp-json\/wp\/v2\/media\/10613"}],"wp:attachment":[{"href":"https:\/\/www.sigmatools.com.br\/site\/wp-json\/wp\/v2\/media?parent=10526"}],"wp:term":[{"taxonomy":"product_brand","embeddable":true,"href":"https:\/\/www.sigmatools.com.br\/site\/wp-json\/wp\/v2\/product_brand?post=10526"},{"taxonomy":"product_cat","embeddable":true,"href":"https:\/\/www.sigmatools.com.br\/site\/wp-json\/wp\/v2\/product_cat?post=10526"},{"taxonomy":"product_tag","embeddable":true,"href":"https:\/\/www.sigmatools.com.br\/site\/wp-json\/wp\/v2\/product_tag?post=10526"}],"curies":[{"name":"wp","href":"https:\/\/api.w.org\/{rel}","templated":true}]}}