{"id":10527,"date":"2025-05-16T17:05:35","date_gmt":"2025-05-16T20:05:35","guid":{"rendered":"https:\/\/www.sigmatools.com.br\/site\/?post_type=product&#038;p=10527"},"modified":"2025-08-12T10:48:30","modified_gmt":"2025-08-12T13:48:30","slug":"sgt-9903k-kit-de-ferramentas-para-retornar-embolo-da-pinca-de-freio-traseiro-pneumatico-16-pecas","status":"publish","type":"product","link":"https:\/\/www.sigmatools.com.br\/site\/produto\/sgt-9903k-kit-de-ferramentas-para-retornar-embolo-da-pinca-de-freio-traseiro-pneumatico-16-pecas\/","title":{"rendered":"SGT-9903K &#8211; KIT DE FERRAMENTAS PARA RETORNAR EMBOLO DA PIN\u00c7A DE FREIO TRASEIRO (PNEUM\u00c1TICO) &#8211; 16 PE\u00c7AS"},"content":{"rendered":"","protected":false},"excerpt":{"rendered":"<p><strong>C\u00f3digo do produto:<\/strong> 0701990300<\/p>\n<p><strong>C\u00f3digo de barras:\u00a0<\/strong>7908276669330<\/p>\n<p>&nbsp;<\/p>\n<iframe title=\"YouTube video player\" src=\"https:\/\/www.youtube.com\/embed\/xX-FnLRg_cQ?si=M1YQJuv5foOACquN\" width=\"315\" height=\"560\" frameborder=\"0\" allowfullscreen=\"allowfullscreen\"><span data-mce-type=\"bookmark\" style=\"display: inline-block; width: 0px; overflow: hidden; line-height: 0;\" class=\"mce_SELRES_start\">\ufeff<\/span><\/iframe>\n<p>&nbsp;<\/p>\n<p>&nbsp;<\/p>\n<p><strong>Caracter\u00edsticas<\/strong><\/p>\n<p>\u2022 Al\u00e7a rotativa de 360\u00b0 compat\u00edvel com pist\u00f5es de pin\u00e7a esquerda ou direita;<br \/>\n\u2022 Inclui 23 adaptadores e 1 plugue substitu\u00edvel;<br \/>\n\u2022 Compatibilidade universal com diversas marcas e modelos de ve\u00edculos;<br \/>\n\u2022 Acompanha maleta resistente para transporte e armazenamento.<\/p>\n<p>&nbsp;<\/p>\n<p><strong>Vantagens<\/strong><br \/>\n\u2022 Evita danos aos pist\u00f5es e veda\u00e7\u00f5es durante a substitui\u00e7\u00e3o das pastilhas;<br \/>\n\u2022 Adaptadores variados garantem ampla cobertura de aplica\u00e7\u00f5es;<br \/>\n\u2022 Organiza\u00e7\u00e3o pr\u00e1tica com identifica\u00e7\u00e3o r\u00e1pida dos componentes;<br \/>\n\u2022 F\u00e1cil de transportar, armazenar e manter em boas condi\u00e7\u00f5es;<br \/>\n\u2022 Economia de tempo e esfor\u00e7o nos procedimentos de manuten\u00e7\u00e3o.<\/p>\n<p>&nbsp;<\/p>\n<p><strong>Aplica\u00e7\u00f5es<\/strong><br \/>\nIdeal para oficinas mec\u00e2nicas e profissionais que realizam servi\u00e7os de freio em diversos tipos de ve\u00edculos.<\/p>\n<p>&nbsp;<\/p>\n<p>&nbsp;<\/p>\n[button size=\"small\" icon=\"\" target=\"_blank\" text_align=\"left\" text=\"Informativo\" link=\"http:\/\/www.sigmatools.com.br\/site\/arquivos\/informativos\/SGT-9903K%20-%20KIT%20DE%20FERRAMENTAS%20PARA%20RETORNAR%20EMBOLO%20-%20INFO.pdf\" color=\"#ffffff\" hover_color=\"#ffffff\" background_color=\"#353535\" hover_background_color=\"#dd3333\" border_color=\"#353535\" hover_border_color=\"#dd3333\"]","protected":false},"featured_media":11089,"comment_status":"open","ping_status":"closed","template":"","meta":{"_jet_sm_ready_style":"","_jet_sm_style":"","_jet_sm_controls_values":"","_jet_sm_fonts_collection":"","_jet_sm_fonts_links":""},"product_brand":[],"product_cat":[218,232,60,15],"product_tag":[],"class_list":{"0":"post-10527","1":"product","2":"type-product","3":"status-publish","4":"has-post-thumbnail","6":"product_cat-destaque","7":"product_cat-ferramentas-especiais","8":"product_cat-catalogo-geral","9":"product_cat-sigma-tools","11":"first","12":"instock","13":"shipping-taxable","14":"product-type-simple"},"yoast_head":"<!-- This site is optimized with the Yoast SEO plugin v27.1.1 - https:\/\/yoast.com\/product\/yoast-seo-wordpress\/ -->\n<title>SGT-9903K - KIT DE FERRAMENTAS PARA RETORNAR EMBOLO DA PIN\u00c7A DE FREIO TRASEIRO (PNEUM\u00c1TICO) - 16 PE\u00c7AS - Sigma Tools<\/title>\n<meta name=\"robots\" content=\"index, follow, max-snippet:-1, max-image-preview:large, max-video-preview:-1\" \/>\n<link rel=\"canonical\" href=\"https:\/\/www.sigmatools.com.br\/site\/produto\/sgt-9903k-kit-de-ferramentas-para-retornar-embolo-da-pinca-de-freio-traseiro-pneumatico-16-pecas\/\" \/>\n<meta property=\"og:locale\" content=\"pt_BR\" \/>\n<meta property=\"og:type\" content=\"article\" \/>\n<meta property=\"og:title\" content=\"SGT-9903K - KIT DE FERRAMENTAS PARA RETORNAR EMBOLO DA PIN\u00c7A DE FREIO TRASEIRO (PNEUM\u00c1TICO) - 16 PE\u00c7AS - Sigma Tools\" \/>\n<meta property=\"og:description\" content=\"C\u00f3digo do produto: 0701990300  C\u00f3digo de barras:\u00a07908276669330  &nbsp;  \ufeff  &nbsp;  &nbsp;  Caracter\u00edsticas  \u2022 Al\u00e7a rotativa de 360\u00b0 compat\u00edvel com pist\u00f5es de pin\u00e7a esquerda ou direita; \u2022 Inclui 23 adaptadores e 1 plugue substitu\u00edvel; \u2022 Compatibilidade universal com diversas marcas e modelos de ve\u00edculos; \u2022 Acompanha maleta resistente para transporte e armazenamento.  &nbsp;  Vantagens \u2022 Evita danos aos pist\u00f5es e veda\u00e7\u00f5es durante a substitui\u00e7\u00e3o das pastilhas; \u2022 Adaptadores variados garantem ampla cobertura de aplica\u00e7\u00f5es; \u2022 Organiza\u00e7\u00e3o pr\u00e1tica com identifica\u00e7\u00e3o r\u00e1pida dos componentes; \u2022 F\u00e1cil de transportar, armazenar e manter em boas condi\u00e7\u00f5es; \u2022 Economia de tempo e esfor\u00e7o nos procedimentos de manuten\u00e7\u00e3o.  &nbsp;  Aplica\u00e7\u00f5es Ideal para oficinas mec\u00e2nicas e profissionais que realizam servi\u00e7os de freio em diversos tipos de ve\u00edculos.  &nbsp;  &nbsp;\" \/>\n<meta property=\"og:url\" content=\"https:\/\/www.sigmatools.com.br\/site\/produto\/sgt-9903k-kit-de-ferramentas-para-retornar-embolo-da-pinca-de-freio-traseiro-pneumatico-16-pecas\/\" \/>\n<meta property=\"og:site_name\" content=\"Sigma Tools\" \/>\n<meta property=\"article:publisher\" content=\"https:\/\/www.facebook.com\/sigmatools\" \/>\n<meta property=\"article:modified_time\" content=\"2025-08-12T13:48:30+00:00\" \/>\n<meta property=\"og:image\" content=\"https:\/\/www.sigmatools.com.br\/site\/wp-content\/uploads\/2025\/05\/DSC_0058.jpg\" \/>\n\t<meta property=\"og:image:width\" content=\"1000\" \/>\n\t<meta property=\"og:image:height\" content=\"1000\" \/>\n\t<meta property=\"og:image:type\" content=\"image\/jpeg\" \/>\n<meta name=\"twitter:card\" content=\"summary_large_image\" \/>\n<meta name=\"twitter:label1\" content=\"Est. tempo de leitura\" \/>\n\t<meta name=\"twitter:data1\" content=\"1 minuto\" \/>\n<script type=\"application\/ld+json\" class=\"yoast-schema-graph\">{\"@context\":\"https:\/\/schema.org\",\"@graph\":[{\"@type\":\"WebPage\",\"@id\":\"https:\/\/www.sigmatools.com.br\/site\/produto\/sgt-9903k-kit-de-ferramentas-para-retornar-embolo-da-pinca-de-freio-traseiro-pneumatico-16-pecas\/\",\"url\":\"https:\/\/www.sigmatools.com.br\/site\/produto\/sgt-9903k-kit-de-ferramentas-para-retornar-embolo-da-pinca-de-freio-traseiro-pneumatico-16-pecas\/\",\"name\":\"SGT-9903K - KIT DE FERRAMENTAS PARA RETORNAR EMBOLO DA PIN\u00c7A DE FREIO TRASEIRO (PNEUM\u00c1TICO) - 16 PE\u00c7AS - Sigma Tools\",\"isPartOf\":{\"@id\":\"https:\/\/www.sigmatools.com.br\/site\/#website\"},\"primaryImageOfPage\":{\"@id\":\"https:\/\/www.sigmatools.com.br\/site\/produto\/sgt-9903k-kit-de-ferramentas-para-retornar-embolo-da-pinca-de-freio-traseiro-pneumatico-16-pecas\/#primaryimage\"},\"image\":{\"@id\":\"https:\/\/www.sigmatools.com.br\/site\/produto\/sgt-9903k-kit-de-ferramentas-para-retornar-embolo-da-pinca-de-freio-traseiro-pneumatico-16-pecas\/#primaryimage\"},\"thumbnailUrl\":\"https:\/\/www.sigmatools.com.br\/site\/wp-content\/uploads\/2025\/05\/DSC_0058.jpg\",\"datePublished\":\"2025-05-16T20:05:35+00:00\",\"dateModified\":\"2025-08-12T13:48:30+00:00\",\"breadcrumb\":{\"@id\":\"https:\/\/www.sigmatools.com.br\/site\/produto\/sgt-9903k-kit-de-ferramentas-para-retornar-embolo-da-pinca-de-freio-traseiro-pneumatico-16-pecas\/#breadcrumb\"},\"inLanguage\":\"pt-BR\",\"potentialAction\":[{\"@type\":\"ReadAction\",\"target\":[\"https:\/\/www.sigmatools.com.br\/site\/produto\/sgt-9903k-kit-de-ferramentas-para-retornar-embolo-da-pinca-de-freio-traseiro-pneumatico-16-pecas\/\"]}]},{\"@type\":\"ImageObject\",\"inLanguage\":\"pt-BR\",\"@id\":\"https:\/\/www.sigmatools.com.br\/site\/produto\/sgt-9903k-kit-de-ferramentas-para-retornar-embolo-da-pinca-de-freio-traseiro-pneumatico-16-pecas\/#primaryimage\",\"url\":\"https:\/\/www.sigmatools.com.br\/site\/wp-content\/uploads\/2025\/05\/DSC_0058.jpg\",\"contentUrl\":\"https:\/\/www.sigmatools.com.br\/site\/wp-content\/uploads\/2025\/05\/DSC_0058.jpg\",\"width\":1000,\"height\":1000},{\"@type\":\"BreadcrumbList\",\"@id\":\"https:\/\/www.sigmatools.com.br\/site\/produto\/sgt-9903k-kit-de-ferramentas-para-retornar-embolo-da-pinca-de-freio-traseiro-pneumatico-16-pecas\/#breadcrumb\",\"itemListElement\":[{\"@type\":\"ListItem\",\"position\":1,\"name\":\"In\u00edcio\",\"item\":\"https:\/\/www.sigmatools.com.br\/site\/\"},{\"@type\":\"ListItem\",\"position\":2,\"name\":\"SGT-9903K &#8211; KIT DE FERRAMENTAS PARA RETORNAR EMBOLO DA PIN\u00c7A DE FREIO TRASEIRO (PNEUM\u00c1TICO) &#8211; 16 PE\u00c7AS\"}]},{\"@type\":\"WebSite\",\"@id\":\"https:\/\/www.sigmatools.com.br\/site\/#website\",\"url\":\"https:\/\/www.sigmatools.com.br\/site\/\",\"name\":\"Sigma Tools\",\"description\":\"Equipamentos para Est\u00e9tica Automotiva e Oficina Mec\u00e2nica - Sigma Tools\",\"publisher\":{\"@id\":\"https:\/\/www.sigmatools.com.br\/site\/#organization\"},\"potentialAction\":[{\"@type\":\"SearchAction\",\"target\":{\"@type\":\"EntryPoint\",\"urlTemplate\":\"https:\/\/www.sigmatools.com.br\/site\/?s={search_term_string}\"},\"query-input\":{\"@type\":\"PropertyValueSpecification\",\"valueRequired\":true,\"valueName\":\"search_term_string\"}}],\"inLanguage\":\"pt-BR\"},{\"@type\":\"Organization\",\"@id\":\"https:\/\/www.sigmatools.com.br\/site\/#organization\",\"name\":\"SIGMA TOOLS\",\"url\":\"https:\/\/www.sigmatools.com.br\/site\/\",\"logo\":{\"@type\":\"ImageObject\",\"inLanguage\":\"pt-BR\",\"@id\":\"https:\/\/www.sigmatools.com.br\/site\/#\/schema\/logo\/image\/\",\"url\":\"https:\/\/www.sigmatools.com.br\/site\/wp-content\/uploads\/2020\/01\/logo-sigma.png\",\"contentUrl\":\"https:\/\/www.sigmatools.com.br\/site\/wp-content\/uploads\/2020\/01\/logo-sigma.png\",\"width\":152,\"height\":150,\"caption\":\"SIGMA TOOLS\"},\"image\":{\"@id\":\"https:\/\/www.sigmatools.com.br\/site\/#\/schema\/logo\/image\/\"},\"sameAs\":[\"https:\/\/www.facebook.com\/sigmatools\"]}]}<\/script>\n<!-- \/ Yoast SEO plugin. -->","yoast_head_json":{"title":"SGT-9903K - KIT DE FERRAMENTAS PARA RETORNAR EMBOLO DA PIN\u00c7A DE FREIO TRASEIRO (PNEUM\u00c1TICO) - 16 PE\u00c7AS - Sigma Tools","robots":{"index":"index","follow":"follow","max-snippet":"max-snippet:-1","max-image-preview":"max-image-preview:large","max-video-preview":"max-video-preview:-1"},"canonical":"https:\/\/www.sigmatools.com.br\/site\/produto\/sgt-9903k-kit-de-ferramentas-para-retornar-embolo-da-pinca-de-freio-traseiro-pneumatico-16-pecas\/","og_locale":"pt_BR","og_type":"article","og_title":"SGT-9903K - KIT DE FERRAMENTAS PARA RETORNAR EMBOLO DA PIN\u00c7A DE FREIO TRASEIRO (PNEUM\u00c1TICO) - 16 PE\u00c7AS - Sigma Tools","og_description":"C\u00f3digo do produto: 0701990300  C\u00f3digo de barras:\u00a07908276669330  &nbsp;  \ufeff  &nbsp;  &nbsp;  Caracter\u00edsticas  \u2022 Al\u00e7a rotativa de 360\u00b0 compat\u00edvel com pist\u00f5es de pin\u00e7a esquerda ou direita; \u2022 Inclui 23 adaptadores e 1 plugue substitu\u00edvel; \u2022 Compatibilidade universal com diversas marcas e modelos de ve\u00edculos; \u2022 Acompanha maleta resistente para transporte e armazenamento.  &nbsp;  Vantagens \u2022 Evita danos aos pist\u00f5es e veda\u00e7\u00f5es durante a substitui\u00e7\u00e3o das pastilhas; \u2022 Adaptadores variados garantem ampla cobertura de aplica\u00e7\u00f5es; \u2022 Organiza\u00e7\u00e3o pr\u00e1tica com identifica\u00e7\u00e3o r\u00e1pida dos componentes; \u2022 F\u00e1cil de transportar, armazenar e manter em boas condi\u00e7\u00f5es; \u2022 Economia de tempo e esfor\u00e7o nos procedimentos de manuten\u00e7\u00e3o.  &nbsp;  Aplica\u00e7\u00f5es Ideal para oficinas mec\u00e2nicas e profissionais que realizam servi\u00e7os de freio em diversos tipos de ve\u00edculos.  &nbsp;  &nbsp;","og_url":"https:\/\/www.sigmatools.com.br\/site\/produto\/sgt-9903k-kit-de-ferramentas-para-retornar-embolo-da-pinca-de-freio-traseiro-pneumatico-16-pecas\/","og_site_name":"Sigma Tools","article_publisher":"https:\/\/www.facebook.com\/sigmatools","article_modified_time":"2025-08-12T13:48:30+00:00","og_image":[{"width":1000,"height":1000,"url":"https:\/\/www.sigmatools.com.br\/site\/wp-content\/uploads\/2025\/05\/DSC_0058.jpg","type":"image\/jpeg"}],"twitter_card":"summary_large_image","twitter_misc":{"Est. tempo de leitura":"1 minuto"},"schema":{"@context":"https:\/\/schema.org","@graph":[{"@type":"WebPage","@id":"https:\/\/www.sigmatools.com.br\/site\/produto\/sgt-9903k-kit-de-ferramentas-para-retornar-embolo-da-pinca-de-freio-traseiro-pneumatico-16-pecas\/","url":"https:\/\/www.sigmatools.com.br\/site\/produto\/sgt-9903k-kit-de-ferramentas-para-retornar-embolo-da-pinca-de-freio-traseiro-pneumatico-16-pecas\/","name":"SGT-9903K - KIT DE FERRAMENTAS PARA RETORNAR EMBOLO DA PIN\u00c7A DE FREIO TRASEIRO (PNEUM\u00c1TICO) - 16 PE\u00c7AS - Sigma Tools","isPartOf":{"@id":"https:\/\/www.sigmatools.com.br\/site\/#website"},"primaryImageOfPage":{"@id":"https:\/\/www.sigmatools.com.br\/site\/produto\/sgt-9903k-kit-de-ferramentas-para-retornar-embolo-da-pinca-de-freio-traseiro-pneumatico-16-pecas\/#primaryimage"},"image":{"@id":"https:\/\/www.sigmatools.com.br\/site\/produto\/sgt-9903k-kit-de-ferramentas-para-retornar-embolo-da-pinca-de-freio-traseiro-pneumatico-16-pecas\/#primaryimage"},"thumbnailUrl":"https:\/\/www.sigmatools.com.br\/site\/wp-content\/uploads\/2025\/05\/DSC_0058.jpg","datePublished":"2025-05-16T20:05:35+00:00","dateModified":"2025-08-12T13:48:30+00:00","breadcrumb":{"@id":"https:\/\/www.sigmatools.com.br\/site\/produto\/sgt-9903k-kit-de-ferramentas-para-retornar-embolo-da-pinca-de-freio-traseiro-pneumatico-16-pecas\/#breadcrumb"},"inLanguage":"pt-BR","potentialAction":[{"@type":"ReadAction","target":["https:\/\/www.sigmatools.com.br\/site\/produto\/sgt-9903k-kit-de-ferramentas-para-retornar-embolo-da-pinca-de-freio-traseiro-pneumatico-16-pecas\/"]}]},{"@type":"ImageObject","inLanguage":"pt-BR","@id":"https:\/\/www.sigmatools.com.br\/site\/produto\/sgt-9903k-kit-de-ferramentas-para-retornar-embolo-da-pinca-de-freio-traseiro-pneumatico-16-pecas\/#primaryimage","url":"https:\/\/www.sigmatools.com.br\/site\/wp-content\/uploads\/2025\/05\/DSC_0058.jpg","contentUrl":"https:\/\/www.sigmatools.com.br\/site\/wp-content\/uploads\/2025\/05\/DSC_0058.jpg","width":1000,"height":1000},{"@type":"BreadcrumbList","@id":"https:\/\/www.sigmatools.com.br\/site\/produto\/sgt-9903k-kit-de-ferramentas-para-retornar-embolo-da-pinca-de-freio-traseiro-pneumatico-16-pecas\/#breadcrumb","itemListElement":[{"@type":"ListItem","position":1,"name":"In\u00edcio","item":"https:\/\/www.sigmatools.com.br\/site\/"},{"@type":"ListItem","position":2,"name":"SGT-9903K &#8211; KIT DE FERRAMENTAS PARA RETORNAR EMBOLO DA PIN\u00c7A DE FREIO TRASEIRO (PNEUM\u00c1TICO) &#8211; 16 PE\u00c7AS"}]},{"@type":"WebSite","@id":"https:\/\/www.sigmatools.com.br\/site\/#website","url":"https:\/\/www.sigmatools.com.br\/site\/","name":"Sigma Tools","description":"Equipamentos para Est\u00e9tica Automotiva e Oficina Mec\u00e2nica - Sigma Tools","publisher":{"@id":"https:\/\/www.sigmatools.com.br\/site\/#organization"},"potentialAction":[{"@type":"SearchAction","target":{"@type":"EntryPoint","urlTemplate":"https:\/\/www.sigmatools.com.br\/site\/?s={search_term_string}"},"query-input":{"@type":"PropertyValueSpecification","valueRequired":true,"valueName":"search_term_string"}}],"inLanguage":"pt-BR"},{"@type":"Organization","@id":"https:\/\/www.sigmatools.com.br\/site\/#organization","name":"SIGMA TOOLS","url":"https:\/\/www.sigmatools.com.br\/site\/","logo":{"@type":"ImageObject","inLanguage":"pt-BR","@id":"https:\/\/www.sigmatools.com.br\/site\/#\/schema\/logo\/image\/","url":"https:\/\/www.sigmatools.com.br\/site\/wp-content\/uploads\/2020\/01\/logo-sigma.png","contentUrl":"https:\/\/www.sigmatools.com.br\/site\/wp-content\/uploads\/2020\/01\/logo-sigma.png","width":152,"height":150,"caption":"SIGMA TOOLS"},"image":{"@id":"https:\/\/www.sigmatools.com.br\/site\/#\/schema\/logo\/image\/"},"sameAs":["https:\/\/www.facebook.com\/sigmatools"]}]}},"_links":{"self":[{"href":"https:\/\/www.sigmatools.com.br\/site\/wp-json\/wp\/v2\/product\/10527","targetHints":{"allow":["GET"]}}],"collection":[{"href":"https:\/\/www.sigmatools.com.br\/site\/wp-json\/wp\/v2\/product"}],"about":[{"href":"https:\/\/www.sigmatools.com.br\/site\/wp-json\/wp\/v2\/types\/product"}],"replies":[{"embeddable":true,"href":"https:\/\/www.sigmatools.com.br\/site\/wp-json\/wp\/v2\/comments?post=10527"}],"wp:featuredmedia":[{"embeddable":true,"href":"https:\/\/www.sigmatools.com.br\/site\/wp-json\/wp\/v2\/media\/11089"}],"wp:attachment":[{"href":"https:\/\/www.sigmatools.com.br\/site\/wp-json\/wp\/v2\/media?parent=10527"}],"wp:term":[{"taxonomy":"product_brand","embeddable":true,"href":"https:\/\/www.sigmatools.com.br\/site\/wp-json\/wp\/v2\/product_brand?post=10527"},{"taxonomy":"product_cat","embeddable":true,"href":"https:\/\/www.sigmatools.com.br\/site\/wp-json\/wp\/v2\/product_cat?post=10527"},{"taxonomy":"product_tag","embeddable":true,"href":"https:\/\/www.sigmatools.com.br\/site\/wp-json\/wp\/v2\/product_tag?post=10527"}],"curies":[{"name":"wp","href":"https:\/\/api.w.org\/{rel}","templated":true}]}}