{"id":10534,"date":"2025-05-16T17:18:55","date_gmt":"2025-05-16T20:18:55","guid":{"rendered":"https:\/\/www.sigmatools.com.br\/site\/?post_type=product&#038;p=10534"},"modified":"2025-08-12T10:36:35","modified_gmt":"2025-08-12T13:36:35","slug":"encolhedor-de-molas-para-uso-em-pneumatica","status":"publish","type":"product","link":"https:\/\/www.sigmatools.com.br\/site\/produto\/encolhedor-de-molas-para-uso-em-pneumatica\/","title":{"rendered":"ENCOLHEDOR DE MOLAS &#8211; PARA USO EM PNEUM\u00c1TICA"},"content":{"rendered":"","protected":false},"excerpt":{"rendered":"<p><strong>C\u00f3digo do produto:<\/strong> 0699940031<\/p>\n<p><strong>C\u00f3digo de barras:\u00a0<\/strong>7908276669002<\/p>\n<p>&nbsp;<\/p>\n<iframe title=\"YouTube video player\" src=\"https:\/\/www.youtube.com\/embed\/kiypgg3zK3c?si=MykiT20-Ie8nqsuX\" width=\"315\" height=\"560\" frameborder=\"0\" allowfullscreen=\"allowfullscreen\"><span data-mce-type=\"bookmark\" style=\"display: inline-block; width: 0px; overflow: hidden; line-height: 0;\" class=\"mce_SELRES_start\">\ufeff<\/span><\/iframe>\n<p>&nbsp;<\/p>\n<p>&nbsp;<\/p>\n<p><strong>Caracter\u00edsticas<\/strong><\/p>\n<p>\u2022 Estrutura refor\u00e7ada com suporte retr\u00e1til que garante compress\u00e3o paralela segura e est\u00e1vel;<br \/>\n\u2022 Ganchos robustos com porcas hexagonais facilitam o encaixe e a compress\u00e3o das molas;<br \/>\n\u2022 Suporta at\u00e9 1.200 kg, ideal para ve\u00edculos leves ou pesados;<br \/>\n\u2022 Fabricado em a\u00e7o carbono #45 com acabamento oxidado preto para maior durabilidade e resist\u00eancia \u00e0<br \/>\ncorros\u00e3o;<br \/>\n\u2022 Compat\u00edvel com sistemas pneum\u00e1ticos e de catraca manual;<br \/>\n\u2022 Acompanha maleta para transporte e armazenamento.<\/p>\n<p>&nbsp;<\/p>\n<p><strong>Vantagens<\/strong><br \/>\n\u2022 Reduz riscos de flex\u00e3o e deforma\u00e7\u00e3o mesmo sob alta carga;<br \/>\n\u2022 Proporciona seguran\u00e7a e precis\u00e3o durante a compress\u00e3o de molas helicoidais;<br \/>\n\u2022 Ideal para oficinas que trabalham com suspens\u00e3o automotiva;<br \/>\n\u2022 Design resistente e dur\u00e1vel para uso profissional intensivo;<br \/>\n\u2022 F\u00e1cil manuseio com m\u00ednimo esfor\u00e7o, mesmo em aplica\u00e7\u00f5es mais exigentes.<\/p>\n<p>&nbsp;<\/p>\n<p><strong>Aplica\u00e7\u00f5es<\/strong><br \/>\nIdeal para compress\u00e3o segura de molas helicoidais em sistemas de suspens\u00e3o de autom\u00f3veis, caminhonetes,<br \/>\nmotocicletas e utilit\u00e1rios.<\/p>\n<p>&nbsp;<\/p>\n<p>&nbsp;<\/p>\n[button size=\"small\" icon=\"\" target=\"_blank\" text_align=\"left\" text=\"Informativo\" link=\"http:\/\/www.sigmatools.com.br\/site\/arquivos\/informativos\/ENCOLHEDOR%20DE%20MOLAS%20PARA%20USO%20EM%20PNEUMATICA%20-%20INFO.pdf\" color=\"#ffffff\" hover_color=\"#ffffff\" background_color=\"#353535\" hover_background_color=\"#dd3333\" border_color=\"#353535\" hover_border_color=\"#dd3333\"]","protected":false},"featured_media":11090,"comment_status":"open","ping_status":"closed","template":"","meta":{"_jet_sm_ready_style":"","_jet_sm_style":"","_jet_sm_controls_values":"","_jet_sm_fonts_collection":"","_jet_sm_fonts_links":""},"product_brand":[],"product_cat":[218,232,60,15],"product_tag":[],"class_list":{"0":"post-10534","1":"product","2":"type-product","3":"status-publish","4":"has-post-thumbnail","6":"product_cat-destaque","7":"product_cat-ferramentas-especiais","8":"product_cat-catalogo-geral","9":"product_cat-sigma-tools","11":"first","12":"instock","13":"shipping-taxable","14":"product-type-simple"},"yoast_head":"<!-- This site is optimized with the Yoast SEO plugin v27.1.1 - https:\/\/yoast.com\/product\/yoast-seo-wordpress\/ -->\n<title>ENCOLHEDOR DE MOLAS - PARA USO EM PNEUM\u00c1TICA - Sigma Tools<\/title>\n<meta name=\"robots\" content=\"index, follow, max-snippet:-1, max-image-preview:large, max-video-preview:-1\" \/>\n<link rel=\"canonical\" href=\"https:\/\/www.sigmatools.com.br\/site\/produto\/encolhedor-de-molas-para-uso-em-pneumatica\/\" \/>\n<meta property=\"og:locale\" content=\"pt_BR\" \/>\n<meta property=\"og:type\" content=\"article\" \/>\n<meta property=\"og:title\" content=\"ENCOLHEDOR DE MOLAS - PARA USO EM PNEUM\u00c1TICA - Sigma Tools\" \/>\n<meta property=\"og:description\" content=\"C\u00f3digo do produto: 0699940031  C\u00f3digo de barras:\u00a07908276669002  &nbsp;  \ufeff  &nbsp;  &nbsp;  Caracter\u00edsticas  \u2022 Estrutura refor\u00e7ada com suporte retr\u00e1til que garante compress\u00e3o paralela segura e est\u00e1vel; \u2022 Ganchos robustos com porcas hexagonais facilitam o encaixe e a compress\u00e3o das molas; \u2022 Suporta at\u00e9 1.200 kg, ideal para ve\u00edculos leves ou pesados; \u2022 Fabricado em a\u00e7o carbono #45 com acabamento oxidado preto para maior durabilidade e resist\u00eancia \u00e0 corros\u00e3o; \u2022 Compat\u00edvel com sistemas pneum\u00e1ticos e de catraca manual; \u2022 Acompanha maleta para transporte e armazenamento.  &nbsp;  Vantagens \u2022 Reduz riscos de flex\u00e3o e deforma\u00e7\u00e3o mesmo sob alta carga; \u2022 Proporciona seguran\u00e7a e precis\u00e3o durante a compress\u00e3o de molas helicoidais; \u2022 Ideal para oficinas que trabalham com suspens\u00e3o automotiva; \u2022 Design resistente e dur\u00e1vel para uso profissional intensivo; \u2022 F\u00e1cil manuseio com m\u00ednimo esfor\u00e7o, mesmo em aplica\u00e7\u00f5es mais exigentes.  &nbsp;  Aplica\u00e7\u00f5es Ideal para compress\u00e3o segura de molas helicoidais em sistemas de suspens\u00e3o de autom\u00f3veis, caminhonetes, motocicletas e utilit\u00e1rios.  &nbsp;  &nbsp;\" \/>\n<meta property=\"og:url\" content=\"https:\/\/www.sigmatools.com.br\/site\/produto\/encolhedor-de-molas-para-uso-em-pneumatica\/\" \/>\n<meta property=\"og:site_name\" content=\"Sigma Tools\" \/>\n<meta property=\"article:publisher\" content=\"https:\/\/www.facebook.com\/sigmatools\" \/>\n<meta property=\"article:modified_time\" content=\"2025-08-12T13:36:35+00:00\" \/>\n<meta property=\"og:image\" content=\"https:\/\/www.sigmatools.com.br\/site\/wp-content\/uploads\/2025\/05\/DSC_0185-1000x1000-1.png\" \/>\n\t<meta property=\"og:image:width\" content=\"1000\" \/>\n\t<meta property=\"og:image:height\" content=\"1000\" \/>\n\t<meta property=\"og:image:type\" content=\"image\/png\" \/>\n<meta name=\"twitter:card\" content=\"summary_large_image\" \/>\n<meta name=\"twitter:label1\" content=\"Est. tempo de leitura\" \/>\n\t<meta name=\"twitter:data1\" content=\"1 minuto\" \/>\n<script type=\"application\/ld+json\" class=\"yoast-schema-graph\">{\"@context\":\"https:\/\/schema.org\",\"@graph\":[{\"@type\":\"WebPage\",\"@id\":\"https:\/\/www.sigmatools.com.br\/site\/produto\/encolhedor-de-molas-para-uso-em-pneumatica\/\",\"url\":\"https:\/\/www.sigmatools.com.br\/site\/produto\/encolhedor-de-molas-para-uso-em-pneumatica\/\",\"name\":\"ENCOLHEDOR DE MOLAS - PARA USO EM PNEUM\u00c1TICA - Sigma Tools\",\"isPartOf\":{\"@id\":\"https:\/\/www.sigmatools.com.br\/site\/#website\"},\"primaryImageOfPage\":{\"@id\":\"https:\/\/www.sigmatools.com.br\/site\/produto\/encolhedor-de-molas-para-uso-em-pneumatica\/#primaryimage\"},\"image\":{\"@id\":\"https:\/\/www.sigmatools.com.br\/site\/produto\/encolhedor-de-molas-para-uso-em-pneumatica\/#primaryimage\"},\"thumbnailUrl\":\"https:\/\/www.sigmatools.com.br\/site\/wp-content\/uploads\/2025\/05\/DSC_0185-1000x1000-1.png\",\"datePublished\":\"2025-05-16T20:18:55+00:00\",\"dateModified\":\"2025-08-12T13:36:35+00:00\",\"breadcrumb\":{\"@id\":\"https:\/\/www.sigmatools.com.br\/site\/produto\/encolhedor-de-molas-para-uso-em-pneumatica\/#breadcrumb\"},\"inLanguage\":\"pt-BR\",\"potentialAction\":[{\"@type\":\"ReadAction\",\"target\":[\"https:\/\/www.sigmatools.com.br\/site\/produto\/encolhedor-de-molas-para-uso-em-pneumatica\/\"]}]},{\"@type\":\"ImageObject\",\"inLanguage\":\"pt-BR\",\"@id\":\"https:\/\/www.sigmatools.com.br\/site\/produto\/encolhedor-de-molas-para-uso-em-pneumatica\/#primaryimage\",\"url\":\"https:\/\/www.sigmatools.com.br\/site\/wp-content\/uploads\/2025\/05\/DSC_0185-1000x1000-1.png\",\"contentUrl\":\"https:\/\/www.sigmatools.com.br\/site\/wp-content\/uploads\/2025\/05\/DSC_0185-1000x1000-1.png\",\"width\":1000,\"height\":1000},{\"@type\":\"BreadcrumbList\",\"@id\":\"https:\/\/www.sigmatools.com.br\/site\/produto\/encolhedor-de-molas-para-uso-em-pneumatica\/#breadcrumb\",\"itemListElement\":[{\"@type\":\"ListItem\",\"position\":1,\"name\":\"In\u00edcio\",\"item\":\"https:\/\/www.sigmatools.com.br\/site\/\"},{\"@type\":\"ListItem\",\"position\":2,\"name\":\"ENCOLHEDOR DE MOLAS &#8211; PARA USO EM PNEUM\u00c1TICA\"}]},{\"@type\":\"WebSite\",\"@id\":\"https:\/\/www.sigmatools.com.br\/site\/#website\",\"url\":\"https:\/\/www.sigmatools.com.br\/site\/\",\"name\":\"Sigma Tools\",\"description\":\"Equipamentos para Est\u00e9tica Automotiva e Oficina Mec\u00e2nica - Sigma Tools\",\"publisher\":{\"@id\":\"https:\/\/www.sigmatools.com.br\/site\/#organization\"},\"potentialAction\":[{\"@type\":\"SearchAction\",\"target\":{\"@type\":\"EntryPoint\",\"urlTemplate\":\"https:\/\/www.sigmatools.com.br\/site\/?s={search_term_string}\"},\"query-input\":{\"@type\":\"PropertyValueSpecification\",\"valueRequired\":true,\"valueName\":\"search_term_string\"}}],\"inLanguage\":\"pt-BR\"},{\"@type\":\"Organization\",\"@id\":\"https:\/\/www.sigmatools.com.br\/site\/#organization\",\"name\":\"SIGMA TOOLS\",\"url\":\"https:\/\/www.sigmatools.com.br\/site\/\",\"logo\":{\"@type\":\"ImageObject\",\"inLanguage\":\"pt-BR\",\"@id\":\"https:\/\/www.sigmatools.com.br\/site\/#\/schema\/logo\/image\/\",\"url\":\"https:\/\/www.sigmatools.com.br\/site\/wp-content\/uploads\/2020\/01\/logo-sigma.png\",\"contentUrl\":\"https:\/\/www.sigmatools.com.br\/site\/wp-content\/uploads\/2020\/01\/logo-sigma.png\",\"width\":152,\"height\":150,\"caption\":\"SIGMA TOOLS\"},\"image\":{\"@id\":\"https:\/\/www.sigmatools.com.br\/site\/#\/schema\/logo\/image\/\"},\"sameAs\":[\"https:\/\/www.facebook.com\/sigmatools\"]}]}<\/script>\n<!-- \/ Yoast SEO plugin. -->","yoast_head_json":{"title":"ENCOLHEDOR DE MOLAS - PARA USO EM PNEUM\u00c1TICA - Sigma Tools","robots":{"index":"index","follow":"follow","max-snippet":"max-snippet:-1","max-image-preview":"max-image-preview:large","max-video-preview":"max-video-preview:-1"},"canonical":"https:\/\/www.sigmatools.com.br\/site\/produto\/encolhedor-de-molas-para-uso-em-pneumatica\/","og_locale":"pt_BR","og_type":"article","og_title":"ENCOLHEDOR DE MOLAS - PARA USO EM PNEUM\u00c1TICA - Sigma Tools","og_description":"C\u00f3digo do produto: 0699940031  C\u00f3digo de barras:\u00a07908276669002  &nbsp;  \ufeff  &nbsp;  &nbsp;  Caracter\u00edsticas  \u2022 Estrutura refor\u00e7ada com suporte retr\u00e1til que garante compress\u00e3o paralela segura e est\u00e1vel; \u2022 Ganchos robustos com porcas hexagonais facilitam o encaixe e a compress\u00e3o das molas; \u2022 Suporta at\u00e9 1.200 kg, ideal para ve\u00edculos leves ou pesados; \u2022 Fabricado em a\u00e7o carbono #45 com acabamento oxidado preto para maior durabilidade e resist\u00eancia \u00e0 corros\u00e3o; \u2022 Compat\u00edvel com sistemas pneum\u00e1ticos e de catraca manual; \u2022 Acompanha maleta para transporte e armazenamento.  &nbsp;  Vantagens \u2022 Reduz riscos de flex\u00e3o e deforma\u00e7\u00e3o mesmo sob alta carga; \u2022 Proporciona seguran\u00e7a e precis\u00e3o durante a compress\u00e3o de molas helicoidais; \u2022 Ideal para oficinas que trabalham com suspens\u00e3o automotiva; \u2022 Design resistente e dur\u00e1vel para uso profissional intensivo; \u2022 F\u00e1cil manuseio com m\u00ednimo esfor\u00e7o, mesmo em aplica\u00e7\u00f5es mais exigentes.  &nbsp;  Aplica\u00e7\u00f5es Ideal para compress\u00e3o segura de molas helicoidais em sistemas de suspens\u00e3o de autom\u00f3veis, caminhonetes, motocicletas e utilit\u00e1rios.  &nbsp;  &nbsp;","og_url":"https:\/\/www.sigmatools.com.br\/site\/produto\/encolhedor-de-molas-para-uso-em-pneumatica\/","og_site_name":"Sigma Tools","article_publisher":"https:\/\/www.facebook.com\/sigmatools","article_modified_time":"2025-08-12T13:36:35+00:00","og_image":[{"url":"https:\/\/www.sigmatools.com.br\/site\/wp-content\/uploads\/2025\/05\/DSC_0185-1000x1000-1.png","width":1000,"height":1000,"type":"image\/png"}],"twitter_card":"summary_large_image","twitter_misc":{"Est. tempo de leitura":"1 minuto"},"schema":{"@context":"https:\/\/schema.org","@graph":[{"@type":"WebPage","@id":"https:\/\/www.sigmatools.com.br\/site\/produto\/encolhedor-de-molas-para-uso-em-pneumatica\/","url":"https:\/\/www.sigmatools.com.br\/site\/produto\/encolhedor-de-molas-para-uso-em-pneumatica\/","name":"ENCOLHEDOR DE MOLAS - PARA USO EM PNEUM\u00c1TICA - Sigma Tools","isPartOf":{"@id":"https:\/\/www.sigmatools.com.br\/site\/#website"},"primaryImageOfPage":{"@id":"https:\/\/www.sigmatools.com.br\/site\/produto\/encolhedor-de-molas-para-uso-em-pneumatica\/#primaryimage"},"image":{"@id":"https:\/\/www.sigmatools.com.br\/site\/produto\/encolhedor-de-molas-para-uso-em-pneumatica\/#primaryimage"},"thumbnailUrl":"https:\/\/www.sigmatools.com.br\/site\/wp-content\/uploads\/2025\/05\/DSC_0185-1000x1000-1.png","datePublished":"2025-05-16T20:18:55+00:00","dateModified":"2025-08-12T13:36:35+00:00","breadcrumb":{"@id":"https:\/\/www.sigmatools.com.br\/site\/produto\/encolhedor-de-molas-para-uso-em-pneumatica\/#breadcrumb"},"inLanguage":"pt-BR","potentialAction":[{"@type":"ReadAction","target":["https:\/\/www.sigmatools.com.br\/site\/produto\/encolhedor-de-molas-para-uso-em-pneumatica\/"]}]},{"@type":"ImageObject","inLanguage":"pt-BR","@id":"https:\/\/www.sigmatools.com.br\/site\/produto\/encolhedor-de-molas-para-uso-em-pneumatica\/#primaryimage","url":"https:\/\/www.sigmatools.com.br\/site\/wp-content\/uploads\/2025\/05\/DSC_0185-1000x1000-1.png","contentUrl":"https:\/\/www.sigmatools.com.br\/site\/wp-content\/uploads\/2025\/05\/DSC_0185-1000x1000-1.png","width":1000,"height":1000},{"@type":"BreadcrumbList","@id":"https:\/\/www.sigmatools.com.br\/site\/produto\/encolhedor-de-molas-para-uso-em-pneumatica\/#breadcrumb","itemListElement":[{"@type":"ListItem","position":1,"name":"In\u00edcio","item":"https:\/\/www.sigmatools.com.br\/site\/"},{"@type":"ListItem","position":2,"name":"ENCOLHEDOR DE MOLAS &#8211; PARA USO EM PNEUM\u00c1TICA"}]},{"@type":"WebSite","@id":"https:\/\/www.sigmatools.com.br\/site\/#website","url":"https:\/\/www.sigmatools.com.br\/site\/","name":"Sigma Tools","description":"Equipamentos para Est\u00e9tica Automotiva e Oficina Mec\u00e2nica - Sigma Tools","publisher":{"@id":"https:\/\/www.sigmatools.com.br\/site\/#organization"},"potentialAction":[{"@type":"SearchAction","target":{"@type":"EntryPoint","urlTemplate":"https:\/\/www.sigmatools.com.br\/site\/?s={search_term_string}"},"query-input":{"@type":"PropertyValueSpecification","valueRequired":true,"valueName":"search_term_string"}}],"inLanguage":"pt-BR"},{"@type":"Organization","@id":"https:\/\/www.sigmatools.com.br\/site\/#organization","name":"SIGMA TOOLS","url":"https:\/\/www.sigmatools.com.br\/site\/","logo":{"@type":"ImageObject","inLanguage":"pt-BR","@id":"https:\/\/www.sigmatools.com.br\/site\/#\/schema\/logo\/image\/","url":"https:\/\/www.sigmatools.com.br\/site\/wp-content\/uploads\/2020\/01\/logo-sigma.png","contentUrl":"https:\/\/www.sigmatools.com.br\/site\/wp-content\/uploads\/2020\/01\/logo-sigma.png","width":152,"height":150,"caption":"SIGMA TOOLS"},"image":{"@id":"https:\/\/www.sigmatools.com.br\/site\/#\/schema\/logo\/image\/"},"sameAs":["https:\/\/www.facebook.com\/sigmatools"]}]}},"_links":{"self":[{"href":"https:\/\/www.sigmatools.com.br\/site\/wp-json\/wp\/v2\/product\/10534","targetHints":{"allow":["GET"]}}],"collection":[{"href":"https:\/\/www.sigmatools.com.br\/site\/wp-json\/wp\/v2\/product"}],"about":[{"href":"https:\/\/www.sigmatools.com.br\/site\/wp-json\/wp\/v2\/types\/product"}],"replies":[{"embeddable":true,"href":"https:\/\/www.sigmatools.com.br\/site\/wp-json\/wp\/v2\/comments?post=10534"}],"wp:featuredmedia":[{"embeddable":true,"href":"https:\/\/www.sigmatools.com.br\/site\/wp-json\/wp\/v2\/media\/11090"}],"wp:attachment":[{"href":"https:\/\/www.sigmatools.com.br\/site\/wp-json\/wp\/v2\/media?parent=10534"}],"wp:term":[{"taxonomy":"product_brand","embeddable":true,"href":"https:\/\/www.sigmatools.com.br\/site\/wp-json\/wp\/v2\/product_brand?post=10534"},{"taxonomy":"product_cat","embeddable":true,"href":"https:\/\/www.sigmatools.com.br\/site\/wp-json\/wp\/v2\/product_cat?post=10534"},{"taxonomy":"product_tag","embeddable":true,"href":"https:\/\/www.sigmatools.com.br\/site\/wp-json\/wp\/v2\/product_tag?post=10534"}],"curies":[{"name":"wp","href":"https:\/\/api.w.org\/{rel}","templated":true}]}}