{"id":10537,"date":"2025-05-19T08:10:57","date_gmt":"2025-05-19T11:10:57","guid":{"rendered":"https:\/\/www.sigmatools.com.br\/site\/?post_type=product&#038;p=10537"},"modified":"2025-08-12T10:31:51","modified_gmt":"2025-08-12T13:31:51","slug":"kit-de-ferramentas-para-cortar-remover-porcas-danificadas-9mm-a-27mm-4-pecas","status":"publish","type":"product","link":"https:\/\/www.sigmatools.com.br\/site\/produto\/kit-de-ferramentas-para-cortar-remover-porcas-danificadas-9mm-a-27mm-4-pecas\/","title":{"rendered":"KIT DE FERRAMENTAS PARA CORTAR\/REMOVER PORCAS DANIFICADAS (9MM A 27MM) &#8211; 4 PE\u00c7AS"},"content":{"rendered":"","protected":false},"excerpt":{"rendered":"<p><strong>C\u00f3digo do produto:<\/strong> 0699930044<\/p>\n<p><strong>C\u00f3digo de barras:\u00a0<\/strong>7908276669224<\/p>\n<p>&nbsp;<\/p>\n<iframe title=\"YouTube video player\" src=\"https:\/\/www.youtube.com\/embed\/1CAUqSe-0LY?si=vZ-sCw9lLx3iT1DD\" width=\"315\" height=\"560\" frameborder=\"0\" allowfullscreen=\"allowfullscreen\"><span data-mce-type=\"bookmark\" style=\"display: inline-block; width: 0px; overflow: hidden; line-height: 0;\" class=\"mce_SELRES_start\">\ufeff<\/span><\/iframe>\n<p>&nbsp;<\/p>\n<p>&nbsp;<\/p>\n<p><strong>Caracter\u00edsticas<\/strong><\/p>\n<p>\u2022 Conjunto com 4 ferramentas para cortar e remover porcas danificadas de 9 mm a 27 mm;<br \/>\n\u2022 Fabricado em a\u00e7o de alta resist\u00eancia com acabamento espelhado polido;<br \/>\n\u2022 Remove porcas corro\u00eddas sem danificar a rosca do parafuso;<br \/>\n\u2022 F\u00e1cil de operar com o aux\u00edlio de chave inglesa; basta girar o parafuso divisor;<br \/>\n\u2022 Acompanha estojo moldado por sopro para armazenamento seguro e transporte pr\u00e1tico.<\/p>\n<p>&nbsp;<\/p>\n<p><strong>Vantagens<\/strong><br \/>\n\u2022 Solu\u00e7\u00e3o segura e eficaz para porcas enferrujadas ou presas;<br \/>\n\u2022 Garante preserva\u00e7\u00e3o total das roscas nos parafusos;<br \/>\n\u2022 Design compacto, ideal para ambientes com espa\u00e7o limitado;<br \/>\n\u2022 Ideal para uso profissional e dom\u00e9stico em oficinas ou campo;<br \/>\n\u2022 Organiza\u00e7\u00e3o e transporte facilitados com estojo resistente.<\/p>\n<p>&nbsp;<\/p>\n<p><strong>Aplica\u00e7\u00f5es<\/strong><br \/>\nIdeal para cortar e remover porcas enferrujadas, danificadas ou travadas em componentes automotivos e<br \/>\nindustriais sem danificar as roscas.<\/p>\n<p>&nbsp;<\/p>\n<p>&nbsp;<\/p>\n[button size=\"small\" icon=\"\" target=\"_blank\" text_align=\"left\" text=\"Informativo\" link=\"http:\/\/www.sigmatools.com.br\/site\/arquivos\/informativos\/KIT%20DE%20FERRAMENTAS%20PARA%20CORTAR%20REMOVER%20PORCAS%20-%20INFO.pdf\" color=\"#ffffff\" hover_color=\"#ffffff\" background_color=\"#353535\" hover_background_color=\"#dd3333\" border_color=\"#353535\" hover_border_color=\"#dd3333\"]","protected":false},"featured_media":11064,"comment_status":"open","ping_status":"closed","template":"","meta":{"_jet_sm_ready_style":"","_jet_sm_style":"","_jet_sm_controls_values":"","_jet_sm_fonts_collection":"","_jet_sm_fonts_links":""},"product_brand":[],"product_cat":[218,232,60,15],"product_tag":[],"class_list":{"0":"post-10537","1":"product","2":"type-product","3":"status-publish","4":"has-post-thumbnail","6":"product_cat-destaque","7":"product_cat-ferramentas-especiais","8":"product_cat-catalogo-geral","9":"product_cat-sigma-tools","11":"first","12":"instock","13":"shipping-taxable","14":"product-type-simple"},"yoast_head":"<!-- This site is optimized with the Yoast SEO plugin v27.1.1 - https:\/\/yoast.com\/product\/yoast-seo-wordpress\/ -->\n<title>KIT DE FERRAMENTAS PARA CORTAR\/REMOVER PORCAS DANIFICADAS (9MM A 27MM) - 4 PE\u00c7AS - Sigma Tools<\/title>\n<meta name=\"robots\" content=\"index, follow, max-snippet:-1, max-image-preview:large, max-video-preview:-1\" \/>\n<link rel=\"canonical\" href=\"https:\/\/www.sigmatools.com.br\/site\/produto\/kit-de-ferramentas-para-cortar-remover-porcas-danificadas-9mm-a-27mm-4-pecas\/\" \/>\n<meta property=\"og:locale\" content=\"pt_BR\" \/>\n<meta property=\"og:type\" content=\"article\" \/>\n<meta property=\"og:title\" content=\"KIT DE FERRAMENTAS PARA CORTAR\/REMOVER PORCAS DANIFICADAS (9MM A 27MM) - 4 PE\u00c7AS - Sigma Tools\" \/>\n<meta property=\"og:description\" content=\"C\u00f3digo do produto: 0699930044  C\u00f3digo de barras:\u00a07908276669224  &nbsp;  \ufeff  &nbsp;  &nbsp;  Caracter\u00edsticas  \u2022 Conjunto com 4 ferramentas para cortar e remover porcas danificadas de 9 mm a 27 mm; \u2022 Fabricado em a\u00e7o de alta resist\u00eancia com acabamento espelhado polido; \u2022 Remove porcas corro\u00eddas sem danificar a rosca do parafuso; \u2022 F\u00e1cil de operar com o aux\u00edlio de chave inglesa; basta girar o parafuso divisor; \u2022 Acompanha estojo moldado por sopro para armazenamento seguro e transporte pr\u00e1tico.  &nbsp;  Vantagens \u2022 Solu\u00e7\u00e3o segura e eficaz para porcas enferrujadas ou presas; \u2022 Garante preserva\u00e7\u00e3o total das roscas nos parafusos; \u2022 Design compacto, ideal para ambientes com espa\u00e7o limitado; \u2022 Ideal para uso profissional e dom\u00e9stico em oficinas ou campo; \u2022 Organiza\u00e7\u00e3o e transporte facilitados com estojo resistente.  &nbsp;  Aplica\u00e7\u00f5es Ideal para cortar e remover porcas enferrujadas, danificadas ou travadas em componentes automotivos e industriais sem danificar as roscas.  &nbsp;  &nbsp;\" \/>\n<meta property=\"og:url\" content=\"https:\/\/www.sigmatools.com.br\/site\/produto\/kit-de-ferramentas-para-cortar-remover-porcas-danificadas-9mm-a-27mm-4-pecas\/\" \/>\n<meta property=\"og:site_name\" content=\"Sigma Tools\" \/>\n<meta property=\"article:publisher\" content=\"https:\/\/www.facebook.com\/sigmatools\" \/>\n<meta property=\"article:modified_time\" content=\"2025-08-12T13:31:51+00:00\" \/>\n<meta property=\"og:image\" content=\"https:\/\/www.sigmatools.com.br\/site\/wp-content\/uploads\/2025\/05\/2-30.jpg\" \/>\n\t<meta property=\"og:image:width\" content=\"1000\" \/>\n\t<meta property=\"og:image:height\" content=\"1000\" \/>\n\t<meta property=\"og:image:type\" content=\"image\/jpeg\" \/>\n<meta name=\"twitter:card\" content=\"summary_large_image\" \/>\n<meta name=\"twitter:label1\" content=\"Est. tempo de leitura\" \/>\n\t<meta name=\"twitter:data1\" content=\"1 minuto\" \/>\n<script type=\"application\/ld+json\" class=\"yoast-schema-graph\">{\"@context\":\"https:\/\/schema.org\",\"@graph\":[{\"@type\":\"WebPage\",\"@id\":\"https:\/\/www.sigmatools.com.br\/site\/produto\/kit-de-ferramentas-para-cortar-remover-porcas-danificadas-9mm-a-27mm-4-pecas\/\",\"url\":\"https:\/\/www.sigmatools.com.br\/site\/produto\/kit-de-ferramentas-para-cortar-remover-porcas-danificadas-9mm-a-27mm-4-pecas\/\",\"name\":\"KIT DE FERRAMENTAS PARA CORTAR\/REMOVER PORCAS DANIFICADAS (9MM A 27MM) - 4 PE\u00c7AS - Sigma Tools\",\"isPartOf\":{\"@id\":\"https:\/\/www.sigmatools.com.br\/site\/#website\"},\"primaryImageOfPage\":{\"@id\":\"https:\/\/www.sigmatools.com.br\/site\/produto\/kit-de-ferramentas-para-cortar-remover-porcas-danificadas-9mm-a-27mm-4-pecas\/#primaryimage\"},\"image\":{\"@id\":\"https:\/\/www.sigmatools.com.br\/site\/produto\/kit-de-ferramentas-para-cortar-remover-porcas-danificadas-9mm-a-27mm-4-pecas\/#primaryimage\"},\"thumbnailUrl\":\"https:\/\/www.sigmatools.com.br\/site\/wp-content\/uploads\/2025\/05\/2-30.jpg\",\"datePublished\":\"2025-05-19T11:10:57+00:00\",\"dateModified\":\"2025-08-12T13:31:51+00:00\",\"breadcrumb\":{\"@id\":\"https:\/\/www.sigmatools.com.br\/site\/produto\/kit-de-ferramentas-para-cortar-remover-porcas-danificadas-9mm-a-27mm-4-pecas\/#breadcrumb\"},\"inLanguage\":\"pt-BR\",\"potentialAction\":[{\"@type\":\"ReadAction\",\"target\":[\"https:\/\/www.sigmatools.com.br\/site\/produto\/kit-de-ferramentas-para-cortar-remover-porcas-danificadas-9mm-a-27mm-4-pecas\/\"]}]},{\"@type\":\"ImageObject\",\"inLanguage\":\"pt-BR\",\"@id\":\"https:\/\/www.sigmatools.com.br\/site\/produto\/kit-de-ferramentas-para-cortar-remover-porcas-danificadas-9mm-a-27mm-4-pecas\/#primaryimage\",\"url\":\"https:\/\/www.sigmatools.com.br\/site\/wp-content\/uploads\/2025\/05\/2-30.jpg\",\"contentUrl\":\"https:\/\/www.sigmatools.com.br\/site\/wp-content\/uploads\/2025\/05\/2-30.jpg\",\"width\":1000,\"height\":1000},{\"@type\":\"BreadcrumbList\",\"@id\":\"https:\/\/www.sigmatools.com.br\/site\/produto\/kit-de-ferramentas-para-cortar-remover-porcas-danificadas-9mm-a-27mm-4-pecas\/#breadcrumb\",\"itemListElement\":[{\"@type\":\"ListItem\",\"position\":1,\"name\":\"In\u00edcio\",\"item\":\"https:\/\/www.sigmatools.com.br\/site\/\"},{\"@type\":\"ListItem\",\"position\":2,\"name\":\"KIT DE FERRAMENTAS PARA CORTAR\/REMOVER PORCAS DANIFICADAS (9MM A 27MM) &#8211; 4 PE\u00c7AS\"}]},{\"@type\":\"WebSite\",\"@id\":\"https:\/\/www.sigmatools.com.br\/site\/#website\",\"url\":\"https:\/\/www.sigmatools.com.br\/site\/\",\"name\":\"Sigma Tools\",\"description\":\"Equipamentos para Est\u00e9tica Automotiva e Oficina Mec\u00e2nica - Sigma Tools\",\"publisher\":{\"@id\":\"https:\/\/www.sigmatools.com.br\/site\/#organization\"},\"potentialAction\":[{\"@type\":\"SearchAction\",\"target\":{\"@type\":\"EntryPoint\",\"urlTemplate\":\"https:\/\/www.sigmatools.com.br\/site\/?s={search_term_string}\"},\"query-input\":{\"@type\":\"PropertyValueSpecification\",\"valueRequired\":true,\"valueName\":\"search_term_string\"}}],\"inLanguage\":\"pt-BR\"},{\"@type\":\"Organization\",\"@id\":\"https:\/\/www.sigmatools.com.br\/site\/#organization\",\"name\":\"SIGMA TOOLS\",\"url\":\"https:\/\/www.sigmatools.com.br\/site\/\",\"logo\":{\"@type\":\"ImageObject\",\"inLanguage\":\"pt-BR\",\"@id\":\"https:\/\/www.sigmatools.com.br\/site\/#\/schema\/logo\/image\/\",\"url\":\"https:\/\/www.sigmatools.com.br\/site\/wp-content\/uploads\/2020\/01\/logo-sigma.png\",\"contentUrl\":\"https:\/\/www.sigmatools.com.br\/site\/wp-content\/uploads\/2020\/01\/logo-sigma.png\",\"width\":152,\"height\":150,\"caption\":\"SIGMA TOOLS\"},\"image\":{\"@id\":\"https:\/\/www.sigmatools.com.br\/site\/#\/schema\/logo\/image\/\"},\"sameAs\":[\"https:\/\/www.facebook.com\/sigmatools\"]}]}<\/script>\n<!-- \/ Yoast SEO plugin. -->","yoast_head_json":{"title":"KIT DE FERRAMENTAS PARA CORTAR\/REMOVER PORCAS DANIFICADAS (9MM A 27MM) - 4 PE\u00c7AS - Sigma Tools","robots":{"index":"index","follow":"follow","max-snippet":"max-snippet:-1","max-image-preview":"max-image-preview:large","max-video-preview":"max-video-preview:-1"},"canonical":"https:\/\/www.sigmatools.com.br\/site\/produto\/kit-de-ferramentas-para-cortar-remover-porcas-danificadas-9mm-a-27mm-4-pecas\/","og_locale":"pt_BR","og_type":"article","og_title":"KIT DE FERRAMENTAS PARA CORTAR\/REMOVER PORCAS DANIFICADAS (9MM A 27MM) - 4 PE\u00c7AS - Sigma Tools","og_description":"C\u00f3digo do produto: 0699930044  C\u00f3digo de barras:\u00a07908276669224  &nbsp;  \ufeff  &nbsp;  &nbsp;  Caracter\u00edsticas  \u2022 Conjunto com 4 ferramentas para cortar e remover porcas danificadas de 9 mm a 27 mm; \u2022 Fabricado em a\u00e7o de alta resist\u00eancia com acabamento espelhado polido; \u2022 Remove porcas corro\u00eddas sem danificar a rosca do parafuso; \u2022 F\u00e1cil de operar com o aux\u00edlio de chave inglesa; basta girar o parafuso divisor; \u2022 Acompanha estojo moldado por sopro para armazenamento seguro e transporte pr\u00e1tico.  &nbsp;  Vantagens \u2022 Solu\u00e7\u00e3o segura e eficaz para porcas enferrujadas ou presas; \u2022 Garante preserva\u00e7\u00e3o total das roscas nos parafusos; \u2022 Design compacto, ideal para ambientes com espa\u00e7o limitado; \u2022 Ideal para uso profissional e dom\u00e9stico em oficinas ou campo; \u2022 Organiza\u00e7\u00e3o e transporte facilitados com estojo resistente.  &nbsp;  Aplica\u00e7\u00f5es Ideal para cortar e remover porcas enferrujadas, danificadas ou travadas em componentes automotivos e industriais sem danificar as roscas.  &nbsp;  &nbsp;","og_url":"https:\/\/www.sigmatools.com.br\/site\/produto\/kit-de-ferramentas-para-cortar-remover-porcas-danificadas-9mm-a-27mm-4-pecas\/","og_site_name":"Sigma Tools","article_publisher":"https:\/\/www.facebook.com\/sigmatools","article_modified_time":"2025-08-12T13:31:51+00:00","og_image":[{"width":1000,"height":1000,"url":"https:\/\/www.sigmatools.com.br\/site\/wp-content\/uploads\/2025\/05\/2-30.jpg","type":"image\/jpeg"}],"twitter_card":"summary_large_image","twitter_misc":{"Est. tempo de leitura":"1 minuto"},"schema":{"@context":"https:\/\/schema.org","@graph":[{"@type":"WebPage","@id":"https:\/\/www.sigmatools.com.br\/site\/produto\/kit-de-ferramentas-para-cortar-remover-porcas-danificadas-9mm-a-27mm-4-pecas\/","url":"https:\/\/www.sigmatools.com.br\/site\/produto\/kit-de-ferramentas-para-cortar-remover-porcas-danificadas-9mm-a-27mm-4-pecas\/","name":"KIT DE FERRAMENTAS PARA CORTAR\/REMOVER PORCAS DANIFICADAS (9MM A 27MM) - 4 PE\u00c7AS - Sigma Tools","isPartOf":{"@id":"https:\/\/www.sigmatools.com.br\/site\/#website"},"primaryImageOfPage":{"@id":"https:\/\/www.sigmatools.com.br\/site\/produto\/kit-de-ferramentas-para-cortar-remover-porcas-danificadas-9mm-a-27mm-4-pecas\/#primaryimage"},"image":{"@id":"https:\/\/www.sigmatools.com.br\/site\/produto\/kit-de-ferramentas-para-cortar-remover-porcas-danificadas-9mm-a-27mm-4-pecas\/#primaryimage"},"thumbnailUrl":"https:\/\/www.sigmatools.com.br\/site\/wp-content\/uploads\/2025\/05\/2-30.jpg","datePublished":"2025-05-19T11:10:57+00:00","dateModified":"2025-08-12T13:31:51+00:00","breadcrumb":{"@id":"https:\/\/www.sigmatools.com.br\/site\/produto\/kit-de-ferramentas-para-cortar-remover-porcas-danificadas-9mm-a-27mm-4-pecas\/#breadcrumb"},"inLanguage":"pt-BR","potentialAction":[{"@type":"ReadAction","target":["https:\/\/www.sigmatools.com.br\/site\/produto\/kit-de-ferramentas-para-cortar-remover-porcas-danificadas-9mm-a-27mm-4-pecas\/"]}]},{"@type":"ImageObject","inLanguage":"pt-BR","@id":"https:\/\/www.sigmatools.com.br\/site\/produto\/kit-de-ferramentas-para-cortar-remover-porcas-danificadas-9mm-a-27mm-4-pecas\/#primaryimage","url":"https:\/\/www.sigmatools.com.br\/site\/wp-content\/uploads\/2025\/05\/2-30.jpg","contentUrl":"https:\/\/www.sigmatools.com.br\/site\/wp-content\/uploads\/2025\/05\/2-30.jpg","width":1000,"height":1000},{"@type":"BreadcrumbList","@id":"https:\/\/www.sigmatools.com.br\/site\/produto\/kit-de-ferramentas-para-cortar-remover-porcas-danificadas-9mm-a-27mm-4-pecas\/#breadcrumb","itemListElement":[{"@type":"ListItem","position":1,"name":"In\u00edcio","item":"https:\/\/www.sigmatools.com.br\/site\/"},{"@type":"ListItem","position":2,"name":"KIT DE FERRAMENTAS PARA CORTAR\/REMOVER PORCAS DANIFICADAS (9MM A 27MM) &#8211; 4 PE\u00c7AS"}]},{"@type":"WebSite","@id":"https:\/\/www.sigmatools.com.br\/site\/#website","url":"https:\/\/www.sigmatools.com.br\/site\/","name":"Sigma Tools","description":"Equipamentos para Est\u00e9tica Automotiva e Oficina Mec\u00e2nica - Sigma Tools","publisher":{"@id":"https:\/\/www.sigmatools.com.br\/site\/#organization"},"potentialAction":[{"@type":"SearchAction","target":{"@type":"EntryPoint","urlTemplate":"https:\/\/www.sigmatools.com.br\/site\/?s={search_term_string}"},"query-input":{"@type":"PropertyValueSpecification","valueRequired":true,"valueName":"search_term_string"}}],"inLanguage":"pt-BR"},{"@type":"Organization","@id":"https:\/\/www.sigmatools.com.br\/site\/#organization","name":"SIGMA TOOLS","url":"https:\/\/www.sigmatools.com.br\/site\/","logo":{"@type":"ImageObject","inLanguage":"pt-BR","@id":"https:\/\/www.sigmatools.com.br\/site\/#\/schema\/logo\/image\/","url":"https:\/\/www.sigmatools.com.br\/site\/wp-content\/uploads\/2020\/01\/logo-sigma.png","contentUrl":"https:\/\/www.sigmatools.com.br\/site\/wp-content\/uploads\/2020\/01\/logo-sigma.png","width":152,"height":150,"caption":"SIGMA TOOLS"},"image":{"@id":"https:\/\/www.sigmatools.com.br\/site\/#\/schema\/logo\/image\/"},"sameAs":["https:\/\/www.facebook.com\/sigmatools"]}]}},"_links":{"self":[{"href":"https:\/\/www.sigmatools.com.br\/site\/wp-json\/wp\/v2\/product\/10537","targetHints":{"allow":["GET"]}}],"collection":[{"href":"https:\/\/www.sigmatools.com.br\/site\/wp-json\/wp\/v2\/product"}],"about":[{"href":"https:\/\/www.sigmatools.com.br\/site\/wp-json\/wp\/v2\/types\/product"}],"replies":[{"embeddable":true,"href":"https:\/\/www.sigmatools.com.br\/site\/wp-json\/wp\/v2\/comments?post=10537"}],"wp:featuredmedia":[{"embeddable":true,"href":"https:\/\/www.sigmatools.com.br\/site\/wp-json\/wp\/v2\/media\/11064"}],"wp:attachment":[{"href":"https:\/\/www.sigmatools.com.br\/site\/wp-json\/wp\/v2\/media?parent=10537"}],"wp:term":[{"taxonomy":"product_brand","embeddable":true,"href":"https:\/\/www.sigmatools.com.br\/site\/wp-json\/wp\/v2\/product_brand?post=10537"},{"taxonomy":"product_cat","embeddable":true,"href":"https:\/\/www.sigmatools.com.br\/site\/wp-json\/wp\/v2\/product_cat?post=10537"},{"taxonomy":"product_tag","embeddable":true,"href":"https:\/\/www.sigmatools.com.br\/site\/wp-json\/wp\/v2\/product_tag?post=10537"}],"curies":[{"name":"wp","href":"https:\/\/api.w.org\/{rel}","templated":true}]}}