{"id":10543,"date":"2025-05-19T08:29:43","date_gmt":"2025-05-19T11:29:43","guid":{"rendered":"https:\/\/www.sigmatools.com.br\/site\/?post_type=product&#038;p=10543"},"modified":"2026-04-04T11:04:22","modified_gmt":"2026-04-04T14:04:22","slug":"chave-junta-axial-27mm-a-42mm","status":"publish","type":"product","link":"https:\/\/www.sigmatools.com.br\/site\/produto\/chave-junta-axial-27mm-a-42mm\/","title":{"rendered":"CHAVE JUNTA AXIAL &#8211; 27MM A 42MM"},"content":{"rendered":"","protected":false},"excerpt":{"rendered":"<p><strong>C\u00f3digo do produto:<\/strong> 0699940027<\/p>\n<p><strong>C\u00f3digo de barras:\u00a0<\/strong>7908276668968<\/p>\n<p>&nbsp;<\/p>\n<iframe title=\"YouTube video player\" src=\"https:\/\/www.youtube.com\/embed\/1X25z-8rJtg?si=YPJtmsv9wb9PUmJ1\" width=\"315\" height=\"560\" frameborder=\"0\" allowfullscreen=\"allowfullscreen\"><span data-mce-type=\"bookmark\" style=\"display: inline-block; width: 0px; overflow: hidden; line-height: 0;\" class=\"mce_SELRES_start\">\ufeff<\/span><\/iframe>\n<p>&nbsp;<\/p>\n<p>&nbsp;<\/p>\n<p><strong>Caracter\u00edsticas<\/strong><\/p>\n<p>\u2022 Encaixe quadrado para uso com ferramentas manuais ou pneum\u00e1ticas;<br \/>\n\u2022 Fabricada em a\u00e7o CrMo (cromo-molibd\u00eanio) de alta resist\u00eancia;<br \/>\n\u2022 Compat\u00edvel com cabe\u00e7as de tirante com di\u00e2metro interno de 27 a 42 mm;<br \/>\n\u2022 Design universal compat\u00edvel com diversas marcas e modelos de ve\u00edculos;<br \/>\n\u2022 Dentes internos que garantem firmeza e alto torque na aplica\u00e7\u00e3o.<\/p>\n<p>&nbsp;<\/p>\n<p><strong>Vantagens<\/strong><br \/>\n\u2022 Permite aplica\u00e7\u00e3o de alto torque com menor esfor\u00e7o;<br \/>\n\u2022 Alta durabilidade e resist\u00eancia ao desgaste;<br \/>\n\u2022 Versatilidade para uso em ve\u00edculos nacionais e importados;<br \/>\n\u2022 Garante o alinhamento correto do bra\u00e7o axial durante a instala\u00e7\u00e3o, fundamental para o bom\u00a0 funcionamento da dire\u00e7\u00e3o e seguran\u00e7a do ve\u00edculo.<\/p>\n<p>&nbsp;<\/p>\n<p><strong>Aplica\u00e7\u00f5es<\/strong><br \/>\nIdeal para oficinas mec\u00e2nicas e profissionais que realizam manuten\u00e7\u00e3o em sistemas de caixa de dire\u00e7\u00e3o<br \/>\nde ve\u00edculos leves e pesados.<\/p>\n<p>&nbsp;<\/p>\n<p>&nbsp;<\/p>\n[button size=\"small\" icon=\"\" target=\"_blank\" text_align=\"left\" text=\"Informativo\" link=\"http:\/\/www.sigmatools.com.br\/site\/arquivos\/informativos\/CHAVE%20JUNTA%20AXIAL%20-%2027MM%20A%2042MM%20-%20INFO.pdf\" color=\"#ffffff\" hover_color=\"#ffffff\" background_color=\"#353535\" hover_background_color=\"#dd3333\" border_color=\"#353535\" hover_border_color=\"#dd3333\"]","protected":false},"featured_media":10570,"comment_status":"open","ping_status":"closed","template":"","meta":{"_jet_sm_ready_style":"","_jet_sm_style":"","_jet_sm_controls_values":"","_jet_sm_fonts_collection":"","_jet_sm_fonts_links":""},"product_brand":[],"product_cat":[218,232,60,15],"product_tag":[],"class_list":{"0":"post-10543","1":"product","2":"type-product","3":"status-publish","4":"has-post-thumbnail","6":"product_cat-destaque","7":"product_cat-ferramentas-especiais","8":"product_cat-catalogo-geral","9":"product_cat-sigma-tools","11":"first","12":"instock","13":"shipping-taxable","14":"product-type-simple"},"yoast_head":"<!-- This site is optimized with the Yoast SEO plugin v27.1.1 - https:\/\/yoast.com\/product\/yoast-seo-wordpress\/ -->\n<title>CHAVE JUNTA AXIAL - 27MM A 42MM - Sigma Tools<\/title>\n<meta name=\"robots\" content=\"index, follow, max-snippet:-1, max-image-preview:large, max-video-preview:-1\" \/>\n<link rel=\"canonical\" href=\"https:\/\/www.sigmatools.com.br\/site\/produto\/chave-junta-axial-27mm-a-42mm\/\" \/>\n<meta property=\"og:locale\" content=\"pt_BR\" \/>\n<meta property=\"og:type\" content=\"article\" \/>\n<meta property=\"og:title\" content=\"CHAVE JUNTA AXIAL - 27MM A 42MM - Sigma Tools\" \/>\n<meta property=\"og:description\" content=\"C\u00f3digo do produto: 0699940027  C\u00f3digo de barras:\u00a07908276668968  &nbsp;  \ufeff  &nbsp;  &nbsp;  Caracter\u00edsticas  \u2022 Encaixe quadrado para uso com ferramentas manuais ou pneum\u00e1ticas; \u2022 Fabricada em a\u00e7o CrMo (cromo-molibd\u00eanio) de alta resist\u00eancia; \u2022 Compat\u00edvel com cabe\u00e7as de tirante com di\u00e2metro interno de 27 a 42 mm; \u2022 Design universal compat\u00edvel com diversas marcas e modelos de ve\u00edculos; \u2022 Dentes internos que garantem firmeza e alto torque na aplica\u00e7\u00e3o.  &nbsp;  Vantagens \u2022 Permite aplica\u00e7\u00e3o de alto torque com menor esfor\u00e7o; \u2022 Alta durabilidade e resist\u00eancia ao desgaste; \u2022 Versatilidade para uso em ve\u00edculos nacionais e importados; \u2022 Garante o alinhamento correto do bra\u00e7o axial durante a instala\u00e7\u00e3o, fundamental para o bom\u00a0 funcionamento da dire\u00e7\u00e3o e seguran\u00e7a do ve\u00edculo.  &nbsp;  Aplica\u00e7\u00f5es Ideal para oficinas mec\u00e2nicas e profissionais que realizam manuten\u00e7\u00e3o em sistemas de caixa de dire\u00e7\u00e3o de ve\u00edculos leves e pesados.  &nbsp;  &nbsp;\" \/>\n<meta property=\"og:url\" content=\"https:\/\/www.sigmatools.com.br\/site\/produto\/chave-junta-axial-27mm-a-42mm\/\" \/>\n<meta property=\"og:site_name\" content=\"Sigma Tools\" \/>\n<meta property=\"article:publisher\" content=\"https:\/\/www.facebook.com\/sigmatools\" \/>\n<meta property=\"article:modified_time\" content=\"2026-04-04T14:04:22+00:00\" \/>\n<meta property=\"og:image\" content=\"https:\/\/www.sigmatools.com.br\/site\/wp-content\/uploads\/2025\/05\/3-2.jpg\" \/>\n\t<meta property=\"og:image:width\" content=\"1000\" \/>\n\t<meta property=\"og:image:height\" content=\"1000\" \/>\n\t<meta property=\"og:image:type\" content=\"image\/jpeg\" \/>\n<meta name=\"twitter:card\" content=\"summary_large_image\" \/>\n<meta name=\"twitter:label1\" content=\"Est. tempo de leitura\" \/>\n\t<meta name=\"twitter:data1\" content=\"1 minuto\" \/>\n<script type=\"application\/ld+json\" class=\"yoast-schema-graph\">{\"@context\":\"https:\/\/schema.org\",\"@graph\":[{\"@type\":\"WebPage\",\"@id\":\"https:\/\/www.sigmatools.com.br\/site\/produto\/chave-junta-axial-27mm-a-42mm\/\",\"url\":\"https:\/\/www.sigmatools.com.br\/site\/produto\/chave-junta-axial-27mm-a-42mm\/\",\"name\":\"CHAVE JUNTA AXIAL - 27MM A 42MM - Sigma Tools\",\"isPartOf\":{\"@id\":\"https:\/\/www.sigmatools.com.br\/site\/#website\"},\"primaryImageOfPage\":{\"@id\":\"https:\/\/www.sigmatools.com.br\/site\/produto\/chave-junta-axial-27mm-a-42mm\/#primaryimage\"},\"image\":{\"@id\":\"https:\/\/www.sigmatools.com.br\/site\/produto\/chave-junta-axial-27mm-a-42mm\/#primaryimage\"},\"thumbnailUrl\":\"https:\/\/www.sigmatools.com.br\/site\/wp-content\/uploads\/2025\/05\/3-2.jpg\",\"datePublished\":\"2025-05-19T11:29:43+00:00\",\"dateModified\":\"2026-04-04T14:04:22+00:00\",\"breadcrumb\":{\"@id\":\"https:\/\/www.sigmatools.com.br\/site\/produto\/chave-junta-axial-27mm-a-42mm\/#breadcrumb\"},\"inLanguage\":\"pt-BR\",\"potentialAction\":[{\"@type\":\"ReadAction\",\"target\":[\"https:\/\/www.sigmatools.com.br\/site\/produto\/chave-junta-axial-27mm-a-42mm\/\"]}]},{\"@type\":\"ImageObject\",\"inLanguage\":\"pt-BR\",\"@id\":\"https:\/\/www.sigmatools.com.br\/site\/produto\/chave-junta-axial-27mm-a-42mm\/#primaryimage\",\"url\":\"https:\/\/www.sigmatools.com.br\/site\/wp-content\/uploads\/2025\/05\/3-2.jpg\",\"contentUrl\":\"https:\/\/www.sigmatools.com.br\/site\/wp-content\/uploads\/2025\/05\/3-2.jpg\",\"width\":1000,\"height\":1000},{\"@type\":\"BreadcrumbList\",\"@id\":\"https:\/\/www.sigmatools.com.br\/site\/produto\/chave-junta-axial-27mm-a-42mm\/#breadcrumb\",\"itemListElement\":[{\"@type\":\"ListItem\",\"position\":1,\"name\":\"In\u00edcio\",\"item\":\"https:\/\/www.sigmatools.com.br\/site\/\"},{\"@type\":\"ListItem\",\"position\":2,\"name\":\"CHAVE JUNTA AXIAL &#8211; 27MM A 42MM\"}]},{\"@type\":\"WebSite\",\"@id\":\"https:\/\/www.sigmatools.com.br\/site\/#website\",\"url\":\"https:\/\/www.sigmatools.com.br\/site\/\",\"name\":\"Sigma Tools\",\"description\":\"Equipamentos para Est\u00e9tica Automotiva e Oficina Mec\u00e2nica - Sigma Tools\",\"publisher\":{\"@id\":\"https:\/\/www.sigmatools.com.br\/site\/#organization\"},\"potentialAction\":[{\"@type\":\"SearchAction\",\"target\":{\"@type\":\"EntryPoint\",\"urlTemplate\":\"https:\/\/www.sigmatools.com.br\/site\/?s={search_term_string}\"},\"query-input\":{\"@type\":\"PropertyValueSpecification\",\"valueRequired\":true,\"valueName\":\"search_term_string\"}}],\"inLanguage\":\"pt-BR\"},{\"@type\":\"Organization\",\"@id\":\"https:\/\/www.sigmatools.com.br\/site\/#organization\",\"name\":\"SIGMA TOOLS\",\"url\":\"https:\/\/www.sigmatools.com.br\/site\/\",\"logo\":{\"@type\":\"ImageObject\",\"inLanguage\":\"pt-BR\",\"@id\":\"https:\/\/www.sigmatools.com.br\/site\/#\/schema\/logo\/image\/\",\"url\":\"https:\/\/www.sigmatools.com.br\/site\/wp-content\/uploads\/2020\/01\/logo-sigma.png\",\"contentUrl\":\"https:\/\/www.sigmatools.com.br\/site\/wp-content\/uploads\/2020\/01\/logo-sigma.png\",\"width\":152,\"height\":150,\"caption\":\"SIGMA TOOLS\"},\"image\":{\"@id\":\"https:\/\/www.sigmatools.com.br\/site\/#\/schema\/logo\/image\/\"},\"sameAs\":[\"https:\/\/www.facebook.com\/sigmatools\"]}]}<\/script>\n<!-- \/ Yoast SEO plugin. -->","yoast_head_json":{"title":"CHAVE JUNTA AXIAL - 27MM A 42MM - Sigma Tools","robots":{"index":"index","follow":"follow","max-snippet":"max-snippet:-1","max-image-preview":"max-image-preview:large","max-video-preview":"max-video-preview:-1"},"canonical":"https:\/\/www.sigmatools.com.br\/site\/produto\/chave-junta-axial-27mm-a-42mm\/","og_locale":"pt_BR","og_type":"article","og_title":"CHAVE JUNTA AXIAL - 27MM A 42MM - Sigma Tools","og_description":"C\u00f3digo do produto: 0699940027  C\u00f3digo de barras:\u00a07908276668968  &nbsp;  \ufeff  &nbsp;  &nbsp;  Caracter\u00edsticas  \u2022 Encaixe quadrado para uso com ferramentas manuais ou pneum\u00e1ticas; \u2022 Fabricada em a\u00e7o CrMo (cromo-molibd\u00eanio) de alta resist\u00eancia; \u2022 Compat\u00edvel com cabe\u00e7as de tirante com di\u00e2metro interno de 27 a 42 mm; \u2022 Design universal compat\u00edvel com diversas marcas e modelos de ve\u00edculos; \u2022 Dentes internos que garantem firmeza e alto torque na aplica\u00e7\u00e3o.  &nbsp;  Vantagens \u2022 Permite aplica\u00e7\u00e3o de alto torque com menor esfor\u00e7o; \u2022 Alta durabilidade e resist\u00eancia ao desgaste; \u2022 Versatilidade para uso em ve\u00edculos nacionais e importados; \u2022 Garante o alinhamento correto do bra\u00e7o axial durante a instala\u00e7\u00e3o, fundamental para o bom\u00a0 funcionamento da dire\u00e7\u00e3o e seguran\u00e7a do ve\u00edculo.  &nbsp;  Aplica\u00e7\u00f5es Ideal para oficinas mec\u00e2nicas e profissionais que realizam manuten\u00e7\u00e3o em sistemas de caixa de dire\u00e7\u00e3o de ve\u00edculos leves e pesados.  &nbsp;  &nbsp;","og_url":"https:\/\/www.sigmatools.com.br\/site\/produto\/chave-junta-axial-27mm-a-42mm\/","og_site_name":"Sigma Tools","article_publisher":"https:\/\/www.facebook.com\/sigmatools","article_modified_time":"2026-04-04T14:04:22+00:00","og_image":[{"width":1000,"height":1000,"url":"https:\/\/www.sigmatools.com.br\/site\/wp-content\/uploads\/2025\/05\/3-2.jpg","type":"image\/jpeg"}],"twitter_card":"summary_large_image","twitter_misc":{"Est. tempo de leitura":"1 minuto"},"schema":{"@context":"https:\/\/schema.org","@graph":[{"@type":"WebPage","@id":"https:\/\/www.sigmatools.com.br\/site\/produto\/chave-junta-axial-27mm-a-42mm\/","url":"https:\/\/www.sigmatools.com.br\/site\/produto\/chave-junta-axial-27mm-a-42mm\/","name":"CHAVE JUNTA AXIAL - 27MM A 42MM - Sigma Tools","isPartOf":{"@id":"https:\/\/www.sigmatools.com.br\/site\/#website"},"primaryImageOfPage":{"@id":"https:\/\/www.sigmatools.com.br\/site\/produto\/chave-junta-axial-27mm-a-42mm\/#primaryimage"},"image":{"@id":"https:\/\/www.sigmatools.com.br\/site\/produto\/chave-junta-axial-27mm-a-42mm\/#primaryimage"},"thumbnailUrl":"https:\/\/www.sigmatools.com.br\/site\/wp-content\/uploads\/2025\/05\/3-2.jpg","datePublished":"2025-05-19T11:29:43+00:00","dateModified":"2026-04-04T14:04:22+00:00","breadcrumb":{"@id":"https:\/\/www.sigmatools.com.br\/site\/produto\/chave-junta-axial-27mm-a-42mm\/#breadcrumb"},"inLanguage":"pt-BR","potentialAction":[{"@type":"ReadAction","target":["https:\/\/www.sigmatools.com.br\/site\/produto\/chave-junta-axial-27mm-a-42mm\/"]}]},{"@type":"ImageObject","inLanguage":"pt-BR","@id":"https:\/\/www.sigmatools.com.br\/site\/produto\/chave-junta-axial-27mm-a-42mm\/#primaryimage","url":"https:\/\/www.sigmatools.com.br\/site\/wp-content\/uploads\/2025\/05\/3-2.jpg","contentUrl":"https:\/\/www.sigmatools.com.br\/site\/wp-content\/uploads\/2025\/05\/3-2.jpg","width":1000,"height":1000},{"@type":"BreadcrumbList","@id":"https:\/\/www.sigmatools.com.br\/site\/produto\/chave-junta-axial-27mm-a-42mm\/#breadcrumb","itemListElement":[{"@type":"ListItem","position":1,"name":"In\u00edcio","item":"https:\/\/www.sigmatools.com.br\/site\/"},{"@type":"ListItem","position":2,"name":"CHAVE JUNTA AXIAL &#8211; 27MM A 42MM"}]},{"@type":"WebSite","@id":"https:\/\/www.sigmatools.com.br\/site\/#website","url":"https:\/\/www.sigmatools.com.br\/site\/","name":"Sigma Tools","description":"Equipamentos para Est\u00e9tica Automotiva e Oficina Mec\u00e2nica - Sigma Tools","publisher":{"@id":"https:\/\/www.sigmatools.com.br\/site\/#organization"},"potentialAction":[{"@type":"SearchAction","target":{"@type":"EntryPoint","urlTemplate":"https:\/\/www.sigmatools.com.br\/site\/?s={search_term_string}"},"query-input":{"@type":"PropertyValueSpecification","valueRequired":true,"valueName":"search_term_string"}}],"inLanguage":"pt-BR"},{"@type":"Organization","@id":"https:\/\/www.sigmatools.com.br\/site\/#organization","name":"SIGMA TOOLS","url":"https:\/\/www.sigmatools.com.br\/site\/","logo":{"@type":"ImageObject","inLanguage":"pt-BR","@id":"https:\/\/www.sigmatools.com.br\/site\/#\/schema\/logo\/image\/","url":"https:\/\/www.sigmatools.com.br\/site\/wp-content\/uploads\/2020\/01\/logo-sigma.png","contentUrl":"https:\/\/www.sigmatools.com.br\/site\/wp-content\/uploads\/2020\/01\/logo-sigma.png","width":152,"height":150,"caption":"SIGMA TOOLS"},"image":{"@id":"https:\/\/www.sigmatools.com.br\/site\/#\/schema\/logo\/image\/"},"sameAs":["https:\/\/www.facebook.com\/sigmatools"]}]}},"_links":{"self":[{"href":"https:\/\/www.sigmatools.com.br\/site\/wp-json\/wp\/v2\/product\/10543","targetHints":{"allow":["GET"]}}],"collection":[{"href":"https:\/\/www.sigmatools.com.br\/site\/wp-json\/wp\/v2\/product"}],"about":[{"href":"https:\/\/www.sigmatools.com.br\/site\/wp-json\/wp\/v2\/types\/product"}],"replies":[{"embeddable":true,"href":"https:\/\/www.sigmatools.com.br\/site\/wp-json\/wp\/v2\/comments?post=10543"}],"wp:featuredmedia":[{"embeddable":true,"href":"https:\/\/www.sigmatools.com.br\/site\/wp-json\/wp\/v2\/media\/10570"}],"wp:attachment":[{"href":"https:\/\/www.sigmatools.com.br\/site\/wp-json\/wp\/v2\/media?parent=10543"}],"wp:term":[{"taxonomy":"product_brand","embeddable":true,"href":"https:\/\/www.sigmatools.com.br\/site\/wp-json\/wp\/v2\/product_brand?post=10543"},{"taxonomy":"product_cat","embeddable":true,"href":"https:\/\/www.sigmatools.com.br\/site\/wp-json\/wp\/v2\/product_cat?post=10543"},{"taxonomy":"product_tag","embeddable":true,"href":"https:\/\/www.sigmatools.com.br\/site\/wp-json\/wp\/v2\/product_tag?post=10543"}],"curies":[{"name":"wp","href":"https:\/\/api.w.org\/{rel}","templated":true}]}}