{"id":10766,"date":"2025-05-19T15:08:59","date_gmt":"2025-05-19T18:08:59","guid":{"rendered":"https:\/\/www.sigmatools.com.br\/site\/?post_type=product&#038;p=10766"},"modified":"2025-08-12T10:08:25","modified_gmt":"2025-08-12T13:08:25","slug":"jogo-de-ferramentas-4-bandejas-em-eva-125-pecas","status":"publish","type":"product","link":"https:\/\/www.sigmatools.com.br\/site\/produto\/jogo-de-ferramentas-4-bandejas-em-eva-125-pecas\/","title":{"rendered":"JOGO DE FERRAMENTAS 4 BANDEJAS EM EVA &#8211; 125 PE\u00c7AS"},"content":{"rendered":"","protected":false},"excerpt":{"rendered":"<p><strong>C\u00f3digo do produto:<\/strong> 0699940010<\/p>\n<p><strong>C\u00f3digo de barras:<\/strong> 7908276662874<\/p>\n<p>&nbsp;<\/p>\n<iframe title=\"YouTube video player\" src=\"https:\/\/www.youtube.com\/embed\/uQJnFmunO0k\" width=\"315\" height=\"560\" frameborder=\"0\" allowfullscreen=\"allowfullscreen\"><span data-mce-type=\"bookmark\" style=\"display: inline-block; width: 0px; overflow: hidden; line-height: 0;\" class=\"mce_SELRES_start\">\ufeff<\/span><\/iframe>\n<p>&nbsp;<\/p>\n<p><strong>Soquetes sextavados (curtos):<\/strong><br \/>\n\u2022 Soquetes 1\/2\u201d: 8, 9, 10, 11, 12, 13, 14, 15, 17, 19, 20, 21, 22, 24, 27, 30, 32 mm;<br \/>\n\u2022 Soquetes 3\/8\u201d: 6, 8, 10, 11, 12, 13, 14, 15, 17, 19 mm;<br \/>\n\u2022 Soquetes 1\/4\u201d: 4, 4.5, 5, 5.5, 6, 7, 8, 9, 10, 11, 12, 13, 14 mm.<\/p>\n<p>&nbsp;<\/p>\n<p><strong>Soquetes sextavado (longo):<\/strong><br \/>\n\u2022 Soquetes 1\/2\u201d: 10, 11, 13, 14, 15 mm<br \/>\n\u2022 Soquetes 3\/8\u201d: 6, 8, 9, 10, 11, 12, 13, 14, 15, 17, 19 mm<br \/>\n\u2022 Soquetes 1\/4\u201d: 4, 5, 6, 7, 8, 9, 10, 11, 12, 13, 14 mm<\/p>\n<p>&nbsp;<\/p>\n<p><strong>Soquetes para roda de liga leve com prote\u00e7\u00e3o (impacto, cromados coloridos):<\/strong><br \/>\n\u2022 17 mm (azul)<br \/>\n\u2022 19 mm (amarelo\/dourado)<br \/>\n\u2022 21 mm (vermelho)<br \/>\n\u2022 22 mm (verde)<\/p>\n<p>&nbsp;<\/p>\n<p><strong>Chaves catraca:<\/strong><br \/>\n\u2022 1\/4\u201d<br \/>\n\u2022 3\/8\u201d<br \/>\n\u2022 1\/2\u201d<\/p>\n<p>&nbsp;<\/p>\n<p><strong>Extens\u00f5es e acess\u00f3rios:<\/strong><br \/>\n\u2022 Extens\u00e3o 1\/2 x 5\u201d<br \/>\n\u2022 Extens\u00e3o 1\/4 x 4\u201d<br \/>\n\u2022 Extens\u00e3o 3\/8 x 6\u201d<br \/>\n\u2022 Juntas universais: 1\/4\u201d, 3\/8\u201d, 1\/2\u201d.<\/p>\n<p>&nbsp;<\/p>\n<p><strong>Chaves combinadas com catraca:<\/strong><br \/>\n\u2022 8, 9, 10, 11, 12, 13, 14, 15, 16, 17, 19, 21, 22 mm<\/p>\n<p>&nbsp;<\/p>\n<p><strong>Torqu\u00edmetro:<\/strong><br \/>\n\u2022 1\/2 &#8211; 20 &#8211; 210nm &#8211; 2 &#8211; 21 kgf.m<\/p>\n<p>&nbsp;<\/p>\n<p><strong>Chaves de Fenda:<\/strong><br \/>\n\u2022 8x150mm, 6x100mm, 5x75mm, 6x38mm, 3x100mm<\/p>\n<p>&nbsp;<\/p>\n<p><strong>Chaves Phillips:<\/strong><br \/>\n\u2022 PH3-150, PH2-100, PH1-75, PH2-38, PH0-100<\/p>\n<p>&nbsp;<\/p>\n<p><strong>Chaves Torx<\/strong><br \/>\n\u2022 T40, T30, T10, T27, T9, T25, T8, T20, T7, T15, T6<\/p>\n<p>&nbsp;<\/p>\n<p><strong>Martelo:<\/strong><br \/>\n\u2022 Martelo Pena<\/p>\n<p>&nbsp;<\/p>\n<p><strong>Alicates e Ferramentas de Aperto:<\/strong><br \/>\n\u2022 Chave Alicate Bomba D&#8217;\u00c1gua 10&#8243;<br \/>\n\u2022 Alicate Universal 8&#8243;<br \/>\n\u2022 Alicate de Bico Longo 6&#8243;<br \/>\n\u2022 Alicate de Dobra 6&#8243;<br \/>\n\u2022 Alicate de Corte Diagonal 6&#8243;<br \/>\n\u2022 Alicate para An\u00e9is Internos com Bico Curvo<br \/>\n\u2022 Alicate para An\u00e9is Externos com Bico Curvo<br \/>\n\u2022 Alicate para Anel Reto Interno<br \/>\n\u2022 Alicate para An\u00e9is Reto Externos<\/p>\n<p>&nbsp;<\/p>\n[button size=\"small\" icon=\"\" target=\"_blank\" text_align=\"left\" text=\"Informativo\" link=\"http:\/\/www.sigmatools.com.br\/site\/arquivos\/informativos\/JOGO%20DE%20FERRAMENTAS%204%20BANDEJAS%20EM%20EVA%20-%20INFO.pdf\" color=\"#ffffff\" hover_color=\"#ffffff\" background_color=\"#353535\" hover_background_color=\"#dd3333\" border_color=\"#353535\" hover_border_color=\"#dd3333\"]","protected":false},"featured_media":10767,"comment_status":"open","ping_status":"closed","template":"","meta":{"_jet_sm_ready_style":"","_jet_sm_style":"","_jet_sm_controls_values":"","_jet_sm_fonts_collection":"","_jet_sm_fonts_links":""},"product_brand":[],"product_cat":[218,110,15],"product_tag":[],"class_list":{"0":"post-10766","1":"product","2":"type-product","3":"status-publish","4":"has-post-thumbnail","6":"product_cat-destaque","7":"product_cat-ferramentas","8":"product_cat-sigma-tools","10":"first","11":"instock","12":"shipping-taxable","13":"product-type-simple"},"yoast_head":"<!-- This site is optimized with the Yoast SEO plugin v27.1.1 - https:\/\/yoast.com\/product\/yoast-seo-wordpress\/ -->\n<title>JOGO DE FERRAMENTAS 4 BANDEJAS EM EVA - 125 PE\u00c7AS - Sigma Tools<\/title>\n<meta name=\"robots\" content=\"index, follow, max-snippet:-1, max-image-preview:large, max-video-preview:-1\" \/>\n<link rel=\"canonical\" href=\"https:\/\/www.sigmatools.com.br\/site\/produto\/jogo-de-ferramentas-4-bandejas-em-eva-125-pecas\/\" \/>\n<meta property=\"og:locale\" content=\"pt_BR\" \/>\n<meta property=\"og:type\" content=\"article\" \/>\n<meta property=\"og:title\" content=\"JOGO DE FERRAMENTAS 4 BANDEJAS EM EVA - 125 PE\u00c7AS - Sigma Tools\" \/>\n<meta property=\"og:description\" content=\"C\u00f3digo do produto: 0699940010  C\u00f3digo de barras: 7908276662874  &nbsp;  \ufeff  &nbsp;  Soquetes sextavados (curtos): \u2022 Soquetes 1\/2\u201d: 8, 9, 10, 11, 12, 13, 14, 15, 17, 19, 20, 21, 22, 24, 27, 30, 32 mm; \u2022 Soquetes 3\/8\u201d: 6, 8, 10, 11, 12, 13, 14, 15, 17, 19 mm; \u2022 Soquetes 1\/4\u201d: 4, 4.5, 5, 5.5, 6, 7, 8, 9, 10, 11, 12, 13, 14 mm.  &nbsp;  Soquetes sextavado (longo): \u2022 Soquetes 1\/2\u201d: 10, 11, 13, 14, 15 mm \u2022 Soquetes 3\/8\u201d: 6, 8, 9, 10, 11, 12, 13, 14, 15, 17, 19 mm \u2022 Soquetes 1\/4\u201d: 4, 5, 6, 7, 8, 9, 10, 11, 12, 13, 14 mm  &nbsp;  Soquetes para roda de liga leve com prote\u00e7\u00e3o (impacto, cromados coloridos): \u2022 17 mm (azul) \u2022 19 mm (amarelo\/dourado) \u2022 21 mm (vermelho) \u2022 22 mm (verde)  &nbsp;  Chaves catraca: \u2022 1\/4\u201d \u2022 3\/8\u201d \u2022 1\/2\u201d  &nbsp;  Extens\u00f5es e acess\u00f3rios: \u2022 Extens\u00e3o 1\/2 x 5\u201d \u2022 Extens\u00e3o 1\/4 x 4\u201d \u2022 Extens\u00e3o 3\/8 x 6\u201d \u2022 Juntas universais: 1\/4\u201d, 3\/8\u201d, 1\/2\u201d.  &nbsp;  Chaves combinadas com catraca: \u2022 8, 9, 10, 11, 12, 13, 14, 15, 16, 17, 19, 21, 22 mm  &nbsp;  Torqu\u00edmetro: \u2022 1\/2 - 20 - 210nm - 2 - 21 kgf.m  &nbsp;  Chaves de Fenda: \u2022 8x150mm, 6x100mm, 5x75mm, 6x38mm, 3x100mm  &nbsp;  Chaves Phillips: \u2022 PH3-150, PH2-100, PH1-75, PH2-38, PH0-100  &nbsp;  Chaves Torx \u2022 T40, T30, T10, T27, T9, T25, T8, T20, T7, T15, T6  &nbsp;  Martelo: \u2022 Martelo Pena  &nbsp;  Alicates e Ferramentas de Aperto: \u2022 Chave Alicate Bomba D&#039;\u00c1gua 10&quot; \u2022 Alicate Universal 8&quot; \u2022 Alicate de Bico Longo 6&quot; \u2022 Alicate de Dobra 6&quot; \u2022 Alicate de Corte Diagonal 6&quot; \u2022 Alicate para An\u00e9is Internos com Bico Curvo \u2022 Alicate para An\u00e9is Externos com Bico Curvo \u2022 Alicate para Anel Reto Interno \u2022 Alicate para An\u00e9is Reto Externos  &nbsp;\" \/>\n<meta property=\"og:url\" content=\"https:\/\/www.sigmatools.com.br\/site\/produto\/jogo-de-ferramentas-4-bandejas-em-eva-125-pecas\/\" \/>\n<meta property=\"og:site_name\" content=\"Sigma Tools\" \/>\n<meta property=\"article:publisher\" content=\"https:\/\/www.facebook.com\/sigmatools\" \/>\n<meta property=\"article:modified_time\" content=\"2025-08-12T13:08:25+00:00\" \/>\n<meta property=\"og:image\" content=\"https:\/\/www.sigmatools.com.br\/site\/wp-content\/uploads\/2025\/05\/1-21.jpg\" \/>\n\t<meta property=\"og:image:width\" content=\"1000\" \/>\n\t<meta property=\"og:image:height\" content=\"1000\" \/>\n\t<meta property=\"og:image:type\" content=\"image\/jpeg\" \/>\n<meta name=\"twitter:card\" content=\"summary_large_image\" \/>\n<meta name=\"twitter:label1\" content=\"Est. tempo de leitura\" \/>\n\t<meta name=\"twitter:data1\" content=\"1 minuto\" \/>\n<script type=\"application\/ld+json\" class=\"yoast-schema-graph\">{\"@context\":\"https:\/\/schema.org\",\"@graph\":[{\"@type\":\"WebPage\",\"@id\":\"https:\/\/www.sigmatools.com.br\/site\/produto\/jogo-de-ferramentas-4-bandejas-em-eva-125-pecas\/\",\"url\":\"https:\/\/www.sigmatools.com.br\/site\/produto\/jogo-de-ferramentas-4-bandejas-em-eva-125-pecas\/\",\"name\":\"JOGO DE FERRAMENTAS 4 BANDEJAS EM EVA - 125 PE\u00c7AS - Sigma Tools\",\"isPartOf\":{\"@id\":\"https:\/\/www.sigmatools.com.br\/site\/#website\"},\"primaryImageOfPage\":{\"@id\":\"https:\/\/www.sigmatools.com.br\/site\/produto\/jogo-de-ferramentas-4-bandejas-em-eva-125-pecas\/#primaryimage\"},\"image\":{\"@id\":\"https:\/\/www.sigmatools.com.br\/site\/produto\/jogo-de-ferramentas-4-bandejas-em-eva-125-pecas\/#primaryimage\"},\"thumbnailUrl\":\"https:\/\/www.sigmatools.com.br\/site\/wp-content\/uploads\/2025\/05\/1-21.jpg\",\"datePublished\":\"2025-05-19T18:08:59+00:00\",\"dateModified\":\"2025-08-12T13:08:25+00:00\",\"breadcrumb\":{\"@id\":\"https:\/\/www.sigmatools.com.br\/site\/produto\/jogo-de-ferramentas-4-bandejas-em-eva-125-pecas\/#breadcrumb\"},\"inLanguage\":\"pt-BR\",\"potentialAction\":[{\"@type\":\"ReadAction\",\"target\":[\"https:\/\/www.sigmatools.com.br\/site\/produto\/jogo-de-ferramentas-4-bandejas-em-eva-125-pecas\/\"]}]},{\"@type\":\"ImageObject\",\"inLanguage\":\"pt-BR\",\"@id\":\"https:\/\/www.sigmatools.com.br\/site\/produto\/jogo-de-ferramentas-4-bandejas-em-eva-125-pecas\/#primaryimage\",\"url\":\"https:\/\/www.sigmatools.com.br\/site\/wp-content\/uploads\/2025\/05\/1-21.jpg\",\"contentUrl\":\"https:\/\/www.sigmatools.com.br\/site\/wp-content\/uploads\/2025\/05\/1-21.jpg\",\"width\":1000,\"height\":1000},{\"@type\":\"BreadcrumbList\",\"@id\":\"https:\/\/www.sigmatools.com.br\/site\/produto\/jogo-de-ferramentas-4-bandejas-em-eva-125-pecas\/#breadcrumb\",\"itemListElement\":[{\"@type\":\"ListItem\",\"position\":1,\"name\":\"In\u00edcio\",\"item\":\"https:\/\/www.sigmatools.com.br\/site\/\"},{\"@type\":\"ListItem\",\"position\":2,\"name\":\"JOGO DE FERRAMENTAS 4 BANDEJAS EM EVA &#8211; 125 PE\u00c7AS\"}]},{\"@type\":\"WebSite\",\"@id\":\"https:\/\/www.sigmatools.com.br\/site\/#website\",\"url\":\"https:\/\/www.sigmatools.com.br\/site\/\",\"name\":\"Sigma Tools\",\"description\":\"Equipamentos para Est\u00e9tica Automotiva e Oficina Mec\u00e2nica - Sigma Tools\",\"publisher\":{\"@id\":\"https:\/\/www.sigmatools.com.br\/site\/#organization\"},\"potentialAction\":[{\"@type\":\"SearchAction\",\"target\":{\"@type\":\"EntryPoint\",\"urlTemplate\":\"https:\/\/www.sigmatools.com.br\/site\/?s={search_term_string}\"},\"query-input\":{\"@type\":\"PropertyValueSpecification\",\"valueRequired\":true,\"valueName\":\"search_term_string\"}}],\"inLanguage\":\"pt-BR\"},{\"@type\":\"Organization\",\"@id\":\"https:\/\/www.sigmatools.com.br\/site\/#organization\",\"name\":\"SIGMA TOOLS\",\"url\":\"https:\/\/www.sigmatools.com.br\/site\/\",\"logo\":{\"@type\":\"ImageObject\",\"inLanguage\":\"pt-BR\",\"@id\":\"https:\/\/www.sigmatools.com.br\/site\/#\/schema\/logo\/image\/\",\"url\":\"https:\/\/www.sigmatools.com.br\/site\/wp-content\/uploads\/2020\/01\/logo-sigma.png\",\"contentUrl\":\"https:\/\/www.sigmatools.com.br\/site\/wp-content\/uploads\/2020\/01\/logo-sigma.png\",\"width\":152,\"height\":150,\"caption\":\"SIGMA TOOLS\"},\"image\":{\"@id\":\"https:\/\/www.sigmatools.com.br\/site\/#\/schema\/logo\/image\/\"},\"sameAs\":[\"https:\/\/www.facebook.com\/sigmatools\"]}]}<\/script>\n<!-- \/ Yoast SEO plugin. -->","yoast_head_json":{"title":"JOGO DE FERRAMENTAS 4 BANDEJAS EM EVA - 125 PE\u00c7AS - Sigma Tools","robots":{"index":"index","follow":"follow","max-snippet":"max-snippet:-1","max-image-preview":"max-image-preview:large","max-video-preview":"max-video-preview:-1"},"canonical":"https:\/\/www.sigmatools.com.br\/site\/produto\/jogo-de-ferramentas-4-bandejas-em-eva-125-pecas\/","og_locale":"pt_BR","og_type":"article","og_title":"JOGO DE FERRAMENTAS 4 BANDEJAS EM EVA - 125 PE\u00c7AS - Sigma Tools","og_description":"C\u00f3digo do produto: 0699940010  C\u00f3digo de barras: 7908276662874  &nbsp;  \ufeff  &nbsp;  Soquetes sextavados (curtos): \u2022 Soquetes 1\/2\u201d: 8, 9, 10, 11, 12, 13, 14, 15, 17, 19, 20, 21, 22, 24, 27, 30, 32 mm; \u2022 Soquetes 3\/8\u201d: 6, 8, 10, 11, 12, 13, 14, 15, 17, 19 mm; \u2022 Soquetes 1\/4\u201d: 4, 4.5, 5, 5.5, 6, 7, 8, 9, 10, 11, 12, 13, 14 mm.  &nbsp;  Soquetes sextavado (longo): \u2022 Soquetes 1\/2\u201d: 10, 11, 13, 14, 15 mm \u2022 Soquetes 3\/8\u201d: 6, 8, 9, 10, 11, 12, 13, 14, 15, 17, 19 mm \u2022 Soquetes 1\/4\u201d: 4, 5, 6, 7, 8, 9, 10, 11, 12, 13, 14 mm  &nbsp;  Soquetes para roda de liga leve com prote\u00e7\u00e3o (impacto, cromados coloridos): \u2022 17 mm (azul) \u2022 19 mm (amarelo\/dourado) \u2022 21 mm (vermelho) \u2022 22 mm (verde)  &nbsp;  Chaves catraca: \u2022 1\/4\u201d \u2022 3\/8\u201d \u2022 1\/2\u201d  &nbsp;  Extens\u00f5es e acess\u00f3rios: \u2022 Extens\u00e3o 1\/2 x 5\u201d \u2022 Extens\u00e3o 1\/4 x 4\u201d \u2022 Extens\u00e3o 3\/8 x 6\u201d \u2022 Juntas universais: 1\/4\u201d, 3\/8\u201d, 1\/2\u201d.  &nbsp;  Chaves combinadas com catraca: \u2022 8, 9, 10, 11, 12, 13, 14, 15, 16, 17, 19, 21, 22 mm  &nbsp;  Torqu\u00edmetro: \u2022 1\/2 - 20 - 210nm - 2 - 21 kgf.m  &nbsp;  Chaves de Fenda: \u2022 8x150mm, 6x100mm, 5x75mm, 6x38mm, 3x100mm  &nbsp;  Chaves Phillips: \u2022 PH3-150, PH2-100, PH1-75, PH2-38, PH0-100  &nbsp;  Chaves Torx \u2022 T40, T30, T10, T27, T9, T25, T8, T20, T7, T15, T6  &nbsp;  Martelo: \u2022 Martelo Pena  &nbsp;  Alicates e Ferramentas de Aperto: \u2022 Chave Alicate Bomba D'\u00c1gua 10\" \u2022 Alicate Universal 8\" \u2022 Alicate de Bico Longo 6\" \u2022 Alicate de Dobra 6\" \u2022 Alicate de Corte Diagonal 6\" \u2022 Alicate para An\u00e9is Internos com Bico Curvo \u2022 Alicate para An\u00e9is Externos com Bico Curvo \u2022 Alicate para Anel Reto Interno \u2022 Alicate para An\u00e9is Reto Externos  &nbsp;","og_url":"https:\/\/www.sigmatools.com.br\/site\/produto\/jogo-de-ferramentas-4-bandejas-em-eva-125-pecas\/","og_site_name":"Sigma Tools","article_publisher":"https:\/\/www.facebook.com\/sigmatools","article_modified_time":"2025-08-12T13:08:25+00:00","og_image":[{"width":1000,"height":1000,"url":"https:\/\/www.sigmatools.com.br\/site\/wp-content\/uploads\/2025\/05\/1-21.jpg","type":"image\/jpeg"}],"twitter_card":"summary_large_image","twitter_misc":{"Est. tempo de leitura":"1 minuto"},"schema":{"@context":"https:\/\/schema.org","@graph":[{"@type":"WebPage","@id":"https:\/\/www.sigmatools.com.br\/site\/produto\/jogo-de-ferramentas-4-bandejas-em-eva-125-pecas\/","url":"https:\/\/www.sigmatools.com.br\/site\/produto\/jogo-de-ferramentas-4-bandejas-em-eva-125-pecas\/","name":"JOGO DE FERRAMENTAS 4 BANDEJAS EM EVA - 125 PE\u00c7AS - Sigma Tools","isPartOf":{"@id":"https:\/\/www.sigmatools.com.br\/site\/#website"},"primaryImageOfPage":{"@id":"https:\/\/www.sigmatools.com.br\/site\/produto\/jogo-de-ferramentas-4-bandejas-em-eva-125-pecas\/#primaryimage"},"image":{"@id":"https:\/\/www.sigmatools.com.br\/site\/produto\/jogo-de-ferramentas-4-bandejas-em-eva-125-pecas\/#primaryimage"},"thumbnailUrl":"https:\/\/www.sigmatools.com.br\/site\/wp-content\/uploads\/2025\/05\/1-21.jpg","datePublished":"2025-05-19T18:08:59+00:00","dateModified":"2025-08-12T13:08:25+00:00","breadcrumb":{"@id":"https:\/\/www.sigmatools.com.br\/site\/produto\/jogo-de-ferramentas-4-bandejas-em-eva-125-pecas\/#breadcrumb"},"inLanguage":"pt-BR","potentialAction":[{"@type":"ReadAction","target":["https:\/\/www.sigmatools.com.br\/site\/produto\/jogo-de-ferramentas-4-bandejas-em-eva-125-pecas\/"]}]},{"@type":"ImageObject","inLanguage":"pt-BR","@id":"https:\/\/www.sigmatools.com.br\/site\/produto\/jogo-de-ferramentas-4-bandejas-em-eva-125-pecas\/#primaryimage","url":"https:\/\/www.sigmatools.com.br\/site\/wp-content\/uploads\/2025\/05\/1-21.jpg","contentUrl":"https:\/\/www.sigmatools.com.br\/site\/wp-content\/uploads\/2025\/05\/1-21.jpg","width":1000,"height":1000},{"@type":"BreadcrumbList","@id":"https:\/\/www.sigmatools.com.br\/site\/produto\/jogo-de-ferramentas-4-bandejas-em-eva-125-pecas\/#breadcrumb","itemListElement":[{"@type":"ListItem","position":1,"name":"In\u00edcio","item":"https:\/\/www.sigmatools.com.br\/site\/"},{"@type":"ListItem","position":2,"name":"JOGO DE FERRAMENTAS 4 BANDEJAS EM EVA &#8211; 125 PE\u00c7AS"}]},{"@type":"WebSite","@id":"https:\/\/www.sigmatools.com.br\/site\/#website","url":"https:\/\/www.sigmatools.com.br\/site\/","name":"Sigma Tools","description":"Equipamentos para Est\u00e9tica Automotiva e Oficina Mec\u00e2nica - Sigma Tools","publisher":{"@id":"https:\/\/www.sigmatools.com.br\/site\/#organization"},"potentialAction":[{"@type":"SearchAction","target":{"@type":"EntryPoint","urlTemplate":"https:\/\/www.sigmatools.com.br\/site\/?s={search_term_string}"},"query-input":{"@type":"PropertyValueSpecification","valueRequired":true,"valueName":"search_term_string"}}],"inLanguage":"pt-BR"},{"@type":"Organization","@id":"https:\/\/www.sigmatools.com.br\/site\/#organization","name":"SIGMA TOOLS","url":"https:\/\/www.sigmatools.com.br\/site\/","logo":{"@type":"ImageObject","inLanguage":"pt-BR","@id":"https:\/\/www.sigmatools.com.br\/site\/#\/schema\/logo\/image\/","url":"https:\/\/www.sigmatools.com.br\/site\/wp-content\/uploads\/2020\/01\/logo-sigma.png","contentUrl":"https:\/\/www.sigmatools.com.br\/site\/wp-content\/uploads\/2020\/01\/logo-sigma.png","width":152,"height":150,"caption":"SIGMA TOOLS"},"image":{"@id":"https:\/\/www.sigmatools.com.br\/site\/#\/schema\/logo\/image\/"},"sameAs":["https:\/\/www.facebook.com\/sigmatools"]}]}},"_links":{"self":[{"href":"https:\/\/www.sigmatools.com.br\/site\/wp-json\/wp\/v2\/product\/10766","targetHints":{"allow":["GET"]}}],"collection":[{"href":"https:\/\/www.sigmatools.com.br\/site\/wp-json\/wp\/v2\/product"}],"about":[{"href":"https:\/\/www.sigmatools.com.br\/site\/wp-json\/wp\/v2\/types\/product"}],"replies":[{"embeddable":true,"href":"https:\/\/www.sigmatools.com.br\/site\/wp-json\/wp\/v2\/comments?post=10766"}],"wp:featuredmedia":[{"embeddable":true,"href":"https:\/\/www.sigmatools.com.br\/site\/wp-json\/wp\/v2\/media\/10767"}],"wp:attachment":[{"href":"https:\/\/www.sigmatools.com.br\/site\/wp-json\/wp\/v2\/media?parent=10766"}],"wp:term":[{"taxonomy":"product_brand","embeddable":true,"href":"https:\/\/www.sigmatools.com.br\/site\/wp-json\/wp\/v2\/product_brand?post=10766"},{"taxonomy":"product_cat","embeddable":true,"href":"https:\/\/www.sigmatools.com.br\/site\/wp-json\/wp\/v2\/product_cat?post=10766"},{"taxonomy":"product_tag","embeddable":true,"href":"https:\/\/www.sigmatools.com.br\/site\/wp-json\/wp\/v2\/product_tag?post=10766"}],"curies":[{"name":"wp","href":"https:\/\/api.w.org\/{rel}","templated":true}]}}