{"id":1082,"date":"2020-02-18T16:35:07","date_gmt":"2020-02-18T19:35:07","guid":{"rendered":"https:\/\/sigmatools.com.br\/site\/?post_type=product&#038;p=1082"},"modified":"2025-07-01T13:15:46","modified_gmt":"2025-07-01T16:15:46","slug":"sgt-0442-2","status":"publish","type":"product","link":"https:\/\/www.sigmatools.com.br\/site\/produto\/sgt-0442-2\/","title":{"rendered":"SGT-0442 &#8211; ESMERILHADEIRA &#8211; CUT OFF ANGULAR 3"},"content":{"rendered":"","protected":false},"excerpt":{"rendered":"<p><strong>C\u00f3digo do produto:<\/strong> 0701044200<\/p>\n<p><strong>C\u00f3digo de barras:<\/strong> 7908276600470<\/p>\n<p>&nbsp;<\/p>\n<p>&nbsp;<\/p>\n<p>Indicado para opera\u00e7\u00f5es de corte com discos de di\u00e2metro 3\u201d (76mm) em todos os tipos de materiais,\u00a0 principalmente em locais de dif\u00edcil acesso, tais como chapas met\u00e1licas, longarinas de chassi, bra\u00e7adeiras, parafusos, entre outros.<\/p>\n<p>&nbsp;<\/p>\n<p><strong>Caracter\u00edsticas<\/strong><\/p>\n<p>\u2022 Carca\u00e7a em alum\u00ednio;<br \/>\n\u2022 Desenho ergon\u00f4mico;<br \/>\n\u2022 Alavanca de acionamento com trava de seguran\u00e7a;<br \/>\n\u2022 Exaust\u00e3o de ar atrav\u00e9s do cabo;<br \/>\n\u2022 Capa protetora do disco;<br \/>\n\u2022 Motor sem engrenagens; \uf0d8 Menor manuten\u00e7\u00e3o e tempo de parada do equipamento.<br \/>\n\u2022 0,6 HP de pot\u00eancia.<\/p>\n<p>&nbsp;<\/p>\n<p><strong>Velocidade Livre (rpm):<\/strong> 18.000<br \/>\n<strong>Di\u00e2metro do Prato (pol\/mm):<\/strong> 3\u201d \/ 76<br \/>\n<strong>Eixo roscado:<\/strong> 3\/8\u201d<br \/>\n<strong>Pot\u00eancia:<\/strong> 0,6Hp<br \/>\n<strong>Peso (kg):<\/strong> 0,930<\/p>\n<p><strong>\u00a0<\/strong><\/p>\n<p><strong>Para mais informa\u00e7\u00f5es, baixe o INFORMATIVO dessa ferramenta.<\/strong><\/p>\n[button size=\"small\" icon=\"\" target=\"_blank\" text_align=\"left\" text=\"Informativo\" link=\"http:\/\/www.sigmatools.com.br\/site\/arquivos\/informativos\/SGT-0442 - Cortador Pneumatico Angular 3.pdf\" color=\"#ffffff\" hover_color=\"#ffffff\" background_color=\"#353535\" hover_background_color=\"#dd3333\" border_color=\"#353535\" hover_border_color=\"#dd3333\"]\n[button size=\"small\" icon=\"\" target=\"_blank\" text_align=\"left\" text=\"Vista Explodida\" link=\"http:\/\/www.sigmatools.com.br\/site\/arquivos\/vista-explodida\/SGT-0442%20-%20Cut-Off%20Angular%203%20-%20VE.pdf\" color=\"#ffffff\" hover_color=\"#ffffff\" background_color=\"#353535\" hover_background_color=\"#dd3333\" border_color=\"#353535\" hover_border_color=\"#dd3333\"]","protected":false},"featured_media":5113,"comment_status":"open","ping_status":"closed","template":"","meta":{"_jet_sm_ready_style":"","_jet_sm_style":"","_jet_sm_controls_values":"","_jet_sm_fonts_collection":"","_jet_sm_fonts_links":""},"product_brand":[],"product_cat":[135,110,60,86,15],"product_tag":[],"class_list":{"0":"post-1082","1":"product","2":"type-product","3":"status-publish","4":"has-post-thumbnail","6":"product_cat-cortadores-de-disco-cut-off","7":"product_cat-ferramentas","8":"product_cat-catalogo-geral","9":"product_cat-corte","10":"product_cat-sigma-tools","12":"first","13":"instock","14":"shipping-taxable","15":"product-type-simple"},"yoast_head":"<!-- This site is optimized with the Yoast SEO plugin v27.1.1 - https:\/\/yoast.com\/product\/yoast-seo-wordpress\/ -->\n<title>SGT-0442 - ESMERILHADEIRA - CUT OFF ANGULAR 3 - Sigma Tools<\/title>\n<meta name=\"robots\" content=\"index, follow, max-snippet:-1, max-image-preview:large, max-video-preview:-1\" \/>\n<link rel=\"canonical\" href=\"https:\/\/www.sigmatools.com.br\/site\/produto\/sgt-0442-2\/\" \/>\n<meta property=\"og:locale\" content=\"pt_BR\" \/>\n<meta property=\"og:type\" content=\"article\" \/>\n<meta property=\"og:title\" content=\"SGT-0442 - ESMERILHADEIRA - CUT OFF ANGULAR 3 - Sigma Tools\" \/>\n<meta property=\"og:description\" content=\"C\u00f3digo do produto: 0701044200  C\u00f3digo de barras: 7908276600470  &nbsp;  &nbsp;  Indicado para opera\u00e7\u00f5es de corte com discos de di\u00e2metro 3\u201d (76mm) em todos os tipos de materiais,\u00a0 principalmente em locais de dif\u00edcil acesso, tais como chapas met\u00e1licas, longarinas de chassi, bra\u00e7adeiras, parafusos, entre outros.  &nbsp;  Caracter\u00edsticas  \u2022 Carca\u00e7a em alum\u00ednio; \u2022 Desenho ergon\u00f4mico; \u2022 Alavanca de acionamento com trava de seguran\u00e7a; \u2022 Exaust\u00e3o de ar atrav\u00e9s do cabo; \u2022 Capa protetora do disco; \u2022 Motor sem engrenagens; \uf0d8 Menor manuten\u00e7\u00e3o e tempo de parada do equipamento. \u2022 0,6 HP de pot\u00eancia.  &nbsp;  Velocidade Livre (rpm): 18.000 Di\u00e2metro do Prato (pol\/mm): 3\u201d \/ 76 Eixo roscado: 3\/8\u201d Pot\u00eancia: 0,6Hp Peso (kg): 0,930  \u00a0  Para mais informa\u00e7\u00f5es, baixe o INFORMATIVO dessa ferramenta.\" \/>\n<meta property=\"og:url\" content=\"https:\/\/www.sigmatools.com.br\/site\/produto\/sgt-0442-2\/\" \/>\n<meta property=\"og:site_name\" content=\"Sigma Tools\" \/>\n<meta property=\"article:publisher\" content=\"https:\/\/www.facebook.com\/sigmatools\" \/>\n<meta property=\"article:modified_time\" content=\"2025-07-01T16:15:46+00:00\" \/>\n<meta property=\"og:image\" content=\"https:\/\/www.sigmatools.com.br\/site\/wp-content\/uploads\/2020\/02\/SGT-0442-r.png\" \/>\n\t<meta property=\"og:image:width\" content=\"1000\" \/>\n\t<meta property=\"og:image:height\" content=\"1000\" \/>\n\t<meta property=\"og:image:type\" content=\"image\/png\" \/>\n<meta name=\"twitter:card\" content=\"summary_large_image\" \/>\n<meta name=\"twitter:label1\" content=\"Est. tempo de leitura\" \/>\n\t<meta name=\"twitter:data1\" content=\"1 minuto\" \/>\n<script type=\"application\/ld+json\" class=\"yoast-schema-graph\">{\"@context\":\"https:\/\/schema.org\",\"@graph\":[{\"@type\":\"WebPage\",\"@id\":\"https:\/\/www.sigmatools.com.br\/site\/produto\/sgt-0442-2\/\",\"url\":\"https:\/\/www.sigmatools.com.br\/site\/produto\/sgt-0442-2\/\",\"name\":\"SGT-0442 - ESMERILHADEIRA - CUT OFF ANGULAR 3 - Sigma Tools\",\"isPartOf\":{\"@id\":\"https:\/\/www.sigmatools.com.br\/site\/#website\"},\"primaryImageOfPage\":{\"@id\":\"https:\/\/www.sigmatools.com.br\/site\/produto\/sgt-0442-2\/#primaryimage\"},\"image\":{\"@id\":\"https:\/\/www.sigmatools.com.br\/site\/produto\/sgt-0442-2\/#primaryimage\"},\"thumbnailUrl\":\"https:\/\/www.sigmatools.com.br\/site\/wp-content\/uploads\/2020\/02\/SGT-0442-r.png\",\"datePublished\":\"2020-02-18T19:35:07+00:00\",\"dateModified\":\"2025-07-01T16:15:46+00:00\",\"breadcrumb\":{\"@id\":\"https:\/\/www.sigmatools.com.br\/site\/produto\/sgt-0442-2\/#breadcrumb\"},\"inLanguage\":\"pt-BR\",\"potentialAction\":[{\"@type\":\"ReadAction\",\"target\":[\"https:\/\/www.sigmatools.com.br\/site\/produto\/sgt-0442-2\/\"]}]},{\"@type\":\"ImageObject\",\"inLanguage\":\"pt-BR\",\"@id\":\"https:\/\/www.sigmatools.com.br\/site\/produto\/sgt-0442-2\/#primaryimage\",\"url\":\"https:\/\/www.sigmatools.com.br\/site\/wp-content\/uploads\/2020\/02\/SGT-0442-r.png\",\"contentUrl\":\"https:\/\/www.sigmatools.com.br\/site\/wp-content\/uploads\/2020\/02\/SGT-0442-r.png\",\"width\":1000,\"height\":1000},{\"@type\":\"BreadcrumbList\",\"@id\":\"https:\/\/www.sigmatools.com.br\/site\/produto\/sgt-0442-2\/#breadcrumb\",\"itemListElement\":[{\"@type\":\"ListItem\",\"position\":1,\"name\":\"In\u00edcio\",\"item\":\"https:\/\/www.sigmatools.com.br\/site\/\"},{\"@type\":\"ListItem\",\"position\":2,\"name\":\"SGT-0442 &#8211; ESMERILHADEIRA &#8211; CUT OFF ANGULAR 3\"}]},{\"@type\":\"WebSite\",\"@id\":\"https:\/\/www.sigmatools.com.br\/site\/#website\",\"url\":\"https:\/\/www.sigmatools.com.br\/site\/\",\"name\":\"Sigma Tools\",\"description\":\"Equipamentos para Est\u00e9tica Automotiva e Oficina Mec\u00e2nica - Sigma Tools\",\"publisher\":{\"@id\":\"https:\/\/www.sigmatools.com.br\/site\/#organization\"},\"potentialAction\":[{\"@type\":\"SearchAction\",\"target\":{\"@type\":\"EntryPoint\",\"urlTemplate\":\"https:\/\/www.sigmatools.com.br\/site\/?s={search_term_string}\"},\"query-input\":{\"@type\":\"PropertyValueSpecification\",\"valueRequired\":true,\"valueName\":\"search_term_string\"}}],\"inLanguage\":\"pt-BR\"},{\"@type\":\"Organization\",\"@id\":\"https:\/\/www.sigmatools.com.br\/site\/#organization\",\"name\":\"SIGMA TOOLS\",\"url\":\"https:\/\/www.sigmatools.com.br\/site\/\",\"logo\":{\"@type\":\"ImageObject\",\"inLanguage\":\"pt-BR\",\"@id\":\"https:\/\/www.sigmatools.com.br\/site\/#\/schema\/logo\/image\/\",\"url\":\"https:\/\/www.sigmatools.com.br\/site\/wp-content\/uploads\/2020\/01\/logo-sigma.png\",\"contentUrl\":\"https:\/\/www.sigmatools.com.br\/site\/wp-content\/uploads\/2020\/01\/logo-sigma.png\",\"width\":152,\"height\":150,\"caption\":\"SIGMA TOOLS\"},\"image\":{\"@id\":\"https:\/\/www.sigmatools.com.br\/site\/#\/schema\/logo\/image\/\"},\"sameAs\":[\"https:\/\/www.facebook.com\/sigmatools\"]}]}<\/script>\n<!-- \/ Yoast SEO plugin. -->","yoast_head_json":{"title":"SGT-0442 - ESMERILHADEIRA - CUT OFF ANGULAR 3 - Sigma Tools","robots":{"index":"index","follow":"follow","max-snippet":"max-snippet:-1","max-image-preview":"max-image-preview:large","max-video-preview":"max-video-preview:-1"},"canonical":"https:\/\/www.sigmatools.com.br\/site\/produto\/sgt-0442-2\/","og_locale":"pt_BR","og_type":"article","og_title":"SGT-0442 - ESMERILHADEIRA - CUT OFF ANGULAR 3 - Sigma Tools","og_description":"C\u00f3digo do produto: 0701044200  C\u00f3digo de barras: 7908276600470  &nbsp;  &nbsp;  Indicado para opera\u00e7\u00f5es de corte com discos de di\u00e2metro 3\u201d (76mm) em todos os tipos de materiais,\u00a0 principalmente em locais de dif\u00edcil acesso, tais como chapas met\u00e1licas, longarinas de chassi, bra\u00e7adeiras, parafusos, entre outros.  &nbsp;  Caracter\u00edsticas  \u2022 Carca\u00e7a em alum\u00ednio; \u2022 Desenho ergon\u00f4mico; \u2022 Alavanca de acionamento com trava de seguran\u00e7a; \u2022 Exaust\u00e3o de ar atrav\u00e9s do cabo; \u2022 Capa protetora do disco; \u2022 Motor sem engrenagens; \uf0d8 Menor manuten\u00e7\u00e3o e tempo de parada do equipamento. \u2022 0,6 HP de pot\u00eancia.  &nbsp;  Velocidade Livre (rpm): 18.000 Di\u00e2metro do Prato (pol\/mm): 3\u201d \/ 76 Eixo roscado: 3\/8\u201d Pot\u00eancia: 0,6Hp Peso (kg): 0,930  \u00a0  Para mais informa\u00e7\u00f5es, baixe o INFORMATIVO dessa ferramenta.","og_url":"https:\/\/www.sigmatools.com.br\/site\/produto\/sgt-0442-2\/","og_site_name":"Sigma Tools","article_publisher":"https:\/\/www.facebook.com\/sigmatools","article_modified_time":"2025-07-01T16:15:46+00:00","og_image":[{"width":1000,"height":1000,"url":"https:\/\/www.sigmatools.com.br\/site\/wp-content\/uploads\/2020\/02\/SGT-0442-r.png","type":"image\/png"}],"twitter_card":"summary_large_image","twitter_misc":{"Est. tempo de leitura":"1 minuto"},"schema":{"@context":"https:\/\/schema.org","@graph":[{"@type":"WebPage","@id":"https:\/\/www.sigmatools.com.br\/site\/produto\/sgt-0442-2\/","url":"https:\/\/www.sigmatools.com.br\/site\/produto\/sgt-0442-2\/","name":"SGT-0442 - ESMERILHADEIRA - CUT OFF ANGULAR 3 - Sigma Tools","isPartOf":{"@id":"https:\/\/www.sigmatools.com.br\/site\/#website"},"primaryImageOfPage":{"@id":"https:\/\/www.sigmatools.com.br\/site\/produto\/sgt-0442-2\/#primaryimage"},"image":{"@id":"https:\/\/www.sigmatools.com.br\/site\/produto\/sgt-0442-2\/#primaryimage"},"thumbnailUrl":"https:\/\/www.sigmatools.com.br\/site\/wp-content\/uploads\/2020\/02\/SGT-0442-r.png","datePublished":"2020-02-18T19:35:07+00:00","dateModified":"2025-07-01T16:15:46+00:00","breadcrumb":{"@id":"https:\/\/www.sigmatools.com.br\/site\/produto\/sgt-0442-2\/#breadcrumb"},"inLanguage":"pt-BR","potentialAction":[{"@type":"ReadAction","target":["https:\/\/www.sigmatools.com.br\/site\/produto\/sgt-0442-2\/"]}]},{"@type":"ImageObject","inLanguage":"pt-BR","@id":"https:\/\/www.sigmatools.com.br\/site\/produto\/sgt-0442-2\/#primaryimage","url":"https:\/\/www.sigmatools.com.br\/site\/wp-content\/uploads\/2020\/02\/SGT-0442-r.png","contentUrl":"https:\/\/www.sigmatools.com.br\/site\/wp-content\/uploads\/2020\/02\/SGT-0442-r.png","width":1000,"height":1000},{"@type":"BreadcrumbList","@id":"https:\/\/www.sigmatools.com.br\/site\/produto\/sgt-0442-2\/#breadcrumb","itemListElement":[{"@type":"ListItem","position":1,"name":"In\u00edcio","item":"https:\/\/www.sigmatools.com.br\/site\/"},{"@type":"ListItem","position":2,"name":"SGT-0442 &#8211; ESMERILHADEIRA &#8211; CUT OFF ANGULAR 3"}]},{"@type":"WebSite","@id":"https:\/\/www.sigmatools.com.br\/site\/#website","url":"https:\/\/www.sigmatools.com.br\/site\/","name":"Sigma Tools","description":"Equipamentos para Est\u00e9tica Automotiva e Oficina Mec\u00e2nica - Sigma Tools","publisher":{"@id":"https:\/\/www.sigmatools.com.br\/site\/#organization"},"potentialAction":[{"@type":"SearchAction","target":{"@type":"EntryPoint","urlTemplate":"https:\/\/www.sigmatools.com.br\/site\/?s={search_term_string}"},"query-input":{"@type":"PropertyValueSpecification","valueRequired":true,"valueName":"search_term_string"}}],"inLanguage":"pt-BR"},{"@type":"Organization","@id":"https:\/\/www.sigmatools.com.br\/site\/#organization","name":"SIGMA TOOLS","url":"https:\/\/www.sigmatools.com.br\/site\/","logo":{"@type":"ImageObject","inLanguage":"pt-BR","@id":"https:\/\/www.sigmatools.com.br\/site\/#\/schema\/logo\/image\/","url":"https:\/\/www.sigmatools.com.br\/site\/wp-content\/uploads\/2020\/01\/logo-sigma.png","contentUrl":"https:\/\/www.sigmatools.com.br\/site\/wp-content\/uploads\/2020\/01\/logo-sigma.png","width":152,"height":150,"caption":"SIGMA TOOLS"},"image":{"@id":"https:\/\/www.sigmatools.com.br\/site\/#\/schema\/logo\/image\/"},"sameAs":["https:\/\/www.facebook.com\/sigmatools"]}]}},"_links":{"self":[{"href":"https:\/\/www.sigmatools.com.br\/site\/wp-json\/wp\/v2\/product\/1082","targetHints":{"allow":["GET"]}}],"collection":[{"href":"https:\/\/www.sigmatools.com.br\/site\/wp-json\/wp\/v2\/product"}],"about":[{"href":"https:\/\/www.sigmatools.com.br\/site\/wp-json\/wp\/v2\/types\/product"}],"replies":[{"embeddable":true,"href":"https:\/\/www.sigmatools.com.br\/site\/wp-json\/wp\/v2\/comments?post=1082"}],"wp:featuredmedia":[{"embeddable":true,"href":"https:\/\/www.sigmatools.com.br\/site\/wp-json\/wp\/v2\/media\/5113"}],"wp:attachment":[{"href":"https:\/\/www.sigmatools.com.br\/site\/wp-json\/wp\/v2\/media?parent=1082"}],"wp:term":[{"taxonomy":"product_brand","embeddable":true,"href":"https:\/\/www.sigmatools.com.br\/site\/wp-json\/wp\/v2\/product_brand?post=1082"},{"taxonomy":"product_cat","embeddable":true,"href":"https:\/\/www.sigmatools.com.br\/site\/wp-json\/wp\/v2\/product_cat?post=1082"},{"taxonomy":"product_tag","embeddable":true,"href":"https:\/\/www.sigmatools.com.br\/site\/wp-json\/wp\/v2\/product_tag?post=1082"}],"curies":[{"name":"wp","href":"https:\/\/api.w.org\/{rel}","templated":true}]}}