{"id":11108,"date":"2025-06-11T15:22:38","date_gmt":"2025-06-11T18:22:38","guid":{"rendered":"https:\/\/www.sigmatools.com.br\/site\/?post_type=product&#038;p=11108"},"modified":"2026-02-06T08:43:35","modified_gmt":"2026-02-06T11:43:35","slug":"compressor-de-ar-isento-de-oleo-com-carretel-enrolador-10m-mangueira-15hp-6pcm","status":"publish","type":"product","link":"https:\/\/www.sigmatools.com.br\/site\/produto\/compressor-de-ar-isento-de-oleo-com-carretel-enrolador-10m-mangueira-15hp-6pcm\/","title":{"rendered":"COMPRESSOR DE AR ISENTO DE \u00d3LEO COM CARRETEL ENROLADOR 10M &#8211; MANGUEIRA &#8211; 1,5HP &#8211; 6PCM"},"content":{"rendered":"","protected":false},"excerpt":{"rendered":"<p><strong>C\u00f3digo do Produto: 127V &#8211; <\/strong>0708010104 | <strong>220V &#8211;<\/strong> 0708010103<\/p>\n<p><strong>C\u00f3digo de barras:<\/strong> <strong>127V &#8211;<\/strong> 7908276662362 | <strong>220V &#8211;<\/strong> 7908276662355<\/p>\n<p>&nbsp;<\/p>\n<p><strong>Caracter\u00edsticas<\/strong><br \/>\n\u2022 Montagem em parede com estrutura leve e f\u00e1cil de fixar com parafusos e buchas;<br \/>\n\u2022 Mangueira retr\u00e1til de 10 metros com carretel embutido;<br \/>\n\u2022 Bot\u00e3o Liga\/Desliga para f\u00e1cil acionamento do equipamento;<br \/>\n\u2022 Sistema isento de \u00f3leo que dispensa manuten\u00e7\u00e3o.<\/p>\n<p>&nbsp;<\/p>\n<p><strong>Vantagens<\/strong><br \/>\n\u2022 Pronto para uso, sem necessidade de manuten\u00e7\u00e3o;<br \/>\n\u2022 Economiza espa\u00e7o com instala\u00e7\u00e3o em parede e mangueira retr\u00e1til;<br \/>\n\u2022 Facilita tarefas como pintura, sopro e enchimento com efici\u00eancia;<br \/>\n\u2022 Compat\u00edvel com diversos kits e acess\u00f3rios;<br \/>\n\u2022 Funcionamento silencioso, ideal para ambientes fechados.<\/p>\n<p>&nbsp;<\/p>\n<p><strong>Aplica\u00e7\u00f5es<\/strong><br \/>\nIdeal para oficinas, garagens, resid\u00eancias e ambientes profissionais que necessitam de ar comprimido pr\u00e1tico e limpo.<\/p>\n<p>&nbsp;<\/p>\n[button size=\"small\" icon=\"\" target=\"_blank\" text_align=\"left\" text=\"Informativo\" link=\"http:\/\/www.sigmatools.com.br\/site\/arquivos\/informativos\/COMPRESSOR%20DE%20AR%20ISENTO%20DE%20OLEO%20-%20INFO.pdf\" color=\"#ffffff\" hover_color=\"#ffffff\" background_color=\"#353535\" hover_background_color=\"#dd3333\" border_color=\"#353535\" hover_border_color=\"#dd3333\"]","protected":false},"featured_media":11109,"comment_status":"open","ping_status":"closed","template":"","meta":{"_jet_sm_ready_style":"","_jet_sm_style":"","_jet_sm_controls_values":"","_jet_sm_fonts_collection":"","_jet_sm_fonts_links":""},"product_brand":[],"product_cat":[218,60,15],"product_tag":[],"class_list":{"0":"post-11108","1":"product","2":"type-product","3":"status-publish","4":"has-post-thumbnail","6":"product_cat-destaque","7":"product_cat-catalogo-geral","8":"product_cat-sigma-tools","10":"first","11":"instock","12":"shipping-taxable","13":"product-type-simple"},"yoast_head":"<!-- This site is optimized with the Yoast SEO plugin v27.1.1 - https:\/\/yoast.com\/product\/yoast-seo-wordpress\/ -->\n<title>COMPRESSOR DE AR ISENTO DE \u00d3LEO COM CARRETEL ENROLADOR 10M - MANGUEIRA - 1,5HP - 6PCM - Sigma Tools<\/title>\n<meta name=\"robots\" content=\"index, follow, max-snippet:-1, max-image-preview:large, max-video-preview:-1\" \/>\n<link rel=\"canonical\" href=\"https:\/\/www.sigmatools.com.br\/site\/produto\/compressor-de-ar-isento-de-oleo-com-carretel-enrolador-10m-mangueira-15hp-6pcm\/\" \/>\n<meta property=\"og:locale\" content=\"pt_BR\" \/>\n<meta property=\"og:type\" content=\"article\" \/>\n<meta property=\"og:title\" content=\"COMPRESSOR DE AR ISENTO DE \u00d3LEO COM CARRETEL ENROLADOR 10M - MANGUEIRA - 1,5HP - 6PCM - Sigma Tools\" \/>\n<meta property=\"og:description\" content=\"C\u00f3digo do Produto: 127V - 0708010104 | 220V - 0708010103  C\u00f3digo de barras: 127V - 7908276662362 | 220V - 7908276662355  &nbsp;  Caracter\u00edsticas \u2022 Montagem em parede com estrutura leve e f\u00e1cil de fixar com parafusos e buchas; \u2022 Mangueira retr\u00e1til de 10 metros com carretel embutido; \u2022 Bot\u00e3o Liga\/Desliga para f\u00e1cil acionamento do equipamento; \u2022 Sistema isento de \u00f3leo que dispensa manuten\u00e7\u00e3o.  &nbsp;  Vantagens \u2022 Pronto para uso, sem necessidade de manuten\u00e7\u00e3o; \u2022 Economiza espa\u00e7o com instala\u00e7\u00e3o em parede e mangueira retr\u00e1til; \u2022 Facilita tarefas como pintura, sopro e enchimento com efici\u00eancia; \u2022 Compat\u00edvel com diversos kits e acess\u00f3rios; \u2022 Funcionamento silencioso, ideal para ambientes fechados.  &nbsp;  Aplica\u00e7\u00f5es Ideal para oficinas, garagens, resid\u00eancias e ambientes profissionais que necessitam de ar comprimido pr\u00e1tico e limpo.  &nbsp;\" \/>\n<meta property=\"og:url\" content=\"https:\/\/www.sigmatools.com.br\/site\/produto\/compressor-de-ar-isento-de-oleo-com-carretel-enrolador-10m-mangueira-15hp-6pcm\/\" \/>\n<meta property=\"og:site_name\" content=\"Sigma Tools\" \/>\n<meta property=\"article:publisher\" content=\"https:\/\/www.facebook.com\/sigmatools\" \/>\n<meta property=\"article:modified_time\" content=\"2026-02-06T11:43:35+00:00\" \/>\n<meta property=\"og:image\" content=\"https:\/\/www.sigmatools.com.br\/site\/wp-content\/uploads\/2025\/06\/01.jpg\" \/>\n\t<meta property=\"og:image:width\" content=\"1000\" \/>\n\t<meta property=\"og:image:height\" content=\"1000\" \/>\n\t<meta property=\"og:image:type\" content=\"image\/jpeg\" \/>\n<meta name=\"twitter:card\" content=\"summary_large_image\" \/>\n<meta name=\"twitter:label1\" content=\"Est. tempo de leitura\" \/>\n\t<meta name=\"twitter:data1\" content=\"1 minuto\" \/>\n<script type=\"application\/ld+json\" class=\"yoast-schema-graph\">{\"@context\":\"https:\/\/schema.org\",\"@graph\":[{\"@type\":\"WebPage\",\"@id\":\"https:\/\/www.sigmatools.com.br\/site\/produto\/compressor-de-ar-isento-de-oleo-com-carretel-enrolador-10m-mangueira-15hp-6pcm\/\",\"url\":\"https:\/\/www.sigmatools.com.br\/site\/produto\/compressor-de-ar-isento-de-oleo-com-carretel-enrolador-10m-mangueira-15hp-6pcm\/\",\"name\":\"COMPRESSOR DE AR ISENTO DE \u00d3LEO COM CARRETEL ENROLADOR 10M - MANGUEIRA - 1,5HP - 6PCM - Sigma Tools\",\"isPartOf\":{\"@id\":\"https:\/\/www.sigmatools.com.br\/site\/#website\"},\"primaryImageOfPage\":{\"@id\":\"https:\/\/www.sigmatools.com.br\/site\/produto\/compressor-de-ar-isento-de-oleo-com-carretel-enrolador-10m-mangueira-15hp-6pcm\/#primaryimage\"},\"image\":{\"@id\":\"https:\/\/www.sigmatools.com.br\/site\/produto\/compressor-de-ar-isento-de-oleo-com-carretel-enrolador-10m-mangueira-15hp-6pcm\/#primaryimage\"},\"thumbnailUrl\":\"https:\/\/www.sigmatools.com.br\/site\/wp-content\/uploads\/2025\/06\/01.jpg\",\"datePublished\":\"2025-06-11T18:22:38+00:00\",\"dateModified\":\"2026-02-06T11:43:35+00:00\",\"breadcrumb\":{\"@id\":\"https:\/\/www.sigmatools.com.br\/site\/produto\/compressor-de-ar-isento-de-oleo-com-carretel-enrolador-10m-mangueira-15hp-6pcm\/#breadcrumb\"},\"inLanguage\":\"pt-BR\",\"potentialAction\":[{\"@type\":\"ReadAction\",\"target\":[\"https:\/\/www.sigmatools.com.br\/site\/produto\/compressor-de-ar-isento-de-oleo-com-carretel-enrolador-10m-mangueira-15hp-6pcm\/\"]}]},{\"@type\":\"ImageObject\",\"inLanguage\":\"pt-BR\",\"@id\":\"https:\/\/www.sigmatools.com.br\/site\/produto\/compressor-de-ar-isento-de-oleo-com-carretel-enrolador-10m-mangueira-15hp-6pcm\/#primaryimage\",\"url\":\"https:\/\/www.sigmatools.com.br\/site\/wp-content\/uploads\/2025\/06\/01.jpg\",\"contentUrl\":\"https:\/\/www.sigmatools.com.br\/site\/wp-content\/uploads\/2025\/06\/01.jpg\",\"width\":1000,\"height\":1000},{\"@type\":\"BreadcrumbList\",\"@id\":\"https:\/\/www.sigmatools.com.br\/site\/produto\/compressor-de-ar-isento-de-oleo-com-carretel-enrolador-10m-mangueira-15hp-6pcm\/#breadcrumb\",\"itemListElement\":[{\"@type\":\"ListItem\",\"position\":1,\"name\":\"In\u00edcio\",\"item\":\"https:\/\/www.sigmatools.com.br\/site\/\"},{\"@type\":\"ListItem\",\"position\":2,\"name\":\"COMPRESSOR DE AR ISENTO DE \u00d3LEO COM CARRETEL ENROLADOR 10M &#8211; MANGUEIRA &#8211; 1,5HP &#8211; 6PCM\"}]},{\"@type\":\"WebSite\",\"@id\":\"https:\/\/www.sigmatools.com.br\/site\/#website\",\"url\":\"https:\/\/www.sigmatools.com.br\/site\/\",\"name\":\"Sigma Tools\",\"description\":\"Equipamentos para Est\u00e9tica Automotiva e Oficina Mec\u00e2nica - Sigma Tools\",\"publisher\":{\"@id\":\"https:\/\/www.sigmatools.com.br\/site\/#organization\"},\"potentialAction\":[{\"@type\":\"SearchAction\",\"target\":{\"@type\":\"EntryPoint\",\"urlTemplate\":\"https:\/\/www.sigmatools.com.br\/site\/?s={search_term_string}\"},\"query-input\":{\"@type\":\"PropertyValueSpecification\",\"valueRequired\":true,\"valueName\":\"search_term_string\"}}],\"inLanguage\":\"pt-BR\"},{\"@type\":\"Organization\",\"@id\":\"https:\/\/www.sigmatools.com.br\/site\/#organization\",\"name\":\"SIGMA TOOLS\",\"url\":\"https:\/\/www.sigmatools.com.br\/site\/\",\"logo\":{\"@type\":\"ImageObject\",\"inLanguage\":\"pt-BR\",\"@id\":\"https:\/\/www.sigmatools.com.br\/site\/#\/schema\/logo\/image\/\",\"url\":\"https:\/\/www.sigmatools.com.br\/site\/wp-content\/uploads\/2020\/01\/logo-sigma.png\",\"contentUrl\":\"https:\/\/www.sigmatools.com.br\/site\/wp-content\/uploads\/2020\/01\/logo-sigma.png\",\"width\":152,\"height\":150,\"caption\":\"SIGMA TOOLS\"},\"image\":{\"@id\":\"https:\/\/www.sigmatools.com.br\/site\/#\/schema\/logo\/image\/\"},\"sameAs\":[\"https:\/\/www.facebook.com\/sigmatools\"]}]}<\/script>\n<!-- \/ Yoast SEO plugin. -->","yoast_head_json":{"title":"COMPRESSOR DE AR ISENTO DE \u00d3LEO COM CARRETEL ENROLADOR 10M - MANGUEIRA - 1,5HP - 6PCM - Sigma Tools","robots":{"index":"index","follow":"follow","max-snippet":"max-snippet:-1","max-image-preview":"max-image-preview:large","max-video-preview":"max-video-preview:-1"},"canonical":"https:\/\/www.sigmatools.com.br\/site\/produto\/compressor-de-ar-isento-de-oleo-com-carretel-enrolador-10m-mangueira-15hp-6pcm\/","og_locale":"pt_BR","og_type":"article","og_title":"COMPRESSOR DE AR ISENTO DE \u00d3LEO COM CARRETEL ENROLADOR 10M - MANGUEIRA - 1,5HP - 6PCM - Sigma Tools","og_description":"C\u00f3digo do Produto: 127V - 0708010104 | 220V - 0708010103  C\u00f3digo de barras: 127V - 7908276662362 | 220V - 7908276662355  &nbsp;  Caracter\u00edsticas \u2022 Montagem em parede com estrutura leve e f\u00e1cil de fixar com parafusos e buchas; \u2022 Mangueira retr\u00e1til de 10 metros com carretel embutido; \u2022 Bot\u00e3o Liga\/Desliga para f\u00e1cil acionamento do equipamento; \u2022 Sistema isento de \u00f3leo que dispensa manuten\u00e7\u00e3o.  &nbsp;  Vantagens \u2022 Pronto para uso, sem necessidade de manuten\u00e7\u00e3o; \u2022 Economiza espa\u00e7o com instala\u00e7\u00e3o em parede e mangueira retr\u00e1til; \u2022 Facilita tarefas como pintura, sopro e enchimento com efici\u00eancia; \u2022 Compat\u00edvel com diversos kits e acess\u00f3rios; \u2022 Funcionamento silencioso, ideal para ambientes fechados.  &nbsp;  Aplica\u00e7\u00f5es Ideal para oficinas, garagens, resid\u00eancias e ambientes profissionais que necessitam de ar comprimido pr\u00e1tico e limpo.  &nbsp;","og_url":"https:\/\/www.sigmatools.com.br\/site\/produto\/compressor-de-ar-isento-de-oleo-com-carretel-enrolador-10m-mangueira-15hp-6pcm\/","og_site_name":"Sigma Tools","article_publisher":"https:\/\/www.facebook.com\/sigmatools","article_modified_time":"2026-02-06T11:43:35+00:00","og_image":[{"width":1000,"height":1000,"url":"https:\/\/www.sigmatools.com.br\/site\/wp-content\/uploads\/2025\/06\/01.jpg","type":"image\/jpeg"}],"twitter_card":"summary_large_image","twitter_misc":{"Est. tempo de leitura":"1 minuto"},"schema":{"@context":"https:\/\/schema.org","@graph":[{"@type":"WebPage","@id":"https:\/\/www.sigmatools.com.br\/site\/produto\/compressor-de-ar-isento-de-oleo-com-carretel-enrolador-10m-mangueira-15hp-6pcm\/","url":"https:\/\/www.sigmatools.com.br\/site\/produto\/compressor-de-ar-isento-de-oleo-com-carretel-enrolador-10m-mangueira-15hp-6pcm\/","name":"COMPRESSOR DE AR ISENTO DE \u00d3LEO COM CARRETEL ENROLADOR 10M - MANGUEIRA - 1,5HP - 6PCM - Sigma Tools","isPartOf":{"@id":"https:\/\/www.sigmatools.com.br\/site\/#website"},"primaryImageOfPage":{"@id":"https:\/\/www.sigmatools.com.br\/site\/produto\/compressor-de-ar-isento-de-oleo-com-carretel-enrolador-10m-mangueira-15hp-6pcm\/#primaryimage"},"image":{"@id":"https:\/\/www.sigmatools.com.br\/site\/produto\/compressor-de-ar-isento-de-oleo-com-carretel-enrolador-10m-mangueira-15hp-6pcm\/#primaryimage"},"thumbnailUrl":"https:\/\/www.sigmatools.com.br\/site\/wp-content\/uploads\/2025\/06\/01.jpg","datePublished":"2025-06-11T18:22:38+00:00","dateModified":"2026-02-06T11:43:35+00:00","breadcrumb":{"@id":"https:\/\/www.sigmatools.com.br\/site\/produto\/compressor-de-ar-isento-de-oleo-com-carretel-enrolador-10m-mangueira-15hp-6pcm\/#breadcrumb"},"inLanguage":"pt-BR","potentialAction":[{"@type":"ReadAction","target":["https:\/\/www.sigmatools.com.br\/site\/produto\/compressor-de-ar-isento-de-oleo-com-carretel-enrolador-10m-mangueira-15hp-6pcm\/"]}]},{"@type":"ImageObject","inLanguage":"pt-BR","@id":"https:\/\/www.sigmatools.com.br\/site\/produto\/compressor-de-ar-isento-de-oleo-com-carretel-enrolador-10m-mangueira-15hp-6pcm\/#primaryimage","url":"https:\/\/www.sigmatools.com.br\/site\/wp-content\/uploads\/2025\/06\/01.jpg","contentUrl":"https:\/\/www.sigmatools.com.br\/site\/wp-content\/uploads\/2025\/06\/01.jpg","width":1000,"height":1000},{"@type":"BreadcrumbList","@id":"https:\/\/www.sigmatools.com.br\/site\/produto\/compressor-de-ar-isento-de-oleo-com-carretel-enrolador-10m-mangueira-15hp-6pcm\/#breadcrumb","itemListElement":[{"@type":"ListItem","position":1,"name":"In\u00edcio","item":"https:\/\/www.sigmatools.com.br\/site\/"},{"@type":"ListItem","position":2,"name":"COMPRESSOR DE AR ISENTO DE \u00d3LEO COM CARRETEL ENROLADOR 10M &#8211; MANGUEIRA &#8211; 1,5HP &#8211; 6PCM"}]},{"@type":"WebSite","@id":"https:\/\/www.sigmatools.com.br\/site\/#website","url":"https:\/\/www.sigmatools.com.br\/site\/","name":"Sigma Tools","description":"Equipamentos para Est\u00e9tica Automotiva e Oficina Mec\u00e2nica - Sigma Tools","publisher":{"@id":"https:\/\/www.sigmatools.com.br\/site\/#organization"},"potentialAction":[{"@type":"SearchAction","target":{"@type":"EntryPoint","urlTemplate":"https:\/\/www.sigmatools.com.br\/site\/?s={search_term_string}"},"query-input":{"@type":"PropertyValueSpecification","valueRequired":true,"valueName":"search_term_string"}}],"inLanguage":"pt-BR"},{"@type":"Organization","@id":"https:\/\/www.sigmatools.com.br\/site\/#organization","name":"SIGMA TOOLS","url":"https:\/\/www.sigmatools.com.br\/site\/","logo":{"@type":"ImageObject","inLanguage":"pt-BR","@id":"https:\/\/www.sigmatools.com.br\/site\/#\/schema\/logo\/image\/","url":"https:\/\/www.sigmatools.com.br\/site\/wp-content\/uploads\/2020\/01\/logo-sigma.png","contentUrl":"https:\/\/www.sigmatools.com.br\/site\/wp-content\/uploads\/2020\/01\/logo-sigma.png","width":152,"height":150,"caption":"SIGMA TOOLS"},"image":{"@id":"https:\/\/www.sigmatools.com.br\/site\/#\/schema\/logo\/image\/"},"sameAs":["https:\/\/www.facebook.com\/sigmatools"]}]}},"_links":{"self":[{"href":"https:\/\/www.sigmatools.com.br\/site\/wp-json\/wp\/v2\/product\/11108","targetHints":{"allow":["GET"]}}],"collection":[{"href":"https:\/\/www.sigmatools.com.br\/site\/wp-json\/wp\/v2\/product"}],"about":[{"href":"https:\/\/www.sigmatools.com.br\/site\/wp-json\/wp\/v2\/types\/product"}],"replies":[{"embeddable":true,"href":"https:\/\/www.sigmatools.com.br\/site\/wp-json\/wp\/v2\/comments?post=11108"}],"wp:featuredmedia":[{"embeddable":true,"href":"https:\/\/www.sigmatools.com.br\/site\/wp-json\/wp\/v2\/media\/11109"}],"wp:attachment":[{"href":"https:\/\/www.sigmatools.com.br\/site\/wp-json\/wp\/v2\/media?parent=11108"}],"wp:term":[{"taxonomy":"product_brand","embeddable":true,"href":"https:\/\/www.sigmatools.com.br\/site\/wp-json\/wp\/v2\/product_brand?post=11108"},{"taxonomy":"product_cat","embeddable":true,"href":"https:\/\/www.sigmatools.com.br\/site\/wp-json\/wp\/v2\/product_cat?post=11108"},{"taxonomy":"product_tag","embeddable":true,"href":"https:\/\/www.sigmatools.com.br\/site\/wp-json\/wp\/v2\/product_tag?post=11108"}],"curies":[{"name":"wp","href":"https:\/\/api.w.org\/{rel}","templated":true}]}}