{"id":11115,"date":"2025-06-11T15:45:12","date_gmt":"2025-06-11T18:45:12","guid":{"rendered":"https:\/\/www.sigmatools.com.br\/site\/?post_type=product&#038;p=11115"},"modified":"2025-06-18T14:06:40","modified_gmt":"2025-06-18T17:06:40","slug":"compressor-de-ar-isento-de-oleo-6l-15hp-6pcm-220v","status":"publish","type":"product","link":"https:\/\/www.sigmatools.com.br\/site\/produto\/compressor-de-ar-isento-de-oleo-6l-15hp-6pcm-220v\/","title":{"rendered":"COMPRESSOR DE AR ISENTO DE \u00d3LEO &#8211; 6L &#8211; 1,5HP &#8211; 6PCM &#8211; 220V"},"content":{"rendered":"","protected":false},"excerpt":{"rendered":"<p><strong>C\u00f3digo do Produto: <\/strong>0708010102<\/p>\n<p><strong>C\u00f3digo de barras:<\/strong> 7908276662348<\/p>\n<p>&nbsp;<\/p>\n<p><strong>Caracter\u00edsticas<\/strong><br \/>\n\u2022 Reservat\u00f3rio de 6 litros com prote\u00e7\u00e3o contra sobrepress\u00e3o;<br \/>\n\u2022 Man\u00f4metro para f\u00e1cil leitura;<br \/>\n\u2022 P\u00e9s emborrachados para maior estabilidade;<br \/>\n\u2022 Regulador de press\u00e3o com mostrador;<br \/>\n\u2022 Conex\u00e3o r\u00e1pida padr\u00e3o;<br \/>\n\u2022 Sistema isento de \u00f3leo que dispensa manuten\u00e7\u00e3o.<\/p>\n<p>&nbsp;<\/p>\n<p><strong>Vantagens<\/strong><br \/>\n\u2022 Pronto para uso imediato com comuta\u00e7\u00e3o autom\u00e1tica;<br \/>\n\u2022 F\u00e1cil de transportar e armazenar;<br \/>\n\u2022 N\u00e3o requer manuten\u00e7\u00e3o por ser livre de \u00f3leo;<br \/>\n\u2022 Ideal para pequenos trabalhos de ar comprimido;<br \/>\n\u2022 Regulagem precisa da press\u00e3o para diferentes aplica\u00e7\u00f5es.<\/p>\n<p>&nbsp;<\/p>\n<p><strong>Aplica\u00e7\u00f5es<\/strong><br \/>\nIdeal para uso em casa, oficinas, garagens, jardinagem e pequenos servi\u00e7os com ferramentas pneum\u00e1ticas.<\/p>\n<p>&nbsp;<\/p>\n[button size=\"small\" icon=\"\" target=\"_blank\" text_align=\"left\" text=\"Informativo\" link=\"http:\/\/www.sigmatools.com.br\/site\/arquivos\/informativos\/COMPRESSOR%20DE%20AR%20ISENTO%20DE%20OLEO%206L%20-%20INFO.pdf\" color=\"#ffffff\" hover_color=\"#ffffff\" background_color=\"#353535\" hover_background_color=\"#dd3333\" border_color=\"#353535\" hover_border_color=\"#dd3333\"]\n[button size=\"small\" icon=\"\" target=\"_blank\" text_align=\"left\" text=\"Vista Explodida\" link=\"http:\/\/www.sigmatools.com.br\/site\/arquivos\/vista-explodida\/COMPRESSOR%20DE%20AR%20ISENTO%20DE%20OLEO%206L%20-%20VE.pdf\" color=\"#ffffff\" hover_color=\"#ffffff\" background_color=\"#353535\" hover_background_color=\"#dd3333\" border_color=\"#353535\" hover_border_color=\"#dd3333\"]","protected":false},"featured_media":11157,"comment_status":"open","ping_status":"closed","template":"","meta":{"_jet_sm_ready_style":"","_jet_sm_style":"","_jet_sm_controls_values":"","_jet_sm_fonts_collection":"","_jet_sm_fonts_links":""},"product_brand":[],"product_cat":[218,60,15],"product_tag":[],"class_list":{"0":"post-11115","1":"product","2":"type-product","3":"status-publish","4":"has-post-thumbnail","6":"product_cat-destaque","7":"product_cat-catalogo-geral","8":"product_cat-sigma-tools","10":"first","11":"instock","12":"shipping-taxable","13":"product-type-simple"},"yoast_head":"<!-- This site is optimized with the Yoast SEO plugin v27.1.1 - https:\/\/yoast.com\/product\/yoast-seo-wordpress\/ -->\n<title>COMPRESSOR DE AR ISENTO DE \u00d3LEO - 6L - 1,5HP - 6PCM - 220V - Sigma Tools<\/title>\n<meta name=\"robots\" content=\"index, follow, max-snippet:-1, max-image-preview:large, max-video-preview:-1\" \/>\n<link rel=\"canonical\" href=\"https:\/\/www.sigmatools.com.br\/site\/produto\/compressor-de-ar-isento-de-oleo-6l-15hp-6pcm-220v\/\" \/>\n<meta property=\"og:locale\" content=\"pt_BR\" \/>\n<meta property=\"og:type\" content=\"article\" \/>\n<meta property=\"og:title\" content=\"COMPRESSOR DE AR ISENTO DE \u00d3LEO - 6L - 1,5HP - 6PCM - 220V - Sigma Tools\" \/>\n<meta property=\"og:description\" content=\"C\u00f3digo do Produto: 0708010102  C\u00f3digo de barras: 7908276662348  &nbsp;  Caracter\u00edsticas \u2022 Reservat\u00f3rio de 6 litros com prote\u00e7\u00e3o contra sobrepress\u00e3o; \u2022 Man\u00f4metro para f\u00e1cil leitura; \u2022 P\u00e9s emborrachados para maior estabilidade; \u2022 Regulador de press\u00e3o com mostrador; \u2022 Conex\u00e3o r\u00e1pida padr\u00e3o; \u2022 Sistema isento de \u00f3leo que dispensa manuten\u00e7\u00e3o.  &nbsp;  Vantagens \u2022 Pronto para uso imediato com comuta\u00e7\u00e3o autom\u00e1tica; \u2022 F\u00e1cil de transportar e armazenar; \u2022 N\u00e3o requer manuten\u00e7\u00e3o por ser livre de \u00f3leo; \u2022 Ideal para pequenos trabalhos de ar comprimido; \u2022 Regulagem precisa da press\u00e3o para diferentes aplica\u00e7\u00f5es.  &nbsp;  Aplica\u00e7\u00f5es Ideal para uso em casa, oficinas, garagens, jardinagem e pequenos servi\u00e7os com ferramentas pneum\u00e1ticas.  &nbsp;\" \/>\n<meta property=\"og:url\" content=\"https:\/\/www.sigmatools.com.br\/site\/produto\/compressor-de-ar-isento-de-oleo-6l-15hp-6pcm-220v\/\" \/>\n<meta property=\"og:site_name\" content=\"Sigma Tools\" \/>\n<meta property=\"article:publisher\" content=\"https:\/\/www.facebook.com\/sigmatools\" \/>\n<meta property=\"article:modified_time\" content=\"2025-06-18T17:06:40+00:00\" \/>\n<meta property=\"og:image\" content=\"https:\/\/www.sigmatools.com.br\/site\/wp-content\/uploads\/2025\/06\/1-10.jpg\" \/>\n\t<meta property=\"og:image:width\" content=\"1000\" \/>\n\t<meta property=\"og:image:height\" content=\"1000\" \/>\n\t<meta property=\"og:image:type\" content=\"image\/jpeg\" \/>\n<meta name=\"twitter:card\" content=\"summary_large_image\" \/>\n<meta name=\"twitter:label1\" content=\"Est. tempo de leitura\" \/>\n\t<meta name=\"twitter:data1\" content=\"1 minuto\" \/>\n<script type=\"application\/ld+json\" class=\"yoast-schema-graph\">{\"@context\":\"https:\/\/schema.org\",\"@graph\":[{\"@type\":\"WebPage\",\"@id\":\"https:\/\/www.sigmatools.com.br\/site\/produto\/compressor-de-ar-isento-de-oleo-6l-15hp-6pcm-220v\/\",\"url\":\"https:\/\/www.sigmatools.com.br\/site\/produto\/compressor-de-ar-isento-de-oleo-6l-15hp-6pcm-220v\/\",\"name\":\"COMPRESSOR DE AR ISENTO DE \u00d3LEO - 6L - 1,5HP - 6PCM - 220V - Sigma Tools\",\"isPartOf\":{\"@id\":\"https:\/\/www.sigmatools.com.br\/site\/#website\"},\"primaryImageOfPage\":{\"@id\":\"https:\/\/www.sigmatools.com.br\/site\/produto\/compressor-de-ar-isento-de-oleo-6l-15hp-6pcm-220v\/#primaryimage\"},\"image\":{\"@id\":\"https:\/\/www.sigmatools.com.br\/site\/produto\/compressor-de-ar-isento-de-oleo-6l-15hp-6pcm-220v\/#primaryimage\"},\"thumbnailUrl\":\"https:\/\/www.sigmatools.com.br\/site\/wp-content\/uploads\/2025\/06\/1-10.jpg\",\"datePublished\":\"2025-06-11T18:45:12+00:00\",\"dateModified\":\"2025-06-18T17:06:40+00:00\",\"breadcrumb\":{\"@id\":\"https:\/\/www.sigmatools.com.br\/site\/produto\/compressor-de-ar-isento-de-oleo-6l-15hp-6pcm-220v\/#breadcrumb\"},\"inLanguage\":\"pt-BR\",\"potentialAction\":[{\"@type\":\"ReadAction\",\"target\":[\"https:\/\/www.sigmatools.com.br\/site\/produto\/compressor-de-ar-isento-de-oleo-6l-15hp-6pcm-220v\/\"]}]},{\"@type\":\"ImageObject\",\"inLanguage\":\"pt-BR\",\"@id\":\"https:\/\/www.sigmatools.com.br\/site\/produto\/compressor-de-ar-isento-de-oleo-6l-15hp-6pcm-220v\/#primaryimage\",\"url\":\"https:\/\/www.sigmatools.com.br\/site\/wp-content\/uploads\/2025\/06\/1-10.jpg\",\"contentUrl\":\"https:\/\/www.sigmatools.com.br\/site\/wp-content\/uploads\/2025\/06\/1-10.jpg\",\"width\":1000,\"height\":1000},{\"@type\":\"BreadcrumbList\",\"@id\":\"https:\/\/www.sigmatools.com.br\/site\/produto\/compressor-de-ar-isento-de-oleo-6l-15hp-6pcm-220v\/#breadcrumb\",\"itemListElement\":[{\"@type\":\"ListItem\",\"position\":1,\"name\":\"In\u00edcio\",\"item\":\"https:\/\/www.sigmatools.com.br\/site\/\"},{\"@type\":\"ListItem\",\"position\":2,\"name\":\"COMPRESSOR DE AR ISENTO DE \u00d3LEO &#8211; 6L &#8211; 1,5HP &#8211; 6PCM &#8211; 220V\"}]},{\"@type\":\"WebSite\",\"@id\":\"https:\/\/www.sigmatools.com.br\/site\/#website\",\"url\":\"https:\/\/www.sigmatools.com.br\/site\/\",\"name\":\"Sigma Tools\",\"description\":\"Equipamentos para Est\u00e9tica Automotiva e Oficina Mec\u00e2nica - Sigma Tools\",\"publisher\":{\"@id\":\"https:\/\/www.sigmatools.com.br\/site\/#organization\"},\"potentialAction\":[{\"@type\":\"SearchAction\",\"target\":{\"@type\":\"EntryPoint\",\"urlTemplate\":\"https:\/\/www.sigmatools.com.br\/site\/?s={search_term_string}\"},\"query-input\":{\"@type\":\"PropertyValueSpecification\",\"valueRequired\":true,\"valueName\":\"search_term_string\"}}],\"inLanguage\":\"pt-BR\"},{\"@type\":\"Organization\",\"@id\":\"https:\/\/www.sigmatools.com.br\/site\/#organization\",\"name\":\"SIGMA TOOLS\",\"url\":\"https:\/\/www.sigmatools.com.br\/site\/\",\"logo\":{\"@type\":\"ImageObject\",\"inLanguage\":\"pt-BR\",\"@id\":\"https:\/\/www.sigmatools.com.br\/site\/#\/schema\/logo\/image\/\",\"url\":\"https:\/\/www.sigmatools.com.br\/site\/wp-content\/uploads\/2020\/01\/logo-sigma.png\",\"contentUrl\":\"https:\/\/www.sigmatools.com.br\/site\/wp-content\/uploads\/2020\/01\/logo-sigma.png\",\"width\":152,\"height\":150,\"caption\":\"SIGMA TOOLS\"},\"image\":{\"@id\":\"https:\/\/www.sigmatools.com.br\/site\/#\/schema\/logo\/image\/\"},\"sameAs\":[\"https:\/\/www.facebook.com\/sigmatools\"]}]}<\/script>\n<!-- \/ Yoast SEO plugin. -->","yoast_head_json":{"title":"COMPRESSOR DE AR ISENTO DE \u00d3LEO - 6L - 1,5HP - 6PCM - 220V - Sigma Tools","robots":{"index":"index","follow":"follow","max-snippet":"max-snippet:-1","max-image-preview":"max-image-preview:large","max-video-preview":"max-video-preview:-1"},"canonical":"https:\/\/www.sigmatools.com.br\/site\/produto\/compressor-de-ar-isento-de-oleo-6l-15hp-6pcm-220v\/","og_locale":"pt_BR","og_type":"article","og_title":"COMPRESSOR DE AR ISENTO DE \u00d3LEO - 6L - 1,5HP - 6PCM - 220V - Sigma Tools","og_description":"C\u00f3digo do Produto: 0708010102  C\u00f3digo de barras: 7908276662348  &nbsp;  Caracter\u00edsticas \u2022 Reservat\u00f3rio de 6 litros com prote\u00e7\u00e3o contra sobrepress\u00e3o; \u2022 Man\u00f4metro para f\u00e1cil leitura; \u2022 P\u00e9s emborrachados para maior estabilidade; \u2022 Regulador de press\u00e3o com mostrador; \u2022 Conex\u00e3o r\u00e1pida padr\u00e3o; \u2022 Sistema isento de \u00f3leo que dispensa manuten\u00e7\u00e3o.  &nbsp;  Vantagens \u2022 Pronto para uso imediato com comuta\u00e7\u00e3o autom\u00e1tica; \u2022 F\u00e1cil de transportar e armazenar; \u2022 N\u00e3o requer manuten\u00e7\u00e3o por ser livre de \u00f3leo; \u2022 Ideal para pequenos trabalhos de ar comprimido; \u2022 Regulagem precisa da press\u00e3o para diferentes aplica\u00e7\u00f5es.  &nbsp;  Aplica\u00e7\u00f5es Ideal para uso em casa, oficinas, garagens, jardinagem e pequenos servi\u00e7os com ferramentas pneum\u00e1ticas.  &nbsp;","og_url":"https:\/\/www.sigmatools.com.br\/site\/produto\/compressor-de-ar-isento-de-oleo-6l-15hp-6pcm-220v\/","og_site_name":"Sigma Tools","article_publisher":"https:\/\/www.facebook.com\/sigmatools","article_modified_time":"2025-06-18T17:06:40+00:00","og_image":[{"width":1000,"height":1000,"url":"https:\/\/www.sigmatools.com.br\/site\/wp-content\/uploads\/2025\/06\/1-10.jpg","type":"image\/jpeg"}],"twitter_card":"summary_large_image","twitter_misc":{"Est. tempo de leitura":"1 minuto"},"schema":{"@context":"https:\/\/schema.org","@graph":[{"@type":"WebPage","@id":"https:\/\/www.sigmatools.com.br\/site\/produto\/compressor-de-ar-isento-de-oleo-6l-15hp-6pcm-220v\/","url":"https:\/\/www.sigmatools.com.br\/site\/produto\/compressor-de-ar-isento-de-oleo-6l-15hp-6pcm-220v\/","name":"COMPRESSOR DE AR ISENTO DE \u00d3LEO - 6L - 1,5HP - 6PCM - 220V - Sigma Tools","isPartOf":{"@id":"https:\/\/www.sigmatools.com.br\/site\/#website"},"primaryImageOfPage":{"@id":"https:\/\/www.sigmatools.com.br\/site\/produto\/compressor-de-ar-isento-de-oleo-6l-15hp-6pcm-220v\/#primaryimage"},"image":{"@id":"https:\/\/www.sigmatools.com.br\/site\/produto\/compressor-de-ar-isento-de-oleo-6l-15hp-6pcm-220v\/#primaryimage"},"thumbnailUrl":"https:\/\/www.sigmatools.com.br\/site\/wp-content\/uploads\/2025\/06\/1-10.jpg","datePublished":"2025-06-11T18:45:12+00:00","dateModified":"2025-06-18T17:06:40+00:00","breadcrumb":{"@id":"https:\/\/www.sigmatools.com.br\/site\/produto\/compressor-de-ar-isento-de-oleo-6l-15hp-6pcm-220v\/#breadcrumb"},"inLanguage":"pt-BR","potentialAction":[{"@type":"ReadAction","target":["https:\/\/www.sigmatools.com.br\/site\/produto\/compressor-de-ar-isento-de-oleo-6l-15hp-6pcm-220v\/"]}]},{"@type":"ImageObject","inLanguage":"pt-BR","@id":"https:\/\/www.sigmatools.com.br\/site\/produto\/compressor-de-ar-isento-de-oleo-6l-15hp-6pcm-220v\/#primaryimage","url":"https:\/\/www.sigmatools.com.br\/site\/wp-content\/uploads\/2025\/06\/1-10.jpg","contentUrl":"https:\/\/www.sigmatools.com.br\/site\/wp-content\/uploads\/2025\/06\/1-10.jpg","width":1000,"height":1000},{"@type":"BreadcrumbList","@id":"https:\/\/www.sigmatools.com.br\/site\/produto\/compressor-de-ar-isento-de-oleo-6l-15hp-6pcm-220v\/#breadcrumb","itemListElement":[{"@type":"ListItem","position":1,"name":"In\u00edcio","item":"https:\/\/www.sigmatools.com.br\/site\/"},{"@type":"ListItem","position":2,"name":"COMPRESSOR DE AR ISENTO DE \u00d3LEO &#8211; 6L &#8211; 1,5HP &#8211; 6PCM &#8211; 220V"}]},{"@type":"WebSite","@id":"https:\/\/www.sigmatools.com.br\/site\/#website","url":"https:\/\/www.sigmatools.com.br\/site\/","name":"Sigma Tools","description":"Equipamentos para Est\u00e9tica Automotiva e Oficina Mec\u00e2nica - Sigma Tools","publisher":{"@id":"https:\/\/www.sigmatools.com.br\/site\/#organization"},"potentialAction":[{"@type":"SearchAction","target":{"@type":"EntryPoint","urlTemplate":"https:\/\/www.sigmatools.com.br\/site\/?s={search_term_string}"},"query-input":{"@type":"PropertyValueSpecification","valueRequired":true,"valueName":"search_term_string"}}],"inLanguage":"pt-BR"},{"@type":"Organization","@id":"https:\/\/www.sigmatools.com.br\/site\/#organization","name":"SIGMA TOOLS","url":"https:\/\/www.sigmatools.com.br\/site\/","logo":{"@type":"ImageObject","inLanguage":"pt-BR","@id":"https:\/\/www.sigmatools.com.br\/site\/#\/schema\/logo\/image\/","url":"https:\/\/www.sigmatools.com.br\/site\/wp-content\/uploads\/2020\/01\/logo-sigma.png","contentUrl":"https:\/\/www.sigmatools.com.br\/site\/wp-content\/uploads\/2020\/01\/logo-sigma.png","width":152,"height":150,"caption":"SIGMA TOOLS"},"image":{"@id":"https:\/\/www.sigmatools.com.br\/site\/#\/schema\/logo\/image\/"},"sameAs":["https:\/\/www.facebook.com\/sigmatools"]}]}},"_links":{"self":[{"href":"https:\/\/www.sigmatools.com.br\/site\/wp-json\/wp\/v2\/product\/11115","targetHints":{"allow":["GET"]}}],"collection":[{"href":"https:\/\/www.sigmatools.com.br\/site\/wp-json\/wp\/v2\/product"}],"about":[{"href":"https:\/\/www.sigmatools.com.br\/site\/wp-json\/wp\/v2\/types\/product"}],"replies":[{"embeddable":true,"href":"https:\/\/www.sigmatools.com.br\/site\/wp-json\/wp\/v2\/comments?post=11115"}],"wp:featuredmedia":[{"embeddable":true,"href":"https:\/\/www.sigmatools.com.br\/site\/wp-json\/wp\/v2\/media\/11157"}],"wp:attachment":[{"href":"https:\/\/www.sigmatools.com.br\/site\/wp-json\/wp\/v2\/media?parent=11115"}],"wp:term":[{"taxonomy":"product_brand","embeddable":true,"href":"https:\/\/www.sigmatools.com.br\/site\/wp-json\/wp\/v2\/product_brand?post=11115"},{"taxonomy":"product_cat","embeddable":true,"href":"https:\/\/www.sigmatools.com.br\/site\/wp-json\/wp\/v2\/product_cat?post=11115"},{"taxonomy":"product_tag","embeddable":true,"href":"https:\/\/www.sigmatools.com.br\/site\/wp-json\/wp\/v2\/product_tag?post=11115"}],"curies":[{"name":"wp","href":"https:\/\/api.w.org\/{rel}","templated":true}]}}