{"id":11301,"date":"2025-07-21T14:13:12","date_gmt":"2025-07-21T17:13:12","guid":{"rendered":"https:\/\/www.sigmatools.com.br\/site\/?post_type=product&#038;p=11301"},"modified":"2025-08-08T10:36:15","modified_gmt":"2025-08-08T13:36:15","slug":"sgt-8116-politriz-roto-orbital-redshine-15mm-a-bateria-21v-5ah","status":"publish","type":"product","link":"https:\/\/www.sigmatools.com.br\/site\/produto\/sgt-8116-politriz-roto-orbital-redshine-15mm-a-bateria-21v-5ah\/","title":{"rendered":"SGT-8116 &#8211; POLITRIZ ROTO ORBITAL RED&#038;SHINE &#8211; 15MM A BATERIA 21V &#8211; 5Ah"},"content":{"rendered":"","protected":false},"excerpt":{"rendered":"<p><strong>C\u00f3digo do produto: <\/strong>0703811600<\/p>\n<p><strong>C\u00f3digo de barras: <\/strong>7908276665967<\/p>\n<p>&nbsp;<\/p>\n<iframe title=\"YouTube video player\" src=\"https:\/\/www.youtube.com\/embed\/9KKufcnIRbA?si=MWYo5vRZ1O865D0z\" width=\"315\" height=\"560\" frameborder=\"0\" allowfullscreen=\"allowfullscreen\"><span data-mce-type=\"bookmark\" style=\"display: inline-block; width: 0px; overflow: hidden; line-height: 0;\" class=\"mce_SELRES_start\">\ufeff<\/span><\/iframe>\n<p>&nbsp;<\/p>\n<h3>Caracter\u00edsticas<\/h3>\n<p>\u2022 Acompanha duas baterias de 5Ah 21V Li-Ion para<br \/>\nautonomia prolongada;<br \/>\n\u2022 Sistema ventilado com baixo aquecimento;<br \/>\n\u2022 Estrutura leve e balanceada;<br \/>\n\u2022 Baixa vibra\u00e7\u00e3o e ru\u00eddo reduzido;<br \/>\n\u2022 Funcionamento sem fio, ideal para mobilidade e<br \/>\npraticidade.<\/p>\n<h3>Aplica\u00e7\u00f5es<\/h3>\n<p>Ideal para trabalhos de polimento automotivo com alto<br \/>\ndesempenho e liberdade de movimenta\u00e7\u00e3o.<\/p>\n<h3>Vantagens<\/h3>\n<p>\u2022 Uso cont\u00ednuo com troca r\u00e1pida entre as baterias;<br \/>\n\u2022 Maior conforto durante o uso prolongado;<br \/>\n\u2022 Mais liberdade de movimento sem os inc\u00f4modos dos<br \/>\ncabos;<br \/>\n\u2022 Menor fadiga do operador por ser leve e com baixa<br \/>\nvibra\u00e7\u00e3o;<br \/>\n\u2022 Excelente desempenho com opera\u00e7\u00e3o silenciosa.<\/p>\n<p>&nbsp;<\/p>\n<p>&nbsp;<\/p>\n<p>&nbsp;<\/p>\n[button size=\"small\" icon=\"\" target=\"_blank\" text_align=\"left\" text=\"Informativo\" link=\"http:\/\/www.sigmatools.com.br\/site\/arquivos\/informativos\/SGT-8116%20-%20POLITRIZ%20ROTO%20ORBITAL%20RED%20%26%20SHINE%20-%20INFO.pdf\" color=\"#ffffff\" hover_color=\"#ffffff\" background_color=\"#353535\" hover_background_color=\"#dd3333\" border_color=\"#353535\" hover_border_color=\"#dd3333\"]\n[button size=\"small\" icon=\"\" target=\"_blank\" text_align=\"left\" text=\"Vista Explodida\" link=\"https:\/\/www.sigmatools.com.br\/site\/arquivos\/vista-explodida\/SGT-8116%20-%20POLITRIZ%20ROTO%20ORBITAL%20RED%26SHINE%20-%20MN.pdf\" color=\"#ffffff\" hover_color=\"#ffffff\" background_color=\"#353535\" hover_background_color=\"#dd3333\" border_color=\"#353535\" hover_border_color=\"#dd3333\"]\n<p>&nbsp;<\/p>","protected":false},"featured_media":11304,"comment_status":"open","ping_status":"closed","template":"","meta":{"_jet_sm_ready_style":"","_jet_sm_style":"","_jet_sm_controls_values":"","_jet_sm_fonts_collection":"","_jet_sm_fonts_links":""},"product_brand":[],"product_cat":[218,60,15],"product_tag":[],"class_list":{"0":"post-11301","1":"product","2":"type-product","3":"status-publish","4":"has-post-thumbnail","6":"product_cat-destaque","7":"product_cat-catalogo-geral","8":"product_cat-sigma-tools","10":"first","11":"instock","12":"shipping-taxable","13":"product-type-simple"},"yoast_head":"<!-- This site is optimized with the Yoast SEO plugin v27.1.1 - https:\/\/yoast.com\/product\/yoast-seo-wordpress\/ -->\n<title>SGT-8116 - POLITRIZ ROTO ORBITAL RED&amp;SHINE - 15MM A BATERIA 21V - 5Ah - Sigma Tools<\/title>\n<meta name=\"robots\" content=\"index, follow, max-snippet:-1, max-image-preview:large, max-video-preview:-1\" \/>\n<link rel=\"canonical\" href=\"https:\/\/www.sigmatools.com.br\/site\/produto\/sgt-8116-politriz-roto-orbital-redshine-15mm-a-bateria-21v-5ah\/\" \/>\n<meta property=\"og:locale\" content=\"pt_BR\" \/>\n<meta property=\"og:type\" content=\"article\" \/>\n<meta property=\"og:title\" content=\"SGT-8116 - POLITRIZ ROTO ORBITAL RED&amp;SHINE - 15MM A BATERIA 21V - 5Ah - Sigma Tools\" \/>\n<meta property=\"og:description\" content=\"C\u00f3digo do produto: 0703811600  C\u00f3digo de barras: 7908276665967  &nbsp;  \ufeff  &nbsp; Caracter\u00edsticas \u2022 Acompanha duas baterias de 5Ah 21V Li-Ion para autonomia prolongada; \u2022 Sistema ventilado com baixo aquecimento; \u2022 Estrutura leve e balanceada; \u2022 Baixa vibra\u00e7\u00e3o e ru\u00eddo reduzido; \u2022 Funcionamento sem fio, ideal para mobilidade e praticidade. Aplica\u00e7\u00f5es Ideal para trabalhos de polimento automotivo com alto desempenho e liberdade de movimenta\u00e7\u00e3o. Vantagens \u2022 Uso cont\u00ednuo com troca r\u00e1pida entre as baterias; \u2022 Maior conforto durante o uso prolongado; \u2022 Mais liberdade de movimento sem os inc\u00f4modos dos cabos; \u2022 Menor fadiga do operador por ser leve e com baixa vibra\u00e7\u00e3o; \u2022 Excelente desempenho com opera\u00e7\u00e3o silenciosa.  &nbsp;  &nbsp;  &nbsp;      &nbsp;\" \/>\n<meta property=\"og:url\" content=\"https:\/\/www.sigmatools.com.br\/site\/produto\/sgt-8116-politriz-roto-orbital-redshine-15mm-a-bateria-21v-5ah\/\" \/>\n<meta property=\"og:site_name\" content=\"Sigma Tools\" \/>\n<meta property=\"article:publisher\" content=\"https:\/\/www.facebook.com\/sigmatools\" \/>\n<meta property=\"article:modified_time\" content=\"2025-08-08T13:36:15+00:00\" \/>\n<meta property=\"og:image\" content=\"https:\/\/www.sigmatools.com.br\/site\/wp-content\/uploads\/2025\/07\/3-6.jpg\" \/>\n\t<meta property=\"og:image:width\" content=\"1000\" \/>\n\t<meta property=\"og:image:height\" content=\"1000\" \/>\n\t<meta property=\"og:image:type\" content=\"image\/jpeg\" \/>\n<meta name=\"twitter:card\" content=\"summary_large_image\" \/>\n<meta name=\"twitter:label1\" content=\"Est. tempo de leitura\" \/>\n\t<meta name=\"twitter:data1\" content=\"1 minuto\" \/>\n<script type=\"application\/ld+json\" class=\"yoast-schema-graph\">{\"@context\":\"https:\/\/schema.org\",\"@graph\":[{\"@type\":\"WebPage\",\"@id\":\"https:\/\/www.sigmatools.com.br\/site\/produto\/sgt-8116-politriz-roto-orbital-redshine-15mm-a-bateria-21v-5ah\/\",\"url\":\"https:\/\/www.sigmatools.com.br\/site\/produto\/sgt-8116-politriz-roto-orbital-redshine-15mm-a-bateria-21v-5ah\/\",\"name\":\"SGT-8116 - POLITRIZ ROTO ORBITAL RED&SHINE - 15MM A BATERIA 21V - 5Ah - Sigma Tools\",\"isPartOf\":{\"@id\":\"https:\/\/www.sigmatools.com.br\/site\/#website\"},\"primaryImageOfPage\":{\"@id\":\"https:\/\/www.sigmatools.com.br\/site\/produto\/sgt-8116-politriz-roto-orbital-redshine-15mm-a-bateria-21v-5ah\/#primaryimage\"},\"image\":{\"@id\":\"https:\/\/www.sigmatools.com.br\/site\/produto\/sgt-8116-politriz-roto-orbital-redshine-15mm-a-bateria-21v-5ah\/#primaryimage\"},\"thumbnailUrl\":\"https:\/\/www.sigmatools.com.br\/site\/wp-content\/uploads\/2025\/07\/3-6.jpg\",\"datePublished\":\"2025-07-21T17:13:12+00:00\",\"dateModified\":\"2025-08-08T13:36:15+00:00\",\"breadcrumb\":{\"@id\":\"https:\/\/www.sigmatools.com.br\/site\/produto\/sgt-8116-politriz-roto-orbital-redshine-15mm-a-bateria-21v-5ah\/#breadcrumb\"},\"inLanguage\":\"pt-BR\",\"potentialAction\":[{\"@type\":\"ReadAction\",\"target\":[\"https:\/\/www.sigmatools.com.br\/site\/produto\/sgt-8116-politriz-roto-orbital-redshine-15mm-a-bateria-21v-5ah\/\"]}]},{\"@type\":\"ImageObject\",\"inLanguage\":\"pt-BR\",\"@id\":\"https:\/\/www.sigmatools.com.br\/site\/produto\/sgt-8116-politriz-roto-orbital-redshine-15mm-a-bateria-21v-5ah\/#primaryimage\",\"url\":\"https:\/\/www.sigmatools.com.br\/site\/wp-content\/uploads\/2025\/07\/3-6.jpg\",\"contentUrl\":\"https:\/\/www.sigmatools.com.br\/site\/wp-content\/uploads\/2025\/07\/3-6.jpg\",\"width\":1000,\"height\":1000},{\"@type\":\"BreadcrumbList\",\"@id\":\"https:\/\/www.sigmatools.com.br\/site\/produto\/sgt-8116-politriz-roto-orbital-redshine-15mm-a-bateria-21v-5ah\/#breadcrumb\",\"itemListElement\":[{\"@type\":\"ListItem\",\"position\":1,\"name\":\"In\u00edcio\",\"item\":\"https:\/\/www.sigmatools.com.br\/site\/\"},{\"@type\":\"ListItem\",\"position\":2,\"name\":\"SGT-8116 &#8211; POLITRIZ ROTO ORBITAL RED&#038;SHINE &#8211; 15MM A BATERIA 21V &#8211; 5Ah\"}]},{\"@type\":\"WebSite\",\"@id\":\"https:\/\/www.sigmatools.com.br\/site\/#website\",\"url\":\"https:\/\/www.sigmatools.com.br\/site\/\",\"name\":\"Sigma Tools\",\"description\":\"Equipamentos para Est\u00e9tica Automotiva e Oficina Mec\u00e2nica - Sigma Tools\",\"publisher\":{\"@id\":\"https:\/\/www.sigmatools.com.br\/site\/#organization\"},\"potentialAction\":[{\"@type\":\"SearchAction\",\"target\":{\"@type\":\"EntryPoint\",\"urlTemplate\":\"https:\/\/www.sigmatools.com.br\/site\/?s={search_term_string}\"},\"query-input\":{\"@type\":\"PropertyValueSpecification\",\"valueRequired\":true,\"valueName\":\"search_term_string\"}}],\"inLanguage\":\"pt-BR\"},{\"@type\":\"Organization\",\"@id\":\"https:\/\/www.sigmatools.com.br\/site\/#organization\",\"name\":\"SIGMA TOOLS\",\"url\":\"https:\/\/www.sigmatools.com.br\/site\/\",\"logo\":{\"@type\":\"ImageObject\",\"inLanguage\":\"pt-BR\",\"@id\":\"https:\/\/www.sigmatools.com.br\/site\/#\/schema\/logo\/image\/\",\"url\":\"https:\/\/www.sigmatools.com.br\/site\/wp-content\/uploads\/2020\/01\/logo-sigma.png\",\"contentUrl\":\"https:\/\/www.sigmatools.com.br\/site\/wp-content\/uploads\/2020\/01\/logo-sigma.png\",\"width\":152,\"height\":150,\"caption\":\"SIGMA TOOLS\"},\"image\":{\"@id\":\"https:\/\/www.sigmatools.com.br\/site\/#\/schema\/logo\/image\/\"},\"sameAs\":[\"https:\/\/www.facebook.com\/sigmatools\"]}]}<\/script>\n<!-- \/ Yoast SEO plugin. -->","yoast_head_json":{"title":"SGT-8116 - POLITRIZ ROTO ORBITAL RED&SHINE - 15MM A BATERIA 21V - 5Ah - Sigma Tools","robots":{"index":"index","follow":"follow","max-snippet":"max-snippet:-1","max-image-preview":"max-image-preview:large","max-video-preview":"max-video-preview:-1"},"canonical":"https:\/\/www.sigmatools.com.br\/site\/produto\/sgt-8116-politriz-roto-orbital-redshine-15mm-a-bateria-21v-5ah\/","og_locale":"pt_BR","og_type":"article","og_title":"SGT-8116 - POLITRIZ ROTO ORBITAL RED&SHINE - 15MM A BATERIA 21V - 5Ah - Sigma Tools","og_description":"C\u00f3digo do produto: 0703811600  C\u00f3digo de barras: 7908276665967  &nbsp;  \ufeff  &nbsp; Caracter\u00edsticas \u2022 Acompanha duas baterias de 5Ah 21V Li-Ion para autonomia prolongada; \u2022 Sistema ventilado com baixo aquecimento; \u2022 Estrutura leve e balanceada; \u2022 Baixa vibra\u00e7\u00e3o e ru\u00eddo reduzido; \u2022 Funcionamento sem fio, ideal para mobilidade e praticidade. Aplica\u00e7\u00f5es Ideal para trabalhos de polimento automotivo com alto desempenho e liberdade de movimenta\u00e7\u00e3o. Vantagens \u2022 Uso cont\u00ednuo com troca r\u00e1pida entre as baterias; \u2022 Maior conforto durante o uso prolongado; \u2022 Mais liberdade de movimento sem os inc\u00f4modos dos cabos; \u2022 Menor fadiga do operador por ser leve e com baixa vibra\u00e7\u00e3o; \u2022 Excelente desempenho com opera\u00e7\u00e3o silenciosa.  &nbsp;  &nbsp;  &nbsp;      &nbsp;","og_url":"https:\/\/www.sigmatools.com.br\/site\/produto\/sgt-8116-politriz-roto-orbital-redshine-15mm-a-bateria-21v-5ah\/","og_site_name":"Sigma Tools","article_publisher":"https:\/\/www.facebook.com\/sigmatools","article_modified_time":"2025-08-08T13:36:15+00:00","og_image":[{"width":1000,"height":1000,"url":"https:\/\/www.sigmatools.com.br\/site\/wp-content\/uploads\/2025\/07\/3-6.jpg","type":"image\/jpeg"}],"twitter_card":"summary_large_image","twitter_misc":{"Est. tempo de leitura":"1 minuto"},"schema":{"@context":"https:\/\/schema.org","@graph":[{"@type":"WebPage","@id":"https:\/\/www.sigmatools.com.br\/site\/produto\/sgt-8116-politriz-roto-orbital-redshine-15mm-a-bateria-21v-5ah\/","url":"https:\/\/www.sigmatools.com.br\/site\/produto\/sgt-8116-politriz-roto-orbital-redshine-15mm-a-bateria-21v-5ah\/","name":"SGT-8116 - POLITRIZ ROTO ORBITAL RED&SHINE - 15MM A BATERIA 21V - 5Ah - Sigma Tools","isPartOf":{"@id":"https:\/\/www.sigmatools.com.br\/site\/#website"},"primaryImageOfPage":{"@id":"https:\/\/www.sigmatools.com.br\/site\/produto\/sgt-8116-politriz-roto-orbital-redshine-15mm-a-bateria-21v-5ah\/#primaryimage"},"image":{"@id":"https:\/\/www.sigmatools.com.br\/site\/produto\/sgt-8116-politriz-roto-orbital-redshine-15mm-a-bateria-21v-5ah\/#primaryimage"},"thumbnailUrl":"https:\/\/www.sigmatools.com.br\/site\/wp-content\/uploads\/2025\/07\/3-6.jpg","datePublished":"2025-07-21T17:13:12+00:00","dateModified":"2025-08-08T13:36:15+00:00","breadcrumb":{"@id":"https:\/\/www.sigmatools.com.br\/site\/produto\/sgt-8116-politriz-roto-orbital-redshine-15mm-a-bateria-21v-5ah\/#breadcrumb"},"inLanguage":"pt-BR","potentialAction":[{"@type":"ReadAction","target":["https:\/\/www.sigmatools.com.br\/site\/produto\/sgt-8116-politriz-roto-orbital-redshine-15mm-a-bateria-21v-5ah\/"]}]},{"@type":"ImageObject","inLanguage":"pt-BR","@id":"https:\/\/www.sigmatools.com.br\/site\/produto\/sgt-8116-politriz-roto-orbital-redshine-15mm-a-bateria-21v-5ah\/#primaryimage","url":"https:\/\/www.sigmatools.com.br\/site\/wp-content\/uploads\/2025\/07\/3-6.jpg","contentUrl":"https:\/\/www.sigmatools.com.br\/site\/wp-content\/uploads\/2025\/07\/3-6.jpg","width":1000,"height":1000},{"@type":"BreadcrumbList","@id":"https:\/\/www.sigmatools.com.br\/site\/produto\/sgt-8116-politriz-roto-orbital-redshine-15mm-a-bateria-21v-5ah\/#breadcrumb","itemListElement":[{"@type":"ListItem","position":1,"name":"In\u00edcio","item":"https:\/\/www.sigmatools.com.br\/site\/"},{"@type":"ListItem","position":2,"name":"SGT-8116 &#8211; POLITRIZ ROTO ORBITAL RED&#038;SHINE &#8211; 15MM A BATERIA 21V &#8211; 5Ah"}]},{"@type":"WebSite","@id":"https:\/\/www.sigmatools.com.br\/site\/#website","url":"https:\/\/www.sigmatools.com.br\/site\/","name":"Sigma Tools","description":"Equipamentos para Est\u00e9tica Automotiva e Oficina Mec\u00e2nica - Sigma Tools","publisher":{"@id":"https:\/\/www.sigmatools.com.br\/site\/#organization"},"potentialAction":[{"@type":"SearchAction","target":{"@type":"EntryPoint","urlTemplate":"https:\/\/www.sigmatools.com.br\/site\/?s={search_term_string}"},"query-input":{"@type":"PropertyValueSpecification","valueRequired":true,"valueName":"search_term_string"}}],"inLanguage":"pt-BR"},{"@type":"Organization","@id":"https:\/\/www.sigmatools.com.br\/site\/#organization","name":"SIGMA TOOLS","url":"https:\/\/www.sigmatools.com.br\/site\/","logo":{"@type":"ImageObject","inLanguage":"pt-BR","@id":"https:\/\/www.sigmatools.com.br\/site\/#\/schema\/logo\/image\/","url":"https:\/\/www.sigmatools.com.br\/site\/wp-content\/uploads\/2020\/01\/logo-sigma.png","contentUrl":"https:\/\/www.sigmatools.com.br\/site\/wp-content\/uploads\/2020\/01\/logo-sigma.png","width":152,"height":150,"caption":"SIGMA TOOLS"},"image":{"@id":"https:\/\/www.sigmatools.com.br\/site\/#\/schema\/logo\/image\/"},"sameAs":["https:\/\/www.facebook.com\/sigmatools"]}]}},"_links":{"self":[{"href":"https:\/\/www.sigmatools.com.br\/site\/wp-json\/wp\/v2\/product\/11301","targetHints":{"allow":["GET"]}}],"collection":[{"href":"https:\/\/www.sigmatools.com.br\/site\/wp-json\/wp\/v2\/product"}],"about":[{"href":"https:\/\/www.sigmatools.com.br\/site\/wp-json\/wp\/v2\/types\/product"}],"replies":[{"embeddable":true,"href":"https:\/\/www.sigmatools.com.br\/site\/wp-json\/wp\/v2\/comments?post=11301"}],"wp:featuredmedia":[{"embeddable":true,"href":"https:\/\/www.sigmatools.com.br\/site\/wp-json\/wp\/v2\/media\/11304"}],"wp:attachment":[{"href":"https:\/\/www.sigmatools.com.br\/site\/wp-json\/wp\/v2\/media?parent=11301"}],"wp:term":[{"taxonomy":"product_brand","embeddable":true,"href":"https:\/\/www.sigmatools.com.br\/site\/wp-json\/wp\/v2\/product_brand?post=11301"},{"taxonomy":"product_cat","embeddable":true,"href":"https:\/\/www.sigmatools.com.br\/site\/wp-json\/wp\/v2\/product_cat?post=11301"},{"taxonomy":"product_tag","embeddable":true,"href":"https:\/\/www.sigmatools.com.br\/site\/wp-json\/wp\/v2\/product_tag?post=11301"}],"curies":[{"name":"wp","href":"https:\/\/api.w.org\/{rel}","templated":true}]}}