{"id":11581,"date":"2025-08-18T16:16:02","date_gmt":"2025-08-18T19:16:02","guid":{"rendered":"https:\/\/www.sigmatools.com.br\/site\/?post_type=product&#038;p=11581"},"modified":"2025-08-29T15:16:50","modified_gmt":"2025-08-29T18:16:50","slug":"galao-tanque-para-transporte-e-abastecimento-de-combustivel-com-bico-5-litros","status":"publish","type":"product","link":"https:\/\/www.sigmatools.com.br\/site\/produto\/galao-tanque-para-transporte-e-abastecimento-de-combustivel-com-bico-5-litros\/","title":{"rendered":"GALAO TANQUE PARA TRANSPORTE E ABASTECIMENTO DE COMBUST\u00cdVEL COM BICO &#8211; 5 LITROS"},"content":{"rendered":"","protected":false},"excerpt":{"rendered":"<p><strong>C\u00f3digo do produto: <\/strong>0699990130<\/p>\n<p><strong>C\u00f3digo de barras: <\/strong>7908276680212<\/p>\n<iframe title=\"YouTube video player\" src=\"https:\/\/www.youtube.com\/embed\/gQwOELDNFf4?si=Mgz-qblCSOAUxWEC\" width=\"315\" height=\"560\" frameborder=\"0\" allowfullscreen=\"allowfullscreen\"><\/iframe>\n<p>&nbsp;<\/p>\n<p>&nbsp;<\/p>\n<p><strong>Caracter\u00edsticas<\/strong><br \/>\n\u2022 Material: (PE.HD) &#8211; Polietileno expandido de alta densidade;<br \/>\n\u2022 Capacidade em Volume (Litros): 5, 10 ou 20.<\/p>\n<p>&nbsp;<\/p>\n<p><strong>Vantagens<\/strong><br \/>\n\u2022 Material resistente e dur\u00e1vel;<br \/>\n\u2022 Design ergon\u00f4mico;<br \/>\n\u2022 Sistema de veda\u00e7\u00e3o que evita vazamentos;<br \/>\n\u2022 Acionamento por bico com travas de seguran\u00e7a, proporcionando seguran\u00e7a durante o despejo e evitando desperd\u00edcios;<br \/>\n\u2022 F\u00e1cil manuseio.<\/p>\n<p>&nbsp;<\/p>\n<p><strong>Aplica\u00e7\u00f5es<\/strong><br \/>\nIdeal para transfer\u00eancia e armazenamento tempor\u00e1rio de combust\u00edvel.<\/p>\n<p>&nbsp;<\/p>\n<p>&nbsp;<\/p>\n[button size=\"small\" icon=\"\" target=\"_blank\" text_align=\"left\" text=\"Informativo\" link=\"http:\/\/www.sigmatools.com.br\/site\/arquivos\/informativos\/GALAO%20TANQUE%20PARA%20TRANSPORTE%20-%20INFO.pdf\" color=\"#ffffff\" hover_color=\"#ffffff\" background_color=\"#353535\" hover_background_color=\"#dd3333\" border_color=\"#353535\" hover_border_color=\"#dd3333\"]\n<p>&nbsp;<\/p>","protected":false},"featured_media":11582,"comment_status":"open","ping_status":"closed","template":"","meta":{"_jet_sm_ready_style":"","_jet_sm_style":"","_jet_sm_controls_values":"","_jet_sm_fonts_collection":"","_jet_sm_fonts_links":""},"product_brand":[],"product_cat":[218,109,60,101,15],"product_tag":[],"class_list":{"0":"post-11581","1":"product","2":"type-product","3":"status-publish","4":"has-post-thumbnail","6":"product_cat-destaque","7":"product_cat-ferramentas-diversas","8":"product_cat-catalogo-geral","9":"product_cat-automotivo","10":"product_cat-sigma-tools","12":"first","13":"instock","14":"shipping-taxable","15":"product-type-simple"},"yoast_head":"<!-- This site is optimized with the Yoast SEO plugin v27.1.1 - https:\/\/yoast.com\/product\/yoast-seo-wordpress\/ -->\n<title>GALAO TANQUE PARA TRANSPORTE E ABASTECIMENTO DE COMBUST\u00cdVEL COM BICO - 5 LITROS - Sigma Tools<\/title>\n<meta name=\"robots\" content=\"index, follow, max-snippet:-1, max-image-preview:large, max-video-preview:-1\" \/>\n<link rel=\"canonical\" href=\"https:\/\/www.sigmatools.com.br\/site\/produto\/galao-tanque-para-transporte-e-abastecimento-de-combustivel-com-bico-5-litros\/\" \/>\n<meta property=\"og:locale\" content=\"pt_BR\" \/>\n<meta property=\"og:type\" content=\"article\" \/>\n<meta property=\"og:title\" content=\"GALAO TANQUE PARA TRANSPORTE E ABASTECIMENTO DE COMBUST\u00cdVEL COM BICO - 5 LITROS - Sigma Tools\" \/>\n<meta property=\"og:description\" content=\"C\u00f3digo do produto: 0699990130  C\u00f3digo de barras: 7908276680212    &nbsp;  &nbsp;  Caracter\u00edsticas \u2022 Material: (PE.HD) - Polietileno expandido de alta densidade; \u2022 Capacidade em Volume (Litros): 5, 10 ou 20.  &nbsp;  Vantagens \u2022 Material resistente e dur\u00e1vel; \u2022 Design ergon\u00f4mico; \u2022 Sistema de veda\u00e7\u00e3o que evita vazamentos; \u2022 Acionamento por bico com travas de seguran\u00e7a, proporcionando seguran\u00e7a durante o despejo e evitando desperd\u00edcios; \u2022 F\u00e1cil manuseio.  &nbsp;  Aplica\u00e7\u00f5es Ideal para transfer\u00eancia e armazenamento tempor\u00e1rio de combust\u00edvel.  &nbsp;  &nbsp;    &nbsp;\" \/>\n<meta property=\"og:url\" content=\"https:\/\/www.sigmatools.com.br\/site\/produto\/galao-tanque-para-transporte-e-abastecimento-de-combustivel-com-bico-5-litros\/\" \/>\n<meta property=\"og:site_name\" content=\"Sigma Tools\" \/>\n<meta property=\"article:publisher\" content=\"https:\/\/www.facebook.com\/sigmatools\" \/>\n<meta property=\"article:modified_time\" content=\"2025-08-29T18:16:50+00:00\" \/>\n<meta property=\"og:image\" content=\"https:\/\/www.sigmatools.com.br\/site\/wp-content\/uploads\/2025\/08\/1-4.jpg\" \/>\n\t<meta property=\"og:image:width\" content=\"1000\" \/>\n\t<meta property=\"og:image:height\" content=\"1000\" \/>\n\t<meta property=\"og:image:type\" content=\"image\/jpeg\" \/>\n<meta name=\"twitter:card\" content=\"summary_large_image\" \/>\n<meta name=\"twitter:label1\" content=\"Est. tempo de leitura\" \/>\n\t<meta name=\"twitter:data1\" content=\"1 minuto\" \/>\n<script type=\"application\/ld+json\" class=\"yoast-schema-graph\">{\"@context\":\"https:\/\/schema.org\",\"@graph\":[{\"@type\":\"WebPage\",\"@id\":\"https:\/\/www.sigmatools.com.br\/site\/produto\/galao-tanque-para-transporte-e-abastecimento-de-combustivel-com-bico-5-litros\/\",\"url\":\"https:\/\/www.sigmatools.com.br\/site\/produto\/galao-tanque-para-transporte-e-abastecimento-de-combustivel-com-bico-5-litros\/\",\"name\":\"GALAO TANQUE PARA TRANSPORTE E ABASTECIMENTO DE COMBUST\u00cdVEL COM BICO - 5 LITROS - Sigma Tools\",\"isPartOf\":{\"@id\":\"https:\/\/www.sigmatools.com.br\/site\/#website\"},\"primaryImageOfPage\":{\"@id\":\"https:\/\/www.sigmatools.com.br\/site\/produto\/galao-tanque-para-transporte-e-abastecimento-de-combustivel-com-bico-5-litros\/#primaryimage\"},\"image\":{\"@id\":\"https:\/\/www.sigmatools.com.br\/site\/produto\/galao-tanque-para-transporte-e-abastecimento-de-combustivel-com-bico-5-litros\/#primaryimage\"},\"thumbnailUrl\":\"https:\/\/www.sigmatools.com.br\/site\/wp-content\/uploads\/2025\/08\/1-4.jpg\",\"datePublished\":\"2025-08-18T19:16:02+00:00\",\"dateModified\":\"2025-08-29T18:16:50+00:00\",\"breadcrumb\":{\"@id\":\"https:\/\/www.sigmatools.com.br\/site\/produto\/galao-tanque-para-transporte-e-abastecimento-de-combustivel-com-bico-5-litros\/#breadcrumb\"},\"inLanguage\":\"pt-BR\",\"potentialAction\":[{\"@type\":\"ReadAction\",\"target\":[\"https:\/\/www.sigmatools.com.br\/site\/produto\/galao-tanque-para-transporte-e-abastecimento-de-combustivel-com-bico-5-litros\/\"]}]},{\"@type\":\"ImageObject\",\"inLanguage\":\"pt-BR\",\"@id\":\"https:\/\/www.sigmatools.com.br\/site\/produto\/galao-tanque-para-transporte-e-abastecimento-de-combustivel-com-bico-5-litros\/#primaryimage\",\"url\":\"https:\/\/www.sigmatools.com.br\/site\/wp-content\/uploads\/2025\/08\/1-4.jpg\",\"contentUrl\":\"https:\/\/www.sigmatools.com.br\/site\/wp-content\/uploads\/2025\/08\/1-4.jpg\",\"width\":1000,\"height\":1000},{\"@type\":\"BreadcrumbList\",\"@id\":\"https:\/\/www.sigmatools.com.br\/site\/produto\/galao-tanque-para-transporte-e-abastecimento-de-combustivel-com-bico-5-litros\/#breadcrumb\",\"itemListElement\":[{\"@type\":\"ListItem\",\"position\":1,\"name\":\"In\u00edcio\",\"item\":\"https:\/\/www.sigmatools.com.br\/site\/\"},{\"@type\":\"ListItem\",\"position\":2,\"name\":\"GALAO TANQUE PARA TRANSPORTE E ABASTECIMENTO DE COMBUST\u00cdVEL COM BICO &#8211; 5 LITROS\"}]},{\"@type\":\"WebSite\",\"@id\":\"https:\/\/www.sigmatools.com.br\/site\/#website\",\"url\":\"https:\/\/www.sigmatools.com.br\/site\/\",\"name\":\"Sigma Tools\",\"description\":\"Equipamentos para Est\u00e9tica Automotiva e Oficina Mec\u00e2nica - Sigma Tools\",\"publisher\":{\"@id\":\"https:\/\/www.sigmatools.com.br\/site\/#organization\"},\"potentialAction\":[{\"@type\":\"SearchAction\",\"target\":{\"@type\":\"EntryPoint\",\"urlTemplate\":\"https:\/\/www.sigmatools.com.br\/site\/?s={search_term_string}\"},\"query-input\":{\"@type\":\"PropertyValueSpecification\",\"valueRequired\":true,\"valueName\":\"search_term_string\"}}],\"inLanguage\":\"pt-BR\"},{\"@type\":\"Organization\",\"@id\":\"https:\/\/www.sigmatools.com.br\/site\/#organization\",\"name\":\"SIGMA TOOLS\",\"url\":\"https:\/\/www.sigmatools.com.br\/site\/\",\"logo\":{\"@type\":\"ImageObject\",\"inLanguage\":\"pt-BR\",\"@id\":\"https:\/\/www.sigmatools.com.br\/site\/#\/schema\/logo\/image\/\",\"url\":\"https:\/\/www.sigmatools.com.br\/site\/wp-content\/uploads\/2020\/01\/logo-sigma.png\",\"contentUrl\":\"https:\/\/www.sigmatools.com.br\/site\/wp-content\/uploads\/2020\/01\/logo-sigma.png\",\"width\":152,\"height\":150,\"caption\":\"SIGMA TOOLS\"},\"image\":{\"@id\":\"https:\/\/www.sigmatools.com.br\/site\/#\/schema\/logo\/image\/\"},\"sameAs\":[\"https:\/\/www.facebook.com\/sigmatools\"]}]}<\/script>\n<!-- \/ Yoast SEO plugin. -->","yoast_head_json":{"title":"GALAO TANQUE PARA TRANSPORTE E ABASTECIMENTO DE COMBUST\u00cdVEL COM BICO - 5 LITROS - Sigma Tools","robots":{"index":"index","follow":"follow","max-snippet":"max-snippet:-1","max-image-preview":"max-image-preview:large","max-video-preview":"max-video-preview:-1"},"canonical":"https:\/\/www.sigmatools.com.br\/site\/produto\/galao-tanque-para-transporte-e-abastecimento-de-combustivel-com-bico-5-litros\/","og_locale":"pt_BR","og_type":"article","og_title":"GALAO TANQUE PARA TRANSPORTE E ABASTECIMENTO DE COMBUST\u00cdVEL COM BICO - 5 LITROS - Sigma Tools","og_description":"C\u00f3digo do produto: 0699990130  C\u00f3digo de barras: 7908276680212    &nbsp;  &nbsp;  Caracter\u00edsticas \u2022 Material: (PE.HD) - Polietileno expandido de alta densidade; \u2022 Capacidade em Volume (Litros): 5, 10 ou 20.  &nbsp;  Vantagens \u2022 Material resistente e dur\u00e1vel; \u2022 Design ergon\u00f4mico; \u2022 Sistema de veda\u00e7\u00e3o que evita vazamentos; \u2022 Acionamento por bico com travas de seguran\u00e7a, proporcionando seguran\u00e7a durante o despejo e evitando desperd\u00edcios; \u2022 F\u00e1cil manuseio.  &nbsp;  Aplica\u00e7\u00f5es Ideal para transfer\u00eancia e armazenamento tempor\u00e1rio de combust\u00edvel.  &nbsp;  &nbsp;    &nbsp;","og_url":"https:\/\/www.sigmatools.com.br\/site\/produto\/galao-tanque-para-transporte-e-abastecimento-de-combustivel-com-bico-5-litros\/","og_site_name":"Sigma Tools","article_publisher":"https:\/\/www.facebook.com\/sigmatools","article_modified_time":"2025-08-29T18:16:50+00:00","og_image":[{"width":1000,"height":1000,"url":"https:\/\/www.sigmatools.com.br\/site\/wp-content\/uploads\/2025\/08\/1-4.jpg","type":"image\/jpeg"}],"twitter_card":"summary_large_image","twitter_misc":{"Est. tempo de leitura":"1 minuto"},"schema":{"@context":"https:\/\/schema.org","@graph":[{"@type":"WebPage","@id":"https:\/\/www.sigmatools.com.br\/site\/produto\/galao-tanque-para-transporte-e-abastecimento-de-combustivel-com-bico-5-litros\/","url":"https:\/\/www.sigmatools.com.br\/site\/produto\/galao-tanque-para-transporte-e-abastecimento-de-combustivel-com-bico-5-litros\/","name":"GALAO TANQUE PARA TRANSPORTE E ABASTECIMENTO DE COMBUST\u00cdVEL COM BICO - 5 LITROS - Sigma Tools","isPartOf":{"@id":"https:\/\/www.sigmatools.com.br\/site\/#website"},"primaryImageOfPage":{"@id":"https:\/\/www.sigmatools.com.br\/site\/produto\/galao-tanque-para-transporte-e-abastecimento-de-combustivel-com-bico-5-litros\/#primaryimage"},"image":{"@id":"https:\/\/www.sigmatools.com.br\/site\/produto\/galao-tanque-para-transporte-e-abastecimento-de-combustivel-com-bico-5-litros\/#primaryimage"},"thumbnailUrl":"https:\/\/www.sigmatools.com.br\/site\/wp-content\/uploads\/2025\/08\/1-4.jpg","datePublished":"2025-08-18T19:16:02+00:00","dateModified":"2025-08-29T18:16:50+00:00","breadcrumb":{"@id":"https:\/\/www.sigmatools.com.br\/site\/produto\/galao-tanque-para-transporte-e-abastecimento-de-combustivel-com-bico-5-litros\/#breadcrumb"},"inLanguage":"pt-BR","potentialAction":[{"@type":"ReadAction","target":["https:\/\/www.sigmatools.com.br\/site\/produto\/galao-tanque-para-transporte-e-abastecimento-de-combustivel-com-bico-5-litros\/"]}]},{"@type":"ImageObject","inLanguage":"pt-BR","@id":"https:\/\/www.sigmatools.com.br\/site\/produto\/galao-tanque-para-transporte-e-abastecimento-de-combustivel-com-bico-5-litros\/#primaryimage","url":"https:\/\/www.sigmatools.com.br\/site\/wp-content\/uploads\/2025\/08\/1-4.jpg","contentUrl":"https:\/\/www.sigmatools.com.br\/site\/wp-content\/uploads\/2025\/08\/1-4.jpg","width":1000,"height":1000},{"@type":"BreadcrumbList","@id":"https:\/\/www.sigmatools.com.br\/site\/produto\/galao-tanque-para-transporte-e-abastecimento-de-combustivel-com-bico-5-litros\/#breadcrumb","itemListElement":[{"@type":"ListItem","position":1,"name":"In\u00edcio","item":"https:\/\/www.sigmatools.com.br\/site\/"},{"@type":"ListItem","position":2,"name":"GALAO TANQUE PARA TRANSPORTE E ABASTECIMENTO DE COMBUST\u00cdVEL COM BICO &#8211; 5 LITROS"}]},{"@type":"WebSite","@id":"https:\/\/www.sigmatools.com.br\/site\/#website","url":"https:\/\/www.sigmatools.com.br\/site\/","name":"Sigma Tools","description":"Equipamentos para Est\u00e9tica Automotiva e Oficina Mec\u00e2nica - Sigma Tools","publisher":{"@id":"https:\/\/www.sigmatools.com.br\/site\/#organization"},"potentialAction":[{"@type":"SearchAction","target":{"@type":"EntryPoint","urlTemplate":"https:\/\/www.sigmatools.com.br\/site\/?s={search_term_string}"},"query-input":{"@type":"PropertyValueSpecification","valueRequired":true,"valueName":"search_term_string"}}],"inLanguage":"pt-BR"},{"@type":"Organization","@id":"https:\/\/www.sigmatools.com.br\/site\/#organization","name":"SIGMA TOOLS","url":"https:\/\/www.sigmatools.com.br\/site\/","logo":{"@type":"ImageObject","inLanguage":"pt-BR","@id":"https:\/\/www.sigmatools.com.br\/site\/#\/schema\/logo\/image\/","url":"https:\/\/www.sigmatools.com.br\/site\/wp-content\/uploads\/2020\/01\/logo-sigma.png","contentUrl":"https:\/\/www.sigmatools.com.br\/site\/wp-content\/uploads\/2020\/01\/logo-sigma.png","width":152,"height":150,"caption":"SIGMA TOOLS"},"image":{"@id":"https:\/\/www.sigmatools.com.br\/site\/#\/schema\/logo\/image\/"},"sameAs":["https:\/\/www.facebook.com\/sigmatools"]}]}},"_links":{"self":[{"href":"https:\/\/www.sigmatools.com.br\/site\/wp-json\/wp\/v2\/product\/11581","targetHints":{"allow":["GET"]}}],"collection":[{"href":"https:\/\/www.sigmatools.com.br\/site\/wp-json\/wp\/v2\/product"}],"about":[{"href":"https:\/\/www.sigmatools.com.br\/site\/wp-json\/wp\/v2\/types\/product"}],"replies":[{"embeddable":true,"href":"https:\/\/www.sigmatools.com.br\/site\/wp-json\/wp\/v2\/comments?post=11581"}],"wp:featuredmedia":[{"embeddable":true,"href":"https:\/\/www.sigmatools.com.br\/site\/wp-json\/wp\/v2\/media\/11582"}],"wp:attachment":[{"href":"https:\/\/www.sigmatools.com.br\/site\/wp-json\/wp\/v2\/media?parent=11581"}],"wp:term":[{"taxonomy":"product_brand","embeddable":true,"href":"https:\/\/www.sigmatools.com.br\/site\/wp-json\/wp\/v2\/product_brand?post=11581"},{"taxonomy":"product_cat","embeddable":true,"href":"https:\/\/www.sigmatools.com.br\/site\/wp-json\/wp\/v2\/product_cat?post=11581"},{"taxonomy":"product_tag","embeddable":true,"href":"https:\/\/www.sigmatools.com.br\/site\/wp-json\/wp\/v2\/product_tag?post=11581"}],"curies":[{"name":"wp","href":"https:\/\/api.w.org\/{rel}","templated":true}]}}