{"id":1164,"date":"2020-02-26T16:20:14","date_gmt":"2020-02-26T19:20:14","guid":{"rendered":"https:\/\/www.sigmatools.com.br\/site\/?post_type=product&#038;p=1164"},"modified":"2025-06-30T12:52:59","modified_gmt":"2025-06-30T15:52:59","slug":"sgt-1421","status":"publish","type":"product","link":"https:\/\/www.sigmatools.com.br\/site\/produto\/sgt-1421\/","title":{"rendered":"SGT-1421 &#8211; PINADOR PNEUM\u00c1TICO 18\/50 (F50)"},"content":{"rendered":"<p>[vc_row css_animation=&#8221;&#8221; row_type=&#8221;row&#8221; use_row_as_full_screen_section=&#8221;no&#8221; type=&#8221;full_width&#8221; angled_section=&#8221;no&#8221; text_align=&#8221;left&#8221; background_image_as_pattern=&#8221;without_pattern&#8221;][vc_column][\/vc_column][\/vc_row]<\/p>","protected":false},"excerpt":{"rendered":"<p><strong>C\u00f3digo do produto:<\/strong> 0701142100<\/p>\n<p><strong>C\u00f3digo de barras:<\/strong> 7908276601309<\/p>\n<p>&nbsp;<\/p>\n<p>&nbsp;<\/p>\n<p>Indicado para fixa\u00e7\u00e3o de forros, rodap\u00e9s, montagem de cadeiras, gavetas, filetes de portas, molduras, cal\u00e7ados, esquadrias, gaiolas, balc\u00f5es, vimes, montagem de casinhas de madeiras, finaliza\u00e7\u00e3o e montagem de m\u00f3veis, caixilhos de portas e janelas, suportes de vidros entre outros.<\/p>\n<p>&nbsp;<\/p>\n<p><strong>Caracter\u00edsticas<\/strong><\/p>\n<p>\u2022 Ferramenta leve e \u00e1gil, sendo adequada para aplica\u00e7\u00f5es de alta produtividade e substratos de maior dureza com grampos longos (at\u00e9 50mm);<br \/>\n\u2022 Cabo emborrachado que proporciona maior conforto ao operador;<br \/>\n\u2022 Corpo em alum\u00ednio fundido;<br \/>\n\u2022 Novo modelo de trava do magazine, mais seguro;<br \/>\n\u2022 Magazine com janela para visualiza\u00e7\u00e3o da quantidade de grampos;<br \/>\n\u2022 Exaust\u00e3o de ar superior direcion\u00e1vel 360\u00ba.<br \/>\n\u2022 Sistema de seguran\u00e7a por toque<\/p>\n<p>&nbsp;<\/p>\n<p><strong>Informa\u00e7\u00f5es T\u00e9cnicas:<\/strong><\/p>\n<p><strong>Capacidade do Magazine (unidades):<\/strong> 100<br \/>\n<strong>Comprimento do pino (pol\/mm):<\/strong> 3\/8\u201d a 2\u201d \/ 10 a 50<br \/>\n<strong>Modelo de pino:<\/strong> F (18Ga.)<br \/>\n<strong>Peso (kg):<\/strong> 1,370<\/p>\n<p>&nbsp;<\/p>\n[button size=\"small\" icon=\"\" target=\"_blank\" text_align=\"left\" text=\"Informativo\" link=\"http:\/\/www.sigmatools.com.br\/site\/arquivos\/informativos\/SGT-1421%20-%20Pinador%2018-50.pdf\" color=\"#ffffff\" hover_color=\"#ffffff\" background_color=\"#353535\" hover_background_color=\"#dd3333\" border_color=\"#353535\" hover_border_color=\"#dd3333\"]\n[button size=\"small\" icon=\"\" target=\"_blank\" text_align=\"left\" text=\"Vista Explodida\" link=\"https:\/\/www.sigmatools.com.br\/site\/arquivos\/vista-explodida\/SGT-1421%20-%20Pinador%2018_50%20-%20VE.pdf\" color=\"#ffffff\" hover_color=\"#ffffff\" background_color=\"#353535\" hover_background_color=\"#dd3333\" border_color=\"#353535\" hover_border_color=\"#dd3333\"]","protected":false},"featured_media":5186,"comment_status":"open","ping_status":"closed","template":"","meta":{"_jet_sm_ready_style":"","_jet_sm_style":"","_jet_sm_controls_values":"","_jet_sm_fonts_collection":"","_jet_sm_fonts_links":""},"product_brand":[],"product_cat":[128,60,83,15],"product_tag":[],"class_list":{"0":"post-1164","1":"product","2":"type-product","3":"status-publish","4":"has-post-thumbnail","6":"product_cat-pinadores","7":"product_cat-catalogo-geral","8":"product_cat-fixacao","9":"product_cat-sigma-tools","11":"first","12":"instock","13":"shipping-taxable","14":"product-type-simple"},"yoast_head":"<!-- This site is optimized with the Yoast SEO plugin v27.1.1 - https:\/\/yoast.com\/product\/yoast-seo-wordpress\/ -->\n<title>SGT-1421 - PINADOR PNEUM\u00c1TICO 18\/50 (F50) - Sigma Tools<\/title>\n<meta name=\"robots\" content=\"index, follow, max-snippet:-1, max-image-preview:large, max-video-preview:-1\" \/>\n<link rel=\"canonical\" href=\"https:\/\/www.sigmatools.com.br\/site\/produto\/sgt-1421\/\" \/>\n<meta property=\"og:locale\" content=\"pt_BR\" \/>\n<meta property=\"og:type\" content=\"article\" \/>\n<meta property=\"og:title\" content=\"SGT-1421 - PINADOR PNEUM\u00c1TICO 18\/50 (F50) - Sigma Tools\" \/>\n<meta property=\"og:description\" content=\"C\u00f3digo do produto: 0701142100  C\u00f3digo de barras: 7908276601309  &nbsp;  &nbsp;  Indicado para fixa\u00e7\u00e3o de forros, rodap\u00e9s, montagem de cadeiras, gavetas, filetes de portas, molduras, cal\u00e7ados, esquadrias, gaiolas, balc\u00f5es, vimes, montagem de casinhas de madeiras, finaliza\u00e7\u00e3o e montagem de m\u00f3veis, caixilhos de portas e janelas, suportes de vidros entre outros.  &nbsp;  Caracter\u00edsticas  \u2022 Ferramenta leve e \u00e1gil, sendo adequada para aplica\u00e7\u00f5es de alta produtividade e substratos de maior dureza com grampos longos (at\u00e9 50mm); \u2022 Cabo emborrachado que proporciona maior conforto ao operador; \u2022 Corpo em alum\u00ednio fundido; \u2022 Novo modelo de trava do magazine, mais seguro; \u2022 Magazine com janela para visualiza\u00e7\u00e3o da quantidade de grampos; \u2022 Exaust\u00e3o de ar superior direcion\u00e1vel 360\u00ba. \u2022 Sistema de seguran\u00e7a por toque  &nbsp;  Informa\u00e7\u00f5es T\u00e9cnicas:  Capacidade do Magazine (unidades): 100 Comprimento do pino (pol\/mm): 3\/8\u201d a 2\u201d \/ 10 a 50 Modelo de pino: F (18Ga.) Peso (kg): 1,370  &nbsp;\" \/>\n<meta property=\"og:url\" content=\"https:\/\/www.sigmatools.com.br\/site\/produto\/sgt-1421\/\" \/>\n<meta property=\"og:site_name\" content=\"Sigma Tools\" \/>\n<meta property=\"article:publisher\" content=\"https:\/\/www.facebook.com\/sigmatools\" \/>\n<meta property=\"article:modified_time\" content=\"2025-06-30T15:52:59+00:00\" \/>\n<meta property=\"og:image\" content=\"https:\/\/www.sigmatools.com.br\/site\/wp-content\/uploads\/2020\/02\/SGT-1421.png\" \/>\n\t<meta property=\"og:image:width\" content=\"1000\" \/>\n\t<meta property=\"og:image:height\" content=\"1000\" \/>\n\t<meta property=\"og:image:type\" content=\"image\/png\" \/>\n<meta name=\"twitter:card\" content=\"summary_large_image\" \/>\n<meta name=\"twitter:label1\" content=\"Est. tempo de leitura\" \/>\n\t<meta name=\"twitter:data1\" content=\"1 minuto\" \/>\n<script type=\"application\/ld+json\" class=\"yoast-schema-graph\">{\"@context\":\"https:\/\/schema.org\",\"@graph\":[{\"@type\":\"WebPage\",\"@id\":\"https:\/\/www.sigmatools.com.br\/site\/produto\/sgt-1421\/\",\"url\":\"https:\/\/www.sigmatools.com.br\/site\/produto\/sgt-1421\/\",\"name\":\"SGT-1421 - PINADOR PNEUM\u00c1TICO 18\/50 (F50) - Sigma Tools\",\"isPartOf\":{\"@id\":\"https:\/\/www.sigmatools.com.br\/site\/#website\"},\"primaryImageOfPage\":{\"@id\":\"https:\/\/www.sigmatools.com.br\/site\/produto\/sgt-1421\/#primaryimage\"},\"image\":{\"@id\":\"https:\/\/www.sigmatools.com.br\/site\/produto\/sgt-1421\/#primaryimage\"},\"thumbnailUrl\":\"https:\/\/www.sigmatools.com.br\/site\/wp-content\/uploads\/2020\/02\/SGT-1421.png\",\"datePublished\":\"2020-02-26T19:20:14+00:00\",\"dateModified\":\"2025-06-30T15:52:59+00:00\",\"breadcrumb\":{\"@id\":\"https:\/\/www.sigmatools.com.br\/site\/produto\/sgt-1421\/#breadcrumb\"},\"inLanguage\":\"pt-BR\",\"potentialAction\":[{\"@type\":\"ReadAction\",\"target\":[\"https:\/\/www.sigmatools.com.br\/site\/produto\/sgt-1421\/\"]}]},{\"@type\":\"ImageObject\",\"inLanguage\":\"pt-BR\",\"@id\":\"https:\/\/www.sigmatools.com.br\/site\/produto\/sgt-1421\/#primaryimage\",\"url\":\"https:\/\/www.sigmatools.com.br\/site\/wp-content\/uploads\/2020\/02\/SGT-1421.png\",\"contentUrl\":\"https:\/\/www.sigmatools.com.br\/site\/wp-content\/uploads\/2020\/02\/SGT-1421.png\",\"width\":1000,\"height\":1000},{\"@type\":\"BreadcrumbList\",\"@id\":\"https:\/\/www.sigmatools.com.br\/site\/produto\/sgt-1421\/#breadcrumb\",\"itemListElement\":[{\"@type\":\"ListItem\",\"position\":1,\"name\":\"In\u00edcio\",\"item\":\"https:\/\/www.sigmatools.com.br\/site\/\"},{\"@type\":\"ListItem\",\"position\":2,\"name\":\"SGT-1421 &#8211; PINADOR PNEUM\u00c1TICO 18\/50 (F50)\"}]},{\"@type\":\"WebSite\",\"@id\":\"https:\/\/www.sigmatools.com.br\/site\/#website\",\"url\":\"https:\/\/www.sigmatools.com.br\/site\/\",\"name\":\"Sigma Tools\",\"description\":\"Equipamentos para Est\u00e9tica Automotiva e Oficina Mec\u00e2nica - Sigma Tools\",\"publisher\":{\"@id\":\"https:\/\/www.sigmatools.com.br\/site\/#organization\"},\"potentialAction\":[{\"@type\":\"SearchAction\",\"target\":{\"@type\":\"EntryPoint\",\"urlTemplate\":\"https:\/\/www.sigmatools.com.br\/site\/?s={search_term_string}\"},\"query-input\":{\"@type\":\"PropertyValueSpecification\",\"valueRequired\":true,\"valueName\":\"search_term_string\"}}],\"inLanguage\":\"pt-BR\"},{\"@type\":\"Organization\",\"@id\":\"https:\/\/www.sigmatools.com.br\/site\/#organization\",\"name\":\"SIGMA TOOLS\",\"url\":\"https:\/\/www.sigmatools.com.br\/site\/\",\"logo\":{\"@type\":\"ImageObject\",\"inLanguage\":\"pt-BR\",\"@id\":\"https:\/\/www.sigmatools.com.br\/site\/#\/schema\/logo\/image\/\",\"url\":\"https:\/\/www.sigmatools.com.br\/site\/wp-content\/uploads\/2020\/01\/logo-sigma.png\",\"contentUrl\":\"https:\/\/www.sigmatools.com.br\/site\/wp-content\/uploads\/2020\/01\/logo-sigma.png\",\"width\":152,\"height\":150,\"caption\":\"SIGMA TOOLS\"},\"image\":{\"@id\":\"https:\/\/www.sigmatools.com.br\/site\/#\/schema\/logo\/image\/\"},\"sameAs\":[\"https:\/\/www.facebook.com\/sigmatools\"]}]}<\/script>\n<!-- \/ Yoast SEO plugin. -->","yoast_head_json":{"title":"SGT-1421 - PINADOR PNEUM\u00c1TICO 18\/50 (F50) - Sigma Tools","robots":{"index":"index","follow":"follow","max-snippet":"max-snippet:-1","max-image-preview":"max-image-preview:large","max-video-preview":"max-video-preview:-1"},"canonical":"https:\/\/www.sigmatools.com.br\/site\/produto\/sgt-1421\/","og_locale":"pt_BR","og_type":"article","og_title":"SGT-1421 - PINADOR PNEUM\u00c1TICO 18\/50 (F50) - Sigma Tools","og_description":"C\u00f3digo do produto: 0701142100  C\u00f3digo de barras: 7908276601309  &nbsp;  &nbsp;  Indicado para fixa\u00e7\u00e3o de forros, rodap\u00e9s, montagem de cadeiras, gavetas, filetes de portas, molduras, cal\u00e7ados, esquadrias, gaiolas, balc\u00f5es, vimes, montagem de casinhas de madeiras, finaliza\u00e7\u00e3o e montagem de m\u00f3veis, caixilhos de portas e janelas, suportes de vidros entre outros.  &nbsp;  Caracter\u00edsticas  \u2022 Ferramenta leve e \u00e1gil, sendo adequada para aplica\u00e7\u00f5es de alta produtividade e substratos de maior dureza com grampos longos (at\u00e9 50mm); \u2022 Cabo emborrachado que proporciona maior conforto ao operador; \u2022 Corpo em alum\u00ednio fundido; \u2022 Novo modelo de trava do magazine, mais seguro; \u2022 Magazine com janela para visualiza\u00e7\u00e3o da quantidade de grampos; \u2022 Exaust\u00e3o de ar superior direcion\u00e1vel 360\u00ba. \u2022 Sistema de seguran\u00e7a por toque  &nbsp;  Informa\u00e7\u00f5es T\u00e9cnicas:  Capacidade do Magazine (unidades): 100 Comprimento do pino (pol\/mm): 3\/8\u201d a 2\u201d \/ 10 a 50 Modelo de pino: F (18Ga.) Peso (kg): 1,370  &nbsp;","og_url":"https:\/\/www.sigmatools.com.br\/site\/produto\/sgt-1421\/","og_site_name":"Sigma Tools","article_publisher":"https:\/\/www.facebook.com\/sigmatools","article_modified_time":"2025-06-30T15:52:59+00:00","og_image":[{"width":1000,"height":1000,"url":"https:\/\/www.sigmatools.com.br\/site\/wp-content\/uploads\/2020\/02\/SGT-1421.png","type":"image\/png"}],"twitter_card":"summary_large_image","twitter_misc":{"Est. tempo de leitura":"1 minuto"},"schema":{"@context":"https:\/\/schema.org","@graph":[{"@type":"WebPage","@id":"https:\/\/www.sigmatools.com.br\/site\/produto\/sgt-1421\/","url":"https:\/\/www.sigmatools.com.br\/site\/produto\/sgt-1421\/","name":"SGT-1421 - PINADOR PNEUM\u00c1TICO 18\/50 (F50) - Sigma Tools","isPartOf":{"@id":"https:\/\/www.sigmatools.com.br\/site\/#website"},"primaryImageOfPage":{"@id":"https:\/\/www.sigmatools.com.br\/site\/produto\/sgt-1421\/#primaryimage"},"image":{"@id":"https:\/\/www.sigmatools.com.br\/site\/produto\/sgt-1421\/#primaryimage"},"thumbnailUrl":"https:\/\/www.sigmatools.com.br\/site\/wp-content\/uploads\/2020\/02\/SGT-1421.png","datePublished":"2020-02-26T19:20:14+00:00","dateModified":"2025-06-30T15:52:59+00:00","breadcrumb":{"@id":"https:\/\/www.sigmatools.com.br\/site\/produto\/sgt-1421\/#breadcrumb"},"inLanguage":"pt-BR","potentialAction":[{"@type":"ReadAction","target":["https:\/\/www.sigmatools.com.br\/site\/produto\/sgt-1421\/"]}]},{"@type":"ImageObject","inLanguage":"pt-BR","@id":"https:\/\/www.sigmatools.com.br\/site\/produto\/sgt-1421\/#primaryimage","url":"https:\/\/www.sigmatools.com.br\/site\/wp-content\/uploads\/2020\/02\/SGT-1421.png","contentUrl":"https:\/\/www.sigmatools.com.br\/site\/wp-content\/uploads\/2020\/02\/SGT-1421.png","width":1000,"height":1000},{"@type":"BreadcrumbList","@id":"https:\/\/www.sigmatools.com.br\/site\/produto\/sgt-1421\/#breadcrumb","itemListElement":[{"@type":"ListItem","position":1,"name":"In\u00edcio","item":"https:\/\/www.sigmatools.com.br\/site\/"},{"@type":"ListItem","position":2,"name":"SGT-1421 &#8211; PINADOR PNEUM\u00c1TICO 18\/50 (F50)"}]},{"@type":"WebSite","@id":"https:\/\/www.sigmatools.com.br\/site\/#website","url":"https:\/\/www.sigmatools.com.br\/site\/","name":"Sigma Tools","description":"Equipamentos para Est\u00e9tica Automotiva e Oficina Mec\u00e2nica - Sigma Tools","publisher":{"@id":"https:\/\/www.sigmatools.com.br\/site\/#organization"},"potentialAction":[{"@type":"SearchAction","target":{"@type":"EntryPoint","urlTemplate":"https:\/\/www.sigmatools.com.br\/site\/?s={search_term_string}"},"query-input":{"@type":"PropertyValueSpecification","valueRequired":true,"valueName":"search_term_string"}}],"inLanguage":"pt-BR"},{"@type":"Organization","@id":"https:\/\/www.sigmatools.com.br\/site\/#organization","name":"SIGMA TOOLS","url":"https:\/\/www.sigmatools.com.br\/site\/","logo":{"@type":"ImageObject","inLanguage":"pt-BR","@id":"https:\/\/www.sigmatools.com.br\/site\/#\/schema\/logo\/image\/","url":"https:\/\/www.sigmatools.com.br\/site\/wp-content\/uploads\/2020\/01\/logo-sigma.png","contentUrl":"https:\/\/www.sigmatools.com.br\/site\/wp-content\/uploads\/2020\/01\/logo-sigma.png","width":152,"height":150,"caption":"SIGMA TOOLS"},"image":{"@id":"https:\/\/www.sigmatools.com.br\/site\/#\/schema\/logo\/image\/"},"sameAs":["https:\/\/www.facebook.com\/sigmatools"]}]}},"_links":{"self":[{"href":"https:\/\/www.sigmatools.com.br\/site\/wp-json\/wp\/v2\/product\/1164","targetHints":{"allow":["GET"]}}],"collection":[{"href":"https:\/\/www.sigmatools.com.br\/site\/wp-json\/wp\/v2\/product"}],"about":[{"href":"https:\/\/www.sigmatools.com.br\/site\/wp-json\/wp\/v2\/types\/product"}],"replies":[{"embeddable":true,"href":"https:\/\/www.sigmatools.com.br\/site\/wp-json\/wp\/v2\/comments?post=1164"}],"wp:featuredmedia":[{"embeddable":true,"href":"https:\/\/www.sigmatools.com.br\/site\/wp-json\/wp\/v2\/media\/5186"}],"wp:attachment":[{"href":"https:\/\/www.sigmatools.com.br\/site\/wp-json\/wp\/v2\/media?parent=1164"}],"wp:term":[{"taxonomy":"product_brand","embeddable":true,"href":"https:\/\/www.sigmatools.com.br\/site\/wp-json\/wp\/v2\/product_brand?post=1164"},{"taxonomy":"product_cat","embeddable":true,"href":"https:\/\/www.sigmatools.com.br\/site\/wp-json\/wp\/v2\/product_cat?post=1164"},{"taxonomy":"product_tag","embeddable":true,"href":"https:\/\/www.sigmatools.com.br\/site\/wp-json\/wp\/v2\/product_tag?post=1164"}],"curies":[{"name":"wp","href":"https:\/\/api.w.org\/{rel}","templated":true}]}}