{"id":11689,"date":"2025-09-16T16:20:12","date_gmt":"2025-09-16T19:20:12","guid":{"rendered":"https:\/\/www.sigmatools.com.br\/site\/?post_type=product&#038;p=11689"},"modified":"2025-09-16T17:02:55","modified_gmt":"2025-09-16T20:02:55","slug":"sgt-kit57-jogo-de-soquetes-sextavados-1-4","status":"publish","type":"product","link":"https:\/\/www.sigmatools.com.br\/site\/produto\/sgt-kit57-jogo-de-soquetes-sextavados-1-4\/","title":{"rendered":"SGT-KIT57 &#8211; JOGO DE SOQUETES SEXTAVADOS 1\/4&#8243;"},"content":{"rendered":"","protected":false},"excerpt":{"rendered":"<p><strong>C\u00f3digo do produto:<\/strong> 0699940041<\/p>\n<p><strong>C\u00f3digo de barras:<\/strong> 7908276680168<\/p>\n<p>&nbsp;<\/p>\n<p>&nbsp;<\/p>\n<p><strong>Composi\u00e7\u00e3o<\/strong><\/p>\n<p><strong>24 Soquetes Bits:<\/strong><br \/>\nHEX: 3 &#8211; 4 &#8211; 5 &#8211; 6 &#8211; 7 &#8211; 8 &#8211; 10.<br \/>\nSL: 4 &#8211; 5,5 &#8211; 6,5.<br \/>\nPZ: 1 &#8211; 2 &#8211; 3.<br \/>\nPH: 1 &#8211; 2 &#8211; 3.<br \/>\nT: 8, 10, 15, 20, 25, 27, 30 e 40.<br \/>\n<strong>13 Soquetes 1\/4\u201d:<\/strong> 4mm, 4.5mm, 5mm, 5.5mm, 6mm, 7mm, 8mm, 9mm, 10mm, 11mm, 12mm, 13mm e 14mm .<br \/>\n<strong>6 Soquetes:<\/strong> E4, E5, E6, E7, E8 e E10.<br \/>\n<strong>4 Soquetes Longos:<\/strong> 6mm, 7mm, 8mm e 10mm.<br \/>\n<strong>5 Chaves Hexagonais:<\/strong> 1 &#8211; 1,5 &#8211; 2 &#8211; 2,5 &#8211; 3.<br \/>\n<strong>1 Adaptador.<\/strong><br \/>\n<strong>1 Extens\u00e3o:<\/strong> 1\/4\u201d x 2\u201d.<br \/>\n<strong>1 Barra Extensora:<\/strong> 1\/4\u201d x 4\u201d.<br \/>\n<strong>1 Chave Catraca.<\/strong><br \/>\n<strong>1 Junta Universal:<\/strong> 6\u201d.<\/p>\n<p>&nbsp;<\/p>\n<p><strong>Especifica\u00e7\u00f5es T\u00e9cnicas<\/strong><br \/>\n\u2022 Peso aproximado: 1,46 kg<br \/>\n\u2022 Dimens\u00f5es: 15,5 \u00d7 25,5 \u00d7 6 cm<\/p>\n<p>&nbsp;<\/p>\n<p><strong>Vantagens<\/strong><br \/>\n\u2022 Alta resist\u00eancia e longa vida \u00fatil.<br \/>\n\u2022 Troca r\u00e1pida entre soquetes e bits.<br \/>\n\u2022 Cabo ergon\u00f4mico que garante conforto no uso.<br \/>\n\u2022 Organiza\u00e7\u00e3o pr\u00e1tica com maleta resistente.<br \/>\n\u2022 Qualidade profissional para uso intensivo.<\/p>\n<p>&nbsp;<\/p>\n<p><strong>Caracter\u00edsticas<\/strong><br \/>\n\u2022 Kit completo com 57 pe\u00e7as, incluindo catraca 1\/4&#8243;, soquetes, extens\u00f5es, bits e acess\u00f3rios.<br \/>\n\u2022 Ferramentas fabricadas em a\u00e7o cromo-van\u00e1dio (CrV).<br \/>\n\u2022 Catraca profissional com 72 dentes.<br \/>\n\u2022 Acabamento cromado fosco com prote\u00e7\u00e3o anticorrosiva para maior durabilidade.<br \/>\n\u2022 Estojo organizador resistente a impactos, com travas met\u00e1licas e divis\u00f3rias que facilitam a identifica\u00e7\u00e3o r\u00e1pida das pe\u00e7as.<\/p>\n<p>&nbsp;<\/p>\n<p><strong>Aplica\u00e7\u00e3o<\/strong><br \/>\nIdeal para servi\u00e7os automotivos, manuten\u00e7\u00e3o mec\u00e2nica e reparos dom\u00e9sticos em geral.<\/p>\n<p>&nbsp;<\/p>\n<p>&nbsp;<\/p>\n[button size=\"small\" icon=\"\" target=\"_blank\" text_align=\"left\" text=\"Informativo\" link=\"http:\/\/www.sigmatools.com.br\/site\/arquivos\/informativos\/SGT-KIT57%20-%20JOGO%20DE%20SOQUETES%20SEXTAVADOS%201%204%20-%20INFO.pdf\" color=\"#ffffff\" hover_color=\"#ffffff\" background_color=\"#353535\" hover_background_color=\"#dd3333\" border_color=\"#353535\" hover_border_color=\"#dd3333\"]","protected":false},"featured_media":11690,"comment_status":"open","ping_status":"closed","template":"","meta":{"_jet_sm_ready_style":"","_jet_sm_style":"","_jet_sm_controls_values":"","_jet_sm_fonts_collection":"","_jet_sm_fonts_links":""},"product_brand":[],"product_cat":[218,110,60,101,15],"product_tag":[],"class_list":{"0":"post-11689","1":"product","2":"type-product","3":"status-publish","4":"has-post-thumbnail","6":"product_cat-destaque","7":"product_cat-ferramentas","8":"product_cat-catalogo-geral","9":"product_cat-automotivo","10":"product_cat-sigma-tools","12":"first","13":"instock","14":"shipping-taxable","15":"product-type-simple"},"yoast_head":"<!-- This site is optimized with the Yoast SEO plugin v27.1.1 - https:\/\/yoast.com\/product\/yoast-seo-wordpress\/ -->\n<title>SGT-KIT57 - JOGO DE SOQUETES SEXTAVADOS 1\/4&quot; - Sigma Tools<\/title>\n<meta name=\"robots\" content=\"index, follow, max-snippet:-1, max-image-preview:large, max-video-preview:-1\" \/>\n<link rel=\"canonical\" href=\"https:\/\/www.sigmatools.com.br\/site\/produto\/sgt-kit57-jogo-de-soquetes-sextavados-1-4\/\" \/>\n<meta property=\"og:locale\" content=\"pt_BR\" \/>\n<meta property=\"og:type\" content=\"article\" \/>\n<meta property=\"og:title\" content=\"SGT-KIT57 - JOGO DE SOQUETES SEXTAVADOS 1\/4&quot; - Sigma Tools\" \/>\n<meta property=\"og:description\" content=\"C\u00f3digo do produto: 0699940041  C\u00f3digo de barras: 7908276680168  &nbsp;  &nbsp;  Composi\u00e7\u00e3o  24 Soquetes Bits: HEX: 3 - 4 - 5 - 6 - 7 - 8 - 10. SL: 4 - 5,5 - 6,5. PZ: 1 - 2 - 3. PH: 1 - 2 - 3. T: 8, 10, 15, 20, 25, 27, 30 e 40. 13 Soquetes 1\/4\u201d: 4mm, 4.5mm, 5mm, 5.5mm, 6mm, 7mm, 8mm, 9mm, 10mm, 11mm, 12mm, 13mm e 14mm . 6 Soquetes: E4, E5, E6, E7, E8 e E10. 4 Soquetes Longos: 6mm, 7mm, 8mm e 10mm. 5 Chaves Hexagonais: 1 - 1,5 - 2 - 2,5 - 3. 1 Adaptador. 1 Extens\u00e3o: 1\/4\u201d x 2\u201d. 1 Barra Extensora: 1\/4\u201d x 4\u201d. 1 Chave Catraca. 1 Junta Universal: 6\u201d.  &nbsp;  Especifica\u00e7\u00f5es T\u00e9cnicas \u2022 Peso aproximado: 1,46 kg \u2022 Dimens\u00f5es: 15,5 \u00d7 25,5 \u00d7 6 cm  &nbsp;  Vantagens \u2022 Alta resist\u00eancia e longa vida \u00fatil. \u2022 Troca r\u00e1pida entre soquetes e bits. \u2022 Cabo ergon\u00f4mico que garante conforto no uso. \u2022 Organiza\u00e7\u00e3o pr\u00e1tica com maleta resistente. \u2022 Qualidade profissional para uso intensivo.  &nbsp;  Caracter\u00edsticas \u2022 Kit completo com 57 pe\u00e7as, incluindo catraca 1\/4&quot;, soquetes, extens\u00f5es, bits e acess\u00f3rios. \u2022 Ferramentas fabricadas em a\u00e7o cromo-van\u00e1dio (CrV). \u2022 Catraca profissional com 72 dentes. \u2022 Acabamento cromado fosco com prote\u00e7\u00e3o anticorrosiva para maior durabilidade. \u2022 Estojo organizador resistente a impactos, com travas met\u00e1licas e divis\u00f3rias que facilitam a identifica\u00e7\u00e3o r\u00e1pida das pe\u00e7as.  &nbsp;  Aplica\u00e7\u00e3o Ideal para servi\u00e7os automotivos, manuten\u00e7\u00e3o mec\u00e2nica e reparos dom\u00e9sticos em geral.  &nbsp;  &nbsp;\" \/>\n<meta property=\"og:url\" content=\"https:\/\/www.sigmatools.com.br\/site\/produto\/sgt-kit57-jogo-de-soquetes-sextavados-1-4\/\" \/>\n<meta property=\"og:site_name\" content=\"Sigma Tools\" \/>\n<meta property=\"article:publisher\" content=\"https:\/\/www.facebook.com\/sigmatools\" \/>\n<meta property=\"article:modified_time\" content=\"2025-09-16T20:02:55+00:00\" \/>\n<meta property=\"og:image\" content=\"https:\/\/www.sigmatools.com.br\/site\/wp-content\/uploads\/2025\/09\/1-1.jpg\" \/>\n\t<meta property=\"og:image:width\" content=\"1000\" \/>\n\t<meta property=\"og:image:height\" content=\"1000\" \/>\n\t<meta property=\"og:image:type\" content=\"image\/jpeg\" \/>\n<meta name=\"twitter:card\" content=\"summary_large_image\" \/>\n<meta name=\"twitter:label1\" content=\"Est. tempo de leitura\" \/>\n\t<meta name=\"twitter:data1\" content=\"1 minuto\" \/>\n<script type=\"application\/ld+json\" class=\"yoast-schema-graph\">{\"@context\":\"https:\/\/schema.org\",\"@graph\":[{\"@type\":\"WebPage\",\"@id\":\"https:\/\/www.sigmatools.com.br\/site\/produto\/sgt-kit57-jogo-de-soquetes-sextavados-1-4\/\",\"url\":\"https:\/\/www.sigmatools.com.br\/site\/produto\/sgt-kit57-jogo-de-soquetes-sextavados-1-4\/\",\"name\":\"SGT-KIT57 - JOGO DE SOQUETES SEXTAVADOS 1\/4\\\" - Sigma Tools\",\"isPartOf\":{\"@id\":\"https:\/\/www.sigmatools.com.br\/site\/#website\"},\"primaryImageOfPage\":{\"@id\":\"https:\/\/www.sigmatools.com.br\/site\/produto\/sgt-kit57-jogo-de-soquetes-sextavados-1-4\/#primaryimage\"},\"image\":{\"@id\":\"https:\/\/www.sigmatools.com.br\/site\/produto\/sgt-kit57-jogo-de-soquetes-sextavados-1-4\/#primaryimage\"},\"thumbnailUrl\":\"https:\/\/www.sigmatools.com.br\/site\/wp-content\/uploads\/2025\/09\/1-1.jpg\",\"datePublished\":\"2025-09-16T19:20:12+00:00\",\"dateModified\":\"2025-09-16T20:02:55+00:00\",\"breadcrumb\":{\"@id\":\"https:\/\/www.sigmatools.com.br\/site\/produto\/sgt-kit57-jogo-de-soquetes-sextavados-1-4\/#breadcrumb\"},\"inLanguage\":\"pt-BR\",\"potentialAction\":[{\"@type\":\"ReadAction\",\"target\":[\"https:\/\/www.sigmatools.com.br\/site\/produto\/sgt-kit57-jogo-de-soquetes-sextavados-1-4\/\"]}]},{\"@type\":\"ImageObject\",\"inLanguage\":\"pt-BR\",\"@id\":\"https:\/\/www.sigmatools.com.br\/site\/produto\/sgt-kit57-jogo-de-soquetes-sextavados-1-4\/#primaryimage\",\"url\":\"https:\/\/www.sigmatools.com.br\/site\/wp-content\/uploads\/2025\/09\/1-1.jpg\",\"contentUrl\":\"https:\/\/www.sigmatools.com.br\/site\/wp-content\/uploads\/2025\/09\/1-1.jpg\",\"width\":1000,\"height\":1000},{\"@type\":\"BreadcrumbList\",\"@id\":\"https:\/\/www.sigmatools.com.br\/site\/produto\/sgt-kit57-jogo-de-soquetes-sextavados-1-4\/#breadcrumb\",\"itemListElement\":[{\"@type\":\"ListItem\",\"position\":1,\"name\":\"In\u00edcio\",\"item\":\"https:\/\/www.sigmatools.com.br\/site\/\"},{\"@type\":\"ListItem\",\"position\":2,\"name\":\"SGT-KIT57 &#8211; JOGO DE SOQUETES SEXTAVADOS 1\/4&#8243;\"}]},{\"@type\":\"WebSite\",\"@id\":\"https:\/\/www.sigmatools.com.br\/site\/#website\",\"url\":\"https:\/\/www.sigmatools.com.br\/site\/\",\"name\":\"Sigma Tools\",\"description\":\"Equipamentos para Est\u00e9tica Automotiva e Oficina Mec\u00e2nica - Sigma Tools\",\"publisher\":{\"@id\":\"https:\/\/www.sigmatools.com.br\/site\/#organization\"},\"potentialAction\":[{\"@type\":\"SearchAction\",\"target\":{\"@type\":\"EntryPoint\",\"urlTemplate\":\"https:\/\/www.sigmatools.com.br\/site\/?s={search_term_string}\"},\"query-input\":{\"@type\":\"PropertyValueSpecification\",\"valueRequired\":true,\"valueName\":\"search_term_string\"}}],\"inLanguage\":\"pt-BR\"},{\"@type\":\"Organization\",\"@id\":\"https:\/\/www.sigmatools.com.br\/site\/#organization\",\"name\":\"SIGMA TOOLS\",\"url\":\"https:\/\/www.sigmatools.com.br\/site\/\",\"logo\":{\"@type\":\"ImageObject\",\"inLanguage\":\"pt-BR\",\"@id\":\"https:\/\/www.sigmatools.com.br\/site\/#\/schema\/logo\/image\/\",\"url\":\"https:\/\/www.sigmatools.com.br\/site\/wp-content\/uploads\/2020\/01\/logo-sigma.png\",\"contentUrl\":\"https:\/\/www.sigmatools.com.br\/site\/wp-content\/uploads\/2020\/01\/logo-sigma.png\",\"width\":152,\"height\":150,\"caption\":\"SIGMA TOOLS\"},\"image\":{\"@id\":\"https:\/\/www.sigmatools.com.br\/site\/#\/schema\/logo\/image\/\"},\"sameAs\":[\"https:\/\/www.facebook.com\/sigmatools\"]}]}<\/script>\n<!-- \/ Yoast SEO plugin. -->","yoast_head_json":{"title":"SGT-KIT57 - JOGO DE SOQUETES SEXTAVADOS 1\/4\" - Sigma Tools","robots":{"index":"index","follow":"follow","max-snippet":"max-snippet:-1","max-image-preview":"max-image-preview:large","max-video-preview":"max-video-preview:-1"},"canonical":"https:\/\/www.sigmatools.com.br\/site\/produto\/sgt-kit57-jogo-de-soquetes-sextavados-1-4\/","og_locale":"pt_BR","og_type":"article","og_title":"SGT-KIT57 - JOGO DE SOQUETES SEXTAVADOS 1\/4\" - Sigma Tools","og_description":"C\u00f3digo do produto: 0699940041  C\u00f3digo de barras: 7908276680168  &nbsp;  &nbsp;  Composi\u00e7\u00e3o  24 Soquetes Bits: HEX: 3 - 4 - 5 - 6 - 7 - 8 - 10. SL: 4 - 5,5 - 6,5. PZ: 1 - 2 - 3. PH: 1 - 2 - 3. T: 8, 10, 15, 20, 25, 27, 30 e 40. 13 Soquetes 1\/4\u201d: 4mm, 4.5mm, 5mm, 5.5mm, 6mm, 7mm, 8mm, 9mm, 10mm, 11mm, 12mm, 13mm e 14mm . 6 Soquetes: E4, E5, E6, E7, E8 e E10. 4 Soquetes Longos: 6mm, 7mm, 8mm e 10mm. 5 Chaves Hexagonais: 1 - 1,5 - 2 - 2,5 - 3. 1 Adaptador. 1 Extens\u00e3o: 1\/4\u201d x 2\u201d. 1 Barra Extensora: 1\/4\u201d x 4\u201d. 1 Chave Catraca. 1 Junta Universal: 6\u201d.  &nbsp;  Especifica\u00e7\u00f5es T\u00e9cnicas \u2022 Peso aproximado: 1,46 kg \u2022 Dimens\u00f5es: 15,5 \u00d7 25,5 \u00d7 6 cm  &nbsp;  Vantagens \u2022 Alta resist\u00eancia e longa vida \u00fatil. \u2022 Troca r\u00e1pida entre soquetes e bits. \u2022 Cabo ergon\u00f4mico que garante conforto no uso. \u2022 Organiza\u00e7\u00e3o pr\u00e1tica com maleta resistente. \u2022 Qualidade profissional para uso intensivo.  &nbsp;  Caracter\u00edsticas \u2022 Kit completo com 57 pe\u00e7as, incluindo catraca 1\/4\", soquetes, extens\u00f5es, bits e acess\u00f3rios. \u2022 Ferramentas fabricadas em a\u00e7o cromo-van\u00e1dio (CrV). \u2022 Catraca profissional com 72 dentes. \u2022 Acabamento cromado fosco com prote\u00e7\u00e3o anticorrosiva para maior durabilidade. \u2022 Estojo organizador resistente a impactos, com travas met\u00e1licas e divis\u00f3rias que facilitam a identifica\u00e7\u00e3o r\u00e1pida das pe\u00e7as.  &nbsp;  Aplica\u00e7\u00e3o Ideal para servi\u00e7os automotivos, manuten\u00e7\u00e3o mec\u00e2nica e reparos dom\u00e9sticos em geral.  &nbsp;  &nbsp;","og_url":"https:\/\/www.sigmatools.com.br\/site\/produto\/sgt-kit57-jogo-de-soquetes-sextavados-1-4\/","og_site_name":"Sigma Tools","article_publisher":"https:\/\/www.facebook.com\/sigmatools","article_modified_time":"2025-09-16T20:02:55+00:00","og_image":[{"width":1000,"height":1000,"url":"https:\/\/www.sigmatools.com.br\/site\/wp-content\/uploads\/2025\/09\/1-1.jpg","type":"image\/jpeg"}],"twitter_card":"summary_large_image","twitter_misc":{"Est. tempo de leitura":"1 minuto"},"schema":{"@context":"https:\/\/schema.org","@graph":[{"@type":"WebPage","@id":"https:\/\/www.sigmatools.com.br\/site\/produto\/sgt-kit57-jogo-de-soquetes-sextavados-1-4\/","url":"https:\/\/www.sigmatools.com.br\/site\/produto\/sgt-kit57-jogo-de-soquetes-sextavados-1-4\/","name":"SGT-KIT57 - JOGO DE SOQUETES SEXTAVADOS 1\/4\" - Sigma Tools","isPartOf":{"@id":"https:\/\/www.sigmatools.com.br\/site\/#website"},"primaryImageOfPage":{"@id":"https:\/\/www.sigmatools.com.br\/site\/produto\/sgt-kit57-jogo-de-soquetes-sextavados-1-4\/#primaryimage"},"image":{"@id":"https:\/\/www.sigmatools.com.br\/site\/produto\/sgt-kit57-jogo-de-soquetes-sextavados-1-4\/#primaryimage"},"thumbnailUrl":"https:\/\/www.sigmatools.com.br\/site\/wp-content\/uploads\/2025\/09\/1-1.jpg","datePublished":"2025-09-16T19:20:12+00:00","dateModified":"2025-09-16T20:02:55+00:00","breadcrumb":{"@id":"https:\/\/www.sigmatools.com.br\/site\/produto\/sgt-kit57-jogo-de-soquetes-sextavados-1-4\/#breadcrumb"},"inLanguage":"pt-BR","potentialAction":[{"@type":"ReadAction","target":["https:\/\/www.sigmatools.com.br\/site\/produto\/sgt-kit57-jogo-de-soquetes-sextavados-1-4\/"]}]},{"@type":"ImageObject","inLanguage":"pt-BR","@id":"https:\/\/www.sigmatools.com.br\/site\/produto\/sgt-kit57-jogo-de-soquetes-sextavados-1-4\/#primaryimage","url":"https:\/\/www.sigmatools.com.br\/site\/wp-content\/uploads\/2025\/09\/1-1.jpg","contentUrl":"https:\/\/www.sigmatools.com.br\/site\/wp-content\/uploads\/2025\/09\/1-1.jpg","width":1000,"height":1000},{"@type":"BreadcrumbList","@id":"https:\/\/www.sigmatools.com.br\/site\/produto\/sgt-kit57-jogo-de-soquetes-sextavados-1-4\/#breadcrumb","itemListElement":[{"@type":"ListItem","position":1,"name":"In\u00edcio","item":"https:\/\/www.sigmatools.com.br\/site\/"},{"@type":"ListItem","position":2,"name":"SGT-KIT57 &#8211; JOGO DE SOQUETES SEXTAVADOS 1\/4&#8243;"}]},{"@type":"WebSite","@id":"https:\/\/www.sigmatools.com.br\/site\/#website","url":"https:\/\/www.sigmatools.com.br\/site\/","name":"Sigma Tools","description":"Equipamentos para Est\u00e9tica Automotiva e Oficina Mec\u00e2nica - Sigma Tools","publisher":{"@id":"https:\/\/www.sigmatools.com.br\/site\/#organization"},"potentialAction":[{"@type":"SearchAction","target":{"@type":"EntryPoint","urlTemplate":"https:\/\/www.sigmatools.com.br\/site\/?s={search_term_string}"},"query-input":{"@type":"PropertyValueSpecification","valueRequired":true,"valueName":"search_term_string"}}],"inLanguage":"pt-BR"},{"@type":"Organization","@id":"https:\/\/www.sigmatools.com.br\/site\/#organization","name":"SIGMA TOOLS","url":"https:\/\/www.sigmatools.com.br\/site\/","logo":{"@type":"ImageObject","inLanguage":"pt-BR","@id":"https:\/\/www.sigmatools.com.br\/site\/#\/schema\/logo\/image\/","url":"https:\/\/www.sigmatools.com.br\/site\/wp-content\/uploads\/2020\/01\/logo-sigma.png","contentUrl":"https:\/\/www.sigmatools.com.br\/site\/wp-content\/uploads\/2020\/01\/logo-sigma.png","width":152,"height":150,"caption":"SIGMA TOOLS"},"image":{"@id":"https:\/\/www.sigmatools.com.br\/site\/#\/schema\/logo\/image\/"},"sameAs":["https:\/\/www.facebook.com\/sigmatools"]}]}},"_links":{"self":[{"href":"https:\/\/www.sigmatools.com.br\/site\/wp-json\/wp\/v2\/product\/11689","targetHints":{"allow":["GET"]}}],"collection":[{"href":"https:\/\/www.sigmatools.com.br\/site\/wp-json\/wp\/v2\/product"}],"about":[{"href":"https:\/\/www.sigmatools.com.br\/site\/wp-json\/wp\/v2\/types\/product"}],"replies":[{"embeddable":true,"href":"https:\/\/www.sigmatools.com.br\/site\/wp-json\/wp\/v2\/comments?post=11689"}],"wp:featuredmedia":[{"embeddable":true,"href":"https:\/\/www.sigmatools.com.br\/site\/wp-json\/wp\/v2\/media\/11690"}],"wp:attachment":[{"href":"https:\/\/www.sigmatools.com.br\/site\/wp-json\/wp\/v2\/media?parent=11689"}],"wp:term":[{"taxonomy":"product_brand","embeddable":true,"href":"https:\/\/www.sigmatools.com.br\/site\/wp-json\/wp\/v2\/product_brand?post=11689"},{"taxonomy":"product_cat","embeddable":true,"href":"https:\/\/www.sigmatools.com.br\/site\/wp-json\/wp\/v2\/product_cat?post=11689"},{"taxonomy":"product_tag","embeddable":true,"href":"https:\/\/www.sigmatools.com.br\/site\/wp-json\/wp\/v2\/product_tag?post=11689"}],"curies":[{"name":"wp","href":"https:\/\/api.w.org\/{rel}","templated":true}]}}