{"id":11725,"date":"2025-09-19T16:35:55","date_gmt":"2025-09-19T19:35:55","guid":{"rendered":"https:\/\/www.sigmatools.com.br\/site\/?post_type=product&#038;p=11725"},"modified":"2025-10-07T16:05:20","modified_gmt":"2025-10-07T19:05:20","slug":"pulverizador-costal-manual-20-litros","status":"publish","type":"product","link":"https:\/\/www.sigmatools.com.br\/site\/produto\/pulverizador-costal-manual-20-litros\/","title":{"rendered":"PULVERIZADOR COSTAL MANUAL &#8211; 20 LITROS"},"content":{"rendered":"<p>[vc_row css_animation=&#8221;&#8221; row_type=&#8221;row&#8221; use_row_as_full_screen_section=&#8221;no&#8221; type=&#8221;full_width&#8221; angled_section=&#8221;no&#8221; text_align=&#8221;left&#8221; background_image_as_pattern=&#8221;without_pattern&#8221;][vc_column][\/vc_column][\/vc_row]<\/p>","protected":false},"excerpt":{"rendered":"<p><strong>C\u00f3digo do Produto<\/strong>: 1702012000<\/p>\n<p><strong>C\u00f3digo de Barras<\/strong>: 7908276680199<\/p>\n<iframe title=\"YouTube video player\" src=\"https:\/\/www.youtube.com\/embed\/PvZfJfpbWm8?si=_0XxIEc98xtuO0UW\" width=\"560\" height=\"315\" frameborder=\"0\" allowfullscreen=\"allowfullscreen\"><\/iframe>\n<iframe title=\"YouTube video player\" src=\"https:\/\/www.youtube.com\/embed\/ezU8ihZz-f4?si=OQM9modN-812sCBU\" width=\"315\" height=\"560\" frameborder=\"0\" allowfullscreen=\"allowfullscreen\"><span data-mce-type=\"bookmark\" style=\"display: inline-block; width: 0px; overflow: hidden; line-height: 0;\" class=\"mce_SELRES_start\">\ufeff<\/span><\/iframe>\n<p><strong>Caracter\u00edsticas<\/strong><br \/>\n\u2022 Fabricado em pl\u00e1stico resistente de alta qualidade;<br \/>\n\u2022 Capacidade de 20 litros, permitindo longas sess\u00f5es de trabalho sem a necessidade de reabastecimento<br \/>\nfrequente;<br \/>\n\u2022 Estrutura ergon\u00f4mica costal, que distribui o peso uniformemente, garantindo maior conforto.<br \/>\n\u2022 Equipado com 3 bicos intercambi\u00e1veis para diferentes aplica\u00e7\u00f5es:<br \/>\n&#8211; Leque &#8211; pulveriza\u00e7\u00e3o uniforme<br \/>\n&#8211; Cone &#8211; aplica\u00e7\u00f5es direcionadas<br \/>\n&#8211; Ducha &#8211; \u00e1reas densas<br \/>\n\u2022 Base e alavanca refor\u00e7adas para maior durabilidade;<br \/>\n\u2022 Mangueira flex\u00edvel que facilita a opera\u00e7\u00e3o em diferentes \u00e2ngulos;<br \/>\n\u2022 Pressuriza\u00e7\u00e3o manual eficiente para pulveriza\u00e7\u00e3o cont\u00ednua.<\/p>\n<p>&nbsp;<\/p>\n<p><strong>Vantagens<\/strong><br \/>\n\u2022 Bicos intercambi\u00e1veis que se adaptam a diferentes necessidades;<br \/>\n\u2022 Reduz o cansa\u00e7o em opera\u00e7\u00f5es prolongadas;<br \/>\n\u2022 Maior autonomia de trabalho devido \u00e0 capacidade de 20L;<br \/>\n\u2022 Pulveriza\u00e7\u00e3o uniforme e regul\u00e1vel conforme a necessidade.<br \/>\n\u2022 Bicos intercambi\u00e1veis que se adaptam a diferentes necessidades;<br \/>\n\u2022 Reduz o cansa\u00e7o em opera\u00e7\u00f5es prolongadas;<br \/>\n\u2022 Maior autonomia de trabalho devido \u00e0 capacidade de 20L;<br \/>\n\u2022 Pulveriza\u00e7\u00e3o uniforme e regul\u00e1vel conforme a necessidade.<\/p>\n<p>&nbsp;<\/p>\n<p><strong>Aplica\u00e7\u00e3o<\/strong><br \/>\nIdeal para pulveriza\u00e7\u00e3o de produtos qu\u00edmicos em s\u00edtios, fazendas, condom\u00ednios, entre outros.<\/p>\n<p>&nbsp;<\/p>\n<p><strong>Especifica\u00e7\u00f5es<\/strong><br \/>\n\u2022 Peso aproximado &#8211; 2,400 kg;<br \/>\n\u2022 Dimens\u00f5es (C x L x A) &#8211; 465 x 170 x 570 mm.<\/p>\n<p>&nbsp;<\/p>\n<p>&nbsp;<\/p>\n<p>&nbsp;<\/p>\n[button size=\"small\" icon=\"\" target=\"_blank\" text_align=\"left\" text=\"Informativo\" link=\"http:\/\/www.sigmatools.com.br\/site\/arquivos\/informativos\/PULVERIZADOR%20COSTAL%20MANUAL%20-%2020%20LITROS.pdf\" color=\"#ffffff\" hover_color=\"#ffffff\" background_color=\"#353535\" hover_background_color=\"#dd3333\" border_color=\"#353535\" hover_border_color=\"#dd3333\"]","protected":false},"featured_media":11727,"comment_status":"open","ping_status":"closed","template":"","meta":{"_jet_sm_ready_style":"","_jet_sm_style":"","_jet_sm_controls_values":"","_jet_sm_fonts_collection":"","_jet_sm_fonts_links":""},"product_brand":[],"product_cat":[218,110,60,92,15],"product_tag":[],"class_list":{"0":"post-11725","1":"product","2":"type-product","3":"status-publish","4":"has-post-thumbnail","6":"product_cat-destaque","7":"product_cat-ferramentas","8":"product_cat-catalogo-geral","9":"product_cat-lavagem-e-higienizacao","10":"product_cat-sigma-tools","12":"first","13":"instock","14":"featured","15":"shipping-taxable","16":"product-type-simple"},"yoast_head":"<!-- This site is optimized with the Yoast SEO plugin v27.1.1 - https:\/\/yoast.com\/product\/yoast-seo-wordpress\/ -->\n<title>PULVERIZADOR COSTAL MANUAL - 20 LITROS - Sigma Tools<\/title>\n<meta name=\"robots\" content=\"index, follow, max-snippet:-1, max-image-preview:large, max-video-preview:-1\" \/>\n<link rel=\"canonical\" href=\"https:\/\/www.sigmatools.com.br\/site\/produto\/pulverizador-costal-manual-20-litros\/\" \/>\n<meta property=\"og:locale\" content=\"pt_BR\" \/>\n<meta property=\"og:type\" content=\"article\" \/>\n<meta property=\"og:title\" content=\"PULVERIZADOR COSTAL MANUAL - 20 LITROS - Sigma Tools\" \/>\n<meta property=\"og:description\" content=\"C\u00f3digo do Produto: 1702012000  C\u00f3digo de Barras: 7908276680199    \ufeff  Caracter\u00edsticas \u2022 Fabricado em pl\u00e1stico resistente de alta qualidade; \u2022 Capacidade de 20 litros, permitindo longas sess\u00f5es de trabalho sem a necessidade de reabastecimento frequente; \u2022 Estrutura ergon\u00f4mica costal, que distribui o peso uniformemente, garantindo maior conforto. \u2022 Equipado com 3 bicos intercambi\u00e1veis para diferentes aplica\u00e7\u00f5es: - Leque - pulveriza\u00e7\u00e3o uniforme - Cone - aplica\u00e7\u00f5es direcionadas - Ducha - \u00e1reas densas \u2022 Base e alavanca refor\u00e7adas para maior durabilidade; \u2022 Mangueira flex\u00edvel que facilita a opera\u00e7\u00e3o em diferentes \u00e2ngulos; \u2022 Pressuriza\u00e7\u00e3o manual eficiente para pulveriza\u00e7\u00e3o cont\u00ednua.  &nbsp;  Vantagens \u2022 Bicos intercambi\u00e1veis que se adaptam a diferentes necessidades; \u2022 Reduz o cansa\u00e7o em opera\u00e7\u00f5es prolongadas; \u2022 Maior autonomia de trabalho devido \u00e0 capacidade de 20L; \u2022 Pulveriza\u00e7\u00e3o uniforme e regul\u00e1vel conforme a necessidade. \u2022 Bicos intercambi\u00e1veis que se adaptam a diferentes necessidades; \u2022 Reduz o cansa\u00e7o em opera\u00e7\u00f5es prolongadas; \u2022 Maior autonomia de trabalho devido \u00e0 capacidade de 20L; \u2022 Pulveriza\u00e7\u00e3o uniforme e regul\u00e1vel conforme a necessidade.  &nbsp;  Aplica\u00e7\u00e3o Ideal para pulveriza\u00e7\u00e3o de produtos qu\u00edmicos em s\u00edtios, fazendas, condom\u00ednios, entre outros.  &nbsp;  Especifica\u00e7\u00f5es \u2022 Peso aproximado - 2,400 kg; \u2022 Dimens\u00f5es (C x L x A) - 465 x 170 x 570 mm.  &nbsp;  &nbsp;  &nbsp;\" \/>\n<meta property=\"og:url\" content=\"https:\/\/www.sigmatools.com.br\/site\/produto\/pulverizador-costal-manual-20-litros\/\" \/>\n<meta property=\"og:site_name\" content=\"Sigma Tools\" \/>\n<meta property=\"article:publisher\" content=\"https:\/\/www.facebook.com\/sigmatools\" \/>\n<meta property=\"article:modified_time\" content=\"2025-10-07T19:05:20+00:00\" \/>\n<meta property=\"og:image\" content=\"https:\/\/www.sigmatools.com.br\/site\/wp-content\/uploads\/2025\/09\/1-5.jpg\" \/>\n\t<meta property=\"og:image:width\" content=\"1000\" \/>\n\t<meta property=\"og:image:height\" content=\"1000\" \/>\n\t<meta property=\"og:image:type\" content=\"image\/jpeg\" \/>\n<meta name=\"twitter:card\" content=\"summary_large_image\" \/>\n<meta name=\"twitter:label1\" content=\"Est. tempo de leitura\" \/>\n\t<meta name=\"twitter:data1\" content=\"1 minuto\" \/>\n<script type=\"application\/ld+json\" class=\"yoast-schema-graph\">{\"@context\":\"https:\/\/schema.org\",\"@graph\":[{\"@type\":\"WebPage\",\"@id\":\"https:\/\/www.sigmatools.com.br\/site\/produto\/pulverizador-costal-manual-20-litros\/\",\"url\":\"https:\/\/www.sigmatools.com.br\/site\/produto\/pulverizador-costal-manual-20-litros\/\",\"name\":\"PULVERIZADOR COSTAL MANUAL - 20 LITROS - Sigma Tools\",\"isPartOf\":{\"@id\":\"https:\/\/www.sigmatools.com.br\/site\/#website\"},\"primaryImageOfPage\":{\"@id\":\"https:\/\/www.sigmatools.com.br\/site\/produto\/pulverizador-costal-manual-20-litros\/#primaryimage\"},\"image\":{\"@id\":\"https:\/\/www.sigmatools.com.br\/site\/produto\/pulverizador-costal-manual-20-litros\/#primaryimage\"},\"thumbnailUrl\":\"https:\/\/www.sigmatools.com.br\/site\/wp-content\/uploads\/2025\/09\/1-5.jpg\",\"datePublished\":\"2025-09-19T19:35:55+00:00\",\"dateModified\":\"2025-10-07T19:05:20+00:00\",\"breadcrumb\":{\"@id\":\"https:\/\/www.sigmatools.com.br\/site\/produto\/pulverizador-costal-manual-20-litros\/#breadcrumb\"},\"inLanguage\":\"pt-BR\",\"potentialAction\":[{\"@type\":\"ReadAction\",\"target\":[\"https:\/\/www.sigmatools.com.br\/site\/produto\/pulverizador-costal-manual-20-litros\/\"]}]},{\"@type\":\"ImageObject\",\"inLanguage\":\"pt-BR\",\"@id\":\"https:\/\/www.sigmatools.com.br\/site\/produto\/pulverizador-costal-manual-20-litros\/#primaryimage\",\"url\":\"https:\/\/www.sigmatools.com.br\/site\/wp-content\/uploads\/2025\/09\/1-5.jpg\",\"contentUrl\":\"https:\/\/www.sigmatools.com.br\/site\/wp-content\/uploads\/2025\/09\/1-5.jpg\",\"width\":1000,\"height\":1000},{\"@type\":\"BreadcrumbList\",\"@id\":\"https:\/\/www.sigmatools.com.br\/site\/produto\/pulverizador-costal-manual-20-litros\/#breadcrumb\",\"itemListElement\":[{\"@type\":\"ListItem\",\"position\":1,\"name\":\"In\u00edcio\",\"item\":\"https:\/\/www.sigmatools.com.br\/site\/\"},{\"@type\":\"ListItem\",\"position\":2,\"name\":\"PULVERIZADOR COSTAL MANUAL &#8211; 20 LITROS\"}]},{\"@type\":\"WebSite\",\"@id\":\"https:\/\/www.sigmatools.com.br\/site\/#website\",\"url\":\"https:\/\/www.sigmatools.com.br\/site\/\",\"name\":\"Sigma Tools\",\"description\":\"Equipamentos para Est\u00e9tica Automotiva e Oficina Mec\u00e2nica - Sigma Tools\",\"publisher\":{\"@id\":\"https:\/\/www.sigmatools.com.br\/site\/#organization\"},\"potentialAction\":[{\"@type\":\"SearchAction\",\"target\":{\"@type\":\"EntryPoint\",\"urlTemplate\":\"https:\/\/www.sigmatools.com.br\/site\/?s={search_term_string}\"},\"query-input\":{\"@type\":\"PropertyValueSpecification\",\"valueRequired\":true,\"valueName\":\"search_term_string\"}}],\"inLanguage\":\"pt-BR\"},{\"@type\":\"Organization\",\"@id\":\"https:\/\/www.sigmatools.com.br\/site\/#organization\",\"name\":\"SIGMA TOOLS\",\"url\":\"https:\/\/www.sigmatools.com.br\/site\/\",\"logo\":{\"@type\":\"ImageObject\",\"inLanguage\":\"pt-BR\",\"@id\":\"https:\/\/www.sigmatools.com.br\/site\/#\/schema\/logo\/image\/\",\"url\":\"https:\/\/www.sigmatools.com.br\/site\/wp-content\/uploads\/2020\/01\/logo-sigma.png\",\"contentUrl\":\"https:\/\/www.sigmatools.com.br\/site\/wp-content\/uploads\/2020\/01\/logo-sigma.png\",\"width\":152,\"height\":150,\"caption\":\"SIGMA TOOLS\"},\"image\":{\"@id\":\"https:\/\/www.sigmatools.com.br\/site\/#\/schema\/logo\/image\/\"},\"sameAs\":[\"https:\/\/www.facebook.com\/sigmatools\"]}]}<\/script>\n<!-- \/ Yoast SEO plugin. -->","yoast_head_json":{"title":"PULVERIZADOR COSTAL MANUAL - 20 LITROS - Sigma Tools","robots":{"index":"index","follow":"follow","max-snippet":"max-snippet:-1","max-image-preview":"max-image-preview:large","max-video-preview":"max-video-preview:-1"},"canonical":"https:\/\/www.sigmatools.com.br\/site\/produto\/pulverizador-costal-manual-20-litros\/","og_locale":"pt_BR","og_type":"article","og_title":"PULVERIZADOR COSTAL MANUAL - 20 LITROS - Sigma Tools","og_description":"C\u00f3digo do Produto: 1702012000  C\u00f3digo de Barras: 7908276680199    \ufeff  Caracter\u00edsticas \u2022 Fabricado em pl\u00e1stico resistente de alta qualidade; \u2022 Capacidade de 20 litros, permitindo longas sess\u00f5es de trabalho sem a necessidade de reabastecimento frequente; \u2022 Estrutura ergon\u00f4mica costal, que distribui o peso uniformemente, garantindo maior conforto. \u2022 Equipado com 3 bicos intercambi\u00e1veis para diferentes aplica\u00e7\u00f5es: - Leque - pulveriza\u00e7\u00e3o uniforme - Cone - aplica\u00e7\u00f5es direcionadas - Ducha - \u00e1reas densas \u2022 Base e alavanca refor\u00e7adas para maior durabilidade; \u2022 Mangueira flex\u00edvel que facilita a opera\u00e7\u00e3o em diferentes \u00e2ngulos; \u2022 Pressuriza\u00e7\u00e3o manual eficiente para pulveriza\u00e7\u00e3o cont\u00ednua.  &nbsp;  Vantagens \u2022 Bicos intercambi\u00e1veis que se adaptam a diferentes necessidades; \u2022 Reduz o cansa\u00e7o em opera\u00e7\u00f5es prolongadas; \u2022 Maior autonomia de trabalho devido \u00e0 capacidade de 20L; \u2022 Pulveriza\u00e7\u00e3o uniforme e regul\u00e1vel conforme a necessidade. \u2022 Bicos intercambi\u00e1veis que se adaptam a diferentes necessidades; \u2022 Reduz o cansa\u00e7o em opera\u00e7\u00f5es prolongadas; \u2022 Maior autonomia de trabalho devido \u00e0 capacidade de 20L; \u2022 Pulveriza\u00e7\u00e3o uniforme e regul\u00e1vel conforme a necessidade.  &nbsp;  Aplica\u00e7\u00e3o Ideal para pulveriza\u00e7\u00e3o de produtos qu\u00edmicos em s\u00edtios, fazendas, condom\u00ednios, entre outros.  &nbsp;  Especifica\u00e7\u00f5es \u2022 Peso aproximado - 2,400 kg; \u2022 Dimens\u00f5es (C x L x A) - 465 x 170 x 570 mm.  &nbsp;  &nbsp;  &nbsp;","og_url":"https:\/\/www.sigmatools.com.br\/site\/produto\/pulverizador-costal-manual-20-litros\/","og_site_name":"Sigma Tools","article_publisher":"https:\/\/www.facebook.com\/sigmatools","article_modified_time":"2025-10-07T19:05:20+00:00","og_image":[{"width":1000,"height":1000,"url":"https:\/\/www.sigmatools.com.br\/site\/wp-content\/uploads\/2025\/09\/1-5.jpg","type":"image\/jpeg"}],"twitter_card":"summary_large_image","twitter_misc":{"Est. tempo de leitura":"1 minuto"},"schema":{"@context":"https:\/\/schema.org","@graph":[{"@type":"WebPage","@id":"https:\/\/www.sigmatools.com.br\/site\/produto\/pulverizador-costal-manual-20-litros\/","url":"https:\/\/www.sigmatools.com.br\/site\/produto\/pulverizador-costal-manual-20-litros\/","name":"PULVERIZADOR COSTAL MANUAL - 20 LITROS - Sigma Tools","isPartOf":{"@id":"https:\/\/www.sigmatools.com.br\/site\/#website"},"primaryImageOfPage":{"@id":"https:\/\/www.sigmatools.com.br\/site\/produto\/pulverizador-costal-manual-20-litros\/#primaryimage"},"image":{"@id":"https:\/\/www.sigmatools.com.br\/site\/produto\/pulverizador-costal-manual-20-litros\/#primaryimage"},"thumbnailUrl":"https:\/\/www.sigmatools.com.br\/site\/wp-content\/uploads\/2025\/09\/1-5.jpg","datePublished":"2025-09-19T19:35:55+00:00","dateModified":"2025-10-07T19:05:20+00:00","breadcrumb":{"@id":"https:\/\/www.sigmatools.com.br\/site\/produto\/pulverizador-costal-manual-20-litros\/#breadcrumb"},"inLanguage":"pt-BR","potentialAction":[{"@type":"ReadAction","target":["https:\/\/www.sigmatools.com.br\/site\/produto\/pulverizador-costal-manual-20-litros\/"]}]},{"@type":"ImageObject","inLanguage":"pt-BR","@id":"https:\/\/www.sigmatools.com.br\/site\/produto\/pulverizador-costal-manual-20-litros\/#primaryimage","url":"https:\/\/www.sigmatools.com.br\/site\/wp-content\/uploads\/2025\/09\/1-5.jpg","contentUrl":"https:\/\/www.sigmatools.com.br\/site\/wp-content\/uploads\/2025\/09\/1-5.jpg","width":1000,"height":1000},{"@type":"BreadcrumbList","@id":"https:\/\/www.sigmatools.com.br\/site\/produto\/pulverizador-costal-manual-20-litros\/#breadcrumb","itemListElement":[{"@type":"ListItem","position":1,"name":"In\u00edcio","item":"https:\/\/www.sigmatools.com.br\/site\/"},{"@type":"ListItem","position":2,"name":"PULVERIZADOR COSTAL MANUAL &#8211; 20 LITROS"}]},{"@type":"WebSite","@id":"https:\/\/www.sigmatools.com.br\/site\/#website","url":"https:\/\/www.sigmatools.com.br\/site\/","name":"Sigma Tools","description":"Equipamentos para Est\u00e9tica Automotiva e Oficina Mec\u00e2nica - Sigma Tools","publisher":{"@id":"https:\/\/www.sigmatools.com.br\/site\/#organization"},"potentialAction":[{"@type":"SearchAction","target":{"@type":"EntryPoint","urlTemplate":"https:\/\/www.sigmatools.com.br\/site\/?s={search_term_string}"},"query-input":{"@type":"PropertyValueSpecification","valueRequired":true,"valueName":"search_term_string"}}],"inLanguage":"pt-BR"},{"@type":"Organization","@id":"https:\/\/www.sigmatools.com.br\/site\/#organization","name":"SIGMA TOOLS","url":"https:\/\/www.sigmatools.com.br\/site\/","logo":{"@type":"ImageObject","inLanguage":"pt-BR","@id":"https:\/\/www.sigmatools.com.br\/site\/#\/schema\/logo\/image\/","url":"https:\/\/www.sigmatools.com.br\/site\/wp-content\/uploads\/2020\/01\/logo-sigma.png","contentUrl":"https:\/\/www.sigmatools.com.br\/site\/wp-content\/uploads\/2020\/01\/logo-sigma.png","width":152,"height":150,"caption":"SIGMA TOOLS"},"image":{"@id":"https:\/\/www.sigmatools.com.br\/site\/#\/schema\/logo\/image\/"},"sameAs":["https:\/\/www.facebook.com\/sigmatools"]}]}},"_links":{"self":[{"href":"https:\/\/www.sigmatools.com.br\/site\/wp-json\/wp\/v2\/product\/11725","targetHints":{"allow":["GET"]}}],"collection":[{"href":"https:\/\/www.sigmatools.com.br\/site\/wp-json\/wp\/v2\/product"}],"about":[{"href":"https:\/\/www.sigmatools.com.br\/site\/wp-json\/wp\/v2\/types\/product"}],"replies":[{"embeddable":true,"href":"https:\/\/www.sigmatools.com.br\/site\/wp-json\/wp\/v2\/comments?post=11725"}],"wp:featuredmedia":[{"embeddable":true,"href":"https:\/\/www.sigmatools.com.br\/site\/wp-json\/wp\/v2\/media\/11727"}],"wp:attachment":[{"href":"https:\/\/www.sigmatools.com.br\/site\/wp-json\/wp\/v2\/media?parent=11725"}],"wp:term":[{"taxonomy":"product_brand","embeddable":true,"href":"https:\/\/www.sigmatools.com.br\/site\/wp-json\/wp\/v2\/product_brand?post=11725"},{"taxonomy":"product_cat","embeddable":true,"href":"https:\/\/www.sigmatools.com.br\/site\/wp-json\/wp\/v2\/product_cat?post=11725"},{"taxonomy":"product_tag","embeddable":true,"href":"https:\/\/www.sigmatools.com.br\/site\/wp-json\/wp\/v2\/product_tag?post=11725"}],"curies":[{"name":"wp","href":"https:\/\/api.w.org\/{rel}","templated":true}]}}