{"id":12073,"date":"2025-11-04T15:49:54","date_gmt":"2025-11-04T18:49:54","guid":{"rendered":"https:\/\/www.sigmatools.com.br\/site\/?post_type=product&#038;p=12073"},"modified":"2025-12-22T15:48:07","modified_gmt":"2025-12-22T18:48:07","slug":"camera-sonda-endoscopio-boroscopio-para-mecanico-usb-tipo-c-lente-55mm-1-metro","status":"publish","type":"product","link":"https:\/\/www.sigmatools.com.br\/site\/produto\/camera-sonda-endoscopio-boroscopio-para-mecanico-usb-tipo-c-lente-55mm-1-metro\/","title":{"rendered":"C\u00c2MERA SONDA ENDOSC\u00d3PIO\/BOROSC\u00d3PIO PARA MEC\u00c2NICO &#8211; USB TIPO-C &#8211; LENTE 5,5MM 1 METRO"},"content":{"rendered":"","protected":false},"excerpt":{"rendered":"<p><strong>C\u00f3digo do produto: <\/strong>0810010000<\/p>\n<p><strong>C\u00f3digo de barras: <\/strong>7908276663260<\/p>\n<iframe title=\"YouTube video player\" src=\"https:\/\/www.youtube.com\/embed\/brS5NGjmH2M?si=g2B6MvNe0HDzm_Kb\" width=\"315\" height=\"560\" frameborder=\"0\" allowfullscreen=\"allowfullscreen\"><\/iframe>\n<p>&nbsp;<\/p>\n<p class=\"p1\"><strong><span class=\"s1\">Aplica\u00e7\u00e3o<\/span><\/strong><\/p>\n<p class=\"p1\"><span class=\"s1\">Ideal para inspe\u00e7\u00f5es em locais de dif\u00edcil acesso, como tubula\u00e7\u00f5es, dutos, componentes automotivos, eletrodom\u00e9sticos, estruturas prediais e projetos de hobby ou DIY.<\/span><\/p>\n<p>&nbsp;<\/p>\n<p class=\"p1\"><strong><span class=\"s1\">Vantagens<\/span><\/strong><\/p>\n<p class=\"p1\"><span class=\"s1\">\u2022 Comprimento de cabo de 1 metro \u2014 permite alcan\u00e7ar locais mais afastados ou de dif\u00edcil alcance;<\/span><\/p>\n<p class=\"p1\"><span class=\"s1\">\u2022 Adaptador para conector Tipo C (e compatibilidade<\/span><\/p>\n<p class=\"p1\"><span class=\"s1\">Android\/PC) &#8211; facilita uso com celulares modernos e conex\u00e3o simples;<\/span><\/p>\n<p class=\"p1\"><span class=\"s1\">\u2022 Ilumina\u00e7\u00e3o embutida (LEDs) na ponta da sonda \u2014 permite ver em ambientes escuros ou internos sem necessidade de fonte de luz adicional;<\/span><\/p>\n<p class=\"p1\"><span class=\"s1\">\u2022 Flexibilidade e formato fino da ponta da c\u00e2mera \u2014 permite &#8220;entrar&#8221; em espa\u00e7os pequenos ou confinados com mais facilidade;<\/span><\/p>\n<p class=\"p1\"><span class=\"s1\">\u2022 Economia de tempo e menos desmontagem \u2014 ao permitir visualizar &#8220;por dentro&#8221; sem desmontar completamente instala\u00e7\u00f5es ou m\u00e1quinas, reduz esfor\u00e7o e riscos.<\/span><\/p>\n<p>&nbsp;<\/p>\n<p class=\"p1\"><strong><span class=\"s1\">FA\u00c7A O DOWNLOAD DO APLICATIVO<\/span><\/strong><\/p>\n<p class=\"p1\"><span class=\"s1\">https:\/\/www.sigmatools.com.br\/site\/camera-sonda.apk<\/span><\/p>\n<p class=\"p1\"><strong><span class=\"s1\">Para PC<\/span><\/strong><\/p>\n<p class=\"p1\"><span class=\"s1\">https:\/\/www.sigmatools.com.br\/site\/camera-sonda <\/span><\/p>\n<p>&nbsp;<\/p>\n<p>&nbsp;<\/p>\n[button size=\"small\" icon=\"\" target=\"_blank\" text_align=\"left\" text=\"Informativo\" link=\"http:\/\/www.sigmatools.com.br\/site\/arquivos\/informativos\/CAMERA%20SONDA%20ENDOSCOPIO.pdf\" color=\"#ffffff\" hover_color=\"#ffffff\" background_color=\"#353535\" hover_background_color=\"#dd3333\" border_color=\"#353535\" hover_border_color=\"#dd3333\"]","protected":false},"featured_media":12080,"comment_status":"open","ping_status":"closed","template":"","meta":{"_jet_sm_ready_style":"","_jet_sm_style":"","_jet_sm_controls_values":"","_jet_sm_fonts_collection":"","_jet_sm_fonts_links":""},"product_brand":[],"product_cat":[218,60,101,15],"product_tag":[],"class_list":{"0":"post-12073","1":"product","2":"type-product","3":"status-publish","4":"has-post-thumbnail","6":"product_cat-destaque","7":"product_cat-catalogo-geral","8":"product_cat-automotivo","9":"product_cat-sigma-tools","11":"first","12":"instock","13":"shipping-taxable","14":"product-type-simple"},"yoast_head":"<!-- This site is optimized with the Yoast SEO plugin v27.1.1 - https:\/\/yoast.com\/product\/yoast-seo-wordpress\/ -->\n<title>C\u00c2MERA SONDA ENDOSC\u00d3PIO\/BOROSC\u00d3PIO PARA MEC\u00c2NICO - USB TIPO-C - LENTE 5,5MM 1 METRO - Sigma Tools<\/title>\n<meta name=\"robots\" content=\"index, follow, max-snippet:-1, max-image-preview:large, max-video-preview:-1\" \/>\n<link rel=\"canonical\" href=\"https:\/\/www.sigmatools.com.br\/site\/produto\/camera-sonda-endoscopio-boroscopio-para-mecanico-usb-tipo-c-lente-55mm-1-metro\/\" \/>\n<meta property=\"og:locale\" content=\"pt_BR\" \/>\n<meta property=\"og:type\" content=\"article\" \/>\n<meta property=\"og:title\" content=\"C\u00c2MERA SONDA ENDOSC\u00d3PIO\/BOROSC\u00d3PIO PARA MEC\u00c2NICO - USB TIPO-C - LENTE 5,5MM 1 METRO - Sigma Tools\" \/>\n<meta property=\"og:description\" content=\"C\u00f3digo do produto: 0810010000  C\u00f3digo de barras: 7908276663260    &nbsp; Aplica\u00e7\u00e3o Ideal para inspe\u00e7\u00f5es em locais de dif\u00edcil acesso, como tubula\u00e7\u00f5es, dutos, componentes automotivos, eletrodom\u00e9sticos, estruturas prediais e projetos de hobby ou DIY. &nbsp; Vantagens \u2022 Comprimento de cabo de 1 metro \u2014 permite alcan\u00e7ar locais mais afastados ou de dif\u00edcil alcance; \u2022 Adaptador para conector Tipo C (e compatibilidade Android\/PC) - facilita uso com celulares modernos e conex\u00e3o simples; \u2022 Ilumina\u00e7\u00e3o embutida (LEDs) na ponta da sonda \u2014 permite ver em ambientes escuros ou internos sem necessidade de fonte de luz adicional; \u2022 Flexibilidade e formato fino da ponta da c\u00e2mera \u2014 permite &quot;entrar&quot; em espa\u00e7os pequenos ou confinados com mais facilidade; \u2022 Economia de tempo e menos desmontagem \u2014 ao permitir visualizar &quot;por dentro&quot; sem desmontar completamente instala\u00e7\u00f5es ou m\u00e1quinas, reduz esfor\u00e7o e riscos. &nbsp; FA\u00c7A O DOWNLOAD DO APLICATIVO https:\/\/www.sigmatools.com.br\/site\/camera-sonda.apk Para PC https:\/\/www.sigmatools.com.br\/site\/camera-sonda  &nbsp;  &nbsp;\" \/>\n<meta property=\"og:url\" content=\"https:\/\/www.sigmatools.com.br\/site\/produto\/camera-sonda-endoscopio-boroscopio-para-mecanico-usb-tipo-c-lente-55mm-1-metro\/\" \/>\n<meta property=\"og:site_name\" content=\"Sigma Tools\" \/>\n<meta property=\"article:publisher\" content=\"https:\/\/www.facebook.com\/sigmatools\" \/>\n<meta property=\"article:modified_time\" content=\"2025-12-22T18:48:07+00:00\" \/>\n<meta property=\"og:image\" content=\"https:\/\/www.sigmatools.com.br\/site\/wp-content\/uploads\/2025\/11\/7-1.png\" \/>\n\t<meta property=\"og:image:width\" content=\"1000\" \/>\n\t<meta property=\"og:image:height\" content=\"1000\" \/>\n\t<meta property=\"og:image:type\" content=\"image\/png\" \/>\n<meta name=\"twitter:card\" content=\"summary_large_image\" \/>\n<meta name=\"twitter:label1\" content=\"Est. tempo de leitura\" \/>\n\t<meta name=\"twitter:data1\" content=\"1 minuto\" \/>\n<script type=\"application\/ld+json\" class=\"yoast-schema-graph\">{\"@context\":\"https:\/\/schema.org\",\"@graph\":[{\"@type\":\"WebPage\",\"@id\":\"https:\/\/www.sigmatools.com.br\/site\/produto\/camera-sonda-endoscopio-boroscopio-para-mecanico-usb-tipo-c-lente-55mm-1-metro\/\",\"url\":\"https:\/\/www.sigmatools.com.br\/site\/produto\/camera-sonda-endoscopio-boroscopio-para-mecanico-usb-tipo-c-lente-55mm-1-metro\/\",\"name\":\"C\u00c2MERA SONDA ENDOSC\u00d3PIO\/BOROSC\u00d3PIO PARA MEC\u00c2NICO - USB TIPO-C - LENTE 5,5MM 1 METRO - Sigma Tools\",\"isPartOf\":{\"@id\":\"https:\/\/www.sigmatools.com.br\/site\/#website\"},\"primaryImageOfPage\":{\"@id\":\"https:\/\/www.sigmatools.com.br\/site\/produto\/camera-sonda-endoscopio-boroscopio-para-mecanico-usb-tipo-c-lente-55mm-1-metro\/#primaryimage\"},\"image\":{\"@id\":\"https:\/\/www.sigmatools.com.br\/site\/produto\/camera-sonda-endoscopio-boroscopio-para-mecanico-usb-tipo-c-lente-55mm-1-metro\/#primaryimage\"},\"thumbnailUrl\":\"https:\/\/www.sigmatools.com.br\/site\/wp-content\/uploads\/2025\/11\/7-1.png\",\"datePublished\":\"2025-11-04T18:49:54+00:00\",\"dateModified\":\"2025-12-22T18:48:07+00:00\",\"breadcrumb\":{\"@id\":\"https:\/\/www.sigmatools.com.br\/site\/produto\/camera-sonda-endoscopio-boroscopio-para-mecanico-usb-tipo-c-lente-55mm-1-metro\/#breadcrumb\"},\"inLanguage\":\"pt-BR\",\"potentialAction\":[{\"@type\":\"ReadAction\",\"target\":[\"https:\/\/www.sigmatools.com.br\/site\/produto\/camera-sonda-endoscopio-boroscopio-para-mecanico-usb-tipo-c-lente-55mm-1-metro\/\"]}]},{\"@type\":\"ImageObject\",\"inLanguage\":\"pt-BR\",\"@id\":\"https:\/\/www.sigmatools.com.br\/site\/produto\/camera-sonda-endoscopio-boroscopio-para-mecanico-usb-tipo-c-lente-55mm-1-metro\/#primaryimage\",\"url\":\"https:\/\/www.sigmatools.com.br\/site\/wp-content\/uploads\/2025\/11\/7-1.png\",\"contentUrl\":\"https:\/\/www.sigmatools.com.br\/site\/wp-content\/uploads\/2025\/11\/7-1.png\",\"width\":1000,\"height\":1000},{\"@type\":\"BreadcrumbList\",\"@id\":\"https:\/\/www.sigmatools.com.br\/site\/produto\/camera-sonda-endoscopio-boroscopio-para-mecanico-usb-tipo-c-lente-55mm-1-metro\/#breadcrumb\",\"itemListElement\":[{\"@type\":\"ListItem\",\"position\":1,\"name\":\"In\u00edcio\",\"item\":\"https:\/\/www.sigmatools.com.br\/site\/\"},{\"@type\":\"ListItem\",\"position\":2,\"name\":\"C\u00c2MERA SONDA ENDOSC\u00d3PIO\/BOROSC\u00d3PIO PARA MEC\u00c2NICO &#8211; USB TIPO-C &#8211; LENTE 5,5MM 1 METRO\"}]},{\"@type\":\"WebSite\",\"@id\":\"https:\/\/www.sigmatools.com.br\/site\/#website\",\"url\":\"https:\/\/www.sigmatools.com.br\/site\/\",\"name\":\"Sigma Tools\",\"description\":\"Equipamentos para Est\u00e9tica Automotiva e Oficina Mec\u00e2nica - Sigma Tools\",\"publisher\":{\"@id\":\"https:\/\/www.sigmatools.com.br\/site\/#organization\"},\"potentialAction\":[{\"@type\":\"SearchAction\",\"target\":{\"@type\":\"EntryPoint\",\"urlTemplate\":\"https:\/\/www.sigmatools.com.br\/site\/?s={search_term_string}\"},\"query-input\":{\"@type\":\"PropertyValueSpecification\",\"valueRequired\":true,\"valueName\":\"search_term_string\"}}],\"inLanguage\":\"pt-BR\"},{\"@type\":\"Organization\",\"@id\":\"https:\/\/www.sigmatools.com.br\/site\/#organization\",\"name\":\"SIGMA TOOLS\",\"url\":\"https:\/\/www.sigmatools.com.br\/site\/\",\"logo\":{\"@type\":\"ImageObject\",\"inLanguage\":\"pt-BR\",\"@id\":\"https:\/\/www.sigmatools.com.br\/site\/#\/schema\/logo\/image\/\",\"url\":\"https:\/\/www.sigmatools.com.br\/site\/wp-content\/uploads\/2020\/01\/logo-sigma.png\",\"contentUrl\":\"https:\/\/www.sigmatools.com.br\/site\/wp-content\/uploads\/2020\/01\/logo-sigma.png\",\"width\":152,\"height\":150,\"caption\":\"SIGMA TOOLS\"},\"image\":{\"@id\":\"https:\/\/www.sigmatools.com.br\/site\/#\/schema\/logo\/image\/\"},\"sameAs\":[\"https:\/\/www.facebook.com\/sigmatools\"]}]}<\/script>\n<!-- \/ Yoast SEO plugin. -->","yoast_head_json":{"title":"C\u00c2MERA SONDA ENDOSC\u00d3PIO\/BOROSC\u00d3PIO PARA MEC\u00c2NICO - USB TIPO-C - LENTE 5,5MM 1 METRO - Sigma Tools","robots":{"index":"index","follow":"follow","max-snippet":"max-snippet:-1","max-image-preview":"max-image-preview:large","max-video-preview":"max-video-preview:-1"},"canonical":"https:\/\/www.sigmatools.com.br\/site\/produto\/camera-sonda-endoscopio-boroscopio-para-mecanico-usb-tipo-c-lente-55mm-1-metro\/","og_locale":"pt_BR","og_type":"article","og_title":"C\u00c2MERA SONDA ENDOSC\u00d3PIO\/BOROSC\u00d3PIO PARA MEC\u00c2NICO - USB TIPO-C - LENTE 5,5MM 1 METRO - Sigma Tools","og_description":"C\u00f3digo do produto: 0810010000  C\u00f3digo de barras: 7908276663260    &nbsp; Aplica\u00e7\u00e3o Ideal para inspe\u00e7\u00f5es em locais de dif\u00edcil acesso, como tubula\u00e7\u00f5es, dutos, componentes automotivos, eletrodom\u00e9sticos, estruturas prediais e projetos de hobby ou DIY. &nbsp; Vantagens \u2022 Comprimento de cabo de 1 metro \u2014 permite alcan\u00e7ar locais mais afastados ou de dif\u00edcil alcance; \u2022 Adaptador para conector Tipo C (e compatibilidade Android\/PC) - facilita uso com celulares modernos e conex\u00e3o simples; \u2022 Ilumina\u00e7\u00e3o embutida (LEDs) na ponta da sonda \u2014 permite ver em ambientes escuros ou internos sem necessidade de fonte de luz adicional; \u2022 Flexibilidade e formato fino da ponta da c\u00e2mera \u2014 permite \"entrar\" em espa\u00e7os pequenos ou confinados com mais facilidade; \u2022 Economia de tempo e menos desmontagem \u2014 ao permitir visualizar \"por dentro\" sem desmontar completamente instala\u00e7\u00f5es ou m\u00e1quinas, reduz esfor\u00e7o e riscos. &nbsp; FA\u00c7A O DOWNLOAD DO APLICATIVO https:\/\/www.sigmatools.com.br\/site\/camera-sonda.apk Para PC https:\/\/www.sigmatools.com.br\/site\/camera-sonda  &nbsp;  &nbsp;","og_url":"https:\/\/www.sigmatools.com.br\/site\/produto\/camera-sonda-endoscopio-boroscopio-para-mecanico-usb-tipo-c-lente-55mm-1-metro\/","og_site_name":"Sigma Tools","article_publisher":"https:\/\/www.facebook.com\/sigmatools","article_modified_time":"2025-12-22T18:48:07+00:00","og_image":[{"width":1000,"height":1000,"url":"https:\/\/www.sigmatools.com.br\/site\/wp-content\/uploads\/2025\/11\/7-1.png","type":"image\/png"}],"twitter_card":"summary_large_image","twitter_misc":{"Est. tempo de leitura":"1 minuto"},"schema":{"@context":"https:\/\/schema.org","@graph":[{"@type":"WebPage","@id":"https:\/\/www.sigmatools.com.br\/site\/produto\/camera-sonda-endoscopio-boroscopio-para-mecanico-usb-tipo-c-lente-55mm-1-metro\/","url":"https:\/\/www.sigmatools.com.br\/site\/produto\/camera-sonda-endoscopio-boroscopio-para-mecanico-usb-tipo-c-lente-55mm-1-metro\/","name":"C\u00c2MERA SONDA ENDOSC\u00d3PIO\/BOROSC\u00d3PIO PARA MEC\u00c2NICO - USB TIPO-C - LENTE 5,5MM 1 METRO - Sigma Tools","isPartOf":{"@id":"https:\/\/www.sigmatools.com.br\/site\/#website"},"primaryImageOfPage":{"@id":"https:\/\/www.sigmatools.com.br\/site\/produto\/camera-sonda-endoscopio-boroscopio-para-mecanico-usb-tipo-c-lente-55mm-1-metro\/#primaryimage"},"image":{"@id":"https:\/\/www.sigmatools.com.br\/site\/produto\/camera-sonda-endoscopio-boroscopio-para-mecanico-usb-tipo-c-lente-55mm-1-metro\/#primaryimage"},"thumbnailUrl":"https:\/\/www.sigmatools.com.br\/site\/wp-content\/uploads\/2025\/11\/7-1.png","datePublished":"2025-11-04T18:49:54+00:00","dateModified":"2025-12-22T18:48:07+00:00","breadcrumb":{"@id":"https:\/\/www.sigmatools.com.br\/site\/produto\/camera-sonda-endoscopio-boroscopio-para-mecanico-usb-tipo-c-lente-55mm-1-metro\/#breadcrumb"},"inLanguage":"pt-BR","potentialAction":[{"@type":"ReadAction","target":["https:\/\/www.sigmatools.com.br\/site\/produto\/camera-sonda-endoscopio-boroscopio-para-mecanico-usb-tipo-c-lente-55mm-1-metro\/"]}]},{"@type":"ImageObject","inLanguage":"pt-BR","@id":"https:\/\/www.sigmatools.com.br\/site\/produto\/camera-sonda-endoscopio-boroscopio-para-mecanico-usb-tipo-c-lente-55mm-1-metro\/#primaryimage","url":"https:\/\/www.sigmatools.com.br\/site\/wp-content\/uploads\/2025\/11\/7-1.png","contentUrl":"https:\/\/www.sigmatools.com.br\/site\/wp-content\/uploads\/2025\/11\/7-1.png","width":1000,"height":1000},{"@type":"BreadcrumbList","@id":"https:\/\/www.sigmatools.com.br\/site\/produto\/camera-sonda-endoscopio-boroscopio-para-mecanico-usb-tipo-c-lente-55mm-1-metro\/#breadcrumb","itemListElement":[{"@type":"ListItem","position":1,"name":"In\u00edcio","item":"https:\/\/www.sigmatools.com.br\/site\/"},{"@type":"ListItem","position":2,"name":"C\u00c2MERA SONDA ENDOSC\u00d3PIO\/BOROSC\u00d3PIO PARA MEC\u00c2NICO &#8211; USB TIPO-C &#8211; LENTE 5,5MM 1 METRO"}]},{"@type":"WebSite","@id":"https:\/\/www.sigmatools.com.br\/site\/#website","url":"https:\/\/www.sigmatools.com.br\/site\/","name":"Sigma Tools","description":"Equipamentos para Est\u00e9tica Automotiva e Oficina Mec\u00e2nica - Sigma Tools","publisher":{"@id":"https:\/\/www.sigmatools.com.br\/site\/#organization"},"potentialAction":[{"@type":"SearchAction","target":{"@type":"EntryPoint","urlTemplate":"https:\/\/www.sigmatools.com.br\/site\/?s={search_term_string}"},"query-input":{"@type":"PropertyValueSpecification","valueRequired":true,"valueName":"search_term_string"}}],"inLanguage":"pt-BR"},{"@type":"Organization","@id":"https:\/\/www.sigmatools.com.br\/site\/#organization","name":"SIGMA TOOLS","url":"https:\/\/www.sigmatools.com.br\/site\/","logo":{"@type":"ImageObject","inLanguage":"pt-BR","@id":"https:\/\/www.sigmatools.com.br\/site\/#\/schema\/logo\/image\/","url":"https:\/\/www.sigmatools.com.br\/site\/wp-content\/uploads\/2020\/01\/logo-sigma.png","contentUrl":"https:\/\/www.sigmatools.com.br\/site\/wp-content\/uploads\/2020\/01\/logo-sigma.png","width":152,"height":150,"caption":"SIGMA TOOLS"},"image":{"@id":"https:\/\/www.sigmatools.com.br\/site\/#\/schema\/logo\/image\/"},"sameAs":["https:\/\/www.facebook.com\/sigmatools"]}]}},"_links":{"self":[{"href":"https:\/\/www.sigmatools.com.br\/site\/wp-json\/wp\/v2\/product\/12073","targetHints":{"allow":["GET"]}}],"collection":[{"href":"https:\/\/www.sigmatools.com.br\/site\/wp-json\/wp\/v2\/product"}],"about":[{"href":"https:\/\/www.sigmatools.com.br\/site\/wp-json\/wp\/v2\/types\/product"}],"replies":[{"embeddable":true,"href":"https:\/\/www.sigmatools.com.br\/site\/wp-json\/wp\/v2\/comments?post=12073"}],"wp:featuredmedia":[{"embeddable":true,"href":"https:\/\/www.sigmatools.com.br\/site\/wp-json\/wp\/v2\/media\/12080"}],"wp:attachment":[{"href":"https:\/\/www.sigmatools.com.br\/site\/wp-json\/wp\/v2\/media?parent=12073"}],"wp:term":[{"taxonomy":"product_brand","embeddable":true,"href":"https:\/\/www.sigmatools.com.br\/site\/wp-json\/wp\/v2\/product_brand?post=12073"},{"taxonomy":"product_cat","embeddable":true,"href":"https:\/\/www.sigmatools.com.br\/site\/wp-json\/wp\/v2\/product_cat?post=12073"},{"taxonomy":"product_tag","embeddable":true,"href":"https:\/\/www.sigmatools.com.br\/site\/wp-json\/wp\/v2\/product_tag?post=12073"}],"curies":[{"name":"wp","href":"https:\/\/api.w.org\/{rel}","templated":true}]}}