{"id":12361,"date":"2026-01-20T13:38:23","date_gmt":"2026-01-20T16:38:23","guid":{"rendered":"https:\/\/www.sigmatools.com.br\/site\/?post_type=product&#038;p=12361"},"modified":"2026-02-11T09:29:11","modified_gmt":"2026-02-11T12:29:11","slug":"sgt-0516-pro-chave-de-impacto-1-2-55-kgf-m","status":"publish","type":"product","link":"https:\/\/www.sigmatools.com.br\/site\/produto\/sgt-0516-pro-chave-de-impacto-1-2-55-kgf-m\/","title":{"rendered":"SGT-0516 &#8211; PRO &#8211; CHAVE DE IMPACTO 1\/2&#8243; &#8211; 55 KGF.M"},"content":{"rendered":"","protected":false},"excerpt":{"rendered":"<p><strong>C\u00f3digo do produto:<\/strong> 0701051600<\/p>\n<p><strong>C\u00f3digo de barras:<\/strong> 7908276682940<\/p>\n<p>&nbsp;<\/p>\n<p>&nbsp;<\/p>\n<p><strong>CARACTER\u00cdSTICAS<\/strong><br \/>\n\u2022 Carca\u00e7a em alum\u00ednio;<br \/>\n\u2022 Desenho ergon\u00f4mico;<br \/>\n\u2022 Bot\u00e3o de revers\u00e3o do sentido da rota\u00e7\u00e3o;<br \/>\n\u2022 Exaust\u00e3o de ar atrav\u00e9s do cabo;<br \/>\n\u2022 Torque m\u00e1ximo na revers\u00e3o de 55 Kgf.m.<\/p>\n<p>&nbsp;<\/p>\n<p><strong>APLICA\u00c7\u00d5ES<\/strong><br \/>\nIndicado para opera\u00e7\u00f5es de aperto e desaperto de parafusos e porcas em geral.<br \/>\nAplica\u00e7\u00e3o voltada para mec\u00e2nica de ve\u00edculos leves e motocicletas.<br \/>\nIdeal para oficinas mec\u00e2nicas e centros automotivos.<\/p>\n<p>&nbsp;<\/p>\n<p>&nbsp;<\/p>\n[button size=\"small\" icon=\"\" target=\"_blank\" text_align=\"left\" text=\"Informativo\" link=\"http:\/\/www.sigmatools.com.br\/site\/arquivos\/informativos\/SGT-0516-PRO%20-%20SGT-0516K-PRO%20-%20CHAVE%20DE%20IMPACTO%201-2%20-%2055KGFM%20-%20INFO.pdf\" color=\"#ffffff\" hover_color=\"#ffffff\" background_color=\"#353535\" hover_background_color=\"#dd3333\" border_color=\"#353535\" hover_border_color=\"#dd3333\"]\n[button size=\"small\" icon=\"\" target=\"_blank\" text_align=\"left\" text=\"Vista Explodida\" link=\"https:\/\/www.sigmatools.com.br\/site\/arquivos\/vista-explodida\/SGT-0516%20-%20PRO%20-%20CHAVE%20DE%20IMPACTO%201%202%20-%20VE.pdf\" color=\"#ffffff\" hover_color=\"#ffffff\" background_color=\"#353535\" hover_background_color=\"#dd3333\" border_color=\"#353535\" hover_border_color=\"#dd3333\"]","protected":false},"featured_media":12448,"comment_status":"open","ping_status":"closed","template":"","meta":{"_jet_sm_ready_style":"","_jet_sm_style":"","_jet_sm_controls_values":"","_jet_sm_fonts_collection":"","_jet_sm_fonts_links":""},"product_brand":[],"product_cat":[113,218,110,60,82,15],"product_tag":[],"class_list":{"0":"post-12361","1":"product","2":"type-product","3":"status-publish","4":"has-post-thumbnail","6":"product_cat-chaves-de-impacto","7":"product_cat-destaque","8":"product_cat-ferramentas","9":"product_cat-catalogo-geral","10":"product_cat-aperto-e-desaperto","11":"product_cat-sigma-tools","13":"first","14":"instock","15":"shipping-taxable","16":"product-type-simple"},"yoast_head":"<!-- This site is optimized with the Yoast SEO plugin v27.1.1 - https:\/\/yoast.com\/product\/yoast-seo-wordpress\/ -->\n<title>SGT-0516 - PRO - CHAVE DE IMPACTO 1\/2&quot; - 55 KGF.M - Sigma Tools<\/title>\n<meta name=\"description\" content=\"Chave de impacto pneum\u00e1tica de 1&quot; longa sistema pinless. \u00d3tima para ve\u00edculos pesados como caminh\u00f5es, \u00f4nibus e tratores. N\u00e3o pode faltar na sua oficina!\" \/>\n<meta name=\"robots\" content=\"index, follow, max-snippet:-1, max-image-preview:large, max-video-preview:-1\" \/>\n<link rel=\"canonical\" href=\"https:\/\/www.sigmatools.com.br\/site\/produto\/sgt-0516-pro-chave-de-impacto-1-2-55-kgf-m\/\" \/>\n<meta property=\"og:locale\" content=\"pt_BR\" \/>\n<meta property=\"og:type\" content=\"article\" \/>\n<meta property=\"og:title\" content=\"SGT-0516 - PRO - CHAVE DE IMPACTO 1\/2&quot; - 55 KGF.M - Sigma Tools\" \/>\n<meta property=\"og:description\" content=\"Chave de impacto pneum\u00e1tica de 1&quot; longa sistema pinless. \u00d3tima para ve\u00edculos pesados como caminh\u00f5es, \u00f4nibus e tratores. N\u00e3o pode faltar na sua oficina!\" \/>\n<meta property=\"og:url\" content=\"https:\/\/www.sigmatools.com.br\/site\/produto\/sgt-0516-pro-chave-de-impacto-1-2-55-kgf-m\/\" \/>\n<meta property=\"og:site_name\" content=\"Sigma Tools\" \/>\n<meta property=\"article:publisher\" content=\"https:\/\/www.facebook.com\/sigmatools\" \/>\n<meta property=\"article:modified_time\" content=\"2026-02-11T12:29:11+00:00\" \/>\n<meta property=\"og:image\" content=\"https:\/\/www.sigmatools.com.br\/site\/wp-content\/uploads\/2026\/01\/0701051600-1.jpg\" \/>\n\t<meta property=\"og:image:width\" content=\"1500\" \/>\n\t<meta property=\"og:image:height\" content=\"1500\" \/>\n\t<meta property=\"og:image:type\" content=\"image\/jpeg\" \/>\n<meta name=\"twitter:card\" content=\"summary_large_image\" \/>\n<meta name=\"twitter:label1\" content=\"Est. tempo de leitura\" \/>\n\t<meta name=\"twitter:data1\" content=\"1 minuto\" \/>\n<script type=\"application\/ld+json\" class=\"yoast-schema-graph\">{\"@context\":\"https:\/\/schema.org\",\"@graph\":[{\"@type\":\"WebPage\",\"@id\":\"https:\/\/www.sigmatools.com.br\/site\/produto\/sgt-0516-pro-chave-de-impacto-1-2-55-kgf-m\/\",\"url\":\"https:\/\/www.sigmatools.com.br\/site\/produto\/sgt-0516-pro-chave-de-impacto-1-2-55-kgf-m\/\",\"name\":\"SGT-0516 - PRO - CHAVE DE IMPACTO 1\/2\\\" - 55 KGF.M - Sigma Tools\",\"isPartOf\":{\"@id\":\"https:\/\/www.sigmatools.com.br\/site\/#website\"},\"primaryImageOfPage\":{\"@id\":\"https:\/\/www.sigmatools.com.br\/site\/produto\/sgt-0516-pro-chave-de-impacto-1-2-55-kgf-m\/#primaryimage\"},\"image\":{\"@id\":\"https:\/\/www.sigmatools.com.br\/site\/produto\/sgt-0516-pro-chave-de-impacto-1-2-55-kgf-m\/#primaryimage\"},\"thumbnailUrl\":\"https:\/\/www.sigmatools.com.br\/site\/wp-content\/uploads\/2026\/01\/0701051600-1.jpg\",\"datePublished\":\"2026-01-20T16:38:23+00:00\",\"dateModified\":\"2026-02-11T12:29:11+00:00\",\"description\":\"Chave de impacto pneum\u00e1tica de 1\\\" longa sistema pinless. \u00d3tima para ve\u00edculos pesados como caminh\u00f5es, \u00f4nibus e tratores. N\u00e3o pode faltar na sua oficina!\",\"breadcrumb\":{\"@id\":\"https:\/\/www.sigmatools.com.br\/site\/produto\/sgt-0516-pro-chave-de-impacto-1-2-55-kgf-m\/#breadcrumb\"},\"inLanguage\":\"pt-BR\",\"potentialAction\":[{\"@type\":\"ReadAction\",\"target\":[\"https:\/\/www.sigmatools.com.br\/site\/produto\/sgt-0516-pro-chave-de-impacto-1-2-55-kgf-m\/\"]}]},{\"@type\":\"ImageObject\",\"inLanguage\":\"pt-BR\",\"@id\":\"https:\/\/www.sigmatools.com.br\/site\/produto\/sgt-0516-pro-chave-de-impacto-1-2-55-kgf-m\/#primaryimage\",\"url\":\"https:\/\/www.sigmatools.com.br\/site\/wp-content\/uploads\/2026\/01\/0701051600-1.jpg\",\"contentUrl\":\"https:\/\/www.sigmatools.com.br\/site\/wp-content\/uploads\/2026\/01\/0701051600-1.jpg\",\"width\":1500,\"height\":1500},{\"@type\":\"BreadcrumbList\",\"@id\":\"https:\/\/www.sigmatools.com.br\/site\/produto\/sgt-0516-pro-chave-de-impacto-1-2-55-kgf-m\/#breadcrumb\",\"itemListElement\":[{\"@type\":\"ListItem\",\"position\":1,\"name\":\"In\u00edcio\",\"item\":\"https:\/\/www.sigmatools.com.br\/site\/\"},{\"@type\":\"ListItem\",\"position\":2,\"name\":\"SGT-0516 &#8211; PRO &#8211; CHAVE DE IMPACTO 1\/2&#8243; &#8211; 55 KGF.M\"}]},{\"@type\":\"WebSite\",\"@id\":\"https:\/\/www.sigmatools.com.br\/site\/#website\",\"url\":\"https:\/\/www.sigmatools.com.br\/site\/\",\"name\":\"Sigma Tools\",\"description\":\"Equipamentos para Est\u00e9tica Automotiva e Oficina Mec\u00e2nica - Sigma Tools\",\"publisher\":{\"@id\":\"https:\/\/www.sigmatools.com.br\/site\/#organization\"},\"potentialAction\":[{\"@type\":\"SearchAction\",\"target\":{\"@type\":\"EntryPoint\",\"urlTemplate\":\"https:\/\/www.sigmatools.com.br\/site\/?s={search_term_string}\"},\"query-input\":{\"@type\":\"PropertyValueSpecification\",\"valueRequired\":true,\"valueName\":\"search_term_string\"}}],\"inLanguage\":\"pt-BR\"},{\"@type\":\"Organization\",\"@id\":\"https:\/\/www.sigmatools.com.br\/site\/#organization\",\"name\":\"SIGMA TOOLS\",\"url\":\"https:\/\/www.sigmatools.com.br\/site\/\",\"logo\":{\"@type\":\"ImageObject\",\"inLanguage\":\"pt-BR\",\"@id\":\"https:\/\/www.sigmatools.com.br\/site\/#\/schema\/logo\/image\/\",\"url\":\"https:\/\/www.sigmatools.com.br\/site\/wp-content\/uploads\/2020\/01\/logo-sigma.png\",\"contentUrl\":\"https:\/\/www.sigmatools.com.br\/site\/wp-content\/uploads\/2020\/01\/logo-sigma.png\",\"width\":152,\"height\":150,\"caption\":\"SIGMA TOOLS\"},\"image\":{\"@id\":\"https:\/\/www.sigmatools.com.br\/site\/#\/schema\/logo\/image\/\"},\"sameAs\":[\"https:\/\/www.facebook.com\/sigmatools\"]}]}<\/script>\n<!-- \/ Yoast SEO plugin. -->","yoast_head_json":{"title":"SGT-0516 - PRO - CHAVE DE IMPACTO 1\/2\" - 55 KGF.M - Sigma Tools","description":"Chave de impacto pneum\u00e1tica de 1\" longa sistema pinless. \u00d3tima para ve\u00edculos pesados como caminh\u00f5es, \u00f4nibus e tratores. N\u00e3o pode faltar na sua oficina!","robots":{"index":"index","follow":"follow","max-snippet":"max-snippet:-1","max-image-preview":"max-image-preview:large","max-video-preview":"max-video-preview:-1"},"canonical":"https:\/\/www.sigmatools.com.br\/site\/produto\/sgt-0516-pro-chave-de-impacto-1-2-55-kgf-m\/","og_locale":"pt_BR","og_type":"article","og_title":"SGT-0516 - PRO - CHAVE DE IMPACTO 1\/2\" - 55 KGF.M - Sigma Tools","og_description":"Chave de impacto pneum\u00e1tica de 1\" longa sistema pinless. \u00d3tima para ve\u00edculos pesados como caminh\u00f5es, \u00f4nibus e tratores. N\u00e3o pode faltar na sua oficina!","og_url":"https:\/\/www.sigmatools.com.br\/site\/produto\/sgt-0516-pro-chave-de-impacto-1-2-55-kgf-m\/","og_site_name":"Sigma Tools","article_publisher":"https:\/\/www.facebook.com\/sigmatools","article_modified_time":"2026-02-11T12:29:11+00:00","og_image":[{"width":1500,"height":1500,"url":"https:\/\/www.sigmatools.com.br\/site\/wp-content\/uploads\/2026\/01\/0701051600-1.jpg","type":"image\/jpeg"}],"twitter_card":"summary_large_image","twitter_misc":{"Est. tempo de leitura":"1 minuto"},"schema":{"@context":"https:\/\/schema.org","@graph":[{"@type":"WebPage","@id":"https:\/\/www.sigmatools.com.br\/site\/produto\/sgt-0516-pro-chave-de-impacto-1-2-55-kgf-m\/","url":"https:\/\/www.sigmatools.com.br\/site\/produto\/sgt-0516-pro-chave-de-impacto-1-2-55-kgf-m\/","name":"SGT-0516 - PRO - CHAVE DE IMPACTO 1\/2\" - 55 KGF.M - Sigma Tools","isPartOf":{"@id":"https:\/\/www.sigmatools.com.br\/site\/#website"},"primaryImageOfPage":{"@id":"https:\/\/www.sigmatools.com.br\/site\/produto\/sgt-0516-pro-chave-de-impacto-1-2-55-kgf-m\/#primaryimage"},"image":{"@id":"https:\/\/www.sigmatools.com.br\/site\/produto\/sgt-0516-pro-chave-de-impacto-1-2-55-kgf-m\/#primaryimage"},"thumbnailUrl":"https:\/\/www.sigmatools.com.br\/site\/wp-content\/uploads\/2026\/01\/0701051600-1.jpg","datePublished":"2026-01-20T16:38:23+00:00","dateModified":"2026-02-11T12:29:11+00:00","description":"Chave de impacto pneum\u00e1tica de 1\" longa sistema pinless. \u00d3tima para ve\u00edculos pesados como caminh\u00f5es, \u00f4nibus e tratores. N\u00e3o pode faltar na sua oficina!","breadcrumb":{"@id":"https:\/\/www.sigmatools.com.br\/site\/produto\/sgt-0516-pro-chave-de-impacto-1-2-55-kgf-m\/#breadcrumb"},"inLanguage":"pt-BR","potentialAction":[{"@type":"ReadAction","target":["https:\/\/www.sigmatools.com.br\/site\/produto\/sgt-0516-pro-chave-de-impacto-1-2-55-kgf-m\/"]}]},{"@type":"ImageObject","inLanguage":"pt-BR","@id":"https:\/\/www.sigmatools.com.br\/site\/produto\/sgt-0516-pro-chave-de-impacto-1-2-55-kgf-m\/#primaryimage","url":"https:\/\/www.sigmatools.com.br\/site\/wp-content\/uploads\/2026\/01\/0701051600-1.jpg","contentUrl":"https:\/\/www.sigmatools.com.br\/site\/wp-content\/uploads\/2026\/01\/0701051600-1.jpg","width":1500,"height":1500},{"@type":"BreadcrumbList","@id":"https:\/\/www.sigmatools.com.br\/site\/produto\/sgt-0516-pro-chave-de-impacto-1-2-55-kgf-m\/#breadcrumb","itemListElement":[{"@type":"ListItem","position":1,"name":"In\u00edcio","item":"https:\/\/www.sigmatools.com.br\/site\/"},{"@type":"ListItem","position":2,"name":"SGT-0516 &#8211; PRO &#8211; CHAVE DE IMPACTO 1\/2&#8243; &#8211; 55 KGF.M"}]},{"@type":"WebSite","@id":"https:\/\/www.sigmatools.com.br\/site\/#website","url":"https:\/\/www.sigmatools.com.br\/site\/","name":"Sigma Tools","description":"Equipamentos para Est\u00e9tica Automotiva e Oficina Mec\u00e2nica - Sigma Tools","publisher":{"@id":"https:\/\/www.sigmatools.com.br\/site\/#organization"},"potentialAction":[{"@type":"SearchAction","target":{"@type":"EntryPoint","urlTemplate":"https:\/\/www.sigmatools.com.br\/site\/?s={search_term_string}"},"query-input":{"@type":"PropertyValueSpecification","valueRequired":true,"valueName":"search_term_string"}}],"inLanguage":"pt-BR"},{"@type":"Organization","@id":"https:\/\/www.sigmatools.com.br\/site\/#organization","name":"SIGMA TOOLS","url":"https:\/\/www.sigmatools.com.br\/site\/","logo":{"@type":"ImageObject","inLanguage":"pt-BR","@id":"https:\/\/www.sigmatools.com.br\/site\/#\/schema\/logo\/image\/","url":"https:\/\/www.sigmatools.com.br\/site\/wp-content\/uploads\/2020\/01\/logo-sigma.png","contentUrl":"https:\/\/www.sigmatools.com.br\/site\/wp-content\/uploads\/2020\/01\/logo-sigma.png","width":152,"height":150,"caption":"SIGMA TOOLS"},"image":{"@id":"https:\/\/www.sigmatools.com.br\/site\/#\/schema\/logo\/image\/"},"sameAs":["https:\/\/www.facebook.com\/sigmatools"]}]}},"_links":{"self":[{"href":"https:\/\/www.sigmatools.com.br\/site\/wp-json\/wp\/v2\/product\/12361","targetHints":{"allow":["GET"]}}],"collection":[{"href":"https:\/\/www.sigmatools.com.br\/site\/wp-json\/wp\/v2\/product"}],"about":[{"href":"https:\/\/www.sigmatools.com.br\/site\/wp-json\/wp\/v2\/types\/product"}],"replies":[{"embeddable":true,"href":"https:\/\/www.sigmatools.com.br\/site\/wp-json\/wp\/v2\/comments?post=12361"}],"wp:featuredmedia":[{"embeddable":true,"href":"https:\/\/www.sigmatools.com.br\/site\/wp-json\/wp\/v2\/media\/12448"}],"wp:attachment":[{"href":"https:\/\/www.sigmatools.com.br\/site\/wp-json\/wp\/v2\/media?parent=12361"}],"wp:term":[{"taxonomy":"product_brand","embeddable":true,"href":"https:\/\/www.sigmatools.com.br\/site\/wp-json\/wp\/v2\/product_brand?post=12361"},{"taxonomy":"product_cat","embeddable":true,"href":"https:\/\/www.sigmatools.com.br\/site\/wp-json\/wp\/v2\/product_cat?post=12361"},{"taxonomy":"product_tag","embeddable":true,"href":"https:\/\/www.sigmatools.com.br\/site\/wp-json\/wp\/v2\/product_tag?post=12361"}],"curies":[{"name":"wp","href":"https:\/\/api.w.org\/{rel}","templated":true}]}}