{"id":12523,"date":"2026-02-10T13:42:29","date_gmt":"2026-02-10T16:42:29","guid":{"rendered":"https:\/\/www.sigmatools.com.br\/site\/?post_type=product&#038;p=12523"},"modified":"2026-02-27T08:39:17","modified_gmt":"2026-02-27T11:39:17","slug":"sgt-9950","status":"publish","type":"product","link":"https:\/\/www.sigmatools.com.br\/site\/produto\/sgt-9950\/","title":{"rendered":"Mangueira com Enrolador e Esguicho 12 metros SGT-9950 &#8211; SGT TOOLS"},"content":{"rendered":"","protected":false},"excerpt":{"rendered":"<p><strong>C\u00f3digo do Produto<\/strong>: 1701010001<\/p>\n<p><strong>C\u00f3digo de Barras<\/strong>: 7908276686054<\/p>\n<iframe title=\"YouTube video player\" src=\"https:\/\/www.youtube.com\/embed\/OmrIldKmw-I?si=HT440GcDO0LnEJuf\" width=\"315\" height=\"560\" frameborder=\"0\" allowfullscreen=\"allowfullscreen\"><span data-mce-type=\"bookmark\" style=\"display: inline-block; width: 0px; overflow: hidden; line-height: 0;\" class=\"mce_SELRES_start\">\ufeff<\/span><\/iframe>\n<p>&nbsp;<\/p>\n<p>O Enrolador de Mangueira e Esguicho 12 Metros SGT-9950 \u00e9 a solu\u00e7\u00e3o ideal para quem busca praticidade, efici\u00eancia e total controle nas tarefas de jardinagem e limpeza. Com uma mangueira de 12 metros, oferece o alcance necess\u00e1rio para cobrir \u00e1reas amplas com comodidade e sem preocupa\u00e7\u00f5es. O sistema de enrolador com manivela facilita o recolhimento e armazenamento, tornando o uso muito mais pr\u00e1tico e organizado no dia a dia.<\/p>\n<p>Leve e port\u00e1til, o equipamento pode ser transportado facilmente para qualquer ambiente. Tamb\u00e9m pode ser fixado na parede (parafusos n\u00e3o inclusos), otimizando espa\u00e7o e mantendo tudo sempre organizado. O kit completo acompanha esguicho de irriga\u00e7\u00e3o m\u00faltiplo, adaptador f\u00eamea e dois engates r\u00e1pidos 1\/2\u201d, atendendo \u00e0s diferentes necessidades de uso.<\/p>\n<p>Vers\u00e1til, o enrolador pode ser utilizado em jardinagem, limpeza de quintais e cal\u00e7adas, manuten\u00e7\u00e3o residencial e at\u00e9 para dar banho em animais de estima\u00e7\u00e3o. Al\u00e9m disso, \u00e9 compat\u00edvel com lavadoras e desobstruidoras de uso ocasional e semi-intensivo, proporcionando uma experi\u00eancia completa e eficiente de limpeza.<\/p>\n<p>&nbsp;<\/p>\n<p><strong>Caracter\u00edsticas<\/strong><br \/>\n\u2022 Mangueira 3\/8\u201d x 12mm x 12m;<br \/>\n\u2022 Enrolador compacto com manivela de recolhimento;<br \/>\n\u2022 Estrutura leve e port\u00e1til;<br \/>\n\u2022 Conex\u00e3o padr\u00e3o 1\/2\u201d;<br \/>\n\u2022 Fabricada em pol\u00edmeros, metal e borracha;<br \/>\n\u2022 Possui encaixes para fixa\u00e7\u00e3o na parede;<br \/>\n\u2022 Dimens\u00f5es da embalagem: 32 x 13 x 32,5cm (C x L x A);<br \/>\n\u2022 Peso aproximado do produto: 2,2 kg<\/p>\n<p>&nbsp;<\/p>\n<p><strong>Vantagens<\/strong><br \/>\n\u2022 Mant\u00e9m o jardim e \u00e1reas externas organizados;<br \/>\n\u2022 Facilita o armazenamento e o transporte;<br \/>\n\u2022 Uso pr\u00e1tico, confort\u00e1vel e funcional.<\/p>\n<p>&nbsp;<\/p>\n<p><strong>Aplica\u00e7\u00e3o<\/strong><br \/>\nIdeal para jardinagem, limpeza de \u00e1reas externas, quintais, pisos e limpeza automotiva.<br \/>\nCompat\u00edvel com desobstruidoras de uso ocasional e semi-intensivo.<\/p>\n<p>&nbsp;<\/p>\n<p>&nbsp;<\/p>\n[button size=\"small\" icon=\"\" target=\"_blank\" text_align=\"left\" text=\"Informativo\" link=\"http:\/\/www.sigmatools.com.br\/site\/arquivos\/informativos\/1701010001%20-%20SGT-9950%20-%20Mangueira%20com%20enrolador%20esguicho.pdf\" color=\"#ffffff\" hover_color=\"#ffffff\" background_color=\"#353535\" hover_background_color=\"#dd3333\" border_color=\"#353535\" hover_border_color=\"#dd3333\"]","protected":false},"featured_media":12524,"comment_status":"open","ping_status":"closed","template":"","meta":{"_jet_sm_ready_style":"","_jet_sm_style":"","_jet_sm_controls_values":"","_jet_sm_fonts_collection":"","_jet_sm_fonts_links":""},"product_brand":[],"product_cat":[218,110,60,92,15],"product_tag":[],"class_list":{"0":"post-12523","1":"product","2":"type-product","3":"status-publish","4":"has-post-thumbnail","6":"product_cat-destaque","7":"product_cat-ferramentas","8":"product_cat-catalogo-geral","9":"product_cat-lavagem-e-higienizacao","10":"product_cat-sigma-tools","12":"first","13":"instock","14":"shipping-taxable","15":"product-type-simple"},"yoast_head":"<!-- This site is optimized with the Yoast SEO plugin v27.1.1 - https:\/\/yoast.com\/product\/yoast-seo-wordpress\/ -->\n<title>Mangueira com Enrolador e Esguicho 12 metros SGT-9950 - SGT TOOLS - Sigma Tools<\/title>\n<meta name=\"robots\" content=\"index, follow, max-snippet:-1, max-image-preview:large, max-video-preview:-1\" \/>\n<link rel=\"canonical\" href=\"https:\/\/www.sigmatools.com.br\/site\/produto\/sgt-9950\/\" \/>\n<meta property=\"og:locale\" content=\"pt_BR\" \/>\n<meta property=\"og:type\" content=\"article\" \/>\n<meta property=\"og:title\" content=\"Mangueira com Enrolador e Esguicho 12 metros SGT-9950 - SGT TOOLS - Sigma Tools\" \/>\n<meta property=\"og:description\" content=\"C\u00f3digo do Produto: 1701010001  C\u00f3digo de Barras: 7908276686054  \ufeff  &nbsp;  O Enrolador de Mangueira e Esguicho 12 Metros SGT-9950 \u00e9 a solu\u00e7\u00e3o ideal para quem busca praticidade, efici\u00eancia e total controle nas tarefas de jardinagem e limpeza. Com uma mangueira de 12 metros, oferece o alcance necess\u00e1rio para cobrir \u00e1reas amplas com comodidade e sem preocupa\u00e7\u00f5es. O sistema de enrolador com manivela facilita o recolhimento e armazenamento, tornando o uso muito mais pr\u00e1tico e organizado no dia a dia.  Leve e port\u00e1til, o equipamento pode ser transportado facilmente para qualquer ambiente. Tamb\u00e9m pode ser fixado na parede (parafusos n\u00e3o inclusos), otimizando espa\u00e7o e mantendo tudo sempre organizado. O kit completo acompanha esguicho de irriga\u00e7\u00e3o m\u00faltiplo, adaptador f\u00eamea e dois engates r\u00e1pidos 1\/2\u201d, atendendo \u00e0s diferentes necessidades de uso.  Vers\u00e1til, o enrolador pode ser utilizado em jardinagem, limpeza de quintais e cal\u00e7adas, manuten\u00e7\u00e3o residencial e at\u00e9 para dar banho em animais de estima\u00e7\u00e3o. Al\u00e9m disso, \u00e9 compat\u00edvel com lavadoras e desobstruidoras de uso ocasional e semi-intensivo, proporcionando uma experi\u00eancia completa e eficiente de limpeza.  &nbsp;  Caracter\u00edsticas \u2022 Mangueira 3\/8\u201d x 12mm x 12m; \u2022 Enrolador compacto com manivela de recolhimento; \u2022 Estrutura leve e port\u00e1til; \u2022 Conex\u00e3o padr\u00e3o 1\/2\u201d; \u2022 Fabricada em pol\u00edmeros, metal e borracha; \u2022 Possui encaixes para fixa\u00e7\u00e3o na parede; \u2022 Dimens\u00f5es da embalagem: 32 x 13 x 32,5cm (C x L x A); \u2022 Peso aproximado do produto: 2,2 kg  &nbsp;  Vantagens \u2022 Mant\u00e9m o jardim e \u00e1reas externas organizados; \u2022 Facilita o armazenamento e o transporte; \u2022 Uso pr\u00e1tico, confort\u00e1vel e funcional.  &nbsp;  Aplica\u00e7\u00e3o Ideal para jardinagem, limpeza de \u00e1reas externas, quintais, pisos e limpeza automotiva. Compat\u00edvel com desobstruidoras de uso ocasional e semi-intensivo.  &nbsp;  &nbsp;\" \/>\n<meta property=\"og:url\" content=\"https:\/\/www.sigmatools.com.br\/site\/produto\/sgt-9950\/\" \/>\n<meta property=\"og:site_name\" content=\"Sigma Tools\" \/>\n<meta property=\"article:publisher\" content=\"https:\/\/www.facebook.com\/sigmatools\" \/>\n<meta property=\"article:modified_time\" content=\"2026-02-27T11:39:17+00:00\" \/>\n<meta property=\"og:image\" content=\"https:\/\/www.sigmatools.com.br\/site\/wp-content\/uploads\/2026\/02\/1701010001.jpg\" \/>\n\t<meta property=\"og:image:width\" content=\"1500\" \/>\n\t<meta property=\"og:image:height\" content=\"1500\" \/>\n\t<meta property=\"og:image:type\" content=\"image\/jpeg\" \/>\n<meta name=\"twitter:card\" content=\"summary_large_image\" \/>\n<meta name=\"twitter:label1\" content=\"Est. tempo de leitura\" \/>\n\t<meta name=\"twitter:data1\" content=\"1 minuto\" \/>\n<script type=\"application\/ld+json\" class=\"yoast-schema-graph\">{\"@context\":\"https:\/\/schema.org\",\"@graph\":[{\"@type\":\"WebPage\",\"@id\":\"https:\/\/www.sigmatools.com.br\/site\/produto\/sgt-9950\/\",\"url\":\"https:\/\/www.sigmatools.com.br\/site\/produto\/sgt-9950\/\",\"name\":\"Mangueira com Enrolador e Esguicho 12 metros SGT-9950 - SGT TOOLS - Sigma Tools\",\"isPartOf\":{\"@id\":\"https:\/\/www.sigmatools.com.br\/site\/#website\"},\"primaryImageOfPage\":{\"@id\":\"https:\/\/www.sigmatools.com.br\/site\/produto\/sgt-9950\/#primaryimage\"},\"image\":{\"@id\":\"https:\/\/www.sigmatools.com.br\/site\/produto\/sgt-9950\/#primaryimage\"},\"thumbnailUrl\":\"https:\/\/www.sigmatools.com.br\/site\/wp-content\/uploads\/2026\/02\/1701010001.jpg\",\"datePublished\":\"2026-02-10T16:42:29+00:00\",\"dateModified\":\"2026-02-27T11:39:17+00:00\",\"breadcrumb\":{\"@id\":\"https:\/\/www.sigmatools.com.br\/site\/produto\/sgt-9950\/#breadcrumb\"},\"inLanguage\":\"pt-BR\",\"potentialAction\":[{\"@type\":\"ReadAction\",\"target\":[\"https:\/\/www.sigmatools.com.br\/site\/produto\/sgt-9950\/\"]}]},{\"@type\":\"ImageObject\",\"inLanguage\":\"pt-BR\",\"@id\":\"https:\/\/www.sigmatools.com.br\/site\/produto\/sgt-9950\/#primaryimage\",\"url\":\"https:\/\/www.sigmatools.com.br\/site\/wp-content\/uploads\/2026\/02\/1701010001.jpg\",\"contentUrl\":\"https:\/\/www.sigmatools.com.br\/site\/wp-content\/uploads\/2026\/02\/1701010001.jpg\",\"width\":1500,\"height\":1500},{\"@type\":\"BreadcrumbList\",\"@id\":\"https:\/\/www.sigmatools.com.br\/site\/produto\/sgt-9950\/#breadcrumb\",\"itemListElement\":[{\"@type\":\"ListItem\",\"position\":1,\"name\":\"In\u00edcio\",\"item\":\"https:\/\/www.sigmatools.com.br\/site\/\"},{\"@type\":\"ListItem\",\"position\":2,\"name\":\"Mangueira com Enrolador e Esguicho 12 metros SGT-9950 &#8211; SGT TOOLS\"}]},{\"@type\":\"WebSite\",\"@id\":\"https:\/\/www.sigmatools.com.br\/site\/#website\",\"url\":\"https:\/\/www.sigmatools.com.br\/site\/\",\"name\":\"Sigma Tools\",\"description\":\"Equipamentos para Est\u00e9tica Automotiva e Oficina Mec\u00e2nica - Sigma Tools\",\"publisher\":{\"@id\":\"https:\/\/www.sigmatools.com.br\/site\/#organization\"},\"potentialAction\":[{\"@type\":\"SearchAction\",\"target\":{\"@type\":\"EntryPoint\",\"urlTemplate\":\"https:\/\/www.sigmatools.com.br\/site\/?s={search_term_string}\"},\"query-input\":{\"@type\":\"PropertyValueSpecification\",\"valueRequired\":true,\"valueName\":\"search_term_string\"}}],\"inLanguage\":\"pt-BR\"},{\"@type\":\"Organization\",\"@id\":\"https:\/\/www.sigmatools.com.br\/site\/#organization\",\"name\":\"SIGMA TOOLS\",\"url\":\"https:\/\/www.sigmatools.com.br\/site\/\",\"logo\":{\"@type\":\"ImageObject\",\"inLanguage\":\"pt-BR\",\"@id\":\"https:\/\/www.sigmatools.com.br\/site\/#\/schema\/logo\/image\/\",\"url\":\"https:\/\/www.sigmatools.com.br\/site\/wp-content\/uploads\/2020\/01\/logo-sigma.png\",\"contentUrl\":\"https:\/\/www.sigmatools.com.br\/site\/wp-content\/uploads\/2020\/01\/logo-sigma.png\",\"width\":152,\"height\":150,\"caption\":\"SIGMA TOOLS\"},\"image\":{\"@id\":\"https:\/\/www.sigmatools.com.br\/site\/#\/schema\/logo\/image\/\"},\"sameAs\":[\"https:\/\/www.facebook.com\/sigmatools\"]}]}<\/script>\n<!-- \/ Yoast SEO plugin. -->","yoast_head_json":{"title":"Mangueira com Enrolador e Esguicho 12 metros SGT-9950 - SGT TOOLS - Sigma Tools","robots":{"index":"index","follow":"follow","max-snippet":"max-snippet:-1","max-image-preview":"max-image-preview:large","max-video-preview":"max-video-preview:-1"},"canonical":"https:\/\/www.sigmatools.com.br\/site\/produto\/sgt-9950\/","og_locale":"pt_BR","og_type":"article","og_title":"Mangueira com Enrolador e Esguicho 12 metros SGT-9950 - SGT TOOLS - Sigma Tools","og_description":"C\u00f3digo do Produto: 1701010001  C\u00f3digo de Barras: 7908276686054  \ufeff  &nbsp;  O Enrolador de Mangueira e Esguicho 12 Metros SGT-9950 \u00e9 a solu\u00e7\u00e3o ideal para quem busca praticidade, efici\u00eancia e total controle nas tarefas de jardinagem e limpeza. Com uma mangueira de 12 metros, oferece o alcance necess\u00e1rio para cobrir \u00e1reas amplas com comodidade e sem preocupa\u00e7\u00f5es. O sistema de enrolador com manivela facilita o recolhimento e armazenamento, tornando o uso muito mais pr\u00e1tico e organizado no dia a dia.  Leve e port\u00e1til, o equipamento pode ser transportado facilmente para qualquer ambiente. Tamb\u00e9m pode ser fixado na parede (parafusos n\u00e3o inclusos), otimizando espa\u00e7o e mantendo tudo sempre organizado. O kit completo acompanha esguicho de irriga\u00e7\u00e3o m\u00faltiplo, adaptador f\u00eamea e dois engates r\u00e1pidos 1\/2\u201d, atendendo \u00e0s diferentes necessidades de uso.  Vers\u00e1til, o enrolador pode ser utilizado em jardinagem, limpeza de quintais e cal\u00e7adas, manuten\u00e7\u00e3o residencial e at\u00e9 para dar banho em animais de estima\u00e7\u00e3o. Al\u00e9m disso, \u00e9 compat\u00edvel com lavadoras e desobstruidoras de uso ocasional e semi-intensivo, proporcionando uma experi\u00eancia completa e eficiente de limpeza.  &nbsp;  Caracter\u00edsticas \u2022 Mangueira 3\/8\u201d x 12mm x 12m; \u2022 Enrolador compacto com manivela de recolhimento; \u2022 Estrutura leve e port\u00e1til; \u2022 Conex\u00e3o padr\u00e3o 1\/2\u201d; \u2022 Fabricada em pol\u00edmeros, metal e borracha; \u2022 Possui encaixes para fixa\u00e7\u00e3o na parede; \u2022 Dimens\u00f5es da embalagem: 32 x 13 x 32,5cm (C x L x A); \u2022 Peso aproximado do produto: 2,2 kg  &nbsp;  Vantagens \u2022 Mant\u00e9m o jardim e \u00e1reas externas organizados; \u2022 Facilita o armazenamento e o transporte; \u2022 Uso pr\u00e1tico, confort\u00e1vel e funcional.  &nbsp;  Aplica\u00e7\u00e3o Ideal para jardinagem, limpeza de \u00e1reas externas, quintais, pisos e limpeza automotiva. Compat\u00edvel com desobstruidoras de uso ocasional e semi-intensivo.  &nbsp;  &nbsp;","og_url":"https:\/\/www.sigmatools.com.br\/site\/produto\/sgt-9950\/","og_site_name":"Sigma Tools","article_publisher":"https:\/\/www.facebook.com\/sigmatools","article_modified_time":"2026-02-27T11:39:17+00:00","og_image":[{"width":1500,"height":1500,"url":"https:\/\/www.sigmatools.com.br\/site\/wp-content\/uploads\/2026\/02\/1701010001.jpg","type":"image\/jpeg"}],"twitter_card":"summary_large_image","twitter_misc":{"Est. tempo de leitura":"1 minuto"},"schema":{"@context":"https:\/\/schema.org","@graph":[{"@type":"WebPage","@id":"https:\/\/www.sigmatools.com.br\/site\/produto\/sgt-9950\/","url":"https:\/\/www.sigmatools.com.br\/site\/produto\/sgt-9950\/","name":"Mangueira com Enrolador e Esguicho 12 metros SGT-9950 - SGT TOOLS - Sigma Tools","isPartOf":{"@id":"https:\/\/www.sigmatools.com.br\/site\/#website"},"primaryImageOfPage":{"@id":"https:\/\/www.sigmatools.com.br\/site\/produto\/sgt-9950\/#primaryimage"},"image":{"@id":"https:\/\/www.sigmatools.com.br\/site\/produto\/sgt-9950\/#primaryimage"},"thumbnailUrl":"https:\/\/www.sigmatools.com.br\/site\/wp-content\/uploads\/2026\/02\/1701010001.jpg","datePublished":"2026-02-10T16:42:29+00:00","dateModified":"2026-02-27T11:39:17+00:00","breadcrumb":{"@id":"https:\/\/www.sigmatools.com.br\/site\/produto\/sgt-9950\/#breadcrumb"},"inLanguage":"pt-BR","potentialAction":[{"@type":"ReadAction","target":["https:\/\/www.sigmatools.com.br\/site\/produto\/sgt-9950\/"]}]},{"@type":"ImageObject","inLanguage":"pt-BR","@id":"https:\/\/www.sigmatools.com.br\/site\/produto\/sgt-9950\/#primaryimage","url":"https:\/\/www.sigmatools.com.br\/site\/wp-content\/uploads\/2026\/02\/1701010001.jpg","contentUrl":"https:\/\/www.sigmatools.com.br\/site\/wp-content\/uploads\/2026\/02\/1701010001.jpg","width":1500,"height":1500},{"@type":"BreadcrumbList","@id":"https:\/\/www.sigmatools.com.br\/site\/produto\/sgt-9950\/#breadcrumb","itemListElement":[{"@type":"ListItem","position":1,"name":"In\u00edcio","item":"https:\/\/www.sigmatools.com.br\/site\/"},{"@type":"ListItem","position":2,"name":"Mangueira com Enrolador e Esguicho 12 metros SGT-9950 &#8211; SGT TOOLS"}]},{"@type":"WebSite","@id":"https:\/\/www.sigmatools.com.br\/site\/#website","url":"https:\/\/www.sigmatools.com.br\/site\/","name":"Sigma Tools","description":"Equipamentos para Est\u00e9tica Automotiva e Oficina Mec\u00e2nica - Sigma Tools","publisher":{"@id":"https:\/\/www.sigmatools.com.br\/site\/#organization"},"potentialAction":[{"@type":"SearchAction","target":{"@type":"EntryPoint","urlTemplate":"https:\/\/www.sigmatools.com.br\/site\/?s={search_term_string}"},"query-input":{"@type":"PropertyValueSpecification","valueRequired":true,"valueName":"search_term_string"}}],"inLanguage":"pt-BR"},{"@type":"Organization","@id":"https:\/\/www.sigmatools.com.br\/site\/#organization","name":"SIGMA TOOLS","url":"https:\/\/www.sigmatools.com.br\/site\/","logo":{"@type":"ImageObject","inLanguage":"pt-BR","@id":"https:\/\/www.sigmatools.com.br\/site\/#\/schema\/logo\/image\/","url":"https:\/\/www.sigmatools.com.br\/site\/wp-content\/uploads\/2020\/01\/logo-sigma.png","contentUrl":"https:\/\/www.sigmatools.com.br\/site\/wp-content\/uploads\/2020\/01\/logo-sigma.png","width":152,"height":150,"caption":"SIGMA TOOLS"},"image":{"@id":"https:\/\/www.sigmatools.com.br\/site\/#\/schema\/logo\/image\/"},"sameAs":["https:\/\/www.facebook.com\/sigmatools"]}]}},"_links":{"self":[{"href":"https:\/\/www.sigmatools.com.br\/site\/wp-json\/wp\/v2\/product\/12523","targetHints":{"allow":["GET"]}}],"collection":[{"href":"https:\/\/www.sigmatools.com.br\/site\/wp-json\/wp\/v2\/product"}],"about":[{"href":"https:\/\/www.sigmatools.com.br\/site\/wp-json\/wp\/v2\/types\/product"}],"replies":[{"embeddable":true,"href":"https:\/\/www.sigmatools.com.br\/site\/wp-json\/wp\/v2\/comments?post=12523"}],"wp:featuredmedia":[{"embeddable":true,"href":"https:\/\/www.sigmatools.com.br\/site\/wp-json\/wp\/v2\/media\/12524"}],"wp:attachment":[{"href":"https:\/\/www.sigmatools.com.br\/site\/wp-json\/wp\/v2\/media?parent=12523"}],"wp:term":[{"taxonomy":"product_brand","embeddable":true,"href":"https:\/\/www.sigmatools.com.br\/site\/wp-json\/wp\/v2\/product_brand?post=12523"},{"taxonomy":"product_cat","embeddable":true,"href":"https:\/\/www.sigmatools.com.br\/site\/wp-json\/wp\/v2\/product_cat?post=12523"},{"taxonomy":"product_tag","embeddable":true,"href":"https:\/\/www.sigmatools.com.br\/site\/wp-json\/wp\/v2\/product_tag?post=12523"}],"curies":[{"name":"wp","href":"https:\/\/api.w.org\/{rel}","templated":true}]}}