{"id":12838,"date":"2026-02-27T10:42:39","date_gmt":"2026-02-27T13:42:39","guid":{"rendered":"https:\/\/www.sigmatools.com.br\/site\/?post_type=product&#038;p=12838"},"modified":"2026-03-25T10:38:22","modified_gmt":"2026-03-25T13:38:22","slug":"catraca-combinada-2-em-1-1-2-x-3-8-140mm","status":"publish","type":"product","link":"https:\/\/www.sigmatools.com.br\/site\/produto\/catraca-combinada-2-em-1-1-2-x-3-8-140mm\/","title":{"rendered":"CATRACA COMBINADA 2 EM 1 &#8211; 1\/2&#8243; X 3\/8&#8243; &#8211; 140MM"},"content":{"rendered":"","protected":false},"excerpt":{"rendered":"<p><strong>C\u00f3digo do produto:<\/strong> 0601400031<\/p>\n<p><strong>C\u00f3digo de barras:<\/strong> 7908276683411<\/p>\n<iframe width=\"315\" height=\"560\" src=\"https:\/\/www.youtube.com\/embed\/duUA5LySMQA?si=zLxiDoLsJ9BSo2F0\" title=\"YouTube video player\" frameborder=\"0\" allow=\"accelerometer; autoplay; clipboard-write; encrypted-media; gyroscope; picture-in-picture; web-share\" referrerpolicy=\"strict-origin-when-cross-origin\" allowfullscreen><\/iframe>\n<p>&nbsp;<\/p>\n<p>&nbsp;<\/p>\n<p>&nbsp;<\/p>\n[button size=\"small\" icon=\"\" target=\"_blank\" text_align=\"left\" text=\"Informativo\" link=\"http:\/\/www.sigmatools.com.br\/site\/arquivos\/informativos\/CATRACAS.pdf\" color=\"#ffffff\" hover_color=\"#ffffff\" background_color=\"#353535\" hover_background_color=\"#dd3333\" border_color=\"#353535\" hover_border_color=\"#dd3333\"]","protected":false},"featured_media":12837,"comment_status":"open","ping_status":"closed","template":"","meta":{"_jet_sm_ready_style":"","_jet_sm_style":"","_jet_sm_controls_values":"","_jet_sm_fonts_collection":"","_jet_sm_fonts_links":""},"product_brand":[],"product_cat":[218,110,234,60,82,15],"product_tag":[301,283],"class_list":{"0":"post-12838","1":"product","2":"type-product","3":"status-publish","4":"has-post-thumbnail","6":"product_cat-destaque","7":"product_cat-ferramentas","8":"product_cat-ferramentas-manuais","9":"product_cat-catalogo-geral","10":"product_cat-aperto-e-desaperto","11":"product_cat-sigma-tools","12":"product_tag-aplicacao-aperto-desaperto","13":"product_tag-tipo-catraca","15":"first","16":"instock","17":"featured","18":"shipping-taxable","19":"product-type-simple"},"yoast_head":"<!-- This site is optimized with the Yoast SEO plugin v27.1.1 - https:\/\/yoast.com\/product\/yoast-seo-wordpress\/ -->\n<title>CATRACA COMBINADA 2 EM 1 - 1\/2&quot; X 3\/8&quot; - 140MM - Sigma Tools<\/title>\n<meta name=\"description\" content=\"Chave de impacto pneum\u00e1tica de 1&quot; longa sistema pinless. \u00d3tima para ve\u00edculos pesados como caminh\u00f5es, \u00f4nibus e tratores. N\u00e3o pode faltar na sua oficina!\" \/>\n<meta name=\"robots\" content=\"index, follow, max-snippet:-1, max-image-preview:large, max-video-preview:-1\" \/>\n<link rel=\"canonical\" href=\"https:\/\/www.sigmatools.com.br\/site\/produto\/catraca-combinada-2-em-1-1-2-x-3-8-140mm\/\" \/>\n<meta property=\"og:locale\" content=\"pt_BR\" \/>\n<meta property=\"og:type\" content=\"article\" \/>\n<meta property=\"og:title\" content=\"CATRACA COMBINADA 2 EM 1 - 1\/2&quot; X 3\/8&quot; - 140MM - Sigma Tools\" \/>\n<meta property=\"og:description\" content=\"Chave de impacto pneum\u00e1tica de 1&quot; longa sistema pinless. \u00d3tima para ve\u00edculos pesados como caminh\u00f5es, \u00f4nibus e tratores. N\u00e3o pode faltar na sua oficina!\" \/>\n<meta property=\"og:url\" content=\"https:\/\/www.sigmatools.com.br\/site\/produto\/catraca-combinada-2-em-1-1-2-x-3-8-140mm\/\" \/>\n<meta property=\"og:site_name\" content=\"Sigma Tools\" \/>\n<meta property=\"article:publisher\" content=\"https:\/\/www.facebook.com\/sigmatools\" \/>\n<meta property=\"article:modified_time\" content=\"2026-03-25T13:38:22+00:00\" \/>\n<meta property=\"og:image\" content=\"https:\/\/www.sigmatools.com.br\/site\/wp-content\/uploads\/2026\/02\/0601400030E-1.jpg\" \/>\n\t<meta property=\"og:image:width\" content=\"1500\" \/>\n\t<meta property=\"og:image:height\" content=\"1500\" \/>\n\t<meta property=\"og:image:type\" content=\"image\/jpeg\" \/>\n<meta name=\"twitter:card\" content=\"summary_large_image\" \/>\n<meta name=\"twitter:label1\" content=\"Est. tempo de leitura\" \/>\n\t<meta name=\"twitter:data1\" content=\"1 minuto\" \/>\n<script type=\"application\/ld+json\" class=\"yoast-schema-graph\">{\"@context\":\"https:\/\/schema.org\",\"@graph\":[{\"@type\":\"WebPage\",\"@id\":\"https:\/\/www.sigmatools.com.br\/site\/produto\/catraca-combinada-2-em-1-1-2-x-3-8-140mm\/\",\"url\":\"https:\/\/www.sigmatools.com.br\/site\/produto\/catraca-combinada-2-em-1-1-2-x-3-8-140mm\/\",\"name\":\"CATRACA COMBINADA 2 EM 1 - 1\/2\\\" X 3\/8\\\" - 140MM - Sigma Tools\",\"isPartOf\":{\"@id\":\"https:\/\/www.sigmatools.com.br\/site\/#website\"},\"primaryImageOfPage\":{\"@id\":\"https:\/\/www.sigmatools.com.br\/site\/produto\/catraca-combinada-2-em-1-1-2-x-3-8-140mm\/#primaryimage\"},\"image\":{\"@id\":\"https:\/\/www.sigmatools.com.br\/site\/produto\/catraca-combinada-2-em-1-1-2-x-3-8-140mm\/#primaryimage\"},\"thumbnailUrl\":\"https:\/\/www.sigmatools.com.br\/site\/wp-content\/uploads\/2026\/02\/0601400030E-1.jpg\",\"datePublished\":\"2026-02-27T13:42:39+00:00\",\"dateModified\":\"2026-03-25T13:38:22+00:00\",\"description\":\"Chave de impacto pneum\u00e1tica de 1\\\" longa sistema pinless. \u00d3tima para ve\u00edculos pesados como caminh\u00f5es, \u00f4nibus e tratores. N\u00e3o pode faltar na sua oficina!\",\"breadcrumb\":{\"@id\":\"https:\/\/www.sigmatools.com.br\/site\/produto\/catraca-combinada-2-em-1-1-2-x-3-8-140mm\/#breadcrumb\"},\"inLanguage\":\"pt-BR\",\"potentialAction\":[{\"@type\":\"ReadAction\",\"target\":[\"https:\/\/www.sigmatools.com.br\/site\/produto\/catraca-combinada-2-em-1-1-2-x-3-8-140mm\/\"]}]},{\"@type\":\"ImageObject\",\"inLanguage\":\"pt-BR\",\"@id\":\"https:\/\/www.sigmatools.com.br\/site\/produto\/catraca-combinada-2-em-1-1-2-x-3-8-140mm\/#primaryimage\",\"url\":\"https:\/\/www.sigmatools.com.br\/site\/wp-content\/uploads\/2026\/02\/0601400030E-1.jpg\",\"contentUrl\":\"https:\/\/www.sigmatools.com.br\/site\/wp-content\/uploads\/2026\/02\/0601400030E-1.jpg\",\"width\":1500,\"height\":1500},{\"@type\":\"BreadcrumbList\",\"@id\":\"https:\/\/www.sigmatools.com.br\/site\/produto\/catraca-combinada-2-em-1-1-2-x-3-8-140mm\/#breadcrumb\",\"itemListElement\":[{\"@type\":\"ListItem\",\"position\":1,\"name\":\"In\u00edcio\",\"item\":\"https:\/\/www.sigmatools.com.br\/site\/\"},{\"@type\":\"ListItem\",\"position\":2,\"name\":\"CATRACA COMBINADA 2 EM 1 &#8211; 1\/2&#8243; X 3\/8&#8243; &#8211; 140MM\"}]},{\"@type\":\"WebSite\",\"@id\":\"https:\/\/www.sigmatools.com.br\/site\/#website\",\"url\":\"https:\/\/www.sigmatools.com.br\/site\/\",\"name\":\"Sigma Tools\",\"description\":\"Equipamentos para Est\u00e9tica Automotiva e Oficina Mec\u00e2nica - Sigma Tools\",\"publisher\":{\"@id\":\"https:\/\/www.sigmatools.com.br\/site\/#organization\"},\"potentialAction\":[{\"@type\":\"SearchAction\",\"target\":{\"@type\":\"EntryPoint\",\"urlTemplate\":\"https:\/\/www.sigmatools.com.br\/site\/?s={search_term_string}\"},\"query-input\":{\"@type\":\"PropertyValueSpecification\",\"valueRequired\":true,\"valueName\":\"search_term_string\"}}],\"inLanguage\":\"pt-BR\"},{\"@type\":\"Organization\",\"@id\":\"https:\/\/www.sigmatools.com.br\/site\/#organization\",\"name\":\"SIGMA TOOLS\",\"url\":\"https:\/\/www.sigmatools.com.br\/site\/\",\"logo\":{\"@type\":\"ImageObject\",\"inLanguage\":\"pt-BR\",\"@id\":\"https:\/\/www.sigmatools.com.br\/site\/#\/schema\/logo\/image\/\",\"url\":\"https:\/\/www.sigmatools.com.br\/site\/wp-content\/uploads\/2020\/01\/logo-sigma.png\",\"contentUrl\":\"https:\/\/www.sigmatools.com.br\/site\/wp-content\/uploads\/2020\/01\/logo-sigma.png\",\"width\":152,\"height\":150,\"caption\":\"SIGMA TOOLS\"},\"image\":{\"@id\":\"https:\/\/www.sigmatools.com.br\/site\/#\/schema\/logo\/image\/\"},\"sameAs\":[\"https:\/\/www.facebook.com\/sigmatools\"]}]}<\/script>\n<!-- \/ Yoast SEO plugin. -->","yoast_head_json":{"title":"CATRACA COMBINADA 2 EM 1 - 1\/2\" X 3\/8\" - 140MM - Sigma Tools","description":"Chave de impacto pneum\u00e1tica de 1\" longa sistema pinless. \u00d3tima para ve\u00edculos pesados como caminh\u00f5es, \u00f4nibus e tratores. N\u00e3o pode faltar na sua oficina!","robots":{"index":"index","follow":"follow","max-snippet":"max-snippet:-1","max-image-preview":"max-image-preview:large","max-video-preview":"max-video-preview:-1"},"canonical":"https:\/\/www.sigmatools.com.br\/site\/produto\/catraca-combinada-2-em-1-1-2-x-3-8-140mm\/","og_locale":"pt_BR","og_type":"article","og_title":"CATRACA COMBINADA 2 EM 1 - 1\/2\" X 3\/8\" - 140MM - Sigma Tools","og_description":"Chave de impacto pneum\u00e1tica de 1\" longa sistema pinless. \u00d3tima para ve\u00edculos pesados como caminh\u00f5es, \u00f4nibus e tratores. N\u00e3o pode faltar na sua oficina!","og_url":"https:\/\/www.sigmatools.com.br\/site\/produto\/catraca-combinada-2-em-1-1-2-x-3-8-140mm\/","og_site_name":"Sigma Tools","article_publisher":"https:\/\/www.facebook.com\/sigmatools","article_modified_time":"2026-03-25T13:38:22+00:00","og_image":[{"width":1500,"height":1500,"url":"https:\/\/www.sigmatools.com.br\/site\/wp-content\/uploads\/2026\/02\/0601400030E-1.jpg","type":"image\/jpeg"}],"twitter_card":"summary_large_image","twitter_misc":{"Est. tempo de leitura":"1 minuto"},"schema":{"@context":"https:\/\/schema.org","@graph":[{"@type":"WebPage","@id":"https:\/\/www.sigmatools.com.br\/site\/produto\/catraca-combinada-2-em-1-1-2-x-3-8-140mm\/","url":"https:\/\/www.sigmatools.com.br\/site\/produto\/catraca-combinada-2-em-1-1-2-x-3-8-140mm\/","name":"CATRACA COMBINADA 2 EM 1 - 1\/2\" X 3\/8\" - 140MM - Sigma Tools","isPartOf":{"@id":"https:\/\/www.sigmatools.com.br\/site\/#website"},"primaryImageOfPage":{"@id":"https:\/\/www.sigmatools.com.br\/site\/produto\/catraca-combinada-2-em-1-1-2-x-3-8-140mm\/#primaryimage"},"image":{"@id":"https:\/\/www.sigmatools.com.br\/site\/produto\/catraca-combinada-2-em-1-1-2-x-3-8-140mm\/#primaryimage"},"thumbnailUrl":"https:\/\/www.sigmatools.com.br\/site\/wp-content\/uploads\/2026\/02\/0601400030E-1.jpg","datePublished":"2026-02-27T13:42:39+00:00","dateModified":"2026-03-25T13:38:22+00:00","description":"Chave de impacto pneum\u00e1tica de 1\" longa sistema pinless. \u00d3tima para ve\u00edculos pesados como caminh\u00f5es, \u00f4nibus e tratores. N\u00e3o pode faltar na sua oficina!","breadcrumb":{"@id":"https:\/\/www.sigmatools.com.br\/site\/produto\/catraca-combinada-2-em-1-1-2-x-3-8-140mm\/#breadcrumb"},"inLanguage":"pt-BR","potentialAction":[{"@type":"ReadAction","target":["https:\/\/www.sigmatools.com.br\/site\/produto\/catraca-combinada-2-em-1-1-2-x-3-8-140mm\/"]}]},{"@type":"ImageObject","inLanguage":"pt-BR","@id":"https:\/\/www.sigmatools.com.br\/site\/produto\/catraca-combinada-2-em-1-1-2-x-3-8-140mm\/#primaryimage","url":"https:\/\/www.sigmatools.com.br\/site\/wp-content\/uploads\/2026\/02\/0601400030E-1.jpg","contentUrl":"https:\/\/www.sigmatools.com.br\/site\/wp-content\/uploads\/2026\/02\/0601400030E-1.jpg","width":1500,"height":1500},{"@type":"BreadcrumbList","@id":"https:\/\/www.sigmatools.com.br\/site\/produto\/catraca-combinada-2-em-1-1-2-x-3-8-140mm\/#breadcrumb","itemListElement":[{"@type":"ListItem","position":1,"name":"In\u00edcio","item":"https:\/\/www.sigmatools.com.br\/site\/"},{"@type":"ListItem","position":2,"name":"CATRACA COMBINADA 2 EM 1 &#8211; 1\/2&#8243; X 3\/8&#8243; &#8211; 140MM"}]},{"@type":"WebSite","@id":"https:\/\/www.sigmatools.com.br\/site\/#website","url":"https:\/\/www.sigmatools.com.br\/site\/","name":"Sigma Tools","description":"Equipamentos para Est\u00e9tica Automotiva e Oficina Mec\u00e2nica - Sigma Tools","publisher":{"@id":"https:\/\/www.sigmatools.com.br\/site\/#organization"},"potentialAction":[{"@type":"SearchAction","target":{"@type":"EntryPoint","urlTemplate":"https:\/\/www.sigmatools.com.br\/site\/?s={search_term_string}"},"query-input":{"@type":"PropertyValueSpecification","valueRequired":true,"valueName":"search_term_string"}}],"inLanguage":"pt-BR"},{"@type":"Organization","@id":"https:\/\/www.sigmatools.com.br\/site\/#organization","name":"SIGMA TOOLS","url":"https:\/\/www.sigmatools.com.br\/site\/","logo":{"@type":"ImageObject","inLanguage":"pt-BR","@id":"https:\/\/www.sigmatools.com.br\/site\/#\/schema\/logo\/image\/","url":"https:\/\/www.sigmatools.com.br\/site\/wp-content\/uploads\/2020\/01\/logo-sigma.png","contentUrl":"https:\/\/www.sigmatools.com.br\/site\/wp-content\/uploads\/2020\/01\/logo-sigma.png","width":152,"height":150,"caption":"SIGMA TOOLS"},"image":{"@id":"https:\/\/www.sigmatools.com.br\/site\/#\/schema\/logo\/image\/"},"sameAs":["https:\/\/www.facebook.com\/sigmatools"]}]}},"_links":{"self":[{"href":"https:\/\/www.sigmatools.com.br\/site\/wp-json\/wp\/v2\/product\/12838","targetHints":{"allow":["GET"]}}],"collection":[{"href":"https:\/\/www.sigmatools.com.br\/site\/wp-json\/wp\/v2\/product"}],"about":[{"href":"https:\/\/www.sigmatools.com.br\/site\/wp-json\/wp\/v2\/types\/product"}],"replies":[{"embeddable":true,"href":"https:\/\/www.sigmatools.com.br\/site\/wp-json\/wp\/v2\/comments?post=12838"}],"wp:featuredmedia":[{"embeddable":true,"href":"https:\/\/www.sigmatools.com.br\/site\/wp-json\/wp\/v2\/media\/12837"}],"wp:attachment":[{"href":"https:\/\/www.sigmatools.com.br\/site\/wp-json\/wp\/v2\/media?parent=12838"}],"wp:term":[{"taxonomy":"product_brand","embeddable":true,"href":"https:\/\/www.sigmatools.com.br\/site\/wp-json\/wp\/v2\/product_brand?post=12838"},{"taxonomy":"product_cat","embeddable":true,"href":"https:\/\/www.sigmatools.com.br\/site\/wp-json\/wp\/v2\/product_cat?post=12838"},{"taxonomy":"product_tag","embeddable":true,"href":"https:\/\/www.sigmatools.com.br\/site\/wp-json\/wp\/v2\/product_tag?post=12838"}],"curies":[{"name":"wp","href":"https:\/\/api.w.org\/{rel}","templated":true}]}}