{"id":12882,"date":"2026-03-06T11:23:59","date_gmt":"2026-03-06T14:23:59","guid":{"rendered":"https:\/\/www.sigmatools.com.br\/site\/?post_type=product&#038;p=12882"},"modified":"2026-03-09T08:22:29","modified_gmt":"2026-03-09T11:22:29","slug":"bico-de-extratora","status":"publish","type":"product","link":"https:\/\/www.sigmatools.com.br\/site\/produto\/bico-de-extratora\/","title":{"rendered":"BICO PONTEIRA EXTRATORA ASPIRADOR COM ADAPTADOR 32 A 38MM UNIVERSAL &#8211; SGT TOOLS"},"content":{"rendered":"","protected":false},"excerpt":{"rendered":"<p><strong>C\u00f3digo do Produto: <\/strong>0764990001<\/p>\n<p><strong>C\u00f3digo de Barras: <\/strong>7908276688713<\/p>\n<p>&nbsp;<\/p>\n<p>&nbsp;<\/p>\n<p>Bico de Ponteira Extratora Aspirador Com Adaptador 32 A 38mm Universal SGT TOOLS<\/p>\n<p>O Bocal para Extratora Universal Aspirador da SGT TOOLS \u00e9 o acess\u00f3rio essencial para manter sua casa limpa e livre de sujeiras.<\/p>\n<p>Projetado para ser compat\u00edvel com uma ampla gama de aspiradores, ele oferece uma solu\u00e7\u00e3o pr\u00e1tica e vers\u00e1til para suas necessidades de limpeza.<\/p>\n<p>&nbsp;<\/p>\n<p><strong>Adaptador universal 32 a 38mm<\/strong><\/p>\n<p>32mm &#8211; Utilizar com o adaptador de pl\u00e1stico preto que acompanha o bocal.<br \/>\n( Geralmente serve em marcas como Electrolux, Wap GTW10, GTW12 , GTW20 , Philco, Brit\u00e2nia, entre outros.)<\/p>\n<p>36mm &#8211; Usar o bocal direto sem necessidade de adaptador.<br \/>\n( Geralmente serve para marcas Wap, Lavor, Karcher, Black e Decker, Soteco, Copetec entre outros.)<\/p>\n<p>&nbsp;<\/p>\n<p><strong>Destaques do produto<\/strong><\/p>\n<p>&#8211; Compatibilidade universal: Adapta-se a v\u00e1rios aspiradores, garantindo praticidade;<br \/>\n&#8211; Desempenho superior: Design melhora a suc\u00e7\u00e3o, removendo part\u00edculas finas;<br \/>\n&#8211; Limpeza eficaz: Cerdas de alta qualidade para carpetes, pisos e estofados;<br \/>\n&#8211; Alta durabilidade: Constru\u00e7\u00e3o robusta para uso frequente e consistente;<br \/>\n&#8211; Instala\u00e7\u00e3o pr\u00e1tica: Conex\u00e3o f\u00e1cil para uso imediato.<\/p>\n<p>&nbsp;<\/p>\n<p><strong>Aplica\u00e7\u00f5es<\/strong><br \/>\n&#8211; Remo\u00e7\u00e3o de sujeira em pisos duros e estofados;<br \/>\n&#8211; Ideal para uso dom\u00e9stico e automotivo;<br \/>\n&#8211; Limpeza de carpetes e tapetes.<\/p>\n<p>&nbsp;<\/p>\n<p><strong>Ficha T\u00e9cnica<\/strong><br \/>\n&#8211; Di\u00e2metro do Bocal: 32 a 36 mm (universal);<br \/>\n&#8211; Comprimento: 27 cm;<br \/>\n&#8211; Material: Polipropileno.<\/p>\n<p>&nbsp;<\/p>\n<p>Fabricante: Sigma Tools<br \/>\nMarca: SGT TOOLS<\/p>","protected":false},"featured_media":12883,"comment_status":"open","ping_status":"closed","template":"","meta":{"_jet_sm_ready_style":"","_jet_sm_style":"","_jet_sm_controls_values":"","_jet_sm_fonts_collection":"","_jet_sm_fonts_links":""},"product_brand":[],"product_cat":[218,60,103,15],"product_tag":[],"class_list":{"0":"post-12882","1":"product","2":"type-product","3":"status-publish","4":"has-post-thumbnail","6":"product_cat-destaque","7":"product_cat-catalogo-geral","8":"product_cat-detalhamento-automotivo","9":"product_cat-sigma-tools","11":"first","12":"instock","13":"shipping-taxable","14":"product-type-simple"},"yoast_head":"<!-- This site is optimized with the Yoast SEO plugin v27.1.1 - https:\/\/yoast.com\/product\/yoast-seo-wordpress\/ -->\n<title>BICO PONTEIRA EXTRATORA ASPIRADOR COM ADAPTADOR 32 A 38MM UNIVERSAL - SGT TOOLS - Sigma Tools<\/title>\n<meta name=\"robots\" content=\"index, follow, max-snippet:-1, max-image-preview:large, max-video-preview:-1\" \/>\n<link rel=\"canonical\" href=\"https:\/\/www.sigmatools.com.br\/site\/produto\/bico-de-extratora\/\" \/>\n<meta property=\"og:locale\" content=\"pt_BR\" \/>\n<meta property=\"og:type\" content=\"article\" \/>\n<meta property=\"og:title\" content=\"BICO PONTEIRA EXTRATORA ASPIRADOR COM ADAPTADOR 32 A 38MM UNIVERSAL - SGT TOOLS - Sigma Tools\" \/>\n<meta property=\"og:description\" content=\"C\u00f3digo do Produto: 0764990001  C\u00f3digo de Barras: 7908276688713  &nbsp;  &nbsp;  Bico de Ponteira Extratora Aspirador Com Adaptador 32 A 38mm Universal SGT TOOLS  O Bocal para Extratora Universal Aspirador da SGT TOOLS \u00e9 o acess\u00f3rio essencial para manter sua casa limpa e livre de sujeiras.  Projetado para ser compat\u00edvel com uma ampla gama de aspiradores, ele oferece uma solu\u00e7\u00e3o pr\u00e1tica e vers\u00e1til para suas necessidades de limpeza.  &nbsp;  Adaptador universal 32 a 38mm  32mm - Utilizar com o adaptador de pl\u00e1stico preto que acompanha o bocal. ( Geralmente serve em marcas como Electrolux, Wap GTW10, GTW12 , GTW20 , Philco, Brit\u00e2nia, entre outros.)  36mm - Usar o bocal direto sem necessidade de adaptador. ( Geralmente serve para marcas Wap, Lavor, Karcher, Black e Decker, Soteco, Copetec entre outros.)  &nbsp;  Destaques do produto  - Compatibilidade universal: Adapta-se a v\u00e1rios aspiradores, garantindo praticidade; - Desempenho superior: Design melhora a suc\u00e7\u00e3o, removendo part\u00edculas finas; - Limpeza eficaz: Cerdas de alta qualidade para carpetes, pisos e estofados; - Alta durabilidade: Constru\u00e7\u00e3o robusta para uso frequente e consistente; - Instala\u00e7\u00e3o pr\u00e1tica: Conex\u00e3o f\u00e1cil para uso imediato.  &nbsp;  Aplica\u00e7\u00f5es - Remo\u00e7\u00e3o de sujeira em pisos duros e estofados; - Ideal para uso dom\u00e9stico e automotivo; - Limpeza de carpetes e tapetes.  &nbsp;  Ficha T\u00e9cnica - Di\u00e2metro do Bocal: 32 a 36 mm (universal); - Comprimento: 27 cm; - Material: Polipropileno.  &nbsp;  Fabricante: Sigma Tools Marca: SGT TOOLS\" \/>\n<meta property=\"og:url\" content=\"https:\/\/www.sigmatools.com.br\/site\/produto\/bico-de-extratora\/\" \/>\n<meta property=\"og:site_name\" content=\"Sigma Tools\" \/>\n<meta property=\"article:publisher\" content=\"https:\/\/www.facebook.com\/sigmatools\" \/>\n<meta property=\"article:modified_time\" content=\"2026-03-09T11:22:29+00:00\" \/>\n<meta property=\"og:image\" content=\"https:\/\/www.sigmatools.com.br\/site\/wp-content\/uploads\/2026\/03\/0764990001.jpg\" \/>\n\t<meta property=\"og:image:width\" content=\"1500\" \/>\n\t<meta property=\"og:image:height\" content=\"1500\" \/>\n\t<meta property=\"og:image:type\" content=\"image\/jpeg\" \/>\n<meta name=\"twitter:card\" content=\"summary_large_image\" \/>\n<meta name=\"twitter:label1\" content=\"Est. tempo de leitura\" \/>\n\t<meta name=\"twitter:data1\" content=\"1 minuto\" \/>\n<script type=\"application\/ld+json\" class=\"yoast-schema-graph\">{\"@context\":\"https:\/\/schema.org\",\"@graph\":[{\"@type\":\"WebPage\",\"@id\":\"https:\/\/www.sigmatools.com.br\/site\/produto\/bico-de-extratora\/\",\"url\":\"https:\/\/www.sigmatools.com.br\/site\/produto\/bico-de-extratora\/\",\"name\":\"BICO PONTEIRA EXTRATORA ASPIRADOR COM ADAPTADOR 32 A 38MM UNIVERSAL - SGT TOOLS - Sigma Tools\",\"isPartOf\":{\"@id\":\"https:\/\/www.sigmatools.com.br\/site\/#website\"},\"primaryImageOfPage\":{\"@id\":\"https:\/\/www.sigmatools.com.br\/site\/produto\/bico-de-extratora\/#primaryimage\"},\"image\":{\"@id\":\"https:\/\/www.sigmatools.com.br\/site\/produto\/bico-de-extratora\/#primaryimage\"},\"thumbnailUrl\":\"https:\/\/www.sigmatools.com.br\/site\/wp-content\/uploads\/2026\/03\/0764990001.jpg\",\"datePublished\":\"2026-03-06T14:23:59+00:00\",\"dateModified\":\"2026-03-09T11:22:29+00:00\",\"breadcrumb\":{\"@id\":\"https:\/\/www.sigmatools.com.br\/site\/produto\/bico-de-extratora\/#breadcrumb\"},\"inLanguage\":\"pt-BR\",\"potentialAction\":[{\"@type\":\"ReadAction\",\"target\":[\"https:\/\/www.sigmatools.com.br\/site\/produto\/bico-de-extratora\/\"]}]},{\"@type\":\"ImageObject\",\"inLanguage\":\"pt-BR\",\"@id\":\"https:\/\/www.sigmatools.com.br\/site\/produto\/bico-de-extratora\/#primaryimage\",\"url\":\"https:\/\/www.sigmatools.com.br\/site\/wp-content\/uploads\/2026\/03\/0764990001.jpg\",\"contentUrl\":\"https:\/\/www.sigmatools.com.br\/site\/wp-content\/uploads\/2026\/03\/0764990001.jpg\",\"width\":1500,\"height\":1500},{\"@type\":\"BreadcrumbList\",\"@id\":\"https:\/\/www.sigmatools.com.br\/site\/produto\/bico-de-extratora\/#breadcrumb\",\"itemListElement\":[{\"@type\":\"ListItem\",\"position\":1,\"name\":\"In\u00edcio\",\"item\":\"https:\/\/www.sigmatools.com.br\/site\/\"},{\"@type\":\"ListItem\",\"position\":2,\"name\":\"BICO PONTEIRA EXTRATORA ASPIRADOR COM ADAPTADOR 32 A 38MM UNIVERSAL &#8211; SGT TOOLS\"}]},{\"@type\":\"WebSite\",\"@id\":\"https:\/\/www.sigmatools.com.br\/site\/#website\",\"url\":\"https:\/\/www.sigmatools.com.br\/site\/\",\"name\":\"Sigma Tools\",\"description\":\"Equipamentos para Est\u00e9tica Automotiva e Oficina Mec\u00e2nica - Sigma Tools\",\"publisher\":{\"@id\":\"https:\/\/www.sigmatools.com.br\/site\/#organization\"},\"potentialAction\":[{\"@type\":\"SearchAction\",\"target\":{\"@type\":\"EntryPoint\",\"urlTemplate\":\"https:\/\/www.sigmatools.com.br\/site\/?s={search_term_string}\"},\"query-input\":{\"@type\":\"PropertyValueSpecification\",\"valueRequired\":true,\"valueName\":\"search_term_string\"}}],\"inLanguage\":\"pt-BR\"},{\"@type\":\"Organization\",\"@id\":\"https:\/\/www.sigmatools.com.br\/site\/#organization\",\"name\":\"SIGMA TOOLS\",\"url\":\"https:\/\/www.sigmatools.com.br\/site\/\",\"logo\":{\"@type\":\"ImageObject\",\"inLanguage\":\"pt-BR\",\"@id\":\"https:\/\/www.sigmatools.com.br\/site\/#\/schema\/logo\/image\/\",\"url\":\"https:\/\/www.sigmatools.com.br\/site\/wp-content\/uploads\/2020\/01\/logo-sigma.png\",\"contentUrl\":\"https:\/\/www.sigmatools.com.br\/site\/wp-content\/uploads\/2020\/01\/logo-sigma.png\",\"width\":152,\"height\":150,\"caption\":\"SIGMA TOOLS\"},\"image\":{\"@id\":\"https:\/\/www.sigmatools.com.br\/site\/#\/schema\/logo\/image\/\"},\"sameAs\":[\"https:\/\/www.facebook.com\/sigmatools\"]}]}<\/script>\n<!-- \/ Yoast SEO plugin. -->","yoast_head_json":{"title":"BICO PONTEIRA EXTRATORA ASPIRADOR COM ADAPTADOR 32 A 38MM UNIVERSAL - SGT TOOLS - Sigma Tools","robots":{"index":"index","follow":"follow","max-snippet":"max-snippet:-1","max-image-preview":"max-image-preview:large","max-video-preview":"max-video-preview:-1"},"canonical":"https:\/\/www.sigmatools.com.br\/site\/produto\/bico-de-extratora\/","og_locale":"pt_BR","og_type":"article","og_title":"BICO PONTEIRA EXTRATORA ASPIRADOR COM ADAPTADOR 32 A 38MM UNIVERSAL - SGT TOOLS - Sigma Tools","og_description":"C\u00f3digo do Produto: 0764990001  C\u00f3digo de Barras: 7908276688713  &nbsp;  &nbsp;  Bico de Ponteira Extratora Aspirador Com Adaptador 32 A 38mm Universal SGT TOOLS  O Bocal para Extratora Universal Aspirador da SGT TOOLS \u00e9 o acess\u00f3rio essencial para manter sua casa limpa e livre de sujeiras.  Projetado para ser compat\u00edvel com uma ampla gama de aspiradores, ele oferece uma solu\u00e7\u00e3o pr\u00e1tica e vers\u00e1til para suas necessidades de limpeza.  &nbsp;  Adaptador universal 32 a 38mm  32mm - Utilizar com o adaptador de pl\u00e1stico preto que acompanha o bocal. ( Geralmente serve em marcas como Electrolux, Wap GTW10, GTW12 , GTW20 , Philco, Brit\u00e2nia, entre outros.)  36mm - Usar o bocal direto sem necessidade de adaptador. ( Geralmente serve para marcas Wap, Lavor, Karcher, Black e Decker, Soteco, Copetec entre outros.)  &nbsp;  Destaques do produto  - Compatibilidade universal: Adapta-se a v\u00e1rios aspiradores, garantindo praticidade; - Desempenho superior: Design melhora a suc\u00e7\u00e3o, removendo part\u00edculas finas; - Limpeza eficaz: Cerdas de alta qualidade para carpetes, pisos e estofados; - Alta durabilidade: Constru\u00e7\u00e3o robusta para uso frequente e consistente; - Instala\u00e7\u00e3o pr\u00e1tica: Conex\u00e3o f\u00e1cil para uso imediato.  &nbsp;  Aplica\u00e7\u00f5es - Remo\u00e7\u00e3o de sujeira em pisos duros e estofados; - Ideal para uso dom\u00e9stico e automotivo; - Limpeza de carpetes e tapetes.  &nbsp;  Ficha T\u00e9cnica - Di\u00e2metro do Bocal: 32 a 36 mm (universal); - Comprimento: 27 cm; - Material: Polipropileno.  &nbsp;  Fabricante: Sigma Tools Marca: SGT TOOLS","og_url":"https:\/\/www.sigmatools.com.br\/site\/produto\/bico-de-extratora\/","og_site_name":"Sigma Tools","article_publisher":"https:\/\/www.facebook.com\/sigmatools","article_modified_time":"2026-03-09T11:22:29+00:00","og_image":[{"width":1500,"height":1500,"url":"https:\/\/www.sigmatools.com.br\/site\/wp-content\/uploads\/2026\/03\/0764990001.jpg","type":"image\/jpeg"}],"twitter_card":"summary_large_image","twitter_misc":{"Est. tempo de leitura":"1 minuto"},"schema":{"@context":"https:\/\/schema.org","@graph":[{"@type":"WebPage","@id":"https:\/\/www.sigmatools.com.br\/site\/produto\/bico-de-extratora\/","url":"https:\/\/www.sigmatools.com.br\/site\/produto\/bico-de-extratora\/","name":"BICO PONTEIRA EXTRATORA ASPIRADOR COM ADAPTADOR 32 A 38MM UNIVERSAL - SGT TOOLS - Sigma Tools","isPartOf":{"@id":"https:\/\/www.sigmatools.com.br\/site\/#website"},"primaryImageOfPage":{"@id":"https:\/\/www.sigmatools.com.br\/site\/produto\/bico-de-extratora\/#primaryimage"},"image":{"@id":"https:\/\/www.sigmatools.com.br\/site\/produto\/bico-de-extratora\/#primaryimage"},"thumbnailUrl":"https:\/\/www.sigmatools.com.br\/site\/wp-content\/uploads\/2026\/03\/0764990001.jpg","datePublished":"2026-03-06T14:23:59+00:00","dateModified":"2026-03-09T11:22:29+00:00","breadcrumb":{"@id":"https:\/\/www.sigmatools.com.br\/site\/produto\/bico-de-extratora\/#breadcrumb"},"inLanguage":"pt-BR","potentialAction":[{"@type":"ReadAction","target":["https:\/\/www.sigmatools.com.br\/site\/produto\/bico-de-extratora\/"]}]},{"@type":"ImageObject","inLanguage":"pt-BR","@id":"https:\/\/www.sigmatools.com.br\/site\/produto\/bico-de-extratora\/#primaryimage","url":"https:\/\/www.sigmatools.com.br\/site\/wp-content\/uploads\/2026\/03\/0764990001.jpg","contentUrl":"https:\/\/www.sigmatools.com.br\/site\/wp-content\/uploads\/2026\/03\/0764990001.jpg","width":1500,"height":1500},{"@type":"BreadcrumbList","@id":"https:\/\/www.sigmatools.com.br\/site\/produto\/bico-de-extratora\/#breadcrumb","itemListElement":[{"@type":"ListItem","position":1,"name":"In\u00edcio","item":"https:\/\/www.sigmatools.com.br\/site\/"},{"@type":"ListItem","position":2,"name":"BICO PONTEIRA EXTRATORA ASPIRADOR COM ADAPTADOR 32 A 38MM UNIVERSAL &#8211; SGT TOOLS"}]},{"@type":"WebSite","@id":"https:\/\/www.sigmatools.com.br\/site\/#website","url":"https:\/\/www.sigmatools.com.br\/site\/","name":"Sigma Tools","description":"Equipamentos para Est\u00e9tica Automotiva e Oficina Mec\u00e2nica - Sigma Tools","publisher":{"@id":"https:\/\/www.sigmatools.com.br\/site\/#organization"},"potentialAction":[{"@type":"SearchAction","target":{"@type":"EntryPoint","urlTemplate":"https:\/\/www.sigmatools.com.br\/site\/?s={search_term_string}"},"query-input":{"@type":"PropertyValueSpecification","valueRequired":true,"valueName":"search_term_string"}}],"inLanguage":"pt-BR"},{"@type":"Organization","@id":"https:\/\/www.sigmatools.com.br\/site\/#organization","name":"SIGMA TOOLS","url":"https:\/\/www.sigmatools.com.br\/site\/","logo":{"@type":"ImageObject","inLanguage":"pt-BR","@id":"https:\/\/www.sigmatools.com.br\/site\/#\/schema\/logo\/image\/","url":"https:\/\/www.sigmatools.com.br\/site\/wp-content\/uploads\/2020\/01\/logo-sigma.png","contentUrl":"https:\/\/www.sigmatools.com.br\/site\/wp-content\/uploads\/2020\/01\/logo-sigma.png","width":152,"height":150,"caption":"SIGMA TOOLS"},"image":{"@id":"https:\/\/www.sigmatools.com.br\/site\/#\/schema\/logo\/image\/"},"sameAs":["https:\/\/www.facebook.com\/sigmatools"]}]}},"_links":{"self":[{"href":"https:\/\/www.sigmatools.com.br\/site\/wp-json\/wp\/v2\/product\/12882","targetHints":{"allow":["GET"]}}],"collection":[{"href":"https:\/\/www.sigmatools.com.br\/site\/wp-json\/wp\/v2\/product"}],"about":[{"href":"https:\/\/www.sigmatools.com.br\/site\/wp-json\/wp\/v2\/types\/product"}],"replies":[{"embeddable":true,"href":"https:\/\/www.sigmatools.com.br\/site\/wp-json\/wp\/v2\/comments?post=12882"}],"wp:featuredmedia":[{"embeddable":true,"href":"https:\/\/www.sigmatools.com.br\/site\/wp-json\/wp\/v2\/media\/12883"}],"wp:attachment":[{"href":"https:\/\/www.sigmatools.com.br\/site\/wp-json\/wp\/v2\/media?parent=12882"}],"wp:term":[{"taxonomy":"product_brand","embeddable":true,"href":"https:\/\/www.sigmatools.com.br\/site\/wp-json\/wp\/v2\/product_brand?post=12882"},{"taxonomy":"product_cat","embeddable":true,"href":"https:\/\/www.sigmatools.com.br\/site\/wp-json\/wp\/v2\/product_cat?post=12882"},{"taxonomy":"product_tag","embeddable":true,"href":"https:\/\/www.sigmatools.com.br\/site\/wp-json\/wp\/v2\/product_tag?post=12882"}],"curies":[{"name":"wp","href":"https:\/\/api.w.org\/{rel}","templated":true}]}}