{"id":12966,"date":"2026-03-18T12:28:27","date_gmt":"2026-03-18T15:28:27","guid":{"rendered":"https:\/\/www.sigmatools.com.br\/site\/?post_type=product&#038;p=12966"},"modified":"2026-03-25T14:02:40","modified_gmt":"2026-03-25T17:02:40","slug":"sgt-8521-lanterna-led-giratoria-1000-lumens-com-sensor-de-movimento","status":"publish","type":"product","link":"https:\/\/www.sigmatools.com.br\/site\/produto\/sgt-8521-lanterna-led-giratoria-1000-lumens-com-sensor-de-movimento\/","title":{"rendered":"Lanterna LED Girat\u00f3ria 1000 Lumens Sensor Movimento SGT-8521 &#8211; SGT TOOLS"},"content":{"rendered":"","protected":false},"excerpt":{"rendered":"<p><strong>C\u00f3digo de Produto<\/strong>: 0703852100<\/p>\n<p><strong>C\u00f3digo de Barras<\/strong>: 7908276686092<\/p>\n<p>&nbsp;<\/p>\n<p>&nbsp;<\/p>\n<p><strong>Caracter\u00edsticas<\/strong><br \/>\n\u2022 Ilumina\u00e7\u00e3o LED de alta intensidade (1000 lumens);<br \/>\n\u2022 Sensor de movimento para acionamento sem contato;<br \/>\n\u2022 Dois modos de acionamento: bot\u00e3o ou sensor;<br \/>\n\u2022 Luz girat\u00f3ria at\u00e9 360\u00b0 para melhor direcionamento;<br \/>\n\u2022 Estrutura com suportes articulados para diferentes posi\u00e7\u00f5es de uso;<br \/>\n\u2022 4 \u00edm\u00e3s para fixa\u00e7\u00e3o em superf\u00edcies met\u00e1licas;<br \/>\n\u2022 2 ganchos para pendurar em diferentes posi\u00e7\u00f5es;<br \/>\n\u2022 Recarreg\u00e1vel via porta USB-C;<br \/>\n\u2022 Indicador de n\u00edvel de bateria.<\/p>\n<p><strong>Vantagens<\/strong><br \/>\n\u2022 Permite acionamento r\u00e1pido e pr\u00e1tico da ilumina\u00e7\u00e3o;<br \/>\n\u2022 Luz ajust\u00e1vel para melhor direcionamento na \u00e1rea de trabalho;<br \/>\n\u2022 Diversas op\u00e7\u00f5es de posicionamento com \u00edm\u00e3s, ganchos e suportes articulados;<br \/>\n\u2022 Maior praticidade e efici\u00eancia em trabalhos de manuten\u00e7\u00e3o.<\/p>\n<p><strong>Aplica\u00e7\u00f5es<\/strong><br \/>\nIdeal para ilumina\u00e7\u00e3o em manuten\u00e7\u00e3o automotiva, oficinas mec\u00e2nicas, inspe\u00e7\u00f5es t\u00e9cnicas e trabalhos em compartimentos de motor ou locais com pouca ilumina\u00e7\u00e3o.<\/p>\n<p>&nbsp;<\/p>\n<p>&nbsp;<\/p>\n[button size=\"small\" icon=\"\" target=\"_blank\" text_align=\"left\" text=\"Informativo\" link=\"http:\/\/www.sigmatools.com.br\/site\/arquivos\/informativos\/SGT-8521%20-%20LANTERNA%20LED%201000%20LUMENS.pdf\" color=\"#ffffff\" hover_color=\"#ffffff\" background_color=\"#353535\" hover_background_color=\"#dd3333\" border_color=\"#353535\" hover_border_color=\"#dd3333\"]\n<p>&nbsp;<\/p>","protected":false},"featured_media":13002,"comment_status":"open","ping_status":"closed","template":"","meta":{"_jet_sm_ready_style":"","_jet_sm_style":"","_jet_sm_controls_values":"","_jet_sm_fonts_collection":"","_jet_sm_fonts_links":""},"product_brand":[],"product_cat":[218,110,60,72,15],"product_tag":[],"class_list":{"0":"post-12966","1":"product","2":"type-product","3":"status-publish","4":"has-post-thumbnail","6":"product_cat-destaque","7":"product_cat-ferramentas","8":"product_cat-catalogo-geral","9":"product_cat-iluminacao","10":"product_cat-sigma-tools","12":"first","13":"instock","14":"featured","15":"shipping-taxable","16":"product-type-simple"},"yoast_head":"<!-- This site is optimized with the Yoast SEO plugin v27.1.1 - https:\/\/yoast.com\/product\/yoast-seo-wordpress\/ -->\n<title>Lanterna LED Girat\u00f3ria 1000 Lumens Sensor Movimento SGT-8521 - SGT TOOLS - Sigma Tools<\/title>\n<meta name=\"robots\" content=\"index, follow, max-snippet:-1, max-image-preview:large, max-video-preview:-1\" \/>\n<link rel=\"canonical\" href=\"https:\/\/www.sigmatools.com.br\/site\/produto\/sgt-8521-lanterna-led-giratoria-1000-lumens-com-sensor-de-movimento\/\" \/>\n<meta property=\"og:locale\" content=\"pt_BR\" \/>\n<meta property=\"og:type\" content=\"article\" \/>\n<meta property=\"og:title\" content=\"Lanterna LED Girat\u00f3ria 1000 Lumens Sensor Movimento SGT-8521 - SGT TOOLS - Sigma Tools\" \/>\n<meta property=\"og:description\" content=\"C\u00f3digo de Produto: 0703852100  C\u00f3digo de Barras: 7908276686092  &nbsp;  &nbsp;  Caracter\u00edsticas \u2022 Ilumina\u00e7\u00e3o LED de alta intensidade (1000 lumens); \u2022 Sensor de movimento para acionamento sem contato; \u2022 Dois modos de acionamento: bot\u00e3o ou sensor; \u2022 Luz girat\u00f3ria at\u00e9 360\u00b0 para melhor direcionamento; \u2022 Estrutura com suportes articulados para diferentes posi\u00e7\u00f5es de uso; \u2022 4 \u00edm\u00e3s para fixa\u00e7\u00e3o em superf\u00edcies met\u00e1licas; \u2022 2 ganchos para pendurar em diferentes posi\u00e7\u00f5es; \u2022 Recarreg\u00e1vel via porta USB-C; \u2022 Indicador de n\u00edvel de bateria.  Vantagens \u2022 Permite acionamento r\u00e1pido e pr\u00e1tico da ilumina\u00e7\u00e3o; \u2022 Luz ajust\u00e1vel para melhor direcionamento na \u00e1rea de trabalho; \u2022 Diversas op\u00e7\u00f5es de posicionamento com \u00edm\u00e3s, ganchos e suportes articulados; \u2022 Maior praticidade e efici\u00eancia em trabalhos de manuten\u00e7\u00e3o.  Aplica\u00e7\u00f5es Ideal para ilumina\u00e7\u00e3o em manuten\u00e7\u00e3o automotiva, oficinas mec\u00e2nicas, inspe\u00e7\u00f5es t\u00e9cnicas e trabalhos em compartimentos de motor ou locais com pouca ilumina\u00e7\u00e3o.  &nbsp;  &nbsp;    &nbsp;\" \/>\n<meta property=\"og:url\" content=\"https:\/\/www.sigmatools.com.br\/site\/produto\/sgt-8521-lanterna-led-giratoria-1000-lumens-com-sensor-de-movimento\/\" \/>\n<meta property=\"og:site_name\" content=\"Sigma Tools\" \/>\n<meta property=\"article:publisher\" content=\"https:\/\/www.facebook.com\/sigmatools\" \/>\n<meta property=\"article:modified_time\" content=\"2026-03-25T17:02:40+00:00\" \/>\n<meta property=\"og:image\" content=\"https:\/\/www.sigmatools.com.br\/site\/wp-content\/uploads\/2026\/03\/0703852100C.jpg\" \/>\n\t<meta property=\"og:image:width\" content=\"1500\" \/>\n\t<meta property=\"og:image:height\" content=\"1500\" \/>\n\t<meta property=\"og:image:type\" content=\"image\/jpeg\" \/>\n<meta name=\"twitter:card\" content=\"summary_large_image\" \/>\n<meta name=\"twitter:label1\" content=\"Est. tempo de leitura\" \/>\n\t<meta name=\"twitter:data1\" content=\"1 minuto\" \/>\n<script type=\"application\/ld+json\" class=\"yoast-schema-graph\">{\"@context\":\"https:\/\/schema.org\",\"@graph\":[{\"@type\":\"WebPage\",\"@id\":\"https:\/\/www.sigmatools.com.br\/site\/produto\/sgt-8521-lanterna-led-giratoria-1000-lumens-com-sensor-de-movimento\/\",\"url\":\"https:\/\/www.sigmatools.com.br\/site\/produto\/sgt-8521-lanterna-led-giratoria-1000-lumens-com-sensor-de-movimento\/\",\"name\":\"Lanterna LED Girat\u00f3ria 1000 Lumens Sensor Movimento SGT-8521 - SGT TOOLS - Sigma Tools\",\"isPartOf\":{\"@id\":\"https:\/\/www.sigmatools.com.br\/site\/#website\"},\"primaryImageOfPage\":{\"@id\":\"https:\/\/www.sigmatools.com.br\/site\/produto\/sgt-8521-lanterna-led-giratoria-1000-lumens-com-sensor-de-movimento\/#primaryimage\"},\"image\":{\"@id\":\"https:\/\/www.sigmatools.com.br\/site\/produto\/sgt-8521-lanterna-led-giratoria-1000-lumens-com-sensor-de-movimento\/#primaryimage\"},\"thumbnailUrl\":\"https:\/\/www.sigmatools.com.br\/site\/wp-content\/uploads\/2026\/03\/0703852100C.jpg\",\"datePublished\":\"2026-03-18T15:28:27+00:00\",\"dateModified\":\"2026-03-25T17:02:40+00:00\",\"breadcrumb\":{\"@id\":\"https:\/\/www.sigmatools.com.br\/site\/produto\/sgt-8521-lanterna-led-giratoria-1000-lumens-com-sensor-de-movimento\/#breadcrumb\"},\"inLanguage\":\"pt-BR\",\"potentialAction\":[{\"@type\":\"ReadAction\",\"target\":[\"https:\/\/www.sigmatools.com.br\/site\/produto\/sgt-8521-lanterna-led-giratoria-1000-lumens-com-sensor-de-movimento\/\"]}]},{\"@type\":\"ImageObject\",\"inLanguage\":\"pt-BR\",\"@id\":\"https:\/\/www.sigmatools.com.br\/site\/produto\/sgt-8521-lanterna-led-giratoria-1000-lumens-com-sensor-de-movimento\/#primaryimage\",\"url\":\"https:\/\/www.sigmatools.com.br\/site\/wp-content\/uploads\/2026\/03\/0703852100C.jpg\",\"contentUrl\":\"https:\/\/www.sigmatools.com.br\/site\/wp-content\/uploads\/2026\/03\/0703852100C.jpg\",\"width\":1500,\"height\":1500},{\"@type\":\"BreadcrumbList\",\"@id\":\"https:\/\/www.sigmatools.com.br\/site\/produto\/sgt-8521-lanterna-led-giratoria-1000-lumens-com-sensor-de-movimento\/#breadcrumb\",\"itemListElement\":[{\"@type\":\"ListItem\",\"position\":1,\"name\":\"In\u00edcio\",\"item\":\"https:\/\/www.sigmatools.com.br\/site\/\"},{\"@type\":\"ListItem\",\"position\":2,\"name\":\"Lanterna LED Girat\u00f3ria 1000 Lumens Sensor Movimento SGT-8521 &#8211; SGT TOOLS\"}]},{\"@type\":\"WebSite\",\"@id\":\"https:\/\/www.sigmatools.com.br\/site\/#website\",\"url\":\"https:\/\/www.sigmatools.com.br\/site\/\",\"name\":\"Sigma Tools\",\"description\":\"Equipamentos para Est\u00e9tica Automotiva e Oficina Mec\u00e2nica - Sigma Tools\",\"publisher\":{\"@id\":\"https:\/\/www.sigmatools.com.br\/site\/#organization\"},\"potentialAction\":[{\"@type\":\"SearchAction\",\"target\":{\"@type\":\"EntryPoint\",\"urlTemplate\":\"https:\/\/www.sigmatools.com.br\/site\/?s={search_term_string}\"},\"query-input\":{\"@type\":\"PropertyValueSpecification\",\"valueRequired\":true,\"valueName\":\"search_term_string\"}}],\"inLanguage\":\"pt-BR\"},{\"@type\":\"Organization\",\"@id\":\"https:\/\/www.sigmatools.com.br\/site\/#organization\",\"name\":\"SIGMA TOOLS\",\"url\":\"https:\/\/www.sigmatools.com.br\/site\/\",\"logo\":{\"@type\":\"ImageObject\",\"inLanguage\":\"pt-BR\",\"@id\":\"https:\/\/www.sigmatools.com.br\/site\/#\/schema\/logo\/image\/\",\"url\":\"https:\/\/www.sigmatools.com.br\/site\/wp-content\/uploads\/2020\/01\/logo-sigma.png\",\"contentUrl\":\"https:\/\/www.sigmatools.com.br\/site\/wp-content\/uploads\/2020\/01\/logo-sigma.png\",\"width\":152,\"height\":150,\"caption\":\"SIGMA TOOLS\"},\"image\":{\"@id\":\"https:\/\/www.sigmatools.com.br\/site\/#\/schema\/logo\/image\/\"},\"sameAs\":[\"https:\/\/www.facebook.com\/sigmatools\"]}]}<\/script>\n<!-- \/ Yoast SEO plugin. -->","yoast_head_json":{"title":"Lanterna LED Girat\u00f3ria 1000 Lumens Sensor Movimento SGT-8521 - SGT TOOLS - Sigma Tools","robots":{"index":"index","follow":"follow","max-snippet":"max-snippet:-1","max-image-preview":"max-image-preview:large","max-video-preview":"max-video-preview:-1"},"canonical":"https:\/\/www.sigmatools.com.br\/site\/produto\/sgt-8521-lanterna-led-giratoria-1000-lumens-com-sensor-de-movimento\/","og_locale":"pt_BR","og_type":"article","og_title":"Lanterna LED Girat\u00f3ria 1000 Lumens Sensor Movimento SGT-8521 - SGT TOOLS - Sigma Tools","og_description":"C\u00f3digo de Produto: 0703852100  C\u00f3digo de Barras: 7908276686092  &nbsp;  &nbsp;  Caracter\u00edsticas \u2022 Ilumina\u00e7\u00e3o LED de alta intensidade (1000 lumens); \u2022 Sensor de movimento para acionamento sem contato; \u2022 Dois modos de acionamento: bot\u00e3o ou sensor; \u2022 Luz girat\u00f3ria at\u00e9 360\u00b0 para melhor direcionamento; \u2022 Estrutura com suportes articulados para diferentes posi\u00e7\u00f5es de uso; \u2022 4 \u00edm\u00e3s para fixa\u00e7\u00e3o em superf\u00edcies met\u00e1licas; \u2022 2 ganchos para pendurar em diferentes posi\u00e7\u00f5es; \u2022 Recarreg\u00e1vel via porta USB-C; \u2022 Indicador de n\u00edvel de bateria.  Vantagens \u2022 Permite acionamento r\u00e1pido e pr\u00e1tico da ilumina\u00e7\u00e3o; \u2022 Luz ajust\u00e1vel para melhor direcionamento na \u00e1rea de trabalho; \u2022 Diversas op\u00e7\u00f5es de posicionamento com \u00edm\u00e3s, ganchos e suportes articulados; \u2022 Maior praticidade e efici\u00eancia em trabalhos de manuten\u00e7\u00e3o.  Aplica\u00e7\u00f5es Ideal para ilumina\u00e7\u00e3o em manuten\u00e7\u00e3o automotiva, oficinas mec\u00e2nicas, inspe\u00e7\u00f5es t\u00e9cnicas e trabalhos em compartimentos de motor ou locais com pouca ilumina\u00e7\u00e3o.  &nbsp;  &nbsp;    &nbsp;","og_url":"https:\/\/www.sigmatools.com.br\/site\/produto\/sgt-8521-lanterna-led-giratoria-1000-lumens-com-sensor-de-movimento\/","og_site_name":"Sigma Tools","article_publisher":"https:\/\/www.facebook.com\/sigmatools","article_modified_time":"2026-03-25T17:02:40+00:00","og_image":[{"width":1500,"height":1500,"url":"https:\/\/www.sigmatools.com.br\/site\/wp-content\/uploads\/2026\/03\/0703852100C.jpg","type":"image\/jpeg"}],"twitter_card":"summary_large_image","twitter_misc":{"Est. tempo de leitura":"1 minuto"},"schema":{"@context":"https:\/\/schema.org","@graph":[{"@type":"WebPage","@id":"https:\/\/www.sigmatools.com.br\/site\/produto\/sgt-8521-lanterna-led-giratoria-1000-lumens-com-sensor-de-movimento\/","url":"https:\/\/www.sigmatools.com.br\/site\/produto\/sgt-8521-lanterna-led-giratoria-1000-lumens-com-sensor-de-movimento\/","name":"Lanterna LED Girat\u00f3ria 1000 Lumens Sensor Movimento SGT-8521 - SGT TOOLS - Sigma Tools","isPartOf":{"@id":"https:\/\/www.sigmatools.com.br\/site\/#website"},"primaryImageOfPage":{"@id":"https:\/\/www.sigmatools.com.br\/site\/produto\/sgt-8521-lanterna-led-giratoria-1000-lumens-com-sensor-de-movimento\/#primaryimage"},"image":{"@id":"https:\/\/www.sigmatools.com.br\/site\/produto\/sgt-8521-lanterna-led-giratoria-1000-lumens-com-sensor-de-movimento\/#primaryimage"},"thumbnailUrl":"https:\/\/www.sigmatools.com.br\/site\/wp-content\/uploads\/2026\/03\/0703852100C.jpg","datePublished":"2026-03-18T15:28:27+00:00","dateModified":"2026-03-25T17:02:40+00:00","breadcrumb":{"@id":"https:\/\/www.sigmatools.com.br\/site\/produto\/sgt-8521-lanterna-led-giratoria-1000-lumens-com-sensor-de-movimento\/#breadcrumb"},"inLanguage":"pt-BR","potentialAction":[{"@type":"ReadAction","target":["https:\/\/www.sigmatools.com.br\/site\/produto\/sgt-8521-lanterna-led-giratoria-1000-lumens-com-sensor-de-movimento\/"]}]},{"@type":"ImageObject","inLanguage":"pt-BR","@id":"https:\/\/www.sigmatools.com.br\/site\/produto\/sgt-8521-lanterna-led-giratoria-1000-lumens-com-sensor-de-movimento\/#primaryimage","url":"https:\/\/www.sigmatools.com.br\/site\/wp-content\/uploads\/2026\/03\/0703852100C.jpg","contentUrl":"https:\/\/www.sigmatools.com.br\/site\/wp-content\/uploads\/2026\/03\/0703852100C.jpg","width":1500,"height":1500},{"@type":"BreadcrumbList","@id":"https:\/\/www.sigmatools.com.br\/site\/produto\/sgt-8521-lanterna-led-giratoria-1000-lumens-com-sensor-de-movimento\/#breadcrumb","itemListElement":[{"@type":"ListItem","position":1,"name":"In\u00edcio","item":"https:\/\/www.sigmatools.com.br\/site\/"},{"@type":"ListItem","position":2,"name":"Lanterna LED Girat\u00f3ria 1000 Lumens Sensor Movimento SGT-8521 &#8211; SGT TOOLS"}]},{"@type":"WebSite","@id":"https:\/\/www.sigmatools.com.br\/site\/#website","url":"https:\/\/www.sigmatools.com.br\/site\/","name":"Sigma Tools","description":"Equipamentos para Est\u00e9tica Automotiva e Oficina Mec\u00e2nica - Sigma Tools","publisher":{"@id":"https:\/\/www.sigmatools.com.br\/site\/#organization"},"potentialAction":[{"@type":"SearchAction","target":{"@type":"EntryPoint","urlTemplate":"https:\/\/www.sigmatools.com.br\/site\/?s={search_term_string}"},"query-input":{"@type":"PropertyValueSpecification","valueRequired":true,"valueName":"search_term_string"}}],"inLanguage":"pt-BR"},{"@type":"Organization","@id":"https:\/\/www.sigmatools.com.br\/site\/#organization","name":"SIGMA TOOLS","url":"https:\/\/www.sigmatools.com.br\/site\/","logo":{"@type":"ImageObject","inLanguage":"pt-BR","@id":"https:\/\/www.sigmatools.com.br\/site\/#\/schema\/logo\/image\/","url":"https:\/\/www.sigmatools.com.br\/site\/wp-content\/uploads\/2020\/01\/logo-sigma.png","contentUrl":"https:\/\/www.sigmatools.com.br\/site\/wp-content\/uploads\/2020\/01\/logo-sigma.png","width":152,"height":150,"caption":"SIGMA TOOLS"},"image":{"@id":"https:\/\/www.sigmatools.com.br\/site\/#\/schema\/logo\/image\/"},"sameAs":["https:\/\/www.facebook.com\/sigmatools"]}]}},"_links":{"self":[{"href":"https:\/\/www.sigmatools.com.br\/site\/wp-json\/wp\/v2\/product\/12966","targetHints":{"allow":["GET"]}}],"collection":[{"href":"https:\/\/www.sigmatools.com.br\/site\/wp-json\/wp\/v2\/product"}],"about":[{"href":"https:\/\/www.sigmatools.com.br\/site\/wp-json\/wp\/v2\/types\/product"}],"replies":[{"embeddable":true,"href":"https:\/\/www.sigmatools.com.br\/site\/wp-json\/wp\/v2\/comments?post=12966"}],"wp:featuredmedia":[{"embeddable":true,"href":"https:\/\/www.sigmatools.com.br\/site\/wp-json\/wp\/v2\/media\/13002"}],"wp:attachment":[{"href":"https:\/\/www.sigmatools.com.br\/site\/wp-json\/wp\/v2\/media?parent=12966"}],"wp:term":[{"taxonomy":"product_brand","embeddable":true,"href":"https:\/\/www.sigmatools.com.br\/site\/wp-json\/wp\/v2\/product_brand?post=12966"},{"taxonomy":"product_cat","embeddable":true,"href":"https:\/\/www.sigmatools.com.br\/site\/wp-json\/wp\/v2\/product_cat?post=12966"},{"taxonomy":"product_tag","embeddable":true,"href":"https:\/\/www.sigmatools.com.br\/site\/wp-json\/wp\/v2\/product_tag?post=12966"}],"curies":[{"name":"wp","href":"https:\/\/api.w.org\/{rel}","templated":true}]}}