{"id":1319,"date":"2020-07-10T09:25:11","date_gmt":"2020-07-10T12:25:11","guid":{"rendered":"https:\/\/www.sigmatools.com.br\/site\/?post_type=product&#038;p=1319"},"modified":"2025-01-30T16:43:15","modified_gmt":"2025-01-30T19:43:15","slug":"car-10","status":"publish","type":"product","link":"https:\/\/www.sigmatools.com.br\/site\/produto\/car-10\/","title":{"rendered":"CAR-10 &#8211; CARRINHO ERGON\u00d4MICO PARA CHAVE DE IMPACTO 1\u201d"},"content":{"rendered":"","protected":false},"excerpt":{"rendered":"<iframe title=\"YouTube video player\" src=\"https:\/\/www.youtube.com\/embed\/ECIM3JD9bXs?si=AHaAxl7rgSh8Fl6u\" width=\"560\" height=\"315\" frameborder=\"0\" allowfullscreen=\"allowfullscreen\"><\/iframe>\n<p><strong>C\u00f3digo do Produto<\/strong>: 0761100000<\/p>\n<p><strong>C\u00f3digo de Barras<\/strong>: 7908276602351<\/p>\n<p>&nbsp;<\/p>\n<p>Ferramenta auxiliar \u00e0 chave de impacto de 1\u201d na troca de rodas de caminh\u00f5es e \u00f4nibus.<\/p>\n<h3><\/h3>\n<p><strong>Caracter\u00edsticas:<\/strong><\/p>\n<p>\u2022 Fabricada em a\u00e7o;<br \/>\n\u2022 Suporta at\u00e9 25kg;<br \/>\n\u2022 Fixa\u00e7\u00e3o padr\u00e3o nos parafusos do punho (manipulo) das chaves de impacto de 1\u201d longas;<br \/>\n\u2022 Possui elo regulador de tens\u00e3o da mola;<br \/>\n\u2022 Reduz o esfor\u00e7o do mec\u00e2nico na troca de rodas de caminh\u00e3o e \u00f4nibus.<\/p>\n<p>&nbsp;<\/p>\n<p><strong>Informa\u00e7\u00f5es T\u00e9cnicas:<\/strong><\/p>\n<p><strong>Peso:<\/strong> 20kg<br \/>\n<strong>Capacidade de sustenta\u00e7\u00e3o:<\/strong> 25kg<\/p>\n<p>&nbsp;<\/p>\n[button size=\"small\" icon=\"\" target=\"_blank\" text_align=\"left\" text=\"Informativo\" link=\"https:\/\/www.sigmatools.com.br\/site\/arquivos\/informativos\/SGT%20CAR-10%20-%20Carrinho%20Ergonomico.pdf\" color=\"#ffffff\" hover_color=\"#ffffff\" background_color=\"#353535\" hover_background_color=\"#dd3333\" border_color=\"#353535\" hover_border_color=\"#dd3333\"]","protected":false},"featured_media":2134,"comment_status":"open","ping_status":"closed","template":"","meta":{"_jet_sm_ready_style":"","_jet_sm_style":"","_jet_sm_controls_values":"","_jet_sm_fonts_collection":"","_jet_sm_fonts_links":""},"product_brand":[],"product_cat":[118,218,110,60,82,15],"product_tag":[],"class_list":{"0":"post-1319","1":"product","2":"type-product","3":"status-publish","4":"has-post-thumbnail","6":"product_cat-car-10","7":"product_cat-destaque","8":"product_cat-ferramentas","9":"product_cat-catalogo-geral","10":"product_cat-aperto-e-desaperto","11":"product_cat-sigma-tools","13":"first","14":"instock","15":"shipping-taxable","16":"product-type-simple"},"yoast_head":"<!-- This site is optimized with the Yoast SEO plugin v27.1.1 - https:\/\/yoast.com\/product\/yoast-seo-wordpress\/ -->\n<title>CAR-10 - CARRINHO ERGON\u00d4MICO PARA CHAVE DE IMPACTO 1\u201d - Sigma Tools<\/title>\n<meta name=\"robots\" content=\"index, follow, max-snippet:-1, max-image-preview:large, max-video-preview:-1\" \/>\n<link rel=\"canonical\" href=\"https:\/\/www.sigmatools.com.br\/site\/produto\/car-10\/\" \/>\n<meta property=\"og:locale\" content=\"pt_BR\" \/>\n<meta property=\"og:type\" content=\"article\" \/>\n<meta property=\"og:title\" content=\"CAR-10 - CARRINHO ERGON\u00d4MICO PARA CHAVE DE IMPACTO 1\u201d - Sigma Tools\" \/>\n<meta property=\"og:description\" content=\"C\u00f3digo do Produto: 0761100000  C\u00f3digo de Barras: 7908276602351  &nbsp;  Ferramenta auxiliar \u00e0 chave de impacto de 1\u201d na troca de rodas de caminh\u00f5es e \u00f4nibus.  Caracter\u00edsticas:  \u2022 Fabricada em a\u00e7o; \u2022 Suporta at\u00e9 25kg; \u2022 Fixa\u00e7\u00e3o padr\u00e3o nos parafusos do punho (manipulo) das chaves de impacto de 1\u201d longas; \u2022 Possui elo regulador de tens\u00e3o da mola; \u2022 Reduz o esfor\u00e7o do mec\u00e2nico na troca de rodas de caminh\u00e3o e \u00f4nibus.  &nbsp;  Informa\u00e7\u00f5es T\u00e9cnicas:  Peso: 20kg Capacidade de sustenta\u00e7\u00e3o: 25kg  &nbsp;\" \/>\n<meta property=\"og:url\" content=\"https:\/\/www.sigmatools.com.br\/site\/produto\/car-10\/\" \/>\n<meta property=\"og:site_name\" content=\"Sigma Tools\" \/>\n<meta property=\"article:publisher\" content=\"https:\/\/www.facebook.com\/sigmatools\" \/>\n<meta property=\"article:modified_time\" content=\"2025-01-30T19:43:15+00:00\" \/>\n<meta property=\"og:image\" content=\"https:\/\/www.sigmatools.com.br\/site\/wp-content\/uploads\/2020\/07\/20211011_125605.png\" \/>\n\t<meta property=\"og:image:width\" content=\"1000\" \/>\n\t<meta property=\"og:image:height\" content=\"1000\" \/>\n\t<meta property=\"og:image:type\" content=\"image\/png\" \/>\n<meta name=\"twitter:card\" content=\"summary_large_image\" \/>\n<meta name=\"twitter:label1\" content=\"Est. tempo de leitura\" \/>\n\t<meta name=\"twitter:data1\" content=\"1 minuto\" \/>\n<script type=\"application\/ld+json\" class=\"yoast-schema-graph\">{\"@context\":\"https:\/\/schema.org\",\"@graph\":[{\"@type\":\"WebPage\",\"@id\":\"https:\/\/www.sigmatools.com.br\/site\/produto\/car-10\/\",\"url\":\"https:\/\/www.sigmatools.com.br\/site\/produto\/car-10\/\",\"name\":\"CAR-10 - CARRINHO ERGON\u00d4MICO PARA CHAVE DE IMPACTO 1\u201d - Sigma Tools\",\"isPartOf\":{\"@id\":\"https:\/\/www.sigmatools.com.br\/site\/#website\"},\"primaryImageOfPage\":{\"@id\":\"https:\/\/www.sigmatools.com.br\/site\/produto\/car-10\/#primaryimage\"},\"image\":{\"@id\":\"https:\/\/www.sigmatools.com.br\/site\/produto\/car-10\/#primaryimage\"},\"thumbnailUrl\":\"https:\/\/www.sigmatools.com.br\/site\/wp-content\/uploads\/2020\/07\/20211011_125605.png\",\"datePublished\":\"2020-07-10T12:25:11+00:00\",\"dateModified\":\"2025-01-30T19:43:15+00:00\",\"breadcrumb\":{\"@id\":\"https:\/\/www.sigmatools.com.br\/site\/produto\/car-10\/#breadcrumb\"},\"inLanguage\":\"pt-BR\",\"potentialAction\":[{\"@type\":\"ReadAction\",\"target\":[\"https:\/\/www.sigmatools.com.br\/site\/produto\/car-10\/\"]}]},{\"@type\":\"ImageObject\",\"inLanguage\":\"pt-BR\",\"@id\":\"https:\/\/www.sigmatools.com.br\/site\/produto\/car-10\/#primaryimage\",\"url\":\"https:\/\/www.sigmatools.com.br\/site\/wp-content\/uploads\/2020\/07\/20211011_125605.png\",\"contentUrl\":\"https:\/\/www.sigmatools.com.br\/site\/wp-content\/uploads\/2020\/07\/20211011_125605.png\",\"width\":1000,\"height\":1000},{\"@type\":\"BreadcrumbList\",\"@id\":\"https:\/\/www.sigmatools.com.br\/site\/produto\/car-10\/#breadcrumb\",\"itemListElement\":[{\"@type\":\"ListItem\",\"position\":1,\"name\":\"In\u00edcio\",\"item\":\"https:\/\/www.sigmatools.com.br\/site\/\"},{\"@type\":\"ListItem\",\"position\":2,\"name\":\"CAR-10 &#8211; CARRINHO ERGON\u00d4MICO PARA CHAVE DE IMPACTO 1\u201d\"}]},{\"@type\":\"WebSite\",\"@id\":\"https:\/\/www.sigmatools.com.br\/site\/#website\",\"url\":\"https:\/\/www.sigmatools.com.br\/site\/\",\"name\":\"Sigma Tools\",\"description\":\"Equipamentos para Est\u00e9tica Automotiva e Oficina Mec\u00e2nica - Sigma Tools\",\"publisher\":{\"@id\":\"https:\/\/www.sigmatools.com.br\/site\/#organization\"},\"potentialAction\":[{\"@type\":\"SearchAction\",\"target\":{\"@type\":\"EntryPoint\",\"urlTemplate\":\"https:\/\/www.sigmatools.com.br\/site\/?s={search_term_string}\"},\"query-input\":{\"@type\":\"PropertyValueSpecification\",\"valueRequired\":true,\"valueName\":\"search_term_string\"}}],\"inLanguage\":\"pt-BR\"},{\"@type\":\"Organization\",\"@id\":\"https:\/\/www.sigmatools.com.br\/site\/#organization\",\"name\":\"SIGMA TOOLS\",\"url\":\"https:\/\/www.sigmatools.com.br\/site\/\",\"logo\":{\"@type\":\"ImageObject\",\"inLanguage\":\"pt-BR\",\"@id\":\"https:\/\/www.sigmatools.com.br\/site\/#\/schema\/logo\/image\/\",\"url\":\"https:\/\/www.sigmatools.com.br\/site\/wp-content\/uploads\/2020\/01\/logo-sigma.png\",\"contentUrl\":\"https:\/\/www.sigmatools.com.br\/site\/wp-content\/uploads\/2020\/01\/logo-sigma.png\",\"width\":152,\"height\":150,\"caption\":\"SIGMA TOOLS\"},\"image\":{\"@id\":\"https:\/\/www.sigmatools.com.br\/site\/#\/schema\/logo\/image\/\"},\"sameAs\":[\"https:\/\/www.facebook.com\/sigmatools\"]}]}<\/script>\n<!-- \/ Yoast SEO plugin. -->","yoast_head_json":{"title":"CAR-10 - CARRINHO ERGON\u00d4MICO PARA CHAVE DE IMPACTO 1\u201d - Sigma Tools","robots":{"index":"index","follow":"follow","max-snippet":"max-snippet:-1","max-image-preview":"max-image-preview:large","max-video-preview":"max-video-preview:-1"},"canonical":"https:\/\/www.sigmatools.com.br\/site\/produto\/car-10\/","og_locale":"pt_BR","og_type":"article","og_title":"CAR-10 - CARRINHO ERGON\u00d4MICO PARA CHAVE DE IMPACTO 1\u201d - Sigma Tools","og_description":"C\u00f3digo do Produto: 0761100000  C\u00f3digo de Barras: 7908276602351  &nbsp;  Ferramenta auxiliar \u00e0 chave de impacto de 1\u201d na troca de rodas de caminh\u00f5es e \u00f4nibus.  Caracter\u00edsticas:  \u2022 Fabricada em a\u00e7o; \u2022 Suporta at\u00e9 25kg; \u2022 Fixa\u00e7\u00e3o padr\u00e3o nos parafusos do punho (manipulo) das chaves de impacto de 1\u201d longas; \u2022 Possui elo regulador de tens\u00e3o da mola; \u2022 Reduz o esfor\u00e7o do mec\u00e2nico na troca de rodas de caminh\u00e3o e \u00f4nibus.  &nbsp;  Informa\u00e7\u00f5es T\u00e9cnicas:  Peso: 20kg Capacidade de sustenta\u00e7\u00e3o: 25kg  &nbsp;","og_url":"https:\/\/www.sigmatools.com.br\/site\/produto\/car-10\/","og_site_name":"Sigma Tools","article_publisher":"https:\/\/www.facebook.com\/sigmatools","article_modified_time":"2025-01-30T19:43:15+00:00","og_image":[{"width":1000,"height":1000,"url":"https:\/\/www.sigmatools.com.br\/site\/wp-content\/uploads\/2020\/07\/20211011_125605.png","type":"image\/png"}],"twitter_card":"summary_large_image","twitter_misc":{"Est. tempo de leitura":"1 minuto"},"schema":{"@context":"https:\/\/schema.org","@graph":[{"@type":"WebPage","@id":"https:\/\/www.sigmatools.com.br\/site\/produto\/car-10\/","url":"https:\/\/www.sigmatools.com.br\/site\/produto\/car-10\/","name":"CAR-10 - CARRINHO ERGON\u00d4MICO PARA CHAVE DE IMPACTO 1\u201d - Sigma Tools","isPartOf":{"@id":"https:\/\/www.sigmatools.com.br\/site\/#website"},"primaryImageOfPage":{"@id":"https:\/\/www.sigmatools.com.br\/site\/produto\/car-10\/#primaryimage"},"image":{"@id":"https:\/\/www.sigmatools.com.br\/site\/produto\/car-10\/#primaryimage"},"thumbnailUrl":"https:\/\/www.sigmatools.com.br\/site\/wp-content\/uploads\/2020\/07\/20211011_125605.png","datePublished":"2020-07-10T12:25:11+00:00","dateModified":"2025-01-30T19:43:15+00:00","breadcrumb":{"@id":"https:\/\/www.sigmatools.com.br\/site\/produto\/car-10\/#breadcrumb"},"inLanguage":"pt-BR","potentialAction":[{"@type":"ReadAction","target":["https:\/\/www.sigmatools.com.br\/site\/produto\/car-10\/"]}]},{"@type":"ImageObject","inLanguage":"pt-BR","@id":"https:\/\/www.sigmatools.com.br\/site\/produto\/car-10\/#primaryimage","url":"https:\/\/www.sigmatools.com.br\/site\/wp-content\/uploads\/2020\/07\/20211011_125605.png","contentUrl":"https:\/\/www.sigmatools.com.br\/site\/wp-content\/uploads\/2020\/07\/20211011_125605.png","width":1000,"height":1000},{"@type":"BreadcrumbList","@id":"https:\/\/www.sigmatools.com.br\/site\/produto\/car-10\/#breadcrumb","itemListElement":[{"@type":"ListItem","position":1,"name":"In\u00edcio","item":"https:\/\/www.sigmatools.com.br\/site\/"},{"@type":"ListItem","position":2,"name":"CAR-10 &#8211; CARRINHO ERGON\u00d4MICO PARA CHAVE DE IMPACTO 1\u201d"}]},{"@type":"WebSite","@id":"https:\/\/www.sigmatools.com.br\/site\/#website","url":"https:\/\/www.sigmatools.com.br\/site\/","name":"Sigma Tools","description":"Equipamentos para Est\u00e9tica Automotiva e Oficina Mec\u00e2nica - Sigma Tools","publisher":{"@id":"https:\/\/www.sigmatools.com.br\/site\/#organization"},"potentialAction":[{"@type":"SearchAction","target":{"@type":"EntryPoint","urlTemplate":"https:\/\/www.sigmatools.com.br\/site\/?s={search_term_string}"},"query-input":{"@type":"PropertyValueSpecification","valueRequired":true,"valueName":"search_term_string"}}],"inLanguage":"pt-BR"},{"@type":"Organization","@id":"https:\/\/www.sigmatools.com.br\/site\/#organization","name":"SIGMA TOOLS","url":"https:\/\/www.sigmatools.com.br\/site\/","logo":{"@type":"ImageObject","inLanguage":"pt-BR","@id":"https:\/\/www.sigmatools.com.br\/site\/#\/schema\/logo\/image\/","url":"https:\/\/www.sigmatools.com.br\/site\/wp-content\/uploads\/2020\/01\/logo-sigma.png","contentUrl":"https:\/\/www.sigmatools.com.br\/site\/wp-content\/uploads\/2020\/01\/logo-sigma.png","width":152,"height":150,"caption":"SIGMA TOOLS"},"image":{"@id":"https:\/\/www.sigmatools.com.br\/site\/#\/schema\/logo\/image\/"},"sameAs":["https:\/\/www.facebook.com\/sigmatools"]}]}},"_links":{"self":[{"href":"https:\/\/www.sigmatools.com.br\/site\/wp-json\/wp\/v2\/product\/1319","targetHints":{"allow":["GET"]}}],"collection":[{"href":"https:\/\/www.sigmatools.com.br\/site\/wp-json\/wp\/v2\/product"}],"about":[{"href":"https:\/\/www.sigmatools.com.br\/site\/wp-json\/wp\/v2\/types\/product"}],"replies":[{"embeddable":true,"href":"https:\/\/www.sigmatools.com.br\/site\/wp-json\/wp\/v2\/comments?post=1319"}],"wp:featuredmedia":[{"embeddable":true,"href":"https:\/\/www.sigmatools.com.br\/site\/wp-json\/wp\/v2\/media\/2134"}],"wp:attachment":[{"href":"https:\/\/www.sigmatools.com.br\/site\/wp-json\/wp\/v2\/media?parent=1319"}],"wp:term":[{"taxonomy":"product_brand","embeddable":true,"href":"https:\/\/www.sigmatools.com.br\/site\/wp-json\/wp\/v2\/product_brand?post=1319"},{"taxonomy":"product_cat","embeddable":true,"href":"https:\/\/www.sigmatools.com.br\/site\/wp-json\/wp\/v2\/product_cat?post=1319"},{"taxonomy":"product_tag","embeddable":true,"href":"https:\/\/www.sigmatools.com.br\/site\/wp-json\/wp\/v2\/product_tag?post=1319"}],"curies":[{"name":"wp","href":"https:\/\/api.w.org\/{rel}","templated":true}]}}