{"id":13222,"date":"2026-03-26T11:05:29","date_gmt":"2026-03-26T14:05:29","guid":{"rendered":"https:\/\/www.sigmatools.com.br\/site\/?post_type=product&#038;p=13222"},"modified":"2026-03-27T08:36:19","modified_gmt":"2026-03-27T11:36:19","slug":"sgt-3901","status":"publish","type":"product","link":"https:\/\/www.sigmatools.com.br\/site\/produto\/sgt-3901\/","title":{"rendered":"PULVERIZADOR PRESSURIZADO PARA L\u00cdQUIDOS 950ML SGT-3901 &#8211; N\u00c3O AEROSOL &#8211; SGT TOOLS"},"content":{"rendered":"","protected":false},"excerpt":{"rendered":"<p><strong>C\u00f3digo do produto: <\/strong>0701390100<\/p>\n<p><strong>C\u00f3digo de barras: <\/strong>7908276683046<\/p>\n<p>&nbsp;<\/p>\n<p>&nbsp;<\/p>\n<p>&nbsp;<\/p>\n<p><strong>Caracter\u00edsticas<\/strong><br \/>\n\u2022 Pulverizador pressurizado (n\u00e3o aerossol);<br \/>\n\u2022 Capacidade aproximada de 950 ml;<br \/>\n\u2022 Funcionamento com ar comprimido;<br \/>\n\u2022 Estrutura resistente para uso profissional;<\/p>\n<p>&nbsp;<\/p>\n<p><strong>Vantagens<\/strong><br \/>\n\u2022 Elimina o uso de gases propulsores prejudiciais;<br \/>\n\u2022 Vers\u00e1til para diferentes tipos de aplica\u00e7\u00e3o;<br \/>\n\u2022 Reutiliz\u00e1vel e econ\u00f4mico;<br \/>\n\u2022 Ideal para uso em manuten\u00e7\u00e3o automotiva e limpeza t\u00e9cnica.<\/p>\n<p>&nbsp;<\/p>\n<p><strong>Aplica\u00e7\u00e3o<\/strong><br \/>\nIdeal para aplica\u00e7\u00e3o de solventes, desengraxantes e produtos de limpeza em pe\u00e7as, motores e componentes automotivos.<\/p>\n<p>&nbsp;<\/p>\n<p><strong>ATEN\u00c7\u00c3O<\/strong><br \/>\nN\u00e3o utilizar com solu\u00e7\u00f5es a base de \u00e1cidos, produtos de pintura ou propelentes inflam\u00e1veis.<\/p>\n<p><strong>IMPORTANTE<\/strong><br \/>\n\u2022 Capacidade recomendada de uso: at\u00e9 600 ml de produto.<br \/>\n\u2022 Utilizar calibrador de press\u00e3o digital ou anal\u00f3gico para controle adequado da press\u00e3o.<\/p>\n<p>&nbsp;<\/p>\n<p>&nbsp;<\/p>\n<p>&nbsp;<\/p>\n[button size=\"small\" icon=\"\" target=\"_blank\" text_align=\"left\" text=\"Informativo\" link=\"http:\/\/www.sigmatools.com.br\/site\/arquivos\/informativos\/SGT-3901%20-%20PULVERIZADOR%20PRESSURIZADO.pdf\" color=\"#ffffff\" hover_color=\"#ffffff\" background_color=\"#353535\" hover_background_color=\"#dd3333\" border_color=\"#353535\" hover_border_color=\"#dd3333\"]","protected":false},"featured_media":13237,"comment_status":"open","ping_status":"closed","template":"","meta":{"_jet_sm_ready_style":"","_jet_sm_style":"","_jet_sm_controls_values":"","_jet_sm_fonts_collection":"","_jet_sm_fonts_links":""},"product_brand":[],"product_cat":[218,60,101,15],"product_tag":[],"class_list":{"0":"post-13222","1":"product","2":"type-product","3":"status-publish","4":"has-post-thumbnail","6":"product_cat-destaque","7":"product_cat-catalogo-geral","8":"product_cat-automotivo","9":"product_cat-sigma-tools","11":"first","12":"instock","13":"shipping-taxable","14":"product-type-simple"},"yoast_head":"<!-- This site is optimized with the Yoast SEO plugin v27.1.1 - https:\/\/yoast.com\/product\/yoast-seo-wordpress\/ -->\n<title>PULVERIZADOR PRESSURIZADO PARA L\u00cdQUIDOS 950ML SGT-3901 - N\u00c3O AEROSOL - SGT TOOLS - Sigma Tools<\/title>\n<meta name=\"robots\" content=\"index, follow, max-snippet:-1, max-image-preview:large, max-video-preview:-1\" \/>\n<link rel=\"canonical\" href=\"https:\/\/www.sigmatools.com.br\/site\/produto\/sgt-3901\/\" \/>\n<meta property=\"og:locale\" content=\"pt_BR\" \/>\n<meta property=\"og:type\" content=\"article\" \/>\n<meta property=\"og:title\" content=\"PULVERIZADOR PRESSURIZADO PARA L\u00cdQUIDOS 950ML SGT-3901 - N\u00c3O AEROSOL - SGT TOOLS - Sigma Tools\" \/>\n<meta property=\"og:description\" content=\"C\u00f3digo do produto: 0701390100  C\u00f3digo de barras: 7908276683046  &nbsp;  &nbsp;  &nbsp;  Caracter\u00edsticas \u2022 Pulverizador pressurizado (n\u00e3o aerossol); \u2022 Capacidade aproximada de 950 ml; \u2022 Funcionamento com ar comprimido; \u2022 Estrutura resistente para uso profissional;  &nbsp;  Vantagens \u2022 Elimina o uso de gases propulsores prejudiciais; \u2022 Vers\u00e1til para diferentes tipos de aplica\u00e7\u00e3o; \u2022 Reutiliz\u00e1vel e econ\u00f4mico; \u2022 Ideal para uso em manuten\u00e7\u00e3o automotiva e limpeza t\u00e9cnica.  &nbsp;  Aplica\u00e7\u00e3o Ideal para aplica\u00e7\u00e3o de solventes, desengraxantes e produtos de limpeza em pe\u00e7as, motores e componentes automotivos.  &nbsp;  ATEN\u00c7\u00c3O N\u00e3o utilizar com solu\u00e7\u00f5es a base de \u00e1cidos, produtos de pintura ou propelentes inflam\u00e1veis.  IMPORTANTE \u2022 Capacidade recomendada de uso: at\u00e9 600 ml de produto. \u2022 Utilizar calibrador de press\u00e3o digital ou anal\u00f3gico para controle adequado da press\u00e3o.  &nbsp;  &nbsp;  &nbsp;\" \/>\n<meta property=\"og:url\" content=\"https:\/\/www.sigmatools.com.br\/site\/produto\/sgt-3901\/\" \/>\n<meta property=\"og:site_name\" content=\"Sigma Tools\" \/>\n<meta property=\"article:publisher\" content=\"https:\/\/www.facebook.com\/sigmatools\" \/>\n<meta property=\"article:modified_time\" content=\"2026-03-27T11:36:19+00:00\" \/>\n<meta property=\"og:image\" content=\"https:\/\/www.sigmatools.com.br\/site\/wp-content\/uploads\/2026\/03\/0701390100N.jpg\" \/>\n\t<meta property=\"og:image:width\" content=\"1500\" \/>\n\t<meta property=\"og:image:height\" content=\"1500\" \/>\n\t<meta property=\"og:image:type\" content=\"image\/jpeg\" \/>\n<meta name=\"twitter:card\" content=\"summary_large_image\" \/>\n<meta name=\"twitter:label1\" content=\"Est. tempo de leitura\" \/>\n\t<meta name=\"twitter:data1\" content=\"1 minuto\" \/>\n<script type=\"application\/ld+json\" class=\"yoast-schema-graph\">{\"@context\":\"https:\/\/schema.org\",\"@graph\":[{\"@type\":\"WebPage\",\"@id\":\"https:\/\/www.sigmatools.com.br\/site\/produto\/sgt-3901\/\",\"url\":\"https:\/\/www.sigmatools.com.br\/site\/produto\/sgt-3901\/\",\"name\":\"PULVERIZADOR PRESSURIZADO PARA L\u00cdQUIDOS 950ML SGT-3901 - N\u00c3O AEROSOL - SGT TOOLS - Sigma Tools\",\"isPartOf\":{\"@id\":\"https:\/\/www.sigmatools.com.br\/site\/#website\"},\"primaryImageOfPage\":{\"@id\":\"https:\/\/www.sigmatools.com.br\/site\/produto\/sgt-3901\/#primaryimage\"},\"image\":{\"@id\":\"https:\/\/www.sigmatools.com.br\/site\/produto\/sgt-3901\/#primaryimage\"},\"thumbnailUrl\":\"https:\/\/www.sigmatools.com.br\/site\/wp-content\/uploads\/2026\/03\/0701390100N.jpg\",\"datePublished\":\"2026-03-26T14:05:29+00:00\",\"dateModified\":\"2026-03-27T11:36:19+00:00\",\"breadcrumb\":{\"@id\":\"https:\/\/www.sigmatools.com.br\/site\/produto\/sgt-3901\/#breadcrumb\"},\"inLanguage\":\"pt-BR\",\"potentialAction\":[{\"@type\":\"ReadAction\",\"target\":[\"https:\/\/www.sigmatools.com.br\/site\/produto\/sgt-3901\/\"]}]},{\"@type\":\"ImageObject\",\"inLanguage\":\"pt-BR\",\"@id\":\"https:\/\/www.sigmatools.com.br\/site\/produto\/sgt-3901\/#primaryimage\",\"url\":\"https:\/\/www.sigmatools.com.br\/site\/wp-content\/uploads\/2026\/03\/0701390100N.jpg\",\"contentUrl\":\"https:\/\/www.sigmatools.com.br\/site\/wp-content\/uploads\/2026\/03\/0701390100N.jpg\",\"width\":1500,\"height\":1500},{\"@type\":\"BreadcrumbList\",\"@id\":\"https:\/\/www.sigmatools.com.br\/site\/produto\/sgt-3901\/#breadcrumb\",\"itemListElement\":[{\"@type\":\"ListItem\",\"position\":1,\"name\":\"In\u00edcio\",\"item\":\"https:\/\/www.sigmatools.com.br\/site\/\"},{\"@type\":\"ListItem\",\"position\":2,\"name\":\"PULVERIZADOR PRESSURIZADO PARA L\u00cdQUIDOS 950ML SGT-3901 &#8211; N\u00c3O AEROSOL &#8211; SGT TOOLS\"}]},{\"@type\":\"WebSite\",\"@id\":\"https:\/\/www.sigmatools.com.br\/site\/#website\",\"url\":\"https:\/\/www.sigmatools.com.br\/site\/\",\"name\":\"Sigma Tools\",\"description\":\"Equipamentos para Est\u00e9tica Automotiva e Oficina Mec\u00e2nica - Sigma Tools\",\"publisher\":{\"@id\":\"https:\/\/www.sigmatools.com.br\/site\/#organization\"},\"potentialAction\":[{\"@type\":\"SearchAction\",\"target\":{\"@type\":\"EntryPoint\",\"urlTemplate\":\"https:\/\/www.sigmatools.com.br\/site\/?s={search_term_string}\"},\"query-input\":{\"@type\":\"PropertyValueSpecification\",\"valueRequired\":true,\"valueName\":\"search_term_string\"}}],\"inLanguage\":\"pt-BR\"},{\"@type\":\"Organization\",\"@id\":\"https:\/\/www.sigmatools.com.br\/site\/#organization\",\"name\":\"SIGMA TOOLS\",\"url\":\"https:\/\/www.sigmatools.com.br\/site\/\",\"logo\":{\"@type\":\"ImageObject\",\"inLanguage\":\"pt-BR\",\"@id\":\"https:\/\/www.sigmatools.com.br\/site\/#\/schema\/logo\/image\/\",\"url\":\"https:\/\/www.sigmatools.com.br\/site\/wp-content\/uploads\/2020\/01\/logo-sigma.png\",\"contentUrl\":\"https:\/\/www.sigmatools.com.br\/site\/wp-content\/uploads\/2020\/01\/logo-sigma.png\",\"width\":152,\"height\":150,\"caption\":\"SIGMA TOOLS\"},\"image\":{\"@id\":\"https:\/\/www.sigmatools.com.br\/site\/#\/schema\/logo\/image\/\"},\"sameAs\":[\"https:\/\/www.facebook.com\/sigmatools\"]}]}<\/script>\n<!-- \/ Yoast SEO plugin. -->","yoast_head_json":{"title":"PULVERIZADOR PRESSURIZADO PARA L\u00cdQUIDOS 950ML SGT-3901 - N\u00c3O AEROSOL - SGT TOOLS - Sigma Tools","robots":{"index":"index","follow":"follow","max-snippet":"max-snippet:-1","max-image-preview":"max-image-preview:large","max-video-preview":"max-video-preview:-1"},"canonical":"https:\/\/www.sigmatools.com.br\/site\/produto\/sgt-3901\/","og_locale":"pt_BR","og_type":"article","og_title":"PULVERIZADOR PRESSURIZADO PARA L\u00cdQUIDOS 950ML SGT-3901 - N\u00c3O AEROSOL - SGT TOOLS - Sigma Tools","og_description":"C\u00f3digo do produto: 0701390100  C\u00f3digo de barras: 7908276683046  &nbsp;  &nbsp;  &nbsp;  Caracter\u00edsticas \u2022 Pulverizador pressurizado (n\u00e3o aerossol); \u2022 Capacidade aproximada de 950 ml; \u2022 Funcionamento com ar comprimido; \u2022 Estrutura resistente para uso profissional;  &nbsp;  Vantagens \u2022 Elimina o uso de gases propulsores prejudiciais; \u2022 Vers\u00e1til para diferentes tipos de aplica\u00e7\u00e3o; \u2022 Reutiliz\u00e1vel e econ\u00f4mico; \u2022 Ideal para uso em manuten\u00e7\u00e3o automotiva e limpeza t\u00e9cnica.  &nbsp;  Aplica\u00e7\u00e3o Ideal para aplica\u00e7\u00e3o de solventes, desengraxantes e produtos de limpeza em pe\u00e7as, motores e componentes automotivos.  &nbsp;  ATEN\u00c7\u00c3O N\u00e3o utilizar com solu\u00e7\u00f5es a base de \u00e1cidos, produtos de pintura ou propelentes inflam\u00e1veis.  IMPORTANTE \u2022 Capacidade recomendada de uso: at\u00e9 600 ml de produto. \u2022 Utilizar calibrador de press\u00e3o digital ou anal\u00f3gico para controle adequado da press\u00e3o.  &nbsp;  &nbsp;  &nbsp;","og_url":"https:\/\/www.sigmatools.com.br\/site\/produto\/sgt-3901\/","og_site_name":"Sigma Tools","article_publisher":"https:\/\/www.facebook.com\/sigmatools","article_modified_time":"2026-03-27T11:36:19+00:00","og_image":[{"width":1500,"height":1500,"url":"https:\/\/www.sigmatools.com.br\/site\/wp-content\/uploads\/2026\/03\/0701390100N.jpg","type":"image\/jpeg"}],"twitter_card":"summary_large_image","twitter_misc":{"Est. tempo de leitura":"1 minuto"},"schema":{"@context":"https:\/\/schema.org","@graph":[{"@type":"WebPage","@id":"https:\/\/www.sigmatools.com.br\/site\/produto\/sgt-3901\/","url":"https:\/\/www.sigmatools.com.br\/site\/produto\/sgt-3901\/","name":"PULVERIZADOR PRESSURIZADO PARA L\u00cdQUIDOS 950ML SGT-3901 - N\u00c3O AEROSOL - SGT TOOLS - Sigma Tools","isPartOf":{"@id":"https:\/\/www.sigmatools.com.br\/site\/#website"},"primaryImageOfPage":{"@id":"https:\/\/www.sigmatools.com.br\/site\/produto\/sgt-3901\/#primaryimage"},"image":{"@id":"https:\/\/www.sigmatools.com.br\/site\/produto\/sgt-3901\/#primaryimage"},"thumbnailUrl":"https:\/\/www.sigmatools.com.br\/site\/wp-content\/uploads\/2026\/03\/0701390100N.jpg","datePublished":"2026-03-26T14:05:29+00:00","dateModified":"2026-03-27T11:36:19+00:00","breadcrumb":{"@id":"https:\/\/www.sigmatools.com.br\/site\/produto\/sgt-3901\/#breadcrumb"},"inLanguage":"pt-BR","potentialAction":[{"@type":"ReadAction","target":["https:\/\/www.sigmatools.com.br\/site\/produto\/sgt-3901\/"]}]},{"@type":"ImageObject","inLanguage":"pt-BR","@id":"https:\/\/www.sigmatools.com.br\/site\/produto\/sgt-3901\/#primaryimage","url":"https:\/\/www.sigmatools.com.br\/site\/wp-content\/uploads\/2026\/03\/0701390100N.jpg","contentUrl":"https:\/\/www.sigmatools.com.br\/site\/wp-content\/uploads\/2026\/03\/0701390100N.jpg","width":1500,"height":1500},{"@type":"BreadcrumbList","@id":"https:\/\/www.sigmatools.com.br\/site\/produto\/sgt-3901\/#breadcrumb","itemListElement":[{"@type":"ListItem","position":1,"name":"In\u00edcio","item":"https:\/\/www.sigmatools.com.br\/site\/"},{"@type":"ListItem","position":2,"name":"PULVERIZADOR PRESSURIZADO PARA L\u00cdQUIDOS 950ML SGT-3901 &#8211; N\u00c3O AEROSOL &#8211; SGT TOOLS"}]},{"@type":"WebSite","@id":"https:\/\/www.sigmatools.com.br\/site\/#website","url":"https:\/\/www.sigmatools.com.br\/site\/","name":"Sigma Tools","description":"Equipamentos para Est\u00e9tica Automotiva e Oficina Mec\u00e2nica - Sigma Tools","publisher":{"@id":"https:\/\/www.sigmatools.com.br\/site\/#organization"},"potentialAction":[{"@type":"SearchAction","target":{"@type":"EntryPoint","urlTemplate":"https:\/\/www.sigmatools.com.br\/site\/?s={search_term_string}"},"query-input":{"@type":"PropertyValueSpecification","valueRequired":true,"valueName":"search_term_string"}}],"inLanguage":"pt-BR"},{"@type":"Organization","@id":"https:\/\/www.sigmatools.com.br\/site\/#organization","name":"SIGMA TOOLS","url":"https:\/\/www.sigmatools.com.br\/site\/","logo":{"@type":"ImageObject","inLanguage":"pt-BR","@id":"https:\/\/www.sigmatools.com.br\/site\/#\/schema\/logo\/image\/","url":"https:\/\/www.sigmatools.com.br\/site\/wp-content\/uploads\/2020\/01\/logo-sigma.png","contentUrl":"https:\/\/www.sigmatools.com.br\/site\/wp-content\/uploads\/2020\/01\/logo-sigma.png","width":152,"height":150,"caption":"SIGMA TOOLS"},"image":{"@id":"https:\/\/www.sigmatools.com.br\/site\/#\/schema\/logo\/image\/"},"sameAs":["https:\/\/www.facebook.com\/sigmatools"]}]}},"_links":{"self":[{"href":"https:\/\/www.sigmatools.com.br\/site\/wp-json\/wp\/v2\/product\/13222","targetHints":{"allow":["GET"]}}],"collection":[{"href":"https:\/\/www.sigmatools.com.br\/site\/wp-json\/wp\/v2\/product"}],"about":[{"href":"https:\/\/www.sigmatools.com.br\/site\/wp-json\/wp\/v2\/types\/product"}],"replies":[{"embeddable":true,"href":"https:\/\/www.sigmatools.com.br\/site\/wp-json\/wp\/v2\/comments?post=13222"}],"wp:featuredmedia":[{"embeddable":true,"href":"https:\/\/www.sigmatools.com.br\/site\/wp-json\/wp\/v2\/media\/13237"}],"wp:attachment":[{"href":"https:\/\/www.sigmatools.com.br\/site\/wp-json\/wp\/v2\/media?parent=13222"}],"wp:term":[{"taxonomy":"product_brand","embeddable":true,"href":"https:\/\/www.sigmatools.com.br\/site\/wp-json\/wp\/v2\/product_brand?post=13222"},{"taxonomy":"product_cat","embeddable":true,"href":"https:\/\/www.sigmatools.com.br\/site\/wp-json\/wp\/v2\/product_cat?post=13222"},{"taxonomy":"product_tag","embeddable":true,"href":"https:\/\/www.sigmatools.com.br\/site\/wp-json\/wp\/v2\/product_tag?post=13222"}],"curies":[{"name":"wp","href":"https:\/\/api.w.org\/{rel}","templated":true}]}}