{"id":13383,"date":"2026-04-20T10:18:37","date_gmt":"2026-04-20T13:18:37","guid":{"rendered":"https:\/\/www.sigmatools.com.br\/site\/?post_type=product&#038;p=13383"},"modified":"2026-04-27T08:18:48","modified_gmt":"2026-04-27T11:18:48","slug":"kit-funil-oleo-motor-18-pecas-sgt-tools","status":"publish","type":"product","link":"https:\/\/www.sigmatools.com.br\/site\/produto\/kit-funil-oleo-motor-18-pecas-sgt-tools\/","title":{"rendered":"Kit Funil \u00d3leo Motor 18 Pe\u00e7as &#8211; SGT TOOLS"},"content":{"rendered":"","protected":false},"excerpt":{"rendered":"<p style=\"text-align: left;\"><strong>C\u00f3digo do produto:<\/strong> 0699990108<\/p>\n<p><strong>C\u00f3digo de barras:<\/strong> 7908276687877<\/p>\n<iframe width=\"315\" height=\"560\" src=\"https:\/\/www.youtube.com\/embed\/CNIuDLX9MrE?si=fP5TqTppxYO7XxCE\" title=\"YouTube video player\" frameborder=\"0\" allow=\"accelerometer; autoplay; clipboard-write; encrypted-media; gyroscope; picture-in-picture; web-share\" referrerpolicy=\"strict-origin-when-cross-origin\" allowfullscreen><\/iframe>\n<p>&nbsp;<\/p>\n<p><strong>Caracter\u00edsticas<\/strong><\/p>\n<p>\u2022 Preenchimento sem respingos e com m\u00ednimo de sujeira;<br \/>\n\u2022 Corpo transl\u00facido do funil facilita o controle do n\u00edvel de<br \/>\nfluido;<br \/>\n\u2022 Compat\u00edvel com diversos modelos nacionais e<br \/>\nimportados.<br \/>\nVantagens<br \/>\n\u2022 Permite inser\u00e7\u00e3o de fluido r\u00e1pido, limpo e sem<br \/>\ndesperd\u00edcio;<br \/>\n\u2022 O funil evita respingos de l\u00edquido e mant\u00e9m o ambiente<br \/>\nde trabalho mais limpo e organizado;<br \/>\n\u2022 Compatibilidade com ampla gama de ve\u00edculos..<br \/>\nAplica\u00e7\u00e3o<br \/>\nIdeal para oficinas e profissionais que realizam troca de<br \/>\n\u00f3leo em diversos modelos de ve\u00edculos.<\/p>\n<p>&nbsp;<\/p>\n<p>&nbsp;<\/p>\n[button size=\"small\" icon=\"\" target=\"_blank\" text_align=\"left\" text=\"Informativo\" link=\"http:\/\/www.sigmatools.com.br\/site\/arquivos\/informativos\/KIT%20FUNIL%20PARA%20TROCA%20DE%20OLEO%20-%2018%20PECAS.pdf\" color=\"#ffffff\" hover_color=\"#ffffff\" background_color=\"#353535\" hover_background_color=\"#dd3333\" border_color=\"#353535\" hover_border_color=\"#dd3333\"]\n<p>&nbsp;<\/p>","protected":false},"featured_media":13391,"comment_status":"open","ping_status":"closed","template":"","meta":{"_jet_sm_ready_style":"","_jet_sm_style":"","_jet_sm_controls_values":"","_jet_sm_fonts_collection":"","_jet_sm_fonts_links":""},"product_brand":[],"product_cat":[218,60,101,15],"product_tag":[],"class_list":{"0":"post-13383","1":"product","2":"type-product","3":"status-publish","4":"has-post-thumbnail","6":"product_cat-destaque","7":"product_cat-catalogo-geral","8":"product_cat-automotivo","9":"product_cat-sigma-tools","11":"first","12":"instock","13":"shipping-taxable","14":"product-type-simple"},"yoast_head":"<!-- This site is optimized with the Yoast SEO plugin v27.1.1 - https:\/\/yoast.com\/product\/yoast-seo-wordpress\/ -->\n<title>Kit Funil \u00d3leo Motor 18 Pe\u00e7as - SGT TOOLS - Sigma Tools<\/title>\n<meta name=\"robots\" content=\"index, follow, max-snippet:-1, max-image-preview:large, max-video-preview:-1\" \/>\n<link rel=\"canonical\" href=\"https:\/\/www.sigmatools.com.br\/site\/produto\/kit-funil-oleo-motor-18-pecas-sgt-tools\/\" \/>\n<meta property=\"og:locale\" content=\"pt_BR\" \/>\n<meta property=\"og:type\" content=\"article\" \/>\n<meta property=\"og:title\" content=\"Kit Funil \u00d3leo Motor 18 Pe\u00e7as - SGT TOOLS - Sigma Tools\" \/>\n<meta property=\"og:description\" content=\"C\u00f3digo do produto: 0699990108 C\u00f3digo de barras: 7908276687877    &nbsp;  Caracter\u00edsticas  \u2022 Preenchimento sem respingos e com m\u00ednimo de sujeira; \u2022 Corpo transl\u00facido do funil facilita o controle do n\u00edvel de fluido; \u2022 Compat\u00edvel com diversos modelos nacionais e importados. Vantagens \u2022 Permite inser\u00e7\u00e3o de fluido r\u00e1pido, limpo e sem desperd\u00edcio; \u2022 O funil evita respingos de l\u00edquido e mant\u00e9m o ambiente de trabalho mais limpo e organizado; \u2022 Compatibilidade com ampla gama de ve\u00edculos.. Aplica\u00e7\u00e3o Ideal para oficinas e profissionais que realizam troca de \u00f3leo em diversos modelos de ve\u00edculos.  &nbsp;  &nbsp;    &nbsp;\" \/>\n<meta property=\"og:url\" content=\"https:\/\/www.sigmatools.com.br\/site\/produto\/kit-funil-oleo-motor-18-pecas-sgt-tools\/\" \/>\n<meta property=\"og:site_name\" content=\"Sigma Tools\" \/>\n<meta property=\"article:publisher\" content=\"https:\/\/www.facebook.com\/sigmatools\" \/>\n<meta property=\"article:modified_time\" content=\"2026-04-27T11:18:48+00:00\" \/>\n<meta property=\"og:image\" content=\"https:\/\/www.sigmatools.com.br\/site\/wp-content\/uploads\/2026\/04\/0699990108F.jpg\" \/>\n\t<meta property=\"og:image:width\" content=\"1500\" \/>\n\t<meta property=\"og:image:height\" content=\"1500\" \/>\n\t<meta property=\"og:image:type\" content=\"image\/jpeg\" \/>\n<meta name=\"twitter:card\" content=\"summary_large_image\" \/>\n<meta name=\"twitter:label1\" content=\"Est. tempo de leitura\" \/>\n\t<meta name=\"twitter:data1\" content=\"1 minuto\" \/>\n<script type=\"application\/ld+json\" class=\"yoast-schema-graph\">{\"@context\":\"https:\/\/schema.org\",\"@graph\":[{\"@type\":\"WebPage\",\"@id\":\"https:\/\/www.sigmatools.com.br\/site\/produto\/kit-funil-oleo-motor-18-pecas-sgt-tools\/\",\"url\":\"https:\/\/www.sigmatools.com.br\/site\/produto\/kit-funil-oleo-motor-18-pecas-sgt-tools\/\",\"name\":\"Kit Funil \u00d3leo Motor 18 Pe\u00e7as - SGT TOOLS - Sigma Tools\",\"isPartOf\":{\"@id\":\"https:\/\/www.sigmatools.com.br\/site\/#website\"},\"primaryImageOfPage\":{\"@id\":\"https:\/\/www.sigmatools.com.br\/site\/produto\/kit-funil-oleo-motor-18-pecas-sgt-tools\/#primaryimage\"},\"image\":{\"@id\":\"https:\/\/www.sigmatools.com.br\/site\/produto\/kit-funil-oleo-motor-18-pecas-sgt-tools\/#primaryimage\"},\"thumbnailUrl\":\"https:\/\/www.sigmatools.com.br\/site\/wp-content\/uploads\/2026\/04\/0699990108F.jpg\",\"datePublished\":\"2026-04-20T13:18:37+00:00\",\"dateModified\":\"2026-04-27T11:18:48+00:00\",\"breadcrumb\":{\"@id\":\"https:\/\/www.sigmatools.com.br\/site\/produto\/kit-funil-oleo-motor-18-pecas-sgt-tools\/#breadcrumb\"},\"inLanguage\":\"pt-BR\",\"potentialAction\":[{\"@type\":\"ReadAction\",\"target\":[\"https:\/\/www.sigmatools.com.br\/site\/produto\/kit-funil-oleo-motor-18-pecas-sgt-tools\/\"]}]},{\"@type\":\"ImageObject\",\"inLanguage\":\"pt-BR\",\"@id\":\"https:\/\/www.sigmatools.com.br\/site\/produto\/kit-funil-oleo-motor-18-pecas-sgt-tools\/#primaryimage\",\"url\":\"https:\/\/www.sigmatools.com.br\/site\/wp-content\/uploads\/2026\/04\/0699990108F.jpg\",\"contentUrl\":\"https:\/\/www.sigmatools.com.br\/site\/wp-content\/uploads\/2026\/04\/0699990108F.jpg\",\"width\":1500,\"height\":1500},{\"@type\":\"BreadcrumbList\",\"@id\":\"https:\/\/www.sigmatools.com.br\/site\/produto\/kit-funil-oleo-motor-18-pecas-sgt-tools\/#breadcrumb\",\"itemListElement\":[{\"@type\":\"ListItem\",\"position\":1,\"name\":\"In\u00edcio\",\"item\":\"https:\/\/www.sigmatools.com.br\/site\/\"},{\"@type\":\"ListItem\",\"position\":2,\"name\":\"Kit Funil \u00d3leo Motor 18 Pe\u00e7as &#8211; SGT TOOLS\"}]},{\"@type\":\"WebSite\",\"@id\":\"https:\/\/www.sigmatools.com.br\/site\/#website\",\"url\":\"https:\/\/www.sigmatools.com.br\/site\/\",\"name\":\"Sigma Tools\",\"description\":\"Equipamentos para Est\u00e9tica Automotiva e Oficina Mec\u00e2nica - Sigma Tools\",\"publisher\":{\"@id\":\"https:\/\/www.sigmatools.com.br\/site\/#organization\"},\"potentialAction\":[{\"@type\":\"SearchAction\",\"target\":{\"@type\":\"EntryPoint\",\"urlTemplate\":\"https:\/\/www.sigmatools.com.br\/site\/?s={search_term_string}\"},\"query-input\":{\"@type\":\"PropertyValueSpecification\",\"valueRequired\":true,\"valueName\":\"search_term_string\"}}],\"inLanguage\":\"pt-BR\"},{\"@type\":\"Organization\",\"@id\":\"https:\/\/www.sigmatools.com.br\/site\/#organization\",\"name\":\"SIGMA TOOLS\",\"url\":\"https:\/\/www.sigmatools.com.br\/site\/\",\"logo\":{\"@type\":\"ImageObject\",\"inLanguage\":\"pt-BR\",\"@id\":\"https:\/\/www.sigmatools.com.br\/site\/#\/schema\/logo\/image\/\",\"url\":\"https:\/\/www.sigmatools.com.br\/site\/wp-content\/uploads\/2020\/01\/logo-sigma.png\",\"contentUrl\":\"https:\/\/www.sigmatools.com.br\/site\/wp-content\/uploads\/2020\/01\/logo-sigma.png\",\"width\":152,\"height\":150,\"caption\":\"SIGMA TOOLS\"},\"image\":{\"@id\":\"https:\/\/www.sigmatools.com.br\/site\/#\/schema\/logo\/image\/\"},\"sameAs\":[\"https:\/\/www.facebook.com\/sigmatools\"]}]}<\/script>\n<!-- \/ Yoast SEO plugin. -->","yoast_head_json":{"title":"Kit Funil \u00d3leo Motor 18 Pe\u00e7as - SGT TOOLS - Sigma Tools","robots":{"index":"index","follow":"follow","max-snippet":"max-snippet:-1","max-image-preview":"max-image-preview:large","max-video-preview":"max-video-preview:-1"},"canonical":"https:\/\/www.sigmatools.com.br\/site\/produto\/kit-funil-oleo-motor-18-pecas-sgt-tools\/","og_locale":"pt_BR","og_type":"article","og_title":"Kit Funil \u00d3leo Motor 18 Pe\u00e7as - SGT TOOLS - Sigma Tools","og_description":"C\u00f3digo do produto: 0699990108 C\u00f3digo de barras: 7908276687877    &nbsp;  Caracter\u00edsticas  \u2022 Preenchimento sem respingos e com m\u00ednimo de sujeira; \u2022 Corpo transl\u00facido do funil facilita o controle do n\u00edvel de fluido; \u2022 Compat\u00edvel com diversos modelos nacionais e importados. Vantagens \u2022 Permite inser\u00e7\u00e3o de fluido r\u00e1pido, limpo e sem desperd\u00edcio; \u2022 O funil evita respingos de l\u00edquido e mant\u00e9m o ambiente de trabalho mais limpo e organizado; \u2022 Compatibilidade com ampla gama de ve\u00edculos.. Aplica\u00e7\u00e3o Ideal para oficinas e profissionais que realizam troca de \u00f3leo em diversos modelos de ve\u00edculos.  &nbsp;  &nbsp;    &nbsp;","og_url":"https:\/\/www.sigmatools.com.br\/site\/produto\/kit-funil-oleo-motor-18-pecas-sgt-tools\/","og_site_name":"Sigma Tools","article_publisher":"https:\/\/www.facebook.com\/sigmatools","article_modified_time":"2026-04-27T11:18:48+00:00","og_image":[{"width":1500,"height":1500,"url":"https:\/\/www.sigmatools.com.br\/site\/wp-content\/uploads\/2026\/04\/0699990108F.jpg","type":"image\/jpeg"}],"twitter_card":"summary_large_image","twitter_misc":{"Est. tempo de leitura":"1 minuto"},"schema":{"@context":"https:\/\/schema.org","@graph":[{"@type":"WebPage","@id":"https:\/\/www.sigmatools.com.br\/site\/produto\/kit-funil-oleo-motor-18-pecas-sgt-tools\/","url":"https:\/\/www.sigmatools.com.br\/site\/produto\/kit-funil-oleo-motor-18-pecas-sgt-tools\/","name":"Kit Funil \u00d3leo Motor 18 Pe\u00e7as - SGT TOOLS - Sigma Tools","isPartOf":{"@id":"https:\/\/www.sigmatools.com.br\/site\/#website"},"primaryImageOfPage":{"@id":"https:\/\/www.sigmatools.com.br\/site\/produto\/kit-funil-oleo-motor-18-pecas-sgt-tools\/#primaryimage"},"image":{"@id":"https:\/\/www.sigmatools.com.br\/site\/produto\/kit-funil-oleo-motor-18-pecas-sgt-tools\/#primaryimage"},"thumbnailUrl":"https:\/\/www.sigmatools.com.br\/site\/wp-content\/uploads\/2026\/04\/0699990108F.jpg","datePublished":"2026-04-20T13:18:37+00:00","dateModified":"2026-04-27T11:18:48+00:00","breadcrumb":{"@id":"https:\/\/www.sigmatools.com.br\/site\/produto\/kit-funil-oleo-motor-18-pecas-sgt-tools\/#breadcrumb"},"inLanguage":"pt-BR","potentialAction":[{"@type":"ReadAction","target":["https:\/\/www.sigmatools.com.br\/site\/produto\/kit-funil-oleo-motor-18-pecas-sgt-tools\/"]}]},{"@type":"ImageObject","inLanguage":"pt-BR","@id":"https:\/\/www.sigmatools.com.br\/site\/produto\/kit-funil-oleo-motor-18-pecas-sgt-tools\/#primaryimage","url":"https:\/\/www.sigmatools.com.br\/site\/wp-content\/uploads\/2026\/04\/0699990108F.jpg","contentUrl":"https:\/\/www.sigmatools.com.br\/site\/wp-content\/uploads\/2026\/04\/0699990108F.jpg","width":1500,"height":1500},{"@type":"BreadcrumbList","@id":"https:\/\/www.sigmatools.com.br\/site\/produto\/kit-funil-oleo-motor-18-pecas-sgt-tools\/#breadcrumb","itemListElement":[{"@type":"ListItem","position":1,"name":"In\u00edcio","item":"https:\/\/www.sigmatools.com.br\/site\/"},{"@type":"ListItem","position":2,"name":"Kit Funil \u00d3leo Motor 18 Pe\u00e7as &#8211; SGT TOOLS"}]},{"@type":"WebSite","@id":"https:\/\/www.sigmatools.com.br\/site\/#website","url":"https:\/\/www.sigmatools.com.br\/site\/","name":"Sigma Tools","description":"Equipamentos para Est\u00e9tica Automotiva e Oficina Mec\u00e2nica - Sigma Tools","publisher":{"@id":"https:\/\/www.sigmatools.com.br\/site\/#organization"},"potentialAction":[{"@type":"SearchAction","target":{"@type":"EntryPoint","urlTemplate":"https:\/\/www.sigmatools.com.br\/site\/?s={search_term_string}"},"query-input":{"@type":"PropertyValueSpecification","valueRequired":true,"valueName":"search_term_string"}}],"inLanguage":"pt-BR"},{"@type":"Organization","@id":"https:\/\/www.sigmatools.com.br\/site\/#organization","name":"SIGMA TOOLS","url":"https:\/\/www.sigmatools.com.br\/site\/","logo":{"@type":"ImageObject","inLanguage":"pt-BR","@id":"https:\/\/www.sigmatools.com.br\/site\/#\/schema\/logo\/image\/","url":"https:\/\/www.sigmatools.com.br\/site\/wp-content\/uploads\/2020\/01\/logo-sigma.png","contentUrl":"https:\/\/www.sigmatools.com.br\/site\/wp-content\/uploads\/2020\/01\/logo-sigma.png","width":152,"height":150,"caption":"SIGMA TOOLS"},"image":{"@id":"https:\/\/www.sigmatools.com.br\/site\/#\/schema\/logo\/image\/"},"sameAs":["https:\/\/www.facebook.com\/sigmatools"]}]}},"_links":{"self":[{"href":"https:\/\/www.sigmatools.com.br\/site\/wp-json\/wp\/v2\/product\/13383","targetHints":{"allow":["GET"]}}],"collection":[{"href":"https:\/\/www.sigmatools.com.br\/site\/wp-json\/wp\/v2\/product"}],"about":[{"href":"https:\/\/www.sigmatools.com.br\/site\/wp-json\/wp\/v2\/types\/product"}],"replies":[{"embeddable":true,"href":"https:\/\/www.sigmatools.com.br\/site\/wp-json\/wp\/v2\/comments?post=13383"}],"wp:featuredmedia":[{"embeddable":true,"href":"https:\/\/www.sigmatools.com.br\/site\/wp-json\/wp\/v2\/media\/13391"}],"wp:attachment":[{"href":"https:\/\/www.sigmatools.com.br\/site\/wp-json\/wp\/v2\/media?parent=13383"}],"wp:term":[{"taxonomy":"product_brand","embeddable":true,"href":"https:\/\/www.sigmatools.com.br\/site\/wp-json\/wp\/v2\/product_brand?post=13383"},{"taxonomy":"product_cat","embeddable":true,"href":"https:\/\/www.sigmatools.com.br\/site\/wp-json\/wp\/v2\/product_cat?post=13383"},{"taxonomy":"product_tag","embeddable":true,"href":"https:\/\/www.sigmatools.com.br\/site\/wp-json\/wp\/v2\/product_tag?post=13383"}],"curies":[{"name":"wp","href":"https:\/\/api.w.org\/{rel}","templated":true}]}}