{"id":13415,"date":"2026-04-23T08:42:29","date_gmt":"2026-04-23T11:42:29","guid":{"rendered":"https:\/\/www.sigmatools.com.br\/site\/?post_type=product&#038;p=13415"},"modified":"2026-04-23T11:14:46","modified_gmt":"2026-04-23T14:14:46","slug":"carrinho-para-ferramentas-aco-3-bandejas-com-painel-sgt-tools","status":"publish","type":"product","link":"https:\/\/www.sigmatools.com.br\/site\/produto\/carrinho-para-ferramentas-aco-3-bandejas-com-painel-sgt-tools\/","title":{"rendered":"Carrinho Para Ferramentas A\u00e7o 3 Bandejas Com Painel &#8211; SGT TOOLS"},"content":{"rendered":"","protected":false},"excerpt":{"rendered":"<p><strong>C\u00f3digo do produto:<\/strong> 1205100612<\/p>\n<p><strong>C\u00f3digo de barras:<\/strong> 7908276668715<\/p>\n<iframe width=\"315\" height=\"560\" src=\"https:\/\/www.youtube.com\/embed\/Mwpyb3Ht1IY?si=uheJrFAqneCf4Szp\" title=\"YouTube video player\" frameborder=\"0\" allow=\"accelerometer; autoplay; clipboard-write; encrypted-media; gyroscope; picture-in-picture; web-share\" referrerpolicy=\"strict-origin-when-cross-origin\" allowfullscreen><\/iframe>\n<p><strong>Caracter\u00edsticas\u00a0<\/strong><\/p>\n<p>3 bandejas para organiza\u00e7\u00e3o de ferramentas; \u2022 Pain\u00e9is laterais e traseiro para uso com ganchos; \u2022 Rod\u00edzios para f\u00e1cil movimenta\u00e7\u00e3o; \u2022 Al\u00e7a para transporte; \u2022 Suporte para pinceis. Vantagens \u2022 Maior organiza\u00e7\u00e3o com uso combinado de bandejas e pain\u00e9is; \u2022 Facilidade no acesso \u00e0s ferramentas; \u2022 Mobilidade para uso em diferentes \u00e1reas da oficina; \u2022 Estrutura leve e resistente para uso profissional; \u2022 Acompanha 10 ganchos &#8211; 2001990001. Aplica\u00e7\u00e3o Ideal para organiza\u00e7\u00e3o e transporte de ferramentas em oficinas mec\u00e2nicas, centros automotivos e ambientes de manuten\u00e7\u00e3o.<\/p>\n<p><strong>Especifica\u00e7\u00f5es T\u00e9cnicas<\/strong><\/p>\n<p>Capacidade de carga: 90 kg total (30 por bandeja) \u2022 Peso aproximado: 10,900 kg \u2022 Estrutura em a\u00e7o resistente; \u2022 Pintura com tratamento anticorrosivo.<\/p>\n<p>&nbsp;<\/p>\n<p>&nbsp;<\/p>\n[button size=\"small\" icon=\"\" target=\"_blank\" text_align=\"left\" text=\"Informativo\" link=\"http:\/\/www.sigmatools.com.br\/site\/arquivos\/informativos\/CARRINHO%20PARA%20FERRAMENTAS%20EM%20ACO%203%20BANDEJAS%20COM%20GAVETA.pdf\" color=\"#ffffff\" hover_color=\"#ffffff\" background_color=\"#353535\" hover_background_color=\"#dd3333\" border_color=\"#353535\" hover_border_color=\"#dd3333\"]\n<p>&nbsp;<\/p>","protected":false},"featured_media":13416,"comment_status":"open","ping_status":"closed","template":"","meta":{"_jet_sm_ready_style":"","_jet_sm_style":"","_jet_sm_controls_values":"","_jet_sm_fonts_collection":"","_jet_sm_fonts_links":""},"product_brand":[],"product_cat":[218,76,104,15],"product_tag":[],"class_list":{"0":"post-13415","1":"product","2":"type-product","3":"status-publish","4":"has-post-thumbnail","6":"product_cat-destaque","7":"product_cat-borracharia","8":"product_cat-organizadores","9":"product_cat-sigma-tools","11":"first","12":"instock","13":"shipping-taxable","14":"product-type-simple"},"yoast_head":"<!-- This site is optimized with the Yoast SEO plugin v27.1.1 - https:\/\/yoast.com\/product\/yoast-seo-wordpress\/ -->\n<title>Carrinho Para Ferramentas A\u00e7o 3 Bandejas Com Painel - SGT TOOLS - Sigma Tools<\/title>\n<meta name=\"robots\" content=\"index, follow, max-snippet:-1, max-image-preview:large, max-video-preview:-1\" \/>\n<link rel=\"canonical\" href=\"https:\/\/www.sigmatools.com.br\/site\/produto\/carrinho-para-ferramentas-aco-3-bandejas-com-painel-sgt-tools\/\" \/>\n<meta property=\"og:locale\" content=\"pt_BR\" \/>\n<meta property=\"og:type\" content=\"article\" \/>\n<meta property=\"og:title\" content=\"Carrinho Para Ferramentas A\u00e7o 3 Bandejas Com Painel - SGT TOOLS - Sigma Tools\" \/>\n<meta property=\"og:description\" content=\"C\u00f3digo do produto: 1205100612  C\u00f3digo de barras: 7908276668715    Caracter\u00edsticas\u00a0  3 bandejas para organiza\u00e7\u00e3o de ferramentas; \u2022 Pain\u00e9is laterais e traseiro para uso com ganchos; \u2022 Rod\u00edzios para f\u00e1cil movimenta\u00e7\u00e3o; \u2022 Al\u00e7a para transporte; \u2022 Suporte para pinceis. Vantagens \u2022 Maior organiza\u00e7\u00e3o com uso combinado de bandejas e pain\u00e9is; \u2022 Facilidade no acesso \u00e0s ferramentas; \u2022 Mobilidade para uso em diferentes \u00e1reas da oficina; \u2022 Estrutura leve e resistente para uso profissional; \u2022 Acompanha 10 ganchos - 2001990001. Aplica\u00e7\u00e3o Ideal para organiza\u00e7\u00e3o e transporte de ferramentas em oficinas mec\u00e2nicas, centros automotivos e ambientes de manuten\u00e7\u00e3o.  Especifica\u00e7\u00f5es T\u00e9cnicas  Capacidade de carga: 90 kg total (30 por bandeja) \u2022 Peso aproximado: 10,900 kg \u2022 Estrutura em a\u00e7o resistente; \u2022 Pintura com tratamento anticorrosivo.  &nbsp;  &nbsp;    &nbsp;\" \/>\n<meta property=\"og:url\" content=\"https:\/\/www.sigmatools.com.br\/site\/produto\/carrinho-para-ferramentas-aco-3-bandejas-com-painel-sgt-tools\/\" \/>\n<meta property=\"og:site_name\" content=\"Sigma Tools\" \/>\n<meta property=\"article:publisher\" content=\"https:\/\/www.facebook.com\/sigmatools\" \/>\n<meta property=\"article:modified_time\" content=\"2026-04-23T14:14:46+00:00\" \/>\n<meta property=\"og:image\" content=\"https:\/\/www.sigmatools.com.br\/site\/wp-content\/uploads\/2026\/04\/1205100612.jpg\" \/>\n\t<meta property=\"og:image:width\" content=\"1500\" \/>\n\t<meta property=\"og:image:height\" content=\"1500\" \/>\n\t<meta property=\"og:image:type\" content=\"image\/jpeg\" \/>\n<meta name=\"twitter:card\" content=\"summary_large_image\" \/>\n<meta name=\"twitter:label1\" content=\"Est. tempo de leitura\" \/>\n\t<meta name=\"twitter:data1\" content=\"1 minuto\" \/>\n<script type=\"application\/ld+json\" class=\"yoast-schema-graph\">{\"@context\":\"https:\/\/schema.org\",\"@graph\":[{\"@type\":\"WebPage\",\"@id\":\"https:\/\/www.sigmatools.com.br\/site\/produto\/carrinho-para-ferramentas-aco-3-bandejas-com-painel-sgt-tools\/\",\"url\":\"https:\/\/www.sigmatools.com.br\/site\/produto\/carrinho-para-ferramentas-aco-3-bandejas-com-painel-sgt-tools\/\",\"name\":\"Carrinho Para Ferramentas A\u00e7o 3 Bandejas Com Painel - SGT TOOLS - Sigma Tools\",\"isPartOf\":{\"@id\":\"https:\/\/www.sigmatools.com.br\/site\/#website\"},\"primaryImageOfPage\":{\"@id\":\"https:\/\/www.sigmatools.com.br\/site\/produto\/carrinho-para-ferramentas-aco-3-bandejas-com-painel-sgt-tools\/#primaryimage\"},\"image\":{\"@id\":\"https:\/\/www.sigmatools.com.br\/site\/produto\/carrinho-para-ferramentas-aco-3-bandejas-com-painel-sgt-tools\/#primaryimage\"},\"thumbnailUrl\":\"https:\/\/www.sigmatools.com.br\/site\/wp-content\/uploads\/2026\/04\/1205100612.jpg\",\"datePublished\":\"2026-04-23T11:42:29+00:00\",\"dateModified\":\"2026-04-23T14:14:46+00:00\",\"breadcrumb\":{\"@id\":\"https:\/\/www.sigmatools.com.br\/site\/produto\/carrinho-para-ferramentas-aco-3-bandejas-com-painel-sgt-tools\/#breadcrumb\"},\"inLanguage\":\"pt-BR\",\"potentialAction\":[{\"@type\":\"ReadAction\",\"target\":[\"https:\/\/www.sigmatools.com.br\/site\/produto\/carrinho-para-ferramentas-aco-3-bandejas-com-painel-sgt-tools\/\"]}]},{\"@type\":\"ImageObject\",\"inLanguage\":\"pt-BR\",\"@id\":\"https:\/\/www.sigmatools.com.br\/site\/produto\/carrinho-para-ferramentas-aco-3-bandejas-com-painel-sgt-tools\/#primaryimage\",\"url\":\"https:\/\/www.sigmatools.com.br\/site\/wp-content\/uploads\/2026\/04\/1205100612.jpg\",\"contentUrl\":\"https:\/\/www.sigmatools.com.br\/site\/wp-content\/uploads\/2026\/04\/1205100612.jpg\",\"width\":1500,\"height\":1500},{\"@type\":\"BreadcrumbList\",\"@id\":\"https:\/\/www.sigmatools.com.br\/site\/produto\/carrinho-para-ferramentas-aco-3-bandejas-com-painel-sgt-tools\/#breadcrumb\",\"itemListElement\":[{\"@type\":\"ListItem\",\"position\":1,\"name\":\"In\u00edcio\",\"item\":\"https:\/\/www.sigmatools.com.br\/site\/\"},{\"@type\":\"ListItem\",\"position\":2,\"name\":\"Carrinho Para Ferramentas A\u00e7o 3 Bandejas Com Painel &#8211; SGT TOOLS\"}]},{\"@type\":\"WebSite\",\"@id\":\"https:\/\/www.sigmatools.com.br\/site\/#website\",\"url\":\"https:\/\/www.sigmatools.com.br\/site\/\",\"name\":\"Sigma Tools\",\"description\":\"Equipamentos para Est\u00e9tica Automotiva e Oficina Mec\u00e2nica - Sigma Tools\",\"publisher\":{\"@id\":\"https:\/\/www.sigmatools.com.br\/site\/#organization\"},\"potentialAction\":[{\"@type\":\"SearchAction\",\"target\":{\"@type\":\"EntryPoint\",\"urlTemplate\":\"https:\/\/www.sigmatools.com.br\/site\/?s={search_term_string}\"},\"query-input\":{\"@type\":\"PropertyValueSpecification\",\"valueRequired\":true,\"valueName\":\"search_term_string\"}}],\"inLanguage\":\"pt-BR\"},{\"@type\":\"Organization\",\"@id\":\"https:\/\/www.sigmatools.com.br\/site\/#organization\",\"name\":\"SIGMA TOOLS\",\"url\":\"https:\/\/www.sigmatools.com.br\/site\/\",\"logo\":{\"@type\":\"ImageObject\",\"inLanguage\":\"pt-BR\",\"@id\":\"https:\/\/www.sigmatools.com.br\/site\/#\/schema\/logo\/image\/\",\"url\":\"https:\/\/www.sigmatools.com.br\/site\/wp-content\/uploads\/2020\/01\/logo-sigma.png\",\"contentUrl\":\"https:\/\/www.sigmatools.com.br\/site\/wp-content\/uploads\/2020\/01\/logo-sigma.png\",\"width\":152,\"height\":150,\"caption\":\"SIGMA TOOLS\"},\"image\":{\"@id\":\"https:\/\/www.sigmatools.com.br\/site\/#\/schema\/logo\/image\/\"},\"sameAs\":[\"https:\/\/www.facebook.com\/sigmatools\"]}]}<\/script>\n<!-- \/ Yoast SEO plugin. -->","yoast_head_json":{"title":"Carrinho Para Ferramentas A\u00e7o 3 Bandejas Com Painel - SGT TOOLS - Sigma Tools","robots":{"index":"index","follow":"follow","max-snippet":"max-snippet:-1","max-image-preview":"max-image-preview:large","max-video-preview":"max-video-preview:-1"},"canonical":"https:\/\/www.sigmatools.com.br\/site\/produto\/carrinho-para-ferramentas-aco-3-bandejas-com-painel-sgt-tools\/","og_locale":"pt_BR","og_type":"article","og_title":"Carrinho Para Ferramentas A\u00e7o 3 Bandejas Com Painel - SGT TOOLS - Sigma Tools","og_description":"C\u00f3digo do produto: 1205100612  C\u00f3digo de barras: 7908276668715    Caracter\u00edsticas\u00a0  3 bandejas para organiza\u00e7\u00e3o de ferramentas; \u2022 Pain\u00e9is laterais e traseiro para uso com ganchos; \u2022 Rod\u00edzios para f\u00e1cil movimenta\u00e7\u00e3o; \u2022 Al\u00e7a para transporte; \u2022 Suporte para pinceis. Vantagens \u2022 Maior organiza\u00e7\u00e3o com uso combinado de bandejas e pain\u00e9is; \u2022 Facilidade no acesso \u00e0s ferramentas; \u2022 Mobilidade para uso em diferentes \u00e1reas da oficina; \u2022 Estrutura leve e resistente para uso profissional; \u2022 Acompanha 10 ganchos - 2001990001. Aplica\u00e7\u00e3o Ideal para organiza\u00e7\u00e3o e transporte de ferramentas em oficinas mec\u00e2nicas, centros automotivos e ambientes de manuten\u00e7\u00e3o.  Especifica\u00e7\u00f5es T\u00e9cnicas  Capacidade de carga: 90 kg total (30 por bandeja) \u2022 Peso aproximado: 10,900 kg \u2022 Estrutura em a\u00e7o resistente; \u2022 Pintura com tratamento anticorrosivo.  &nbsp;  &nbsp;    &nbsp;","og_url":"https:\/\/www.sigmatools.com.br\/site\/produto\/carrinho-para-ferramentas-aco-3-bandejas-com-painel-sgt-tools\/","og_site_name":"Sigma Tools","article_publisher":"https:\/\/www.facebook.com\/sigmatools","article_modified_time":"2026-04-23T14:14:46+00:00","og_image":[{"width":1500,"height":1500,"url":"https:\/\/www.sigmatools.com.br\/site\/wp-content\/uploads\/2026\/04\/1205100612.jpg","type":"image\/jpeg"}],"twitter_card":"summary_large_image","twitter_misc":{"Est. tempo de leitura":"1 minuto"},"schema":{"@context":"https:\/\/schema.org","@graph":[{"@type":"WebPage","@id":"https:\/\/www.sigmatools.com.br\/site\/produto\/carrinho-para-ferramentas-aco-3-bandejas-com-painel-sgt-tools\/","url":"https:\/\/www.sigmatools.com.br\/site\/produto\/carrinho-para-ferramentas-aco-3-bandejas-com-painel-sgt-tools\/","name":"Carrinho Para Ferramentas A\u00e7o 3 Bandejas Com Painel - SGT TOOLS - Sigma Tools","isPartOf":{"@id":"https:\/\/www.sigmatools.com.br\/site\/#website"},"primaryImageOfPage":{"@id":"https:\/\/www.sigmatools.com.br\/site\/produto\/carrinho-para-ferramentas-aco-3-bandejas-com-painel-sgt-tools\/#primaryimage"},"image":{"@id":"https:\/\/www.sigmatools.com.br\/site\/produto\/carrinho-para-ferramentas-aco-3-bandejas-com-painel-sgt-tools\/#primaryimage"},"thumbnailUrl":"https:\/\/www.sigmatools.com.br\/site\/wp-content\/uploads\/2026\/04\/1205100612.jpg","datePublished":"2026-04-23T11:42:29+00:00","dateModified":"2026-04-23T14:14:46+00:00","breadcrumb":{"@id":"https:\/\/www.sigmatools.com.br\/site\/produto\/carrinho-para-ferramentas-aco-3-bandejas-com-painel-sgt-tools\/#breadcrumb"},"inLanguage":"pt-BR","potentialAction":[{"@type":"ReadAction","target":["https:\/\/www.sigmatools.com.br\/site\/produto\/carrinho-para-ferramentas-aco-3-bandejas-com-painel-sgt-tools\/"]}]},{"@type":"ImageObject","inLanguage":"pt-BR","@id":"https:\/\/www.sigmatools.com.br\/site\/produto\/carrinho-para-ferramentas-aco-3-bandejas-com-painel-sgt-tools\/#primaryimage","url":"https:\/\/www.sigmatools.com.br\/site\/wp-content\/uploads\/2026\/04\/1205100612.jpg","contentUrl":"https:\/\/www.sigmatools.com.br\/site\/wp-content\/uploads\/2026\/04\/1205100612.jpg","width":1500,"height":1500},{"@type":"BreadcrumbList","@id":"https:\/\/www.sigmatools.com.br\/site\/produto\/carrinho-para-ferramentas-aco-3-bandejas-com-painel-sgt-tools\/#breadcrumb","itemListElement":[{"@type":"ListItem","position":1,"name":"In\u00edcio","item":"https:\/\/www.sigmatools.com.br\/site\/"},{"@type":"ListItem","position":2,"name":"Carrinho Para Ferramentas A\u00e7o 3 Bandejas Com Painel &#8211; SGT TOOLS"}]},{"@type":"WebSite","@id":"https:\/\/www.sigmatools.com.br\/site\/#website","url":"https:\/\/www.sigmatools.com.br\/site\/","name":"Sigma Tools","description":"Equipamentos para Est\u00e9tica Automotiva e Oficina Mec\u00e2nica - Sigma Tools","publisher":{"@id":"https:\/\/www.sigmatools.com.br\/site\/#organization"},"potentialAction":[{"@type":"SearchAction","target":{"@type":"EntryPoint","urlTemplate":"https:\/\/www.sigmatools.com.br\/site\/?s={search_term_string}"},"query-input":{"@type":"PropertyValueSpecification","valueRequired":true,"valueName":"search_term_string"}}],"inLanguage":"pt-BR"},{"@type":"Organization","@id":"https:\/\/www.sigmatools.com.br\/site\/#organization","name":"SIGMA TOOLS","url":"https:\/\/www.sigmatools.com.br\/site\/","logo":{"@type":"ImageObject","inLanguage":"pt-BR","@id":"https:\/\/www.sigmatools.com.br\/site\/#\/schema\/logo\/image\/","url":"https:\/\/www.sigmatools.com.br\/site\/wp-content\/uploads\/2020\/01\/logo-sigma.png","contentUrl":"https:\/\/www.sigmatools.com.br\/site\/wp-content\/uploads\/2020\/01\/logo-sigma.png","width":152,"height":150,"caption":"SIGMA TOOLS"},"image":{"@id":"https:\/\/www.sigmatools.com.br\/site\/#\/schema\/logo\/image\/"},"sameAs":["https:\/\/www.facebook.com\/sigmatools"]}]}},"_links":{"self":[{"href":"https:\/\/www.sigmatools.com.br\/site\/wp-json\/wp\/v2\/product\/13415","targetHints":{"allow":["GET"]}}],"collection":[{"href":"https:\/\/www.sigmatools.com.br\/site\/wp-json\/wp\/v2\/product"}],"about":[{"href":"https:\/\/www.sigmatools.com.br\/site\/wp-json\/wp\/v2\/types\/product"}],"replies":[{"embeddable":true,"href":"https:\/\/www.sigmatools.com.br\/site\/wp-json\/wp\/v2\/comments?post=13415"}],"wp:featuredmedia":[{"embeddable":true,"href":"https:\/\/www.sigmatools.com.br\/site\/wp-json\/wp\/v2\/media\/13416"}],"wp:attachment":[{"href":"https:\/\/www.sigmatools.com.br\/site\/wp-json\/wp\/v2\/media?parent=13415"}],"wp:term":[{"taxonomy":"product_brand","embeddable":true,"href":"https:\/\/www.sigmatools.com.br\/site\/wp-json\/wp\/v2\/product_brand?post=13415"},{"taxonomy":"product_cat","embeddable":true,"href":"https:\/\/www.sigmatools.com.br\/site\/wp-json\/wp\/v2\/product_cat?post=13415"},{"taxonomy":"product_tag","embeddable":true,"href":"https:\/\/www.sigmatools.com.br\/site\/wp-json\/wp\/v2\/product_tag?post=13415"}],"curies":[{"name":"wp","href":"https:\/\/api.w.org\/{rel}","templated":true}]}}