{"id":1354,"date":"2020-09-03T10:11:43","date_gmt":"2020-09-03T13:11:43","guid":{"rendered":"https:\/\/www.sigmatools.com.br\/site\/?post_type=product&#038;p=1354"},"modified":"2026-03-10T11:23:31","modified_gmt":"2026-03-10T14:23:31","slug":"sgt-1215","status":"publish","type":"product","link":"https:\/\/www.sigmatools.com.br\/site\/produto\/sgt-1215\/","title":{"rendered":"SGT-1215 &#8211; SERRA SABRE INDUSTRIAL PNEUM\u00c1TICA"},"content":{"rendered":"<p>7908276603884[vc_row css_animation=&#8221;&#8221; row_type=&#8221;row&#8221; use_row_as_full_screen_section=&#8221;no&#8221; type=&#8221;full_width&#8221; angled_section=&#8221;no&#8221; text_align=&#8221;left&#8221; background_image_as_pattern=&#8221;without_pattern&#8221;][vc_column][\/vc_column][\/vc_row]<\/p>","protected":false},"excerpt":{"rendered":"<p><strong>C\u00f3digo do produto:<\/strong> 0701121500<\/p>\n<p><strong>C\u00f3digo de barras:<\/strong> 7908276603884<\/p>\n<p>&nbsp;<\/p>\n<p>&nbsp;<\/p>\n<p>Indicado para uso pesado no corte em diversos tipos de substratos, tais como madeira, pl\u00e1stico, acr\u00edlico, compostos, alum\u00ednio, folhas met\u00e1licas. Muito utilizado para cortes de chapas de a\u00e7o, carroceria de \u00f4nibus, off-shore, etc.<\/p>\n<p>&nbsp;<\/p>\n<p><strong>Caracter\u00edsticas<\/strong><\/p>\n<p>\u2022 Faz cortes retos e curvos;<br \/>\n\u2022 Carca\u00e7a em liga de a\u00e7o;<br \/>\n\u2022 Baix\u00edssima vibra\u00e7\u00e3o;<br \/>\n\u2022 Poucas pe\u00e7as m\u00f3veis = Maior durabilidade;<br \/>\n\u2022 Alavanca de acionamento com trava de seguran\u00e7a;<br \/>\n\u2022 Design fino, leve e port\u00e1til;<br \/>\n\u2022 Exaust\u00e3o traseira.<\/p>\n<p>&nbsp;<\/p>\n<p><strong>Informa\u00e7\u00f5es T\u00e9cnicas:<\/strong><\/p>\n<p><strong>Capacidade de corte em ALUM\u00cdNIO (mm):<\/strong> 25<br \/>\n<strong>Capacidade de corte em A\u00c7O (mm): 20<br \/>\nCurso (mm):<\/strong> 45<br \/>\n<strong>Peso (kg):<\/strong> 2,500<\/p>\n<p>&nbsp;<\/p>\n<p><strong>Acess\u00f3rios:<\/strong><\/p>\n<p>O equipamento vem acompanhado de:<br \/>\n&#8211; L\u00e2mina Bi-Met\u00e1lica 300mm Metal 14 TPI<br \/>\n&#8211; L\u00e2mina Bi-Met\u00e1lica 300mm Madeira e Metal 8\/12 TPI<\/p>\n<p>&nbsp;<\/p>\n<p>&nbsp;<\/p>\n<p>&nbsp;<\/p>\n[button size=\"small\" icon=\"\" target=\"_blank\" text_align=\"left\" text=\"Informativo\" link=\"https:\/\/www.sigmatools.com.br\/site\/arquivos\/informativos\/SGT-1215%20-%20Serra%20Sabre%20Industrial.pdf\" color=\"#ffffff\" hover_color=\"#ffffff\" background_color=\"#353535\" hover_background_color=\"#dd3333\" border_color=\"#353535\" hover_border_color=\"#dd3333\"]\n[button size=\"small\" icon=\"\" target=\"_blank\" text_align=\"left\" text=\"Vista Explodida\" link=\"https:\/\/www.sigmatools.com.br\/site\/arquivos\/vista-explodida\/SGT-1215%20-%20Serra%20Sabre%20Industrial%20-%20VE.pdf\" color=\"#ffffff\" hover_color=\"#ffffff\" background_color=\"#353535\" hover_background_color=\"#dd3333\" border_color=\"#353535\" hover_border_color=\"#dd3333\"]","protected":false},"featured_media":5164,"comment_status":"open","ping_status":"closed","template":"","meta":{"_jet_sm_ready_style":"","_jet_sm_style":"","_jet_sm_controls_values":"","_jet_sm_fonts_collection":"","_jet_sm_fonts_links":""},"product_brand":[],"product_cat":[110,134,60,86,15],"product_tag":[],"class_list":{"0":"post-1354","1":"product","2":"type-product","3":"status-publish","4":"has-post-thumbnail","6":"product_cat-ferramentas","7":"product_cat-serras","8":"product_cat-catalogo-geral","9":"product_cat-corte","10":"product_cat-sigma-tools","12":"first","13":"instock","14":"shipping-taxable","15":"product-type-simple"},"yoast_head":"<!-- This site is optimized with the Yoast SEO plugin v27.1.1 - https:\/\/yoast.com\/product\/yoast-seo-wordpress\/ -->\n<title>SGT-1215 - SERRA SABRE INDUSTRIAL PNEUM\u00c1TICA - Sigma Tools<\/title>\n<meta name=\"robots\" content=\"index, follow, max-snippet:-1, max-image-preview:large, max-video-preview:-1\" \/>\n<link rel=\"canonical\" href=\"https:\/\/www.sigmatools.com.br\/site\/produto\/sgt-1215\/\" \/>\n<meta property=\"og:locale\" content=\"pt_BR\" \/>\n<meta property=\"og:type\" content=\"article\" \/>\n<meta property=\"og:title\" content=\"SGT-1215 - SERRA SABRE INDUSTRIAL PNEUM\u00c1TICA - Sigma Tools\" \/>\n<meta property=\"og:description\" content=\"C\u00f3digo do produto: 0701121500  C\u00f3digo de barras: 7908276603884  &nbsp;  &nbsp;  Indicado para uso pesado no corte em diversos tipos de substratos, tais como madeira, pl\u00e1stico, acr\u00edlico, compostos, alum\u00ednio, folhas met\u00e1licas. Muito utilizado para cortes de chapas de a\u00e7o, carroceria de \u00f4nibus, off-shore, etc.  &nbsp;  Caracter\u00edsticas  \u2022 Faz cortes retos e curvos; \u2022 Carca\u00e7a em liga de a\u00e7o; \u2022 Baix\u00edssima vibra\u00e7\u00e3o; \u2022 Poucas pe\u00e7as m\u00f3veis = Maior durabilidade; \u2022 Alavanca de acionamento com trava de seguran\u00e7a; \u2022 Design fino, leve e port\u00e1til; \u2022 Exaust\u00e3o traseira.  &nbsp;  Informa\u00e7\u00f5es T\u00e9cnicas:  Capacidade de corte em ALUM\u00cdNIO (mm): 25 Capacidade de corte em A\u00c7O (mm): 20 Curso (mm): 45 Peso (kg): 2,500  &nbsp;  Acess\u00f3rios:  O equipamento vem acompanhado de: - L\u00e2mina Bi-Met\u00e1lica 300mm Metal 14 TPI - L\u00e2mina Bi-Met\u00e1lica 300mm Madeira e Metal 8\/12 TPI  &nbsp;  &nbsp;  &nbsp;\" \/>\n<meta property=\"og:url\" content=\"https:\/\/www.sigmatools.com.br\/site\/produto\/sgt-1215\/\" \/>\n<meta property=\"og:site_name\" content=\"Sigma Tools\" \/>\n<meta property=\"article:publisher\" content=\"https:\/\/www.facebook.com\/sigmatools\" \/>\n<meta property=\"article:modified_time\" content=\"2026-03-10T14:23:31+00:00\" \/>\n<meta property=\"og:image\" content=\"https:\/\/www.sigmatools.com.br\/site\/wp-content\/uploads\/2020\/09\/SGT-1215.png\" \/>\n\t<meta property=\"og:image:width\" content=\"1000\" \/>\n\t<meta property=\"og:image:height\" content=\"1000\" \/>\n\t<meta property=\"og:image:type\" content=\"image\/png\" \/>\n<meta name=\"twitter:card\" content=\"summary_large_image\" \/>\n<meta name=\"twitter:label1\" content=\"Est. tempo de leitura\" \/>\n\t<meta name=\"twitter:data1\" content=\"1 minuto\" \/>\n<script type=\"application\/ld+json\" class=\"yoast-schema-graph\">{\"@context\":\"https:\/\/schema.org\",\"@graph\":[{\"@type\":\"WebPage\",\"@id\":\"https:\/\/www.sigmatools.com.br\/site\/produto\/sgt-1215\/\",\"url\":\"https:\/\/www.sigmatools.com.br\/site\/produto\/sgt-1215\/\",\"name\":\"SGT-1215 - SERRA SABRE INDUSTRIAL PNEUM\u00c1TICA - Sigma Tools\",\"isPartOf\":{\"@id\":\"https:\/\/www.sigmatools.com.br\/site\/#website\"},\"primaryImageOfPage\":{\"@id\":\"https:\/\/www.sigmatools.com.br\/site\/produto\/sgt-1215\/#primaryimage\"},\"image\":{\"@id\":\"https:\/\/www.sigmatools.com.br\/site\/produto\/sgt-1215\/#primaryimage\"},\"thumbnailUrl\":\"https:\/\/www.sigmatools.com.br\/site\/wp-content\/uploads\/2020\/09\/SGT-1215.png\",\"datePublished\":\"2020-09-03T13:11:43+00:00\",\"dateModified\":\"2026-03-10T14:23:31+00:00\",\"breadcrumb\":{\"@id\":\"https:\/\/www.sigmatools.com.br\/site\/produto\/sgt-1215\/#breadcrumb\"},\"inLanguage\":\"pt-BR\",\"potentialAction\":[{\"@type\":\"ReadAction\",\"target\":[\"https:\/\/www.sigmatools.com.br\/site\/produto\/sgt-1215\/\"]}]},{\"@type\":\"ImageObject\",\"inLanguage\":\"pt-BR\",\"@id\":\"https:\/\/www.sigmatools.com.br\/site\/produto\/sgt-1215\/#primaryimage\",\"url\":\"https:\/\/www.sigmatools.com.br\/site\/wp-content\/uploads\/2020\/09\/SGT-1215.png\",\"contentUrl\":\"https:\/\/www.sigmatools.com.br\/site\/wp-content\/uploads\/2020\/09\/SGT-1215.png\",\"width\":1000,\"height\":1000},{\"@type\":\"BreadcrumbList\",\"@id\":\"https:\/\/www.sigmatools.com.br\/site\/produto\/sgt-1215\/#breadcrumb\",\"itemListElement\":[{\"@type\":\"ListItem\",\"position\":1,\"name\":\"In\u00edcio\",\"item\":\"https:\/\/www.sigmatools.com.br\/site\/\"},{\"@type\":\"ListItem\",\"position\":2,\"name\":\"SGT-1215 &#8211; SERRA SABRE INDUSTRIAL PNEUM\u00c1TICA\"}]},{\"@type\":\"WebSite\",\"@id\":\"https:\/\/www.sigmatools.com.br\/site\/#website\",\"url\":\"https:\/\/www.sigmatools.com.br\/site\/\",\"name\":\"Sigma Tools\",\"description\":\"Equipamentos para Est\u00e9tica Automotiva e Oficina Mec\u00e2nica - Sigma Tools\",\"publisher\":{\"@id\":\"https:\/\/www.sigmatools.com.br\/site\/#organization\"},\"potentialAction\":[{\"@type\":\"SearchAction\",\"target\":{\"@type\":\"EntryPoint\",\"urlTemplate\":\"https:\/\/www.sigmatools.com.br\/site\/?s={search_term_string}\"},\"query-input\":{\"@type\":\"PropertyValueSpecification\",\"valueRequired\":true,\"valueName\":\"search_term_string\"}}],\"inLanguage\":\"pt-BR\"},{\"@type\":\"Organization\",\"@id\":\"https:\/\/www.sigmatools.com.br\/site\/#organization\",\"name\":\"SIGMA TOOLS\",\"url\":\"https:\/\/www.sigmatools.com.br\/site\/\",\"logo\":{\"@type\":\"ImageObject\",\"inLanguage\":\"pt-BR\",\"@id\":\"https:\/\/www.sigmatools.com.br\/site\/#\/schema\/logo\/image\/\",\"url\":\"https:\/\/www.sigmatools.com.br\/site\/wp-content\/uploads\/2020\/01\/logo-sigma.png\",\"contentUrl\":\"https:\/\/www.sigmatools.com.br\/site\/wp-content\/uploads\/2020\/01\/logo-sigma.png\",\"width\":152,\"height\":150,\"caption\":\"SIGMA TOOLS\"},\"image\":{\"@id\":\"https:\/\/www.sigmatools.com.br\/site\/#\/schema\/logo\/image\/\"},\"sameAs\":[\"https:\/\/www.facebook.com\/sigmatools\"]}]}<\/script>\n<!-- \/ Yoast SEO plugin. -->","yoast_head_json":{"title":"SGT-1215 - SERRA SABRE INDUSTRIAL PNEUM\u00c1TICA - Sigma Tools","robots":{"index":"index","follow":"follow","max-snippet":"max-snippet:-1","max-image-preview":"max-image-preview:large","max-video-preview":"max-video-preview:-1"},"canonical":"https:\/\/www.sigmatools.com.br\/site\/produto\/sgt-1215\/","og_locale":"pt_BR","og_type":"article","og_title":"SGT-1215 - SERRA SABRE INDUSTRIAL PNEUM\u00c1TICA - Sigma Tools","og_description":"C\u00f3digo do produto: 0701121500  C\u00f3digo de barras: 7908276603884  &nbsp;  &nbsp;  Indicado para uso pesado no corte em diversos tipos de substratos, tais como madeira, pl\u00e1stico, acr\u00edlico, compostos, alum\u00ednio, folhas met\u00e1licas. Muito utilizado para cortes de chapas de a\u00e7o, carroceria de \u00f4nibus, off-shore, etc.  &nbsp;  Caracter\u00edsticas  \u2022 Faz cortes retos e curvos; \u2022 Carca\u00e7a em liga de a\u00e7o; \u2022 Baix\u00edssima vibra\u00e7\u00e3o; \u2022 Poucas pe\u00e7as m\u00f3veis = Maior durabilidade; \u2022 Alavanca de acionamento com trava de seguran\u00e7a; \u2022 Design fino, leve e port\u00e1til; \u2022 Exaust\u00e3o traseira.  &nbsp;  Informa\u00e7\u00f5es T\u00e9cnicas:  Capacidade de corte em ALUM\u00cdNIO (mm): 25 Capacidade de corte em A\u00c7O (mm): 20 Curso (mm): 45 Peso (kg): 2,500  &nbsp;  Acess\u00f3rios:  O equipamento vem acompanhado de: - L\u00e2mina Bi-Met\u00e1lica 300mm Metal 14 TPI - L\u00e2mina Bi-Met\u00e1lica 300mm Madeira e Metal 8\/12 TPI  &nbsp;  &nbsp;  &nbsp;","og_url":"https:\/\/www.sigmatools.com.br\/site\/produto\/sgt-1215\/","og_site_name":"Sigma Tools","article_publisher":"https:\/\/www.facebook.com\/sigmatools","article_modified_time":"2026-03-10T14:23:31+00:00","og_image":[{"width":1000,"height":1000,"url":"https:\/\/www.sigmatools.com.br\/site\/wp-content\/uploads\/2020\/09\/SGT-1215.png","type":"image\/png"}],"twitter_card":"summary_large_image","twitter_misc":{"Est. tempo de leitura":"1 minuto"},"schema":{"@context":"https:\/\/schema.org","@graph":[{"@type":"WebPage","@id":"https:\/\/www.sigmatools.com.br\/site\/produto\/sgt-1215\/","url":"https:\/\/www.sigmatools.com.br\/site\/produto\/sgt-1215\/","name":"SGT-1215 - SERRA SABRE INDUSTRIAL PNEUM\u00c1TICA - Sigma Tools","isPartOf":{"@id":"https:\/\/www.sigmatools.com.br\/site\/#website"},"primaryImageOfPage":{"@id":"https:\/\/www.sigmatools.com.br\/site\/produto\/sgt-1215\/#primaryimage"},"image":{"@id":"https:\/\/www.sigmatools.com.br\/site\/produto\/sgt-1215\/#primaryimage"},"thumbnailUrl":"https:\/\/www.sigmatools.com.br\/site\/wp-content\/uploads\/2020\/09\/SGT-1215.png","datePublished":"2020-09-03T13:11:43+00:00","dateModified":"2026-03-10T14:23:31+00:00","breadcrumb":{"@id":"https:\/\/www.sigmatools.com.br\/site\/produto\/sgt-1215\/#breadcrumb"},"inLanguage":"pt-BR","potentialAction":[{"@type":"ReadAction","target":["https:\/\/www.sigmatools.com.br\/site\/produto\/sgt-1215\/"]}]},{"@type":"ImageObject","inLanguage":"pt-BR","@id":"https:\/\/www.sigmatools.com.br\/site\/produto\/sgt-1215\/#primaryimage","url":"https:\/\/www.sigmatools.com.br\/site\/wp-content\/uploads\/2020\/09\/SGT-1215.png","contentUrl":"https:\/\/www.sigmatools.com.br\/site\/wp-content\/uploads\/2020\/09\/SGT-1215.png","width":1000,"height":1000},{"@type":"BreadcrumbList","@id":"https:\/\/www.sigmatools.com.br\/site\/produto\/sgt-1215\/#breadcrumb","itemListElement":[{"@type":"ListItem","position":1,"name":"In\u00edcio","item":"https:\/\/www.sigmatools.com.br\/site\/"},{"@type":"ListItem","position":2,"name":"SGT-1215 &#8211; SERRA SABRE INDUSTRIAL PNEUM\u00c1TICA"}]},{"@type":"WebSite","@id":"https:\/\/www.sigmatools.com.br\/site\/#website","url":"https:\/\/www.sigmatools.com.br\/site\/","name":"Sigma Tools","description":"Equipamentos para Est\u00e9tica Automotiva e Oficina Mec\u00e2nica - Sigma Tools","publisher":{"@id":"https:\/\/www.sigmatools.com.br\/site\/#organization"},"potentialAction":[{"@type":"SearchAction","target":{"@type":"EntryPoint","urlTemplate":"https:\/\/www.sigmatools.com.br\/site\/?s={search_term_string}"},"query-input":{"@type":"PropertyValueSpecification","valueRequired":true,"valueName":"search_term_string"}}],"inLanguage":"pt-BR"},{"@type":"Organization","@id":"https:\/\/www.sigmatools.com.br\/site\/#organization","name":"SIGMA TOOLS","url":"https:\/\/www.sigmatools.com.br\/site\/","logo":{"@type":"ImageObject","inLanguage":"pt-BR","@id":"https:\/\/www.sigmatools.com.br\/site\/#\/schema\/logo\/image\/","url":"https:\/\/www.sigmatools.com.br\/site\/wp-content\/uploads\/2020\/01\/logo-sigma.png","contentUrl":"https:\/\/www.sigmatools.com.br\/site\/wp-content\/uploads\/2020\/01\/logo-sigma.png","width":152,"height":150,"caption":"SIGMA TOOLS"},"image":{"@id":"https:\/\/www.sigmatools.com.br\/site\/#\/schema\/logo\/image\/"},"sameAs":["https:\/\/www.facebook.com\/sigmatools"]}]}},"_links":{"self":[{"href":"https:\/\/www.sigmatools.com.br\/site\/wp-json\/wp\/v2\/product\/1354","targetHints":{"allow":["GET"]}}],"collection":[{"href":"https:\/\/www.sigmatools.com.br\/site\/wp-json\/wp\/v2\/product"}],"about":[{"href":"https:\/\/www.sigmatools.com.br\/site\/wp-json\/wp\/v2\/types\/product"}],"replies":[{"embeddable":true,"href":"https:\/\/www.sigmatools.com.br\/site\/wp-json\/wp\/v2\/comments?post=1354"}],"wp:featuredmedia":[{"embeddable":true,"href":"https:\/\/www.sigmatools.com.br\/site\/wp-json\/wp\/v2\/media\/5164"}],"wp:attachment":[{"href":"https:\/\/www.sigmatools.com.br\/site\/wp-json\/wp\/v2\/media?parent=1354"}],"wp:term":[{"taxonomy":"product_brand","embeddable":true,"href":"https:\/\/www.sigmatools.com.br\/site\/wp-json\/wp\/v2\/product_brand?post=1354"},{"taxonomy":"product_cat","embeddable":true,"href":"https:\/\/www.sigmatools.com.br\/site\/wp-json\/wp\/v2\/product_cat?post=1354"},{"taxonomy":"product_tag","embeddable":true,"href":"https:\/\/www.sigmatools.com.br\/site\/wp-json\/wp\/v2\/product_tag?post=1354"}],"curies":[{"name":"wp","href":"https:\/\/api.w.org\/{rel}","templated":true}]}}