{"id":1594,"date":"2021-02-15T16:09:04","date_gmt":"2021-02-15T19:09:04","guid":{"rendered":"https:\/\/www.sigmatools.com.br\/site\/?post_type=product&#038;p=1594"},"modified":"2021-02-16T08:59:37","modified_gmt":"2021-02-16T11:59:37","slug":"sgt-6001-maquina-de-pintura-airless-650w","status":"publish","type":"product","link":"https:\/\/www.sigmatools.com.br\/site\/produto\/sgt-6001-maquina-de-pintura-airless-650w\/","title":{"rendered":"SGT-6001 &#8211; M\u00c1QUINA DE PINTURA AIRLESS 650W"},"content":{"rendered":"<p>[vc_row css_animation=&#8221;&#8221; row_type=&#8221;row&#8221; use_row_as_full_screen_section=&#8221;no&#8221; type=&#8221;full_width&#8221; angled_section=&#8221;no&#8221; text_align=&#8221;left&#8221; background_image_as_pattern=&#8221;without_pattern&#8221;][vc_column][\/vc_column][\/vc_row]<\/p>","protected":false},"excerpt":{"rendered":"<p><strong>Caracter\u00edsticas:<\/strong><\/p>\n<p>\u2022 Leve e Port\u00e1til;<br \/>\n\u2022 \u00d3tima rela\u00e7\u00e3o custo-benef\u00edcio para pequenas<br \/>\nobras de at\u00e9 1.000 metros quadrados;<br \/>\n\u2022 Baixo ru\u00eddo.<\/p>\n<p>&nbsp;<\/p>\n<p><strong>Aplica\u00e7\u00f5es:<\/strong><\/p>\n<p>Equipamento Airless de Entrada, ideal para pintores<br \/>\nque buscam seu primeiro Airless.<\/p>\n<p>Recomendada idealmente para aplica\u00e7\u00f5es de tinta<br \/>\nl\u00e1tex.<\/p>\n<p>N\u00e3o indicado para ep\u00f3xi.<\/p>\n<p>Utilize sempre tintas de boa qualidade e na dilui\u00e7\u00e3o<br \/>\nrecomendada pelo fabricante.<\/p>\n<p>&nbsp;<\/p>\n<p><strong>INFORMA\u00c7\u00d5ES T\u00c9CNICAS<\/strong><\/p>\n<p><strong>Tens\u00e3o \/ Voltagem:<\/strong> 220V \/ 50-60Hz<br \/>\n<strong>Pot\u00eancia do Motor:<\/strong> 650W\/0,87HP<br \/>\n<strong>Vaz\u00e3o M\u00e1xima da Pistola de Pintura:<\/strong> 1,2 litros\/min Bico Padr\u00e3o 517 Leque Abertura de 25 a 30cm Espessura 0,43 (0,017\u201d)<br \/>\n<strong>Outros Bicos Aplic\u00e1veis:<\/strong> 515 \/ 519 \/ 521<br \/>\n<strong>Comprimento da Mangueira:<\/strong> 7,5 metros<br \/>\n<strong>Press\u00e3o M\u00e1xima de Sa\u00edda:<\/strong> 3000 PSI<br \/>\n<strong>Peso:<\/strong> 8,35kg<\/p>\n<p>&nbsp;<\/p>\n<p>[button size=\"small\" icon=\"\" target=\"_blank\" text_align=\"left\" text=\"Informativo\" link=\"https:\/\/www.sigmatools.com.br\/site\/arquivos\/informativos\/SGT-6001%20-%20MAQUINA%20DE%20PINTURA%20AIRLESS%20-%20650W%20info.pdf\" color=\"#ffffff\" hover_color=\"#ffffff\" background_color=\"#353535\" hover_background_color=\"#dd3333\" border_color=\"#353535\" hover_border_color=\"#dd3333\"] \u00a0[button size=\"small\" icon=\"\" target=\"_blank\" text_align=\"left\" text=\"Manual\" link=\"https:\/\/www.sigmatools.com.br\/site\/arquivos\/manual\/SGT-6001%20-%20M\u00c1QUINA%20DE%20PINTURA%20AIRLESS%20650W%20mn.pdf\" color=\"#ffffff\" hover_color=\"#ffffff\" background_color=\"#353535\" hover_background_color=\"#dd3333\" border_color=\"#353535\" hover_border_color=\"#dd3333\"] \u00a0[button size=\"small\" icon=\"\" target=\"_blank\" text_align=\"left\" text=\"Vista Explodida\" link=\"https:\/\/www.sigmatools.com.br\/site\/arquivos\/vista-explodida\/SGT-6001%20Maquina%20de%20Pintura%20Airless%20650w%20ve.pdf\" color=\"#ffffff\" hover_color=\"#ffffff\" background_color=\"#353535\" hover_background_color=\"#dd3333\" border_color=\"#353535\" hover_border_color=\"#dd3333\"]<\/p>","protected":false},"featured_media":1595,"comment_status":"open","ping_status":"closed","template":"","meta":{"_jet_sm_ready_style":"","_jet_sm_style":"","_jet_sm_controls_values":"","_jet_sm_fonts_collection":"","_jet_sm_fonts_links":""},"product_brand":[],"product_cat":[15],"product_tag":[],"class_list":{"0":"post-1594","1":"product","2":"type-product","3":"status-publish","4":"has-post-thumbnail","6":"product_cat-sigma-tools","8":"first","9":"instock","10":"featured","11":"shipping-taxable","12":"product-type-simple"},"yoast_head":"<!-- This site is optimized with the Yoast SEO plugin v27.1.1 - https:\/\/yoast.com\/product\/yoast-seo-wordpress\/ -->\n<title>SGT-6001 - M\u00c1QUINA DE PINTURA AIRLESS 650W - Sigma Tools<\/title>\n<meta name=\"robots\" content=\"index, follow, max-snippet:-1, max-image-preview:large, max-video-preview:-1\" \/>\n<link rel=\"canonical\" href=\"https:\/\/www.sigmatools.com.br\/site\/produto\/sgt-6001-maquina-de-pintura-airless-650w\/\" \/>\n<meta property=\"og:locale\" content=\"pt_BR\" \/>\n<meta property=\"og:type\" content=\"article\" \/>\n<meta property=\"og:title\" content=\"SGT-6001 - M\u00c1QUINA DE PINTURA AIRLESS 650W - Sigma Tools\" \/>\n<meta property=\"og:description\" content=\"Caracter\u00edsticas:  \u2022 Leve e Port\u00e1til; \u2022 \u00d3tima rela\u00e7\u00e3o custo-benef\u00edcio para pequenas obras de at\u00e9 1.000 metros quadrados; \u2022 Baixo ru\u00eddo.  &nbsp;  Aplica\u00e7\u00f5es:  Equipamento Airless de Entrada, ideal para pintores que buscam seu primeiro Airless.  Recomendada idealmente para aplica\u00e7\u00f5es de tinta l\u00e1tex.  N\u00e3o indicado para ep\u00f3xi.  Utilize sempre tintas de boa qualidade e na dilui\u00e7\u00e3o recomendada pelo fabricante.  &nbsp;  INFORMA\u00c7\u00d5ES T\u00c9CNICAS  Tens\u00e3o \/ Voltagem: 220V \/ 50-60Hz Pot\u00eancia do Motor: 650W\/0,87HP Vaz\u00e3o M\u00e1xima da Pistola de Pintura: 1,2 litros\/min Bico Padr\u00e3o 517 Leque Abertura de 25 a 30cm Espessura 0,43 (0,017\u201d) Outros Bicos Aplic\u00e1veis: 515 \/ 519 \/ 521 Comprimento da Mangueira: 7,5 metros Press\u00e3o M\u00e1xima de Sa\u00edda: 3000 PSI Peso: 8,35kg  &nbsp;   \u00a0 \u00a0\" \/>\n<meta property=\"og:url\" content=\"https:\/\/www.sigmatools.com.br\/site\/produto\/sgt-6001-maquina-de-pintura-airless-650w\/\" \/>\n<meta property=\"og:site_name\" content=\"Sigma Tools\" \/>\n<meta property=\"article:publisher\" content=\"https:\/\/www.facebook.com\/sigmatools\" \/>\n<meta property=\"article:modified_time\" content=\"2021-02-16T11:59:37+00:00\" \/>\n<meta property=\"og:image\" content=\"https:\/\/www.sigmatools.com.br\/site\/wp-content\/uploads\/2021\/02\/SGT-6001-1.png\" \/>\n\t<meta property=\"og:image:width\" content=\"2440\" \/>\n\t<meta property=\"og:image:height\" content=\"1800\" \/>\n\t<meta property=\"og:image:type\" content=\"image\/png\" \/>\n<meta name=\"twitter:card\" content=\"summary_large_image\" \/>\n<script type=\"application\/ld+json\" class=\"yoast-schema-graph\">{\"@context\":\"https:\/\/schema.org\",\"@graph\":[{\"@type\":\"WebPage\",\"@id\":\"https:\/\/www.sigmatools.com.br\/site\/produto\/sgt-6001-maquina-de-pintura-airless-650w\/\",\"url\":\"https:\/\/www.sigmatools.com.br\/site\/produto\/sgt-6001-maquina-de-pintura-airless-650w\/\",\"name\":\"SGT-6001 - M\u00c1QUINA DE PINTURA AIRLESS 650W - Sigma Tools\",\"isPartOf\":{\"@id\":\"https:\/\/www.sigmatools.com.br\/site\/#website\"},\"primaryImageOfPage\":{\"@id\":\"https:\/\/www.sigmatools.com.br\/site\/produto\/sgt-6001-maquina-de-pintura-airless-650w\/#primaryimage\"},\"image\":{\"@id\":\"https:\/\/www.sigmatools.com.br\/site\/produto\/sgt-6001-maquina-de-pintura-airless-650w\/#primaryimage\"},\"thumbnailUrl\":\"https:\/\/www.sigmatools.com.br\/site\/wp-content\/uploads\/2021\/02\/SGT-6001-1.png\",\"datePublished\":\"2021-02-15T19:09:04+00:00\",\"dateModified\":\"2021-02-16T11:59:37+00:00\",\"breadcrumb\":{\"@id\":\"https:\/\/www.sigmatools.com.br\/site\/produto\/sgt-6001-maquina-de-pintura-airless-650w\/#breadcrumb\"},\"inLanguage\":\"pt-BR\",\"potentialAction\":[{\"@type\":\"ReadAction\",\"target\":[\"https:\/\/www.sigmatools.com.br\/site\/produto\/sgt-6001-maquina-de-pintura-airless-650w\/\"]}]},{\"@type\":\"ImageObject\",\"inLanguage\":\"pt-BR\",\"@id\":\"https:\/\/www.sigmatools.com.br\/site\/produto\/sgt-6001-maquina-de-pintura-airless-650w\/#primaryimage\",\"url\":\"https:\/\/www.sigmatools.com.br\/site\/wp-content\/uploads\/2021\/02\/SGT-6001-1.png\",\"contentUrl\":\"https:\/\/www.sigmatools.com.br\/site\/wp-content\/uploads\/2021\/02\/SGT-6001-1.png\",\"width\":2440,\"height\":1800},{\"@type\":\"BreadcrumbList\",\"@id\":\"https:\/\/www.sigmatools.com.br\/site\/produto\/sgt-6001-maquina-de-pintura-airless-650w\/#breadcrumb\",\"itemListElement\":[{\"@type\":\"ListItem\",\"position\":1,\"name\":\"In\u00edcio\",\"item\":\"https:\/\/www.sigmatools.com.br\/site\/\"},{\"@type\":\"ListItem\",\"position\":2,\"name\":\"SGT-6001 &#8211; M\u00c1QUINA DE PINTURA AIRLESS 650W\"}]},{\"@type\":\"WebSite\",\"@id\":\"https:\/\/www.sigmatools.com.br\/site\/#website\",\"url\":\"https:\/\/www.sigmatools.com.br\/site\/\",\"name\":\"Sigma Tools\",\"description\":\"Equipamentos para Est\u00e9tica Automotiva e Oficina Mec\u00e2nica - Sigma Tools\",\"publisher\":{\"@id\":\"https:\/\/www.sigmatools.com.br\/site\/#organization\"},\"potentialAction\":[{\"@type\":\"SearchAction\",\"target\":{\"@type\":\"EntryPoint\",\"urlTemplate\":\"https:\/\/www.sigmatools.com.br\/site\/?s={search_term_string}\"},\"query-input\":{\"@type\":\"PropertyValueSpecification\",\"valueRequired\":true,\"valueName\":\"search_term_string\"}}],\"inLanguage\":\"pt-BR\"},{\"@type\":\"Organization\",\"@id\":\"https:\/\/www.sigmatools.com.br\/site\/#organization\",\"name\":\"SIGMA TOOLS\",\"url\":\"https:\/\/www.sigmatools.com.br\/site\/\",\"logo\":{\"@type\":\"ImageObject\",\"inLanguage\":\"pt-BR\",\"@id\":\"https:\/\/www.sigmatools.com.br\/site\/#\/schema\/logo\/image\/\",\"url\":\"https:\/\/www.sigmatools.com.br\/site\/wp-content\/uploads\/2020\/01\/logo-sigma.png\",\"contentUrl\":\"https:\/\/www.sigmatools.com.br\/site\/wp-content\/uploads\/2020\/01\/logo-sigma.png\",\"width\":152,\"height\":150,\"caption\":\"SIGMA TOOLS\"},\"image\":{\"@id\":\"https:\/\/www.sigmatools.com.br\/site\/#\/schema\/logo\/image\/\"},\"sameAs\":[\"https:\/\/www.facebook.com\/sigmatools\"]}]}<\/script>\n<!-- \/ Yoast SEO plugin. -->","yoast_head_json":{"title":"SGT-6001 - M\u00c1QUINA DE PINTURA AIRLESS 650W - Sigma Tools","robots":{"index":"index","follow":"follow","max-snippet":"max-snippet:-1","max-image-preview":"max-image-preview:large","max-video-preview":"max-video-preview:-1"},"canonical":"https:\/\/www.sigmatools.com.br\/site\/produto\/sgt-6001-maquina-de-pintura-airless-650w\/","og_locale":"pt_BR","og_type":"article","og_title":"SGT-6001 - M\u00c1QUINA DE PINTURA AIRLESS 650W - Sigma Tools","og_description":"Caracter\u00edsticas:  \u2022 Leve e Port\u00e1til; \u2022 \u00d3tima rela\u00e7\u00e3o custo-benef\u00edcio para pequenas obras de at\u00e9 1.000 metros quadrados; \u2022 Baixo ru\u00eddo.  &nbsp;  Aplica\u00e7\u00f5es:  Equipamento Airless de Entrada, ideal para pintores que buscam seu primeiro Airless.  Recomendada idealmente para aplica\u00e7\u00f5es de tinta l\u00e1tex.  N\u00e3o indicado para ep\u00f3xi.  Utilize sempre tintas de boa qualidade e na dilui\u00e7\u00e3o recomendada pelo fabricante.  &nbsp;  INFORMA\u00c7\u00d5ES T\u00c9CNICAS  Tens\u00e3o \/ Voltagem: 220V \/ 50-60Hz Pot\u00eancia do Motor: 650W\/0,87HP Vaz\u00e3o M\u00e1xima da Pistola de Pintura: 1,2 litros\/min Bico Padr\u00e3o 517 Leque Abertura de 25 a 30cm Espessura 0,43 (0,017\u201d) Outros Bicos Aplic\u00e1veis: 515 \/ 519 \/ 521 Comprimento da Mangueira: 7,5 metros Press\u00e3o M\u00e1xima de Sa\u00edda: 3000 PSI Peso: 8,35kg  &nbsp;   \u00a0 \u00a0","og_url":"https:\/\/www.sigmatools.com.br\/site\/produto\/sgt-6001-maquina-de-pintura-airless-650w\/","og_site_name":"Sigma Tools","article_publisher":"https:\/\/www.facebook.com\/sigmatools","article_modified_time":"2021-02-16T11:59:37+00:00","og_image":[{"width":2440,"height":1800,"url":"https:\/\/www.sigmatools.com.br\/site\/wp-content\/uploads\/2021\/02\/SGT-6001-1.png","type":"image\/png"}],"twitter_card":"summary_large_image","schema":{"@context":"https:\/\/schema.org","@graph":[{"@type":"WebPage","@id":"https:\/\/www.sigmatools.com.br\/site\/produto\/sgt-6001-maquina-de-pintura-airless-650w\/","url":"https:\/\/www.sigmatools.com.br\/site\/produto\/sgt-6001-maquina-de-pintura-airless-650w\/","name":"SGT-6001 - M\u00c1QUINA DE PINTURA AIRLESS 650W - Sigma Tools","isPartOf":{"@id":"https:\/\/www.sigmatools.com.br\/site\/#website"},"primaryImageOfPage":{"@id":"https:\/\/www.sigmatools.com.br\/site\/produto\/sgt-6001-maquina-de-pintura-airless-650w\/#primaryimage"},"image":{"@id":"https:\/\/www.sigmatools.com.br\/site\/produto\/sgt-6001-maquina-de-pintura-airless-650w\/#primaryimage"},"thumbnailUrl":"https:\/\/www.sigmatools.com.br\/site\/wp-content\/uploads\/2021\/02\/SGT-6001-1.png","datePublished":"2021-02-15T19:09:04+00:00","dateModified":"2021-02-16T11:59:37+00:00","breadcrumb":{"@id":"https:\/\/www.sigmatools.com.br\/site\/produto\/sgt-6001-maquina-de-pintura-airless-650w\/#breadcrumb"},"inLanguage":"pt-BR","potentialAction":[{"@type":"ReadAction","target":["https:\/\/www.sigmatools.com.br\/site\/produto\/sgt-6001-maquina-de-pintura-airless-650w\/"]}]},{"@type":"ImageObject","inLanguage":"pt-BR","@id":"https:\/\/www.sigmatools.com.br\/site\/produto\/sgt-6001-maquina-de-pintura-airless-650w\/#primaryimage","url":"https:\/\/www.sigmatools.com.br\/site\/wp-content\/uploads\/2021\/02\/SGT-6001-1.png","contentUrl":"https:\/\/www.sigmatools.com.br\/site\/wp-content\/uploads\/2021\/02\/SGT-6001-1.png","width":2440,"height":1800},{"@type":"BreadcrumbList","@id":"https:\/\/www.sigmatools.com.br\/site\/produto\/sgt-6001-maquina-de-pintura-airless-650w\/#breadcrumb","itemListElement":[{"@type":"ListItem","position":1,"name":"In\u00edcio","item":"https:\/\/www.sigmatools.com.br\/site\/"},{"@type":"ListItem","position":2,"name":"SGT-6001 &#8211; M\u00c1QUINA DE PINTURA AIRLESS 650W"}]},{"@type":"WebSite","@id":"https:\/\/www.sigmatools.com.br\/site\/#website","url":"https:\/\/www.sigmatools.com.br\/site\/","name":"Sigma Tools","description":"Equipamentos para Est\u00e9tica Automotiva e Oficina Mec\u00e2nica - Sigma Tools","publisher":{"@id":"https:\/\/www.sigmatools.com.br\/site\/#organization"},"potentialAction":[{"@type":"SearchAction","target":{"@type":"EntryPoint","urlTemplate":"https:\/\/www.sigmatools.com.br\/site\/?s={search_term_string}"},"query-input":{"@type":"PropertyValueSpecification","valueRequired":true,"valueName":"search_term_string"}}],"inLanguage":"pt-BR"},{"@type":"Organization","@id":"https:\/\/www.sigmatools.com.br\/site\/#organization","name":"SIGMA TOOLS","url":"https:\/\/www.sigmatools.com.br\/site\/","logo":{"@type":"ImageObject","inLanguage":"pt-BR","@id":"https:\/\/www.sigmatools.com.br\/site\/#\/schema\/logo\/image\/","url":"https:\/\/www.sigmatools.com.br\/site\/wp-content\/uploads\/2020\/01\/logo-sigma.png","contentUrl":"https:\/\/www.sigmatools.com.br\/site\/wp-content\/uploads\/2020\/01\/logo-sigma.png","width":152,"height":150,"caption":"SIGMA TOOLS"},"image":{"@id":"https:\/\/www.sigmatools.com.br\/site\/#\/schema\/logo\/image\/"},"sameAs":["https:\/\/www.facebook.com\/sigmatools"]}]}},"_links":{"self":[{"href":"https:\/\/www.sigmatools.com.br\/site\/wp-json\/wp\/v2\/product\/1594","targetHints":{"allow":["GET"]}}],"collection":[{"href":"https:\/\/www.sigmatools.com.br\/site\/wp-json\/wp\/v2\/product"}],"about":[{"href":"https:\/\/www.sigmatools.com.br\/site\/wp-json\/wp\/v2\/types\/product"}],"replies":[{"embeddable":true,"href":"https:\/\/www.sigmatools.com.br\/site\/wp-json\/wp\/v2\/comments?post=1594"}],"wp:featuredmedia":[{"embeddable":true,"href":"https:\/\/www.sigmatools.com.br\/site\/wp-json\/wp\/v2\/media\/1595"}],"wp:attachment":[{"href":"https:\/\/www.sigmatools.com.br\/site\/wp-json\/wp\/v2\/media?parent=1594"}],"wp:term":[{"taxonomy":"product_brand","embeddable":true,"href":"https:\/\/www.sigmatools.com.br\/site\/wp-json\/wp\/v2\/product_brand?post=1594"},{"taxonomy":"product_cat","embeddable":true,"href":"https:\/\/www.sigmatools.com.br\/site\/wp-json\/wp\/v2\/product_cat?post=1594"},{"taxonomy":"product_tag","embeddable":true,"href":"https:\/\/www.sigmatools.com.br\/site\/wp-json\/wp\/v2\/product_tag?post=1594"}],"curies":[{"name":"wp","href":"https:\/\/api.w.org\/{rel}","templated":true}]}}