{"id":1624,"date":"2021-04-03T13:05:21","date_gmt":"2021-04-03T16:05:21","guid":{"rendered":"https:\/\/www.sigmatools.com.br\/site\/?post_type=product&#038;p=1624"},"modified":"2021-04-03T13:29:12","modified_gmt":"2021-04-03T16:29:12","slug":"sgt-5114-politriz-roto-orbital-5-copia","status":"publish","type":"product","link":"https:\/\/www.sigmatools.com.br\/site\/produto\/sgt-5114-politriz-roto-orbital-5-copia\/","title":{"rendered":"SGT-5114 &#8211; POLITRIZ ROTO ORBITAL 5&#8243;"},"content":{"rendered":"<p>[vc_row css_animation=&#8221;&#8221; row_type=&#8221;row&#8221; use_row_as_full_screen_section=&#8221;no&#8221; type=&#8221;full_width&#8221; angled_section=&#8221;no&#8221; text_align=&#8221;left&#8221; background_image_as_pattern=&#8221;without_pattern&#8221;][vc_column][\/vc_column][\/vc_row]<\/p>","protected":false},"excerpt":{"rendered":"<p><strong>CARACTER\u00cdSTICAS<\/strong><\/p>\n<p>&#8211; Politriz para acesso a pequenas ou estreitas \u00e1reas<br \/>\ndos ve\u00edculos;<br \/>\n&#8211; Rota\u00e7\u00e3o at\u00e9 20.000 RPM;<br \/>\n&#8211; Acompanham kit de boinas e maleta;<br \/>\n&#8211; Leve e ergon\u00f4mica.<\/p>\n<p>&nbsp;<\/p>\n<p><strong>APLICA\u00c7\u00d5ES:<\/strong><\/p>\n<p>Pode ser usado em \u00e1reas como far\u00f3is de carros,<br \/>\nluzes de freio e nevoeiro, ma\u00e7anetas, emblemas,<br \/>\npain\u00e9is interiores e consoles ou pequenas \u00e1reas.<\/p>\n<p>&nbsp;<\/p>\n<p><strong>ACESS\u00d3RIOS INCLUSOS (20 PE\u00c7AS):<\/strong><\/p>\n<p>1 Pad com Velcro de 1\u201d;<br \/>\n2 Jogos de Boinas 1\u201d de espuma;<br \/>\n&#8211; Azul &#8211; Super Agressiva;<br \/>\n&#8211; Verde &#8211; Agressiva;<br \/>\n&#8211; Amarela &#8211; Refino;<br \/>\n&#8211; Vermelha &#8211; Lustro.<br \/>\n1 Jogo de Cones e 1 jogo de Pirulitos:<br \/>\n&#8211; Roxo &#8211; Corte;<br \/>\n&#8211; Amarelo &#8211; Refino;<br \/>\n-Cinza &#8211; Lustro.<br \/>\n2 Boinas 1\u201d de L\u00e3.<br \/>\n2 Boinas 1\u201d de Feltro;<br \/>\n1 Boina de L\u00e3 para locais de dif\u00edcil acesso.<\/p>\n<p>&nbsp;<\/p>\n[button size=\"small\" icon=\"\" target=\"_blank\" text_align=\"left\" text=\"Informativo\" link=\"http:\/\/www.sigmatools.com.br\/site\/arquivos\/informativos\/SGT-5114%20-%20Mini%20Politriz%20Detail.pdf\" color=\"#ffffff\" hover_color=\"#ffffff\" background_color=\"#353535\" hover_background_color=\"#dd3333\" border_color=\"#353535\" hover_border_color=\"#dd3333\"]","protected":false},"featured_media":1625,"comment_status":"open","ping_status":"closed","template":"","meta":{"_jet_sm_ready_style":"","_jet_sm_style":"","_jet_sm_controls_values":"","_jet_sm_fonts_collection":"","_jet_sm_fonts_links":""},"product_brand":[],"product_cat":[60],"product_tag":[],"class_list":{"0":"post-1624","1":"product","2":"type-product","3":"status-publish","4":"has-post-thumbnail","6":"product_cat-catalogo-geral","8":"first","9":"instock","10":"shipping-taxable","11":"product-type-simple"},"yoast_head":"<!-- This site is optimized with the Yoast SEO plugin v27.1.1 - https:\/\/yoast.com\/product\/yoast-seo-wordpress\/ -->\n<title>SGT-5114 - POLITRIZ ROTO ORBITAL 5&quot; - Sigma Tools<\/title>\n<meta name=\"description\" content=\"Politriz el\u00e9trica 6&quot; de dupla a\u00e7\u00e3o com 900W de pot\u00eancia ideal para polimentos refinados e \u00f3tima para lustre de superf\u00edcies automotivas.\" \/>\n<meta name=\"robots\" content=\"index, follow, max-snippet:-1, max-image-preview:large, max-video-preview:-1\" \/>\n<link rel=\"canonical\" href=\"https:\/\/www.sigmatools.com.br\/site\/produto\/sgt-5114-politriz-roto-orbital-5-copia\/\" \/>\n<meta property=\"og:locale\" content=\"pt_BR\" \/>\n<meta property=\"og:type\" content=\"article\" \/>\n<meta property=\"og:title\" content=\"SGT-5114 - POLITRIZ ROTO ORBITAL 5&quot; - Sigma Tools\" \/>\n<meta property=\"og:description\" content=\"Politriz el\u00e9trica 6&quot; de dupla a\u00e7\u00e3o com 900W de pot\u00eancia ideal para polimentos refinados e \u00f3tima para lustre de superf\u00edcies automotivas.\" \/>\n<meta property=\"og:url\" content=\"https:\/\/www.sigmatools.com.br\/site\/produto\/sgt-5114-politriz-roto-orbital-5-copia\/\" \/>\n<meta property=\"og:site_name\" content=\"Sigma Tools\" \/>\n<meta property=\"article:publisher\" content=\"https:\/\/www.facebook.com\/sigmatools\" \/>\n<meta property=\"article:modified_time\" content=\"2021-04-03T16:29:12+00:00\" \/>\n<meta property=\"og:image\" content=\"https:\/\/www.sigmatools.com.br\/site\/wp-content\/uploads\/2021\/04\/69.png\" \/>\n\t<meta property=\"og:image:width\" content=\"1800\" \/>\n\t<meta property=\"og:image:height\" content=\"2160\" \/>\n\t<meta property=\"og:image:type\" content=\"image\/png\" \/>\n<meta name=\"twitter:card\" content=\"summary_large_image\" \/>\n<script type=\"application\/ld+json\" class=\"yoast-schema-graph\">{\"@context\":\"https:\/\/schema.org\",\"@graph\":[{\"@type\":\"WebPage\",\"@id\":\"https:\/\/www.sigmatools.com.br\/site\/produto\/sgt-5114-politriz-roto-orbital-5-copia\/\",\"url\":\"https:\/\/www.sigmatools.com.br\/site\/produto\/sgt-5114-politriz-roto-orbital-5-copia\/\",\"name\":\"SGT-5114 - POLITRIZ ROTO ORBITAL 5\\\" - Sigma Tools\",\"isPartOf\":{\"@id\":\"https:\/\/www.sigmatools.com.br\/site\/#website\"},\"primaryImageOfPage\":{\"@id\":\"https:\/\/www.sigmatools.com.br\/site\/produto\/sgt-5114-politriz-roto-orbital-5-copia\/#primaryimage\"},\"image\":{\"@id\":\"https:\/\/www.sigmatools.com.br\/site\/produto\/sgt-5114-politriz-roto-orbital-5-copia\/#primaryimage\"},\"thumbnailUrl\":\"https:\/\/www.sigmatools.com.br\/site\/wp-content\/uploads\/2021\/04\/69.png\",\"datePublished\":\"2021-04-03T16:05:21+00:00\",\"dateModified\":\"2021-04-03T16:29:12+00:00\",\"description\":\"Politriz el\u00e9trica 6\\\" de dupla a\u00e7\u00e3o com 900W de pot\u00eancia ideal para polimentos refinados e \u00f3tima para lustre de superf\u00edcies automotivas.\",\"breadcrumb\":{\"@id\":\"https:\/\/www.sigmatools.com.br\/site\/produto\/sgt-5114-politriz-roto-orbital-5-copia\/#breadcrumb\"},\"inLanguage\":\"pt-BR\",\"potentialAction\":[{\"@type\":\"ReadAction\",\"target\":[\"https:\/\/www.sigmatools.com.br\/site\/produto\/sgt-5114-politriz-roto-orbital-5-copia\/\"]}]},{\"@type\":\"ImageObject\",\"inLanguage\":\"pt-BR\",\"@id\":\"https:\/\/www.sigmatools.com.br\/site\/produto\/sgt-5114-politriz-roto-orbital-5-copia\/#primaryimage\",\"url\":\"https:\/\/www.sigmatools.com.br\/site\/wp-content\/uploads\/2021\/04\/69.png\",\"contentUrl\":\"https:\/\/www.sigmatools.com.br\/site\/wp-content\/uploads\/2021\/04\/69.png\",\"width\":1800,\"height\":2160},{\"@type\":\"BreadcrumbList\",\"@id\":\"https:\/\/www.sigmatools.com.br\/site\/produto\/sgt-5114-politriz-roto-orbital-5-copia\/#breadcrumb\",\"itemListElement\":[{\"@type\":\"ListItem\",\"position\":1,\"name\":\"In\u00edcio\",\"item\":\"https:\/\/www.sigmatools.com.br\/site\/\"},{\"@type\":\"ListItem\",\"position\":2,\"name\":\"SGT-5114 &#8211; POLITRIZ ROTO ORBITAL 5&#8243;\"}]},{\"@type\":\"WebSite\",\"@id\":\"https:\/\/www.sigmatools.com.br\/site\/#website\",\"url\":\"https:\/\/www.sigmatools.com.br\/site\/\",\"name\":\"Sigma Tools\",\"description\":\"Equipamentos para Est\u00e9tica Automotiva e Oficina Mec\u00e2nica - Sigma Tools\",\"publisher\":{\"@id\":\"https:\/\/www.sigmatools.com.br\/site\/#organization\"},\"potentialAction\":[{\"@type\":\"SearchAction\",\"target\":{\"@type\":\"EntryPoint\",\"urlTemplate\":\"https:\/\/www.sigmatools.com.br\/site\/?s={search_term_string}\"},\"query-input\":{\"@type\":\"PropertyValueSpecification\",\"valueRequired\":true,\"valueName\":\"search_term_string\"}}],\"inLanguage\":\"pt-BR\"},{\"@type\":\"Organization\",\"@id\":\"https:\/\/www.sigmatools.com.br\/site\/#organization\",\"name\":\"SIGMA TOOLS\",\"url\":\"https:\/\/www.sigmatools.com.br\/site\/\",\"logo\":{\"@type\":\"ImageObject\",\"inLanguage\":\"pt-BR\",\"@id\":\"https:\/\/www.sigmatools.com.br\/site\/#\/schema\/logo\/image\/\",\"url\":\"https:\/\/www.sigmatools.com.br\/site\/wp-content\/uploads\/2020\/01\/logo-sigma.png\",\"contentUrl\":\"https:\/\/www.sigmatools.com.br\/site\/wp-content\/uploads\/2020\/01\/logo-sigma.png\",\"width\":152,\"height\":150,\"caption\":\"SIGMA TOOLS\"},\"image\":{\"@id\":\"https:\/\/www.sigmatools.com.br\/site\/#\/schema\/logo\/image\/\"},\"sameAs\":[\"https:\/\/www.facebook.com\/sigmatools\"]}]}<\/script>\n<!-- \/ Yoast SEO plugin. -->","yoast_head_json":{"title":"SGT-5114 - POLITRIZ ROTO ORBITAL 5\" - Sigma Tools","description":"Politriz el\u00e9trica 6\" de dupla a\u00e7\u00e3o com 900W de pot\u00eancia ideal para polimentos refinados e \u00f3tima para lustre de superf\u00edcies automotivas.","robots":{"index":"index","follow":"follow","max-snippet":"max-snippet:-1","max-image-preview":"max-image-preview:large","max-video-preview":"max-video-preview:-1"},"canonical":"https:\/\/www.sigmatools.com.br\/site\/produto\/sgt-5114-politriz-roto-orbital-5-copia\/","og_locale":"pt_BR","og_type":"article","og_title":"SGT-5114 - POLITRIZ ROTO ORBITAL 5\" - Sigma Tools","og_description":"Politriz el\u00e9trica 6\" de dupla a\u00e7\u00e3o com 900W de pot\u00eancia ideal para polimentos refinados e \u00f3tima para lustre de superf\u00edcies automotivas.","og_url":"https:\/\/www.sigmatools.com.br\/site\/produto\/sgt-5114-politriz-roto-orbital-5-copia\/","og_site_name":"Sigma Tools","article_publisher":"https:\/\/www.facebook.com\/sigmatools","article_modified_time":"2021-04-03T16:29:12+00:00","og_image":[{"width":1800,"height":2160,"url":"https:\/\/www.sigmatools.com.br\/site\/wp-content\/uploads\/2021\/04\/69.png","type":"image\/png"}],"twitter_card":"summary_large_image","schema":{"@context":"https:\/\/schema.org","@graph":[{"@type":"WebPage","@id":"https:\/\/www.sigmatools.com.br\/site\/produto\/sgt-5114-politriz-roto-orbital-5-copia\/","url":"https:\/\/www.sigmatools.com.br\/site\/produto\/sgt-5114-politriz-roto-orbital-5-copia\/","name":"SGT-5114 - POLITRIZ ROTO ORBITAL 5\" - Sigma Tools","isPartOf":{"@id":"https:\/\/www.sigmatools.com.br\/site\/#website"},"primaryImageOfPage":{"@id":"https:\/\/www.sigmatools.com.br\/site\/produto\/sgt-5114-politriz-roto-orbital-5-copia\/#primaryimage"},"image":{"@id":"https:\/\/www.sigmatools.com.br\/site\/produto\/sgt-5114-politriz-roto-orbital-5-copia\/#primaryimage"},"thumbnailUrl":"https:\/\/www.sigmatools.com.br\/site\/wp-content\/uploads\/2021\/04\/69.png","datePublished":"2021-04-03T16:05:21+00:00","dateModified":"2021-04-03T16:29:12+00:00","description":"Politriz el\u00e9trica 6\" de dupla a\u00e7\u00e3o com 900W de pot\u00eancia ideal para polimentos refinados e \u00f3tima para lustre de superf\u00edcies automotivas.","breadcrumb":{"@id":"https:\/\/www.sigmatools.com.br\/site\/produto\/sgt-5114-politriz-roto-orbital-5-copia\/#breadcrumb"},"inLanguage":"pt-BR","potentialAction":[{"@type":"ReadAction","target":["https:\/\/www.sigmatools.com.br\/site\/produto\/sgt-5114-politriz-roto-orbital-5-copia\/"]}]},{"@type":"ImageObject","inLanguage":"pt-BR","@id":"https:\/\/www.sigmatools.com.br\/site\/produto\/sgt-5114-politriz-roto-orbital-5-copia\/#primaryimage","url":"https:\/\/www.sigmatools.com.br\/site\/wp-content\/uploads\/2021\/04\/69.png","contentUrl":"https:\/\/www.sigmatools.com.br\/site\/wp-content\/uploads\/2021\/04\/69.png","width":1800,"height":2160},{"@type":"BreadcrumbList","@id":"https:\/\/www.sigmatools.com.br\/site\/produto\/sgt-5114-politriz-roto-orbital-5-copia\/#breadcrumb","itemListElement":[{"@type":"ListItem","position":1,"name":"In\u00edcio","item":"https:\/\/www.sigmatools.com.br\/site\/"},{"@type":"ListItem","position":2,"name":"SGT-5114 &#8211; POLITRIZ ROTO ORBITAL 5&#8243;"}]},{"@type":"WebSite","@id":"https:\/\/www.sigmatools.com.br\/site\/#website","url":"https:\/\/www.sigmatools.com.br\/site\/","name":"Sigma Tools","description":"Equipamentos para Est\u00e9tica Automotiva e Oficina Mec\u00e2nica - Sigma Tools","publisher":{"@id":"https:\/\/www.sigmatools.com.br\/site\/#organization"},"potentialAction":[{"@type":"SearchAction","target":{"@type":"EntryPoint","urlTemplate":"https:\/\/www.sigmatools.com.br\/site\/?s={search_term_string}"},"query-input":{"@type":"PropertyValueSpecification","valueRequired":true,"valueName":"search_term_string"}}],"inLanguage":"pt-BR"},{"@type":"Organization","@id":"https:\/\/www.sigmatools.com.br\/site\/#organization","name":"SIGMA TOOLS","url":"https:\/\/www.sigmatools.com.br\/site\/","logo":{"@type":"ImageObject","inLanguage":"pt-BR","@id":"https:\/\/www.sigmatools.com.br\/site\/#\/schema\/logo\/image\/","url":"https:\/\/www.sigmatools.com.br\/site\/wp-content\/uploads\/2020\/01\/logo-sigma.png","contentUrl":"https:\/\/www.sigmatools.com.br\/site\/wp-content\/uploads\/2020\/01\/logo-sigma.png","width":152,"height":150,"caption":"SIGMA TOOLS"},"image":{"@id":"https:\/\/www.sigmatools.com.br\/site\/#\/schema\/logo\/image\/"},"sameAs":["https:\/\/www.facebook.com\/sigmatools"]}]}},"_links":{"self":[{"href":"https:\/\/www.sigmatools.com.br\/site\/wp-json\/wp\/v2\/product\/1624","targetHints":{"allow":["GET"]}}],"collection":[{"href":"https:\/\/www.sigmatools.com.br\/site\/wp-json\/wp\/v2\/product"}],"about":[{"href":"https:\/\/www.sigmatools.com.br\/site\/wp-json\/wp\/v2\/types\/product"}],"replies":[{"embeddable":true,"href":"https:\/\/www.sigmatools.com.br\/site\/wp-json\/wp\/v2\/comments?post=1624"}],"wp:featuredmedia":[{"embeddable":true,"href":"https:\/\/www.sigmatools.com.br\/site\/wp-json\/wp\/v2\/media\/1625"}],"wp:attachment":[{"href":"https:\/\/www.sigmatools.com.br\/site\/wp-json\/wp\/v2\/media?parent=1624"}],"wp:term":[{"taxonomy":"product_brand","embeddable":true,"href":"https:\/\/www.sigmatools.com.br\/site\/wp-json\/wp\/v2\/product_brand?post=1624"},{"taxonomy":"product_cat","embeddable":true,"href":"https:\/\/www.sigmatools.com.br\/site\/wp-json\/wp\/v2\/product_cat?post=1624"},{"taxonomy":"product_tag","embeddable":true,"href":"https:\/\/www.sigmatools.com.br\/site\/wp-json\/wp\/v2\/product_tag?post=1624"}],"curies":[{"name":"wp","href":"https:\/\/api.w.org\/{rel}","templated":true}]}}