{"id":1941,"date":"2021-09-15T13:01:21","date_gmt":"2021-09-15T16:01:21","guid":{"rendered":"https:\/\/www.sigmatools.com.br\/site\/?post_type=product&#038;p=1941"},"modified":"2025-12-01T15:57:42","modified_gmt":"2025-12-01T18:57:42","slug":"sgt-8502-lanterna-de-inspecao-led-cob-recarregavel-10w-600lm","status":"publish","type":"product","link":"https:\/\/www.sigmatools.com.br\/site\/produto\/sgt-8502-lanterna-de-inspecao-led-cob-recarregavel-10w-600lm\/","title":{"rendered":"SGT-8502 &#8211; LANTERNA DE INSPE\u00c7\u00c3O LED COB RECARREG\u00c1VEL 10W &#8211; 600LM"},"content":{"rendered":"","protected":false},"excerpt":{"rendered":"<p><strong>C\u00f3digo do produto: <\/strong>0703850200<strong><\/p>\n<p>C\u00f3digo de barras: <\/strong>7908276605710<strong><br \/>\n<\/strong><\/p>\n<p>&nbsp;<\/p>\n<p><strong><\/p>\n<p>APLICA\u00c7\u00d5ES<\/strong><br \/>\n\u2022 Inspe\u00e7\u00e3o de pintura para detec\u00e7\u00e3o de imperfei\u00e7\u00f5es na est\u00e9tica automotiva;<br \/>\n\u2022 Utilizada para ilumina\u00e7\u00e3o profissional e hobby em diversas aplica\u00e7\u00f5es;<\/p>\n<p>&nbsp;<\/p>\n<p><strong>CARACTER\u00cdSTICAS<\/strong><br \/>\n\u2022 Port\u00e1til, leve e compacta;<br \/>\n\u2022 Led Cob frontal 90% CRI &#8211; 600lm\/10W;<br \/>\n\u2022 Led do topo 170lm\/3W;<br \/>\n\u2022 Articul\u00e1vel em at\u00e9 270\u00b0;<br \/>\n\u2022 Gancho superior para pendurar;<br \/>\n\u2022 Im\u00e3 para fixa\u00e7\u00e3o;<br \/>\n\u2022 Base para uso em trip\u00e9;<br \/>\n\u2022 Recarreg\u00e1vel em USB;<br \/>\n\u2022 Funciona como bateria auxiliar (Power Bank);<br \/>\n\u2022 Bateria 3,7V &#8211; 2 Ah com autonomia de 3 \u00e0 4 horas.<\/p>\n<p>&nbsp;<\/p>\n<p><strong>Pot\u00eancia:<\/strong> 3W (Led Topo) \/ 10W (Led Frontal)<br \/>\n<strong>Bateria:<\/strong> 3,7V \/ 2Ah<br \/>\n<strong>Autonomia:<\/strong> 3 \u00e0 4 Horas<br \/>\n<strong>Peso:<\/strong> 205g<\/p>\n<p>&nbsp;<\/p>\n<p>&nbsp;<\/p>\n<p>&nbsp;<\/p>\n[button size=\"small\" icon=\"\" target=\"_blank\" text_align=\"left\" text=\"Informativo\" link=\"http:\/\/www.sigmatools.com.br\/site\/arquivos\/informativos\/SGT-8502%20-%20Lanterna%20de%20Inspe\u00e7\u00e3o%20Led%20Cob%20Recarreg\u00e1vel%2010W-600lm.pdf\" color=\"#ffffff\" hover_color=\"#ffffff\" background_color=\"#353535\" hover_background_color=\"#dd3333\" border_color=\"#353535\" hover_border_color=\"#dd3333]","protected":false},"featured_media":1942,"comment_status":"open","ping_status":"closed","template":"","meta":{"_jet_sm_ready_style":"","_jet_sm_style":"","_jet_sm_controls_values":"","_jet_sm_fonts_collection":"","_jet_sm_fonts_links":""},"product_brand":[],"product_cat":[72],"product_tag":[],"class_list":{"0":"post-1941","1":"product","2":"type-product","3":"status-publish","4":"has-post-thumbnail","6":"product_cat-iluminacao","8":"first","9":"instock","10":"featured","11":"shipping-taxable","12":"product-type-simple"},"yoast_head":"<!-- This site is optimized with the Yoast SEO plugin v27.1.1 - https:\/\/yoast.com\/product\/yoast-seo-wordpress\/ -->\n<title>SGT-8502 - LANTERNA DE INSPE\u00c7\u00c3O LED COB RECARREG\u00c1VEL 10W - 600LM - Sigma Tools<\/title>\n<meta name=\"robots\" content=\"index, follow, max-snippet:-1, max-image-preview:large, max-video-preview:-1\" \/>\n<link rel=\"canonical\" href=\"https:\/\/www.sigmatools.com.br\/site\/produto\/sgt-8502-lanterna-de-inspecao-led-cob-recarregavel-10w-600lm\/\" \/>\n<meta property=\"og:locale\" content=\"pt_BR\" \/>\n<meta property=\"og:type\" content=\"article\" \/>\n<meta property=\"og:title\" content=\"SGT-8502 - LANTERNA DE INSPE\u00c7\u00c3O LED COB RECARREG\u00c1VEL 10W - 600LM - Sigma Tools\" \/>\n<meta property=\"og:description\" content=\"C\u00f3digo do produto: 0703850200  C\u00f3digo de barras: 7908276605710   &nbsp;    APLICA\u00c7\u00d5ES \u2022 Inspe\u00e7\u00e3o de pintura para detec\u00e7\u00e3o de imperfei\u00e7\u00f5es na est\u00e9tica automotiva; \u2022 Utilizada para ilumina\u00e7\u00e3o profissional e hobby em diversas aplica\u00e7\u00f5es;  &nbsp;  CARACTER\u00cdSTICAS \u2022 Port\u00e1til, leve e compacta; \u2022 Led Cob frontal 90% CRI - 600lm\/10W; \u2022 Led do topo 170lm\/3W; \u2022 Articul\u00e1vel em at\u00e9 270\u00b0; \u2022 Gancho superior para pendurar; \u2022 Im\u00e3 para fixa\u00e7\u00e3o; \u2022 Base para uso em trip\u00e9; \u2022 Recarreg\u00e1vel em USB; \u2022 Funciona como bateria auxiliar (Power Bank); \u2022 Bateria 3,7V - 2 Ah com autonomia de 3 \u00e0 4 horas.  &nbsp;  Pot\u00eancia: 3W (Led Topo) \/ 10W (Led Frontal) Bateria: 3,7V \/ 2Ah Autonomia: 3 \u00e0 4 Horas Peso: 205g  &nbsp;  &nbsp;  &nbsp;\" \/>\n<meta property=\"og:url\" content=\"https:\/\/www.sigmatools.com.br\/site\/produto\/sgt-8502-lanterna-de-inspecao-led-cob-recarregavel-10w-600lm\/\" \/>\n<meta property=\"og:site_name\" content=\"Sigma Tools\" \/>\n<meta property=\"article:publisher\" content=\"https:\/\/www.facebook.com\/sigmatools\" \/>\n<meta property=\"article:modified_time\" content=\"2025-12-01T18:57:42+00:00\" \/>\n<meta property=\"og:image\" content=\"https:\/\/www.sigmatools.com.br\/site\/wp-content\/uploads\/2021\/09\/8502-6-menor.png\" \/>\n\t<meta property=\"og:image:width\" content=\"1000\" \/>\n\t<meta property=\"og:image:height\" content=\"1000\" \/>\n\t<meta property=\"og:image:type\" content=\"image\/png\" \/>\n<meta name=\"twitter:card\" content=\"summary_large_image\" \/>\n<meta name=\"twitter:label1\" content=\"Est. tempo de leitura\" \/>\n\t<meta name=\"twitter:data1\" content=\"1 minuto\" \/>\n<script type=\"application\/ld+json\" class=\"yoast-schema-graph\">{\"@context\":\"https:\/\/schema.org\",\"@graph\":[{\"@type\":\"WebPage\",\"@id\":\"https:\/\/www.sigmatools.com.br\/site\/produto\/sgt-8502-lanterna-de-inspecao-led-cob-recarregavel-10w-600lm\/\",\"url\":\"https:\/\/www.sigmatools.com.br\/site\/produto\/sgt-8502-lanterna-de-inspecao-led-cob-recarregavel-10w-600lm\/\",\"name\":\"SGT-8502 - LANTERNA DE INSPE\u00c7\u00c3O LED COB RECARREG\u00c1VEL 10W - 600LM - Sigma Tools\",\"isPartOf\":{\"@id\":\"https:\/\/www.sigmatools.com.br\/site\/#website\"},\"primaryImageOfPage\":{\"@id\":\"https:\/\/www.sigmatools.com.br\/site\/produto\/sgt-8502-lanterna-de-inspecao-led-cob-recarregavel-10w-600lm\/#primaryimage\"},\"image\":{\"@id\":\"https:\/\/www.sigmatools.com.br\/site\/produto\/sgt-8502-lanterna-de-inspecao-led-cob-recarregavel-10w-600lm\/#primaryimage\"},\"thumbnailUrl\":\"https:\/\/www.sigmatools.com.br\/site\/wp-content\/uploads\/2021\/09\/8502-6-menor.png\",\"datePublished\":\"2021-09-15T16:01:21+00:00\",\"dateModified\":\"2025-12-01T18:57:42+00:00\",\"breadcrumb\":{\"@id\":\"https:\/\/www.sigmatools.com.br\/site\/produto\/sgt-8502-lanterna-de-inspecao-led-cob-recarregavel-10w-600lm\/#breadcrumb\"},\"inLanguage\":\"pt-BR\",\"potentialAction\":[{\"@type\":\"ReadAction\",\"target\":[\"https:\/\/www.sigmatools.com.br\/site\/produto\/sgt-8502-lanterna-de-inspecao-led-cob-recarregavel-10w-600lm\/\"]}]},{\"@type\":\"ImageObject\",\"inLanguage\":\"pt-BR\",\"@id\":\"https:\/\/www.sigmatools.com.br\/site\/produto\/sgt-8502-lanterna-de-inspecao-led-cob-recarregavel-10w-600lm\/#primaryimage\",\"url\":\"https:\/\/www.sigmatools.com.br\/site\/wp-content\/uploads\/2021\/09\/8502-6-menor.png\",\"contentUrl\":\"https:\/\/www.sigmatools.com.br\/site\/wp-content\/uploads\/2021\/09\/8502-6-menor.png\",\"width\":1000,\"height\":1000},{\"@type\":\"BreadcrumbList\",\"@id\":\"https:\/\/www.sigmatools.com.br\/site\/produto\/sgt-8502-lanterna-de-inspecao-led-cob-recarregavel-10w-600lm\/#breadcrumb\",\"itemListElement\":[{\"@type\":\"ListItem\",\"position\":1,\"name\":\"In\u00edcio\",\"item\":\"https:\/\/www.sigmatools.com.br\/site\/\"},{\"@type\":\"ListItem\",\"position\":2,\"name\":\"SGT-8502 &#8211; LANTERNA DE INSPE\u00c7\u00c3O LED COB RECARREG\u00c1VEL 10W &#8211; 600LM\"}]},{\"@type\":\"WebSite\",\"@id\":\"https:\/\/www.sigmatools.com.br\/site\/#website\",\"url\":\"https:\/\/www.sigmatools.com.br\/site\/\",\"name\":\"Sigma Tools\",\"description\":\"Equipamentos para Est\u00e9tica Automotiva e Oficina Mec\u00e2nica - Sigma Tools\",\"publisher\":{\"@id\":\"https:\/\/www.sigmatools.com.br\/site\/#organization\"},\"potentialAction\":[{\"@type\":\"SearchAction\",\"target\":{\"@type\":\"EntryPoint\",\"urlTemplate\":\"https:\/\/www.sigmatools.com.br\/site\/?s={search_term_string}\"},\"query-input\":{\"@type\":\"PropertyValueSpecification\",\"valueRequired\":true,\"valueName\":\"search_term_string\"}}],\"inLanguage\":\"pt-BR\"},{\"@type\":\"Organization\",\"@id\":\"https:\/\/www.sigmatools.com.br\/site\/#organization\",\"name\":\"SIGMA TOOLS\",\"url\":\"https:\/\/www.sigmatools.com.br\/site\/\",\"logo\":{\"@type\":\"ImageObject\",\"inLanguage\":\"pt-BR\",\"@id\":\"https:\/\/www.sigmatools.com.br\/site\/#\/schema\/logo\/image\/\",\"url\":\"https:\/\/www.sigmatools.com.br\/site\/wp-content\/uploads\/2020\/01\/logo-sigma.png\",\"contentUrl\":\"https:\/\/www.sigmatools.com.br\/site\/wp-content\/uploads\/2020\/01\/logo-sigma.png\",\"width\":152,\"height\":150,\"caption\":\"SIGMA TOOLS\"},\"image\":{\"@id\":\"https:\/\/www.sigmatools.com.br\/site\/#\/schema\/logo\/image\/\"},\"sameAs\":[\"https:\/\/www.facebook.com\/sigmatools\"]}]}<\/script>\n<!-- \/ Yoast SEO plugin. -->","yoast_head_json":{"title":"SGT-8502 - LANTERNA DE INSPE\u00c7\u00c3O LED COB RECARREG\u00c1VEL 10W - 600LM - Sigma Tools","robots":{"index":"index","follow":"follow","max-snippet":"max-snippet:-1","max-image-preview":"max-image-preview:large","max-video-preview":"max-video-preview:-1"},"canonical":"https:\/\/www.sigmatools.com.br\/site\/produto\/sgt-8502-lanterna-de-inspecao-led-cob-recarregavel-10w-600lm\/","og_locale":"pt_BR","og_type":"article","og_title":"SGT-8502 - LANTERNA DE INSPE\u00c7\u00c3O LED COB RECARREG\u00c1VEL 10W - 600LM - Sigma Tools","og_description":"C\u00f3digo do produto: 0703850200  C\u00f3digo de barras: 7908276605710   &nbsp;    APLICA\u00c7\u00d5ES \u2022 Inspe\u00e7\u00e3o de pintura para detec\u00e7\u00e3o de imperfei\u00e7\u00f5es na est\u00e9tica automotiva; \u2022 Utilizada para ilumina\u00e7\u00e3o profissional e hobby em diversas aplica\u00e7\u00f5es;  &nbsp;  CARACTER\u00cdSTICAS \u2022 Port\u00e1til, leve e compacta; \u2022 Led Cob frontal 90% CRI - 600lm\/10W; \u2022 Led do topo 170lm\/3W; \u2022 Articul\u00e1vel em at\u00e9 270\u00b0; \u2022 Gancho superior para pendurar; \u2022 Im\u00e3 para fixa\u00e7\u00e3o; \u2022 Base para uso em trip\u00e9; \u2022 Recarreg\u00e1vel em USB; \u2022 Funciona como bateria auxiliar (Power Bank); \u2022 Bateria 3,7V - 2 Ah com autonomia de 3 \u00e0 4 horas.  &nbsp;  Pot\u00eancia: 3W (Led Topo) \/ 10W (Led Frontal) Bateria: 3,7V \/ 2Ah Autonomia: 3 \u00e0 4 Horas Peso: 205g  &nbsp;  &nbsp;  &nbsp;","og_url":"https:\/\/www.sigmatools.com.br\/site\/produto\/sgt-8502-lanterna-de-inspecao-led-cob-recarregavel-10w-600lm\/","og_site_name":"Sigma Tools","article_publisher":"https:\/\/www.facebook.com\/sigmatools","article_modified_time":"2025-12-01T18:57:42+00:00","og_image":[{"width":1000,"height":1000,"url":"https:\/\/www.sigmatools.com.br\/site\/wp-content\/uploads\/2021\/09\/8502-6-menor.png","type":"image\/png"}],"twitter_card":"summary_large_image","twitter_misc":{"Est. tempo de leitura":"1 minuto"},"schema":{"@context":"https:\/\/schema.org","@graph":[{"@type":"WebPage","@id":"https:\/\/www.sigmatools.com.br\/site\/produto\/sgt-8502-lanterna-de-inspecao-led-cob-recarregavel-10w-600lm\/","url":"https:\/\/www.sigmatools.com.br\/site\/produto\/sgt-8502-lanterna-de-inspecao-led-cob-recarregavel-10w-600lm\/","name":"SGT-8502 - LANTERNA DE INSPE\u00c7\u00c3O LED COB RECARREG\u00c1VEL 10W - 600LM - Sigma Tools","isPartOf":{"@id":"https:\/\/www.sigmatools.com.br\/site\/#website"},"primaryImageOfPage":{"@id":"https:\/\/www.sigmatools.com.br\/site\/produto\/sgt-8502-lanterna-de-inspecao-led-cob-recarregavel-10w-600lm\/#primaryimage"},"image":{"@id":"https:\/\/www.sigmatools.com.br\/site\/produto\/sgt-8502-lanterna-de-inspecao-led-cob-recarregavel-10w-600lm\/#primaryimage"},"thumbnailUrl":"https:\/\/www.sigmatools.com.br\/site\/wp-content\/uploads\/2021\/09\/8502-6-menor.png","datePublished":"2021-09-15T16:01:21+00:00","dateModified":"2025-12-01T18:57:42+00:00","breadcrumb":{"@id":"https:\/\/www.sigmatools.com.br\/site\/produto\/sgt-8502-lanterna-de-inspecao-led-cob-recarregavel-10w-600lm\/#breadcrumb"},"inLanguage":"pt-BR","potentialAction":[{"@type":"ReadAction","target":["https:\/\/www.sigmatools.com.br\/site\/produto\/sgt-8502-lanterna-de-inspecao-led-cob-recarregavel-10w-600lm\/"]}]},{"@type":"ImageObject","inLanguage":"pt-BR","@id":"https:\/\/www.sigmatools.com.br\/site\/produto\/sgt-8502-lanterna-de-inspecao-led-cob-recarregavel-10w-600lm\/#primaryimage","url":"https:\/\/www.sigmatools.com.br\/site\/wp-content\/uploads\/2021\/09\/8502-6-menor.png","contentUrl":"https:\/\/www.sigmatools.com.br\/site\/wp-content\/uploads\/2021\/09\/8502-6-menor.png","width":1000,"height":1000},{"@type":"BreadcrumbList","@id":"https:\/\/www.sigmatools.com.br\/site\/produto\/sgt-8502-lanterna-de-inspecao-led-cob-recarregavel-10w-600lm\/#breadcrumb","itemListElement":[{"@type":"ListItem","position":1,"name":"In\u00edcio","item":"https:\/\/www.sigmatools.com.br\/site\/"},{"@type":"ListItem","position":2,"name":"SGT-8502 &#8211; LANTERNA DE INSPE\u00c7\u00c3O LED COB RECARREG\u00c1VEL 10W &#8211; 600LM"}]},{"@type":"WebSite","@id":"https:\/\/www.sigmatools.com.br\/site\/#website","url":"https:\/\/www.sigmatools.com.br\/site\/","name":"Sigma Tools","description":"Equipamentos para Est\u00e9tica Automotiva e Oficina Mec\u00e2nica - Sigma Tools","publisher":{"@id":"https:\/\/www.sigmatools.com.br\/site\/#organization"},"potentialAction":[{"@type":"SearchAction","target":{"@type":"EntryPoint","urlTemplate":"https:\/\/www.sigmatools.com.br\/site\/?s={search_term_string}"},"query-input":{"@type":"PropertyValueSpecification","valueRequired":true,"valueName":"search_term_string"}}],"inLanguage":"pt-BR"},{"@type":"Organization","@id":"https:\/\/www.sigmatools.com.br\/site\/#organization","name":"SIGMA TOOLS","url":"https:\/\/www.sigmatools.com.br\/site\/","logo":{"@type":"ImageObject","inLanguage":"pt-BR","@id":"https:\/\/www.sigmatools.com.br\/site\/#\/schema\/logo\/image\/","url":"https:\/\/www.sigmatools.com.br\/site\/wp-content\/uploads\/2020\/01\/logo-sigma.png","contentUrl":"https:\/\/www.sigmatools.com.br\/site\/wp-content\/uploads\/2020\/01\/logo-sigma.png","width":152,"height":150,"caption":"SIGMA TOOLS"},"image":{"@id":"https:\/\/www.sigmatools.com.br\/site\/#\/schema\/logo\/image\/"},"sameAs":["https:\/\/www.facebook.com\/sigmatools"]}]}},"_links":{"self":[{"href":"https:\/\/www.sigmatools.com.br\/site\/wp-json\/wp\/v2\/product\/1941","targetHints":{"allow":["GET"]}}],"collection":[{"href":"https:\/\/www.sigmatools.com.br\/site\/wp-json\/wp\/v2\/product"}],"about":[{"href":"https:\/\/www.sigmatools.com.br\/site\/wp-json\/wp\/v2\/types\/product"}],"replies":[{"embeddable":true,"href":"https:\/\/www.sigmatools.com.br\/site\/wp-json\/wp\/v2\/comments?post=1941"}],"wp:featuredmedia":[{"embeddable":true,"href":"https:\/\/www.sigmatools.com.br\/site\/wp-json\/wp\/v2\/media\/1942"}],"wp:attachment":[{"href":"https:\/\/www.sigmatools.com.br\/site\/wp-json\/wp\/v2\/media?parent=1941"}],"wp:term":[{"taxonomy":"product_brand","embeddable":true,"href":"https:\/\/www.sigmatools.com.br\/site\/wp-json\/wp\/v2\/product_brand?post=1941"},{"taxonomy":"product_cat","embeddable":true,"href":"https:\/\/www.sigmatools.com.br\/site\/wp-json\/wp\/v2\/product_cat?post=1941"},{"taxonomy":"product_tag","embeddable":true,"href":"https:\/\/www.sigmatools.com.br\/site\/wp-json\/wp\/v2\/product_tag?post=1941"}],"curies":[{"name":"wp","href":"https:\/\/api.w.org\/{rel}","templated":true}]}}