{"id":2899,"date":"2022-04-11T08:48:17","date_gmt":"2022-04-11T11:48:17","guid":{"rendered":"https:\/\/www.sigmatools.com.br\/site\/?post_type=product&#038;p=2899"},"modified":"2026-03-10T11:42:18","modified_gmt":"2026-03-10T14:42:18","slug":"sgt-0318-sa-lixadeira-orbital-5-sem-aspiracao","status":"publish","type":"product","link":"https:\/\/www.sigmatools.com.br\/site\/produto\/sgt-0318-sa-lixadeira-orbital-5-sem-aspiracao\/","title":{"rendered":"SGT-0318-SA- LIXADEIRA ORBITAL 5&#8243; SEM ASPIRA\u00c7\u00c3O"},"content":{"rendered":"","protected":false},"excerpt":{"rendered":"<p><strong>C\u00f3digo do produto:<\/strong> 0701031800<\/p>\n<p><strong>C\u00f3digo de barras:<\/strong> 7908276605307<\/p>\n<p>&nbsp;<\/p>\n<p>&nbsp;<\/p>\n<p><strong>Caracter\u00edsticas<\/strong><br \/>\n\u2022 Ferramenta leve e de alta performance;<br \/>\n\u2022 Desenho ergon\u00f4mico;<br \/>\n\u2022 Disco velcrado fabricado em poliuretano.<\/p>\n<p>&nbsp;<\/p>\n<p><strong>Aplica\u00e7\u00f5es<\/strong><br \/>\nIndicado para uso profissional e industrial para acabamentos na linha de montagem, marcenarias, funilarias e outras aplica\u00e7\u00f5es.<\/p>\n<p>&nbsp;<\/p>\n<p>&nbsp;<\/p>\n[button size=\"small\" icon=\"\" target=\"_blank\" text_align=\"left\" text=\"Informativo\" link=\"http:\/\/www.sigmatools.com.br\/site\/arquivos\/informativos\/SGT-0318-SA-%20LIXADEIRA%20ORBITAL%205%20SEM%20ASPIRA\u00c7\u00c3O.pdf\" color=\"#ffffff\" hover_color=\"#ffffff\" background_color=\"#353535\" hover_background_color=\"#dd3333\" border_color=\"#353535\" hover_border_color=\"#dd3333\"]\n[button size=\"small\" icon=\"\" target=\"_blank\" text_align=\"left\" text=\"Vista Explodida\" link=\"https:\/\/www.sigmatools.com.br\/site\/arquivos\/vista-explodida\/SGT-0318%20SA%20-%20LIXADEIRA%20ROTO%20ORBITAL%205pol%20SEM%20ASPIRACAO%20VE.pdf\" color=\"#ffffff\" hover_color=\"#ffffff\" background_color=\"#353535\" hover_background_color=\"#dd3333\" border_color=\"#353535\" hover_border_color=\"#dd3333\"]","protected":false},"featured_media":2876,"comment_status":"open","ping_status":"closed","template":"","meta":{"_jet_sm_ready_style":"","_jet_sm_style":"","_jet_sm_controls_values":"","_jet_sm_fonts_collection":"","_jet_sm_fonts_links":""},"product_brand":[],"product_cat":[140,139,60,89,15],"product_tag":[],"class_list":{"0":"post-2899","1":"product","2":"type-product","3":"status-publish","4":"has-post-thumbnail","6":"product_cat-lixadeiras","7":"product_cat-lixadeiras-hookit","8":"product_cat-catalogo-geral","9":"product_cat-lixamento","10":"product_cat-sigma-tools","12":"first","13":"instock","14":"shipping-taxable","15":"product-type-simple"},"yoast_head":"<!-- This site is optimized with the Yoast SEO plugin v27.1.1 - https:\/\/yoast.com\/product\/yoast-seo-wordpress\/ -->\n<title>SGT-0318-SA- LIXADEIRA ORBITAL 5&quot; SEM ASPIRA\u00c7\u00c3O - Sigma Tools<\/title>\n<meta name=\"robots\" content=\"index, follow, max-snippet:-1, max-image-preview:large, max-video-preview:-1\" \/>\n<link rel=\"canonical\" href=\"https:\/\/www.sigmatools.com.br\/site\/produto\/sgt-0318-sa-lixadeira-orbital-5-sem-aspiracao\/\" \/>\n<meta property=\"og:locale\" content=\"pt_BR\" \/>\n<meta property=\"og:type\" content=\"article\" \/>\n<meta property=\"og:title\" content=\"SGT-0318-SA- LIXADEIRA ORBITAL 5&quot; SEM ASPIRA\u00c7\u00c3O - Sigma Tools\" \/>\n<meta property=\"og:description\" content=\"C\u00f3digo do produto: 0701031800  C\u00f3digo de barras: 7908276605307  &nbsp;  &nbsp;  Caracter\u00edsticas \u2022 Ferramenta leve e de alta performance; \u2022 Desenho ergon\u00f4mico; \u2022 Disco velcrado fabricado em poliuretano.  &nbsp;  Aplica\u00e7\u00f5es Indicado para uso profissional e industrial para acabamentos na linha de montagem, marcenarias, funilarias e outras aplica\u00e7\u00f5es.  &nbsp;  &nbsp;\" \/>\n<meta property=\"og:url\" content=\"https:\/\/www.sigmatools.com.br\/site\/produto\/sgt-0318-sa-lixadeira-orbital-5-sem-aspiracao\/\" \/>\n<meta property=\"og:site_name\" content=\"Sigma Tools\" \/>\n<meta property=\"article:publisher\" content=\"https:\/\/www.facebook.com\/sigmatools\" \/>\n<meta property=\"article:modified_time\" content=\"2026-03-10T14:42:18+00:00\" \/>\n<meta property=\"og:image\" content=\"https:\/\/www.sigmatools.com.br\/site\/wp-content\/uploads\/2022\/04\/0318-sa.png\" \/>\n\t<meta property=\"og:image:width\" content=\"1000\" \/>\n\t<meta property=\"og:image:height\" content=\"1000\" \/>\n\t<meta property=\"og:image:type\" content=\"image\/png\" \/>\n<meta name=\"twitter:card\" content=\"summary_large_image\" \/>\n<meta name=\"twitter:label1\" content=\"Est. tempo de leitura\" \/>\n\t<meta name=\"twitter:data1\" content=\"1 minuto\" \/>\n<script type=\"application\/ld+json\" class=\"yoast-schema-graph\">{\"@context\":\"https:\/\/schema.org\",\"@graph\":[{\"@type\":\"WebPage\",\"@id\":\"https:\/\/www.sigmatools.com.br\/site\/produto\/sgt-0318-sa-lixadeira-orbital-5-sem-aspiracao\/\",\"url\":\"https:\/\/www.sigmatools.com.br\/site\/produto\/sgt-0318-sa-lixadeira-orbital-5-sem-aspiracao\/\",\"name\":\"SGT-0318-SA- LIXADEIRA ORBITAL 5\\\" SEM ASPIRA\u00c7\u00c3O - Sigma Tools\",\"isPartOf\":{\"@id\":\"https:\/\/www.sigmatools.com.br\/site\/#website\"},\"primaryImageOfPage\":{\"@id\":\"https:\/\/www.sigmatools.com.br\/site\/produto\/sgt-0318-sa-lixadeira-orbital-5-sem-aspiracao\/#primaryimage\"},\"image\":{\"@id\":\"https:\/\/www.sigmatools.com.br\/site\/produto\/sgt-0318-sa-lixadeira-orbital-5-sem-aspiracao\/#primaryimage\"},\"thumbnailUrl\":\"https:\/\/www.sigmatools.com.br\/site\/wp-content\/uploads\/2022\/04\/0318-sa.png\",\"datePublished\":\"2022-04-11T11:48:17+00:00\",\"dateModified\":\"2026-03-10T14:42:18+00:00\",\"breadcrumb\":{\"@id\":\"https:\/\/www.sigmatools.com.br\/site\/produto\/sgt-0318-sa-lixadeira-orbital-5-sem-aspiracao\/#breadcrumb\"},\"inLanguage\":\"pt-BR\",\"potentialAction\":[{\"@type\":\"ReadAction\",\"target\":[\"https:\/\/www.sigmatools.com.br\/site\/produto\/sgt-0318-sa-lixadeira-orbital-5-sem-aspiracao\/\"]}]},{\"@type\":\"ImageObject\",\"inLanguage\":\"pt-BR\",\"@id\":\"https:\/\/www.sigmatools.com.br\/site\/produto\/sgt-0318-sa-lixadeira-orbital-5-sem-aspiracao\/#primaryimage\",\"url\":\"https:\/\/www.sigmatools.com.br\/site\/wp-content\/uploads\/2022\/04\/0318-sa.png\",\"contentUrl\":\"https:\/\/www.sigmatools.com.br\/site\/wp-content\/uploads\/2022\/04\/0318-sa.png\",\"width\":1000,\"height\":1000},{\"@type\":\"BreadcrumbList\",\"@id\":\"https:\/\/www.sigmatools.com.br\/site\/produto\/sgt-0318-sa-lixadeira-orbital-5-sem-aspiracao\/#breadcrumb\",\"itemListElement\":[{\"@type\":\"ListItem\",\"position\":1,\"name\":\"In\u00edcio\",\"item\":\"https:\/\/www.sigmatools.com.br\/site\/\"},{\"@type\":\"ListItem\",\"position\":2,\"name\":\"SGT-0318-SA- LIXADEIRA ORBITAL 5&#8243; SEM ASPIRA\u00c7\u00c3O\"}]},{\"@type\":\"WebSite\",\"@id\":\"https:\/\/www.sigmatools.com.br\/site\/#website\",\"url\":\"https:\/\/www.sigmatools.com.br\/site\/\",\"name\":\"Sigma Tools\",\"description\":\"Equipamentos para Est\u00e9tica Automotiva e Oficina Mec\u00e2nica - Sigma Tools\",\"publisher\":{\"@id\":\"https:\/\/www.sigmatools.com.br\/site\/#organization\"},\"potentialAction\":[{\"@type\":\"SearchAction\",\"target\":{\"@type\":\"EntryPoint\",\"urlTemplate\":\"https:\/\/www.sigmatools.com.br\/site\/?s={search_term_string}\"},\"query-input\":{\"@type\":\"PropertyValueSpecification\",\"valueRequired\":true,\"valueName\":\"search_term_string\"}}],\"inLanguage\":\"pt-BR\"},{\"@type\":\"Organization\",\"@id\":\"https:\/\/www.sigmatools.com.br\/site\/#organization\",\"name\":\"SIGMA TOOLS\",\"url\":\"https:\/\/www.sigmatools.com.br\/site\/\",\"logo\":{\"@type\":\"ImageObject\",\"inLanguage\":\"pt-BR\",\"@id\":\"https:\/\/www.sigmatools.com.br\/site\/#\/schema\/logo\/image\/\",\"url\":\"https:\/\/www.sigmatools.com.br\/site\/wp-content\/uploads\/2020\/01\/logo-sigma.png\",\"contentUrl\":\"https:\/\/www.sigmatools.com.br\/site\/wp-content\/uploads\/2020\/01\/logo-sigma.png\",\"width\":152,\"height\":150,\"caption\":\"SIGMA TOOLS\"},\"image\":{\"@id\":\"https:\/\/www.sigmatools.com.br\/site\/#\/schema\/logo\/image\/\"},\"sameAs\":[\"https:\/\/www.facebook.com\/sigmatools\"]}]}<\/script>\n<!-- \/ Yoast SEO plugin. -->","yoast_head_json":{"title":"SGT-0318-SA- LIXADEIRA ORBITAL 5\" SEM ASPIRA\u00c7\u00c3O - Sigma Tools","robots":{"index":"index","follow":"follow","max-snippet":"max-snippet:-1","max-image-preview":"max-image-preview:large","max-video-preview":"max-video-preview:-1"},"canonical":"https:\/\/www.sigmatools.com.br\/site\/produto\/sgt-0318-sa-lixadeira-orbital-5-sem-aspiracao\/","og_locale":"pt_BR","og_type":"article","og_title":"SGT-0318-SA- LIXADEIRA ORBITAL 5\" SEM ASPIRA\u00c7\u00c3O - Sigma Tools","og_description":"C\u00f3digo do produto: 0701031800  C\u00f3digo de barras: 7908276605307  &nbsp;  &nbsp;  Caracter\u00edsticas \u2022 Ferramenta leve e de alta performance; \u2022 Desenho ergon\u00f4mico; \u2022 Disco velcrado fabricado em poliuretano.  &nbsp;  Aplica\u00e7\u00f5es Indicado para uso profissional e industrial para acabamentos na linha de montagem, marcenarias, funilarias e outras aplica\u00e7\u00f5es.  &nbsp;  &nbsp;","og_url":"https:\/\/www.sigmatools.com.br\/site\/produto\/sgt-0318-sa-lixadeira-orbital-5-sem-aspiracao\/","og_site_name":"Sigma Tools","article_publisher":"https:\/\/www.facebook.com\/sigmatools","article_modified_time":"2026-03-10T14:42:18+00:00","og_image":[{"width":1000,"height":1000,"url":"https:\/\/www.sigmatools.com.br\/site\/wp-content\/uploads\/2022\/04\/0318-sa.png","type":"image\/png"}],"twitter_card":"summary_large_image","twitter_misc":{"Est. tempo de leitura":"1 minuto"},"schema":{"@context":"https:\/\/schema.org","@graph":[{"@type":"WebPage","@id":"https:\/\/www.sigmatools.com.br\/site\/produto\/sgt-0318-sa-lixadeira-orbital-5-sem-aspiracao\/","url":"https:\/\/www.sigmatools.com.br\/site\/produto\/sgt-0318-sa-lixadeira-orbital-5-sem-aspiracao\/","name":"SGT-0318-SA- LIXADEIRA ORBITAL 5\" SEM ASPIRA\u00c7\u00c3O - Sigma Tools","isPartOf":{"@id":"https:\/\/www.sigmatools.com.br\/site\/#website"},"primaryImageOfPage":{"@id":"https:\/\/www.sigmatools.com.br\/site\/produto\/sgt-0318-sa-lixadeira-orbital-5-sem-aspiracao\/#primaryimage"},"image":{"@id":"https:\/\/www.sigmatools.com.br\/site\/produto\/sgt-0318-sa-lixadeira-orbital-5-sem-aspiracao\/#primaryimage"},"thumbnailUrl":"https:\/\/www.sigmatools.com.br\/site\/wp-content\/uploads\/2022\/04\/0318-sa.png","datePublished":"2022-04-11T11:48:17+00:00","dateModified":"2026-03-10T14:42:18+00:00","breadcrumb":{"@id":"https:\/\/www.sigmatools.com.br\/site\/produto\/sgt-0318-sa-lixadeira-orbital-5-sem-aspiracao\/#breadcrumb"},"inLanguage":"pt-BR","potentialAction":[{"@type":"ReadAction","target":["https:\/\/www.sigmatools.com.br\/site\/produto\/sgt-0318-sa-lixadeira-orbital-5-sem-aspiracao\/"]}]},{"@type":"ImageObject","inLanguage":"pt-BR","@id":"https:\/\/www.sigmatools.com.br\/site\/produto\/sgt-0318-sa-lixadeira-orbital-5-sem-aspiracao\/#primaryimage","url":"https:\/\/www.sigmatools.com.br\/site\/wp-content\/uploads\/2022\/04\/0318-sa.png","contentUrl":"https:\/\/www.sigmatools.com.br\/site\/wp-content\/uploads\/2022\/04\/0318-sa.png","width":1000,"height":1000},{"@type":"BreadcrumbList","@id":"https:\/\/www.sigmatools.com.br\/site\/produto\/sgt-0318-sa-lixadeira-orbital-5-sem-aspiracao\/#breadcrumb","itemListElement":[{"@type":"ListItem","position":1,"name":"In\u00edcio","item":"https:\/\/www.sigmatools.com.br\/site\/"},{"@type":"ListItem","position":2,"name":"SGT-0318-SA- LIXADEIRA ORBITAL 5&#8243; SEM ASPIRA\u00c7\u00c3O"}]},{"@type":"WebSite","@id":"https:\/\/www.sigmatools.com.br\/site\/#website","url":"https:\/\/www.sigmatools.com.br\/site\/","name":"Sigma Tools","description":"Equipamentos para Est\u00e9tica Automotiva e Oficina Mec\u00e2nica - Sigma Tools","publisher":{"@id":"https:\/\/www.sigmatools.com.br\/site\/#organization"},"potentialAction":[{"@type":"SearchAction","target":{"@type":"EntryPoint","urlTemplate":"https:\/\/www.sigmatools.com.br\/site\/?s={search_term_string}"},"query-input":{"@type":"PropertyValueSpecification","valueRequired":true,"valueName":"search_term_string"}}],"inLanguage":"pt-BR"},{"@type":"Organization","@id":"https:\/\/www.sigmatools.com.br\/site\/#organization","name":"SIGMA TOOLS","url":"https:\/\/www.sigmatools.com.br\/site\/","logo":{"@type":"ImageObject","inLanguage":"pt-BR","@id":"https:\/\/www.sigmatools.com.br\/site\/#\/schema\/logo\/image\/","url":"https:\/\/www.sigmatools.com.br\/site\/wp-content\/uploads\/2020\/01\/logo-sigma.png","contentUrl":"https:\/\/www.sigmatools.com.br\/site\/wp-content\/uploads\/2020\/01\/logo-sigma.png","width":152,"height":150,"caption":"SIGMA TOOLS"},"image":{"@id":"https:\/\/www.sigmatools.com.br\/site\/#\/schema\/logo\/image\/"},"sameAs":["https:\/\/www.facebook.com\/sigmatools"]}]}},"_links":{"self":[{"href":"https:\/\/www.sigmatools.com.br\/site\/wp-json\/wp\/v2\/product\/2899","targetHints":{"allow":["GET"]}}],"collection":[{"href":"https:\/\/www.sigmatools.com.br\/site\/wp-json\/wp\/v2\/product"}],"about":[{"href":"https:\/\/www.sigmatools.com.br\/site\/wp-json\/wp\/v2\/types\/product"}],"replies":[{"embeddable":true,"href":"https:\/\/www.sigmatools.com.br\/site\/wp-json\/wp\/v2\/comments?post=2899"}],"wp:featuredmedia":[{"embeddable":true,"href":"https:\/\/www.sigmatools.com.br\/site\/wp-json\/wp\/v2\/media\/2876"}],"wp:attachment":[{"href":"https:\/\/www.sigmatools.com.br\/site\/wp-json\/wp\/v2\/media?parent=2899"}],"wp:term":[{"taxonomy":"product_brand","embeddable":true,"href":"https:\/\/www.sigmatools.com.br\/site\/wp-json\/wp\/v2\/product_brand?post=2899"},{"taxonomy":"product_cat","embeddable":true,"href":"https:\/\/www.sigmatools.com.br\/site\/wp-json\/wp\/v2\/product_cat?post=2899"},{"taxonomy":"product_tag","embeddable":true,"href":"https:\/\/www.sigmatools.com.br\/site\/wp-json\/wp\/v2\/product_tag?post=2899"}],"curies":[{"name":"wp","href":"https:\/\/api.w.org\/{rel}","templated":true}]}}