{"id":2973,"date":"2022-04-27T16:52:52","date_gmt":"2022-04-27T19:52:52","guid":{"rendered":"https:\/\/www.sigmatools.com.br\/site\/?post_type=product&#038;p=2973"},"modified":"2025-10-15T19:27:15","modified_gmt":"2025-10-15T22:27:15","slug":"sgt-8115-politriz-roto-orbital-15mm-a-bateria-20v-5ah","status":"publish","type":"product","link":"https:\/\/www.sigmatools.com.br\/site\/produto\/sgt-8115-politriz-roto-orbital-15mm-a-bateria-20v-5ah\/","title":{"rendered":"SGT-8115 &#8211; POLITRIZ ROTO ORBITAL 15MM \u00c0 BATERIA &#8211; 20V-5AH"},"content":{"rendered":"","protected":false},"excerpt":{"rendered":"<p><strong>C\u00f3digo do produto:<\/strong> 0703811500<\/p>\n<p><strong>C\u00f3digo de barras:<\/strong> 7908276606076<\/p>\n<p>&nbsp;<\/p>\n<iframe title=\"YouTube video player\" src=\"https:\/\/www.youtube.com\/embed\/Mb9efzuJYJQ?si=7W1pFoxRDF42vr2f\" width=\"315\" height=\"560\" frameborder=\"0\" allowfullscreen=\"allowfullscreen\"><span data-mce-type=\"bookmark\" style=\"display: inline-block; width: 0px; overflow: hidden; line-height: 0;\" class=\"mce_SELRES_start\">\ufeff<\/span><\/iframe>\n<strong>CARACTER\u00cdSTICAS<\/strong><\/p>\n<p>&#8211; Motor digital brushless de maior durabilidade;<br \/>\n&#8211; Duas baterias 5Ah Li-Ion com grande autonomia,<br \/>\npermitindo o uso sem interrup\u00e7\u00e3o, pois enquanto<br \/>\numa \u00e9 utilizada a segunda \u00e9 carregada;<br \/>\n&#8211; Leve;<br \/>\n&#8211; Baixo ru\u00eddo;<br \/>\n&#8211; Baixa Vibra\u00e7\u00e3o;<br \/>\n&#8211; Ventilada, com baix\u00edssimo aquecimento.<\/p>\n<p>&nbsp;<\/p>\n<p><strong>APLICA\u00c7\u00d5ES<\/strong><br \/>\n&#8211; Recomendada para trabalhos de polimento.<\/p>\n<p>&nbsp;<\/p>\n<p><strong>VANTAGENS<\/strong><br \/>\n&#8211; Al\u00e9m de ser uma m\u00e1quina leve, silenciosa, ventilada<br \/>\ne balanceada, proporciona uma melhor mobilidade,<br \/>\nsem as limita\u00e7\u00f5es e o inconveniente dos fios.<\/p>\n<p>&nbsp;<\/p>\n[button size=\"small\" icon=\"\" target=\"_blank\" text_align=\"left\" text=\"Informativo\" link=\"http:\/\/www.sigmatools.com.br\/site\/arquivos\/informativos\/SGT-8115%20-%20POLITRIZ%20ROTO%20ORBITAL%2015mm%20%20\u00c0%20BATERIA%202V-5AH.pdf\" color=\"#ffffff\" hover_color=\"#ffffff\" background_color=\"#353535\" hover_background_color=\"#dd3333\" border_color=\"#353535\" hover_border_color=\"#dd3333\"]\n[button size=\"small\" icon=\"\" target=\"_blank\" text_align=\"left\" text=\"Vista Explodida\" link=\"https:\/\/www.sigmatools.com.br\/site\/arquivos\/vista-explodida\/SGT-8115%20-%20POLITRIZ%20A%20BATERIA%20-%20VE.pdf\" color=\"#ffffff\" hover_color=\"#ffffff\" background_color=\"#353535\" hover_background_color=\"#dd3333\" border_color=\"#353535\" hover_border_color=\"#dd3333\"]","protected":false},"featured_media":2975,"comment_status":"open","ping_status":"closed","template":"","meta":{"_jet_sm_ready_style":"","_jet_sm_style":"","_jet_sm_controls_values":"","_jet_sm_fonts_collection":"","_jet_sm_fonts_links":""},"product_brand":[],"product_cat":[60,15],"product_tag":[],"class_list":{"0":"post-2973","1":"product","2":"type-product","3":"status-publish","4":"has-post-thumbnail","6":"product_cat-catalogo-geral","7":"product_cat-sigma-tools","9":"first","10":"instock","11":"shipping-taxable","12":"product-type-simple"},"yoast_head":"<!-- This site is optimized with the Yoast SEO plugin v27.1.1 - https:\/\/yoast.com\/product\/yoast-seo-wordpress\/ -->\n<title>SGT-8115 - POLITRIZ ROTO ORBITAL 15MM \u00c0 BATERIA - 20V-5AH - Sigma Tools<\/title>\n<meta name=\"robots\" content=\"index, follow, max-snippet:-1, max-image-preview:large, max-video-preview:-1\" \/>\n<link rel=\"canonical\" href=\"https:\/\/www.sigmatools.com.br\/site\/produto\/sgt-8115-politriz-roto-orbital-15mm-a-bateria-20v-5ah\/\" \/>\n<meta property=\"og:locale\" content=\"pt_BR\" \/>\n<meta property=\"og:type\" content=\"article\" \/>\n<meta property=\"og:title\" content=\"SGT-8115 - POLITRIZ ROTO ORBITAL 15MM \u00c0 BATERIA - 20V-5AH - Sigma Tools\" \/>\n<meta property=\"og:description\" content=\"C\u00f3digo do produto: 0703811500  C\u00f3digo de barras: 7908276606076  &nbsp;  \ufeff CARACTER\u00cdSTICAS  - Motor digital brushless de maior durabilidade; - Duas baterias 5Ah Li-Ion com grande autonomia, permitindo o uso sem interrup\u00e7\u00e3o, pois enquanto uma \u00e9 utilizada a segunda \u00e9 carregada; - Leve; - Baixo ru\u00eddo; - Baixa Vibra\u00e7\u00e3o; - Ventilada, com baix\u00edssimo aquecimento.  &nbsp;  APLICA\u00c7\u00d5ES - Recomendada para trabalhos de polimento.  &nbsp;  VANTAGENS - Al\u00e9m de ser uma m\u00e1quina leve, silenciosa, ventilada e balanceada, proporciona uma melhor mobilidade, sem as limita\u00e7\u00f5es e o inconveniente dos fios.  &nbsp;\" \/>\n<meta property=\"og:url\" content=\"https:\/\/www.sigmatools.com.br\/site\/produto\/sgt-8115-politriz-roto-orbital-15mm-a-bateria-20v-5ah\/\" \/>\n<meta property=\"og:site_name\" content=\"Sigma Tools\" \/>\n<meta property=\"article:publisher\" content=\"https:\/\/www.facebook.com\/sigmatools\" \/>\n<meta property=\"article:modified_time\" content=\"2025-10-15T22:27:15+00:00\" \/>\n<meta property=\"og:image\" content=\"https:\/\/www.sigmatools.com.br\/site\/wp-content\/uploads\/2022\/04\/SGT-8115-1.png\" \/>\n\t<meta property=\"og:image:width\" content=\"1000\" \/>\n\t<meta property=\"og:image:height\" content=\"1000\" \/>\n\t<meta property=\"og:image:type\" content=\"image\/png\" \/>\n<meta name=\"twitter:card\" content=\"summary_large_image\" \/>\n<meta name=\"twitter:label1\" content=\"Est. tempo de leitura\" \/>\n\t<meta name=\"twitter:data1\" content=\"1 minuto\" \/>\n<script type=\"application\/ld+json\" class=\"yoast-schema-graph\">{\"@context\":\"https:\/\/schema.org\",\"@graph\":[{\"@type\":\"WebPage\",\"@id\":\"https:\/\/www.sigmatools.com.br\/site\/produto\/sgt-8115-politriz-roto-orbital-15mm-a-bateria-20v-5ah\/\",\"url\":\"https:\/\/www.sigmatools.com.br\/site\/produto\/sgt-8115-politriz-roto-orbital-15mm-a-bateria-20v-5ah\/\",\"name\":\"SGT-8115 - POLITRIZ ROTO ORBITAL 15MM \u00c0 BATERIA - 20V-5AH - Sigma Tools\",\"isPartOf\":{\"@id\":\"https:\/\/www.sigmatools.com.br\/site\/#website\"},\"primaryImageOfPage\":{\"@id\":\"https:\/\/www.sigmatools.com.br\/site\/produto\/sgt-8115-politriz-roto-orbital-15mm-a-bateria-20v-5ah\/#primaryimage\"},\"image\":{\"@id\":\"https:\/\/www.sigmatools.com.br\/site\/produto\/sgt-8115-politriz-roto-orbital-15mm-a-bateria-20v-5ah\/#primaryimage\"},\"thumbnailUrl\":\"https:\/\/www.sigmatools.com.br\/site\/wp-content\/uploads\/2022\/04\/SGT-8115-1.png\",\"datePublished\":\"2022-04-27T19:52:52+00:00\",\"dateModified\":\"2025-10-15T22:27:15+00:00\",\"breadcrumb\":{\"@id\":\"https:\/\/www.sigmatools.com.br\/site\/produto\/sgt-8115-politriz-roto-orbital-15mm-a-bateria-20v-5ah\/#breadcrumb\"},\"inLanguage\":\"pt-BR\",\"potentialAction\":[{\"@type\":\"ReadAction\",\"target\":[\"https:\/\/www.sigmatools.com.br\/site\/produto\/sgt-8115-politriz-roto-orbital-15mm-a-bateria-20v-5ah\/\"]}]},{\"@type\":\"ImageObject\",\"inLanguage\":\"pt-BR\",\"@id\":\"https:\/\/www.sigmatools.com.br\/site\/produto\/sgt-8115-politriz-roto-orbital-15mm-a-bateria-20v-5ah\/#primaryimage\",\"url\":\"https:\/\/www.sigmatools.com.br\/site\/wp-content\/uploads\/2022\/04\/SGT-8115-1.png\",\"contentUrl\":\"https:\/\/www.sigmatools.com.br\/site\/wp-content\/uploads\/2022\/04\/SGT-8115-1.png\",\"width\":1000,\"height\":1000},{\"@type\":\"BreadcrumbList\",\"@id\":\"https:\/\/www.sigmatools.com.br\/site\/produto\/sgt-8115-politriz-roto-orbital-15mm-a-bateria-20v-5ah\/#breadcrumb\",\"itemListElement\":[{\"@type\":\"ListItem\",\"position\":1,\"name\":\"In\u00edcio\",\"item\":\"https:\/\/www.sigmatools.com.br\/site\/\"},{\"@type\":\"ListItem\",\"position\":2,\"name\":\"SGT-8115 &#8211; POLITRIZ ROTO ORBITAL 15MM \u00c0 BATERIA &#8211; 20V-5AH\"}]},{\"@type\":\"WebSite\",\"@id\":\"https:\/\/www.sigmatools.com.br\/site\/#website\",\"url\":\"https:\/\/www.sigmatools.com.br\/site\/\",\"name\":\"Sigma Tools\",\"description\":\"Equipamentos para Est\u00e9tica Automotiva e Oficina Mec\u00e2nica - Sigma Tools\",\"publisher\":{\"@id\":\"https:\/\/www.sigmatools.com.br\/site\/#organization\"},\"potentialAction\":[{\"@type\":\"SearchAction\",\"target\":{\"@type\":\"EntryPoint\",\"urlTemplate\":\"https:\/\/www.sigmatools.com.br\/site\/?s={search_term_string}\"},\"query-input\":{\"@type\":\"PropertyValueSpecification\",\"valueRequired\":true,\"valueName\":\"search_term_string\"}}],\"inLanguage\":\"pt-BR\"},{\"@type\":\"Organization\",\"@id\":\"https:\/\/www.sigmatools.com.br\/site\/#organization\",\"name\":\"SIGMA TOOLS\",\"url\":\"https:\/\/www.sigmatools.com.br\/site\/\",\"logo\":{\"@type\":\"ImageObject\",\"inLanguage\":\"pt-BR\",\"@id\":\"https:\/\/www.sigmatools.com.br\/site\/#\/schema\/logo\/image\/\",\"url\":\"https:\/\/www.sigmatools.com.br\/site\/wp-content\/uploads\/2020\/01\/logo-sigma.png\",\"contentUrl\":\"https:\/\/www.sigmatools.com.br\/site\/wp-content\/uploads\/2020\/01\/logo-sigma.png\",\"width\":152,\"height\":150,\"caption\":\"SIGMA TOOLS\"},\"image\":{\"@id\":\"https:\/\/www.sigmatools.com.br\/site\/#\/schema\/logo\/image\/\"},\"sameAs\":[\"https:\/\/www.facebook.com\/sigmatools\"]}]}<\/script>\n<!-- \/ Yoast SEO plugin. -->","yoast_head_json":{"title":"SGT-8115 - POLITRIZ ROTO ORBITAL 15MM \u00c0 BATERIA - 20V-5AH - Sigma Tools","robots":{"index":"index","follow":"follow","max-snippet":"max-snippet:-1","max-image-preview":"max-image-preview:large","max-video-preview":"max-video-preview:-1"},"canonical":"https:\/\/www.sigmatools.com.br\/site\/produto\/sgt-8115-politriz-roto-orbital-15mm-a-bateria-20v-5ah\/","og_locale":"pt_BR","og_type":"article","og_title":"SGT-8115 - POLITRIZ ROTO ORBITAL 15MM \u00c0 BATERIA - 20V-5AH - Sigma Tools","og_description":"C\u00f3digo do produto: 0703811500  C\u00f3digo de barras: 7908276606076  &nbsp;  \ufeff CARACTER\u00cdSTICAS  - Motor digital brushless de maior durabilidade; - Duas baterias 5Ah Li-Ion com grande autonomia, permitindo o uso sem interrup\u00e7\u00e3o, pois enquanto uma \u00e9 utilizada a segunda \u00e9 carregada; - Leve; - Baixo ru\u00eddo; - Baixa Vibra\u00e7\u00e3o; - Ventilada, com baix\u00edssimo aquecimento.  &nbsp;  APLICA\u00c7\u00d5ES - Recomendada para trabalhos de polimento.  &nbsp;  VANTAGENS - Al\u00e9m de ser uma m\u00e1quina leve, silenciosa, ventilada e balanceada, proporciona uma melhor mobilidade, sem as limita\u00e7\u00f5es e o inconveniente dos fios.  &nbsp;","og_url":"https:\/\/www.sigmatools.com.br\/site\/produto\/sgt-8115-politriz-roto-orbital-15mm-a-bateria-20v-5ah\/","og_site_name":"Sigma Tools","article_publisher":"https:\/\/www.facebook.com\/sigmatools","article_modified_time":"2025-10-15T22:27:15+00:00","og_image":[{"width":1000,"height":1000,"url":"https:\/\/www.sigmatools.com.br\/site\/wp-content\/uploads\/2022\/04\/SGT-8115-1.png","type":"image\/png"}],"twitter_card":"summary_large_image","twitter_misc":{"Est. tempo de leitura":"1 minuto"},"schema":{"@context":"https:\/\/schema.org","@graph":[{"@type":"WebPage","@id":"https:\/\/www.sigmatools.com.br\/site\/produto\/sgt-8115-politriz-roto-orbital-15mm-a-bateria-20v-5ah\/","url":"https:\/\/www.sigmatools.com.br\/site\/produto\/sgt-8115-politriz-roto-orbital-15mm-a-bateria-20v-5ah\/","name":"SGT-8115 - POLITRIZ ROTO ORBITAL 15MM \u00c0 BATERIA - 20V-5AH - Sigma Tools","isPartOf":{"@id":"https:\/\/www.sigmatools.com.br\/site\/#website"},"primaryImageOfPage":{"@id":"https:\/\/www.sigmatools.com.br\/site\/produto\/sgt-8115-politriz-roto-orbital-15mm-a-bateria-20v-5ah\/#primaryimage"},"image":{"@id":"https:\/\/www.sigmatools.com.br\/site\/produto\/sgt-8115-politriz-roto-orbital-15mm-a-bateria-20v-5ah\/#primaryimage"},"thumbnailUrl":"https:\/\/www.sigmatools.com.br\/site\/wp-content\/uploads\/2022\/04\/SGT-8115-1.png","datePublished":"2022-04-27T19:52:52+00:00","dateModified":"2025-10-15T22:27:15+00:00","breadcrumb":{"@id":"https:\/\/www.sigmatools.com.br\/site\/produto\/sgt-8115-politriz-roto-orbital-15mm-a-bateria-20v-5ah\/#breadcrumb"},"inLanguage":"pt-BR","potentialAction":[{"@type":"ReadAction","target":["https:\/\/www.sigmatools.com.br\/site\/produto\/sgt-8115-politriz-roto-orbital-15mm-a-bateria-20v-5ah\/"]}]},{"@type":"ImageObject","inLanguage":"pt-BR","@id":"https:\/\/www.sigmatools.com.br\/site\/produto\/sgt-8115-politriz-roto-orbital-15mm-a-bateria-20v-5ah\/#primaryimage","url":"https:\/\/www.sigmatools.com.br\/site\/wp-content\/uploads\/2022\/04\/SGT-8115-1.png","contentUrl":"https:\/\/www.sigmatools.com.br\/site\/wp-content\/uploads\/2022\/04\/SGT-8115-1.png","width":1000,"height":1000},{"@type":"BreadcrumbList","@id":"https:\/\/www.sigmatools.com.br\/site\/produto\/sgt-8115-politriz-roto-orbital-15mm-a-bateria-20v-5ah\/#breadcrumb","itemListElement":[{"@type":"ListItem","position":1,"name":"In\u00edcio","item":"https:\/\/www.sigmatools.com.br\/site\/"},{"@type":"ListItem","position":2,"name":"SGT-8115 &#8211; POLITRIZ ROTO ORBITAL 15MM \u00c0 BATERIA &#8211; 20V-5AH"}]},{"@type":"WebSite","@id":"https:\/\/www.sigmatools.com.br\/site\/#website","url":"https:\/\/www.sigmatools.com.br\/site\/","name":"Sigma Tools","description":"Equipamentos para Est\u00e9tica Automotiva e Oficina Mec\u00e2nica - Sigma Tools","publisher":{"@id":"https:\/\/www.sigmatools.com.br\/site\/#organization"},"potentialAction":[{"@type":"SearchAction","target":{"@type":"EntryPoint","urlTemplate":"https:\/\/www.sigmatools.com.br\/site\/?s={search_term_string}"},"query-input":{"@type":"PropertyValueSpecification","valueRequired":true,"valueName":"search_term_string"}}],"inLanguage":"pt-BR"},{"@type":"Organization","@id":"https:\/\/www.sigmatools.com.br\/site\/#organization","name":"SIGMA TOOLS","url":"https:\/\/www.sigmatools.com.br\/site\/","logo":{"@type":"ImageObject","inLanguage":"pt-BR","@id":"https:\/\/www.sigmatools.com.br\/site\/#\/schema\/logo\/image\/","url":"https:\/\/www.sigmatools.com.br\/site\/wp-content\/uploads\/2020\/01\/logo-sigma.png","contentUrl":"https:\/\/www.sigmatools.com.br\/site\/wp-content\/uploads\/2020\/01\/logo-sigma.png","width":152,"height":150,"caption":"SIGMA TOOLS"},"image":{"@id":"https:\/\/www.sigmatools.com.br\/site\/#\/schema\/logo\/image\/"},"sameAs":["https:\/\/www.facebook.com\/sigmatools"]}]}},"_links":{"self":[{"href":"https:\/\/www.sigmatools.com.br\/site\/wp-json\/wp\/v2\/product\/2973","targetHints":{"allow":["GET"]}}],"collection":[{"href":"https:\/\/www.sigmatools.com.br\/site\/wp-json\/wp\/v2\/product"}],"about":[{"href":"https:\/\/www.sigmatools.com.br\/site\/wp-json\/wp\/v2\/types\/product"}],"replies":[{"embeddable":true,"href":"https:\/\/www.sigmatools.com.br\/site\/wp-json\/wp\/v2\/comments?post=2973"}],"wp:featuredmedia":[{"embeddable":true,"href":"https:\/\/www.sigmatools.com.br\/site\/wp-json\/wp\/v2\/media\/2975"}],"wp:attachment":[{"href":"https:\/\/www.sigmatools.com.br\/site\/wp-json\/wp\/v2\/media?parent=2973"}],"wp:term":[{"taxonomy":"product_brand","embeddable":true,"href":"https:\/\/www.sigmatools.com.br\/site\/wp-json\/wp\/v2\/product_brand?post=2973"},{"taxonomy":"product_cat","embeddable":true,"href":"https:\/\/www.sigmatools.com.br\/site\/wp-json\/wp\/v2\/product_cat?post=2973"},{"taxonomy":"product_tag","embeddable":true,"href":"https:\/\/www.sigmatools.com.br\/site\/wp-json\/wp\/v2\/product_tag?post=2973"}],"curies":[{"name":"wp","href":"https:\/\/api.w.org\/{rel}","templated":true}]}}