{"id":4251,"date":"2022-10-27T14:22:01","date_gmt":"2022-10-27T17:22:01","guid":{"rendered":"https:\/\/www.sigmatools.com.br\/site\/?post_type=product&#038;p=4251"},"modified":"2024-05-03T08:25:49","modified_gmt":"2024-05-03T11:25:49","slug":"mxt-7501-chave-de-impacto-1-2-brushless-a-bateria-350nm-21v-3ah-2-baterias","status":"publish","type":"product","link":"https:\/\/www.sigmatools.com.br\/site\/produto\/mxt-7501-chave-de-impacto-1-2-brushless-a-bateria-350nm-21v-3ah-2-baterias\/","title":{"rendered":"MXT-7501 CHAVE DE IMPACTO 1\/2\u201d BRUSHLESS \u00c0 BATERIA 350NM &#8211; 21V\/3AH &#8211; 2 BATERIAS"},"content":{"rendered":"","protected":false},"excerpt":{"rendered":"<p><strong>C\u00f3digo do produto:<\/strong> 0703750100<\/p>\n<p><strong>C\u00f3digo de barras:<\/strong> 7908276606557<\/p>\n<p>&nbsp;<\/p>\n<p><strong>Aplica\u00e7\u00f5es<\/strong><br \/>\n&#8211; Indicado para opera\u00e7\u00f5es de aperto e desaperto<br \/>\nde parafusos e porcas em geral, onde h\u00e1<br \/>\nexig\u00eancia de m\u00e9dio torque;<br \/>\n&#8211; Aplica\u00e7\u00f5es de uso em montagens e<br \/>\ndesmontagens;<br \/>\n&#8211; N\u00e3o indicada para retirada de parafusos de rodas<br \/>\nde ve\u00edculos, pois alguns parafusos podem estar<br \/>\napertados com torque superior a capacidade de<br \/>\ntorque da m\u00e1quina.<\/p>\n<p>&nbsp;<\/p>\n<p><strong>Acess\u00f3rios Inclusos<\/strong><br \/>\n&#8211; Maleta;<br \/>\n&#8211; 2 baterias (1 na ferramenta e 1 avulsa);<br \/>\n&#8211; 1 carregador r\u00e1pido (carga em at\u00e9 2 horas);<br \/>\n&#8211; 1 soquete 22mm.<\/p>\n<p>&nbsp;<\/p>\n[button size=\"small\" icon=\"\" target=\"_blank\" text_align=\"left\" text=\"Informativo\" link=\"http:\/\/www.sigmatools.com.br\/site\/arquivos\/informativos\/MXT-7501%20-%20CHAVE%20DE%20IMPACTO%201-2POL%20BRUSHLESS%20\u00c0%20BATERIA%20350NM%20-%2021V%20-%203AH%20-%20INFO.pdf\" color=\"#ffffff\" hover_color=\"#ffffff\" background_color=\"#353535\" hover_background_color=\"#dd3333\" border_color=\"#353535\" hover_border_color=\"#dd3333\"]\n[button size=\"small\" icon=\"\" target=\"_blank\" text_align=\"left\" text=\"Vista Explodida\" link=\"https:\/\/www.sigmatools.com.br\/site\/arquivos\/vista-explodida\/MXT-7501%20-%20CHAVE%20DE%20IMPACTO%201-2POL%20BRUSHLESS%20\u00c0%20BATERIA%20-%20350NM%20-%20VE.pdf\" color=\"#ffffff\" hover_color=\"#ffffff\" background_color=\"#353535\" hover_background_color=\"#dd3333\" border_color=\"#353535\" hover_border_color=\"#dd3333\"]","protected":false},"featured_media":4253,"comment_status":"open","ping_status":"closed","template":"","meta":{"_jet_sm_ready_style":"","_jet_sm_style":"","_jet_sm_controls_values":"","_jet_sm_fonts_collection":"","_jet_sm_fonts_links":""},"product_brand":[],"product_cat":[114,110,60,82,14],"product_tag":[],"class_list":{"0":"post-4251","1":"product","2":"type-product","3":"status-publish","4":"has-post-thumbnail","6":"product_cat-chaves-de-impacto-a-bateria","7":"product_cat-ferramentas","8":"product_cat-catalogo-geral","9":"product_cat-aperto-e-desaperto","10":"product_cat-maxx-tools","12":"first","13":"instock","14":"shipping-taxable","15":"product-type-simple"},"yoast_head":"<!-- This site is optimized with the Yoast SEO plugin v27.1.1 - https:\/\/yoast.com\/product\/yoast-seo-wordpress\/ -->\n<title>MXT-7501 CHAVE DE IMPACTO 1\/2\u201d BRUSHLESS \u00c0 BATERIA 350NM - 21V\/3AH - 2 BATERIAS - Sigma Tools<\/title>\n<meta name=\"robots\" content=\"index, follow, max-snippet:-1, max-image-preview:large, max-video-preview:-1\" \/>\n<link rel=\"canonical\" href=\"https:\/\/www.sigmatools.com.br\/site\/produto\/mxt-7501-chave-de-impacto-1-2-brushless-a-bateria-350nm-21v-3ah-2-baterias\/\" \/>\n<meta property=\"og:locale\" content=\"pt_BR\" \/>\n<meta property=\"og:type\" content=\"article\" \/>\n<meta property=\"og:title\" content=\"MXT-7501 CHAVE DE IMPACTO 1\/2\u201d BRUSHLESS \u00c0 BATERIA 350NM - 21V\/3AH - 2 BATERIAS - Sigma Tools\" \/>\n<meta property=\"og:description\" content=\"C\u00f3digo do produto: 0703750100  C\u00f3digo de barras: 7908276606557  &nbsp;  Aplica\u00e7\u00f5es - Indicado para opera\u00e7\u00f5es de aperto e desaperto de parafusos e porcas em geral, onde h\u00e1 exig\u00eancia de m\u00e9dio torque; - Aplica\u00e7\u00f5es de uso em montagens e desmontagens; - N\u00e3o indicada para retirada de parafusos de rodas de ve\u00edculos, pois alguns parafusos podem estar apertados com torque superior a capacidade de torque da m\u00e1quina.  &nbsp;  Acess\u00f3rios Inclusos - Maleta; - 2 baterias (1 na ferramenta e 1 avulsa); - 1 carregador r\u00e1pido (carga em at\u00e9 2 horas); - 1 soquete 22mm.  &nbsp;\" \/>\n<meta property=\"og:url\" content=\"https:\/\/www.sigmatools.com.br\/site\/produto\/mxt-7501-chave-de-impacto-1-2-brushless-a-bateria-350nm-21v-3ah-2-baterias\/\" \/>\n<meta property=\"og:site_name\" content=\"Sigma Tools\" \/>\n<meta property=\"article:publisher\" content=\"https:\/\/www.facebook.com\/sigmatools\" \/>\n<meta property=\"article:modified_time\" content=\"2024-05-03T11:25:49+00:00\" \/>\n<meta property=\"og:image\" content=\"https:\/\/www.sigmatools.com.br\/site\/wp-content\/uploads\/2022\/10\/DSC_0629-2.png\" \/>\n\t<meta property=\"og:image:width\" content=\"1000\" \/>\n\t<meta property=\"og:image:height\" content=\"1000\" \/>\n\t<meta property=\"og:image:type\" content=\"image\/png\" \/>\n<meta name=\"twitter:card\" content=\"summary_large_image\" \/>\n<script type=\"application\/ld+json\" class=\"yoast-schema-graph\">{\"@context\":\"https:\/\/schema.org\",\"@graph\":[{\"@type\":\"WebPage\",\"@id\":\"https:\/\/www.sigmatools.com.br\/site\/produto\/mxt-7501-chave-de-impacto-1-2-brushless-a-bateria-350nm-21v-3ah-2-baterias\/\",\"url\":\"https:\/\/www.sigmatools.com.br\/site\/produto\/mxt-7501-chave-de-impacto-1-2-brushless-a-bateria-350nm-21v-3ah-2-baterias\/\",\"name\":\"MXT-7501 CHAVE DE IMPACTO 1\/2\u201d BRUSHLESS \u00c0 BATERIA 350NM - 21V\/3AH - 2 BATERIAS - Sigma Tools\",\"isPartOf\":{\"@id\":\"https:\/\/www.sigmatools.com.br\/site\/#website\"},\"primaryImageOfPage\":{\"@id\":\"https:\/\/www.sigmatools.com.br\/site\/produto\/mxt-7501-chave-de-impacto-1-2-brushless-a-bateria-350nm-21v-3ah-2-baterias\/#primaryimage\"},\"image\":{\"@id\":\"https:\/\/www.sigmatools.com.br\/site\/produto\/mxt-7501-chave-de-impacto-1-2-brushless-a-bateria-350nm-21v-3ah-2-baterias\/#primaryimage\"},\"thumbnailUrl\":\"https:\/\/www.sigmatools.com.br\/site\/wp-content\/uploads\/2022\/10\/DSC_0629-2.png\",\"datePublished\":\"2022-10-27T17:22:01+00:00\",\"dateModified\":\"2024-05-03T11:25:49+00:00\",\"breadcrumb\":{\"@id\":\"https:\/\/www.sigmatools.com.br\/site\/produto\/mxt-7501-chave-de-impacto-1-2-brushless-a-bateria-350nm-21v-3ah-2-baterias\/#breadcrumb\"},\"inLanguage\":\"pt-BR\",\"potentialAction\":[{\"@type\":\"ReadAction\",\"target\":[\"https:\/\/www.sigmatools.com.br\/site\/produto\/mxt-7501-chave-de-impacto-1-2-brushless-a-bateria-350nm-21v-3ah-2-baterias\/\"]}]},{\"@type\":\"ImageObject\",\"inLanguage\":\"pt-BR\",\"@id\":\"https:\/\/www.sigmatools.com.br\/site\/produto\/mxt-7501-chave-de-impacto-1-2-brushless-a-bateria-350nm-21v-3ah-2-baterias\/#primaryimage\",\"url\":\"https:\/\/www.sigmatools.com.br\/site\/wp-content\/uploads\/2022\/10\/DSC_0629-2.png\",\"contentUrl\":\"https:\/\/www.sigmatools.com.br\/site\/wp-content\/uploads\/2022\/10\/DSC_0629-2.png\",\"width\":1000,\"height\":1000},{\"@type\":\"BreadcrumbList\",\"@id\":\"https:\/\/www.sigmatools.com.br\/site\/produto\/mxt-7501-chave-de-impacto-1-2-brushless-a-bateria-350nm-21v-3ah-2-baterias\/#breadcrumb\",\"itemListElement\":[{\"@type\":\"ListItem\",\"position\":1,\"name\":\"In\u00edcio\",\"item\":\"https:\/\/www.sigmatools.com.br\/site\/\"},{\"@type\":\"ListItem\",\"position\":2,\"name\":\"MXT-7501 CHAVE DE IMPACTO 1\/2\u201d BRUSHLESS \u00c0 BATERIA 350NM &#8211; 21V\/3AH &#8211; 2 BATERIAS\"}]},{\"@type\":\"WebSite\",\"@id\":\"https:\/\/www.sigmatools.com.br\/site\/#website\",\"url\":\"https:\/\/www.sigmatools.com.br\/site\/\",\"name\":\"Sigma Tools\",\"description\":\"Equipamentos para Est\u00e9tica Automotiva e Oficina Mec\u00e2nica - Sigma Tools\",\"publisher\":{\"@id\":\"https:\/\/www.sigmatools.com.br\/site\/#organization\"},\"potentialAction\":[{\"@type\":\"SearchAction\",\"target\":{\"@type\":\"EntryPoint\",\"urlTemplate\":\"https:\/\/www.sigmatools.com.br\/site\/?s={search_term_string}\"},\"query-input\":{\"@type\":\"PropertyValueSpecification\",\"valueRequired\":true,\"valueName\":\"search_term_string\"}}],\"inLanguage\":\"pt-BR\"},{\"@type\":\"Organization\",\"@id\":\"https:\/\/www.sigmatools.com.br\/site\/#organization\",\"name\":\"SIGMA TOOLS\",\"url\":\"https:\/\/www.sigmatools.com.br\/site\/\",\"logo\":{\"@type\":\"ImageObject\",\"inLanguage\":\"pt-BR\",\"@id\":\"https:\/\/www.sigmatools.com.br\/site\/#\/schema\/logo\/image\/\",\"url\":\"https:\/\/www.sigmatools.com.br\/site\/wp-content\/uploads\/2020\/01\/logo-sigma.png\",\"contentUrl\":\"https:\/\/www.sigmatools.com.br\/site\/wp-content\/uploads\/2020\/01\/logo-sigma.png\",\"width\":152,\"height\":150,\"caption\":\"SIGMA TOOLS\"},\"image\":{\"@id\":\"https:\/\/www.sigmatools.com.br\/site\/#\/schema\/logo\/image\/\"},\"sameAs\":[\"https:\/\/www.facebook.com\/sigmatools\"]}]}<\/script>\n<!-- \/ Yoast SEO plugin. -->","yoast_head_json":{"title":"MXT-7501 CHAVE DE IMPACTO 1\/2\u201d BRUSHLESS \u00c0 BATERIA 350NM - 21V\/3AH - 2 BATERIAS - Sigma Tools","robots":{"index":"index","follow":"follow","max-snippet":"max-snippet:-1","max-image-preview":"max-image-preview:large","max-video-preview":"max-video-preview:-1"},"canonical":"https:\/\/www.sigmatools.com.br\/site\/produto\/mxt-7501-chave-de-impacto-1-2-brushless-a-bateria-350nm-21v-3ah-2-baterias\/","og_locale":"pt_BR","og_type":"article","og_title":"MXT-7501 CHAVE DE IMPACTO 1\/2\u201d BRUSHLESS \u00c0 BATERIA 350NM - 21V\/3AH - 2 BATERIAS - Sigma Tools","og_description":"C\u00f3digo do produto: 0703750100  C\u00f3digo de barras: 7908276606557  &nbsp;  Aplica\u00e7\u00f5es - Indicado para opera\u00e7\u00f5es de aperto e desaperto de parafusos e porcas em geral, onde h\u00e1 exig\u00eancia de m\u00e9dio torque; - Aplica\u00e7\u00f5es de uso em montagens e desmontagens; - N\u00e3o indicada para retirada de parafusos de rodas de ve\u00edculos, pois alguns parafusos podem estar apertados com torque superior a capacidade de torque da m\u00e1quina.  &nbsp;  Acess\u00f3rios Inclusos - Maleta; - 2 baterias (1 na ferramenta e 1 avulsa); - 1 carregador r\u00e1pido (carga em at\u00e9 2 horas); - 1 soquete 22mm.  &nbsp;","og_url":"https:\/\/www.sigmatools.com.br\/site\/produto\/mxt-7501-chave-de-impacto-1-2-brushless-a-bateria-350nm-21v-3ah-2-baterias\/","og_site_name":"Sigma Tools","article_publisher":"https:\/\/www.facebook.com\/sigmatools","article_modified_time":"2024-05-03T11:25:49+00:00","og_image":[{"width":1000,"height":1000,"url":"https:\/\/www.sigmatools.com.br\/site\/wp-content\/uploads\/2022\/10\/DSC_0629-2.png","type":"image\/png"}],"twitter_card":"summary_large_image","schema":{"@context":"https:\/\/schema.org","@graph":[{"@type":"WebPage","@id":"https:\/\/www.sigmatools.com.br\/site\/produto\/mxt-7501-chave-de-impacto-1-2-brushless-a-bateria-350nm-21v-3ah-2-baterias\/","url":"https:\/\/www.sigmatools.com.br\/site\/produto\/mxt-7501-chave-de-impacto-1-2-brushless-a-bateria-350nm-21v-3ah-2-baterias\/","name":"MXT-7501 CHAVE DE IMPACTO 1\/2\u201d BRUSHLESS \u00c0 BATERIA 350NM - 21V\/3AH - 2 BATERIAS - Sigma Tools","isPartOf":{"@id":"https:\/\/www.sigmatools.com.br\/site\/#website"},"primaryImageOfPage":{"@id":"https:\/\/www.sigmatools.com.br\/site\/produto\/mxt-7501-chave-de-impacto-1-2-brushless-a-bateria-350nm-21v-3ah-2-baterias\/#primaryimage"},"image":{"@id":"https:\/\/www.sigmatools.com.br\/site\/produto\/mxt-7501-chave-de-impacto-1-2-brushless-a-bateria-350nm-21v-3ah-2-baterias\/#primaryimage"},"thumbnailUrl":"https:\/\/www.sigmatools.com.br\/site\/wp-content\/uploads\/2022\/10\/DSC_0629-2.png","datePublished":"2022-10-27T17:22:01+00:00","dateModified":"2024-05-03T11:25:49+00:00","breadcrumb":{"@id":"https:\/\/www.sigmatools.com.br\/site\/produto\/mxt-7501-chave-de-impacto-1-2-brushless-a-bateria-350nm-21v-3ah-2-baterias\/#breadcrumb"},"inLanguage":"pt-BR","potentialAction":[{"@type":"ReadAction","target":["https:\/\/www.sigmatools.com.br\/site\/produto\/mxt-7501-chave-de-impacto-1-2-brushless-a-bateria-350nm-21v-3ah-2-baterias\/"]}]},{"@type":"ImageObject","inLanguage":"pt-BR","@id":"https:\/\/www.sigmatools.com.br\/site\/produto\/mxt-7501-chave-de-impacto-1-2-brushless-a-bateria-350nm-21v-3ah-2-baterias\/#primaryimage","url":"https:\/\/www.sigmatools.com.br\/site\/wp-content\/uploads\/2022\/10\/DSC_0629-2.png","contentUrl":"https:\/\/www.sigmatools.com.br\/site\/wp-content\/uploads\/2022\/10\/DSC_0629-2.png","width":1000,"height":1000},{"@type":"BreadcrumbList","@id":"https:\/\/www.sigmatools.com.br\/site\/produto\/mxt-7501-chave-de-impacto-1-2-brushless-a-bateria-350nm-21v-3ah-2-baterias\/#breadcrumb","itemListElement":[{"@type":"ListItem","position":1,"name":"In\u00edcio","item":"https:\/\/www.sigmatools.com.br\/site\/"},{"@type":"ListItem","position":2,"name":"MXT-7501 CHAVE DE IMPACTO 1\/2\u201d BRUSHLESS \u00c0 BATERIA 350NM &#8211; 21V\/3AH &#8211; 2 BATERIAS"}]},{"@type":"WebSite","@id":"https:\/\/www.sigmatools.com.br\/site\/#website","url":"https:\/\/www.sigmatools.com.br\/site\/","name":"Sigma Tools","description":"Equipamentos para Est\u00e9tica Automotiva e Oficina Mec\u00e2nica - Sigma Tools","publisher":{"@id":"https:\/\/www.sigmatools.com.br\/site\/#organization"},"potentialAction":[{"@type":"SearchAction","target":{"@type":"EntryPoint","urlTemplate":"https:\/\/www.sigmatools.com.br\/site\/?s={search_term_string}"},"query-input":{"@type":"PropertyValueSpecification","valueRequired":true,"valueName":"search_term_string"}}],"inLanguage":"pt-BR"},{"@type":"Organization","@id":"https:\/\/www.sigmatools.com.br\/site\/#organization","name":"SIGMA TOOLS","url":"https:\/\/www.sigmatools.com.br\/site\/","logo":{"@type":"ImageObject","inLanguage":"pt-BR","@id":"https:\/\/www.sigmatools.com.br\/site\/#\/schema\/logo\/image\/","url":"https:\/\/www.sigmatools.com.br\/site\/wp-content\/uploads\/2020\/01\/logo-sigma.png","contentUrl":"https:\/\/www.sigmatools.com.br\/site\/wp-content\/uploads\/2020\/01\/logo-sigma.png","width":152,"height":150,"caption":"SIGMA TOOLS"},"image":{"@id":"https:\/\/www.sigmatools.com.br\/site\/#\/schema\/logo\/image\/"},"sameAs":["https:\/\/www.facebook.com\/sigmatools"]}]}},"_links":{"self":[{"href":"https:\/\/www.sigmatools.com.br\/site\/wp-json\/wp\/v2\/product\/4251","targetHints":{"allow":["GET"]}}],"collection":[{"href":"https:\/\/www.sigmatools.com.br\/site\/wp-json\/wp\/v2\/product"}],"about":[{"href":"https:\/\/www.sigmatools.com.br\/site\/wp-json\/wp\/v2\/types\/product"}],"replies":[{"embeddable":true,"href":"https:\/\/www.sigmatools.com.br\/site\/wp-json\/wp\/v2\/comments?post=4251"}],"wp:featuredmedia":[{"embeddable":true,"href":"https:\/\/www.sigmatools.com.br\/site\/wp-json\/wp\/v2\/media\/4253"}],"wp:attachment":[{"href":"https:\/\/www.sigmatools.com.br\/site\/wp-json\/wp\/v2\/media?parent=4251"}],"wp:term":[{"taxonomy":"product_brand","embeddable":true,"href":"https:\/\/www.sigmatools.com.br\/site\/wp-json\/wp\/v2\/product_brand?post=4251"},{"taxonomy":"product_cat","embeddable":true,"href":"https:\/\/www.sigmatools.com.br\/site\/wp-json\/wp\/v2\/product_cat?post=4251"},{"taxonomy":"product_tag","embeddable":true,"href":"https:\/\/www.sigmatools.com.br\/site\/wp-json\/wp\/v2\/product_tag?post=4251"}],"curies":[{"name":"wp","href":"https:\/\/api.w.org\/{rel}","templated":true}]}}