{"id":4255,"date":"2022-10-27T16:32:30","date_gmt":"2022-10-27T19:32:30","guid":{"rendered":"https:\/\/www.sigmatools.com.br\/site\/?post_type=product&#038;p=4255"},"modified":"2025-08-08T09:54:19","modified_gmt":"2025-08-08T12:54:19","slug":"sgt-9927-sprayer-multiuso-800ml","status":"publish","type":"product","link":"https:\/\/www.sigmatools.com.br\/site\/produto\/sgt-9927-sprayer-multiuso-800ml\/","title":{"rendered":"SGT-9927 SPRAYER MULTIUSO 800ML"},"content":{"rendered":"","protected":false},"excerpt":{"rendered":"<p><strong>C\u00d3DIGO: 07 01 99 27 00<\/strong><\/p>\n<p>&nbsp;<\/p>\n<iframe title=\"YouTube video player\" src=\"https:\/\/www.youtube.com\/embed\/Uhr30uzXcPY?si=YEaPCbzHGW3HcQqd\" width=\"315\" height=\"560\" frameborder=\"0\" allowfullscreen=\"allowfullscreen\"><\/iframe>\n<p>CARACTER\u00cdSTICAS<br \/>\n&#8211; Pulverizador indicado para uso em geral;<br \/>\n&#8211; Capacidade de 800ml;<br \/>\n&#8211; Reservat\u00f3rio em polietileno de alta<br \/>\ndensidade (HDPE);<br \/>\n&#8211; Bico regul\u00e1vel para aplica\u00e7\u00f5es em jato cont\u00ednuo<br \/>\nou leque;<br \/>\n&#8211; A extremidade da mangueira do bico aplicador,<br \/>\ncont\u00e9m um acess\u00f3rio (mini filtro), que impede a<br \/>\npassagem de pequenas part\u00edculas.<\/p>\n[button size=\"small\" icon=\"\" target=\"_blank\" text_align=\"left\" text=\"Informativo\" link=\"http:\/\/www.sigmatools.com.br\/site\/arquivos\/informativos\/SGT-9927%20-%20SPRAYER%20MULTIUSO%20800ML%20-%20INFO.pdf\" color=\"#ffffff\" hover_color=\"#ffffff\" background_color=\"#353535\" hover_background_color=\"#dd3333\" border_color=\"#353535\" hover_border_color=\"#dd3333\"]","protected":false},"featured_media":4258,"comment_status":"open","ping_status":"closed","template":"","meta":{"_jet_sm_ready_style":"","_jet_sm_style":"","_jet_sm_controls_values":"","_jet_sm_fonts_collection":"","_jet_sm_fonts_links":""},"product_brand":[],"product_cat":[15],"product_tag":[],"class_list":{"0":"post-4255","1":"product","2":"type-product","3":"status-publish","4":"has-post-thumbnail","6":"product_cat-sigma-tools","8":"first","9":"instock","10":"shipping-taxable","11":"product-type-simple"},"yoast_head":"<!-- This site is optimized with the Yoast SEO plugin v27.1.1 - https:\/\/yoast.com\/product\/yoast-seo-wordpress\/ -->\n<title>SGT-9927 SPRAYER MULTIUSO 800ML - Sigma Tools<\/title>\n<meta name=\"robots\" content=\"index, follow, max-snippet:-1, max-image-preview:large, max-video-preview:-1\" \/>\n<link rel=\"canonical\" href=\"https:\/\/www.sigmatools.com.br\/site\/produto\/sgt-9927-sprayer-multiuso-800ml\/\" \/>\n<meta property=\"og:locale\" content=\"pt_BR\" \/>\n<meta property=\"og:type\" content=\"article\" \/>\n<meta property=\"og:title\" content=\"SGT-9927 SPRAYER MULTIUSO 800ML - Sigma Tools\" \/>\n<meta property=\"og:description\" content=\"C\u00d3DIGO: 07 01 99 27 00  &nbsp;    CARACTER\u00cdSTICAS - Pulverizador indicado para uso em geral; - Capacidade de 800ml; - Reservat\u00f3rio em polietileno de alta densidade (HDPE); - Bico regul\u00e1vel para aplica\u00e7\u00f5es em jato cont\u00ednuo ou leque; - A extremidade da mangueira do bico aplicador, cont\u00e9m um acess\u00f3rio (mini filtro), que impede a passagem de pequenas part\u00edculas.\" \/>\n<meta property=\"og:url\" content=\"https:\/\/www.sigmatools.com.br\/site\/produto\/sgt-9927-sprayer-multiuso-800ml\/\" \/>\n<meta property=\"og:site_name\" content=\"Sigma Tools\" \/>\n<meta property=\"article:publisher\" content=\"https:\/\/www.facebook.com\/sigmatools\" \/>\n<meta property=\"article:modified_time\" content=\"2025-08-08T12:54:19+00:00\" \/>\n<meta property=\"og:image\" content=\"https:\/\/www.sigmatools.com.br\/site\/wp-content\/uploads\/2022\/10\/9927-branco1000x10000.png\" \/>\n\t<meta property=\"og:image:width\" content=\"1000\" \/>\n\t<meta property=\"og:image:height\" content=\"1000\" \/>\n\t<meta property=\"og:image:type\" content=\"image\/png\" \/>\n<meta name=\"twitter:card\" content=\"summary_large_image\" \/>\n<meta name=\"twitter:label1\" content=\"Est. tempo de leitura\" \/>\n\t<meta name=\"twitter:data1\" content=\"1 minuto\" \/>\n<script type=\"application\/ld+json\" class=\"yoast-schema-graph\">{\"@context\":\"https:\/\/schema.org\",\"@graph\":[{\"@type\":\"WebPage\",\"@id\":\"https:\/\/www.sigmatools.com.br\/site\/produto\/sgt-9927-sprayer-multiuso-800ml\/\",\"url\":\"https:\/\/www.sigmatools.com.br\/site\/produto\/sgt-9927-sprayer-multiuso-800ml\/\",\"name\":\"SGT-9927 SPRAYER MULTIUSO 800ML - Sigma Tools\",\"isPartOf\":{\"@id\":\"https:\/\/www.sigmatools.com.br\/site\/#website\"},\"primaryImageOfPage\":{\"@id\":\"https:\/\/www.sigmatools.com.br\/site\/produto\/sgt-9927-sprayer-multiuso-800ml\/#primaryimage\"},\"image\":{\"@id\":\"https:\/\/www.sigmatools.com.br\/site\/produto\/sgt-9927-sprayer-multiuso-800ml\/#primaryimage\"},\"thumbnailUrl\":\"https:\/\/www.sigmatools.com.br\/site\/wp-content\/uploads\/2022\/10\/9927-branco1000x10000.png\",\"datePublished\":\"2022-10-27T19:32:30+00:00\",\"dateModified\":\"2025-08-08T12:54:19+00:00\",\"breadcrumb\":{\"@id\":\"https:\/\/www.sigmatools.com.br\/site\/produto\/sgt-9927-sprayer-multiuso-800ml\/#breadcrumb\"},\"inLanguage\":\"pt-BR\",\"potentialAction\":[{\"@type\":\"ReadAction\",\"target\":[\"https:\/\/www.sigmatools.com.br\/site\/produto\/sgt-9927-sprayer-multiuso-800ml\/\"]}]},{\"@type\":\"ImageObject\",\"inLanguage\":\"pt-BR\",\"@id\":\"https:\/\/www.sigmatools.com.br\/site\/produto\/sgt-9927-sprayer-multiuso-800ml\/#primaryimage\",\"url\":\"https:\/\/www.sigmatools.com.br\/site\/wp-content\/uploads\/2022\/10\/9927-branco1000x10000.png\",\"contentUrl\":\"https:\/\/www.sigmatools.com.br\/site\/wp-content\/uploads\/2022\/10\/9927-branco1000x10000.png\",\"width\":1000,\"height\":1000},{\"@type\":\"BreadcrumbList\",\"@id\":\"https:\/\/www.sigmatools.com.br\/site\/produto\/sgt-9927-sprayer-multiuso-800ml\/#breadcrumb\",\"itemListElement\":[{\"@type\":\"ListItem\",\"position\":1,\"name\":\"In\u00edcio\",\"item\":\"https:\/\/www.sigmatools.com.br\/site\/\"},{\"@type\":\"ListItem\",\"position\":2,\"name\":\"SGT-9927 SPRAYER MULTIUSO 800ML\"}]},{\"@type\":\"WebSite\",\"@id\":\"https:\/\/www.sigmatools.com.br\/site\/#website\",\"url\":\"https:\/\/www.sigmatools.com.br\/site\/\",\"name\":\"Sigma Tools\",\"description\":\"Equipamentos para Est\u00e9tica Automotiva e Oficina Mec\u00e2nica - Sigma Tools\",\"publisher\":{\"@id\":\"https:\/\/www.sigmatools.com.br\/site\/#organization\"},\"potentialAction\":[{\"@type\":\"SearchAction\",\"target\":{\"@type\":\"EntryPoint\",\"urlTemplate\":\"https:\/\/www.sigmatools.com.br\/site\/?s={search_term_string}\"},\"query-input\":{\"@type\":\"PropertyValueSpecification\",\"valueRequired\":true,\"valueName\":\"search_term_string\"}}],\"inLanguage\":\"pt-BR\"},{\"@type\":\"Organization\",\"@id\":\"https:\/\/www.sigmatools.com.br\/site\/#organization\",\"name\":\"SIGMA TOOLS\",\"url\":\"https:\/\/www.sigmatools.com.br\/site\/\",\"logo\":{\"@type\":\"ImageObject\",\"inLanguage\":\"pt-BR\",\"@id\":\"https:\/\/www.sigmatools.com.br\/site\/#\/schema\/logo\/image\/\",\"url\":\"https:\/\/www.sigmatools.com.br\/site\/wp-content\/uploads\/2020\/01\/logo-sigma.png\",\"contentUrl\":\"https:\/\/www.sigmatools.com.br\/site\/wp-content\/uploads\/2020\/01\/logo-sigma.png\",\"width\":152,\"height\":150,\"caption\":\"SIGMA TOOLS\"},\"image\":{\"@id\":\"https:\/\/www.sigmatools.com.br\/site\/#\/schema\/logo\/image\/\"},\"sameAs\":[\"https:\/\/www.facebook.com\/sigmatools\"]}]}<\/script>\n<!-- \/ Yoast SEO plugin. -->","yoast_head_json":{"title":"SGT-9927 SPRAYER MULTIUSO 800ML - Sigma Tools","robots":{"index":"index","follow":"follow","max-snippet":"max-snippet:-1","max-image-preview":"max-image-preview:large","max-video-preview":"max-video-preview:-1"},"canonical":"https:\/\/www.sigmatools.com.br\/site\/produto\/sgt-9927-sprayer-multiuso-800ml\/","og_locale":"pt_BR","og_type":"article","og_title":"SGT-9927 SPRAYER MULTIUSO 800ML - Sigma Tools","og_description":"C\u00d3DIGO: 07 01 99 27 00  &nbsp;    CARACTER\u00cdSTICAS - Pulverizador indicado para uso em geral; - Capacidade de 800ml; - Reservat\u00f3rio em polietileno de alta densidade (HDPE); - Bico regul\u00e1vel para aplica\u00e7\u00f5es em jato cont\u00ednuo ou leque; - A extremidade da mangueira do bico aplicador, cont\u00e9m um acess\u00f3rio (mini filtro), que impede a passagem de pequenas part\u00edculas.","og_url":"https:\/\/www.sigmatools.com.br\/site\/produto\/sgt-9927-sprayer-multiuso-800ml\/","og_site_name":"Sigma Tools","article_publisher":"https:\/\/www.facebook.com\/sigmatools","article_modified_time":"2025-08-08T12:54:19+00:00","og_image":[{"width":1000,"height":1000,"url":"https:\/\/www.sigmatools.com.br\/site\/wp-content\/uploads\/2022\/10\/9927-branco1000x10000.png","type":"image\/png"}],"twitter_card":"summary_large_image","twitter_misc":{"Est. tempo de leitura":"1 minuto"},"schema":{"@context":"https:\/\/schema.org","@graph":[{"@type":"WebPage","@id":"https:\/\/www.sigmatools.com.br\/site\/produto\/sgt-9927-sprayer-multiuso-800ml\/","url":"https:\/\/www.sigmatools.com.br\/site\/produto\/sgt-9927-sprayer-multiuso-800ml\/","name":"SGT-9927 SPRAYER MULTIUSO 800ML - Sigma Tools","isPartOf":{"@id":"https:\/\/www.sigmatools.com.br\/site\/#website"},"primaryImageOfPage":{"@id":"https:\/\/www.sigmatools.com.br\/site\/produto\/sgt-9927-sprayer-multiuso-800ml\/#primaryimage"},"image":{"@id":"https:\/\/www.sigmatools.com.br\/site\/produto\/sgt-9927-sprayer-multiuso-800ml\/#primaryimage"},"thumbnailUrl":"https:\/\/www.sigmatools.com.br\/site\/wp-content\/uploads\/2022\/10\/9927-branco1000x10000.png","datePublished":"2022-10-27T19:32:30+00:00","dateModified":"2025-08-08T12:54:19+00:00","breadcrumb":{"@id":"https:\/\/www.sigmatools.com.br\/site\/produto\/sgt-9927-sprayer-multiuso-800ml\/#breadcrumb"},"inLanguage":"pt-BR","potentialAction":[{"@type":"ReadAction","target":["https:\/\/www.sigmatools.com.br\/site\/produto\/sgt-9927-sprayer-multiuso-800ml\/"]}]},{"@type":"ImageObject","inLanguage":"pt-BR","@id":"https:\/\/www.sigmatools.com.br\/site\/produto\/sgt-9927-sprayer-multiuso-800ml\/#primaryimage","url":"https:\/\/www.sigmatools.com.br\/site\/wp-content\/uploads\/2022\/10\/9927-branco1000x10000.png","contentUrl":"https:\/\/www.sigmatools.com.br\/site\/wp-content\/uploads\/2022\/10\/9927-branco1000x10000.png","width":1000,"height":1000},{"@type":"BreadcrumbList","@id":"https:\/\/www.sigmatools.com.br\/site\/produto\/sgt-9927-sprayer-multiuso-800ml\/#breadcrumb","itemListElement":[{"@type":"ListItem","position":1,"name":"In\u00edcio","item":"https:\/\/www.sigmatools.com.br\/site\/"},{"@type":"ListItem","position":2,"name":"SGT-9927 SPRAYER MULTIUSO 800ML"}]},{"@type":"WebSite","@id":"https:\/\/www.sigmatools.com.br\/site\/#website","url":"https:\/\/www.sigmatools.com.br\/site\/","name":"Sigma Tools","description":"Equipamentos para Est\u00e9tica Automotiva e Oficina Mec\u00e2nica - Sigma Tools","publisher":{"@id":"https:\/\/www.sigmatools.com.br\/site\/#organization"},"potentialAction":[{"@type":"SearchAction","target":{"@type":"EntryPoint","urlTemplate":"https:\/\/www.sigmatools.com.br\/site\/?s={search_term_string}"},"query-input":{"@type":"PropertyValueSpecification","valueRequired":true,"valueName":"search_term_string"}}],"inLanguage":"pt-BR"},{"@type":"Organization","@id":"https:\/\/www.sigmatools.com.br\/site\/#organization","name":"SIGMA TOOLS","url":"https:\/\/www.sigmatools.com.br\/site\/","logo":{"@type":"ImageObject","inLanguage":"pt-BR","@id":"https:\/\/www.sigmatools.com.br\/site\/#\/schema\/logo\/image\/","url":"https:\/\/www.sigmatools.com.br\/site\/wp-content\/uploads\/2020\/01\/logo-sigma.png","contentUrl":"https:\/\/www.sigmatools.com.br\/site\/wp-content\/uploads\/2020\/01\/logo-sigma.png","width":152,"height":150,"caption":"SIGMA TOOLS"},"image":{"@id":"https:\/\/www.sigmatools.com.br\/site\/#\/schema\/logo\/image\/"},"sameAs":["https:\/\/www.facebook.com\/sigmatools"]}]}},"_links":{"self":[{"href":"https:\/\/www.sigmatools.com.br\/site\/wp-json\/wp\/v2\/product\/4255","targetHints":{"allow":["GET"]}}],"collection":[{"href":"https:\/\/www.sigmatools.com.br\/site\/wp-json\/wp\/v2\/product"}],"about":[{"href":"https:\/\/www.sigmatools.com.br\/site\/wp-json\/wp\/v2\/types\/product"}],"replies":[{"embeddable":true,"href":"https:\/\/www.sigmatools.com.br\/site\/wp-json\/wp\/v2\/comments?post=4255"}],"wp:featuredmedia":[{"embeddable":true,"href":"https:\/\/www.sigmatools.com.br\/site\/wp-json\/wp\/v2\/media\/4258"}],"wp:attachment":[{"href":"https:\/\/www.sigmatools.com.br\/site\/wp-json\/wp\/v2\/media?parent=4255"}],"wp:term":[{"taxonomy":"product_brand","embeddable":true,"href":"https:\/\/www.sigmatools.com.br\/site\/wp-json\/wp\/v2\/product_brand?post=4255"},{"taxonomy":"product_cat","embeddable":true,"href":"https:\/\/www.sigmatools.com.br\/site\/wp-json\/wp\/v2\/product_cat?post=4255"},{"taxonomy":"product_tag","embeddable":true,"href":"https:\/\/www.sigmatools.com.br\/site\/wp-json\/wp\/v2\/product_tag?post=4255"}],"curies":[{"name":"wp","href":"https:\/\/api.w.org\/{rel}","templated":true}]}}