{"id":4285,"date":"2022-11-04T12:32:40","date_gmt":"2022-11-04T15:32:40","guid":{"rendered":"https:\/\/www.sigmatools.com.br\/site\/?post_type=product&#038;p=4285"},"modified":"2025-12-22T16:46:11","modified_gmt":"2025-12-22T19:46:11","slug":"sgt-8503-lanterna-180-graus-cob-recarregavel-8w-800-lm","status":"publish","type":"product","link":"https:\/\/www.sigmatools.com.br\/site\/produto\/sgt-8503-lanterna-180-graus-cob-recarregavel-8w-800-lm\/","title":{"rendered":"SGT-8503 LANTERNA 180 GRAUS COB RECARREG\u00c1VEL 8W &#8211; 800 LM"},"content":{"rendered":"","protected":false},"excerpt":{"rendered":"<p><strong>C\u00f3digo do produto: <\/strong>0703850300<\/p>\n<p><strong>C\u00f3digo de barras:<\/strong> 7908276607288<\/p>\n<p>&nbsp;<\/p>\n<p>&nbsp;<\/p>\n<p>&nbsp;<\/p>\n<p><strong>Caracter\u00edsticas<\/strong><br \/>\n\u2022 L\u00e2mpada frontal com 3 intensidades de luz: 25% &#8211; 50% &#8211; 100%;<br \/>\n\u2022 M\u00e1ximo 800lm na l\u00e2mpada frontal (3.7V \/ 1.800mAh).<\/p>\n<p>&nbsp;<\/p>\n<p><strong>Vantagens<\/strong><br \/>\n\u2022 Port\u00e1til, leve e compacta;<br \/>\n\u2022 Gancho para pendurar;<br \/>\n\u2022 \u00cdm\u00e3 para fixa\u00e7\u00e3o;<br \/>\n\u2022 Recarreg\u00e1vel em USB;<br \/>\n\u2022 Bateria com autonomia de 3 \u00e0 4 horas;<br \/>\n\u2022 Duas fontes de ilumina\u00e7\u00e3o: Frontal e topo;<br \/>\n\u2022 Giro 180 graus;<br \/>\n\u2022 1 metro de cabo USB (Tipo C).<\/p>\n<p>&nbsp;<\/p>\n<p>&nbsp;<\/p>\n[button size=\"small\" icon=\"\" target=\"_blank\" text_align=\"left\" text=\"Informativo\" link=\"http:\/\/www.sigmatools.com.br\/site\/arquivos\/informativos\/SGT-8503%20-%20LANTERNA%20180%20GRAUS%20LED%20COB%20RECARREG\u00c1VEL%208W%20800LM%20-%20INFO.pdf\" color=\"#ffffff\" hover_color=\"#ffffff\" background_color=\"#353535\" hover_background_color=\"#dd3333\" border_color=\"#353535\" hover_border_color=\"#dd3333\"]","protected":false},"featured_media":4457,"comment_status":"open","ping_status":"closed","template":"","meta":{"_jet_sm_ready_style":"","_jet_sm_style":"","_jet_sm_controls_values":"","_jet_sm_fonts_collection":"","_jet_sm_fonts_links":""},"product_brand":[],"product_cat":[72],"product_tag":[],"class_list":{"0":"post-4285","1":"product","2":"type-product","3":"status-publish","4":"has-post-thumbnail","6":"product_cat-iluminacao","8":"first","9":"instock","10":"shipping-taxable","11":"product-type-simple"},"yoast_head":"<!-- This site is optimized with the Yoast SEO plugin v27.1.1 - https:\/\/yoast.com\/product\/yoast-seo-wordpress\/ -->\n<title>SGT-8503 LANTERNA 180 GRAUS COB RECARREG\u00c1VEL 8W - 800 LM - Sigma Tools<\/title>\n<meta name=\"robots\" content=\"index, follow, max-snippet:-1, max-image-preview:large, max-video-preview:-1\" \/>\n<link rel=\"canonical\" href=\"https:\/\/www.sigmatools.com.br\/site\/produto\/sgt-8503-lanterna-180-graus-cob-recarregavel-8w-800-lm\/\" \/>\n<meta property=\"og:locale\" content=\"pt_BR\" \/>\n<meta property=\"og:type\" content=\"article\" \/>\n<meta property=\"og:title\" content=\"SGT-8503 LANTERNA 180 GRAUS COB RECARREG\u00c1VEL 8W - 800 LM - Sigma Tools\" \/>\n<meta property=\"og:description\" content=\"C\u00f3digo do produto: 0703850300  C\u00f3digo de barras: 7908276607288  &nbsp;  &nbsp;  &nbsp;  Caracter\u00edsticas \u2022 L\u00e2mpada frontal com 3 intensidades de luz: 25% - 50% - 100%; \u2022 M\u00e1ximo 800lm na l\u00e2mpada frontal (3.7V \/ 1.800mAh).  &nbsp;  Vantagens \u2022 Port\u00e1til, leve e compacta; \u2022 Gancho para pendurar; \u2022 \u00cdm\u00e3 para fixa\u00e7\u00e3o; \u2022 Recarreg\u00e1vel em USB; \u2022 Bateria com autonomia de 3 \u00e0 4 horas; \u2022 Duas fontes de ilumina\u00e7\u00e3o: Frontal e topo; \u2022 Giro 180 graus; \u2022 1 metro de cabo USB (Tipo C).  &nbsp;  &nbsp;\" \/>\n<meta property=\"og:url\" content=\"https:\/\/www.sigmatools.com.br\/site\/produto\/sgt-8503-lanterna-180-graus-cob-recarregavel-8w-800-lm\/\" \/>\n<meta property=\"og:site_name\" content=\"Sigma Tools\" \/>\n<meta property=\"article:publisher\" content=\"https:\/\/www.facebook.com\/sigmatools\" \/>\n<meta property=\"article:modified_time\" content=\"2025-12-22T19:46:11+00:00\" \/>\n<meta property=\"og:image\" content=\"https:\/\/www.sigmatools.com.br\/site\/wp-content\/uploads\/2022\/11\/8503.png\" \/>\n\t<meta property=\"og:image:width\" content=\"1000\" \/>\n\t<meta property=\"og:image:height\" content=\"1000\" \/>\n\t<meta property=\"og:image:type\" content=\"image\/png\" \/>\n<meta name=\"twitter:card\" content=\"summary_large_image\" \/>\n<meta name=\"twitter:label1\" content=\"Est. tempo de leitura\" \/>\n\t<meta name=\"twitter:data1\" content=\"1 minuto\" \/>\n<script type=\"application\/ld+json\" class=\"yoast-schema-graph\">{\"@context\":\"https:\/\/schema.org\",\"@graph\":[{\"@type\":\"WebPage\",\"@id\":\"https:\/\/www.sigmatools.com.br\/site\/produto\/sgt-8503-lanterna-180-graus-cob-recarregavel-8w-800-lm\/\",\"url\":\"https:\/\/www.sigmatools.com.br\/site\/produto\/sgt-8503-lanterna-180-graus-cob-recarregavel-8w-800-lm\/\",\"name\":\"SGT-8503 LANTERNA 180 GRAUS COB RECARREG\u00c1VEL 8W - 800 LM - Sigma Tools\",\"isPartOf\":{\"@id\":\"https:\/\/www.sigmatools.com.br\/site\/#website\"},\"primaryImageOfPage\":{\"@id\":\"https:\/\/www.sigmatools.com.br\/site\/produto\/sgt-8503-lanterna-180-graus-cob-recarregavel-8w-800-lm\/#primaryimage\"},\"image\":{\"@id\":\"https:\/\/www.sigmatools.com.br\/site\/produto\/sgt-8503-lanterna-180-graus-cob-recarregavel-8w-800-lm\/#primaryimage\"},\"thumbnailUrl\":\"https:\/\/www.sigmatools.com.br\/site\/wp-content\/uploads\/2022\/11\/8503.png\",\"datePublished\":\"2022-11-04T15:32:40+00:00\",\"dateModified\":\"2025-12-22T19:46:11+00:00\",\"breadcrumb\":{\"@id\":\"https:\/\/www.sigmatools.com.br\/site\/produto\/sgt-8503-lanterna-180-graus-cob-recarregavel-8w-800-lm\/#breadcrumb\"},\"inLanguage\":\"pt-BR\",\"potentialAction\":[{\"@type\":\"ReadAction\",\"target\":[\"https:\/\/www.sigmatools.com.br\/site\/produto\/sgt-8503-lanterna-180-graus-cob-recarregavel-8w-800-lm\/\"]}]},{\"@type\":\"ImageObject\",\"inLanguage\":\"pt-BR\",\"@id\":\"https:\/\/www.sigmatools.com.br\/site\/produto\/sgt-8503-lanterna-180-graus-cob-recarregavel-8w-800-lm\/#primaryimage\",\"url\":\"https:\/\/www.sigmatools.com.br\/site\/wp-content\/uploads\/2022\/11\/8503.png\",\"contentUrl\":\"https:\/\/www.sigmatools.com.br\/site\/wp-content\/uploads\/2022\/11\/8503.png\",\"width\":1000,\"height\":1000},{\"@type\":\"BreadcrumbList\",\"@id\":\"https:\/\/www.sigmatools.com.br\/site\/produto\/sgt-8503-lanterna-180-graus-cob-recarregavel-8w-800-lm\/#breadcrumb\",\"itemListElement\":[{\"@type\":\"ListItem\",\"position\":1,\"name\":\"In\u00edcio\",\"item\":\"https:\/\/www.sigmatools.com.br\/site\/\"},{\"@type\":\"ListItem\",\"position\":2,\"name\":\"SGT-8503 LANTERNA 180 GRAUS COB RECARREG\u00c1VEL 8W &#8211; 800 LM\"}]},{\"@type\":\"WebSite\",\"@id\":\"https:\/\/www.sigmatools.com.br\/site\/#website\",\"url\":\"https:\/\/www.sigmatools.com.br\/site\/\",\"name\":\"Sigma Tools\",\"description\":\"Equipamentos para Est\u00e9tica Automotiva e Oficina Mec\u00e2nica - Sigma Tools\",\"publisher\":{\"@id\":\"https:\/\/www.sigmatools.com.br\/site\/#organization\"},\"potentialAction\":[{\"@type\":\"SearchAction\",\"target\":{\"@type\":\"EntryPoint\",\"urlTemplate\":\"https:\/\/www.sigmatools.com.br\/site\/?s={search_term_string}\"},\"query-input\":{\"@type\":\"PropertyValueSpecification\",\"valueRequired\":true,\"valueName\":\"search_term_string\"}}],\"inLanguage\":\"pt-BR\"},{\"@type\":\"Organization\",\"@id\":\"https:\/\/www.sigmatools.com.br\/site\/#organization\",\"name\":\"SIGMA TOOLS\",\"url\":\"https:\/\/www.sigmatools.com.br\/site\/\",\"logo\":{\"@type\":\"ImageObject\",\"inLanguage\":\"pt-BR\",\"@id\":\"https:\/\/www.sigmatools.com.br\/site\/#\/schema\/logo\/image\/\",\"url\":\"https:\/\/www.sigmatools.com.br\/site\/wp-content\/uploads\/2020\/01\/logo-sigma.png\",\"contentUrl\":\"https:\/\/www.sigmatools.com.br\/site\/wp-content\/uploads\/2020\/01\/logo-sigma.png\",\"width\":152,\"height\":150,\"caption\":\"SIGMA TOOLS\"},\"image\":{\"@id\":\"https:\/\/www.sigmatools.com.br\/site\/#\/schema\/logo\/image\/\"},\"sameAs\":[\"https:\/\/www.facebook.com\/sigmatools\"]}]}<\/script>\n<!-- \/ Yoast SEO plugin. -->","yoast_head_json":{"title":"SGT-8503 LANTERNA 180 GRAUS COB RECARREG\u00c1VEL 8W - 800 LM - Sigma Tools","robots":{"index":"index","follow":"follow","max-snippet":"max-snippet:-1","max-image-preview":"max-image-preview:large","max-video-preview":"max-video-preview:-1"},"canonical":"https:\/\/www.sigmatools.com.br\/site\/produto\/sgt-8503-lanterna-180-graus-cob-recarregavel-8w-800-lm\/","og_locale":"pt_BR","og_type":"article","og_title":"SGT-8503 LANTERNA 180 GRAUS COB RECARREG\u00c1VEL 8W - 800 LM - Sigma Tools","og_description":"C\u00f3digo do produto: 0703850300  C\u00f3digo de barras: 7908276607288  &nbsp;  &nbsp;  &nbsp;  Caracter\u00edsticas \u2022 L\u00e2mpada frontal com 3 intensidades de luz: 25% - 50% - 100%; \u2022 M\u00e1ximo 800lm na l\u00e2mpada frontal (3.7V \/ 1.800mAh).  &nbsp;  Vantagens \u2022 Port\u00e1til, leve e compacta; \u2022 Gancho para pendurar; \u2022 \u00cdm\u00e3 para fixa\u00e7\u00e3o; \u2022 Recarreg\u00e1vel em USB; \u2022 Bateria com autonomia de 3 \u00e0 4 horas; \u2022 Duas fontes de ilumina\u00e7\u00e3o: Frontal e topo; \u2022 Giro 180 graus; \u2022 1 metro de cabo USB (Tipo C).  &nbsp;  &nbsp;","og_url":"https:\/\/www.sigmatools.com.br\/site\/produto\/sgt-8503-lanterna-180-graus-cob-recarregavel-8w-800-lm\/","og_site_name":"Sigma Tools","article_publisher":"https:\/\/www.facebook.com\/sigmatools","article_modified_time":"2025-12-22T19:46:11+00:00","og_image":[{"width":1000,"height":1000,"url":"https:\/\/www.sigmatools.com.br\/site\/wp-content\/uploads\/2022\/11\/8503.png","type":"image\/png"}],"twitter_card":"summary_large_image","twitter_misc":{"Est. tempo de leitura":"1 minuto"},"schema":{"@context":"https:\/\/schema.org","@graph":[{"@type":"WebPage","@id":"https:\/\/www.sigmatools.com.br\/site\/produto\/sgt-8503-lanterna-180-graus-cob-recarregavel-8w-800-lm\/","url":"https:\/\/www.sigmatools.com.br\/site\/produto\/sgt-8503-lanterna-180-graus-cob-recarregavel-8w-800-lm\/","name":"SGT-8503 LANTERNA 180 GRAUS COB RECARREG\u00c1VEL 8W - 800 LM - Sigma Tools","isPartOf":{"@id":"https:\/\/www.sigmatools.com.br\/site\/#website"},"primaryImageOfPage":{"@id":"https:\/\/www.sigmatools.com.br\/site\/produto\/sgt-8503-lanterna-180-graus-cob-recarregavel-8w-800-lm\/#primaryimage"},"image":{"@id":"https:\/\/www.sigmatools.com.br\/site\/produto\/sgt-8503-lanterna-180-graus-cob-recarregavel-8w-800-lm\/#primaryimage"},"thumbnailUrl":"https:\/\/www.sigmatools.com.br\/site\/wp-content\/uploads\/2022\/11\/8503.png","datePublished":"2022-11-04T15:32:40+00:00","dateModified":"2025-12-22T19:46:11+00:00","breadcrumb":{"@id":"https:\/\/www.sigmatools.com.br\/site\/produto\/sgt-8503-lanterna-180-graus-cob-recarregavel-8w-800-lm\/#breadcrumb"},"inLanguage":"pt-BR","potentialAction":[{"@type":"ReadAction","target":["https:\/\/www.sigmatools.com.br\/site\/produto\/sgt-8503-lanterna-180-graus-cob-recarregavel-8w-800-lm\/"]}]},{"@type":"ImageObject","inLanguage":"pt-BR","@id":"https:\/\/www.sigmatools.com.br\/site\/produto\/sgt-8503-lanterna-180-graus-cob-recarregavel-8w-800-lm\/#primaryimage","url":"https:\/\/www.sigmatools.com.br\/site\/wp-content\/uploads\/2022\/11\/8503.png","contentUrl":"https:\/\/www.sigmatools.com.br\/site\/wp-content\/uploads\/2022\/11\/8503.png","width":1000,"height":1000},{"@type":"BreadcrumbList","@id":"https:\/\/www.sigmatools.com.br\/site\/produto\/sgt-8503-lanterna-180-graus-cob-recarregavel-8w-800-lm\/#breadcrumb","itemListElement":[{"@type":"ListItem","position":1,"name":"In\u00edcio","item":"https:\/\/www.sigmatools.com.br\/site\/"},{"@type":"ListItem","position":2,"name":"SGT-8503 LANTERNA 180 GRAUS COB RECARREG\u00c1VEL 8W &#8211; 800 LM"}]},{"@type":"WebSite","@id":"https:\/\/www.sigmatools.com.br\/site\/#website","url":"https:\/\/www.sigmatools.com.br\/site\/","name":"Sigma Tools","description":"Equipamentos para Est\u00e9tica Automotiva e Oficina Mec\u00e2nica - Sigma Tools","publisher":{"@id":"https:\/\/www.sigmatools.com.br\/site\/#organization"},"potentialAction":[{"@type":"SearchAction","target":{"@type":"EntryPoint","urlTemplate":"https:\/\/www.sigmatools.com.br\/site\/?s={search_term_string}"},"query-input":{"@type":"PropertyValueSpecification","valueRequired":true,"valueName":"search_term_string"}}],"inLanguage":"pt-BR"},{"@type":"Organization","@id":"https:\/\/www.sigmatools.com.br\/site\/#organization","name":"SIGMA TOOLS","url":"https:\/\/www.sigmatools.com.br\/site\/","logo":{"@type":"ImageObject","inLanguage":"pt-BR","@id":"https:\/\/www.sigmatools.com.br\/site\/#\/schema\/logo\/image\/","url":"https:\/\/www.sigmatools.com.br\/site\/wp-content\/uploads\/2020\/01\/logo-sigma.png","contentUrl":"https:\/\/www.sigmatools.com.br\/site\/wp-content\/uploads\/2020\/01\/logo-sigma.png","width":152,"height":150,"caption":"SIGMA TOOLS"},"image":{"@id":"https:\/\/www.sigmatools.com.br\/site\/#\/schema\/logo\/image\/"},"sameAs":["https:\/\/www.facebook.com\/sigmatools"]}]}},"_links":{"self":[{"href":"https:\/\/www.sigmatools.com.br\/site\/wp-json\/wp\/v2\/product\/4285","targetHints":{"allow":["GET"]}}],"collection":[{"href":"https:\/\/www.sigmatools.com.br\/site\/wp-json\/wp\/v2\/product"}],"about":[{"href":"https:\/\/www.sigmatools.com.br\/site\/wp-json\/wp\/v2\/types\/product"}],"replies":[{"embeddable":true,"href":"https:\/\/www.sigmatools.com.br\/site\/wp-json\/wp\/v2\/comments?post=4285"}],"wp:featuredmedia":[{"embeddable":true,"href":"https:\/\/www.sigmatools.com.br\/site\/wp-json\/wp\/v2\/media\/4457"}],"wp:attachment":[{"href":"https:\/\/www.sigmatools.com.br\/site\/wp-json\/wp\/v2\/media?parent=4285"}],"wp:term":[{"taxonomy":"product_brand","embeddable":true,"href":"https:\/\/www.sigmatools.com.br\/site\/wp-json\/wp\/v2\/product_brand?post=4285"},{"taxonomy":"product_cat","embeddable":true,"href":"https:\/\/www.sigmatools.com.br\/site\/wp-json\/wp\/v2\/product_cat?post=4285"},{"taxonomy":"product_tag","embeddable":true,"href":"https:\/\/www.sigmatools.com.br\/site\/wp-json\/wp\/v2\/product_tag?post=4285"}],"curies":[{"name":"wp","href":"https:\/\/api.w.org\/{rel}","templated":true}]}}