{"id":4355,"date":"2022-12-01T11:30:59","date_gmt":"2022-12-01T14:30:59","guid":{"rendered":"https:\/\/www.sigmatools.com.br\/site\/?post_type=product&#038;p=4355"},"modified":"2025-08-12T08:08:09","modified_gmt":"2025-08-12T11:08:09","slug":"sgt-7706-rebitador-industrial-1-4-2-baterias-18v-2ah","status":"publish","type":"product","link":"https:\/\/www.sigmatools.com.br\/site\/produto\/sgt-7706-rebitador-industrial-1-4-2-baterias-18v-2ah\/","title":{"rendered":"SGT-7706 &#8211; REBITADOR INDUSTRIAL 1\/4&#8243; &#8211; 2 BATERIAS 18V &#8211; 2Ah"},"content":{"rendered":"","protected":false},"excerpt":{"rendered":"<p><strong>C\u00f3digo do produto: <\/strong>0703770600<\/p>\n<p><strong>C\u00f3digo de barras:<\/strong> 7908276606052<\/p>\n<p>&nbsp;<\/p>\n<iframe title=\"YouTube video player\" src=\"https:\/\/www.youtube.com\/embed\/Iq9GKXc-07s?si=W-DIouLdRyXvBumw\" width=\"560\" height=\"315\" frameborder=\"0\" allowfullscreen=\"allowfullscreen\"><\/iframe>\n<p>&nbsp;<\/p>\n<p><strong>Caracter\u00edsticas<\/strong><br \/>\n\u2022 Carca\u00e7a em composite (mais leve);<br \/>\n\u2022 Desenho ergon\u00f4mico e compacto;<br \/>\n\u2022 Baixo ru\u00eddo;<br \/>\n\u2022 Alta durabilidade;<br \/>\n\u2022 Alta produtividade;<br \/>\n\u2022 Bico de reten\u00e7\u00e3o;<br \/>\n\u2022 Sistema de troca r\u00e1pida das castanhas;<br \/>\n\u2022 F\u00e1cil manuseio.<\/p>\n<p>&nbsp;<\/p>\n<p><strong>Aplica\u00e7\u00f5es<\/strong><br \/>\nO rebitador \u00e0 bateria SGT-7706, \u00e9 indicado para fixa\u00e7\u00e3o de rebites de repuxo tipo POP de 2,4 a 6,4 para rebite em<br \/>\nINOX de 2.4 a 4.8, aplic\u00e1vel em diversas superf\u00edcies com maior velocidade e praticidade.<br \/>\nOferece maior autonomia e desempenho devido ao motor BL sem escovas de carv\u00e3o, gerando menos calor e aumentando o volume de trabalho em uma carga total de bateria.<\/p>\n<p>&nbsp;<\/p>\n<p>&nbsp;<\/p>\n[button size=\"small\" icon=\"\" target=\"_blank\" text_align=\"left\" text=\"Informativo\" link=\"http:\/\/www.sigmatools.com.br\/site\/arquivos\/informativos\/SGT-7706%20-%20Rebitador%20Industrial%20\u00e0%20Bateria.pdf\" color=\"#ffffff\" hover_color=\"#ffffff\" background_color=\"#353535\" hover_background_color=\"#dd3333\" border_color=\"#353535\" hover_border_color=\"#dd3333\"]\n[button size=\"small\" icon=\"\" target=\"_blank\" text_align=\"left\" text=\"Vista Explodida\" link=\"https:\/\/www.sigmatools.com.br\/site\/arquivos\/vista-explodida\/SGT-7706%20-%20Rebitador%20Industrial%20\u00e0%20Bateria.pdf\" color=\"#ffffff\" hover_color=\"#ffffff\" background_color=\"#353535\" hover_background_color=\"#dd3333\" border_color=\"#353535\" hover_border_color=\"#dd3333\"]","protected":false},"featured_media":7920,"comment_status":"open","ping_status":"closed","template":"","meta":{"_jet_sm_ready_style":"","_jet_sm_style":"","_jet_sm_controls_values":"","_jet_sm_fonts_collection":"","_jet_sm_fonts_links":""},"product_brand":[],"product_cat":[110,126,60,83,15],"product_tag":[],"class_list":{"0":"post-4355","1":"product","2":"type-product","3":"status-publish","4":"has-post-thumbnail","6":"product_cat-ferramentas","7":"product_cat-rebitadores","8":"product_cat-catalogo-geral","9":"product_cat-fixacao","10":"product_cat-sigma-tools","12":"first","13":"instock","14":"shipping-taxable","15":"product-type-simple"},"yoast_head":"<!-- This site is optimized with the Yoast SEO plugin v27.1.1 - https:\/\/yoast.com\/product\/yoast-seo-wordpress\/ -->\n<title>SGT-7706 - REBITADOR INDUSTRIAL 1\/4&quot; - 2 BATERIAS 18V - 2Ah - Sigma Tools<\/title>\n<meta name=\"robots\" content=\"index, follow, max-snippet:-1, max-image-preview:large, max-video-preview:-1\" \/>\n<link rel=\"canonical\" href=\"https:\/\/www.sigmatools.com.br\/site\/produto\/sgt-7706-rebitador-industrial-1-4-2-baterias-18v-2ah\/\" \/>\n<meta property=\"og:locale\" content=\"pt_BR\" \/>\n<meta property=\"og:type\" content=\"article\" \/>\n<meta property=\"og:title\" content=\"SGT-7706 - REBITADOR INDUSTRIAL 1\/4&quot; - 2 BATERIAS 18V - 2Ah - Sigma Tools\" \/>\n<meta property=\"og:description\" content=\"C\u00f3digo do produto: 0703770600  C\u00f3digo de barras: 7908276606052  &nbsp;    &nbsp;  Caracter\u00edsticas \u2022 Carca\u00e7a em composite (mais leve); \u2022 Desenho ergon\u00f4mico e compacto; \u2022 Baixo ru\u00eddo; \u2022 Alta durabilidade; \u2022 Alta produtividade; \u2022 Bico de reten\u00e7\u00e3o; \u2022 Sistema de troca r\u00e1pida das castanhas; \u2022 F\u00e1cil manuseio.  &nbsp;  Aplica\u00e7\u00f5es O rebitador \u00e0 bateria SGT-7706, \u00e9 indicado para fixa\u00e7\u00e3o de rebites de repuxo tipo POP de 2,4 a 6,4 para rebite em INOX de 2.4 a 4.8, aplic\u00e1vel em diversas superf\u00edcies com maior velocidade e praticidade. Oferece maior autonomia e desempenho devido ao motor BL sem escovas de carv\u00e3o, gerando menos calor e aumentando o volume de trabalho em uma carga total de bateria.  &nbsp;  &nbsp;\" \/>\n<meta property=\"og:url\" content=\"https:\/\/www.sigmatools.com.br\/site\/produto\/sgt-7706-rebitador-industrial-1-4-2-baterias-18v-2ah\/\" \/>\n<meta property=\"og:site_name\" content=\"Sigma Tools\" \/>\n<meta property=\"article:publisher\" content=\"https:\/\/www.facebook.com\/sigmatools\" \/>\n<meta property=\"article:modified_time\" content=\"2025-08-12T11:08:09+00:00\" \/>\n<meta property=\"og:image\" content=\"https:\/\/www.sigmatools.com.br\/site\/wp-content\/uploads\/2022\/12\/1000x1000-Esquerda.png\" \/>\n\t<meta property=\"og:image:width\" content=\"1000\" \/>\n\t<meta property=\"og:image:height\" content=\"1000\" \/>\n\t<meta property=\"og:image:type\" content=\"image\/png\" \/>\n<meta name=\"twitter:card\" content=\"summary_large_image\" \/>\n<meta name=\"twitter:label1\" content=\"Est. tempo de leitura\" \/>\n\t<meta name=\"twitter:data1\" content=\"1 minuto\" \/>\n<script type=\"application\/ld+json\" class=\"yoast-schema-graph\">{\"@context\":\"https:\/\/schema.org\",\"@graph\":[{\"@type\":\"WebPage\",\"@id\":\"https:\/\/www.sigmatools.com.br\/site\/produto\/sgt-7706-rebitador-industrial-1-4-2-baterias-18v-2ah\/\",\"url\":\"https:\/\/www.sigmatools.com.br\/site\/produto\/sgt-7706-rebitador-industrial-1-4-2-baterias-18v-2ah\/\",\"name\":\"SGT-7706 - REBITADOR INDUSTRIAL 1\/4\\\" - 2 BATERIAS 18V - 2Ah - Sigma Tools\",\"isPartOf\":{\"@id\":\"https:\/\/www.sigmatools.com.br\/site\/#website\"},\"primaryImageOfPage\":{\"@id\":\"https:\/\/www.sigmatools.com.br\/site\/produto\/sgt-7706-rebitador-industrial-1-4-2-baterias-18v-2ah\/#primaryimage\"},\"image\":{\"@id\":\"https:\/\/www.sigmatools.com.br\/site\/produto\/sgt-7706-rebitador-industrial-1-4-2-baterias-18v-2ah\/#primaryimage\"},\"thumbnailUrl\":\"https:\/\/www.sigmatools.com.br\/site\/wp-content\/uploads\/2022\/12\/1000x1000-Esquerda.png\",\"datePublished\":\"2022-12-01T14:30:59+00:00\",\"dateModified\":\"2025-08-12T11:08:09+00:00\",\"breadcrumb\":{\"@id\":\"https:\/\/www.sigmatools.com.br\/site\/produto\/sgt-7706-rebitador-industrial-1-4-2-baterias-18v-2ah\/#breadcrumb\"},\"inLanguage\":\"pt-BR\",\"potentialAction\":[{\"@type\":\"ReadAction\",\"target\":[\"https:\/\/www.sigmatools.com.br\/site\/produto\/sgt-7706-rebitador-industrial-1-4-2-baterias-18v-2ah\/\"]}]},{\"@type\":\"ImageObject\",\"inLanguage\":\"pt-BR\",\"@id\":\"https:\/\/www.sigmatools.com.br\/site\/produto\/sgt-7706-rebitador-industrial-1-4-2-baterias-18v-2ah\/#primaryimage\",\"url\":\"https:\/\/www.sigmatools.com.br\/site\/wp-content\/uploads\/2022\/12\/1000x1000-Esquerda.png\",\"contentUrl\":\"https:\/\/www.sigmatools.com.br\/site\/wp-content\/uploads\/2022\/12\/1000x1000-Esquerda.png\",\"width\":1000,\"height\":1000},{\"@type\":\"BreadcrumbList\",\"@id\":\"https:\/\/www.sigmatools.com.br\/site\/produto\/sgt-7706-rebitador-industrial-1-4-2-baterias-18v-2ah\/#breadcrumb\",\"itemListElement\":[{\"@type\":\"ListItem\",\"position\":1,\"name\":\"In\u00edcio\",\"item\":\"https:\/\/www.sigmatools.com.br\/site\/\"},{\"@type\":\"ListItem\",\"position\":2,\"name\":\"SGT-7706 &#8211; REBITADOR INDUSTRIAL 1\/4&#8243; &#8211; 2 BATERIAS 18V &#8211; 2Ah\"}]},{\"@type\":\"WebSite\",\"@id\":\"https:\/\/www.sigmatools.com.br\/site\/#website\",\"url\":\"https:\/\/www.sigmatools.com.br\/site\/\",\"name\":\"Sigma Tools\",\"description\":\"Equipamentos para Est\u00e9tica Automotiva e Oficina Mec\u00e2nica - Sigma Tools\",\"publisher\":{\"@id\":\"https:\/\/www.sigmatools.com.br\/site\/#organization\"},\"potentialAction\":[{\"@type\":\"SearchAction\",\"target\":{\"@type\":\"EntryPoint\",\"urlTemplate\":\"https:\/\/www.sigmatools.com.br\/site\/?s={search_term_string}\"},\"query-input\":{\"@type\":\"PropertyValueSpecification\",\"valueRequired\":true,\"valueName\":\"search_term_string\"}}],\"inLanguage\":\"pt-BR\"},{\"@type\":\"Organization\",\"@id\":\"https:\/\/www.sigmatools.com.br\/site\/#organization\",\"name\":\"SIGMA TOOLS\",\"url\":\"https:\/\/www.sigmatools.com.br\/site\/\",\"logo\":{\"@type\":\"ImageObject\",\"inLanguage\":\"pt-BR\",\"@id\":\"https:\/\/www.sigmatools.com.br\/site\/#\/schema\/logo\/image\/\",\"url\":\"https:\/\/www.sigmatools.com.br\/site\/wp-content\/uploads\/2020\/01\/logo-sigma.png\",\"contentUrl\":\"https:\/\/www.sigmatools.com.br\/site\/wp-content\/uploads\/2020\/01\/logo-sigma.png\",\"width\":152,\"height\":150,\"caption\":\"SIGMA TOOLS\"},\"image\":{\"@id\":\"https:\/\/www.sigmatools.com.br\/site\/#\/schema\/logo\/image\/\"},\"sameAs\":[\"https:\/\/www.facebook.com\/sigmatools\"]}]}<\/script>\n<!-- \/ Yoast SEO plugin. -->","yoast_head_json":{"title":"SGT-7706 - REBITADOR INDUSTRIAL 1\/4\" - 2 BATERIAS 18V - 2Ah - Sigma Tools","robots":{"index":"index","follow":"follow","max-snippet":"max-snippet:-1","max-image-preview":"max-image-preview:large","max-video-preview":"max-video-preview:-1"},"canonical":"https:\/\/www.sigmatools.com.br\/site\/produto\/sgt-7706-rebitador-industrial-1-4-2-baterias-18v-2ah\/","og_locale":"pt_BR","og_type":"article","og_title":"SGT-7706 - REBITADOR INDUSTRIAL 1\/4\" - 2 BATERIAS 18V - 2Ah - Sigma Tools","og_description":"C\u00f3digo do produto: 0703770600  C\u00f3digo de barras: 7908276606052  &nbsp;    &nbsp;  Caracter\u00edsticas \u2022 Carca\u00e7a em composite (mais leve); \u2022 Desenho ergon\u00f4mico e compacto; \u2022 Baixo ru\u00eddo; \u2022 Alta durabilidade; \u2022 Alta produtividade; \u2022 Bico de reten\u00e7\u00e3o; \u2022 Sistema de troca r\u00e1pida das castanhas; \u2022 F\u00e1cil manuseio.  &nbsp;  Aplica\u00e7\u00f5es O rebitador \u00e0 bateria SGT-7706, \u00e9 indicado para fixa\u00e7\u00e3o de rebites de repuxo tipo POP de 2,4 a 6,4 para rebite em INOX de 2.4 a 4.8, aplic\u00e1vel em diversas superf\u00edcies com maior velocidade e praticidade. Oferece maior autonomia e desempenho devido ao motor BL sem escovas de carv\u00e3o, gerando menos calor e aumentando o volume de trabalho em uma carga total de bateria.  &nbsp;  &nbsp;","og_url":"https:\/\/www.sigmatools.com.br\/site\/produto\/sgt-7706-rebitador-industrial-1-4-2-baterias-18v-2ah\/","og_site_name":"Sigma Tools","article_publisher":"https:\/\/www.facebook.com\/sigmatools","article_modified_time":"2025-08-12T11:08:09+00:00","og_image":[{"width":1000,"height":1000,"url":"https:\/\/www.sigmatools.com.br\/site\/wp-content\/uploads\/2022\/12\/1000x1000-Esquerda.png","type":"image\/png"}],"twitter_card":"summary_large_image","twitter_misc":{"Est. tempo de leitura":"1 minuto"},"schema":{"@context":"https:\/\/schema.org","@graph":[{"@type":"WebPage","@id":"https:\/\/www.sigmatools.com.br\/site\/produto\/sgt-7706-rebitador-industrial-1-4-2-baterias-18v-2ah\/","url":"https:\/\/www.sigmatools.com.br\/site\/produto\/sgt-7706-rebitador-industrial-1-4-2-baterias-18v-2ah\/","name":"SGT-7706 - REBITADOR INDUSTRIAL 1\/4\" - 2 BATERIAS 18V - 2Ah - Sigma Tools","isPartOf":{"@id":"https:\/\/www.sigmatools.com.br\/site\/#website"},"primaryImageOfPage":{"@id":"https:\/\/www.sigmatools.com.br\/site\/produto\/sgt-7706-rebitador-industrial-1-4-2-baterias-18v-2ah\/#primaryimage"},"image":{"@id":"https:\/\/www.sigmatools.com.br\/site\/produto\/sgt-7706-rebitador-industrial-1-4-2-baterias-18v-2ah\/#primaryimage"},"thumbnailUrl":"https:\/\/www.sigmatools.com.br\/site\/wp-content\/uploads\/2022\/12\/1000x1000-Esquerda.png","datePublished":"2022-12-01T14:30:59+00:00","dateModified":"2025-08-12T11:08:09+00:00","breadcrumb":{"@id":"https:\/\/www.sigmatools.com.br\/site\/produto\/sgt-7706-rebitador-industrial-1-4-2-baterias-18v-2ah\/#breadcrumb"},"inLanguage":"pt-BR","potentialAction":[{"@type":"ReadAction","target":["https:\/\/www.sigmatools.com.br\/site\/produto\/sgt-7706-rebitador-industrial-1-4-2-baterias-18v-2ah\/"]}]},{"@type":"ImageObject","inLanguage":"pt-BR","@id":"https:\/\/www.sigmatools.com.br\/site\/produto\/sgt-7706-rebitador-industrial-1-4-2-baterias-18v-2ah\/#primaryimage","url":"https:\/\/www.sigmatools.com.br\/site\/wp-content\/uploads\/2022\/12\/1000x1000-Esquerda.png","contentUrl":"https:\/\/www.sigmatools.com.br\/site\/wp-content\/uploads\/2022\/12\/1000x1000-Esquerda.png","width":1000,"height":1000},{"@type":"BreadcrumbList","@id":"https:\/\/www.sigmatools.com.br\/site\/produto\/sgt-7706-rebitador-industrial-1-4-2-baterias-18v-2ah\/#breadcrumb","itemListElement":[{"@type":"ListItem","position":1,"name":"In\u00edcio","item":"https:\/\/www.sigmatools.com.br\/site\/"},{"@type":"ListItem","position":2,"name":"SGT-7706 &#8211; REBITADOR INDUSTRIAL 1\/4&#8243; &#8211; 2 BATERIAS 18V &#8211; 2Ah"}]},{"@type":"WebSite","@id":"https:\/\/www.sigmatools.com.br\/site\/#website","url":"https:\/\/www.sigmatools.com.br\/site\/","name":"Sigma Tools","description":"Equipamentos para Est\u00e9tica Automotiva e Oficina Mec\u00e2nica - Sigma Tools","publisher":{"@id":"https:\/\/www.sigmatools.com.br\/site\/#organization"},"potentialAction":[{"@type":"SearchAction","target":{"@type":"EntryPoint","urlTemplate":"https:\/\/www.sigmatools.com.br\/site\/?s={search_term_string}"},"query-input":{"@type":"PropertyValueSpecification","valueRequired":true,"valueName":"search_term_string"}}],"inLanguage":"pt-BR"},{"@type":"Organization","@id":"https:\/\/www.sigmatools.com.br\/site\/#organization","name":"SIGMA TOOLS","url":"https:\/\/www.sigmatools.com.br\/site\/","logo":{"@type":"ImageObject","inLanguage":"pt-BR","@id":"https:\/\/www.sigmatools.com.br\/site\/#\/schema\/logo\/image\/","url":"https:\/\/www.sigmatools.com.br\/site\/wp-content\/uploads\/2020\/01\/logo-sigma.png","contentUrl":"https:\/\/www.sigmatools.com.br\/site\/wp-content\/uploads\/2020\/01\/logo-sigma.png","width":152,"height":150,"caption":"SIGMA TOOLS"},"image":{"@id":"https:\/\/www.sigmatools.com.br\/site\/#\/schema\/logo\/image\/"},"sameAs":["https:\/\/www.facebook.com\/sigmatools"]}]}},"_links":{"self":[{"href":"https:\/\/www.sigmatools.com.br\/site\/wp-json\/wp\/v2\/product\/4355","targetHints":{"allow":["GET"]}}],"collection":[{"href":"https:\/\/www.sigmatools.com.br\/site\/wp-json\/wp\/v2\/product"}],"about":[{"href":"https:\/\/www.sigmatools.com.br\/site\/wp-json\/wp\/v2\/types\/product"}],"replies":[{"embeddable":true,"href":"https:\/\/www.sigmatools.com.br\/site\/wp-json\/wp\/v2\/comments?post=4355"}],"wp:featuredmedia":[{"embeddable":true,"href":"https:\/\/www.sigmatools.com.br\/site\/wp-json\/wp\/v2\/media\/7920"}],"wp:attachment":[{"href":"https:\/\/www.sigmatools.com.br\/site\/wp-json\/wp\/v2\/media?parent=4355"}],"wp:term":[{"taxonomy":"product_brand","embeddable":true,"href":"https:\/\/www.sigmatools.com.br\/site\/wp-json\/wp\/v2\/product_brand?post=4355"},{"taxonomy":"product_cat","embeddable":true,"href":"https:\/\/www.sigmatools.com.br\/site\/wp-json\/wp\/v2\/product_cat?post=4355"},{"taxonomy":"product_tag","embeddable":true,"href":"https:\/\/www.sigmatools.com.br\/site\/wp-json\/wp\/v2\/product_tag?post=4355"}],"curies":[{"name":"wp","href":"https:\/\/api.w.org\/{rel}","templated":true}]}}