{"id":4359,"date":"2022-12-01T16:12:58","date_gmt":"2022-12-01T19:12:58","guid":{"rendered":"https:\/\/www.sigmatools.com.br\/site\/?post_type=product&#038;p=4359"},"modified":"2025-02-04T11:14:38","modified_gmt":"2025-02-04T14:14:38","slug":"sgt-8520-lanterna-de-led-recarregavel-para-capo-e-interior-automotivo-3-em-1-5w-1-200ah","status":"publish","type":"product","link":"https:\/\/www.sigmatools.com.br\/site\/produto\/sgt-8520-lanterna-de-led-recarregavel-para-capo-e-interior-automotivo-3-em-1-5w-1-200ah\/","title":{"rendered":"SGT-8520 LANTERNA DE LED RECARREG\u00c1VEL PARA CAP\u00d4 E INTERIOR AUTOMOTIVO &#8211; 3 EM 1 &#8211; 5W &#8211; 1.200Lm"},"content":{"rendered":"","protected":false},"excerpt":{"rendered":"<p><strong>C\u00f3digo do produto: <\/strong>0703852000<\/p>\n<p><strong>C\u00f3digo de barras:<\/strong> 7908276607264<\/p>\n<p>&nbsp;<\/p>\n<iframe title=\"YouTube video player\" src=\"https:\/\/www.youtube.com\/embed\/GqrfS2KOYYg?si=Zeqhni9ULUWW1HAD\" width=\"560\" height=\"315\" frameborder=\"0\" allowfullscreen=\"allowfullscreen\"><\/iframe>\n<p>&nbsp;<\/p>\n<p><strong>Caracter\u00edsticas<\/strong><br \/>\n\u2022 Divis\u00edvel em duas l\u00e2mpadas individuais;<br \/>\n\u2022 Carreg\u00e1vel individualmente ou acopladas;<br \/>\n\u2022 Carga simult\u00e2nea quando acopladas;<br \/>\n\u2022 Interruptor de 3 modos: Apagado \/ 50% \/ 100%<br \/>\n\u2022 3 \u00edm\u00e3s por empunhadura e gancho girat\u00f3rio;<br \/>\n\u2022 2 conjuntos de baterias 2.000mAh &#8211; Li-ion;<br \/>\n\u2022 Autonomia de uso: Intensidade baixa = 6 horas \/ alta = 3horas;<br \/>\n\u2022 Recarreg\u00e1vel atrav\u00e9s de carregador 100-240V &#8211; 50\/60Hz.<\/p>\n[button size=\"small\" icon=\"\" target=\"_blank\" text_align=\"left\" text=\"Informativo\" link=\"http:\/\/www.sigmatools.com.br\/site\/arquivos\/informativos\/SGT-8520%20-%20LANTERNA%20DE%20LED%20RECARREG%C3%81VEL%20-%20INFO.pdf\" color=\"#ffffff\" hover_color=\"#ffffff\" background_color=\"#353535\" hover_background_color=\"#dd3333\" border_color=\"#353535\" hover_border_color=\"#dd3333\"]","protected":false},"featured_media":4362,"comment_status":"open","ping_status":"closed","template":"","meta":{"_jet_sm_ready_style":"","_jet_sm_style":"","_jet_sm_controls_values":"","_jet_sm_fonts_collection":"","_jet_sm_fonts_links":""},"product_brand":[],"product_cat":[72],"product_tag":[],"class_list":{"0":"post-4359","1":"product","2":"type-product","3":"status-publish","4":"has-post-thumbnail","6":"product_cat-iluminacao","8":"first","9":"instock","10":"shipping-taxable","11":"product-type-simple"},"yoast_head":"<!-- This site is optimized with the Yoast SEO plugin v27.1.1 - https:\/\/yoast.com\/product\/yoast-seo-wordpress\/ -->\n<title>SGT-8520 LANTERNA DE LED RECARREG\u00c1VEL PARA CAP\u00d4 E INTERIOR AUTOMOTIVO - 3 EM 1 - 5W - 1.200Lm - Sigma Tools<\/title>\n<meta name=\"robots\" content=\"index, follow, max-snippet:-1, max-image-preview:large, max-video-preview:-1\" \/>\n<link rel=\"canonical\" href=\"https:\/\/www.sigmatools.com.br\/site\/produto\/sgt-8520-lanterna-de-led-recarregavel-para-capo-e-interior-automotivo-3-em-1-5w-1-200ah\/\" \/>\n<meta property=\"og:locale\" content=\"pt_BR\" \/>\n<meta property=\"og:type\" content=\"article\" \/>\n<meta property=\"og:title\" content=\"SGT-8520 LANTERNA DE LED RECARREG\u00c1VEL PARA CAP\u00d4 E INTERIOR AUTOMOTIVO - 3 EM 1 - 5W - 1.200Lm - Sigma Tools\" \/>\n<meta property=\"og:description\" content=\"C\u00f3digo do produto: 0703852000  C\u00f3digo de barras: 7908276607264  &nbsp;    &nbsp;  Caracter\u00edsticas \u2022 Divis\u00edvel em duas l\u00e2mpadas individuais; \u2022 Carreg\u00e1vel individualmente ou acopladas; \u2022 Carga simult\u00e2nea quando acopladas; \u2022 Interruptor de 3 modos: Apagado \/ 50% \/ 100% \u2022 3 \u00edm\u00e3s por empunhadura e gancho girat\u00f3rio; \u2022 2 conjuntos de baterias 2.000mAh - Li-ion; \u2022 Autonomia de uso: Intensidade baixa = 6 horas \/ alta = 3horas; \u2022 Recarreg\u00e1vel atrav\u00e9s de carregador 100-240V - 50\/60Hz.\" \/>\n<meta property=\"og:url\" content=\"https:\/\/www.sigmatools.com.br\/site\/produto\/sgt-8520-lanterna-de-led-recarregavel-para-capo-e-interior-automotivo-3-em-1-5w-1-200ah\/\" \/>\n<meta property=\"og:site_name\" content=\"Sigma Tools\" \/>\n<meta property=\"article:publisher\" content=\"https:\/\/www.facebook.com\/sigmatools\" \/>\n<meta property=\"article:modified_time\" content=\"2025-02-04T14:14:38+00:00\" \/>\n<meta property=\"og:image\" content=\"https:\/\/www.sigmatools.com.br\/site\/wp-content\/uploads\/2022\/12\/DSC_0558.png\" \/>\n\t<meta property=\"og:image:width\" content=\"1000\" \/>\n\t<meta property=\"og:image:height\" content=\"1000\" \/>\n\t<meta property=\"og:image:type\" content=\"image\/png\" \/>\n<meta name=\"twitter:card\" content=\"summary_large_image\" \/>\n<meta name=\"twitter:label1\" content=\"Est. tempo de leitura\" \/>\n\t<meta name=\"twitter:data1\" content=\"1 minuto\" \/>\n<script type=\"application\/ld+json\" class=\"yoast-schema-graph\">{\"@context\":\"https:\/\/schema.org\",\"@graph\":[{\"@type\":\"WebPage\",\"@id\":\"https:\/\/www.sigmatools.com.br\/site\/produto\/sgt-8520-lanterna-de-led-recarregavel-para-capo-e-interior-automotivo-3-em-1-5w-1-200ah\/\",\"url\":\"https:\/\/www.sigmatools.com.br\/site\/produto\/sgt-8520-lanterna-de-led-recarregavel-para-capo-e-interior-automotivo-3-em-1-5w-1-200ah\/\",\"name\":\"SGT-8520 LANTERNA DE LED RECARREG\u00c1VEL PARA CAP\u00d4 E INTERIOR AUTOMOTIVO - 3 EM 1 - 5W - 1.200Lm - Sigma Tools\",\"isPartOf\":{\"@id\":\"https:\/\/www.sigmatools.com.br\/site\/#website\"},\"primaryImageOfPage\":{\"@id\":\"https:\/\/www.sigmatools.com.br\/site\/produto\/sgt-8520-lanterna-de-led-recarregavel-para-capo-e-interior-automotivo-3-em-1-5w-1-200ah\/#primaryimage\"},\"image\":{\"@id\":\"https:\/\/www.sigmatools.com.br\/site\/produto\/sgt-8520-lanterna-de-led-recarregavel-para-capo-e-interior-automotivo-3-em-1-5w-1-200ah\/#primaryimage\"},\"thumbnailUrl\":\"https:\/\/www.sigmatools.com.br\/site\/wp-content\/uploads\/2022\/12\/DSC_0558.png\",\"datePublished\":\"2022-12-01T19:12:58+00:00\",\"dateModified\":\"2025-02-04T14:14:38+00:00\",\"breadcrumb\":{\"@id\":\"https:\/\/www.sigmatools.com.br\/site\/produto\/sgt-8520-lanterna-de-led-recarregavel-para-capo-e-interior-automotivo-3-em-1-5w-1-200ah\/#breadcrumb\"},\"inLanguage\":\"pt-BR\",\"potentialAction\":[{\"@type\":\"ReadAction\",\"target\":[\"https:\/\/www.sigmatools.com.br\/site\/produto\/sgt-8520-lanterna-de-led-recarregavel-para-capo-e-interior-automotivo-3-em-1-5w-1-200ah\/\"]}]},{\"@type\":\"ImageObject\",\"inLanguage\":\"pt-BR\",\"@id\":\"https:\/\/www.sigmatools.com.br\/site\/produto\/sgt-8520-lanterna-de-led-recarregavel-para-capo-e-interior-automotivo-3-em-1-5w-1-200ah\/#primaryimage\",\"url\":\"https:\/\/www.sigmatools.com.br\/site\/wp-content\/uploads\/2022\/12\/DSC_0558.png\",\"contentUrl\":\"https:\/\/www.sigmatools.com.br\/site\/wp-content\/uploads\/2022\/12\/DSC_0558.png\",\"width\":1000,\"height\":1000},{\"@type\":\"BreadcrumbList\",\"@id\":\"https:\/\/www.sigmatools.com.br\/site\/produto\/sgt-8520-lanterna-de-led-recarregavel-para-capo-e-interior-automotivo-3-em-1-5w-1-200ah\/#breadcrumb\",\"itemListElement\":[{\"@type\":\"ListItem\",\"position\":1,\"name\":\"In\u00edcio\",\"item\":\"https:\/\/www.sigmatools.com.br\/site\/\"},{\"@type\":\"ListItem\",\"position\":2,\"name\":\"SGT-8520 LANTERNA DE LED RECARREG\u00c1VEL PARA CAP\u00d4 E INTERIOR AUTOMOTIVO &#8211; 3 EM 1 &#8211; 5W &#8211; 1.200Lm\"}]},{\"@type\":\"WebSite\",\"@id\":\"https:\/\/www.sigmatools.com.br\/site\/#website\",\"url\":\"https:\/\/www.sigmatools.com.br\/site\/\",\"name\":\"Sigma Tools\",\"description\":\"Equipamentos para Est\u00e9tica Automotiva e Oficina Mec\u00e2nica - Sigma Tools\",\"publisher\":{\"@id\":\"https:\/\/www.sigmatools.com.br\/site\/#organization\"},\"potentialAction\":[{\"@type\":\"SearchAction\",\"target\":{\"@type\":\"EntryPoint\",\"urlTemplate\":\"https:\/\/www.sigmatools.com.br\/site\/?s={search_term_string}\"},\"query-input\":{\"@type\":\"PropertyValueSpecification\",\"valueRequired\":true,\"valueName\":\"search_term_string\"}}],\"inLanguage\":\"pt-BR\"},{\"@type\":\"Organization\",\"@id\":\"https:\/\/www.sigmatools.com.br\/site\/#organization\",\"name\":\"SIGMA TOOLS\",\"url\":\"https:\/\/www.sigmatools.com.br\/site\/\",\"logo\":{\"@type\":\"ImageObject\",\"inLanguage\":\"pt-BR\",\"@id\":\"https:\/\/www.sigmatools.com.br\/site\/#\/schema\/logo\/image\/\",\"url\":\"https:\/\/www.sigmatools.com.br\/site\/wp-content\/uploads\/2020\/01\/logo-sigma.png\",\"contentUrl\":\"https:\/\/www.sigmatools.com.br\/site\/wp-content\/uploads\/2020\/01\/logo-sigma.png\",\"width\":152,\"height\":150,\"caption\":\"SIGMA TOOLS\"},\"image\":{\"@id\":\"https:\/\/www.sigmatools.com.br\/site\/#\/schema\/logo\/image\/\"},\"sameAs\":[\"https:\/\/www.facebook.com\/sigmatools\"]}]}<\/script>\n<!-- \/ Yoast SEO plugin. -->","yoast_head_json":{"title":"SGT-8520 LANTERNA DE LED RECARREG\u00c1VEL PARA CAP\u00d4 E INTERIOR AUTOMOTIVO - 3 EM 1 - 5W - 1.200Lm - Sigma Tools","robots":{"index":"index","follow":"follow","max-snippet":"max-snippet:-1","max-image-preview":"max-image-preview:large","max-video-preview":"max-video-preview:-1"},"canonical":"https:\/\/www.sigmatools.com.br\/site\/produto\/sgt-8520-lanterna-de-led-recarregavel-para-capo-e-interior-automotivo-3-em-1-5w-1-200ah\/","og_locale":"pt_BR","og_type":"article","og_title":"SGT-8520 LANTERNA DE LED RECARREG\u00c1VEL PARA CAP\u00d4 E INTERIOR AUTOMOTIVO - 3 EM 1 - 5W - 1.200Lm - Sigma Tools","og_description":"C\u00f3digo do produto: 0703852000  C\u00f3digo de barras: 7908276607264  &nbsp;    &nbsp;  Caracter\u00edsticas \u2022 Divis\u00edvel em duas l\u00e2mpadas individuais; \u2022 Carreg\u00e1vel individualmente ou acopladas; \u2022 Carga simult\u00e2nea quando acopladas; \u2022 Interruptor de 3 modos: Apagado \/ 50% \/ 100% \u2022 3 \u00edm\u00e3s por empunhadura e gancho girat\u00f3rio; \u2022 2 conjuntos de baterias 2.000mAh - Li-ion; \u2022 Autonomia de uso: Intensidade baixa = 6 horas \/ alta = 3horas; \u2022 Recarreg\u00e1vel atrav\u00e9s de carregador 100-240V - 50\/60Hz.","og_url":"https:\/\/www.sigmatools.com.br\/site\/produto\/sgt-8520-lanterna-de-led-recarregavel-para-capo-e-interior-automotivo-3-em-1-5w-1-200ah\/","og_site_name":"Sigma Tools","article_publisher":"https:\/\/www.facebook.com\/sigmatools","article_modified_time":"2025-02-04T14:14:38+00:00","og_image":[{"width":1000,"height":1000,"url":"https:\/\/www.sigmatools.com.br\/site\/wp-content\/uploads\/2022\/12\/DSC_0558.png","type":"image\/png"}],"twitter_card":"summary_large_image","twitter_misc":{"Est. tempo de leitura":"1 minuto"},"schema":{"@context":"https:\/\/schema.org","@graph":[{"@type":"WebPage","@id":"https:\/\/www.sigmatools.com.br\/site\/produto\/sgt-8520-lanterna-de-led-recarregavel-para-capo-e-interior-automotivo-3-em-1-5w-1-200ah\/","url":"https:\/\/www.sigmatools.com.br\/site\/produto\/sgt-8520-lanterna-de-led-recarregavel-para-capo-e-interior-automotivo-3-em-1-5w-1-200ah\/","name":"SGT-8520 LANTERNA DE LED RECARREG\u00c1VEL PARA CAP\u00d4 E INTERIOR AUTOMOTIVO - 3 EM 1 - 5W - 1.200Lm - Sigma Tools","isPartOf":{"@id":"https:\/\/www.sigmatools.com.br\/site\/#website"},"primaryImageOfPage":{"@id":"https:\/\/www.sigmatools.com.br\/site\/produto\/sgt-8520-lanterna-de-led-recarregavel-para-capo-e-interior-automotivo-3-em-1-5w-1-200ah\/#primaryimage"},"image":{"@id":"https:\/\/www.sigmatools.com.br\/site\/produto\/sgt-8520-lanterna-de-led-recarregavel-para-capo-e-interior-automotivo-3-em-1-5w-1-200ah\/#primaryimage"},"thumbnailUrl":"https:\/\/www.sigmatools.com.br\/site\/wp-content\/uploads\/2022\/12\/DSC_0558.png","datePublished":"2022-12-01T19:12:58+00:00","dateModified":"2025-02-04T14:14:38+00:00","breadcrumb":{"@id":"https:\/\/www.sigmatools.com.br\/site\/produto\/sgt-8520-lanterna-de-led-recarregavel-para-capo-e-interior-automotivo-3-em-1-5w-1-200ah\/#breadcrumb"},"inLanguage":"pt-BR","potentialAction":[{"@type":"ReadAction","target":["https:\/\/www.sigmatools.com.br\/site\/produto\/sgt-8520-lanterna-de-led-recarregavel-para-capo-e-interior-automotivo-3-em-1-5w-1-200ah\/"]}]},{"@type":"ImageObject","inLanguage":"pt-BR","@id":"https:\/\/www.sigmatools.com.br\/site\/produto\/sgt-8520-lanterna-de-led-recarregavel-para-capo-e-interior-automotivo-3-em-1-5w-1-200ah\/#primaryimage","url":"https:\/\/www.sigmatools.com.br\/site\/wp-content\/uploads\/2022\/12\/DSC_0558.png","contentUrl":"https:\/\/www.sigmatools.com.br\/site\/wp-content\/uploads\/2022\/12\/DSC_0558.png","width":1000,"height":1000},{"@type":"BreadcrumbList","@id":"https:\/\/www.sigmatools.com.br\/site\/produto\/sgt-8520-lanterna-de-led-recarregavel-para-capo-e-interior-automotivo-3-em-1-5w-1-200ah\/#breadcrumb","itemListElement":[{"@type":"ListItem","position":1,"name":"In\u00edcio","item":"https:\/\/www.sigmatools.com.br\/site\/"},{"@type":"ListItem","position":2,"name":"SGT-8520 LANTERNA DE LED RECARREG\u00c1VEL PARA CAP\u00d4 E INTERIOR AUTOMOTIVO &#8211; 3 EM 1 &#8211; 5W &#8211; 1.200Lm"}]},{"@type":"WebSite","@id":"https:\/\/www.sigmatools.com.br\/site\/#website","url":"https:\/\/www.sigmatools.com.br\/site\/","name":"Sigma Tools","description":"Equipamentos para Est\u00e9tica Automotiva e Oficina Mec\u00e2nica - Sigma Tools","publisher":{"@id":"https:\/\/www.sigmatools.com.br\/site\/#organization"},"potentialAction":[{"@type":"SearchAction","target":{"@type":"EntryPoint","urlTemplate":"https:\/\/www.sigmatools.com.br\/site\/?s={search_term_string}"},"query-input":{"@type":"PropertyValueSpecification","valueRequired":true,"valueName":"search_term_string"}}],"inLanguage":"pt-BR"},{"@type":"Organization","@id":"https:\/\/www.sigmatools.com.br\/site\/#organization","name":"SIGMA TOOLS","url":"https:\/\/www.sigmatools.com.br\/site\/","logo":{"@type":"ImageObject","inLanguage":"pt-BR","@id":"https:\/\/www.sigmatools.com.br\/site\/#\/schema\/logo\/image\/","url":"https:\/\/www.sigmatools.com.br\/site\/wp-content\/uploads\/2020\/01\/logo-sigma.png","contentUrl":"https:\/\/www.sigmatools.com.br\/site\/wp-content\/uploads\/2020\/01\/logo-sigma.png","width":152,"height":150,"caption":"SIGMA TOOLS"},"image":{"@id":"https:\/\/www.sigmatools.com.br\/site\/#\/schema\/logo\/image\/"},"sameAs":["https:\/\/www.facebook.com\/sigmatools"]}]}},"_links":{"self":[{"href":"https:\/\/www.sigmatools.com.br\/site\/wp-json\/wp\/v2\/product\/4359","targetHints":{"allow":["GET"]}}],"collection":[{"href":"https:\/\/www.sigmatools.com.br\/site\/wp-json\/wp\/v2\/product"}],"about":[{"href":"https:\/\/www.sigmatools.com.br\/site\/wp-json\/wp\/v2\/types\/product"}],"replies":[{"embeddable":true,"href":"https:\/\/www.sigmatools.com.br\/site\/wp-json\/wp\/v2\/comments?post=4359"}],"wp:featuredmedia":[{"embeddable":true,"href":"https:\/\/www.sigmatools.com.br\/site\/wp-json\/wp\/v2\/media\/4362"}],"wp:attachment":[{"href":"https:\/\/www.sigmatools.com.br\/site\/wp-json\/wp\/v2\/media?parent=4359"}],"wp:term":[{"taxonomy":"product_brand","embeddable":true,"href":"https:\/\/www.sigmatools.com.br\/site\/wp-json\/wp\/v2\/product_brand?post=4359"},{"taxonomy":"product_cat","embeddable":true,"href":"https:\/\/www.sigmatools.com.br\/site\/wp-json\/wp\/v2\/product_cat?post=4359"},{"taxonomy":"product_tag","embeddable":true,"href":"https:\/\/www.sigmatools.com.br\/site\/wp-json\/wp\/v2\/product_tag?post=4359"}],"curies":[{"name":"wp","href":"https:\/\/api.w.org\/{rel}","templated":true}]}}