{"id":4534,"date":"2023-02-01T13:38:02","date_gmt":"2023-02-01T16:38:02","guid":{"rendered":"https:\/\/www.sigmatools.com.br\/site\/?post_type=product&#038;p=4534"},"modified":"2025-10-15T11:40:13","modified_gmt":"2025-10-15T14:40:13","slug":"sgt-8002-aplicador-de-selante-a-bateria-21v-para-saches","status":"publish","type":"product","link":"https:\/\/www.sigmatools.com.br\/site\/produto\/sgt-8002-aplicador-de-selante-a-bateria-21v-para-saches\/","title":{"rendered":"SGT-8002 APLICADOR DE SELANTE \u00c0 BATERIA 21V &#8211; PARA SACH\u00caS"},"content":{"rendered":"","protected":false},"excerpt":{"rendered":"<p><strong>C\u00f3digo do produto:\u00a0<\/strong>0703800200<\/p>\n<p><strong>C\u00f3digo de barras: <\/strong>7908276607837<\/p>\n<h6><iframe title=\"YouTube video player\" src=\"https:\/\/www.youtube.com\/embed\/Yf7Lj0byfdM?si=ueI1INg96iWAPop9\" width=\"315\" height=\"560\" frameborder=\"0\" allowfullscreen=\"allowfullscreen\"><span data-mce-type=\"bookmark\" style=\"display: inline-block; width: 0px; overflow: hidden; line-height: 0;\" class=\"mce_SELRES_start\">\ufeff<\/span><\/iframe><\/h6>\n<iframe title=\"YouTube video player\" src=\"https:\/\/www.youtube.com\/embed\/RSpU2yNxPWw?si=zTIXP_ct8OjeLhOV\" width=\"560\" height=\"315\" frameborder=\"0\" allowfullscreen=\"allowfullscreen\"><\/iframe>\n<p><strong>Vantagens<\/strong><br \/>\n\u2022 Controle de velocidade no gatilho;<br \/>\n\u2022 Bot\u00e3o de trava de velocidade cont\u00ednua;<br \/>\n\u2022 O recurso anti-gotejamento, retrai automaticamente<br \/>\na haste evitando que escorra;<br \/>\n\u2022 F\u00e1cil aplica\u00e7\u00e3o;<br \/>\n\u2022 Praticidade e efici\u00eancia;<br \/>\n\u2022 Alerta que pisca quando houver sobrecarga na<br \/>\nm\u00e1quina, iniciando a auto-prote\u00e7\u00e3o.<\/p>\n<p><strong>Acompanha<\/strong><br \/>\n\u2022 02 baterias 21V &#8211; 2,0Ah &#8211; Li-Ion;<br \/>\n\u2022 01 carregador bivolt (Entrada 100-240V AC e Sa\u00edda<br \/>\n21,5V &#8211; 1.3Ah &#8211; 28W &#8211; IP20);<br \/>\n\u2022 01 manual de instru\u00e7\u00f5es;<br \/>\n\u2022 01 batente do \u00eambulo adicional;<br \/>\n\u2022 01 parafuso de fixa\u00e7\u00e3o adicional;<br \/>\n\u2022 02 \u00eambulos adicionais.<\/p>\n<p>&nbsp;<\/p>\n[button size=\"small\" icon=\"\" target=\"_blank\" text_align=\"left\" text=\"Informativo\" link=\"http:\/\/www.sigmatools.com.br\/site\/arquivos\/informativos\/SGT-8002%20-%20APLICADOR%20DE%20SELANTE%20\u00c0%20BATERIA21V%20-%20PARA%20SACH\u00caS%20-%20INFO.pdf\" color=\"#ffffff\" hover_color=\"#ffffff\" background_color=\"#353535\" hover_background_color=\"#dd3333\" border_color=\"#353535\" hover_border_color=\"#dd3333\"]\n[button size=\"small\" icon=\"\" target=\"_blank\" text_align=\"left\" text=\"Vista Explodida\" link=\"https:\/\/www.sigmatools.com.br\/site\/arquivos\/vista-explodida\/SGT-8001%20E%20SGT-8002%20-%20APLICADOR%20DE%20SELANTE%20%C3%80%20BATERIA%20-%20VE.pdf\" color=\"#ffffff\" hover_color=\"#ffffff\" background_color=\"#353535\" hover_background_color=\"#dd3333\" border_color=\"#353535\" hover_border_color=\"#dd3333\"]","protected":false},"featured_media":4537,"comment_status":"open","ping_status":"closed","template":"","meta":{"_jet_sm_ready_style":"","_jet_sm_style":"","_jet_sm_controls_values":"","_jet_sm_fonts_collection":"","_jet_sm_fonts_links":""},"product_brand":[],"product_cat":[60,15],"product_tag":[],"class_list":{"0":"post-4534","1":"product","2":"type-product","3":"status-publish","4":"has-post-thumbnail","6":"product_cat-catalogo-geral","7":"product_cat-sigma-tools","9":"first","10":"instock","11":"shipping-taxable","12":"product-type-simple"},"yoast_head":"<!-- This site is optimized with the Yoast SEO plugin v27.1.1 - https:\/\/yoast.com\/product\/yoast-seo-wordpress\/ -->\n<title>SGT-8002 APLICADOR DE SELANTE \u00c0 BATERIA 21V - PARA SACH\u00caS - Sigma Tools<\/title>\n<meta name=\"robots\" content=\"index, follow, max-snippet:-1, max-image-preview:large, max-video-preview:-1\" \/>\n<link rel=\"canonical\" href=\"https:\/\/www.sigmatools.com.br\/site\/produto\/sgt-8002-aplicador-de-selante-a-bateria-21v-para-saches\/\" \/>\n<meta property=\"og:locale\" content=\"pt_BR\" \/>\n<meta property=\"og:type\" content=\"article\" \/>\n<meta property=\"og:title\" content=\"SGT-8002 APLICADOR DE SELANTE \u00c0 BATERIA 21V - PARA SACH\u00caS - Sigma Tools\" \/>\n<meta property=\"og:description\" content=\"C\u00f3digo do produto:\u00a00703800200  C\u00f3digo de barras: 7908276607837 \ufeff   Vantagens \u2022 Controle de velocidade no gatilho; \u2022 Bot\u00e3o de trava de velocidade cont\u00ednua; \u2022 O recurso anti-gotejamento, retrai automaticamente a haste evitando que escorra; \u2022 F\u00e1cil aplica\u00e7\u00e3o; \u2022 Praticidade e efici\u00eancia; \u2022 Alerta que pisca quando houver sobrecarga na m\u00e1quina, iniciando a auto-prote\u00e7\u00e3o.  Acompanha \u2022 02 baterias 21V - 2,0Ah - Li-Ion; \u2022 01 carregador bivolt (Entrada 100-240V AC e Sa\u00edda 21,5V - 1.3Ah - 28W - IP20); \u2022 01 manual de instru\u00e7\u00f5es; \u2022 01 batente do \u00eambulo adicional; \u2022 01 parafuso de fixa\u00e7\u00e3o adicional; \u2022 02 \u00eambulos adicionais.  &nbsp;\" \/>\n<meta property=\"og:url\" content=\"https:\/\/www.sigmatools.com.br\/site\/produto\/sgt-8002-aplicador-de-selante-a-bateria-21v-para-saches\/\" \/>\n<meta property=\"og:site_name\" content=\"Sigma Tools\" \/>\n<meta property=\"article:publisher\" content=\"https:\/\/www.facebook.com\/sigmatools\" \/>\n<meta property=\"article:modified_time\" content=\"2025-10-15T14:40:13+00:00\" \/>\n<meta property=\"og:image\" content=\"https:\/\/www.sigmatools.com.br\/site\/wp-content\/uploads\/2023\/02\/fundo-branco.png\" \/>\n\t<meta property=\"og:image:width\" content=\"1000\" \/>\n\t<meta property=\"og:image:height\" content=\"1000\" \/>\n\t<meta property=\"og:image:type\" content=\"image\/png\" \/>\n<meta name=\"twitter:card\" content=\"summary_large_image\" \/>\n<meta name=\"twitter:label1\" content=\"Est. tempo de leitura\" \/>\n\t<meta name=\"twitter:data1\" content=\"1 minuto\" \/>\n<script type=\"application\/ld+json\" class=\"yoast-schema-graph\">{\"@context\":\"https:\/\/schema.org\",\"@graph\":[{\"@type\":\"WebPage\",\"@id\":\"https:\/\/www.sigmatools.com.br\/site\/produto\/sgt-8002-aplicador-de-selante-a-bateria-21v-para-saches\/\",\"url\":\"https:\/\/www.sigmatools.com.br\/site\/produto\/sgt-8002-aplicador-de-selante-a-bateria-21v-para-saches\/\",\"name\":\"SGT-8002 APLICADOR DE SELANTE \u00c0 BATERIA 21V - PARA SACH\u00caS - Sigma Tools\",\"isPartOf\":{\"@id\":\"https:\/\/www.sigmatools.com.br\/site\/#website\"},\"primaryImageOfPage\":{\"@id\":\"https:\/\/www.sigmatools.com.br\/site\/produto\/sgt-8002-aplicador-de-selante-a-bateria-21v-para-saches\/#primaryimage\"},\"image\":{\"@id\":\"https:\/\/www.sigmatools.com.br\/site\/produto\/sgt-8002-aplicador-de-selante-a-bateria-21v-para-saches\/#primaryimage\"},\"thumbnailUrl\":\"https:\/\/www.sigmatools.com.br\/site\/wp-content\/uploads\/2023\/02\/fundo-branco.png\",\"datePublished\":\"2023-02-01T16:38:02+00:00\",\"dateModified\":\"2025-10-15T14:40:13+00:00\",\"breadcrumb\":{\"@id\":\"https:\/\/www.sigmatools.com.br\/site\/produto\/sgt-8002-aplicador-de-selante-a-bateria-21v-para-saches\/#breadcrumb\"},\"inLanguage\":\"pt-BR\",\"potentialAction\":[{\"@type\":\"ReadAction\",\"target\":[\"https:\/\/www.sigmatools.com.br\/site\/produto\/sgt-8002-aplicador-de-selante-a-bateria-21v-para-saches\/\"]}]},{\"@type\":\"ImageObject\",\"inLanguage\":\"pt-BR\",\"@id\":\"https:\/\/www.sigmatools.com.br\/site\/produto\/sgt-8002-aplicador-de-selante-a-bateria-21v-para-saches\/#primaryimage\",\"url\":\"https:\/\/www.sigmatools.com.br\/site\/wp-content\/uploads\/2023\/02\/fundo-branco.png\",\"contentUrl\":\"https:\/\/www.sigmatools.com.br\/site\/wp-content\/uploads\/2023\/02\/fundo-branco.png\",\"width\":1000,\"height\":1000},{\"@type\":\"BreadcrumbList\",\"@id\":\"https:\/\/www.sigmatools.com.br\/site\/produto\/sgt-8002-aplicador-de-selante-a-bateria-21v-para-saches\/#breadcrumb\",\"itemListElement\":[{\"@type\":\"ListItem\",\"position\":1,\"name\":\"In\u00edcio\",\"item\":\"https:\/\/www.sigmatools.com.br\/site\/\"},{\"@type\":\"ListItem\",\"position\":2,\"name\":\"SGT-8002 APLICADOR DE SELANTE \u00c0 BATERIA 21V &#8211; PARA SACH\u00caS\"}]},{\"@type\":\"WebSite\",\"@id\":\"https:\/\/www.sigmatools.com.br\/site\/#website\",\"url\":\"https:\/\/www.sigmatools.com.br\/site\/\",\"name\":\"Sigma Tools\",\"description\":\"Equipamentos para Est\u00e9tica Automotiva e Oficina Mec\u00e2nica - Sigma Tools\",\"publisher\":{\"@id\":\"https:\/\/www.sigmatools.com.br\/site\/#organization\"},\"potentialAction\":[{\"@type\":\"SearchAction\",\"target\":{\"@type\":\"EntryPoint\",\"urlTemplate\":\"https:\/\/www.sigmatools.com.br\/site\/?s={search_term_string}\"},\"query-input\":{\"@type\":\"PropertyValueSpecification\",\"valueRequired\":true,\"valueName\":\"search_term_string\"}}],\"inLanguage\":\"pt-BR\"},{\"@type\":\"Organization\",\"@id\":\"https:\/\/www.sigmatools.com.br\/site\/#organization\",\"name\":\"SIGMA TOOLS\",\"url\":\"https:\/\/www.sigmatools.com.br\/site\/\",\"logo\":{\"@type\":\"ImageObject\",\"inLanguage\":\"pt-BR\",\"@id\":\"https:\/\/www.sigmatools.com.br\/site\/#\/schema\/logo\/image\/\",\"url\":\"https:\/\/www.sigmatools.com.br\/site\/wp-content\/uploads\/2020\/01\/logo-sigma.png\",\"contentUrl\":\"https:\/\/www.sigmatools.com.br\/site\/wp-content\/uploads\/2020\/01\/logo-sigma.png\",\"width\":152,\"height\":150,\"caption\":\"SIGMA TOOLS\"},\"image\":{\"@id\":\"https:\/\/www.sigmatools.com.br\/site\/#\/schema\/logo\/image\/\"},\"sameAs\":[\"https:\/\/www.facebook.com\/sigmatools\"]}]}<\/script>\n<!-- \/ Yoast SEO plugin. -->","yoast_head_json":{"title":"SGT-8002 APLICADOR DE SELANTE \u00c0 BATERIA 21V - PARA SACH\u00caS - Sigma Tools","robots":{"index":"index","follow":"follow","max-snippet":"max-snippet:-1","max-image-preview":"max-image-preview:large","max-video-preview":"max-video-preview:-1"},"canonical":"https:\/\/www.sigmatools.com.br\/site\/produto\/sgt-8002-aplicador-de-selante-a-bateria-21v-para-saches\/","og_locale":"pt_BR","og_type":"article","og_title":"SGT-8002 APLICADOR DE SELANTE \u00c0 BATERIA 21V - PARA SACH\u00caS - Sigma Tools","og_description":"C\u00f3digo do produto:\u00a00703800200  C\u00f3digo de barras: 7908276607837 \ufeff   Vantagens \u2022 Controle de velocidade no gatilho; \u2022 Bot\u00e3o de trava de velocidade cont\u00ednua; \u2022 O recurso anti-gotejamento, retrai automaticamente a haste evitando que escorra; \u2022 F\u00e1cil aplica\u00e7\u00e3o; \u2022 Praticidade e efici\u00eancia; \u2022 Alerta que pisca quando houver sobrecarga na m\u00e1quina, iniciando a auto-prote\u00e7\u00e3o.  Acompanha \u2022 02 baterias 21V - 2,0Ah - Li-Ion; \u2022 01 carregador bivolt (Entrada 100-240V AC e Sa\u00edda 21,5V - 1.3Ah - 28W - IP20); \u2022 01 manual de instru\u00e7\u00f5es; \u2022 01 batente do \u00eambulo adicional; \u2022 01 parafuso de fixa\u00e7\u00e3o adicional; \u2022 02 \u00eambulos adicionais.  &nbsp;","og_url":"https:\/\/www.sigmatools.com.br\/site\/produto\/sgt-8002-aplicador-de-selante-a-bateria-21v-para-saches\/","og_site_name":"Sigma Tools","article_publisher":"https:\/\/www.facebook.com\/sigmatools","article_modified_time":"2025-10-15T14:40:13+00:00","og_image":[{"width":1000,"height":1000,"url":"https:\/\/www.sigmatools.com.br\/site\/wp-content\/uploads\/2023\/02\/fundo-branco.png","type":"image\/png"}],"twitter_card":"summary_large_image","twitter_misc":{"Est. tempo de leitura":"1 minuto"},"schema":{"@context":"https:\/\/schema.org","@graph":[{"@type":"WebPage","@id":"https:\/\/www.sigmatools.com.br\/site\/produto\/sgt-8002-aplicador-de-selante-a-bateria-21v-para-saches\/","url":"https:\/\/www.sigmatools.com.br\/site\/produto\/sgt-8002-aplicador-de-selante-a-bateria-21v-para-saches\/","name":"SGT-8002 APLICADOR DE SELANTE \u00c0 BATERIA 21V - PARA SACH\u00caS - Sigma Tools","isPartOf":{"@id":"https:\/\/www.sigmatools.com.br\/site\/#website"},"primaryImageOfPage":{"@id":"https:\/\/www.sigmatools.com.br\/site\/produto\/sgt-8002-aplicador-de-selante-a-bateria-21v-para-saches\/#primaryimage"},"image":{"@id":"https:\/\/www.sigmatools.com.br\/site\/produto\/sgt-8002-aplicador-de-selante-a-bateria-21v-para-saches\/#primaryimage"},"thumbnailUrl":"https:\/\/www.sigmatools.com.br\/site\/wp-content\/uploads\/2023\/02\/fundo-branco.png","datePublished":"2023-02-01T16:38:02+00:00","dateModified":"2025-10-15T14:40:13+00:00","breadcrumb":{"@id":"https:\/\/www.sigmatools.com.br\/site\/produto\/sgt-8002-aplicador-de-selante-a-bateria-21v-para-saches\/#breadcrumb"},"inLanguage":"pt-BR","potentialAction":[{"@type":"ReadAction","target":["https:\/\/www.sigmatools.com.br\/site\/produto\/sgt-8002-aplicador-de-selante-a-bateria-21v-para-saches\/"]}]},{"@type":"ImageObject","inLanguage":"pt-BR","@id":"https:\/\/www.sigmatools.com.br\/site\/produto\/sgt-8002-aplicador-de-selante-a-bateria-21v-para-saches\/#primaryimage","url":"https:\/\/www.sigmatools.com.br\/site\/wp-content\/uploads\/2023\/02\/fundo-branco.png","contentUrl":"https:\/\/www.sigmatools.com.br\/site\/wp-content\/uploads\/2023\/02\/fundo-branco.png","width":1000,"height":1000},{"@type":"BreadcrumbList","@id":"https:\/\/www.sigmatools.com.br\/site\/produto\/sgt-8002-aplicador-de-selante-a-bateria-21v-para-saches\/#breadcrumb","itemListElement":[{"@type":"ListItem","position":1,"name":"In\u00edcio","item":"https:\/\/www.sigmatools.com.br\/site\/"},{"@type":"ListItem","position":2,"name":"SGT-8002 APLICADOR DE SELANTE \u00c0 BATERIA 21V &#8211; PARA SACH\u00caS"}]},{"@type":"WebSite","@id":"https:\/\/www.sigmatools.com.br\/site\/#website","url":"https:\/\/www.sigmatools.com.br\/site\/","name":"Sigma Tools","description":"Equipamentos para Est\u00e9tica Automotiva e Oficina Mec\u00e2nica - Sigma Tools","publisher":{"@id":"https:\/\/www.sigmatools.com.br\/site\/#organization"},"potentialAction":[{"@type":"SearchAction","target":{"@type":"EntryPoint","urlTemplate":"https:\/\/www.sigmatools.com.br\/site\/?s={search_term_string}"},"query-input":{"@type":"PropertyValueSpecification","valueRequired":true,"valueName":"search_term_string"}}],"inLanguage":"pt-BR"},{"@type":"Organization","@id":"https:\/\/www.sigmatools.com.br\/site\/#organization","name":"SIGMA TOOLS","url":"https:\/\/www.sigmatools.com.br\/site\/","logo":{"@type":"ImageObject","inLanguage":"pt-BR","@id":"https:\/\/www.sigmatools.com.br\/site\/#\/schema\/logo\/image\/","url":"https:\/\/www.sigmatools.com.br\/site\/wp-content\/uploads\/2020\/01\/logo-sigma.png","contentUrl":"https:\/\/www.sigmatools.com.br\/site\/wp-content\/uploads\/2020\/01\/logo-sigma.png","width":152,"height":150,"caption":"SIGMA TOOLS"},"image":{"@id":"https:\/\/www.sigmatools.com.br\/site\/#\/schema\/logo\/image\/"},"sameAs":["https:\/\/www.facebook.com\/sigmatools"]}]}},"_links":{"self":[{"href":"https:\/\/www.sigmatools.com.br\/site\/wp-json\/wp\/v2\/product\/4534","targetHints":{"allow":["GET"]}}],"collection":[{"href":"https:\/\/www.sigmatools.com.br\/site\/wp-json\/wp\/v2\/product"}],"about":[{"href":"https:\/\/www.sigmatools.com.br\/site\/wp-json\/wp\/v2\/types\/product"}],"replies":[{"embeddable":true,"href":"https:\/\/www.sigmatools.com.br\/site\/wp-json\/wp\/v2\/comments?post=4534"}],"wp:featuredmedia":[{"embeddable":true,"href":"https:\/\/www.sigmatools.com.br\/site\/wp-json\/wp\/v2\/media\/4537"}],"wp:attachment":[{"href":"https:\/\/www.sigmatools.com.br\/site\/wp-json\/wp\/v2\/media?parent=4534"}],"wp:term":[{"taxonomy":"product_brand","embeddable":true,"href":"https:\/\/www.sigmatools.com.br\/site\/wp-json\/wp\/v2\/product_brand?post=4534"},{"taxonomy":"product_cat","embeddable":true,"href":"https:\/\/www.sigmatools.com.br\/site\/wp-json\/wp\/v2\/product_cat?post=4534"},{"taxonomy":"product_tag","embeddable":true,"href":"https:\/\/www.sigmatools.com.br\/site\/wp-json\/wp\/v2\/product_tag?post=4534"}],"curies":[{"name":"wp","href":"https:\/\/api.w.org\/{rel}","templated":true}]}}