{"id":4818,"date":"2023-03-21T16:14:09","date_gmt":"2023-03-21T19:14:09","guid":{"rendered":"https:\/\/www.sigmatools.com.br\/site\/?post_type=product&#038;p=4818"},"modified":"2026-04-08T12:06:52","modified_gmt":"2026-04-08T15:06:52","slug":"sgt-9010-carretel-enrolador-10m-de-mangueira-alta-pressao-3-000psi","status":"publish","type":"product","link":"https:\/\/www.sigmatools.com.br\/site\/produto\/sgt-9010-carretel-enrolador-10m-de-mangueira-alta-pressao-3-000psi\/","title":{"rendered":"SGT-9010 CARRETEL ENROLADOR 10M DE MANGUEIRA ALTA PRESS\u00c3O &#8211; 3.000PSI"},"content":{"rendered":"","protected":false},"excerpt":{"rendered":"<p><strong>C\u00f3digo do Produto<\/strong>: 0761039010<\/p>\n<p><strong>C\u00f3digo de Barras<\/strong>: 7908276607394<\/p>\n<p>&nbsp;<\/p>\n<p>&nbsp;<\/p>\n<p>&nbsp;<\/p>\n<p><strong>Vantagens<\/strong><br \/>\n\u2022 Equipamento compacto de simples opera\u00e7\u00e3o e baixa manuten\u00e7\u00e3o;<br \/>\n\u2022 Possui limitador de curso;<br \/>\n\u2022 Com retra\u00e7\u00e3o autom\u00e1tica segura e que n\u00e3o exige esfor\u00e7o do operador;<br \/>\n\u2022 Evita desgaste prematuro da mangueira e mant\u00e9m o ambiente mais organizado;<br \/>\n\u2022 Permite manter o local de trabalho organizado;<br \/>\n\u2022 Maior praticidade;<br \/>\n\u2022 Oferece a alta resist\u00eancia e corros\u00e3o;<br \/>\n\u2022 Leve;<br \/>\n\u2022 Pode ser adaptado em pisos, paredes, tetos, suportes e etc&#8230;<br \/>\n\u2022 Conector de entrada girat\u00f3rio.<\/p>\n<p>&nbsp;<\/p>\n<p><strong>Especifica\u00e7\u00f5es T\u00e9cnicas<\/strong><br \/>\n\u2022 Capacidade: 10 metros de mangueira;<br \/>\n\u2022 Terminal M22x14;<br \/>\n\u2022 Material da mangueira: Mangueira de lata press\u00e3o com trama de a\u00e7o;<br \/>\n\u2022 Dimens\u00f5es: 400mm x 400mm x 170mm;<br \/>\n\u2022 Di\u00e2metro da mangueira: 5\/16\u201d;<br \/>\n\u2022 Conex\u00e3o de entrada e sa\u00edda: NPT 1\/2\u201d;<br \/>\n\u2022 Peso: 13.7kg.<\/p>\n<p>&nbsp;<\/p>\n<p><strong>Aplica\u00e7\u00f5es<\/strong><br \/>\n\u2022 Indicado para enrolar mangueira de \u00e1gua, evitando desgaste e contamina\u00e7\u00e3o da mesma;<br \/>\n\u2022 Utilizado em redes de \u00e1gua para abastecimento e lava\u00e7\u00e3o de ve\u00edculos ou equipamentos diversos.<\/p>\n<p>&nbsp;<\/p>\n<p>&nbsp;<\/p>\n<p>&nbsp;<\/p>\n<p>&nbsp;<\/p>\n[button size=\"small\" icon=\"\" target=\"_blank\" text_align=\"left\" text=\"Informativo\" link=\"http:\/\/www.sigmatools.com.br\/site\/arquivos\/informativos\/SGT-9010%20-%20CARRETEL%20ENROLADOR%2010M%20DE%20MANGUEIRA%20-%20ALTA%20PRESS\u00c3O%20-%203.000PSI%20-%20INFO.pdf\" color=\"#ffffff\" hover_color=\"#ffffff\" background_color=\"#353535\" hover_background_color=\"#dd3333\" border_color=\"#353535\" hover_border_color=\"#dd3333\"]","protected":false},"featured_media":4817,"comment_status":"open","ping_status":"closed","template":"","meta":{"_jet_sm_ready_style":"","_jet_sm_style":"","_jet_sm_controls_values":"","_jet_sm_fonts_collection":"","_jet_sm_fonts_links":""},"product_brand":[],"product_cat":[110,60,92,15],"product_tag":[],"class_list":{"0":"post-4818","1":"product","2":"type-product","3":"status-publish","4":"has-post-thumbnail","6":"product_cat-ferramentas","7":"product_cat-catalogo-geral","8":"product_cat-lavagem-e-higienizacao","9":"product_cat-sigma-tools","11":"first","12":"instock","13":"shipping-taxable","14":"product-type-simple"},"yoast_head":"<!-- This site is optimized with the Yoast SEO plugin v27.1.1 - https:\/\/yoast.com\/product\/yoast-seo-wordpress\/ -->\n<title>SGT-9010 CARRETEL ENROLADOR 10M DE MANGUEIRA ALTA PRESS\u00c3O - 3.000PSI - Sigma Tools<\/title>\n<meta name=\"robots\" content=\"index, follow, max-snippet:-1, max-image-preview:large, max-video-preview:-1\" \/>\n<link rel=\"canonical\" href=\"https:\/\/www.sigmatools.com.br\/site\/produto\/sgt-9010-carretel-enrolador-10m-de-mangueira-alta-pressao-3-000psi\/\" \/>\n<meta property=\"og:locale\" content=\"pt_BR\" \/>\n<meta property=\"og:type\" content=\"article\" \/>\n<meta property=\"og:title\" content=\"SGT-9010 CARRETEL ENROLADOR 10M DE MANGUEIRA ALTA PRESS\u00c3O - 3.000PSI - Sigma Tools\" \/>\n<meta property=\"og:description\" content=\"C\u00f3digo do Produto: 0761039010  C\u00f3digo de Barras: 7908276607394  &nbsp;  &nbsp;  &nbsp;  Vantagens \u2022 Equipamento compacto de simples opera\u00e7\u00e3o e baixa manuten\u00e7\u00e3o; \u2022 Possui limitador de curso; \u2022 Com retra\u00e7\u00e3o autom\u00e1tica segura e que n\u00e3o exige esfor\u00e7o do operador; \u2022 Evita desgaste prematuro da mangueira e mant\u00e9m o ambiente mais organizado; \u2022 Permite manter o local de trabalho organizado; \u2022 Maior praticidade; \u2022 Oferece a alta resist\u00eancia e corros\u00e3o; \u2022 Leve; \u2022 Pode ser adaptado em pisos, paredes, tetos, suportes e etc... \u2022 Conector de entrada girat\u00f3rio.  &nbsp;  Especifica\u00e7\u00f5es T\u00e9cnicas \u2022 Capacidade: 10 metros de mangueira; \u2022 Terminal M22x14; \u2022 Material da mangueira: Mangueira de lata press\u00e3o com trama de a\u00e7o; \u2022 Dimens\u00f5es: 400mm x 400mm x 170mm; \u2022 Di\u00e2metro da mangueira: 5\/16\u201d; \u2022 Conex\u00e3o de entrada e sa\u00edda: NPT 1\/2\u201d; \u2022 Peso: 13.7kg.  &nbsp;  Aplica\u00e7\u00f5es \u2022 Indicado para enrolar mangueira de \u00e1gua, evitando desgaste e contamina\u00e7\u00e3o da mesma; \u2022 Utilizado em redes de \u00e1gua para abastecimento e lava\u00e7\u00e3o de ve\u00edculos ou equipamentos diversos.  &nbsp;  &nbsp;  &nbsp;  &nbsp;\" \/>\n<meta property=\"og:url\" content=\"https:\/\/www.sigmatools.com.br\/site\/produto\/sgt-9010-carretel-enrolador-10m-de-mangueira-alta-pressao-3-000psi\/\" \/>\n<meta property=\"og:site_name\" content=\"Sigma Tools\" \/>\n<meta property=\"article:publisher\" content=\"https:\/\/www.facebook.com\/sigmatools\" \/>\n<meta property=\"article:modified_time\" content=\"2026-04-08T15:06:52+00:00\" \/>\n<meta property=\"og:image\" content=\"https:\/\/www.sigmatools.com.br\/site\/wp-content\/uploads\/2021\/12\/1000x1000.png\" \/>\n\t<meta property=\"og:image:width\" content=\"1000\" \/>\n\t<meta property=\"og:image:height\" content=\"1000\" \/>\n\t<meta property=\"og:image:type\" content=\"image\/png\" \/>\n<meta name=\"twitter:card\" content=\"summary_large_image\" \/>\n<meta name=\"twitter:label1\" content=\"Est. tempo de leitura\" \/>\n\t<meta name=\"twitter:data1\" content=\"1 minuto\" \/>\n<script type=\"application\/ld+json\" class=\"yoast-schema-graph\">{\"@context\":\"https:\/\/schema.org\",\"@graph\":[{\"@type\":\"WebPage\",\"@id\":\"https:\/\/www.sigmatools.com.br\/site\/produto\/sgt-9010-carretel-enrolador-10m-de-mangueira-alta-pressao-3-000psi\/\",\"url\":\"https:\/\/www.sigmatools.com.br\/site\/produto\/sgt-9010-carretel-enrolador-10m-de-mangueira-alta-pressao-3-000psi\/\",\"name\":\"SGT-9010 CARRETEL ENROLADOR 10M DE MANGUEIRA ALTA PRESS\u00c3O - 3.000PSI - Sigma Tools\",\"isPartOf\":{\"@id\":\"https:\/\/www.sigmatools.com.br\/site\/#website\"},\"primaryImageOfPage\":{\"@id\":\"https:\/\/www.sigmatools.com.br\/site\/produto\/sgt-9010-carretel-enrolador-10m-de-mangueira-alta-pressao-3-000psi\/#primaryimage\"},\"image\":{\"@id\":\"https:\/\/www.sigmatools.com.br\/site\/produto\/sgt-9010-carretel-enrolador-10m-de-mangueira-alta-pressao-3-000psi\/#primaryimage\"},\"thumbnailUrl\":\"https:\/\/www.sigmatools.com.br\/site\/wp-content\/uploads\/2021\/12\/1000x1000.png\",\"datePublished\":\"2023-03-21T19:14:09+00:00\",\"dateModified\":\"2026-04-08T15:06:52+00:00\",\"breadcrumb\":{\"@id\":\"https:\/\/www.sigmatools.com.br\/site\/produto\/sgt-9010-carretel-enrolador-10m-de-mangueira-alta-pressao-3-000psi\/#breadcrumb\"},\"inLanguage\":\"pt-BR\",\"potentialAction\":[{\"@type\":\"ReadAction\",\"target\":[\"https:\/\/www.sigmatools.com.br\/site\/produto\/sgt-9010-carretel-enrolador-10m-de-mangueira-alta-pressao-3-000psi\/\"]}]},{\"@type\":\"ImageObject\",\"inLanguage\":\"pt-BR\",\"@id\":\"https:\/\/www.sigmatools.com.br\/site\/produto\/sgt-9010-carretel-enrolador-10m-de-mangueira-alta-pressao-3-000psi\/#primaryimage\",\"url\":\"https:\/\/www.sigmatools.com.br\/site\/wp-content\/uploads\/2021\/12\/1000x1000.png\",\"contentUrl\":\"https:\/\/www.sigmatools.com.br\/site\/wp-content\/uploads\/2021\/12\/1000x1000.png\",\"width\":1000,\"height\":1000},{\"@type\":\"BreadcrumbList\",\"@id\":\"https:\/\/www.sigmatools.com.br\/site\/produto\/sgt-9010-carretel-enrolador-10m-de-mangueira-alta-pressao-3-000psi\/#breadcrumb\",\"itemListElement\":[{\"@type\":\"ListItem\",\"position\":1,\"name\":\"In\u00edcio\",\"item\":\"https:\/\/www.sigmatools.com.br\/site\/\"},{\"@type\":\"ListItem\",\"position\":2,\"name\":\"SGT-9010 CARRETEL ENROLADOR 10M DE MANGUEIRA ALTA PRESS\u00c3O &#8211; 3.000PSI\"}]},{\"@type\":\"WebSite\",\"@id\":\"https:\/\/www.sigmatools.com.br\/site\/#website\",\"url\":\"https:\/\/www.sigmatools.com.br\/site\/\",\"name\":\"Sigma Tools\",\"description\":\"Equipamentos para Est\u00e9tica Automotiva e Oficina Mec\u00e2nica - Sigma Tools\",\"publisher\":{\"@id\":\"https:\/\/www.sigmatools.com.br\/site\/#organization\"},\"potentialAction\":[{\"@type\":\"SearchAction\",\"target\":{\"@type\":\"EntryPoint\",\"urlTemplate\":\"https:\/\/www.sigmatools.com.br\/site\/?s={search_term_string}\"},\"query-input\":{\"@type\":\"PropertyValueSpecification\",\"valueRequired\":true,\"valueName\":\"search_term_string\"}}],\"inLanguage\":\"pt-BR\"},{\"@type\":\"Organization\",\"@id\":\"https:\/\/www.sigmatools.com.br\/site\/#organization\",\"name\":\"SIGMA TOOLS\",\"url\":\"https:\/\/www.sigmatools.com.br\/site\/\",\"logo\":{\"@type\":\"ImageObject\",\"inLanguage\":\"pt-BR\",\"@id\":\"https:\/\/www.sigmatools.com.br\/site\/#\/schema\/logo\/image\/\",\"url\":\"https:\/\/www.sigmatools.com.br\/site\/wp-content\/uploads\/2020\/01\/logo-sigma.png\",\"contentUrl\":\"https:\/\/www.sigmatools.com.br\/site\/wp-content\/uploads\/2020\/01\/logo-sigma.png\",\"width\":152,\"height\":150,\"caption\":\"SIGMA TOOLS\"},\"image\":{\"@id\":\"https:\/\/www.sigmatools.com.br\/site\/#\/schema\/logo\/image\/\"},\"sameAs\":[\"https:\/\/www.facebook.com\/sigmatools\"]}]}<\/script>\n<!-- \/ Yoast SEO plugin. -->","yoast_head_json":{"title":"SGT-9010 CARRETEL ENROLADOR 10M DE MANGUEIRA ALTA PRESS\u00c3O - 3.000PSI - Sigma Tools","robots":{"index":"index","follow":"follow","max-snippet":"max-snippet:-1","max-image-preview":"max-image-preview:large","max-video-preview":"max-video-preview:-1"},"canonical":"https:\/\/www.sigmatools.com.br\/site\/produto\/sgt-9010-carretel-enrolador-10m-de-mangueira-alta-pressao-3-000psi\/","og_locale":"pt_BR","og_type":"article","og_title":"SGT-9010 CARRETEL ENROLADOR 10M DE MANGUEIRA ALTA PRESS\u00c3O - 3.000PSI - Sigma Tools","og_description":"C\u00f3digo do Produto: 0761039010  C\u00f3digo de Barras: 7908276607394  &nbsp;  &nbsp;  &nbsp;  Vantagens \u2022 Equipamento compacto de simples opera\u00e7\u00e3o e baixa manuten\u00e7\u00e3o; \u2022 Possui limitador de curso; \u2022 Com retra\u00e7\u00e3o autom\u00e1tica segura e que n\u00e3o exige esfor\u00e7o do operador; \u2022 Evita desgaste prematuro da mangueira e mant\u00e9m o ambiente mais organizado; \u2022 Permite manter o local de trabalho organizado; \u2022 Maior praticidade; \u2022 Oferece a alta resist\u00eancia e corros\u00e3o; \u2022 Leve; \u2022 Pode ser adaptado em pisos, paredes, tetos, suportes e etc... \u2022 Conector de entrada girat\u00f3rio.  &nbsp;  Especifica\u00e7\u00f5es T\u00e9cnicas \u2022 Capacidade: 10 metros de mangueira; \u2022 Terminal M22x14; \u2022 Material da mangueira: Mangueira de lata press\u00e3o com trama de a\u00e7o; \u2022 Dimens\u00f5es: 400mm x 400mm x 170mm; \u2022 Di\u00e2metro da mangueira: 5\/16\u201d; \u2022 Conex\u00e3o de entrada e sa\u00edda: NPT 1\/2\u201d; \u2022 Peso: 13.7kg.  &nbsp;  Aplica\u00e7\u00f5es \u2022 Indicado para enrolar mangueira de \u00e1gua, evitando desgaste e contamina\u00e7\u00e3o da mesma; \u2022 Utilizado em redes de \u00e1gua para abastecimento e lava\u00e7\u00e3o de ve\u00edculos ou equipamentos diversos.  &nbsp;  &nbsp;  &nbsp;  &nbsp;","og_url":"https:\/\/www.sigmatools.com.br\/site\/produto\/sgt-9010-carretel-enrolador-10m-de-mangueira-alta-pressao-3-000psi\/","og_site_name":"Sigma Tools","article_publisher":"https:\/\/www.facebook.com\/sigmatools","article_modified_time":"2026-04-08T15:06:52+00:00","og_image":[{"width":1000,"height":1000,"url":"https:\/\/www.sigmatools.com.br\/site\/wp-content\/uploads\/2021\/12\/1000x1000.png","type":"image\/png"}],"twitter_card":"summary_large_image","twitter_misc":{"Est. tempo de leitura":"1 minuto"},"schema":{"@context":"https:\/\/schema.org","@graph":[{"@type":"WebPage","@id":"https:\/\/www.sigmatools.com.br\/site\/produto\/sgt-9010-carretel-enrolador-10m-de-mangueira-alta-pressao-3-000psi\/","url":"https:\/\/www.sigmatools.com.br\/site\/produto\/sgt-9010-carretel-enrolador-10m-de-mangueira-alta-pressao-3-000psi\/","name":"SGT-9010 CARRETEL ENROLADOR 10M DE MANGUEIRA ALTA PRESS\u00c3O - 3.000PSI - Sigma Tools","isPartOf":{"@id":"https:\/\/www.sigmatools.com.br\/site\/#website"},"primaryImageOfPage":{"@id":"https:\/\/www.sigmatools.com.br\/site\/produto\/sgt-9010-carretel-enrolador-10m-de-mangueira-alta-pressao-3-000psi\/#primaryimage"},"image":{"@id":"https:\/\/www.sigmatools.com.br\/site\/produto\/sgt-9010-carretel-enrolador-10m-de-mangueira-alta-pressao-3-000psi\/#primaryimage"},"thumbnailUrl":"https:\/\/www.sigmatools.com.br\/site\/wp-content\/uploads\/2021\/12\/1000x1000.png","datePublished":"2023-03-21T19:14:09+00:00","dateModified":"2026-04-08T15:06:52+00:00","breadcrumb":{"@id":"https:\/\/www.sigmatools.com.br\/site\/produto\/sgt-9010-carretel-enrolador-10m-de-mangueira-alta-pressao-3-000psi\/#breadcrumb"},"inLanguage":"pt-BR","potentialAction":[{"@type":"ReadAction","target":["https:\/\/www.sigmatools.com.br\/site\/produto\/sgt-9010-carretel-enrolador-10m-de-mangueira-alta-pressao-3-000psi\/"]}]},{"@type":"ImageObject","inLanguage":"pt-BR","@id":"https:\/\/www.sigmatools.com.br\/site\/produto\/sgt-9010-carretel-enrolador-10m-de-mangueira-alta-pressao-3-000psi\/#primaryimage","url":"https:\/\/www.sigmatools.com.br\/site\/wp-content\/uploads\/2021\/12\/1000x1000.png","contentUrl":"https:\/\/www.sigmatools.com.br\/site\/wp-content\/uploads\/2021\/12\/1000x1000.png","width":1000,"height":1000},{"@type":"BreadcrumbList","@id":"https:\/\/www.sigmatools.com.br\/site\/produto\/sgt-9010-carretel-enrolador-10m-de-mangueira-alta-pressao-3-000psi\/#breadcrumb","itemListElement":[{"@type":"ListItem","position":1,"name":"In\u00edcio","item":"https:\/\/www.sigmatools.com.br\/site\/"},{"@type":"ListItem","position":2,"name":"SGT-9010 CARRETEL ENROLADOR 10M DE MANGUEIRA ALTA PRESS\u00c3O &#8211; 3.000PSI"}]},{"@type":"WebSite","@id":"https:\/\/www.sigmatools.com.br\/site\/#website","url":"https:\/\/www.sigmatools.com.br\/site\/","name":"Sigma Tools","description":"Equipamentos para Est\u00e9tica Automotiva e Oficina Mec\u00e2nica - Sigma Tools","publisher":{"@id":"https:\/\/www.sigmatools.com.br\/site\/#organization"},"potentialAction":[{"@type":"SearchAction","target":{"@type":"EntryPoint","urlTemplate":"https:\/\/www.sigmatools.com.br\/site\/?s={search_term_string}"},"query-input":{"@type":"PropertyValueSpecification","valueRequired":true,"valueName":"search_term_string"}}],"inLanguage":"pt-BR"},{"@type":"Organization","@id":"https:\/\/www.sigmatools.com.br\/site\/#organization","name":"SIGMA TOOLS","url":"https:\/\/www.sigmatools.com.br\/site\/","logo":{"@type":"ImageObject","inLanguage":"pt-BR","@id":"https:\/\/www.sigmatools.com.br\/site\/#\/schema\/logo\/image\/","url":"https:\/\/www.sigmatools.com.br\/site\/wp-content\/uploads\/2020\/01\/logo-sigma.png","contentUrl":"https:\/\/www.sigmatools.com.br\/site\/wp-content\/uploads\/2020\/01\/logo-sigma.png","width":152,"height":150,"caption":"SIGMA TOOLS"},"image":{"@id":"https:\/\/www.sigmatools.com.br\/site\/#\/schema\/logo\/image\/"},"sameAs":["https:\/\/www.facebook.com\/sigmatools"]}]}},"_links":{"self":[{"href":"https:\/\/www.sigmatools.com.br\/site\/wp-json\/wp\/v2\/product\/4818","targetHints":{"allow":["GET"]}}],"collection":[{"href":"https:\/\/www.sigmatools.com.br\/site\/wp-json\/wp\/v2\/product"}],"about":[{"href":"https:\/\/www.sigmatools.com.br\/site\/wp-json\/wp\/v2\/types\/product"}],"replies":[{"embeddable":true,"href":"https:\/\/www.sigmatools.com.br\/site\/wp-json\/wp\/v2\/comments?post=4818"}],"wp:featuredmedia":[{"embeddable":true,"href":"https:\/\/www.sigmatools.com.br\/site\/wp-json\/wp\/v2\/media\/4817"}],"wp:attachment":[{"href":"https:\/\/www.sigmatools.com.br\/site\/wp-json\/wp\/v2\/media?parent=4818"}],"wp:term":[{"taxonomy":"product_brand","embeddable":true,"href":"https:\/\/www.sigmatools.com.br\/site\/wp-json\/wp\/v2\/product_brand?post=4818"},{"taxonomy":"product_cat","embeddable":true,"href":"https:\/\/www.sigmatools.com.br\/site\/wp-json\/wp\/v2\/product_cat?post=4818"},{"taxonomy":"product_tag","embeddable":true,"href":"https:\/\/www.sigmatools.com.br\/site\/wp-json\/wp\/v2\/product_tag?post=4818"}],"curies":[{"name":"wp","href":"https:\/\/api.w.org\/{rel}","templated":true}]}}