{"id":4918,"date":"2023-04-28T18:34:51","date_gmt":"2023-04-28T21:34:51","guid":{"rendered":"https:\/\/www.sigmatools.com.br\/site\/?post_type=product&#038;p=4918"},"modified":"2024-07-01T09:59:13","modified_gmt":"2024-07-01T12:59:13","slug":"sgt-5123-politriz-roto-orbital-sgt-pro-21mm-900w-60hz","status":"publish","type":"product","link":"https:\/\/www.sigmatools.com.br\/site\/produto\/sgt-5123-politriz-roto-orbital-sgt-pro-21mm-900w-60hz\/","title":{"rendered":"SGT-5123 &#8211; POLITRIZ ROTO ORBITAL SGT PRO  21MM &#8211; 900W &#8211; 60HZ"},"content":{"rendered":"","protected":false},"excerpt":{"rendered":"<p><strong>C\u00f3digo do produto: 127V<\/strong> &#8211; 0702512301 | <strong>220V<\/strong> &#8211; 0702512300<\/p>\n<p><strong>C\u00f3digo de barras: 127V<\/strong> &#8211; 7908276613128 | <strong>220V<\/strong> &#8211; 7908276613111<\/p>\n<p>&nbsp;<\/p>\n<p><strong>CARACTER\u00cdSTICAS<\/strong><br \/>\n&#8211; Design ergon\u00f4mico com empunhadura tipo roto orbital;<br \/>\n&#8211; Leve e equilibrada;<br \/>\n&#8211; Baix\u00edssima vibra\u00e7\u00e3o e ru\u00eddo;<br \/>\n&#8211; Menor aquecimento;<br \/>\n&#8211; Cabo com 5m de comprimento siliconado;<br \/>\n&#8211; 6 n\u00edveis de velocidade;<br \/>\n&#8211; Duas empunhaduras: frontal e tipo D.<\/p>\n<p>&nbsp;<\/p>\n[button size=\"small\" icon=\"\" target=\"_blank\" text_align=\"left\" text=\"Informativo\" link=\"http:\/\/www.sigmatools.com.br\/site\/arquivos\/informativos\/SGT-5123%20-%20POLITRIZ%20ROTO%20ORBITAL%20SGTPRO%2021MM%20900W%2060HZ.pdf\" color=\"#ffffff\" hover_color=\"#ffffff\" background_color=\"#353535\" hover_background_color=\"#dd3333\" border_color=\"#353535\" hover_border_color=\"#dd3333\"]\n[button size=\"small\" icon=\"\" target=\"_blank\" text_align=\"left\" text=\"Vista Explodida\" link=\"http:\/\/www.sigmatools.com.br\/site\/arquivos\/vista-explodida\/SGT-5123%20-%20POLITRIZ%20ROTO%20ORBITAL%20SGT%20PRO%2021MM%20900W%20VE.pdf\" color=\"#ffffff\" hover_color=\"#ffffff\" background_color=\"#353535\" hover_background_color=\"#dd3333\" border_color=\"#353535\" hover_border_color=\"#dd3333\"]","protected":false},"featured_media":4903,"comment_status":"open","ping_status":"closed","template":"","meta":{"_jet_sm_ready_style":"","_jet_sm_style":"","_jet_sm_controls_values":"","_jet_sm_fonts_collection":"","_jet_sm_fonts_links":""},"product_brand":[],"product_cat":[15],"product_tag":[],"class_list":{"0":"post-4918","1":"product","2":"type-product","3":"status-publish","4":"has-post-thumbnail","6":"product_cat-sigma-tools","8":"first","9":"instock","10":"shipping-taxable","11":"product-type-simple"},"yoast_head":"<!-- This site is optimized with the Yoast SEO plugin v27.1.1 - https:\/\/yoast.com\/product\/yoast-seo-wordpress\/ -->\n<title>SGT-5123 - POLITRIZ ROTO ORBITAL SGT PRO 21MM - 900W - 60HZ - Sigma Tools<\/title>\n<meta name=\"robots\" content=\"index, follow, max-snippet:-1, max-image-preview:large, max-video-preview:-1\" \/>\n<link rel=\"canonical\" href=\"https:\/\/www.sigmatools.com.br\/site\/produto\/sgt-5123-politriz-roto-orbital-sgt-pro-21mm-900w-60hz\/\" \/>\n<meta property=\"og:locale\" content=\"pt_BR\" \/>\n<meta property=\"og:type\" content=\"article\" \/>\n<meta property=\"og:title\" content=\"SGT-5123 - POLITRIZ ROTO ORBITAL SGT PRO 21MM - 900W - 60HZ - Sigma Tools\" \/>\n<meta property=\"og:description\" content=\"C\u00f3digo do produto: 127V - 0702512301 | 220V - 0702512300  C\u00f3digo de barras: 127V - 7908276613128 | 220V - 7908276613111  &nbsp;  CARACTER\u00cdSTICAS - Design ergon\u00f4mico com empunhadura tipo roto orbital; - Leve e equilibrada; - Baix\u00edssima vibra\u00e7\u00e3o e ru\u00eddo; - Menor aquecimento; - Cabo com 5m de comprimento siliconado; - 6 n\u00edveis de velocidade; - Duas empunhaduras: frontal e tipo D.  &nbsp;\" \/>\n<meta property=\"og:url\" content=\"https:\/\/www.sigmatools.com.br\/site\/produto\/sgt-5123-politriz-roto-orbital-sgt-pro-21mm-900w-60hz\/\" \/>\n<meta property=\"og:site_name\" content=\"Sigma Tools\" \/>\n<meta property=\"article:publisher\" content=\"https:\/\/www.facebook.com\/sigmatools\" \/>\n<meta property=\"article:modified_time\" content=\"2024-07-01T12:59:13+00:00\" \/>\n<meta property=\"og:image\" content=\"https:\/\/www.sigmatools.com.br\/site\/wp-content\/uploads\/2023\/04\/1000x1000-5123.png\" \/>\n\t<meta property=\"og:image:width\" content=\"1000\" \/>\n\t<meta property=\"og:image:height\" content=\"1000\" \/>\n\t<meta property=\"og:image:type\" content=\"image\/png\" \/>\n<meta name=\"twitter:card\" content=\"summary_large_image\" \/>\n<script type=\"application\/ld+json\" class=\"yoast-schema-graph\">{\"@context\":\"https:\/\/schema.org\",\"@graph\":[{\"@type\":\"WebPage\",\"@id\":\"https:\/\/www.sigmatools.com.br\/site\/produto\/sgt-5123-politriz-roto-orbital-sgt-pro-21mm-900w-60hz\/\",\"url\":\"https:\/\/www.sigmatools.com.br\/site\/produto\/sgt-5123-politriz-roto-orbital-sgt-pro-21mm-900w-60hz\/\",\"name\":\"SGT-5123 - POLITRIZ ROTO ORBITAL SGT PRO 21MM - 900W - 60HZ - Sigma Tools\",\"isPartOf\":{\"@id\":\"https:\/\/www.sigmatools.com.br\/site\/#website\"},\"primaryImageOfPage\":{\"@id\":\"https:\/\/www.sigmatools.com.br\/site\/produto\/sgt-5123-politriz-roto-orbital-sgt-pro-21mm-900w-60hz\/#primaryimage\"},\"image\":{\"@id\":\"https:\/\/www.sigmatools.com.br\/site\/produto\/sgt-5123-politriz-roto-orbital-sgt-pro-21mm-900w-60hz\/#primaryimage\"},\"thumbnailUrl\":\"https:\/\/www.sigmatools.com.br\/site\/wp-content\/uploads\/2023\/04\/1000x1000-5123.png\",\"datePublished\":\"2023-04-28T21:34:51+00:00\",\"dateModified\":\"2024-07-01T12:59:13+00:00\",\"breadcrumb\":{\"@id\":\"https:\/\/www.sigmatools.com.br\/site\/produto\/sgt-5123-politriz-roto-orbital-sgt-pro-21mm-900w-60hz\/#breadcrumb\"},\"inLanguage\":\"pt-BR\",\"potentialAction\":[{\"@type\":\"ReadAction\",\"target\":[\"https:\/\/www.sigmatools.com.br\/site\/produto\/sgt-5123-politriz-roto-orbital-sgt-pro-21mm-900w-60hz\/\"]}]},{\"@type\":\"ImageObject\",\"inLanguage\":\"pt-BR\",\"@id\":\"https:\/\/www.sigmatools.com.br\/site\/produto\/sgt-5123-politriz-roto-orbital-sgt-pro-21mm-900w-60hz\/#primaryimage\",\"url\":\"https:\/\/www.sigmatools.com.br\/site\/wp-content\/uploads\/2023\/04\/1000x1000-5123.png\",\"contentUrl\":\"https:\/\/www.sigmatools.com.br\/site\/wp-content\/uploads\/2023\/04\/1000x1000-5123.png\",\"width\":1000,\"height\":1000},{\"@type\":\"BreadcrumbList\",\"@id\":\"https:\/\/www.sigmatools.com.br\/site\/produto\/sgt-5123-politriz-roto-orbital-sgt-pro-21mm-900w-60hz\/#breadcrumb\",\"itemListElement\":[{\"@type\":\"ListItem\",\"position\":1,\"name\":\"In\u00edcio\",\"item\":\"https:\/\/www.sigmatools.com.br\/site\/\"},{\"@type\":\"ListItem\",\"position\":2,\"name\":\"SGT-5123 &#8211; POLITRIZ ROTO ORBITAL SGT PRO 21MM &#8211; 900W &#8211; 60HZ\"}]},{\"@type\":\"WebSite\",\"@id\":\"https:\/\/www.sigmatools.com.br\/site\/#website\",\"url\":\"https:\/\/www.sigmatools.com.br\/site\/\",\"name\":\"Sigma Tools\",\"description\":\"Equipamentos para Est\u00e9tica Automotiva e Oficina Mec\u00e2nica - Sigma Tools\",\"publisher\":{\"@id\":\"https:\/\/www.sigmatools.com.br\/site\/#organization\"},\"potentialAction\":[{\"@type\":\"SearchAction\",\"target\":{\"@type\":\"EntryPoint\",\"urlTemplate\":\"https:\/\/www.sigmatools.com.br\/site\/?s={search_term_string}\"},\"query-input\":{\"@type\":\"PropertyValueSpecification\",\"valueRequired\":true,\"valueName\":\"search_term_string\"}}],\"inLanguage\":\"pt-BR\"},{\"@type\":\"Organization\",\"@id\":\"https:\/\/www.sigmatools.com.br\/site\/#organization\",\"name\":\"SIGMA TOOLS\",\"url\":\"https:\/\/www.sigmatools.com.br\/site\/\",\"logo\":{\"@type\":\"ImageObject\",\"inLanguage\":\"pt-BR\",\"@id\":\"https:\/\/www.sigmatools.com.br\/site\/#\/schema\/logo\/image\/\",\"url\":\"https:\/\/www.sigmatools.com.br\/site\/wp-content\/uploads\/2020\/01\/logo-sigma.png\",\"contentUrl\":\"https:\/\/www.sigmatools.com.br\/site\/wp-content\/uploads\/2020\/01\/logo-sigma.png\",\"width\":152,\"height\":150,\"caption\":\"SIGMA TOOLS\"},\"image\":{\"@id\":\"https:\/\/www.sigmatools.com.br\/site\/#\/schema\/logo\/image\/\"},\"sameAs\":[\"https:\/\/www.facebook.com\/sigmatools\"]}]}<\/script>\n<!-- \/ Yoast SEO plugin. -->","yoast_head_json":{"title":"SGT-5123 - POLITRIZ ROTO ORBITAL SGT PRO 21MM - 900W - 60HZ - Sigma Tools","robots":{"index":"index","follow":"follow","max-snippet":"max-snippet:-1","max-image-preview":"max-image-preview:large","max-video-preview":"max-video-preview:-1"},"canonical":"https:\/\/www.sigmatools.com.br\/site\/produto\/sgt-5123-politriz-roto-orbital-sgt-pro-21mm-900w-60hz\/","og_locale":"pt_BR","og_type":"article","og_title":"SGT-5123 - POLITRIZ ROTO ORBITAL SGT PRO 21MM - 900W - 60HZ - Sigma Tools","og_description":"C\u00f3digo do produto: 127V - 0702512301 | 220V - 0702512300  C\u00f3digo de barras: 127V - 7908276613128 | 220V - 7908276613111  &nbsp;  CARACTER\u00cdSTICAS - Design ergon\u00f4mico com empunhadura tipo roto orbital; - Leve e equilibrada; - Baix\u00edssima vibra\u00e7\u00e3o e ru\u00eddo; - Menor aquecimento; - Cabo com 5m de comprimento siliconado; - 6 n\u00edveis de velocidade; - Duas empunhaduras: frontal e tipo D.  &nbsp;","og_url":"https:\/\/www.sigmatools.com.br\/site\/produto\/sgt-5123-politriz-roto-orbital-sgt-pro-21mm-900w-60hz\/","og_site_name":"Sigma Tools","article_publisher":"https:\/\/www.facebook.com\/sigmatools","article_modified_time":"2024-07-01T12:59:13+00:00","og_image":[{"width":1000,"height":1000,"url":"https:\/\/www.sigmatools.com.br\/site\/wp-content\/uploads\/2023\/04\/1000x1000-5123.png","type":"image\/png"}],"twitter_card":"summary_large_image","schema":{"@context":"https:\/\/schema.org","@graph":[{"@type":"WebPage","@id":"https:\/\/www.sigmatools.com.br\/site\/produto\/sgt-5123-politriz-roto-orbital-sgt-pro-21mm-900w-60hz\/","url":"https:\/\/www.sigmatools.com.br\/site\/produto\/sgt-5123-politriz-roto-orbital-sgt-pro-21mm-900w-60hz\/","name":"SGT-5123 - POLITRIZ ROTO ORBITAL SGT PRO 21MM - 900W - 60HZ - Sigma Tools","isPartOf":{"@id":"https:\/\/www.sigmatools.com.br\/site\/#website"},"primaryImageOfPage":{"@id":"https:\/\/www.sigmatools.com.br\/site\/produto\/sgt-5123-politriz-roto-orbital-sgt-pro-21mm-900w-60hz\/#primaryimage"},"image":{"@id":"https:\/\/www.sigmatools.com.br\/site\/produto\/sgt-5123-politriz-roto-orbital-sgt-pro-21mm-900w-60hz\/#primaryimage"},"thumbnailUrl":"https:\/\/www.sigmatools.com.br\/site\/wp-content\/uploads\/2023\/04\/1000x1000-5123.png","datePublished":"2023-04-28T21:34:51+00:00","dateModified":"2024-07-01T12:59:13+00:00","breadcrumb":{"@id":"https:\/\/www.sigmatools.com.br\/site\/produto\/sgt-5123-politriz-roto-orbital-sgt-pro-21mm-900w-60hz\/#breadcrumb"},"inLanguage":"pt-BR","potentialAction":[{"@type":"ReadAction","target":["https:\/\/www.sigmatools.com.br\/site\/produto\/sgt-5123-politriz-roto-orbital-sgt-pro-21mm-900w-60hz\/"]}]},{"@type":"ImageObject","inLanguage":"pt-BR","@id":"https:\/\/www.sigmatools.com.br\/site\/produto\/sgt-5123-politriz-roto-orbital-sgt-pro-21mm-900w-60hz\/#primaryimage","url":"https:\/\/www.sigmatools.com.br\/site\/wp-content\/uploads\/2023\/04\/1000x1000-5123.png","contentUrl":"https:\/\/www.sigmatools.com.br\/site\/wp-content\/uploads\/2023\/04\/1000x1000-5123.png","width":1000,"height":1000},{"@type":"BreadcrumbList","@id":"https:\/\/www.sigmatools.com.br\/site\/produto\/sgt-5123-politriz-roto-orbital-sgt-pro-21mm-900w-60hz\/#breadcrumb","itemListElement":[{"@type":"ListItem","position":1,"name":"In\u00edcio","item":"https:\/\/www.sigmatools.com.br\/site\/"},{"@type":"ListItem","position":2,"name":"SGT-5123 &#8211; POLITRIZ ROTO ORBITAL SGT PRO 21MM &#8211; 900W &#8211; 60HZ"}]},{"@type":"WebSite","@id":"https:\/\/www.sigmatools.com.br\/site\/#website","url":"https:\/\/www.sigmatools.com.br\/site\/","name":"Sigma Tools","description":"Equipamentos para Est\u00e9tica Automotiva e Oficina Mec\u00e2nica - Sigma Tools","publisher":{"@id":"https:\/\/www.sigmatools.com.br\/site\/#organization"},"potentialAction":[{"@type":"SearchAction","target":{"@type":"EntryPoint","urlTemplate":"https:\/\/www.sigmatools.com.br\/site\/?s={search_term_string}"},"query-input":{"@type":"PropertyValueSpecification","valueRequired":true,"valueName":"search_term_string"}}],"inLanguage":"pt-BR"},{"@type":"Organization","@id":"https:\/\/www.sigmatools.com.br\/site\/#organization","name":"SIGMA TOOLS","url":"https:\/\/www.sigmatools.com.br\/site\/","logo":{"@type":"ImageObject","inLanguage":"pt-BR","@id":"https:\/\/www.sigmatools.com.br\/site\/#\/schema\/logo\/image\/","url":"https:\/\/www.sigmatools.com.br\/site\/wp-content\/uploads\/2020\/01\/logo-sigma.png","contentUrl":"https:\/\/www.sigmatools.com.br\/site\/wp-content\/uploads\/2020\/01\/logo-sigma.png","width":152,"height":150,"caption":"SIGMA TOOLS"},"image":{"@id":"https:\/\/www.sigmatools.com.br\/site\/#\/schema\/logo\/image\/"},"sameAs":["https:\/\/www.facebook.com\/sigmatools"]}]}},"_links":{"self":[{"href":"https:\/\/www.sigmatools.com.br\/site\/wp-json\/wp\/v2\/product\/4918","targetHints":{"allow":["GET"]}}],"collection":[{"href":"https:\/\/www.sigmatools.com.br\/site\/wp-json\/wp\/v2\/product"}],"about":[{"href":"https:\/\/www.sigmatools.com.br\/site\/wp-json\/wp\/v2\/types\/product"}],"replies":[{"embeddable":true,"href":"https:\/\/www.sigmatools.com.br\/site\/wp-json\/wp\/v2\/comments?post=4918"}],"wp:featuredmedia":[{"embeddable":true,"href":"https:\/\/www.sigmatools.com.br\/site\/wp-json\/wp\/v2\/media\/4903"}],"wp:attachment":[{"href":"https:\/\/www.sigmatools.com.br\/site\/wp-json\/wp\/v2\/media?parent=4918"}],"wp:term":[{"taxonomy":"product_brand","embeddable":true,"href":"https:\/\/www.sigmatools.com.br\/site\/wp-json\/wp\/v2\/product_brand?post=4918"},{"taxonomy":"product_cat","embeddable":true,"href":"https:\/\/www.sigmatools.com.br\/site\/wp-json\/wp\/v2\/product_cat?post=4918"},{"taxonomy":"product_tag","embeddable":true,"href":"https:\/\/www.sigmatools.com.br\/site\/wp-json\/wp\/v2\/product_tag?post=4918"}],"curies":[{"name":"wp","href":"https:\/\/api.w.org\/{rel}","templated":true}]}}