{"id":4944,"date":"2023-05-10T12:44:32","date_gmt":"2023-05-10T15:44:32","guid":{"rendered":"https:\/\/www.sigmatools.com.br\/site\/?post_type=product&#038;p=4944"},"modified":"2025-02-06T15:57:43","modified_gmt":"2025-02-06T18:57:43","slug":"mxt-1511r-martelete-190mm-com-cinzeis-redondos","status":"publish","type":"product","link":"https:\/\/www.sigmatools.com.br\/site\/produto\/mxt-1511r-martelete-190mm-com-cinzeis-redondos\/","title":{"rendered":"MXT-1511R &#8211; MARTELETE 190mm COM CINZ\u00c9IS REDONDOS"},"content":{"rendered":"<p>[vc_row css_animation=&#8221;&#8221; row_type=&#8221;row&#8221; use_row_as_full_screen_section=&#8221;no&#8221; type=&#8221;full_width&#8221; angled_section=&#8221;no&#8221; text_align=&#8221;left&#8221; background_image_as_pattern=&#8221;without_pattern&#8221;][vc_column][\/vc_column][\/vc_row]<\/p>","protected":false},"excerpt":{"rendered":"<p><strong>C\u00f3digo do produto:<\/strong> 0701151100<\/p>\n<p><strong>C\u00f3digo de barras:<\/strong> 7908276610943<\/p>\n<p>&nbsp;<\/p>\n<p>&nbsp;<\/p>\n<p>Indicado para retirada de pontos de solda, retirada de rebites, corte em chapas, desincrusta\u00e7\u00f5es, repara\u00e7\u00f5es em geral, entre outros.<\/p>\n<p>&nbsp;<\/p>\n<h3>Caracter\u00edsticas:<\/h3>\n<p>\u2022 Carca\u00e7a em Alum\u00ednio;<br \/>\n\u2022 Desenho ergon\u00f4mico;<br \/>\n\u2022 Exaust\u00e3o de ar na parte frontal do equipamento;<br \/>\n\u2022 Possui regulador de ar para controle de velocidade do equipamento<br \/>\n\u2022 Gatilho com \u00f3tima sensibilidade;<br \/>\n\u2022 Encaixe redondo.<\/p>\n<p>&nbsp;<\/p>\n[button size=\"small\" icon=\"\" target=\"_blank\" text_align=\"left\" text=\"Informativo\" link=\"http:\/\/www.sigmatools.com.br\/site\/arquivos\/informativos\/MXT-1511R%20-%20MARTELETE%20190MM%20COM%20CINZ\u00c9IS%20REDONDOS%20-%20INFO.pdf\" color=\"#ffffff\" hover_color=\"#ffffff\" background_color=\"#353535\" hover_background_color=\"#dd3333\" border_color=\"#353535\" hover_border_color=\"#dd3333\"]\n[button size=\"small\" icon=\"\" target=\"_blank\" text_align=\"left\" text=\"Manual\" link=\"http:\/\/www.sigmatools.com.br\/site\/arquivos\/manual\/MXT-1511R%20-%20Martelete%20190mm%20Kit%20Cinzeis%20Redondos%20-%20MN.pdf\" color=\"#ffffff\" hover_color=\"#ffffff\" background_color=\"#353535\" hover_background_color=\"#dd3333\" border_color=\"#353535\" hover_border_color=\"#dd3333\"]\n[button size=\"small\" icon=\"\" target=\"_blank\" text_align=\"left\" text=\"Vista Explodida\" link=\"http:\/\/www.sigmatools.com.br\/site\/arquivos\/vista-explodida\/MXT-1511R%20-%20Martelete%20190mm%20Kit%20Cinzeis%20Redondos%20-%20INFO.pdf\" color=\"#ffffff\" hover_color=\"#ffffff\" background_color=\"#353535\" hover_background_color=\"#dd3333\" border_color=\"#353535\" hover_border_color=\"#dd3333\"]","protected":false},"featured_media":4937,"comment_status":"open","ping_status":"closed","template":"","meta":{"_jet_sm_ready_style":"","_jet_sm_style":"","_jet_sm_controls_values":"","_jet_sm_fonts_collection":"","_jet_sm_fonts_links":""},"product_brand":[],"product_cat":[218,110,132,60,14,15,84],"product_tag":[],"class_list":{"0":"post-4944","1":"product","2":"type-product","3":"status-publish","4":"has-post-thumbnail","6":"product_cat-destaque","7":"product_cat-ferramentas","8":"product_cat-marteletes","9":"product_cat-catalogo-geral","10":"product_cat-maxx-tools","11":"product_cat-sigma-tools","12":"product_cat-remocao","14":"first","15":"instock","16":"shipping-taxable","17":"product-type-simple"},"yoast_head":"<!-- This site is optimized with the Yoast SEO plugin v27.1.1 - https:\/\/yoast.com\/product\/yoast-seo-wordpress\/ -->\n<title>MXT-1511R - MARTELETE 190mm COM CINZ\u00c9IS REDONDOS - Sigma Tools<\/title>\n<meta name=\"robots\" content=\"index, follow, max-snippet:-1, max-image-preview:large, max-video-preview:-1\" \/>\n<link rel=\"canonical\" href=\"https:\/\/www.sigmatools.com.br\/site\/produto\/mxt-1511r-martelete-190mm-com-cinzeis-redondos\/\" \/>\n<meta property=\"og:locale\" content=\"pt_BR\" \/>\n<meta property=\"og:type\" content=\"article\" \/>\n<meta property=\"og:title\" content=\"MXT-1511R - MARTELETE 190mm COM CINZ\u00c9IS REDONDOS - Sigma Tools\" \/>\n<meta property=\"og:description\" content=\"C\u00f3digo do produto: 0701151100  C\u00f3digo de barras: 7908276610943  &nbsp;  &nbsp;  Indicado para retirada de pontos de solda, retirada de rebites, corte em chapas, desincrusta\u00e7\u00f5es, repara\u00e7\u00f5es em geral, entre outros.  &nbsp; Caracter\u00edsticas: \u2022 Carca\u00e7a em Alum\u00ednio; \u2022 Desenho ergon\u00f4mico; \u2022 Exaust\u00e3o de ar na parte frontal do equipamento; \u2022 Possui regulador de ar para controle de velocidade do equipamento \u2022 Gatilho com \u00f3tima sensibilidade; \u2022 Encaixe redondo.  &nbsp;\" \/>\n<meta property=\"og:url\" content=\"https:\/\/www.sigmatools.com.br\/site\/produto\/mxt-1511r-martelete-190mm-com-cinzeis-redondos\/\" \/>\n<meta property=\"og:site_name\" content=\"Sigma Tools\" \/>\n<meta property=\"article:publisher\" content=\"https:\/\/www.facebook.com\/sigmatools\" \/>\n<meta property=\"article:modified_time\" content=\"2025-02-06T18:57:43+00:00\" \/>\n<meta property=\"og:image\" content=\"https:\/\/www.sigmatools.com.br\/site\/wp-content\/uploads\/2023\/05\/1000x1000-4.png\" \/>\n\t<meta property=\"og:image:width\" content=\"1000\" \/>\n\t<meta property=\"og:image:height\" content=\"1000\" \/>\n\t<meta property=\"og:image:type\" content=\"image\/png\" \/>\n<meta name=\"twitter:card\" content=\"summary_large_image\" \/>\n<meta name=\"twitter:label1\" content=\"Est. tempo de leitura\" \/>\n\t<meta name=\"twitter:data1\" content=\"1 minuto\" \/>\n<script type=\"application\/ld+json\" class=\"yoast-schema-graph\">{\"@context\":\"https:\/\/schema.org\",\"@graph\":[{\"@type\":\"WebPage\",\"@id\":\"https:\/\/www.sigmatools.com.br\/site\/produto\/mxt-1511r-martelete-190mm-com-cinzeis-redondos\/\",\"url\":\"https:\/\/www.sigmatools.com.br\/site\/produto\/mxt-1511r-martelete-190mm-com-cinzeis-redondos\/\",\"name\":\"MXT-1511R - MARTELETE 190mm COM CINZ\u00c9IS REDONDOS - Sigma Tools\",\"isPartOf\":{\"@id\":\"https:\/\/www.sigmatools.com.br\/site\/#website\"},\"primaryImageOfPage\":{\"@id\":\"https:\/\/www.sigmatools.com.br\/site\/produto\/mxt-1511r-martelete-190mm-com-cinzeis-redondos\/#primaryimage\"},\"image\":{\"@id\":\"https:\/\/www.sigmatools.com.br\/site\/produto\/mxt-1511r-martelete-190mm-com-cinzeis-redondos\/#primaryimage\"},\"thumbnailUrl\":\"https:\/\/www.sigmatools.com.br\/site\/wp-content\/uploads\/2023\/05\/1000x1000-4.png\",\"datePublished\":\"2023-05-10T15:44:32+00:00\",\"dateModified\":\"2025-02-06T18:57:43+00:00\",\"breadcrumb\":{\"@id\":\"https:\/\/www.sigmatools.com.br\/site\/produto\/mxt-1511r-martelete-190mm-com-cinzeis-redondos\/#breadcrumb\"},\"inLanguage\":\"pt-BR\",\"potentialAction\":[{\"@type\":\"ReadAction\",\"target\":[\"https:\/\/www.sigmatools.com.br\/site\/produto\/mxt-1511r-martelete-190mm-com-cinzeis-redondos\/\"]}]},{\"@type\":\"ImageObject\",\"inLanguage\":\"pt-BR\",\"@id\":\"https:\/\/www.sigmatools.com.br\/site\/produto\/mxt-1511r-martelete-190mm-com-cinzeis-redondos\/#primaryimage\",\"url\":\"https:\/\/www.sigmatools.com.br\/site\/wp-content\/uploads\/2023\/05\/1000x1000-4.png\",\"contentUrl\":\"https:\/\/www.sigmatools.com.br\/site\/wp-content\/uploads\/2023\/05\/1000x1000-4.png\",\"width\":1000,\"height\":1000},{\"@type\":\"BreadcrumbList\",\"@id\":\"https:\/\/www.sigmatools.com.br\/site\/produto\/mxt-1511r-martelete-190mm-com-cinzeis-redondos\/#breadcrumb\",\"itemListElement\":[{\"@type\":\"ListItem\",\"position\":1,\"name\":\"In\u00edcio\",\"item\":\"https:\/\/www.sigmatools.com.br\/site\/\"},{\"@type\":\"ListItem\",\"position\":2,\"name\":\"MXT-1511R &#8211; MARTELETE 190mm COM CINZ\u00c9IS REDONDOS\"}]},{\"@type\":\"WebSite\",\"@id\":\"https:\/\/www.sigmatools.com.br\/site\/#website\",\"url\":\"https:\/\/www.sigmatools.com.br\/site\/\",\"name\":\"Sigma Tools\",\"description\":\"Equipamentos para Est\u00e9tica Automotiva e Oficina Mec\u00e2nica - Sigma Tools\",\"publisher\":{\"@id\":\"https:\/\/www.sigmatools.com.br\/site\/#organization\"},\"potentialAction\":[{\"@type\":\"SearchAction\",\"target\":{\"@type\":\"EntryPoint\",\"urlTemplate\":\"https:\/\/www.sigmatools.com.br\/site\/?s={search_term_string}\"},\"query-input\":{\"@type\":\"PropertyValueSpecification\",\"valueRequired\":true,\"valueName\":\"search_term_string\"}}],\"inLanguage\":\"pt-BR\"},{\"@type\":\"Organization\",\"@id\":\"https:\/\/www.sigmatools.com.br\/site\/#organization\",\"name\":\"SIGMA TOOLS\",\"url\":\"https:\/\/www.sigmatools.com.br\/site\/\",\"logo\":{\"@type\":\"ImageObject\",\"inLanguage\":\"pt-BR\",\"@id\":\"https:\/\/www.sigmatools.com.br\/site\/#\/schema\/logo\/image\/\",\"url\":\"https:\/\/www.sigmatools.com.br\/site\/wp-content\/uploads\/2020\/01\/logo-sigma.png\",\"contentUrl\":\"https:\/\/www.sigmatools.com.br\/site\/wp-content\/uploads\/2020\/01\/logo-sigma.png\",\"width\":152,\"height\":150,\"caption\":\"SIGMA TOOLS\"},\"image\":{\"@id\":\"https:\/\/www.sigmatools.com.br\/site\/#\/schema\/logo\/image\/\"},\"sameAs\":[\"https:\/\/www.facebook.com\/sigmatools\"]}]}<\/script>\n<!-- \/ Yoast SEO plugin. -->","yoast_head_json":{"title":"MXT-1511R - MARTELETE 190mm COM CINZ\u00c9IS REDONDOS - Sigma Tools","robots":{"index":"index","follow":"follow","max-snippet":"max-snippet:-1","max-image-preview":"max-image-preview:large","max-video-preview":"max-video-preview:-1"},"canonical":"https:\/\/www.sigmatools.com.br\/site\/produto\/mxt-1511r-martelete-190mm-com-cinzeis-redondos\/","og_locale":"pt_BR","og_type":"article","og_title":"MXT-1511R - MARTELETE 190mm COM CINZ\u00c9IS REDONDOS - Sigma Tools","og_description":"C\u00f3digo do produto: 0701151100  C\u00f3digo de barras: 7908276610943  &nbsp;  &nbsp;  Indicado para retirada de pontos de solda, retirada de rebites, corte em chapas, desincrusta\u00e7\u00f5es, repara\u00e7\u00f5es em geral, entre outros.  &nbsp; Caracter\u00edsticas: \u2022 Carca\u00e7a em Alum\u00ednio; \u2022 Desenho ergon\u00f4mico; \u2022 Exaust\u00e3o de ar na parte frontal do equipamento; \u2022 Possui regulador de ar para controle de velocidade do equipamento \u2022 Gatilho com \u00f3tima sensibilidade; \u2022 Encaixe redondo.  &nbsp;","og_url":"https:\/\/www.sigmatools.com.br\/site\/produto\/mxt-1511r-martelete-190mm-com-cinzeis-redondos\/","og_site_name":"Sigma Tools","article_publisher":"https:\/\/www.facebook.com\/sigmatools","article_modified_time":"2025-02-06T18:57:43+00:00","og_image":[{"width":1000,"height":1000,"url":"https:\/\/www.sigmatools.com.br\/site\/wp-content\/uploads\/2023\/05\/1000x1000-4.png","type":"image\/png"}],"twitter_card":"summary_large_image","twitter_misc":{"Est. tempo de leitura":"1 minuto"},"schema":{"@context":"https:\/\/schema.org","@graph":[{"@type":"WebPage","@id":"https:\/\/www.sigmatools.com.br\/site\/produto\/mxt-1511r-martelete-190mm-com-cinzeis-redondos\/","url":"https:\/\/www.sigmatools.com.br\/site\/produto\/mxt-1511r-martelete-190mm-com-cinzeis-redondos\/","name":"MXT-1511R - MARTELETE 190mm COM CINZ\u00c9IS REDONDOS - Sigma Tools","isPartOf":{"@id":"https:\/\/www.sigmatools.com.br\/site\/#website"},"primaryImageOfPage":{"@id":"https:\/\/www.sigmatools.com.br\/site\/produto\/mxt-1511r-martelete-190mm-com-cinzeis-redondos\/#primaryimage"},"image":{"@id":"https:\/\/www.sigmatools.com.br\/site\/produto\/mxt-1511r-martelete-190mm-com-cinzeis-redondos\/#primaryimage"},"thumbnailUrl":"https:\/\/www.sigmatools.com.br\/site\/wp-content\/uploads\/2023\/05\/1000x1000-4.png","datePublished":"2023-05-10T15:44:32+00:00","dateModified":"2025-02-06T18:57:43+00:00","breadcrumb":{"@id":"https:\/\/www.sigmatools.com.br\/site\/produto\/mxt-1511r-martelete-190mm-com-cinzeis-redondos\/#breadcrumb"},"inLanguage":"pt-BR","potentialAction":[{"@type":"ReadAction","target":["https:\/\/www.sigmatools.com.br\/site\/produto\/mxt-1511r-martelete-190mm-com-cinzeis-redondos\/"]}]},{"@type":"ImageObject","inLanguage":"pt-BR","@id":"https:\/\/www.sigmatools.com.br\/site\/produto\/mxt-1511r-martelete-190mm-com-cinzeis-redondos\/#primaryimage","url":"https:\/\/www.sigmatools.com.br\/site\/wp-content\/uploads\/2023\/05\/1000x1000-4.png","contentUrl":"https:\/\/www.sigmatools.com.br\/site\/wp-content\/uploads\/2023\/05\/1000x1000-4.png","width":1000,"height":1000},{"@type":"BreadcrumbList","@id":"https:\/\/www.sigmatools.com.br\/site\/produto\/mxt-1511r-martelete-190mm-com-cinzeis-redondos\/#breadcrumb","itemListElement":[{"@type":"ListItem","position":1,"name":"In\u00edcio","item":"https:\/\/www.sigmatools.com.br\/site\/"},{"@type":"ListItem","position":2,"name":"MXT-1511R &#8211; MARTELETE 190mm COM CINZ\u00c9IS REDONDOS"}]},{"@type":"WebSite","@id":"https:\/\/www.sigmatools.com.br\/site\/#website","url":"https:\/\/www.sigmatools.com.br\/site\/","name":"Sigma Tools","description":"Equipamentos para Est\u00e9tica Automotiva e Oficina Mec\u00e2nica - Sigma Tools","publisher":{"@id":"https:\/\/www.sigmatools.com.br\/site\/#organization"},"potentialAction":[{"@type":"SearchAction","target":{"@type":"EntryPoint","urlTemplate":"https:\/\/www.sigmatools.com.br\/site\/?s={search_term_string}"},"query-input":{"@type":"PropertyValueSpecification","valueRequired":true,"valueName":"search_term_string"}}],"inLanguage":"pt-BR"},{"@type":"Organization","@id":"https:\/\/www.sigmatools.com.br\/site\/#organization","name":"SIGMA TOOLS","url":"https:\/\/www.sigmatools.com.br\/site\/","logo":{"@type":"ImageObject","inLanguage":"pt-BR","@id":"https:\/\/www.sigmatools.com.br\/site\/#\/schema\/logo\/image\/","url":"https:\/\/www.sigmatools.com.br\/site\/wp-content\/uploads\/2020\/01\/logo-sigma.png","contentUrl":"https:\/\/www.sigmatools.com.br\/site\/wp-content\/uploads\/2020\/01\/logo-sigma.png","width":152,"height":150,"caption":"SIGMA TOOLS"},"image":{"@id":"https:\/\/www.sigmatools.com.br\/site\/#\/schema\/logo\/image\/"},"sameAs":["https:\/\/www.facebook.com\/sigmatools"]}]}},"_links":{"self":[{"href":"https:\/\/www.sigmatools.com.br\/site\/wp-json\/wp\/v2\/product\/4944","targetHints":{"allow":["GET"]}}],"collection":[{"href":"https:\/\/www.sigmatools.com.br\/site\/wp-json\/wp\/v2\/product"}],"about":[{"href":"https:\/\/www.sigmatools.com.br\/site\/wp-json\/wp\/v2\/types\/product"}],"replies":[{"embeddable":true,"href":"https:\/\/www.sigmatools.com.br\/site\/wp-json\/wp\/v2\/comments?post=4944"}],"wp:featuredmedia":[{"embeddable":true,"href":"https:\/\/www.sigmatools.com.br\/site\/wp-json\/wp\/v2\/media\/4937"}],"wp:attachment":[{"href":"https:\/\/www.sigmatools.com.br\/site\/wp-json\/wp\/v2\/media?parent=4944"}],"wp:term":[{"taxonomy":"product_brand","embeddable":true,"href":"https:\/\/www.sigmatools.com.br\/site\/wp-json\/wp\/v2\/product_brand?post=4944"},{"taxonomy":"product_cat","embeddable":true,"href":"https:\/\/www.sigmatools.com.br\/site\/wp-json\/wp\/v2\/product_cat?post=4944"},{"taxonomy":"product_tag","embeddable":true,"href":"https:\/\/www.sigmatools.com.br\/site\/wp-json\/wp\/v2\/product_tag?post=4944"}],"curies":[{"name":"wp","href":"https:\/\/api.w.org\/{rel}","templated":true}]}}