{"id":5158,"date":"2023-05-30T08:43:13","date_gmt":"2023-05-30T11:43:13","guid":{"rendered":"https:\/\/www.sigmatools.com.br\/site\/?post_type=product&#038;p=5158"},"modified":"2024-06-24T08:42:28","modified_gmt":"2024-06-24T11:42:28","slug":"sgt-7705-rebitador-profissional-a-bateria","status":"publish","type":"product","link":"https:\/\/www.sigmatools.com.br\/site\/produto\/sgt-7705-rebitador-profissional-a-bateria\/","title":{"rendered":"SGT-7705 &#8211; REBITADOR PROFISSIONAL \u00c0 BATERIA"},"content":{"rendered":"","protected":false},"excerpt":{"rendered":"<p><strong>C\u00f3digo do produto: <\/strong>0703770500<\/p>\n<p><strong>C\u00f3digo de barras<\/strong>: 7908276606045<\/p>\n<p>&nbsp;<\/p>\n<p><strong>Caracter\u00edsticas<\/strong><br \/>\n\u2022 Carca\u00e7a em composite (mais leve);<br \/>\n\u2022 Desenho ergon\u00f4mico e compacto;<br \/>\n\u2022 Baixo ru\u00eddo;<br \/>\n\u2022 Alta durabilidade;<br \/>\n\u2022 Mais agilidade na produ\u00e7\u00e3o;<br \/>\n\u2022 F\u00e1cil manuseio.<\/p>\n<p><strong>Aplica\u00e7\u00f5es<\/strong><br \/>\nO rebitador \u00e0 bateria SGT-7705, \u00e9 indicado para fixa\u00e7\u00e3o de rebites de repuxo tipo POP em diversas superf\u00edcies com maior velocidade e praticidade. Oferece maior autonomia e desempenho devido ao motor BL sem escovas de carv\u00e3o, gerando menos calor e aumentando o volume de trabalho em uma carga total de bateria.<\/p>\n<p>&nbsp;<\/p>\n[button size=\"small\" icon=\"\" target=\"_blank\" text_align=\"left\" text=\"Informativo\" link=\"http:\/\/www.sigmatools.com.br\/site\/arquivos\/informativos\/SGT-7705%20-%20Rebitador%20Profissional%20%C3%A0%20Bateria%20Troca%20Rapida%20-%20INFO.pdf\" color=\"#ffffff\" hover_color=\"#ffffff\" background_color=\"#353535\" hover_background_color=\"#dd3333\" border_color=\"#353535\" hover_border_color=\"#dd3333\"]\n[button size=\"small\" icon=\"\" target=\"_blank\" text_align=\"left\" text=\"Vista Explodida\" link=\"https:\/\/www.sigmatools.com.br\/site\/arquivos\/vista-explodida\/SGT-7705%20-%20Rebitador%20Profissional%20%C3%A0%20Bateria%20-%20VE.pdf\" color=\"#ffffff\" hover_color=\"#ffffff\" background_color=\"#353535\" hover_background_color=\"#dd3333\" border_color=\"#353535\" hover_border_color=\"#dd3333\"]","protected":false},"featured_media":5159,"comment_status":"open","ping_status":"closed","template":"","meta":{"_jet_sm_ready_style":"","_jet_sm_style":"","_jet_sm_controls_values":"","_jet_sm_fonts_collection":"","_jet_sm_fonts_links":""},"product_brand":[],"product_cat":[110,126,60,83,15],"product_tag":[],"class_list":{"0":"post-5158","1":"product","2":"type-product","3":"status-publish","4":"has-post-thumbnail","6":"product_cat-ferramentas","7":"product_cat-rebitadores","8":"product_cat-catalogo-geral","9":"product_cat-fixacao","10":"product_cat-sigma-tools","12":"first","13":"instock","14":"shipping-taxable","15":"product-type-simple"},"yoast_head":"<!-- This site is optimized with the Yoast SEO plugin v27.1.1 - https:\/\/yoast.com\/product\/yoast-seo-wordpress\/ -->\n<title>SGT-7705 - REBITADOR PROFISSIONAL \u00c0 BATERIA - Sigma Tools<\/title>\n<meta name=\"robots\" content=\"index, follow, max-snippet:-1, max-image-preview:large, max-video-preview:-1\" \/>\n<link rel=\"canonical\" href=\"https:\/\/www.sigmatools.com.br\/site\/produto\/sgt-7705-rebitador-profissional-a-bateria\/\" \/>\n<meta property=\"og:locale\" content=\"pt_BR\" \/>\n<meta property=\"og:type\" content=\"article\" \/>\n<meta property=\"og:title\" content=\"SGT-7705 - REBITADOR PROFISSIONAL \u00c0 BATERIA - Sigma Tools\" \/>\n<meta property=\"og:description\" content=\"C\u00f3digo do produto: 0703770500  C\u00f3digo de barras: 7908276606045  &nbsp;  Caracter\u00edsticas \u2022 Carca\u00e7a em composite (mais leve); \u2022 Desenho ergon\u00f4mico e compacto; \u2022 Baixo ru\u00eddo; \u2022 Alta durabilidade; \u2022 Mais agilidade na produ\u00e7\u00e3o; \u2022 F\u00e1cil manuseio.  Aplica\u00e7\u00f5es O rebitador \u00e0 bateria SGT-7705, \u00e9 indicado para fixa\u00e7\u00e3o de rebites de repuxo tipo POP em diversas superf\u00edcies com maior velocidade e praticidade. Oferece maior autonomia e desempenho devido ao motor BL sem escovas de carv\u00e3o, gerando menos calor e aumentando o volume de trabalho em uma carga total de bateria.  &nbsp;\" \/>\n<meta property=\"og:url\" content=\"https:\/\/www.sigmatools.com.br\/site\/produto\/sgt-7705-rebitador-profissional-a-bateria\/\" \/>\n<meta property=\"og:site_name\" content=\"Sigma Tools\" \/>\n<meta property=\"article:publisher\" content=\"https:\/\/www.facebook.com\/sigmatools\" \/>\n<meta property=\"article:modified_time\" content=\"2024-06-24T11:42:28+00:00\" \/>\n<meta property=\"og:image\" content=\"https:\/\/www.sigmatools.com.br\/site\/wp-content\/uploads\/2023\/05\/1000X1000-19.png\" \/>\n\t<meta property=\"og:image:width\" content=\"1000\" \/>\n\t<meta property=\"og:image:height\" content=\"1000\" \/>\n\t<meta property=\"og:image:type\" content=\"image\/png\" \/>\n<meta name=\"twitter:card\" content=\"summary_large_image\" \/>\n<script type=\"application\/ld+json\" class=\"yoast-schema-graph\">{\"@context\":\"https:\/\/schema.org\",\"@graph\":[{\"@type\":\"WebPage\",\"@id\":\"https:\/\/www.sigmatools.com.br\/site\/produto\/sgt-7705-rebitador-profissional-a-bateria\/\",\"url\":\"https:\/\/www.sigmatools.com.br\/site\/produto\/sgt-7705-rebitador-profissional-a-bateria\/\",\"name\":\"SGT-7705 - REBITADOR PROFISSIONAL \u00c0 BATERIA - Sigma Tools\",\"isPartOf\":{\"@id\":\"https:\/\/www.sigmatools.com.br\/site\/#website\"},\"primaryImageOfPage\":{\"@id\":\"https:\/\/www.sigmatools.com.br\/site\/produto\/sgt-7705-rebitador-profissional-a-bateria\/#primaryimage\"},\"image\":{\"@id\":\"https:\/\/www.sigmatools.com.br\/site\/produto\/sgt-7705-rebitador-profissional-a-bateria\/#primaryimage\"},\"thumbnailUrl\":\"https:\/\/www.sigmatools.com.br\/site\/wp-content\/uploads\/2023\/05\/1000X1000-19.png\",\"datePublished\":\"2023-05-30T11:43:13+00:00\",\"dateModified\":\"2024-06-24T11:42:28+00:00\",\"breadcrumb\":{\"@id\":\"https:\/\/www.sigmatools.com.br\/site\/produto\/sgt-7705-rebitador-profissional-a-bateria\/#breadcrumb\"},\"inLanguage\":\"pt-BR\",\"potentialAction\":[{\"@type\":\"ReadAction\",\"target\":[\"https:\/\/www.sigmatools.com.br\/site\/produto\/sgt-7705-rebitador-profissional-a-bateria\/\"]}]},{\"@type\":\"ImageObject\",\"inLanguage\":\"pt-BR\",\"@id\":\"https:\/\/www.sigmatools.com.br\/site\/produto\/sgt-7705-rebitador-profissional-a-bateria\/#primaryimage\",\"url\":\"https:\/\/www.sigmatools.com.br\/site\/wp-content\/uploads\/2023\/05\/1000X1000-19.png\",\"contentUrl\":\"https:\/\/www.sigmatools.com.br\/site\/wp-content\/uploads\/2023\/05\/1000X1000-19.png\",\"width\":1000,\"height\":1000},{\"@type\":\"BreadcrumbList\",\"@id\":\"https:\/\/www.sigmatools.com.br\/site\/produto\/sgt-7705-rebitador-profissional-a-bateria\/#breadcrumb\",\"itemListElement\":[{\"@type\":\"ListItem\",\"position\":1,\"name\":\"In\u00edcio\",\"item\":\"https:\/\/www.sigmatools.com.br\/site\/\"},{\"@type\":\"ListItem\",\"position\":2,\"name\":\"SGT-7705 &#8211; REBITADOR PROFISSIONAL \u00c0 BATERIA\"}]},{\"@type\":\"WebSite\",\"@id\":\"https:\/\/www.sigmatools.com.br\/site\/#website\",\"url\":\"https:\/\/www.sigmatools.com.br\/site\/\",\"name\":\"Sigma Tools\",\"description\":\"Equipamentos para Est\u00e9tica Automotiva e Oficina Mec\u00e2nica - Sigma Tools\",\"publisher\":{\"@id\":\"https:\/\/www.sigmatools.com.br\/site\/#organization\"},\"potentialAction\":[{\"@type\":\"SearchAction\",\"target\":{\"@type\":\"EntryPoint\",\"urlTemplate\":\"https:\/\/www.sigmatools.com.br\/site\/?s={search_term_string}\"},\"query-input\":{\"@type\":\"PropertyValueSpecification\",\"valueRequired\":true,\"valueName\":\"search_term_string\"}}],\"inLanguage\":\"pt-BR\"},{\"@type\":\"Organization\",\"@id\":\"https:\/\/www.sigmatools.com.br\/site\/#organization\",\"name\":\"SIGMA TOOLS\",\"url\":\"https:\/\/www.sigmatools.com.br\/site\/\",\"logo\":{\"@type\":\"ImageObject\",\"inLanguage\":\"pt-BR\",\"@id\":\"https:\/\/www.sigmatools.com.br\/site\/#\/schema\/logo\/image\/\",\"url\":\"https:\/\/www.sigmatools.com.br\/site\/wp-content\/uploads\/2020\/01\/logo-sigma.png\",\"contentUrl\":\"https:\/\/www.sigmatools.com.br\/site\/wp-content\/uploads\/2020\/01\/logo-sigma.png\",\"width\":152,\"height\":150,\"caption\":\"SIGMA TOOLS\"},\"image\":{\"@id\":\"https:\/\/www.sigmatools.com.br\/site\/#\/schema\/logo\/image\/\"},\"sameAs\":[\"https:\/\/www.facebook.com\/sigmatools\"]}]}<\/script>\n<!-- \/ Yoast SEO plugin. -->","yoast_head_json":{"title":"SGT-7705 - REBITADOR PROFISSIONAL \u00c0 BATERIA - Sigma Tools","robots":{"index":"index","follow":"follow","max-snippet":"max-snippet:-1","max-image-preview":"max-image-preview:large","max-video-preview":"max-video-preview:-1"},"canonical":"https:\/\/www.sigmatools.com.br\/site\/produto\/sgt-7705-rebitador-profissional-a-bateria\/","og_locale":"pt_BR","og_type":"article","og_title":"SGT-7705 - REBITADOR PROFISSIONAL \u00c0 BATERIA - Sigma Tools","og_description":"C\u00f3digo do produto: 0703770500  C\u00f3digo de barras: 7908276606045  &nbsp;  Caracter\u00edsticas \u2022 Carca\u00e7a em composite (mais leve); \u2022 Desenho ergon\u00f4mico e compacto; \u2022 Baixo ru\u00eddo; \u2022 Alta durabilidade; \u2022 Mais agilidade na produ\u00e7\u00e3o; \u2022 F\u00e1cil manuseio.  Aplica\u00e7\u00f5es O rebitador \u00e0 bateria SGT-7705, \u00e9 indicado para fixa\u00e7\u00e3o de rebites de repuxo tipo POP em diversas superf\u00edcies com maior velocidade e praticidade. Oferece maior autonomia e desempenho devido ao motor BL sem escovas de carv\u00e3o, gerando menos calor e aumentando o volume de trabalho em uma carga total de bateria.  &nbsp;","og_url":"https:\/\/www.sigmatools.com.br\/site\/produto\/sgt-7705-rebitador-profissional-a-bateria\/","og_site_name":"Sigma Tools","article_publisher":"https:\/\/www.facebook.com\/sigmatools","article_modified_time":"2024-06-24T11:42:28+00:00","og_image":[{"width":1000,"height":1000,"url":"https:\/\/www.sigmatools.com.br\/site\/wp-content\/uploads\/2023\/05\/1000X1000-19.png","type":"image\/png"}],"twitter_card":"summary_large_image","schema":{"@context":"https:\/\/schema.org","@graph":[{"@type":"WebPage","@id":"https:\/\/www.sigmatools.com.br\/site\/produto\/sgt-7705-rebitador-profissional-a-bateria\/","url":"https:\/\/www.sigmatools.com.br\/site\/produto\/sgt-7705-rebitador-profissional-a-bateria\/","name":"SGT-7705 - REBITADOR PROFISSIONAL \u00c0 BATERIA - Sigma Tools","isPartOf":{"@id":"https:\/\/www.sigmatools.com.br\/site\/#website"},"primaryImageOfPage":{"@id":"https:\/\/www.sigmatools.com.br\/site\/produto\/sgt-7705-rebitador-profissional-a-bateria\/#primaryimage"},"image":{"@id":"https:\/\/www.sigmatools.com.br\/site\/produto\/sgt-7705-rebitador-profissional-a-bateria\/#primaryimage"},"thumbnailUrl":"https:\/\/www.sigmatools.com.br\/site\/wp-content\/uploads\/2023\/05\/1000X1000-19.png","datePublished":"2023-05-30T11:43:13+00:00","dateModified":"2024-06-24T11:42:28+00:00","breadcrumb":{"@id":"https:\/\/www.sigmatools.com.br\/site\/produto\/sgt-7705-rebitador-profissional-a-bateria\/#breadcrumb"},"inLanguage":"pt-BR","potentialAction":[{"@type":"ReadAction","target":["https:\/\/www.sigmatools.com.br\/site\/produto\/sgt-7705-rebitador-profissional-a-bateria\/"]}]},{"@type":"ImageObject","inLanguage":"pt-BR","@id":"https:\/\/www.sigmatools.com.br\/site\/produto\/sgt-7705-rebitador-profissional-a-bateria\/#primaryimage","url":"https:\/\/www.sigmatools.com.br\/site\/wp-content\/uploads\/2023\/05\/1000X1000-19.png","contentUrl":"https:\/\/www.sigmatools.com.br\/site\/wp-content\/uploads\/2023\/05\/1000X1000-19.png","width":1000,"height":1000},{"@type":"BreadcrumbList","@id":"https:\/\/www.sigmatools.com.br\/site\/produto\/sgt-7705-rebitador-profissional-a-bateria\/#breadcrumb","itemListElement":[{"@type":"ListItem","position":1,"name":"In\u00edcio","item":"https:\/\/www.sigmatools.com.br\/site\/"},{"@type":"ListItem","position":2,"name":"SGT-7705 &#8211; REBITADOR PROFISSIONAL \u00c0 BATERIA"}]},{"@type":"WebSite","@id":"https:\/\/www.sigmatools.com.br\/site\/#website","url":"https:\/\/www.sigmatools.com.br\/site\/","name":"Sigma Tools","description":"Equipamentos para Est\u00e9tica Automotiva e Oficina Mec\u00e2nica - Sigma Tools","publisher":{"@id":"https:\/\/www.sigmatools.com.br\/site\/#organization"},"potentialAction":[{"@type":"SearchAction","target":{"@type":"EntryPoint","urlTemplate":"https:\/\/www.sigmatools.com.br\/site\/?s={search_term_string}"},"query-input":{"@type":"PropertyValueSpecification","valueRequired":true,"valueName":"search_term_string"}}],"inLanguage":"pt-BR"},{"@type":"Organization","@id":"https:\/\/www.sigmatools.com.br\/site\/#organization","name":"SIGMA TOOLS","url":"https:\/\/www.sigmatools.com.br\/site\/","logo":{"@type":"ImageObject","inLanguage":"pt-BR","@id":"https:\/\/www.sigmatools.com.br\/site\/#\/schema\/logo\/image\/","url":"https:\/\/www.sigmatools.com.br\/site\/wp-content\/uploads\/2020\/01\/logo-sigma.png","contentUrl":"https:\/\/www.sigmatools.com.br\/site\/wp-content\/uploads\/2020\/01\/logo-sigma.png","width":152,"height":150,"caption":"SIGMA TOOLS"},"image":{"@id":"https:\/\/www.sigmatools.com.br\/site\/#\/schema\/logo\/image\/"},"sameAs":["https:\/\/www.facebook.com\/sigmatools"]}]}},"_links":{"self":[{"href":"https:\/\/www.sigmatools.com.br\/site\/wp-json\/wp\/v2\/product\/5158","targetHints":{"allow":["GET"]}}],"collection":[{"href":"https:\/\/www.sigmatools.com.br\/site\/wp-json\/wp\/v2\/product"}],"about":[{"href":"https:\/\/www.sigmatools.com.br\/site\/wp-json\/wp\/v2\/types\/product"}],"replies":[{"embeddable":true,"href":"https:\/\/www.sigmatools.com.br\/site\/wp-json\/wp\/v2\/comments?post=5158"}],"wp:featuredmedia":[{"embeddable":true,"href":"https:\/\/www.sigmatools.com.br\/site\/wp-json\/wp\/v2\/media\/5159"}],"wp:attachment":[{"href":"https:\/\/www.sigmatools.com.br\/site\/wp-json\/wp\/v2\/media?parent=5158"}],"wp:term":[{"taxonomy":"product_brand","embeddable":true,"href":"https:\/\/www.sigmatools.com.br\/site\/wp-json\/wp\/v2\/product_brand?post=5158"},{"taxonomy":"product_cat","embeddable":true,"href":"https:\/\/www.sigmatools.com.br\/site\/wp-json\/wp\/v2\/product_cat?post=5158"},{"taxonomy":"product_tag","embeddable":true,"href":"https:\/\/www.sigmatools.com.br\/site\/wp-json\/wp\/v2\/product_tag?post=5158"}],"curies":[{"name":"wp","href":"https:\/\/api.w.org\/{rel}","templated":true}]}}