{"id":567,"date":"2015-12-04T08:29:56","date_gmt":"2015-12-04T11:29:56","guid":{"rendered":"http:\/\/www.sigmatools.com.br\/site\/produto\/sgt-0564\/"},"modified":"2024-05-16T16:34:02","modified_gmt":"2024-05-16T19:34:02","slug":"sgt-0564","status":"publish","type":"product","link":"https:\/\/www.sigmatools.com.br\/site\/produto\/sgt-0564\/","title":{"rendered":"SGT-0564C CHAVE IMPACTO 1&#8243; EIXO CURTO (430kgf.m)"},"content":{"rendered":"<p>[vc_row row_type=&#8221;row&#8221; use_row_as_full_screen_section=&#8221;no&#8221; type=&#8221;full_width&#8221; angled_section=&#8221;no&#8221; text_align=&#8221;left&#8221; background_image_as_pattern=&#8221;without_pattern&#8221; css_animation=&#8221;&#8221;][vc_column][vc_column_text]<strong>Sistema de Impacto:<\/strong>\u00a0Pinless<br \/>\n<strong>Velocidade Livre (rpm):<\/strong>\u00a03.200<br \/>\n<strong>Torque M\u00e1x. (ft.lbs\/kgf.m):<\/strong> 3.112 \/ 430,25<br \/>\n<strong>Encaixe Quadrado (pol):<\/strong> 1&#8243;<br \/>\n<strong>Capacidade do parafuso (pol\/mm):<\/strong>\u00a0M45<br \/>\n<strong>Peso (kg):<\/strong>\u00a017,300<br \/>\n<strong>\u00a0<\/strong><\/p>\n<p><strong>Para mais informa\u00e7\u00f5es, baixe o INFORMATIVO dessa ferramenta.<\/strong>[\/vc_column_text][\/vc_column][\/vc_row]<\/p>","protected":false},"excerpt":{"rendered":"<p><strong>C\u00f3digo do produto:<\/strong> 0701056401<\/p>\n<p><strong>C\u00f3digo de barras:<\/strong> 7908276604270<\/p>\n<p>&nbsp;<\/p>\n<p>Indicado para opera\u00e7\u00f5es de aperto e\u00a0desaperto de parafusos e porcas em geral.<br \/>\nMuito utilizada em servi\u00e7os onde a demanda\u00a0\u00e9 de alt\u00edsssimo torque.<\/p>\n<p>&nbsp;<\/p>\n<p><a href=\"http:\/\/www.sigmatools.com.br\/site\/wp-content\/uploads\/2015\/11\/pictogramas-15.jpg\"><img decoding=\"async\" class=\"alignnone size-full wp-image-266\" src=\"http:\/\/www.sigmatools.com.br\/site\/wp-content\/uploads\/2015\/11\/pictogramas-15.jpg\" alt=\"pictogramas-15\" width=\"99\" height=\"43\" srcset=\"https:\/\/www.sigmatools.com.br\/site\/wp-content\/uploads\/2015\/11\/pictogramas-15.jpg 99w, https:\/\/www.sigmatools.com.br\/site\/wp-content\/uploads\/2015\/11\/pictogramas-15-64x28.jpg 64w\" sizes=\"(max-width: 99px) 100vw, 99px\" \/><\/a>\u00a0 \u00a0 \u00a0<img decoding=\"async\" class=\"alignnone size-full wp-image-271\" src=\"http:\/\/www.sigmatools.com.br\/site\/wp-content\/uploads\/2015\/11\/pictogramas-20.jpg\" alt=\"pictogramas-20\" width=\"105\" height=\"43\" srcset=\"https:\/\/www.sigmatools.com.br\/site\/wp-content\/uploads\/2015\/11\/pictogramas-20.jpg 105w, https:\/\/www.sigmatools.com.br\/site\/wp-content\/uploads\/2015\/11\/pictogramas-20-64x26.jpg 64w\" sizes=\"(max-width: 105px) 100vw, 105px\" \/><\/p>\n<p>&nbsp;<\/p>\n<p><strong>Caracter\u00edsticas:<\/strong><\/p>\n<p>\u2022 Carca\u00e7a em alum\u00ednio;<br \/>\n\u2022 Desenho ergon\u00f4mico;<br \/>\n\u2022 Regulagem de torque em 3 n\u00edveis;<br \/>\n\u2022 Exaust\u00e3o de ar atrav\u00e9s do cabo;<br \/>\n\u2022 Mecanismo de impacto tipo Pinless;<br \/>\n\u2022 M\u00e1quina para servi\u00e7os pesados (Heavy Duty).<\/p>\n<p>&nbsp;<\/p>\n[button size=\"small\" icon=\"\" target=\"_blank\" text_align=\"left\" text=\"Informativo\" link=\"http:\/\/www.sigmatools.com.br\/site\/arquivos\/informativos\/SGT-0564C%20-%20Chave%20Impacto%201%20EIXO%20CURTO%20%28430KG%29.pdf\" color=\"#ffffff\" hover_color=\"#ffffff\" background_color=\"#353535\" hover_background_color=\"#dd3333\" border_color=\"#353535\" hover_border_color=\"#dd3333\"]\n[button size=\"small\" icon=\"\" target=\"_blank\" text_align=\"left\" text=\"Vista Explodida\" link=\"http:\/\/www.sigmatools.com.br\/site\/arquivos\/vista-explodida\/SGT-0564C%20-%20CHAVE%20DE%20IMPACTO%201POL%20EIXO%20CURTO%20430KGFM%20-%20VE.pdf\" color=\"#ffffff\" hover_color=\"#ffffff\" background_color=\"#353535\" hover_background_color=\"#dd3333\" border_color=\"#353535\" hover_border_color=\"#dd3333\"]","protected":false},"featured_media":4752,"comment_status":"open","ping_status":"closed","template":"","meta":{"_jet_sm_ready_style":"","_jet_sm_style":"","_jet_sm_controls_values":"","_jet_sm_fonts_collection":"","_jet_sm_fonts_links":""},"product_brand":[],"product_cat":[113,110,60,82,15],"product_tag":[],"class_list":{"0":"post-567","1":"product","2":"type-product","3":"status-publish","4":"has-post-thumbnail","6":"product_cat-chaves-de-impacto","7":"product_cat-ferramentas","8":"product_cat-catalogo-geral","9":"product_cat-aperto-e-desaperto","10":"product_cat-sigma-tools","12":"first","13":"instock","14":"shipping-taxable","15":"product-type-simple"},"yoast_head":"<!-- This site is optimized with the Yoast SEO plugin v27.1.1 - https:\/\/yoast.com\/product\/yoast-seo-wordpress\/ -->\n<title>SGT-0564C CHAVE IMPACTO 1&quot; EIXO CURTO (430kgf.m) - Sigma Tools<\/title>\n<meta name=\"robots\" content=\"index, follow, max-snippet:-1, max-image-preview:large, max-video-preview:-1\" \/>\n<link rel=\"canonical\" href=\"https:\/\/www.sigmatools.com.br\/site\/produto\/sgt-0564\/\" \/>\n<meta property=\"og:locale\" content=\"pt_BR\" \/>\n<meta property=\"og:type\" content=\"article\" \/>\n<meta property=\"og:title\" content=\"SGT-0564C CHAVE IMPACTO 1&quot; EIXO CURTO (430kgf.m) - Sigma Tools\" \/>\n<meta property=\"og:description\" content=\"C\u00f3digo do produto: 0701056401  C\u00f3digo de barras: 7908276604270  &nbsp;  Indicado para opera\u00e7\u00f5es de aperto e\u00a0desaperto de parafusos e porcas em geral. Muito utilizada em servi\u00e7os onde a demanda\u00a0\u00e9 de alt\u00edsssimo torque.  &nbsp;  \u00a0 \u00a0 \u00a0  &nbsp;  Caracter\u00edsticas:  \u2022 Carca\u00e7a em alum\u00ednio; \u2022 Desenho ergon\u00f4mico; \u2022 Regulagem de torque em 3 n\u00edveis; \u2022 Exaust\u00e3o de ar atrav\u00e9s do cabo; \u2022 Mecanismo de impacto tipo Pinless; \u2022 M\u00e1quina para servi\u00e7os pesados (Heavy Duty).  &nbsp;\" \/>\n<meta property=\"og:url\" content=\"https:\/\/www.sigmatools.com.br\/site\/produto\/sgt-0564\/\" \/>\n<meta property=\"og:site_name\" content=\"Sigma Tools\" \/>\n<meta property=\"article:publisher\" content=\"https:\/\/www.facebook.com\/sigmatools\" \/>\n<meta property=\"article:modified_time\" content=\"2024-05-16T19:34:02+00:00\" \/>\n<meta property=\"og:image\" content=\"https:\/\/www.sigmatools.com.br\/site\/wp-content\/uploads\/2015\/12\/0564c.png\" \/>\n\t<meta property=\"og:image:width\" content=\"1000\" \/>\n\t<meta property=\"og:image:height\" content=\"1000\" \/>\n\t<meta property=\"og:image:type\" content=\"image\/png\" \/>\n<meta name=\"twitter:card\" content=\"summary_large_image\" \/>\n<script type=\"application\/ld+json\" class=\"yoast-schema-graph\">{\"@context\":\"https:\/\/schema.org\",\"@graph\":[{\"@type\":\"WebPage\",\"@id\":\"https:\/\/www.sigmatools.com.br\/site\/produto\/sgt-0564\/\",\"url\":\"https:\/\/www.sigmatools.com.br\/site\/produto\/sgt-0564\/\",\"name\":\"SGT-0564C CHAVE IMPACTO 1\\\" EIXO CURTO (430kgf.m) - Sigma Tools\",\"isPartOf\":{\"@id\":\"https:\/\/www.sigmatools.com.br\/site\/#website\"},\"primaryImageOfPage\":{\"@id\":\"https:\/\/www.sigmatools.com.br\/site\/produto\/sgt-0564\/#primaryimage\"},\"image\":{\"@id\":\"https:\/\/www.sigmatools.com.br\/site\/produto\/sgt-0564\/#primaryimage\"},\"thumbnailUrl\":\"https:\/\/www.sigmatools.com.br\/site\/wp-content\/uploads\/2015\/12\/0564c.png\",\"datePublished\":\"2015-12-04T11:29:56+00:00\",\"dateModified\":\"2024-05-16T19:34:02+00:00\",\"breadcrumb\":{\"@id\":\"https:\/\/www.sigmatools.com.br\/site\/produto\/sgt-0564\/#breadcrumb\"},\"inLanguage\":\"pt-BR\",\"potentialAction\":[{\"@type\":\"ReadAction\",\"target\":[\"https:\/\/www.sigmatools.com.br\/site\/produto\/sgt-0564\/\"]}]},{\"@type\":\"ImageObject\",\"inLanguage\":\"pt-BR\",\"@id\":\"https:\/\/www.sigmatools.com.br\/site\/produto\/sgt-0564\/#primaryimage\",\"url\":\"https:\/\/www.sigmatools.com.br\/site\/wp-content\/uploads\/2015\/12\/0564c.png\",\"contentUrl\":\"https:\/\/www.sigmatools.com.br\/site\/wp-content\/uploads\/2015\/12\/0564c.png\",\"width\":1000,\"height\":1000},{\"@type\":\"BreadcrumbList\",\"@id\":\"https:\/\/www.sigmatools.com.br\/site\/produto\/sgt-0564\/#breadcrumb\",\"itemListElement\":[{\"@type\":\"ListItem\",\"position\":1,\"name\":\"In\u00edcio\",\"item\":\"https:\/\/www.sigmatools.com.br\/site\/\"},{\"@type\":\"ListItem\",\"position\":2,\"name\":\"SGT-0564C CHAVE IMPACTO 1&#8243; EIXO CURTO (430kgf.m)\"}]},{\"@type\":\"WebSite\",\"@id\":\"https:\/\/www.sigmatools.com.br\/site\/#website\",\"url\":\"https:\/\/www.sigmatools.com.br\/site\/\",\"name\":\"Sigma Tools\",\"description\":\"Equipamentos para Est\u00e9tica Automotiva e Oficina Mec\u00e2nica - Sigma Tools\",\"publisher\":{\"@id\":\"https:\/\/www.sigmatools.com.br\/site\/#organization\"},\"potentialAction\":[{\"@type\":\"SearchAction\",\"target\":{\"@type\":\"EntryPoint\",\"urlTemplate\":\"https:\/\/www.sigmatools.com.br\/site\/?s={search_term_string}\"},\"query-input\":{\"@type\":\"PropertyValueSpecification\",\"valueRequired\":true,\"valueName\":\"search_term_string\"}}],\"inLanguage\":\"pt-BR\"},{\"@type\":\"Organization\",\"@id\":\"https:\/\/www.sigmatools.com.br\/site\/#organization\",\"name\":\"SIGMA TOOLS\",\"url\":\"https:\/\/www.sigmatools.com.br\/site\/\",\"logo\":{\"@type\":\"ImageObject\",\"inLanguage\":\"pt-BR\",\"@id\":\"https:\/\/www.sigmatools.com.br\/site\/#\/schema\/logo\/image\/\",\"url\":\"https:\/\/www.sigmatools.com.br\/site\/wp-content\/uploads\/2020\/01\/logo-sigma.png\",\"contentUrl\":\"https:\/\/www.sigmatools.com.br\/site\/wp-content\/uploads\/2020\/01\/logo-sigma.png\",\"width\":152,\"height\":150,\"caption\":\"SIGMA TOOLS\"},\"image\":{\"@id\":\"https:\/\/www.sigmatools.com.br\/site\/#\/schema\/logo\/image\/\"},\"sameAs\":[\"https:\/\/www.facebook.com\/sigmatools\"]}]}<\/script>\n<!-- \/ Yoast SEO plugin. -->","yoast_head_json":{"title":"SGT-0564C CHAVE IMPACTO 1\" EIXO CURTO (430kgf.m) - Sigma Tools","robots":{"index":"index","follow":"follow","max-snippet":"max-snippet:-1","max-image-preview":"max-image-preview:large","max-video-preview":"max-video-preview:-1"},"canonical":"https:\/\/www.sigmatools.com.br\/site\/produto\/sgt-0564\/","og_locale":"pt_BR","og_type":"article","og_title":"SGT-0564C CHAVE IMPACTO 1\" EIXO CURTO (430kgf.m) - Sigma Tools","og_description":"C\u00f3digo do produto: 0701056401  C\u00f3digo de barras: 7908276604270  &nbsp;  Indicado para opera\u00e7\u00f5es de aperto e\u00a0desaperto de parafusos e porcas em geral. Muito utilizada em servi\u00e7os onde a demanda\u00a0\u00e9 de alt\u00edsssimo torque.  &nbsp;  \u00a0 \u00a0 \u00a0  &nbsp;  Caracter\u00edsticas:  \u2022 Carca\u00e7a em alum\u00ednio; \u2022 Desenho ergon\u00f4mico; \u2022 Regulagem de torque em 3 n\u00edveis; \u2022 Exaust\u00e3o de ar atrav\u00e9s do cabo; \u2022 Mecanismo de impacto tipo Pinless; \u2022 M\u00e1quina para servi\u00e7os pesados (Heavy Duty).  &nbsp;","og_url":"https:\/\/www.sigmatools.com.br\/site\/produto\/sgt-0564\/","og_site_name":"Sigma Tools","article_publisher":"https:\/\/www.facebook.com\/sigmatools","article_modified_time":"2024-05-16T19:34:02+00:00","og_image":[{"width":1000,"height":1000,"url":"https:\/\/www.sigmatools.com.br\/site\/wp-content\/uploads\/2015\/12\/0564c.png","type":"image\/png"}],"twitter_card":"summary_large_image","schema":{"@context":"https:\/\/schema.org","@graph":[{"@type":"WebPage","@id":"https:\/\/www.sigmatools.com.br\/site\/produto\/sgt-0564\/","url":"https:\/\/www.sigmatools.com.br\/site\/produto\/sgt-0564\/","name":"SGT-0564C CHAVE IMPACTO 1\" EIXO CURTO (430kgf.m) - Sigma Tools","isPartOf":{"@id":"https:\/\/www.sigmatools.com.br\/site\/#website"},"primaryImageOfPage":{"@id":"https:\/\/www.sigmatools.com.br\/site\/produto\/sgt-0564\/#primaryimage"},"image":{"@id":"https:\/\/www.sigmatools.com.br\/site\/produto\/sgt-0564\/#primaryimage"},"thumbnailUrl":"https:\/\/www.sigmatools.com.br\/site\/wp-content\/uploads\/2015\/12\/0564c.png","datePublished":"2015-12-04T11:29:56+00:00","dateModified":"2024-05-16T19:34:02+00:00","breadcrumb":{"@id":"https:\/\/www.sigmatools.com.br\/site\/produto\/sgt-0564\/#breadcrumb"},"inLanguage":"pt-BR","potentialAction":[{"@type":"ReadAction","target":["https:\/\/www.sigmatools.com.br\/site\/produto\/sgt-0564\/"]}]},{"@type":"ImageObject","inLanguage":"pt-BR","@id":"https:\/\/www.sigmatools.com.br\/site\/produto\/sgt-0564\/#primaryimage","url":"https:\/\/www.sigmatools.com.br\/site\/wp-content\/uploads\/2015\/12\/0564c.png","contentUrl":"https:\/\/www.sigmatools.com.br\/site\/wp-content\/uploads\/2015\/12\/0564c.png","width":1000,"height":1000},{"@type":"BreadcrumbList","@id":"https:\/\/www.sigmatools.com.br\/site\/produto\/sgt-0564\/#breadcrumb","itemListElement":[{"@type":"ListItem","position":1,"name":"In\u00edcio","item":"https:\/\/www.sigmatools.com.br\/site\/"},{"@type":"ListItem","position":2,"name":"SGT-0564C CHAVE IMPACTO 1&#8243; EIXO CURTO (430kgf.m)"}]},{"@type":"WebSite","@id":"https:\/\/www.sigmatools.com.br\/site\/#website","url":"https:\/\/www.sigmatools.com.br\/site\/","name":"Sigma Tools","description":"Equipamentos para Est\u00e9tica Automotiva e Oficina Mec\u00e2nica - Sigma Tools","publisher":{"@id":"https:\/\/www.sigmatools.com.br\/site\/#organization"},"potentialAction":[{"@type":"SearchAction","target":{"@type":"EntryPoint","urlTemplate":"https:\/\/www.sigmatools.com.br\/site\/?s={search_term_string}"},"query-input":{"@type":"PropertyValueSpecification","valueRequired":true,"valueName":"search_term_string"}}],"inLanguage":"pt-BR"},{"@type":"Organization","@id":"https:\/\/www.sigmatools.com.br\/site\/#organization","name":"SIGMA TOOLS","url":"https:\/\/www.sigmatools.com.br\/site\/","logo":{"@type":"ImageObject","inLanguage":"pt-BR","@id":"https:\/\/www.sigmatools.com.br\/site\/#\/schema\/logo\/image\/","url":"https:\/\/www.sigmatools.com.br\/site\/wp-content\/uploads\/2020\/01\/logo-sigma.png","contentUrl":"https:\/\/www.sigmatools.com.br\/site\/wp-content\/uploads\/2020\/01\/logo-sigma.png","width":152,"height":150,"caption":"SIGMA TOOLS"},"image":{"@id":"https:\/\/www.sigmatools.com.br\/site\/#\/schema\/logo\/image\/"},"sameAs":["https:\/\/www.facebook.com\/sigmatools"]}]}},"_links":{"self":[{"href":"https:\/\/www.sigmatools.com.br\/site\/wp-json\/wp\/v2\/product\/567","targetHints":{"allow":["GET"]}}],"collection":[{"href":"https:\/\/www.sigmatools.com.br\/site\/wp-json\/wp\/v2\/product"}],"about":[{"href":"https:\/\/www.sigmatools.com.br\/site\/wp-json\/wp\/v2\/types\/product"}],"replies":[{"embeddable":true,"href":"https:\/\/www.sigmatools.com.br\/site\/wp-json\/wp\/v2\/comments?post=567"}],"wp:featuredmedia":[{"embeddable":true,"href":"https:\/\/www.sigmatools.com.br\/site\/wp-json\/wp\/v2\/media\/4752"}],"wp:attachment":[{"href":"https:\/\/www.sigmatools.com.br\/site\/wp-json\/wp\/v2\/media?parent=567"}],"wp:term":[{"taxonomy":"product_brand","embeddable":true,"href":"https:\/\/www.sigmatools.com.br\/site\/wp-json\/wp\/v2\/product_brand?post=567"},{"taxonomy":"product_cat","embeddable":true,"href":"https:\/\/www.sigmatools.com.br\/site\/wp-json\/wp\/v2\/product_cat?post=567"},{"taxonomy":"product_tag","embeddable":true,"href":"https:\/\/www.sigmatools.com.br\/site\/wp-json\/wp\/v2\/product_tag?post=567"}],"curies":[{"name":"wp","href":"https:\/\/api.w.org\/{rel}","templated":true}]}}