{"id":589,"date":"2015-12-07T15:55:29","date_gmt":"2015-12-07T18:55:29","guid":{"rendered":"http:\/\/www.sigmatools.com.br\/site\/produto\/sgt-1220\/"},"modified":"2026-03-10T11:34:17","modified_gmt":"2026-03-10T14:34:17","slug":"sgt-1220","status":"publish","type":"product","link":"https:\/\/www.sigmatools.com.br\/site\/produto\/sgt-1220\/","title":{"rendered":"SGT-1220 &#8211; SERRA M\u00c1RMORE PNEUM\u00c1TICA 4&#8243; \u00c0 \u00daMIDO"},"content":{"rendered":"<p>[vc_row css_animation=&#8221;&#8221; row_type=&#8221;row&#8221; use_row_as_full_screen_section=&#8221;no&#8221; type=&#8221;full_width&#8221; angled_section=&#8221;no&#8221; text_align=&#8221;left&#8221; background_image_as_pattern=&#8221;without_pattern&#8221;][vc_column][\/vc_column][\/vc_row]<\/p>","protected":false},"excerpt":{"rendered":"<p><strong>C\u00f3digo do produto:<\/strong> 0701122000<\/p>\n<p><strong>C\u00f3digo de barras:<\/strong> 7908276601262<\/p>\n<p>&nbsp;<\/p>\n<iframe title=\"YouTube video player\" src=\"https:\/\/www.youtube.com\/embed\/Att0dTowHYo?si=5XSn--oWUf_8z2Pm\" width=\"560\" height=\"315\" frameborder=\"0\" allowfullscreen=\"allowfullscreen\"><\/iframe>\n<p><a href=\"http:\/\/www.sigmatools.com.br\/site\/wp-content\/uploads\/2015\/11\/pictogramas-22.jpg\"><img decoding=\"async\" class=\"alignnone size-full wp-image-273\" src=\"http:\/\/www.sigmatools.com.br\/site\/wp-content\/uploads\/2015\/11\/pictogramas-22.jpg\" alt=\"pictogramas-22\" width=\"123\" height=\"37\" srcset=\"https:\/\/www.sigmatools.com.br\/site\/wp-content\/uploads\/2015\/11\/pictogramas-22.jpg 123w, https:\/\/www.sigmatools.com.br\/site\/wp-content\/uploads\/2015\/11\/pictogramas-22-64x19.jpg 64w\" sizes=\"(max-width: 123px) 100vw, 123px\" \/><\/a>\u00a0 \u00a0 \u00a0<a href=\"http:\/\/www.sigmatools.com.br\/site\/wp-content\/uploads\/2015\/11\/pictogramas-18.jpg\"><img decoding=\"async\" class=\"alignnone size-full wp-image-269\" src=\"http:\/\/www.sigmatools.com.br\/site\/wp-content\/uploads\/2015\/11\/pictogramas-18.jpg\" alt=\"pictogramas-18\" width=\"119\" height=\"47\" srcset=\"https:\/\/www.sigmatools.com.br\/site\/wp-content\/uploads\/2015\/11\/pictogramas-18.jpg 119w, https:\/\/www.sigmatools.com.br\/site\/wp-content\/uploads\/2015\/11\/pictogramas-18-64x25.jpg 64w\" sizes=\"(max-width: 119px) 100vw, 119px\" \/><\/a><\/p>\n<p>&nbsp;<\/p>\n<p><strong>Caracter\u00edsticas<\/strong><\/p>\n<p>\u2022 Carca\u00e7a em Alum\u00ednio;<br \/>\n\u2022 Sistema de seguran\u00e7a no acionamento;<br \/>\n\u2022 Proporciona at\u00e9 30% mais rendimento do disco por trabalhar 100% do tempo refrigerado;<br \/>\n\u2022 Possibilita corte inclinado sem o inconveniente da entrada de \u00e1gua na m\u00e1quina, problema comum nas m\u00e1quinas el\u00e9tricas;<br \/>\n\u2022 Frequ\u00eancia e custo de manuten\u00e7\u00e3o muito inferior ao de m\u00e1quinas el\u00e9tricas;<br \/>\n\u2022 Reduz significativamente a poeira.<\/p>\n<p>&nbsp;<\/p>\n<p><strong>Informa\u00e7\u00f5es T\u00e9cnicas:<\/strong><\/p>\n<p><strong>Velocidade livre (rpm):<\/strong> 13.000<br \/>\n<strong>Di\u00e2metro do disco (mm):<\/strong> 110<br \/>\n<strong>Eixo (mm):<\/strong> 20<br \/>\n<strong>Pot\u00eancia (HP):<\/strong> 1,30<br \/>\n<strong>Peso (kg):<\/strong> 2,200<\/p>\n<p>&nbsp;<\/p>\n<p>&nbsp;<\/p>\n[button size=\"small\" icon=\"\" target=\"_blank\" text_align=\"left\" text=\"Informativo\" link=\"http:\/\/www.sigmatools.com.br\/site\/arquivos\/informativos\/SGT-1220 - Serra Marmore a Agua.pdf\" color=\"#ffffff\" hover_color=\"#ffffff\" background_color=\"#353535\" hover_background_color=\"#dd3333\" border_color=\"#353535\" hover_border_color=\"#dd3333\"]\n[button size=\"small\" icon=\"\" target=\"_blank\" text_align=\"left\" text=\"Vista Explodida\" link=\"http:\/\/www.sigmatools.com.br\/site\/arquivos\/vista-explodida\/SGT-1220 - Serra Marmore a Agua - VE.pdf\" color=\"#ffffff\" hover_color=\"#ffffff\" background_color=\"#353535\" hover_background_color=\"#dd3333\" border_color=\"#353535\" hover_border_color=\"#dd3333\"]","protected":false},"featured_media":5110,"comment_status":"open","ping_status":"closed","template":"","meta":{"_jet_sm_ready_style":"","_jet_sm_style":"","_jet_sm_controls_values":"","_jet_sm_fonts_collection":"","_jet_sm_fonts_links":""},"product_brand":[],"product_cat":[110,136,60,87,15],"product_tag":[],"class_list":{"0":"post-589","1":"product","2":"type-product","3":"status-publish","4":"has-post-thumbnail","6":"product_cat-ferramentas","7":"product_cat-ferramentas-pneumaticas-a-umido","8":"product_cat-catalogo-geral","9":"product_cat-ferramentas-a-umido","10":"product_cat-sigma-tools","12":"first","13":"instock","14":"shipping-taxable","15":"product-type-simple"},"yoast_head":"<!-- This site is optimized with the Yoast SEO plugin v27.1.1 - https:\/\/yoast.com\/product\/yoast-seo-wordpress\/ -->\n<title>SGT-1220 - SERRA M\u00c1RMORE PNEUM\u00c1TICA 4&quot; \u00c0 \u00daMIDO - Sigma Tools<\/title>\n<meta name=\"robots\" content=\"index, follow, max-snippet:-1, max-image-preview:large, max-video-preview:-1\" \/>\n<link rel=\"canonical\" href=\"https:\/\/www.sigmatools.com.br\/site\/produto\/sgt-1220\/\" \/>\n<meta property=\"og:locale\" content=\"pt_BR\" \/>\n<meta property=\"og:type\" content=\"article\" \/>\n<meta property=\"og:title\" content=\"SGT-1220 - SERRA M\u00c1RMORE PNEUM\u00c1TICA 4&quot; \u00c0 \u00daMIDO - Sigma Tools\" \/>\n<meta property=\"og:description\" content=\"C\u00f3digo do produto: 0701122000  C\u00f3digo de barras: 7908276601262  &nbsp;    \u00a0 \u00a0 \u00a0  &nbsp;  Caracter\u00edsticas  \u2022 Carca\u00e7a em Alum\u00ednio; \u2022 Sistema de seguran\u00e7a no acionamento; \u2022 Proporciona at\u00e9 30% mais rendimento do disco por trabalhar 100% do tempo refrigerado; \u2022 Possibilita corte inclinado sem o inconveniente da entrada de \u00e1gua na m\u00e1quina, problema comum nas m\u00e1quinas el\u00e9tricas; \u2022 Frequ\u00eancia e custo de manuten\u00e7\u00e3o muito inferior ao de m\u00e1quinas el\u00e9tricas; \u2022 Reduz significativamente a poeira.  &nbsp;  Informa\u00e7\u00f5es T\u00e9cnicas:  Velocidade livre (rpm): 13.000 Di\u00e2metro do disco (mm): 110 Eixo (mm): 20 Pot\u00eancia (HP): 1,30 Peso (kg): 2,200  &nbsp;  &nbsp;\" \/>\n<meta property=\"og:url\" content=\"https:\/\/www.sigmatools.com.br\/site\/produto\/sgt-1220\/\" \/>\n<meta property=\"og:site_name\" content=\"Sigma Tools\" \/>\n<meta property=\"article:publisher\" content=\"https:\/\/www.facebook.com\/sigmatools\" \/>\n<meta property=\"article:modified_time\" content=\"2026-03-10T14:34:17+00:00\" \/>\n<meta property=\"og:image\" content=\"https:\/\/www.sigmatools.com.br\/site\/wp-content\/uploads\/2015\/12\/SGT-1220-com-disco-r.png\" \/>\n\t<meta property=\"og:image:width\" content=\"1000\" \/>\n\t<meta property=\"og:image:height\" content=\"1000\" \/>\n\t<meta property=\"og:image:type\" content=\"image\/png\" \/>\n<meta name=\"twitter:card\" content=\"summary_large_image\" \/>\n<meta name=\"twitter:label1\" content=\"Est. tempo de leitura\" \/>\n\t<meta name=\"twitter:data1\" content=\"1 minuto\" \/>\n<script type=\"application\/ld+json\" class=\"yoast-schema-graph\">{\"@context\":\"https:\/\/schema.org\",\"@graph\":[{\"@type\":\"WebPage\",\"@id\":\"https:\/\/www.sigmatools.com.br\/site\/produto\/sgt-1220\/\",\"url\":\"https:\/\/www.sigmatools.com.br\/site\/produto\/sgt-1220\/\",\"name\":\"SGT-1220 - SERRA M\u00c1RMORE PNEUM\u00c1TICA 4\\\" \u00c0 \u00daMIDO - Sigma Tools\",\"isPartOf\":{\"@id\":\"https:\/\/www.sigmatools.com.br\/site\/#website\"},\"primaryImageOfPage\":{\"@id\":\"https:\/\/www.sigmatools.com.br\/site\/produto\/sgt-1220\/#primaryimage\"},\"image\":{\"@id\":\"https:\/\/www.sigmatools.com.br\/site\/produto\/sgt-1220\/#primaryimage\"},\"thumbnailUrl\":\"https:\/\/www.sigmatools.com.br\/site\/wp-content\/uploads\/2015\/12\/SGT-1220-com-disco-r.png\",\"datePublished\":\"2015-12-07T18:55:29+00:00\",\"dateModified\":\"2026-03-10T14:34:17+00:00\",\"breadcrumb\":{\"@id\":\"https:\/\/www.sigmatools.com.br\/site\/produto\/sgt-1220\/#breadcrumb\"},\"inLanguage\":\"pt-BR\",\"potentialAction\":[{\"@type\":\"ReadAction\",\"target\":[\"https:\/\/www.sigmatools.com.br\/site\/produto\/sgt-1220\/\"]}]},{\"@type\":\"ImageObject\",\"inLanguage\":\"pt-BR\",\"@id\":\"https:\/\/www.sigmatools.com.br\/site\/produto\/sgt-1220\/#primaryimage\",\"url\":\"https:\/\/www.sigmatools.com.br\/site\/wp-content\/uploads\/2015\/12\/SGT-1220-com-disco-r.png\",\"contentUrl\":\"https:\/\/www.sigmatools.com.br\/site\/wp-content\/uploads\/2015\/12\/SGT-1220-com-disco-r.png\",\"width\":1000,\"height\":1000},{\"@type\":\"BreadcrumbList\",\"@id\":\"https:\/\/www.sigmatools.com.br\/site\/produto\/sgt-1220\/#breadcrumb\",\"itemListElement\":[{\"@type\":\"ListItem\",\"position\":1,\"name\":\"In\u00edcio\",\"item\":\"https:\/\/www.sigmatools.com.br\/site\/\"},{\"@type\":\"ListItem\",\"position\":2,\"name\":\"SGT-1220 &#8211; SERRA M\u00c1RMORE PNEUM\u00c1TICA 4&#8243; \u00c0 \u00daMIDO\"}]},{\"@type\":\"WebSite\",\"@id\":\"https:\/\/www.sigmatools.com.br\/site\/#website\",\"url\":\"https:\/\/www.sigmatools.com.br\/site\/\",\"name\":\"Sigma Tools\",\"description\":\"Equipamentos para Est\u00e9tica Automotiva e Oficina Mec\u00e2nica - Sigma Tools\",\"publisher\":{\"@id\":\"https:\/\/www.sigmatools.com.br\/site\/#organization\"},\"potentialAction\":[{\"@type\":\"SearchAction\",\"target\":{\"@type\":\"EntryPoint\",\"urlTemplate\":\"https:\/\/www.sigmatools.com.br\/site\/?s={search_term_string}\"},\"query-input\":{\"@type\":\"PropertyValueSpecification\",\"valueRequired\":true,\"valueName\":\"search_term_string\"}}],\"inLanguage\":\"pt-BR\"},{\"@type\":\"Organization\",\"@id\":\"https:\/\/www.sigmatools.com.br\/site\/#organization\",\"name\":\"SIGMA TOOLS\",\"url\":\"https:\/\/www.sigmatools.com.br\/site\/\",\"logo\":{\"@type\":\"ImageObject\",\"inLanguage\":\"pt-BR\",\"@id\":\"https:\/\/www.sigmatools.com.br\/site\/#\/schema\/logo\/image\/\",\"url\":\"https:\/\/www.sigmatools.com.br\/site\/wp-content\/uploads\/2020\/01\/logo-sigma.png\",\"contentUrl\":\"https:\/\/www.sigmatools.com.br\/site\/wp-content\/uploads\/2020\/01\/logo-sigma.png\",\"width\":152,\"height\":150,\"caption\":\"SIGMA TOOLS\"},\"image\":{\"@id\":\"https:\/\/www.sigmatools.com.br\/site\/#\/schema\/logo\/image\/\"},\"sameAs\":[\"https:\/\/www.facebook.com\/sigmatools\"]}]}<\/script>\n<!-- \/ Yoast SEO plugin. -->","yoast_head_json":{"title":"SGT-1220 - SERRA M\u00c1RMORE PNEUM\u00c1TICA 4\" \u00c0 \u00daMIDO - Sigma Tools","robots":{"index":"index","follow":"follow","max-snippet":"max-snippet:-1","max-image-preview":"max-image-preview:large","max-video-preview":"max-video-preview:-1"},"canonical":"https:\/\/www.sigmatools.com.br\/site\/produto\/sgt-1220\/","og_locale":"pt_BR","og_type":"article","og_title":"SGT-1220 - SERRA M\u00c1RMORE PNEUM\u00c1TICA 4\" \u00c0 \u00daMIDO - Sigma Tools","og_description":"C\u00f3digo do produto: 0701122000  C\u00f3digo de barras: 7908276601262  &nbsp;    \u00a0 \u00a0 \u00a0  &nbsp;  Caracter\u00edsticas  \u2022 Carca\u00e7a em Alum\u00ednio; \u2022 Sistema de seguran\u00e7a no acionamento; \u2022 Proporciona at\u00e9 30% mais rendimento do disco por trabalhar 100% do tempo refrigerado; \u2022 Possibilita corte inclinado sem o inconveniente da entrada de \u00e1gua na m\u00e1quina, problema comum nas m\u00e1quinas el\u00e9tricas; \u2022 Frequ\u00eancia e custo de manuten\u00e7\u00e3o muito inferior ao de m\u00e1quinas el\u00e9tricas; \u2022 Reduz significativamente a poeira.  &nbsp;  Informa\u00e7\u00f5es T\u00e9cnicas:  Velocidade livre (rpm): 13.000 Di\u00e2metro do disco (mm): 110 Eixo (mm): 20 Pot\u00eancia (HP): 1,30 Peso (kg): 2,200  &nbsp;  &nbsp;","og_url":"https:\/\/www.sigmatools.com.br\/site\/produto\/sgt-1220\/","og_site_name":"Sigma Tools","article_publisher":"https:\/\/www.facebook.com\/sigmatools","article_modified_time":"2026-03-10T14:34:17+00:00","og_image":[{"width":1000,"height":1000,"url":"https:\/\/www.sigmatools.com.br\/site\/wp-content\/uploads\/2015\/12\/SGT-1220-com-disco-r.png","type":"image\/png"}],"twitter_card":"summary_large_image","twitter_misc":{"Est. tempo de leitura":"1 minuto"},"schema":{"@context":"https:\/\/schema.org","@graph":[{"@type":"WebPage","@id":"https:\/\/www.sigmatools.com.br\/site\/produto\/sgt-1220\/","url":"https:\/\/www.sigmatools.com.br\/site\/produto\/sgt-1220\/","name":"SGT-1220 - SERRA M\u00c1RMORE PNEUM\u00c1TICA 4\" \u00c0 \u00daMIDO - Sigma Tools","isPartOf":{"@id":"https:\/\/www.sigmatools.com.br\/site\/#website"},"primaryImageOfPage":{"@id":"https:\/\/www.sigmatools.com.br\/site\/produto\/sgt-1220\/#primaryimage"},"image":{"@id":"https:\/\/www.sigmatools.com.br\/site\/produto\/sgt-1220\/#primaryimage"},"thumbnailUrl":"https:\/\/www.sigmatools.com.br\/site\/wp-content\/uploads\/2015\/12\/SGT-1220-com-disco-r.png","datePublished":"2015-12-07T18:55:29+00:00","dateModified":"2026-03-10T14:34:17+00:00","breadcrumb":{"@id":"https:\/\/www.sigmatools.com.br\/site\/produto\/sgt-1220\/#breadcrumb"},"inLanguage":"pt-BR","potentialAction":[{"@type":"ReadAction","target":["https:\/\/www.sigmatools.com.br\/site\/produto\/sgt-1220\/"]}]},{"@type":"ImageObject","inLanguage":"pt-BR","@id":"https:\/\/www.sigmatools.com.br\/site\/produto\/sgt-1220\/#primaryimage","url":"https:\/\/www.sigmatools.com.br\/site\/wp-content\/uploads\/2015\/12\/SGT-1220-com-disco-r.png","contentUrl":"https:\/\/www.sigmatools.com.br\/site\/wp-content\/uploads\/2015\/12\/SGT-1220-com-disco-r.png","width":1000,"height":1000},{"@type":"BreadcrumbList","@id":"https:\/\/www.sigmatools.com.br\/site\/produto\/sgt-1220\/#breadcrumb","itemListElement":[{"@type":"ListItem","position":1,"name":"In\u00edcio","item":"https:\/\/www.sigmatools.com.br\/site\/"},{"@type":"ListItem","position":2,"name":"SGT-1220 &#8211; SERRA M\u00c1RMORE PNEUM\u00c1TICA 4&#8243; \u00c0 \u00daMIDO"}]},{"@type":"WebSite","@id":"https:\/\/www.sigmatools.com.br\/site\/#website","url":"https:\/\/www.sigmatools.com.br\/site\/","name":"Sigma Tools","description":"Equipamentos para Est\u00e9tica Automotiva e Oficina Mec\u00e2nica - Sigma Tools","publisher":{"@id":"https:\/\/www.sigmatools.com.br\/site\/#organization"},"potentialAction":[{"@type":"SearchAction","target":{"@type":"EntryPoint","urlTemplate":"https:\/\/www.sigmatools.com.br\/site\/?s={search_term_string}"},"query-input":{"@type":"PropertyValueSpecification","valueRequired":true,"valueName":"search_term_string"}}],"inLanguage":"pt-BR"},{"@type":"Organization","@id":"https:\/\/www.sigmatools.com.br\/site\/#organization","name":"SIGMA TOOLS","url":"https:\/\/www.sigmatools.com.br\/site\/","logo":{"@type":"ImageObject","inLanguage":"pt-BR","@id":"https:\/\/www.sigmatools.com.br\/site\/#\/schema\/logo\/image\/","url":"https:\/\/www.sigmatools.com.br\/site\/wp-content\/uploads\/2020\/01\/logo-sigma.png","contentUrl":"https:\/\/www.sigmatools.com.br\/site\/wp-content\/uploads\/2020\/01\/logo-sigma.png","width":152,"height":150,"caption":"SIGMA TOOLS"},"image":{"@id":"https:\/\/www.sigmatools.com.br\/site\/#\/schema\/logo\/image\/"},"sameAs":["https:\/\/www.facebook.com\/sigmatools"]}]}},"_links":{"self":[{"href":"https:\/\/www.sigmatools.com.br\/site\/wp-json\/wp\/v2\/product\/589","targetHints":{"allow":["GET"]}}],"collection":[{"href":"https:\/\/www.sigmatools.com.br\/site\/wp-json\/wp\/v2\/product"}],"about":[{"href":"https:\/\/www.sigmatools.com.br\/site\/wp-json\/wp\/v2\/types\/product"}],"replies":[{"embeddable":true,"href":"https:\/\/www.sigmatools.com.br\/site\/wp-json\/wp\/v2\/comments?post=589"}],"wp:featuredmedia":[{"embeddable":true,"href":"https:\/\/www.sigmatools.com.br\/site\/wp-json\/wp\/v2\/media\/5110"}],"wp:attachment":[{"href":"https:\/\/www.sigmatools.com.br\/site\/wp-json\/wp\/v2\/media?parent=589"}],"wp:term":[{"taxonomy":"product_brand","embeddable":true,"href":"https:\/\/www.sigmatools.com.br\/site\/wp-json\/wp\/v2\/product_brand?post=589"},{"taxonomy":"product_cat","embeddable":true,"href":"https:\/\/www.sigmatools.com.br\/site\/wp-json\/wp\/v2\/product_cat?post=589"},{"taxonomy":"product_tag","embeddable":true,"href":"https:\/\/www.sigmatools.com.br\/site\/wp-json\/wp\/v2\/product_tag?post=589"}],"curies":[{"name":"wp","href":"https:\/\/api.w.org\/{rel}","templated":true}]}}