{"id":600,"date":"2015-12-09T08:20:13","date_gmt":"2015-12-09T11:20:13","guid":{"rendered":"http:\/\/www.sigmatools.com.br\/site\/produto\/mxt-0111\/"},"modified":"2025-02-06T15:45:55","modified_gmt":"2025-02-06T18:45:55","slug":"mxt-0111","status":"publish","type":"product","link":"https:\/\/www.sigmatools.com.br\/site\/produto\/mxt-0111\/","title":{"rendered":"MXT-0111 &#8211; PARAFUSADEIRA TIPO PISTOLA 1\/4\u201d"},"content":{"rendered":"<p>[vc_row css_animation=&#8221;&#8221; row_type=&#8221;row&#8221; use_row_as_full_screen_section=&#8221;no&#8221; type=&#8221;full_width&#8221; angled_section=&#8221;no&#8221; text_align=&#8221;left&#8221; background_image_as_pattern=&#8221;without_pattern&#8221;][vc_column][\/vc_column][\/vc_row]<\/p>","protected":false},"excerpt":{"rendered":"<p><strong>C\u00f3digo do produto:<\/strong> 0701011100<\/p>\n<p><strong>C\u00f3digo de barras:<\/strong> 7908276607585<\/p>\n<p>&nbsp;<\/p>\n<p>Indicado para uso em situa\u00e7\u00f5es onde exista\u00a0a necessidade de um controle de torque durante a\u00a0opera\u00e7\u00e3o.<\/p>\n<p>&nbsp;<\/p>\n<p><img decoding=\"async\" class=\"alignnone size-full wp-image-271\" src=\"http:\/\/www.sigmatools.com.br\/site\/wp-content\/uploads\/2015\/11\/pictogramas-20.jpg\" alt=\"pictogramas-20\" width=\"105\" height=\"43\" srcset=\"https:\/\/www.sigmatools.com.br\/site\/wp-content\/uploads\/2015\/11\/pictogramas-20.jpg 105w, https:\/\/www.sigmatools.com.br\/site\/wp-content\/uploads\/2015\/11\/pictogramas-20-64x26.jpg 64w\" sizes=\"(max-width: 105px) 100vw, 105px\" \/><\/p>\n<p>&nbsp;<\/p>\n<h3>Caracter\u00edsticas:<\/h3>\n<p>\u2022 Carca\u00e7a em Alum\u00ednio;<br \/>\n\u2022 Desenho ergon\u00f4mico;<br \/>\n\u2022 Mandril com propulsor de troca r\u00e1pida de ponteira;<br \/>\n\u2022 Exaust\u00e3o de ar atrav\u00e9s do cabo;<br \/>\n\u2022 Gatilho com \u00f3tima sensibilidade.<\/p>\n<p>&nbsp;<\/p>\n[button size=\"small\" icon=\"\" target=\"_blank\" text_align=\"left\" text=\"Informativo\" link=\"http:\/\/www.sigmatools.com.br\/site\/arquivos\/informativos\/MXT-0111 - Parafusadeira 1-4.pdf\" color=\"#ffffff\" hover_color=\"#ffffff\" background_color=\"#353535\" hover_background_color=\"#dd3333\" border_color=\"#353535\" hover_border_color=\"#dd3333\"]\n[button size=\"small\" icon=\"\" target=\"_blank\" text_align=\"left\" text=\"Vista Explodida\" link=\"http:\/\/www.sigmatools.com.br\/site\/arquivos\/vista-explodida\/MXT-0111%20-%20Parafusadeira%201-4%20VE.pdf\" color=\"#ffffff\" hover_color=\"#ffffff\" background_color=\"#353535\" hover_background_color=\"#dd3333\" border_color=\"#353535\" hover_border_color=\"#dd3333\"]","protected":false},"featured_media":4506,"comment_status":"open","ping_status":"closed","template":"","meta":{"_jet_sm_ready_style":"","_jet_sm_style":"","_jet_sm_controls_values":"","_jet_sm_fonts_collection":"","_jet_sm_fonts_links":""},"product_brand":[],"product_cat":[110,123,60,83,14],"product_tag":[],"class_list":{"0":"post-600","1":"product","2":"type-product","3":"status-publish","4":"has-post-thumbnail","6":"product_cat-ferramentas","7":"product_cat-parafusadeiras-deslizantes","8":"product_cat-catalogo-geral","9":"product_cat-fixacao","10":"product_cat-maxx-tools","12":"first","13":"instock","14":"shipping-taxable","15":"product-type-simple"},"yoast_head":"<!-- This site is optimized with the Yoast SEO plugin v27.1.1 - https:\/\/yoast.com\/product\/yoast-seo-wordpress\/ -->\n<title>MXT-0111 - PARAFUSADEIRA TIPO PISTOLA 1\/4\u201d - Sigma Tools<\/title>\n<meta name=\"robots\" content=\"index, follow, max-snippet:-1, max-image-preview:large, max-video-preview:-1\" \/>\n<link rel=\"canonical\" href=\"https:\/\/www.sigmatools.com.br\/site\/produto\/mxt-0111\/\" \/>\n<meta property=\"og:locale\" content=\"pt_BR\" \/>\n<meta property=\"og:type\" content=\"article\" \/>\n<meta property=\"og:title\" content=\"MXT-0111 - PARAFUSADEIRA TIPO PISTOLA 1\/4\u201d - Sigma Tools\" \/>\n<meta property=\"og:description\" content=\"C\u00f3digo do produto: 0701011100  C\u00f3digo de barras: 7908276607585  &nbsp;  Indicado para uso em situa\u00e7\u00f5es onde exista\u00a0a necessidade de um controle de torque durante a\u00a0opera\u00e7\u00e3o.  &nbsp;    &nbsp; Caracter\u00edsticas: \u2022 Carca\u00e7a em Alum\u00ednio; \u2022 Desenho ergon\u00f4mico; \u2022 Mandril com propulsor de troca r\u00e1pida de ponteira; \u2022 Exaust\u00e3o de ar atrav\u00e9s do cabo; \u2022 Gatilho com \u00f3tima sensibilidade.  &nbsp;\" \/>\n<meta property=\"og:url\" content=\"https:\/\/www.sigmatools.com.br\/site\/produto\/mxt-0111\/\" \/>\n<meta property=\"og:site_name\" content=\"Sigma Tools\" \/>\n<meta property=\"article:publisher\" content=\"https:\/\/www.facebook.com\/sigmatools\" \/>\n<meta property=\"article:modified_time\" content=\"2025-02-06T18:45:55+00:00\" \/>\n<meta property=\"og:image\" content=\"https:\/\/www.sigmatools.com.br\/site\/wp-content\/uploads\/2015\/12\/MXT-0111-1000X1000.png\" \/>\n\t<meta property=\"og:image:width\" content=\"1000\" \/>\n\t<meta property=\"og:image:height\" content=\"1000\" \/>\n\t<meta property=\"og:image:type\" content=\"image\/png\" \/>\n<meta name=\"twitter:card\" content=\"summary_large_image\" \/>\n<meta name=\"twitter:label1\" content=\"Est. tempo de leitura\" \/>\n\t<meta name=\"twitter:data1\" content=\"1 minuto\" \/>\n<script type=\"application\/ld+json\" class=\"yoast-schema-graph\">{\"@context\":\"https:\/\/schema.org\",\"@graph\":[{\"@type\":\"WebPage\",\"@id\":\"https:\/\/www.sigmatools.com.br\/site\/produto\/mxt-0111\/\",\"url\":\"https:\/\/www.sigmatools.com.br\/site\/produto\/mxt-0111\/\",\"name\":\"MXT-0111 - PARAFUSADEIRA TIPO PISTOLA 1\/4\u201d - Sigma Tools\",\"isPartOf\":{\"@id\":\"https:\/\/www.sigmatools.com.br\/site\/#website\"},\"primaryImageOfPage\":{\"@id\":\"https:\/\/www.sigmatools.com.br\/site\/produto\/mxt-0111\/#primaryimage\"},\"image\":{\"@id\":\"https:\/\/www.sigmatools.com.br\/site\/produto\/mxt-0111\/#primaryimage\"},\"thumbnailUrl\":\"https:\/\/www.sigmatools.com.br\/site\/wp-content\/uploads\/2015\/12\/MXT-0111-1000X1000.png\",\"datePublished\":\"2015-12-09T11:20:13+00:00\",\"dateModified\":\"2025-02-06T18:45:55+00:00\",\"breadcrumb\":{\"@id\":\"https:\/\/www.sigmatools.com.br\/site\/produto\/mxt-0111\/#breadcrumb\"},\"inLanguage\":\"pt-BR\",\"potentialAction\":[{\"@type\":\"ReadAction\",\"target\":[\"https:\/\/www.sigmatools.com.br\/site\/produto\/mxt-0111\/\"]}]},{\"@type\":\"ImageObject\",\"inLanguage\":\"pt-BR\",\"@id\":\"https:\/\/www.sigmatools.com.br\/site\/produto\/mxt-0111\/#primaryimage\",\"url\":\"https:\/\/www.sigmatools.com.br\/site\/wp-content\/uploads\/2015\/12\/MXT-0111-1000X1000.png\",\"contentUrl\":\"https:\/\/www.sigmatools.com.br\/site\/wp-content\/uploads\/2015\/12\/MXT-0111-1000X1000.png\",\"width\":1000,\"height\":1000,\"caption\":\"MXT-0111\"},{\"@type\":\"BreadcrumbList\",\"@id\":\"https:\/\/www.sigmatools.com.br\/site\/produto\/mxt-0111\/#breadcrumb\",\"itemListElement\":[{\"@type\":\"ListItem\",\"position\":1,\"name\":\"In\u00edcio\",\"item\":\"https:\/\/www.sigmatools.com.br\/site\/\"},{\"@type\":\"ListItem\",\"position\":2,\"name\":\"MXT-0111 &#8211; PARAFUSADEIRA TIPO PISTOLA 1\/4\u201d\"}]},{\"@type\":\"WebSite\",\"@id\":\"https:\/\/www.sigmatools.com.br\/site\/#website\",\"url\":\"https:\/\/www.sigmatools.com.br\/site\/\",\"name\":\"Sigma Tools\",\"description\":\"Equipamentos para Est\u00e9tica Automotiva e Oficina Mec\u00e2nica - Sigma Tools\",\"publisher\":{\"@id\":\"https:\/\/www.sigmatools.com.br\/site\/#organization\"},\"potentialAction\":[{\"@type\":\"SearchAction\",\"target\":{\"@type\":\"EntryPoint\",\"urlTemplate\":\"https:\/\/www.sigmatools.com.br\/site\/?s={search_term_string}\"},\"query-input\":{\"@type\":\"PropertyValueSpecification\",\"valueRequired\":true,\"valueName\":\"search_term_string\"}}],\"inLanguage\":\"pt-BR\"},{\"@type\":\"Organization\",\"@id\":\"https:\/\/www.sigmatools.com.br\/site\/#organization\",\"name\":\"SIGMA TOOLS\",\"url\":\"https:\/\/www.sigmatools.com.br\/site\/\",\"logo\":{\"@type\":\"ImageObject\",\"inLanguage\":\"pt-BR\",\"@id\":\"https:\/\/www.sigmatools.com.br\/site\/#\/schema\/logo\/image\/\",\"url\":\"https:\/\/www.sigmatools.com.br\/site\/wp-content\/uploads\/2020\/01\/logo-sigma.png\",\"contentUrl\":\"https:\/\/www.sigmatools.com.br\/site\/wp-content\/uploads\/2020\/01\/logo-sigma.png\",\"width\":152,\"height\":150,\"caption\":\"SIGMA TOOLS\"},\"image\":{\"@id\":\"https:\/\/www.sigmatools.com.br\/site\/#\/schema\/logo\/image\/\"},\"sameAs\":[\"https:\/\/www.facebook.com\/sigmatools\"]}]}<\/script>\n<!-- \/ Yoast SEO plugin. -->","yoast_head_json":{"title":"MXT-0111 - PARAFUSADEIRA TIPO PISTOLA 1\/4\u201d - Sigma Tools","robots":{"index":"index","follow":"follow","max-snippet":"max-snippet:-1","max-image-preview":"max-image-preview:large","max-video-preview":"max-video-preview:-1"},"canonical":"https:\/\/www.sigmatools.com.br\/site\/produto\/mxt-0111\/","og_locale":"pt_BR","og_type":"article","og_title":"MXT-0111 - PARAFUSADEIRA TIPO PISTOLA 1\/4\u201d - Sigma Tools","og_description":"C\u00f3digo do produto: 0701011100  C\u00f3digo de barras: 7908276607585  &nbsp;  Indicado para uso em situa\u00e7\u00f5es onde exista\u00a0a necessidade de um controle de torque durante a\u00a0opera\u00e7\u00e3o.  &nbsp;    &nbsp; Caracter\u00edsticas: \u2022 Carca\u00e7a em Alum\u00ednio; \u2022 Desenho ergon\u00f4mico; \u2022 Mandril com propulsor de troca r\u00e1pida de ponteira; \u2022 Exaust\u00e3o de ar atrav\u00e9s do cabo; \u2022 Gatilho com \u00f3tima sensibilidade.  &nbsp;","og_url":"https:\/\/www.sigmatools.com.br\/site\/produto\/mxt-0111\/","og_site_name":"Sigma Tools","article_publisher":"https:\/\/www.facebook.com\/sigmatools","article_modified_time":"2025-02-06T18:45:55+00:00","og_image":[{"width":1000,"height":1000,"url":"https:\/\/www.sigmatools.com.br\/site\/wp-content\/uploads\/2015\/12\/MXT-0111-1000X1000.png","type":"image\/png"}],"twitter_card":"summary_large_image","twitter_misc":{"Est. tempo de leitura":"1 minuto"},"schema":{"@context":"https:\/\/schema.org","@graph":[{"@type":"WebPage","@id":"https:\/\/www.sigmatools.com.br\/site\/produto\/mxt-0111\/","url":"https:\/\/www.sigmatools.com.br\/site\/produto\/mxt-0111\/","name":"MXT-0111 - PARAFUSADEIRA TIPO PISTOLA 1\/4\u201d - Sigma Tools","isPartOf":{"@id":"https:\/\/www.sigmatools.com.br\/site\/#website"},"primaryImageOfPage":{"@id":"https:\/\/www.sigmatools.com.br\/site\/produto\/mxt-0111\/#primaryimage"},"image":{"@id":"https:\/\/www.sigmatools.com.br\/site\/produto\/mxt-0111\/#primaryimage"},"thumbnailUrl":"https:\/\/www.sigmatools.com.br\/site\/wp-content\/uploads\/2015\/12\/MXT-0111-1000X1000.png","datePublished":"2015-12-09T11:20:13+00:00","dateModified":"2025-02-06T18:45:55+00:00","breadcrumb":{"@id":"https:\/\/www.sigmatools.com.br\/site\/produto\/mxt-0111\/#breadcrumb"},"inLanguage":"pt-BR","potentialAction":[{"@type":"ReadAction","target":["https:\/\/www.sigmatools.com.br\/site\/produto\/mxt-0111\/"]}]},{"@type":"ImageObject","inLanguage":"pt-BR","@id":"https:\/\/www.sigmatools.com.br\/site\/produto\/mxt-0111\/#primaryimage","url":"https:\/\/www.sigmatools.com.br\/site\/wp-content\/uploads\/2015\/12\/MXT-0111-1000X1000.png","contentUrl":"https:\/\/www.sigmatools.com.br\/site\/wp-content\/uploads\/2015\/12\/MXT-0111-1000X1000.png","width":1000,"height":1000,"caption":"MXT-0111"},{"@type":"BreadcrumbList","@id":"https:\/\/www.sigmatools.com.br\/site\/produto\/mxt-0111\/#breadcrumb","itemListElement":[{"@type":"ListItem","position":1,"name":"In\u00edcio","item":"https:\/\/www.sigmatools.com.br\/site\/"},{"@type":"ListItem","position":2,"name":"MXT-0111 &#8211; PARAFUSADEIRA TIPO PISTOLA 1\/4\u201d"}]},{"@type":"WebSite","@id":"https:\/\/www.sigmatools.com.br\/site\/#website","url":"https:\/\/www.sigmatools.com.br\/site\/","name":"Sigma Tools","description":"Equipamentos para Est\u00e9tica Automotiva e Oficina Mec\u00e2nica - Sigma Tools","publisher":{"@id":"https:\/\/www.sigmatools.com.br\/site\/#organization"},"potentialAction":[{"@type":"SearchAction","target":{"@type":"EntryPoint","urlTemplate":"https:\/\/www.sigmatools.com.br\/site\/?s={search_term_string}"},"query-input":{"@type":"PropertyValueSpecification","valueRequired":true,"valueName":"search_term_string"}}],"inLanguage":"pt-BR"},{"@type":"Organization","@id":"https:\/\/www.sigmatools.com.br\/site\/#organization","name":"SIGMA TOOLS","url":"https:\/\/www.sigmatools.com.br\/site\/","logo":{"@type":"ImageObject","inLanguage":"pt-BR","@id":"https:\/\/www.sigmatools.com.br\/site\/#\/schema\/logo\/image\/","url":"https:\/\/www.sigmatools.com.br\/site\/wp-content\/uploads\/2020\/01\/logo-sigma.png","contentUrl":"https:\/\/www.sigmatools.com.br\/site\/wp-content\/uploads\/2020\/01\/logo-sigma.png","width":152,"height":150,"caption":"SIGMA TOOLS"},"image":{"@id":"https:\/\/www.sigmatools.com.br\/site\/#\/schema\/logo\/image\/"},"sameAs":["https:\/\/www.facebook.com\/sigmatools"]}]}},"_links":{"self":[{"href":"https:\/\/www.sigmatools.com.br\/site\/wp-json\/wp\/v2\/product\/600","targetHints":{"allow":["GET"]}}],"collection":[{"href":"https:\/\/www.sigmatools.com.br\/site\/wp-json\/wp\/v2\/product"}],"about":[{"href":"https:\/\/www.sigmatools.com.br\/site\/wp-json\/wp\/v2\/types\/product"}],"replies":[{"embeddable":true,"href":"https:\/\/www.sigmatools.com.br\/site\/wp-json\/wp\/v2\/comments?post=600"}],"wp:featuredmedia":[{"embeddable":true,"href":"https:\/\/www.sigmatools.com.br\/site\/wp-json\/wp\/v2\/media\/4506"}],"wp:attachment":[{"href":"https:\/\/www.sigmatools.com.br\/site\/wp-json\/wp\/v2\/media?parent=600"}],"wp:term":[{"taxonomy":"product_brand","embeddable":true,"href":"https:\/\/www.sigmatools.com.br\/site\/wp-json\/wp\/v2\/product_brand?post=600"},{"taxonomy":"product_cat","embeddable":true,"href":"https:\/\/www.sigmatools.com.br\/site\/wp-json\/wp\/v2\/product_cat?post=600"},{"taxonomy":"product_tag","embeddable":true,"href":"https:\/\/www.sigmatools.com.br\/site\/wp-json\/wp\/v2\/product_tag?post=600"}],"curies":[{"name":"wp","href":"https:\/\/api.w.org\/{rel}","templated":true}]}}