{"id":7127,"date":"2024-03-21T09:13:55","date_gmt":"2024-03-21T12:13:55","guid":{"rendered":"https:\/\/www.sigmatools.com.br\/site\/?post_type=product&#038;p=7127"},"modified":"2025-08-08T10:48:34","modified_gmt":"2025-08-08T13:48:34","slug":"sgt-5118-110v-220v-politriz-sgt-colors-15mm-amarela","status":"publish","type":"product","link":"https:\/\/www.sigmatools.com.br\/site\/produto\/sgt-5118-110v-220v-politriz-sgt-colors-15mm-amarela\/","title":{"rendered":"SGT-5118 &#8211; 127V\/220V &#8211; POLITRIZ SGT COLORS 15MM &#8211; AMARELA"},"content":{"rendered":"","protected":false},"excerpt":{"rendered":"<p><strong>C\u00f3digo do produto: 127V<\/strong> &#8211; 0702511813| <strong>220V<\/strong> &#8211; 0702511823<\/p>\n<p><strong>C\u00f3digo de barras: 127V<\/strong> &#8211; 7908276627231| <strong>220V<\/strong> &#8211; 7908276627286<\/p>\n<p>&nbsp;<\/p>\n<iframe title=\"YouTube video player\" src=\"https:\/\/www.youtube.com\/embed\/qnJZ2dcZOHc?si=ld1GlOdpwS2VOkw2\" width=\"560\" height=\"315\" frameborder=\"0\" allowfullscreen=\"allowfullscreen\"><\/iframe>\n<iframe title=\"YouTube video player\" src=\"https:\/\/www.youtube.com\/embed\/xIevJLB3Tns?si=1ha-iJmxtVQGwYXP\" width=\"315\" height=\"560\" frameborder=\"0\" allowfullscreen=\"allowfullscreen\"><span data-mce-type=\"bookmark\" style=\"display: inline-block; width: 0px; overflow: hidden; line-height: 0;\" class=\"mce_SELRES_start\">\ufeff<\/span><\/iframe>\n<p>&nbsp;<\/p>\n<p><strong>CARACTER\u00cdSTICAS<\/strong><br \/>\n&#8211; Design ergon\u00f4mico com empunhadura tipo roto orbital;<br \/>\n&#8211; Leve e equilibrada;<br \/>\n&#8211; Baix\u00edssima vibra\u00e7\u00e3o e ru\u00eddo;<br \/>\n&#8211; Menor aquecimento;<br \/>\n&#8211; Cabo com 5m de comprimento siliconado;<br \/>\n&#8211; 6 n\u00edveis de velocidade;<\/p>\n<p>&nbsp;<\/p>\n<p><strong>APLICA\u00c7\u00d5ES<\/strong><br \/>\n&#8211; Indicado para polimentos refinados;<br \/>\n&#8211; Ideal para etapas de refino e lustro;<br \/>\n&#8211; Utilizada para enceramento mec\u00e2nico.<\/p>\n<p>&nbsp;<\/p>\n<p><strong>ACESS\u00d3RIOS<\/strong><br \/>\n1 &#8211; Disco velcrado 5\u201d rosca M8;<br \/>\n1 &#8211; Chave allen;<br \/>\n1 &#8211; Par de escovas de carv\u00e3o extra;<br \/>\n1 &#8211; Boina 5\u201d;<br \/>\n1 &#8211; Manual;<br \/>\nObs. Pode ser utilizado com suporte de 6\u201d.<\/p>\n<p>&nbsp;<\/p>\n[button size=\"small\" icon=\"\" target=\"_blank\" text_align=\"left\" text=\"Informativo\" link=\"http:\/\/www.sigmatools.com.br\/site\/arquivos\/informativos\/SGT-5118%20-%20POLITRIZ%20COLORS%2015MM%20-%20NEW%20-%20INFO.pdf\" color=\"#ffffff\" hover_color=\"#ffffff\" background_color=\"#353535\" hover_background_color=\"#dd3333\" border_color=\"#353535\" hover_border_color=\"#dd3333\"]\n[button size=\"small\" icon=\"\" target=\"_blank\" text_align=\"left\" text=\"Vista Explodida\" link=\"https:\/\/www.sigmatools.com.br\/site\/arquivos\/vista-explodida\/SGT-5118%20-%20POLITRIZ%20SGT%20COLORS%2015MM%20-%20NEW%20-%20VE.pdf\" color=\"#ffffff\" hover_color=\"#ffffff\" background_color=\"#353535\" hover_background_color=\"#dd3333\" border_color=\"#353535\" hover_border_color=\"#dd3333\"]\n<p>&nbsp;<\/p>","protected":false},"featured_media":7129,"comment_status":"open","ping_status":"closed","template":"","meta":{"_jet_sm_ready_style":"","_jet_sm_style":"","_jet_sm_controls_values":"","_jet_sm_fonts_collection":"","_jet_sm_fonts_links":""},"product_brand":[],"product_cat":[60,15],"product_tag":[],"class_list":{"0":"post-7127","1":"product","2":"type-product","3":"status-publish","4":"has-post-thumbnail","6":"product_cat-catalogo-geral","7":"product_cat-sigma-tools","9":"first","10":"instock","11":"shipping-taxable","12":"product-type-simple"},"yoast_head":"<!-- This site is optimized with the Yoast SEO plugin v27.1.1 - https:\/\/yoast.com\/product\/yoast-seo-wordpress\/ -->\n<title>SGT-5118 - 127V\/220V - POLITRIZ SGT COLORS 15MM - AMARELA - Sigma Tools<\/title>\n<meta name=\"robots\" content=\"index, follow, max-snippet:-1, max-image-preview:large, max-video-preview:-1\" \/>\n<link rel=\"canonical\" href=\"https:\/\/www.sigmatools.com.br\/site\/produto\/sgt-5118-110v-220v-politriz-sgt-colors-15mm-amarela\/\" \/>\n<meta property=\"og:locale\" content=\"pt_BR\" \/>\n<meta property=\"og:type\" content=\"article\" \/>\n<meta property=\"og:title\" content=\"SGT-5118 - 127V\/220V - POLITRIZ SGT COLORS 15MM - AMARELA - Sigma Tools\" \/>\n<meta property=\"og:description\" content=\"C\u00f3digo do produto: 127V - 0702511813| 220V - 0702511823  C\u00f3digo de barras: 127V - 7908276627231| 220V - 7908276627286  &nbsp;    \ufeff  &nbsp;  CARACTER\u00cdSTICAS - Design ergon\u00f4mico com empunhadura tipo roto orbital; - Leve e equilibrada; - Baix\u00edssima vibra\u00e7\u00e3o e ru\u00eddo; - Menor aquecimento; - Cabo com 5m de comprimento siliconado; - 6 n\u00edveis de velocidade;  &nbsp;  APLICA\u00c7\u00d5ES - Indicado para polimentos refinados; - Ideal para etapas de refino e lustro; - Utilizada para enceramento mec\u00e2nico.  &nbsp;  ACESS\u00d3RIOS 1 - Disco velcrado 5\u201d rosca M8; 1 - Chave allen; 1 - Par de escovas de carv\u00e3o extra; 1 - Boina 5\u201d; 1 - Manual; Obs. Pode ser utilizado com suporte de 6\u201d.  &nbsp;      &nbsp;\" \/>\n<meta property=\"og:url\" content=\"https:\/\/www.sigmatools.com.br\/site\/produto\/sgt-5118-110v-220v-politriz-sgt-colors-15mm-amarela\/\" \/>\n<meta property=\"og:site_name\" content=\"Sigma Tools\" \/>\n<meta property=\"article:publisher\" content=\"https:\/\/www.facebook.com\/sigmatools\" \/>\n<meta property=\"article:modified_time\" content=\"2025-08-08T13:48:34+00:00\" \/>\n<meta property=\"og:image\" content=\"https:\/\/www.sigmatools.com.br\/site\/wp-content\/uploads\/2024\/03\/amarela.jpg\" \/>\n\t<meta property=\"og:image:width\" content=\"1000\" \/>\n\t<meta property=\"og:image:height\" content=\"1000\" \/>\n\t<meta property=\"og:image:type\" content=\"image\/jpeg\" \/>\n<meta name=\"twitter:card\" content=\"summary_large_image\" \/>\n<meta name=\"twitter:label1\" content=\"Est. tempo de leitura\" \/>\n\t<meta name=\"twitter:data1\" content=\"1 minuto\" \/>\n<script type=\"application\/ld+json\" class=\"yoast-schema-graph\">{\"@context\":\"https:\/\/schema.org\",\"@graph\":[{\"@type\":\"WebPage\",\"@id\":\"https:\/\/www.sigmatools.com.br\/site\/produto\/sgt-5118-110v-220v-politriz-sgt-colors-15mm-amarela\/\",\"url\":\"https:\/\/www.sigmatools.com.br\/site\/produto\/sgt-5118-110v-220v-politriz-sgt-colors-15mm-amarela\/\",\"name\":\"SGT-5118 - 127V\/220V - POLITRIZ SGT COLORS 15MM - AMARELA - Sigma Tools\",\"isPartOf\":{\"@id\":\"https:\/\/www.sigmatools.com.br\/site\/#website\"},\"primaryImageOfPage\":{\"@id\":\"https:\/\/www.sigmatools.com.br\/site\/produto\/sgt-5118-110v-220v-politriz-sgt-colors-15mm-amarela\/#primaryimage\"},\"image\":{\"@id\":\"https:\/\/www.sigmatools.com.br\/site\/produto\/sgt-5118-110v-220v-politriz-sgt-colors-15mm-amarela\/#primaryimage\"},\"thumbnailUrl\":\"https:\/\/www.sigmatools.com.br\/site\/wp-content\/uploads\/2024\/03\/amarela.jpg\",\"datePublished\":\"2024-03-21T12:13:55+00:00\",\"dateModified\":\"2025-08-08T13:48:34+00:00\",\"breadcrumb\":{\"@id\":\"https:\/\/www.sigmatools.com.br\/site\/produto\/sgt-5118-110v-220v-politriz-sgt-colors-15mm-amarela\/#breadcrumb\"},\"inLanguage\":\"pt-BR\",\"potentialAction\":[{\"@type\":\"ReadAction\",\"target\":[\"https:\/\/www.sigmatools.com.br\/site\/produto\/sgt-5118-110v-220v-politriz-sgt-colors-15mm-amarela\/\"]}]},{\"@type\":\"ImageObject\",\"inLanguage\":\"pt-BR\",\"@id\":\"https:\/\/www.sigmatools.com.br\/site\/produto\/sgt-5118-110v-220v-politriz-sgt-colors-15mm-amarela\/#primaryimage\",\"url\":\"https:\/\/www.sigmatools.com.br\/site\/wp-content\/uploads\/2024\/03\/amarela.jpg\",\"contentUrl\":\"https:\/\/www.sigmatools.com.br\/site\/wp-content\/uploads\/2024\/03\/amarela.jpg\",\"width\":1000,\"height\":1000},{\"@type\":\"BreadcrumbList\",\"@id\":\"https:\/\/www.sigmatools.com.br\/site\/produto\/sgt-5118-110v-220v-politriz-sgt-colors-15mm-amarela\/#breadcrumb\",\"itemListElement\":[{\"@type\":\"ListItem\",\"position\":1,\"name\":\"In\u00edcio\",\"item\":\"https:\/\/www.sigmatools.com.br\/site\/\"},{\"@type\":\"ListItem\",\"position\":2,\"name\":\"SGT-5118 &#8211; 127V\/220V &#8211; POLITRIZ SGT COLORS 15MM &#8211; AMARELA\"}]},{\"@type\":\"WebSite\",\"@id\":\"https:\/\/www.sigmatools.com.br\/site\/#website\",\"url\":\"https:\/\/www.sigmatools.com.br\/site\/\",\"name\":\"Sigma Tools\",\"description\":\"Equipamentos para Est\u00e9tica Automotiva e Oficina Mec\u00e2nica - Sigma Tools\",\"publisher\":{\"@id\":\"https:\/\/www.sigmatools.com.br\/site\/#organization\"},\"potentialAction\":[{\"@type\":\"SearchAction\",\"target\":{\"@type\":\"EntryPoint\",\"urlTemplate\":\"https:\/\/www.sigmatools.com.br\/site\/?s={search_term_string}\"},\"query-input\":{\"@type\":\"PropertyValueSpecification\",\"valueRequired\":true,\"valueName\":\"search_term_string\"}}],\"inLanguage\":\"pt-BR\"},{\"@type\":\"Organization\",\"@id\":\"https:\/\/www.sigmatools.com.br\/site\/#organization\",\"name\":\"SIGMA TOOLS\",\"url\":\"https:\/\/www.sigmatools.com.br\/site\/\",\"logo\":{\"@type\":\"ImageObject\",\"inLanguage\":\"pt-BR\",\"@id\":\"https:\/\/www.sigmatools.com.br\/site\/#\/schema\/logo\/image\/\",\"url\":\"https:\/\/www.sigmatools.com.br\/site\/wp-content\/uploads\/2020\/01\/logo-sigma.png\",\"contentUrl\":\"https:\/\/www.sigmatools.com.br\/site\/wp-content\/uploads\/2020\/01\/logo-sigma.png\",\"width\":152,\"height\":150,\"caption\":\"SIGMA TOOLS\"},\"image\":{\"@id\":\"https:\/\/www.sigmatools.com.br\/site\/#\/schema\/logo\/image\/\"},\"sameAs\":[\"https:\/\/www.facebook.com\/sigmatools\"]}]}<\/script>\n<!-- \/ Yoast SEO plugin. -->","yoast_head_json":{"title":"SGT-5118 - 127V\/220V - POLITRIZ SGT COLORS 15MM - AMARELA - Sigma Tools","robots":{"index":"index","follow":"follow","max-snippet":"max-snippet:-1","max-image-preview":"max-image-preview:large","max-video-preview":"max-video-preview:-1"},"canonical":"https:\/\/www.sigmatools.com.br\/site\/produto\/sgt-5118-110v-220v-politriz-sgt-colors-15mm-amarela\/","og_locale":"pt_BR","og_type":"article","og_title":"SGT-5118 - 127V\/220V - POLITRIZ SGT COLORS 15MM - AMARELA - Sigma Tools","og_description":"C\u00f3digo do produto: 127V - 0702511813| 220V - 0702511823  C\u00f3digo de barras: 127V - 7908276627231| 220V - 7908276627286  &nbsp;    \ufeff  &nbsp;  CARACTER\u00cdSTICAS - Design ergon\u00f4mico com empunhadura tipo roto orbital; - Leve e equilibrada; - Baix\u00edssima vibra\u00e7\u00e3o e ru\u00eddo; - Menor aquecimento; - Cabo com 5m de comprimento siliconado; - 6 n\u00edveis de velocidade;  &nbsp;  APLICA\u00c7\u00d5ES - Indicado para polimentos refinados; - Ideal para etapas de refino e lustro; - Utilizada para enceramento mec\u00e2nico.  &nbsp;  ACESS\u00d3RIOS 1 - Disco velcrado 5\u201d rosca M8; 1 - Chave allen; 1 - Par de escovas de carv\u00e3o extra; 1 - Boina 5\u201d; 1 - Manual; Obs. Pode ser utilizado com suporte de 6\u201d.  &nbsp;      &nbsp;","og_url":"https:\/\/www.sigmatools.com.br\/site\/produto\/sgt-5118-110v-220v-politriz-sgt-colors-15mm-amarela\/","og_site_name":"Sigma Tools","article_publisher":"https:\/\/www.facebook.com\/sigmatools","article_modified_time":"2025-08-08T13:48:34+00:00","og_image":[{"width":1000,"height":1000,"url":"https:\/\/www.sigmatools.com.br\/site\/wp-content\/uploads\/2024\/03\/amarela.jpg","type":"image\/jpeg"}],"twitter_card":"summary_large_image","twitter_misc":{"Est. tempo de leitura":"1 minuto"},"schema":{"@context":"https:\/\/schema.org","@graph":[{"@type":"WebPage","@id":"https:\/\/www.sigmatools.com.br\/site\/produto\/sgt-5118-110v-220v-politriz-sgt-colors-15mm-amarela\/","url":"https:\/\/www.sigmatools.com.br\/site\/produto\/sgt-5118-110v-220v-politriz-sgt-colors-15mm-amarela\/","name":"SGT-5118 - 127V\/220V - POLITRIZ SGT COLORS 15MM - AMARELA - Sigma Tools","isPartOf":{"@id":"https:\/\/www.sigmatools.com.br\/site\/#website"},"primaryImageOfPage":{"@id":"https:\/\/www.sigmatools.com.br\/site\/produto\/sgt-5118-110v-220v-politriz-sgt-colors-15mm-amarela\/#primaryimage"},"image":{"@id":"https:\/\/www.sigmatools.com.br\/site\/produto\/sgt-5118-110v-220v-politriz-sgt-colors-15mm-amarela\/#primaryimage"},"thumbnailUrl":"https:\/\/www.sigmatools.com.br\/site\/wp-content\/uploads\/2024\/03\/amarela.jpg","datePublished":"2024-03-21T12:13:55+00:00","dateModified":"2025-08-08T13:48:34+00:00","breadcrumb":{"@id":"https:\/\/www.sigmatools.com.br\/site\/produto\/sgt-5118-110v-220v-politriz-sgt-colors-15mm-amarela\/#breadcrumb"},"inLanguage":"pt-BR","potentialAction":[{"@type":"ReadAction","target":["https:\/\/www.sigmatools.com.br\/site\/produto\/sgt-5118-110v-220v-politriz-sgt-colors-15mm-amarela\/"]}]},{"@type":"ImageObject","inLanguage":"pt-BR","@id":"https:\/\/www.sigmatools.com.br\/site\/produto\/sgt-5118-110v-220v-politriz-sgt-colors-15mm-amarela\/#primaryimage","url":"https:\/\/www.sigmatools.com.br\/site\/wp-content\/uploads\/2024\/03\/amarela.jpg","contentUrl":"https:\/\/www.sigmatools.com.br\/site\/wp-content\/uploads\/2024\/03\/amarela.jpg","width":1000,"height":1000},{"@type":"BreadcrumbList","@id":"https:\/\/www.sigmatools.com.br\/site\/produto\/sgt-5118-110v-220v-politriz-sgt-colors-15mm-amarela\/#breadcrumb","itemListElement":[{"@type":"ListItem","position":1,"name":"In\u00edcio","item":"https:\/\/www.sigmatools.com.br\/site\/"},{"@type":"ListItem","position":2,"name":"SGT-5118 &#8211; 127V\/220V &#8211; POLITRIZ SGT COLORS 15MM &#8211; AMARELA"}]},{"@type":"WebSite","@id":"https:\/\/www.sigmatools.com.br\/site\/#website","url":"https:\/\/www.sigmatools.com.br\/site\/","name":"Sigma Tools","description":"Equipamentos para Est\u00e9tica Automotiva e Oficina Mec\u00e2nica - Sigma Tools","publisher":{"@id":"https:\/\/www.sigmatools.com.br\/site\/#organization"},"potentialAction":[{"@type":"SearchAction","target":{"@type":"EntryPoint","urlTemplate":"https:\/\/www.sigmatools.com.br\/site\/?s={search_term_string}"},"query-input":{"@type":"PropertyValueSpecification","valueRequired":true,"valueName":"search_term_string"}}],"inLanguage":"pt-BR"},{"@type":"Organization","@id":"https:\/\/www.sigmatools.com.br\/site\/#organization","name":"SIGMA TOOLS","url":"https:\/\/www.sigmatools.com.br\/site\/","logo":{"@type":"ImageObject","inLanguage":"pt-BR","@id":"https:\/\/www.sigmatools.com.br\/site\/#\/schema\/logo\/image\/","url":"https:\/\/www.sigmatools.com.br\/site\/wp-content\/uploads\/2020\/01\/logo-sigma.png","contentUrl":"https:\/\/www.sigmatools.com.br\/site\/wp-content\/uploads\/2020\/01\/logo-sigma.png","width":152,"height":150,"caption":"SIGMA TOOLS"},"image":{"@id":"https:\/\/www.sigmatools.com.br\/site\/#\/schema\/logo\/image\/"},"sameAs":["https:\/\/www.facebook.com\/sigmatools"]}]}},"_links":{"self":[{"href":"https:\/\/www.sigmatools.com.br\/site\/wp-json\/wp\/v2\/product\/7127","targetHints":{"allow":["GET"]}}],"collection":[{"href":"https:\/\/www.sigmatools.com.br\/site\/wp-json\/wp\/v2\/product"}],"about":[{"href":"https:\/\/www.sigmatools.com.br\/site\/wp-json\/wp\/v2\/types\/product"}],"replies":[{"embeddable":true,"href":"https:\/\/www.sigmatools.com.br\/site\/wp-json\/wp\/v2\/comments?post=7127"}],"wp:featuredmedia":[{"embeddable":true,"href":"https:\/\/www.sigmatools.com.br\/site\/wp-json\/wp\/v2\/media\/7129"}],"wp:attachment":[{"href":"https:\/\/www.sigmatools.com.br\/site\/wp-json\/wp\/v2\/media?parent=7127"}],"wp:term":[{"taxonomy":"product_brand","embeddable":true,"href":"https:\/\/www.sigmatools.com.br\/site\/wp-json\/wp\/v2\/product_brand?post=7127"},{"taxonomy":"product_cat","embeddable":true,"href":"https:\/\/www.sigmatools.com.br\/site\/wp-json\/wp\/v2\/product_cat?post=7127"},{"taxonomy":"product_tag","embeddable":true,"href":"https:\/\/www.sigmatools.com.br\/site\/wp-json\/wp\/v2\/product_tag?post=7127"}],"curies":[{"name":"wp","href":"https:\/\/api.w.org\/{rel}","templated":true}]}}