{"id":7202,"date":"2024-03-26T15:40:42","date_gmt":"2024-03-26T18:40:42","guid":{"rendered":"https:\/\/www.sigmatools.com.br\/site\/?post_type=product&#038;p=7202"},"modified":"2025-05-31T14:39:27","modified_gmt":"2025-05-31T17:39:27","slug":"sgt-5150-127v-220v-politriz-nano-hibrida-3mm-12mm-orbita","status":"publish","type":"product","link":"https:\/\/www.sigmatools.com.br\/site\/produto\/sgt-5150-127v-220v-politriz-nano-hibrida-3mm-12mm-orbita\/","title":{"rendered":"SGT-5150 &#8211; 127V\/220V &#8211; POLITRIZ NANO HIBRIDA &#8211; 3MM\/12MM ORBITA"},"content":{"rendered":"<p>[vc_row css_animation=&#8221;&#8221; row_type=&#8221;row&#8221; use_row_as_full_screen_section=&#8221;no&#8221; type=&#8221;full_width&#8221; angled_section=&#8221;no&#8221; text_align=&#8221;left&#8221; background_image_as_pattern=&#8221;without_pattern&#8221;][vc_column][\/vc_column][\/vc_row]<\/p>","protected":false},"excerpt":{"rendered":"<p><strong>C\u00f3digo do produto: 110V<\/strong> \u2013 0702515001 | <strong>220V<\/strong> \u2013 0702515000<\/p>\n<p><strong>C\u00f3digo de barras: 110V<\/strong> \u2013 7908276625084 | <strong>220V<\/strong> \u2013 7908276625077<\/p>\n<p>&nbsp;<\/p>\n<iframe title=\"YouTube video player\" src=\"https:\/\/www.youtube.com\/embed\/YcZaHp8GJQ4?si=VfjX1l7es7uz0oUu\" width=\"560\" height=\"315\" frameborder=\"0\" allowfullscreen=\"allowfullscreen\"><\/iframe>\n<p>&nbsp;<\/p>\n<p><strong>CARACTER\u00cdSTICAS<\/strong><br \/>\n\u00d3rbita livre de 3mm\/12mm;<br \/>\n6 Velocidades;<br \/>\nLeve e Compacta;<br \/>\n6 Metros de cabo de silicone;<br \/>\nAlta Resist\u00eancia;<br \/>\nBaixa Vibra\u00e7\u00e3o e Ru\u00eddo.<br \/>\nAPLICA\u00c7\u00d5ES<br \/>\nIndicada para polimento em pequenas \u00e1reas de<br \/>\ndif\u00edcil acesso.<br \/>\nA \u00f3rbita de 3mm \/ 12mm confere precis\u00e3o em detalhes<br \/>\nde polimento com confort\u00e1vel manuseio.<\/p>\n<p>&nbsp;<\/p>\n<p style=\"text-align: left;\"><strong>ACESS\u00d3RIOS<\/strong><br \/>\nEscova<\/p>\n<p style=\"text-align: left;\">Kit de Boinas<br \/>\n\u00d3rbita<\/p>\n<p style=\"text-align: left;\">Chave de boca<br \/>\nPratos de 50mm (2\u201d) e 30mm (1,2\u201d)<\/p>\n<p style=\"text-align: left;\">Prolongador<\/p>\n<p>&nbsp;<\/p>\n<p>&nbsp;<\/p>\n[button size=\"small\" icon=\"\" target=\"_blank\" text_align=\"left\" text=\"Informativo\" link=\"http:\/\/www.sigmatools.com.br\/site\/arquivos\/informativos\/SGT-5150%20-%20POLITRIZ%20NANO%20H%C3%8DBRIDA%20-%203MM%20-%2012MM%20%C3%93RBITA.pdf\" color=\"#ffffff\" hover_color=\"#ffffff\" background_color=\"#353535\" hover_background_color=\"#dd3333\" border_color=\"#353535\" hover_border_color=\"#dd3333\"]\n[button size=\"small\" icon=\"\" target=\"_blank\" text_align=\"left\" text=\"Vista Explodida\" link=\"https:\/\/www.sigmatools.com.br\/site\/arquivos\/vista-explodida\/SGT-5150%20-%20POLITRIZ%20NANO%20HIBRIDA%20-%203MM%20-%2012MM%20ORBITA.pdf\" color=\"#ffffff\" hover_color=\"#ffffff\" background_color=\"#353535\" hover_background_color=\"#dd3333\" border_color=\"#353535\" hover_border_color=\"#dd3333\"]","protected":false},"featured_media":7203,"comment_status":"open","ping_status":"closed","template":"","meta":{"_jet_sm_ready_style":"","_jet_sm_style":"","_jet_sm_controls_values":"","_jet_sm_fonts_collection":"","_jet_sm_fonts_links":""},"product_brand":[],"product_cat":[218,60,91,15],"product_tag":[],"class_list":{"0":"post-7202","1":"product","2":"type-product","3":"status-publish","4":"has-post-thumbnail","6":"product_cat-destaque","7":"product_cat-catalogo-geral","8":"product_cat-estetica-automotiva","9":"product_cat-sigma-tools","11":"first","12":"instock","13":"featured","14":"shipping-taxable","15":"product-type-simple"},"yoast_head":"<!-- This site is optimized with the Yoast SEO plugin v27.1.1 - https:\/\/yoast.com\/product\/yoast-seo-wordpress\/ -->\n<title>SGT-5150 - 127V\/220V - POLITRIZ NANO HIBRIDA - 3MM\/12MM ORBITA - Sigma Tools<\/title>\n<meta name=\"description\" content=\"Politriz el\u00e9trica 6&quot; de dupla a\u00e7\u00e3o com 900W de pot\u00eancia ideal para polimentos refinados e \u00f3tima para lustre de superf\u00edcies automotivas.\" \/>\n<meta name=\"robots\" content=\"index, follow, max-snippet:-1, max-image-preview:large, max-video-preview:-1\" \/>\n<link rel=\"canonical\" href=\"https:\/\/www.sigmatools.com.br\/site\/produto\/sgt-5150-127v-220v-politriz-nano-hibrida-3mm-12mm-orbita\/\" \/>\n<meta property=\"og:locale\" content=\"pt_BR\" \/>\n<meta property=\"og:type\" content=\"article\" \/>\n<meta property=\"og:title\" content=\"SGT-5150 - 127V\/220V - POLITRIZ NANO HIBRIDA - 3MM\/12MM ORBITA - Sigma Tools\" \/>\n<meta property=\"og:description\" content=\"Politriz el\u00e9trica 6&quot; de dupla a\u00e7\u00e3o com 900W de pot\u00eancia ideal para polimentos refinados e \u00f3tima para lustre de superf\u00edcies automotivas.\" \/>\n<meta property=\"og:url\" content=\"https:\/\/www.sigmatools.com.br\/site\/produto\/sgt-5150-127v-220v-politriz-nano-hibrida-3mm-12mm-orbita\/\" \/>\n<meta property=\"og:site_name\" content=\"Sigma Tools\" \/>\n<meta property=\"article:publisher\" content=\"https:\/\/www.facebook.com\/sigmatools\" \/>\n<meta property=\"article:modified_time\" content=\"2025-05-31T17:39:27+00:00\" \/>\n<meta property=\"og:image\" content=\"https:\/\/www.sigmatools.com.br\/site\/wp-content\/uploads\/2024\/03\/Sem-Titulo-1-2.jpg\" \/>\n\t<meta property=\"og:image:width\" content=\"1000\" \/>\n\t<meta property=\"og:image:height\" content=\"1000\" \/>\n\t<meta property=\"og:image:type\" content=\"image\/jpeg\" \/>\n<meta name=\"twitter:card\" content=\"summary_large_image\" \/>\n<script type=\"application\/ld+json\" class=\"yoast-schema-graph\">{\"@context\":\"https:\/\/schema.org\",\"@graph\":[{\"@type\":\"WebPage\",\"@id\":\"https:\/\/www.sigmatools.com.br\/site\/produto\/sgt-5150-127v-220v-politriz-nano-hibrida-3mm-12mm-orbita\/\",\"url\":\"https:\/\/www.sigmatools.com.br\/site\/produto\/sgt-5150-127v-220v-politriz-nano-hibrida-3mm-12mm-orbita\/\",\"name\":\"SGT-5150 - 127V\/220V - POLITRIZ NANO HIBRIDA - 3MM\/12MM ORBITA - Sigma Tools\",\"isPartOf\":{\"@id\":\"https:\/\/www.sigmatools.com.br\/site\/#website\"},\"primaryImageOfPage\":{\"@id\":\"https:\/\/www.sigmatools.com.br\/site\/produto\/sgt-5150-127v-220v-politriz-nano-hibrida-3mm-12mm-orbita\/#primaryimage\"},\"image\":{\"@id\":\"https:\/\/www.sigmatools.com.br\/site\/produto\/sgt-5150-127v-220v-politriz-nano-hibrida-3mm-12mm-orbita\/#primaryimage\"},\"thumbnailUrl\":\"https:\/\/www.sigmatools.com.br\/site\/wp-content\/uploads\/2024\/03\/Sem-Titulo-1-2.jpg\",\"datePublished\":\"2024-03-26T18:40:42+00:00\",\"dateModified\":\"2025-05-31T17:39:27+00:00\",\"description\":\"Politriz el\u00e9trica 6\\\" de dupla a\u00e7\u00e3o com 900W de pot\u00eancia ideal para polimentos refinados e \u00f3tima para lustre de superf\u00edcies automotivas.\",\"breadcrumb\":{\"@id\":\"https:\/\/www.sigmatools.com.br\/site\/produto\/sgt-5150-127v-220v-politriz-nano-hibrida-3mm-12mm-orbita\/#breadcrumb\"},\"inLanguage\":\"pt-BR\",\"potentialAction\":[{\"@type\":\"ReadAction\",\"target\":[\"https:\/\/www.sigmatools.com.br\/site\/produto\/sgt-5150-127v-220v-politriz-nano-hibrida-3mm-12mm-orbita\/\"]}]},{\"@type\":\"ImageObject\",\"inLanguage\":\"pt-BR\",\"@id\":\"https:\/\/www.sigmatools.com.br\/site\/produto\/sgt-5150-127v-220v-politriz-nano-hibrida-3mm-12mm-orbita\/#primaryimage\",\"url\":\"https:\/\/www.sigmatools.com.br\/site\/wp-content\/uploads\/2024\/03\/Sem-Titulo-1-2.jpg\",\"contentUrl\":\"https:\/\/www.sigmatools.com.br\/site\/wp-content\/uploads\/2024\/03\/Sem-Titulo-1-2.jpg\",\"width\":1000,\"height\":1000},{\"@type\":\"BreadcrumbList\",\"@id\":\"https:\/\/www.sigmatools.com.br\/site\/produto\/sgt-5150-127v-220v-politriz-nano-hibrida-3mm-12mm-orbita\/#breadcrumb\",\"itemListElement\":[{\"@type\":\"ListItem\",\"position\":1,\"name\":\"In\u00edcio\",\"item\":\"https:\/\/www.sigmatools.com.br\/site\/\"},{\"@type\":\"ListItem\",\"position\":2,\"name\":\"SGT-5150 &#8211; 127V\/220V &#8211; POLITRIZ NANO HIBRIDA &#8211; 3MM\/12MM ORBITA\"}]},{\"@type\":\"WebSite\",\"@id\":\"https:\/\/www.sigmatools.com.br\/site\/#website\",\"url\":\"https:\/\/www.sigmatools.com.br\/site\/\",\"name\":\"Sigma Tools\",\"description\":\"Equipamentos para Est\u00e9tica Automotiva e Oficina Mec\u00e2nica - Sigma Tools\",\"publisher\":{\"@id\":\"https:\/\/www.sigmatools.com.br\/site\/#organization\"},\"potentialAction\":[{\"@type\":\"SearchAction\",\"target\":{\"@type\":\"EntryPoint\",\"urlTemplate\":\"https:\/\/www.sigmatools.com.br\/site\/?s={search_term_string}\"},\"query-input\":{\"@type\":\"PropertyValueSpecification\",\"valueRequired\":true,\"valueName\":\"search_term_string\"}}],\"inLanguage\":\"pt-BR\"},{\"@type\":\"Organization\",\"@id\":\"https:\/\/www.sigmatools.com.br\/site\/#organization\",\"name\":\"SIGMA TOOLS\",\"url\":\"https:\/\/www.sigmatools.com.br\/site\/\",\"logo\":{\"@type\":\"ImageObject\",\"inLanguage\":\"pt-BR\",\"@id\":\"https:\/\/www.sigmatools.com.br\/site\/#\/schema\/logo\/image\/\",\"url\":\"https:\/\/www.sigmatools.com.br\/site\/wp-content\/uploads\/2020\/01\/logo-sigma.png\",\"contentUrl\":\"https:\/\/www.sigmatools.com.br\/site\/wp-content\/uploads\/2020\/01\/logo-sigma.png\",\"width\":152,\"height\":150,\"caption\":\"SIGMA TOOLS\"},\"image\":{\"@id\":\"https:\/\/www.sigmatools.com.br\/site\/#\/schema\/logo\/image\/\"},\"sameAs\":[\"https:\/\/www.facebook.com\/sigmatools\"]}]}<\/script>\n<!-- \/ Yoast SEO plugin. -->","yoast_head_json":{"title":"SGT-5150 - 127V\/220V - POLITRIZ NANO HIBRIDA - 3MM\/12MM ORBITA - Sigma Tools","description":"Politriz el\u00e9trica 6\" de dupla a\u00e7\u00e3o com 900W de pot\u00eancia ideal para polimentos refinados e \u00f3tima para lustre de superf\u00edcies automotivas.","robots":{"index":"index","follow":"follow","max-snippet":"max-snippet:-1","max-image-preview":"max-image-preview:large","max-video-preview":"max-video-preview:-1"},"canonical":"https:\/\/www.sigmatools.com.br\/site\/produto\/sgt-5150-127v-220v-politriz-nano-hibrida-3mm-12mm-orbita\/","og_locale":"pt_BR","og_type":"article","og_title":"SGT-5150 - 127V\/220V - POLITRIZ NANO HIBRIDA - 3MM\/12MM ORBITA - Sigma Tools","og_description":"Politriz el\u00e9trica 6\" de dupla a\u00e7\u00e3o com 900W de pot\u00eancia ideal para polimentos refinados e \u00f3tima para lustre de superf\u00edcies automotivas.","og_url":"https:\/\/www.sigmatools.com.br\/site\/produto\/sgt-5150-127v-220v-politriz-nano-hibrida-3mm-12mm-orbita\/","og_site_name":"Sigma Tools","article_publisher":"https:\/\/www.facebook.com\/sigmatools","article_modified_time":"2025-05-31T17:39:27+00:00","og_image":[{"width":1000,"height":1000,"url":"https:\/\/www.sigmatools.com.br\/site\/wp-content\/uploads\/2024\/03\/Sem-Titulo-1-2.jpg","type":"image\/jpeg"}],"twitter_card":"summary_large_image","schema":{"@context":"https:\/\/schema.org","@graph":[{"@type":"WebPage","@id":"https:\/\/www.sigmatools.com.br\/site\/produto\/sgt-5150-127v-220v-politriz-nano-hibrida-3mm-12mm-orbita\/","url":"https:\/\/www.sigmatools.com.br\/site\/produto\/sgt-5150-127v-220v-politriz-nano-hibrida-3mm-12mm-orbita\/","name":"SGT-5150 - 127V\/220V - POLITRIZ NANO HIBRIDA - 3MM\/12MM ORBITA - Sigma Tools","isPartOf":{"@id":"https:\/\/www.sigmatools.com.br\/site\/#website"},"primaryImageOfPage":{"@id":"https:\/\/www.sigmatools.com.br\/site\/produto\/sgt-5150-127v-220v-politriz-nano-hibrida-3mm-12mm-orbita\/#primaryimage"},"image":{"@id":"https:\/\/www.sigmatools.com.br\/site\/produto\/sgt-5150-127v-220v-politriz-nano-hibrida-3mm-12mm-orbita\/#primaryimage"},"thumbnailUrl":"https:\/\/www.sigmatools.com.br\/site\/wp-content\/uploads\/2024\/03\/Sem-Titulo-1-2.jpg","datePublished":"2024-03-26T18:40:42+00:00","dateModified":"2025-05-31T17:39:27+00:00","description":"Politriz el\u00e9trica 6\" de dupla a\u00e7\u00e3o com 900W de pot\u00eancia ideal para polimentos refinados e \u00f3tima para lustre de superf\u00edcies automotivas.","breadcrumb":{"@id":"https:\/\/www.sigmatools.com.br\/site\/produto\/sgt-5150-127v-220v-politriz-nano-hibrida-3mm-12mm-orbita\/#breadcrumb"},"inLanguage":"pt-BR","potentialAction":[{"@type":"ReadAction","target":["https:\/\/www.sigmatools.com.br\/site\/produto\/sgt-5150-127v-220v-politriz-nano-hibrida-3mm-12mm-orbita\/"]}]},{"@type":"ImageObject","inLanguage":"pt-BR","@id":"https:\/\/www.sigmatools.com.br\/site\/produto\/sgt-5150-127v-220v-politriz-nano-hibrida-3mm-12mm-orbita\/#primaryimage","url":"https:\/\/www.sigmatools.com.br\/site\/wp-content\/uploads\/2024\/03\/Sem-Titulo-1-2.jpg","contentUrl":"https:\/\/www.sigmatools.com.br\/site\/wp-content\/uploads\/2024\/03\/Sem-Titulo-1-2.jpg","width":1000,"height":1000},{"@type":"BreadcrumbList","@id":"https:\/\/www.sigmatools.com.br\/site\/produto\/sgt-5150-127v-220v-politriz-nano-hibrida-3mm-12mm-orbita\/#breadcrumb","itemListElement":[{"@type":"ListItem","position":1,"name":"In\u00edcio","item":"https:\/\/www.sigmatools.com.br\/site\/"},{"@type":"ListItem","position":2,"name":"SGT-5150 &#8211; 127V\/220V &#8211; POLITRIZ NANO HIBRIDA &#8211; 3MM\/12MM ORBITA"}]},{"@type":"WebSite","@id":"https:\/\/www.sigmatools.com.br\/site\/#website","url":"https:\/\/www.sigmatools.com.br\/site\/","name":"Sigma Tools","description":"Equipamentos para Est\u00e9tica Automotiva e Oficina Mec\u00e2nica - Sigma Tools","publisher":{"@id":"https:\/\/www.sigmatools.com.br\/site\/#organization"},"potentialAction":[{"@type":"SearchAction","target":{"@type":"EntryPoint","urlTemplate":"https:\/\/www.sigmatools.com.br\/site\/?s={search_term_string}"},"query-input":{"@type":"PropertyValueSpecification","valueRequired":true,"valueName":"search_term_string"}}],"inLanguage":"pt-BR"},{"@type":"Organization","@id":"https:\/\/www.sigmatools.com.br\/site\/#organization","name":"SIGMA TOOLS","url":"https:\/\/www.sigmatools.com.br\/site\/","logo":{"@type":"ImageObject","inLanguage":"pt-BR","@id":"https:\/\/www.sigmatools.com.br\/site\/#\/schema\/logo\/image\/","url":"https:\/\/www.sigmatools.com.br\/site\/wp-content\/uploads\/2020\/01\/logo-sigma.png","contentUrl":"https:\/\/www.sigmatools.com.br\/site\/wp-content\/uploads\/2020\/01\/logo-sigma.png","width":152,"height":150,"caption":"SIGMA TOOLS"},"image":{"@id":"https:\/\/www.sigmatools.com.br\/site\/#\/schema\/logo\/image\/"},"sameAs":["https:\/\/www.facebook.com\/sigmatools"]}]}},"_links":{"self":[{"href":"https:\/\/www.sigmatools.com.br\/site\/wp-json\/wp\/v2\/product\/7202","targetHints":{"allow":["GET"]}}],"collection":[{"href":"https:\/\/www.sigmatools.com.br\/site\/wp-json\/wp\/v2\/product"}],"about":[{"href":"https:\/\/www.sigmatools.com.br\/site\/wp-json\/wp\/v2\/types\/product"}],"replies":[{"embeddable":true,"href":"https:\/\/www.sigmatools.com.br\/site\/wp-json\/wp\/v2\/comments?post=7202"}],"wp:featuredmedia":[{"embeddable":true,"href":"https:\/\/www.sigmatools.com.br\/site\/wp-json\/wp\/v2\/media\/7203"}],"wp:attachment":[{"href":"https:\/\/www.sigmatools.com.br\/site\/wp-json\/wp\/v2\/media?parent=7202"}],"wp:term":[{"taxonomy":"product_brand","embeddable":true,"href":"https:\/\/www.sigmatools.com.br\/site\/wp-json\/wp\/v2\/product_brand?post=7202"},{"taxonomy":"product_cat","embeddable":true,"href":"https:\/\/www.sigmatools.com.br\/site\/wp-json\/wp\/v2\/product_cat?post=7202"},{"taxonomy":"product_tag","embeddable":true,"href":"https:\/\/www.sigmatools.com.br\/site\/wp-json\/wp\/v2\/product_tag?post=7202"}],"curies":[{"name":"wp","href":"https:\/\/api.w.org\/{rel}","templated":true}]}}