{"id":7297,"date":"2024-04-12T16:51:33","date_gmt":"2024-04-12T19:51:33","guid":{"rendered":"https:\/\/www.sigmatools.com.br\/site\/?post_type=product&#038;p=7297"},"modified":"2024-05-28T15:51:31","modified_gmt":"2024-05-28T18:51:31","slug":"sgt-8103-kit-nano-mini-politriz-nano-politriz","status":"publish","type":"product","link":"https:\/\/www.sigmatools.com.br\/site\/produto\/sgt-8103-kit-nano-mini-politriz-nano-politriz\/","title":{"rendered":"SGT-8103 &#8211; KIT NANO MINI POLITRIZ\/NANO POLITRIZ"},"content":{"rendered":"<p>[vc_row css_animation=&#8221;&#8221; row_type=&#8221;row&#8221; use_row_as_full_screen_section=&#8221;no&#8221; type=&#8221;full_width&#8221; angled_section=&#8221;no&#8221; text_align=&#8221;left&#8221; background_image_as_pattern=&#8221;without_pattern&#8221;][vc_column][\/vc_column][\/vc_row]<\/p>","protected":false},"excerpt":{"rendered":"<p><strong>C\u00f3digo do produto:<\/strong>\u00a00703810301<\/p>\n<p><strong>C\u00f3digo de barras:<\/strong> 7908276625091<\/p>\n<p>&nbsp;<\/p>\n<iframe title=\"YouTube video player\" src=\"https:\/\/www.youtube.com\/embed\/p0nooZHSczs?si=MU7kT_tN8vBdMN4Y\" width=\"560\" height=\"315\" frameborder=\"0\" allowfullscreen=\"allowfullscreen\"><\/iframe>\n<p><strong>Caracter\u00edsticas<\/strong><br \/>\n\u2022 20W de pot\u00eancia &#8211; N\u00e3o \u201camarra\u201d durante o uso;<br \/>\n\u2022 Regulagem eletr\u00f4nica &#8211; Maior precis\u00e3o;<br \/>\n\u2022 2 baterias 12V (2.0Ah, Li-Ion)<br \/>\n\u2022 Design compacto e ergon\u00f4mico;<br \/>\n\u2022 Leve e f\u00e1cil de manusear;<br \/>\n\u2022 Carregador bivolt;<br \/>\n\u2022 Maleta com acess\u00f3rios.<\/p>\n<p>&nbsp;<\/p>\n<p><strong>Acess\u00f3rios<\/strong><br \/>\nO equipamento vem acompanhado de:<\/p>\n<p>2 Baterias 4,0Ah<\/p>\n<p>1 Carregador 12V<\/p>\n<p>1 Kit de Boinas<\/p>\n<p>&nbsp;<\/p>\n<p>[button size=\"small\" icon=\"\" target=\"_blank\" text_align=\"left\" text=\"Informativo\" link=\"http:\/\/www.sigmatools.com.br\/site\/arquivos\/informativos\/SGT-8103%20-KIT%20NANO%20MINI%20POLITRIZ%20-%20NANO%20POLITRIZ.pdf\" color=\"#ffffff\" hover_color=\"#ffffff\" background_color=\"#353535\" hover_background_color=\"#dd3333\" border_color=\"#353535\" hover_border_color=\"#dd3333\"]\u00a0\u00a0 [button size=\"small\" icon=\"\" target=\"_blank\" text_align=\"left\" text=\"Vista Explodida\" link=\"https:\/\/www.sigmatools.com.br\/site\/arquivos\/vista-explodida\/SGT-8103%20-%20KIT%20NANO%20MINI%20POLITRIZ%20-%20NANO%20POLITRIZ.pdf\" color=\"#ffffff\" hover_color=\"#ffffff\" background_color=\"#353535\" hover_background_color=\"#dd3333\" border_color=\"#353535\" hover_border_color=\"#dd3333\"]<\/p>","protected":false},"featured_media":7717,"comment_status":"open","ping_status":"closed","template":"","meta":{"_jet_sm_ready_style":"","_jet_sm_style":"","_jet_sm_controls_values":"","_jet_sm_fonts_collection":"","_jet_sm_fonts_links":""},"product_brand":[],"product_cat":[218,60,91,15],"product_tag":[],"class_list":{"0":"post-7297","1":"product","2":"type-product","3":"status-publish","4":"has-post-thumbnail","6":"product_cat-destaque","7":"product_cat-catalogo-geral","8":"product_cat-estetica-automotiva","9":"product_cat-sigma-tools","11":"first","12":"instock","13":"featured","14":"shipping-taxable","15":"product-type-simple"},"yoast_head":"<!-- This site is optimized with the Yoast SEO plugin v27.1.1 - https:\/\/yoast.com\/product\/yoast-seo-wordpress\/ -->\n<title>SGT-8103 - KIT NANO MINI POLITRIZ\/NANO POLITRIZ - Sigma Tools<\/title>\n<meta name=\"description\" content=\"Politriz el\u00e9trica 6&quot; de dupla a\u00e7\u00e3o com 900W de pot\u00eancia ideal para polimentos refinados e \u00f3tima para lustre de superf\u00edcies automotivas.\" \/>\n<meta name=\"robots\" content=\"index, follow, max-snippet:-1, max-image-preview:large, max-video-preview:-1\" \/>\n<link rel=\"canonical\" href=\"https:\/\/www.sigmatools.com.br\/site\/produto\/sgt-8103-kit-nano-mini-politriz-nano-politriz\/\" \/>\n<meta property=\"og:locale\" content=\"pt_BR\" \/>\n<meta property=\"og:type\" content=\"article\" \/>\n<meta property=\"og:title\" content=\"SGT-8103 - KIT NANO MINI POLITRIZ\/NANO POLITRIZ - Sigma Tools\" \/>\n<meta property=\"og:description\" content=\"Politriz el\u00e9trica 6&quot; de dupla a\u00e7\u00e3o com 900W de pot\u00eancia ideal para polimentos refinados e \u00f3tima para lustre de superf\u00edcies automotivas.\" \/>\n<meta property=\"og:url\" content=\"https:\/\/www.sigmatools.com.br\/site\/produto\/sgt-8103-kit-nano-mini-politriz-nano-politriz\/\" \/>\n<meta property=\"og:site_name\" content=\"Sigma Tools\" \/>\n<meta property=\"article:publisher\" content=\"https:\/\/www.facebook.com\/sigmatools\" \/>\n<meta property=\"article:modified_time\" content=\"2024-05-28T18:51:31+00:00\" \/>\n<meta property=\"og:image\" content=\"https:\/\/www.sigmatools.com.br\/site\/wp-content\/uploads\/2024\/04\/1-10.jpg\" \/>\n\t<meta property=\"og:image:width\" content=\"1000\" \/>\n\t<meta property=\"og:image:height\" content=\"1000\" \/>\n\t<meta property=\"og:image:type\" content=\"image\/jpeg\" \/>\n<meta name=\"twitter:card\" content=\"summary_large_image\" \/>\n<script type=\"application\/ld+json\" class=\"yoast-schema-graph\">{\"@context\":\"https:\/\/schema.org\",\"@graph\":[{\"@type\":\"WebPage\",\"@id\":\"https:\/\/www.sigmatools.com.br\/site\/produto\/sgt-8103-kit-nano-mini-politriz-nano-politriz\/\",\"url\":\"https:\/\/www.sigmatools.com.br\/site\/produto\/sgt-8103-kit-nano-mini-politriz-nano-politriz\/\",\"name\":\"SGT-8103 - KIT NANO MINI POLITRIZ\/NANO POLITRIZ - Sigma Tools\",\"isPartOf\":{\"@id\":\"https:\/\/www.sigmatools.com.br\/site\/#website\"},\"primaryImageOfPage\":{\"@id\":\"https:\/\/www.sigmatools.com.br\/site\/produto\/sgt-8103-kit-nano-mini-politriz-nano-politriz\/#primaryimage\"},\"image\":{\"@id\":\"https:\/\/www.sigmatools.com.br\/site\/produto\/sgt-8103-kit-nano-mini-politriz-nano-politriz\/#primaryimage\"},\"thumbnailUrl\":\"https:\/\/www.sigmatools.com.br\/site\/wp-content\/uploads\/2024\/04\/1-10.jpg\",\"datePublished\":\"2024-04-12T19:51:33+00:00\",\"dateModified\":\"2024-05-28T18:51:31+00:00\",\"description\":\"Politriz el\u00e9trica 6\\\" de dupla a\u00e7\u00e3o com 900W de pot\u00eancia ideal para polimentos refinados e \u00f3tima para lustre de superf\u00edcies automotivas.\",\"breadcrumb\":{\"@id\":\"https:\/\/www.sigmatools.com.br\/site\/produto\/sgt-8103-kit-nano-mini-politriz-nano-politriz\/#breadcrumb\"},\"inLanguage\":\"pt-BR\",\"potentialAction\":[{\"@type\":\"ReadAction\",\"target\":[\"https:\/\/www.sigmatools.com.br\/site\/produto\/sgt-8103-kit-nano-mini-politriz-nano-politriz\/\"]}]},{\"@type\":\"ImageObject\",\"inLanguage\":\"pt-BR\",\"@id\":\"https:\/\/www.sigmatools.com.br\/site\/produto\/sgt-8103-kit-nano-mini-politriz-nano-politriz\/#primaryimage\",\"url\":\"https:\/\/www.sigmatools.com.br\/site\/wp-content\/uploads\/2024\/04\/1-10.jpg\",\"contentUrl\":\"https:\/\/www.sigmatools.com.br\/site\/wp-content\/uploads\/2024\/04\/1-10.jpg\",\"width\":1000,\"height\":1000},{\"@type\":\"BreadcrumbList\",\"@id\":\"https:\/\/www.sigmatools.com.br\/site\/produto\/sgt-8103-kit-nano-mini-politriz-nano-politriz\/#breadcrumb\",\"itemListElement\":[{\"@type\":\"ListItem\",\"position\":1,\"name\":\"In\u00edcio\",\"item\":\"https:\/\/www.sigmatools.com.br\/site\/\"},{\"@type\":\"ListItem\",\"position\":2,\"name\":\"SGT-8103 &#8211; KIT NANO MINI POLITRIZ\/NANO POLITRIZ\"}]},{\"@type\":\"WebSite\",\"@id\":\"https:\/\/www.sigmatools.com.br\/site\/#website\",\"url\":\"https:\/\/www.sigmatools.com.br\/site\/\",\"name\":\"Sigma Tools\",\"description\":\"Equipamentos para Est\u00e9tica Automotiva e Oficina Mec\u00e2nica - Sigma Tools\",\"publisher\":{\"@id\":\"https:\/\/www.sigmatools.com.br\/site\/#organization\"},\"potentialAction\":[{\"@type\":\"SearchAction\",\"target\":{\"@type\":\"EntryPoint\",\"urlTemplate\":\"https:\/\/www.sigmatools.com.br\/site\/?s={search_term_string}\"},\"query-input\":{\"@type\":\"PropertyValueSpecification\",\"valueRequired\":true,\"valueName\":\"search_term_string\"}}],\"inLanguage\":\"pt-BR\"},{\"@type\":\"Organization\",\"@id\":\"https:\/\/www.sigmatools.com.br\/site\/#organization\",\"name\":\"SIGMA TOOLS\",\"url\":\"https:\/\/www.sigmatools.com.br\/site\/\",\"logo\":{\"@type\":\"ImageObject\",\"inLanguage\":\"pt-BR\",\"@id\":\"https:\/\/www.sigmatools.com.br\/site\/#\/schema\/logo\/image\/\",\"url\":\"https:\/\/www.sigmatools.com.br\/site\/wp-content\/uploads\/2020\/01\/logo-sigma.png\",\"contentUrl\":\"https:\/\/www.sigmatools.com.br\/site\/wp-content\/uploads\/2020\/01\/logo-sigma.png\",\"width\":152,\"height\":150,\"caption\":\"SIGMA TOOLS\"},\"image\":{\"@id\":\"https:\/\/www.sigmatools.com.br\/site\/#\/schema\/logo\/image\/\"},\"sameAs\":[\"https:\/\/www.facebook.com\/sigmatools\"]}]}<\/script>\n<!-- \/ Yoast SEO plugin. -->","yoast_head_json":{"title":"SGT-8103 - KIT NANO MINI POLITRIZ\/NANO POLITRIZ - Sigma Tools","description":"Politriz el\u00e9trica 6\" de dupla a\u00e7\u00e3o com 900W de pot\u00eancia ideal para polimentos refinados e \u00f3tima para lustre de superf\u00edcies automotivas.","robots":{"index":"index","follow":"follow","max-snippet":"max-snippet:-1","max-image-preview":"max-image-preview:large","max-video-preview":"max-video-preview:-1"},"canonical":"https:\/\/www.sigmatools.com.br\/site\/produto\/sgt-8103-kit-nano-mini-politriz-nano-politriz\/","og_locale":"pt_BR","og_type":"article","og_title":"SGT-8103 - KIT NANO MINI POLITRIZ\/NANO POLITRIZ - Sigma Tools","og_description":"Politriz el\u00e9trica 6\" de dupla a\u00e7\u00e3o com 900W de pot\u00eancia ideal para polimentos refinados e \u00f3tima para lustre de superf\u00edcies automotivas.","og_url":"https:\/\/www.sigmatools.com.br\/site\/produto\/sgt-8103-kit-nano-mini-politriz-nano-politriz\/","og_site_name":"Sigma Tools","article_publisher":"https:\/\/www.facebook.com\/sigmatools","article_modified_time":"2024-05-28T18:51:31+00:00","og_image":[{"width":1000,"height":1000,"url":"https:\/\/www.sigmatools.com.br\/site\/wp-content\/uploads\/2024\/04\/1-10.jpg","type":"image\/jpeg"}],"twitter_card":"summary_large_image","schema":{"@context":"https:\/\/schema.org","@graph":[{"@type":"WebPage","@id":"https:\/\/www.sigmatools.com.br\/site\/produto\/sgt-8103-kit-nano-mini-politriz-nano-politriz\/","url":"https:\/\/www.sigmatools.com.br\/site\/produto\/sgt-8103-kit-nano-mini-politriz-nano-politriz\/","name":"SGT-8103 - KIT NANO MINI POLITRIZ\/NANO POLITRIZ - Sigma Tools","isPartOf":{"@id":"https:\/\/www.sigmatools.com.br\/site\/#website"},"primaryImageOfPage":{"@id":"https:\/\/www.sigmatools.com.br\/site\/produto\/sgt-8103-kit-nano-mini-politriz-nano-politriz\/#primaryimage"},"image":{"@id":"https:\/\/www.sigmatools.com.br\/site\/produto\/sgt-8103-kit-nano-mini-politriz-nano-politriz\/#primaryimage"},"thumbnailUrl":"https:\/\/www.sigmatools.com.br\/site\/wp-content\/uploads\/2024\/04\/1-10.jpg","datePublished":"2024-04-12T19:51:33+00:00","dateModified":"2024-05-28T18:51:31+00:00","description":"Politriz el\u00e9trica 6\" de dupla a\u00e7\u00e3o com 900W de pot\u00eancia ideal para polimentos refinados e \u00f3tima para lustre de superf\u00edcies automotivas.","breadcrumb":{"@id":"https:\/\/www.sigmatools.com.br\/site\/produto\/sgt-8103-kit-nano-mini-politriz-nano-politriz\/#breadcrumb"},"inLanguage":"pt-BR","potentialAction":[{"@type":"ReadAction","target":["https:\/\/www.sigmatools.com.br\/site\/produto\/sgt-8103-kit-nano-mini-politriz-nano-politriz\/"]}]},{"@type":"ImageObject","inLanguage":"pt-BR","@id":"https:\/\/www.sigmatools.com.br\/site\/produto\/sgt-8103-kit-nano-mini-politriz-nano-politriz\/#primaryimage","url":"https:\/\/www.sigmatools.com.br\/site\/wp-content\/uploads\/2024\/04\/1-10.jpg","contentUrl":"https:\/\/www.sigmatools.com.br\/site\/wp-content\/uploads\/2024\/04\/1-10.jpg","width":1000,"height":1000},{"@type":"BreadcrumbList","@id":"https:\/\/www.sigmatools.com.br\/site\/produto\/sgt-8103-kit-nano-mini-politriz-nano-politriz\/#breadcrumb","itemListElement":[{"@type":"ListItem","position":1,"name":"In\u00edcio","item":"https:\/\/www.sigmatools.com.br\/site\/"},{"@type":"ListItem","position":2,"name":"SGT-8103 &#8211; KIT NANO MINI POLITRIZ\/NANO POLITRIZ"}]},{"@type":"WebSite","@id":"https:\/\/www.sigmatools.com.br\/site\/#website","url":"https:\/\/www.sigmatools.com.br\/site\/","name":"Sigma Tools","description":"Equipamentos para Est\u00e9tica Automotiva e Oficina Mec\u00e2nica - Sigma Tools","publisher":{"@id":"https:\/\/www.sigmatools.com.br\/site\/#organization"},"potentialAction":[{"@type":"SearchAction","target":{"@type":"EntryPoint","urlTemplate":"https:\/\/www.sigmatools.com.br\/site\/?s={search_term_string}"},"query-input":{"@type":"PropertyValueSpecification","valueRequired":true,"valueName":"search_term_string"}}],"inLanguage":"pt-BR"},{"@type":"Organization","@id":"https:\/\/www.sigmatools.com.br\/site\/#organization","name":"SIGMA TOOLS","url":"https:\/\/www.sigmatools.com.br\/site\/","logo":{"@type":"ImageObject","inLanguage":"pt-BR","@id":"https:\/\/www.sigmatools.com.br\/site\/#\/schema\/logo\/image\/","url":"https:\/\/www.sigmatools.com.br\/site\/wp-content\/uploads\/2020\/01\/logo-sigma.png","contentUrl":"https:\/\/www.sigmatools.com.br\/site\/wp-content\/uploads\/2020\/01\/logo-sigma.png","width":152,"height":150,"caption":"SIGMA TOOLS"},"image":{"@id":"https:\/\/www.sigmatools.com.br\/site\/#\/schema\/logo\/image\/"},"sameAs":["https:\/\/www.facebook.com\/sigmatools"]}]}},"_links":{"self":[{"href":"https:\/\/www.sigmatools.com.br\/site\/wp-json\/wp\/v2\/product\/7297","targetHints":{"allow":["GET"]}}],"collection":[{"href":"https:\/\/www.sigmatools.com.br\/site\/wp-json\/wp\/v2\/product"}],"about":[{"href":"https:\/\/www.sigmatools.com.br\/site\/wp-json\/wp\/v2\/types\/product"}],"replies":[{"embeddable":true,"href":"https:\/\/www.sigmatools.com.br\/site\/wp-json\/wp\/v2\/comments?post=7297"}],"wp:featuredmedia":[{"embeddable":true,"href":"https:\/\/www.sigmatools.com.br\/site\/wp-json\/wp\/v2\/media\/7717"}],"wp:attachment":[{"href":"https:\/\/www.sigmatools.com.br\/site\/wp-json\/wp\/v2\/media?parent=7297"}],"wp:term":[{"taxonomy":"product_brand","embeddable":true,"href":"https:\/\/www.sigmatools.com.br\/site\/wp-json\/wp\/v2\/product_brand?post=7297"},{"taxonomy":"product_cat","embeddable":true,"href":"https:\/\/www.sigmatools.com.br\/site\/wp-json\/wp\/v2\/product_cat?post=7297"},{"taxonomy":"product_tag","embeddable":true,"href":"https:\/\/www.sigmatools.com.br\/site\/wp-json\/wp\/v2\/product_tag?post=7297"}],"curies":[{"name":"wp","href":"https:\/\/api.w.org\/{rel}","templated":true}]}}